{"id":7076,"date":"2018-10-17T04:10:47","date_gmt":"2018-10-17T04:10:47","guid":{"rendered":"https:\/\/peryhome.com\/versandmethode\/"},"modified":"2024-12-09T23:21:15","modified_gmt":"2024-12-09T23:21:15","slug":"versandmethode","status":"publish","type":"page","link":"https:\/\/peryhome.com\/de\/versandmethode\/","title":{"rendered":"Versandmethode"},"content":{"rendered":"\t\t<div data-elementor-type=\"wp-post\" data-elementor-id=\"7076\" class=\"elementor elementor-7076\" data-elementor-post-type=\"page\">\n\t\t\t\t\t\t<section class=\"elementor-section elementor-top-section elementor-element elementor-element-c9ca4ff elementor-section-boxed elementor-section-height-default elementor-section-height-default\" data-id=\"c9ca4ff\" data-element_type=\"section\">\n\t\t\t\t\t\t<div class=\"elementor-container elementor-column-gap-no\">\n\t\t\t\t\t<div class=\"elementor-column elementor-col-100 elementor-top-column elementor-element elementor-element-d0f17bb\" data-id=\"d0f17bb\" data-element_type=\"column\">\n\t\t\t<div class=\"elementor-widget-wrap elementor-element-populated\">\n\t\t\t\t\t\t<section class=\"elementor-section elementor-inner-section elementor-element elementor-element-feb9526 elementor-section-boxed elementor-section-height-default elementor-section-height-default\" data-id=\"feb9526\" data-element_type=\"section\">\n\t\t\t\t\t\t<div class=\"elementor-container elementor-column-gap-no\">\n\t\t\t\t\t<div class=\"elementor-column elementor-col-100 elementor-inner-column elementor-element elementor-element-4a5ae86 animated-fast elementor-invisible\" data-id=\"4a5ae86\" data-element_type=\"column\" data-settings=\"{&quot;animation&quot;:&quot;opal-move-up&quot;}\">\n\t\t\t<div class=\"elementor-widget-wrap elementor-element-populated\">\n\t\t\t\t\t\t<div class=\"elementor-element elementor-element-1b6a792 elementor-widget elementor-widget-heading\" data-id=\"1b6a792\" data-element_type=\"widget\" data-widget_type=\"heading.default\">\n\t\t\t\t<div class=\"elementor-widget-container\">\n\t\t\t\t\t<h2 class=\"elementor-heading-title elementor-size-default\">Europa Lieferung<\/h2>\t\t\t\t<\/div>\n\t\t\t\t<\/div>\n\t\t\t\t<div class=\"elementor-element elementor-element-c36b67a elementor-widget elementor-widget-text-editor\" data-id=\"c36b67a\" data-element_type=\"widget\" data-widget_type=\"text-editor.default\">\n\t\t\t\t<div class=\"elementor-widget-container\">\n\t\t\t\t\t\t\t<div class=\"elementor-text-editor elementor-clearfix\"><p>Wir bieten einen Europa-Standard- und Europa-N\u00e4chster-Tag-Service an.<\/p>\n<\/div>\n\t\t\t\t\t\t<\/div>\n\t\t\t\t<\/div>\n\t\t\t\t<div class=\"elementor-element elementor-element-3c4c8ee elementor-widget elementor-widget-opal-table\" data-id=\"3c4c8ee\" data-element_type=\"widget\" data-widget_type=\"opal-table.default\">\n\t\t\t\t<div class=\"elementor-widget-container\">\n\t\t\t\t\t\n        <div class=\"opal-table-wrap\">\n                        <table class=\"opal-table\" data-settings=\"{&quot;sort&quot;:false,&quot;sortMob&quot;:false,&quot;search&quot;:false,&quot;dataType&quot;:&quot;custom&quot;,&quot;csvFile&quot;:&quot;&quot;}\">\n\n                \n        <thead class=\"opal-table-head\">\n\n        <tr class=\"opal-table-row\">\n\n            <th class=\"opal-table-cell elementor-repeater-item-3fe4e16\"><span class=\"opal-table-text\"><span class=\"opal-table-inner\">Delivery Option <\/span><\/span><\/th><th class=\"opal-table-cell elementor-repeater-item-f2ba561\"><span class=\"opal-table-text\"><span class=\"opal-table-inner\">Time<\/span><\/span><\/th><th class=\"opal-table-cell elementor-repeater-item-90ba222\"><span class=\"opal-table-text\"><span class=\"opal-table-inner\">Cost<\/span><\/span><\/th>\n        <\/tr>\n\n        <\/thead>\n\n                    \n        <tbody class=\"opal-table-body\">\n                <tr class=\"opal-table-row elementor-repeater-item-c82d63b\"><td class=\"opal-table-cell elementor-repeater-item-b8595c1\" id=\"b8595c1\"><span class=\"opal-table-text\"><span class=\"opal-table-inner\">Europe Standard Delivery<\/span><\/span><\/span><\/td><td class=\"opal-table-cell elementor-repeater-item-42d59f6\" id=\"42d59f6\"><span class=\"opal-table-text\"><span class=\"opal-table-inner\">3-5 working days<\/span><\/span><\/span><\/td><td class=\"opal-table-cell elementor-repeater-item-16dee8e\" id=\"16dee8e\"><span class=\"opal-table-text\"><span class=\"opal-table-inner\">FREE<\/span><\/span><\/span><\/td>        <\/tr>\n        <\/tbody>\n\n    \n            <\/table>\n        <\/div>\n\n    \t\t\t\t<\/div>\n\t\t\t\t<\/div>\n\t\t\t\t<div class=\"elementor-element elementor-element-6601a1f elementor-widget elementor-widget-text-editor\" data-id=\"6601a1f\" data-element_type=\"widget\" data-widget_type=\"text-editor.default\">\n\t\t\t\t<div class=\"elementor-widget-container\">\n\t\t\t\t\t\t\t<div class=\"elementor-text-editor elementor-clearfix\"><p>Bitte beachten Sie, dass alle Bestellungen von PeryHome verschickt werden.<\/p>\n<\/div>\n\t\t\t\t\t\t<\/div>\n\t\t\t\t<\/div>\n\t\t\t\t\t<\/div>\n\t\t<\/div>\n\t\t\t\t\t<\/div>\n\t\t<\/section>\n\t\t\t\t<section class=\"elementor-section elementor-inner-section elementor-element elementor-element-d13296b elementor-section-boxed elementor-section-height-default elementor-section-height-default\" data-id=\"d13296b\" data-element_type=\"section\">\n\t\t\t\t\t\t<div class=\"elementor-container elementor-column-gap-no\">\n\t\t\t\t\t<div class=\"elementor-column elementor-col-100 elementor-inner-column elementor-element elementor-element-34b8752 animated-fast elementor-invisible\" data-id=\"34b8752\" data-element_type=\"column\" data-settings=\"{&quot;animation&quot;:&quot;opal-move-up&quot;}\">\n\t\t\t<div class=\"elementor-widget-wrap elementor-element-populated\">\n\t\t\t\t\t\t<div class=\"elementor-element elementor-element-2ec3319 elementor-widget elementor-widget-heading\" data-id=\"2ec3319\" data-element_type=\"widget\" data-widget_type=\"heading.default\">\n\t\t\t\t<div class=\"elementor-widget-container\">\n\t\t\t\t\t<h2 class=\"elementor-heading-title elementor-size-default\">Europa Standardlieferung<\/h2>\t\t\t\t<\/div>\n\t\t\t\t<\/div>\n\t\t\t\t<div class=\"elementor-element elementor-element-f435c5d elementor-widget elementor-widget-text-editor\" data-id=\"f435c5d\" data-element_type=\"widget\" data-widget_type=\"text-editor.default\">\n\t\t\t\t<div class=\"elementor-widget-container\">\n\t\t\t\t\t\t\t<div class=\"elementor-text-editor elementor-clearfix\"><p>Standard-Europa-Bestellungen werden KOSTENLOS geliefert<\/p>\n<\/div>\n\t\t\t\t\t\t<\/div>\n\t\t\t\t<\/div>\n\t\t\t\t<div class=\"elementor-element elementor-element-91a3024 elementor-widget elementor-widget-text-editor\" data-id=\"91a3024\" data-element_type=\"widget\" data-widget_type=\"text-editor.default\">\n\t\t\t\t<div class=\"elementor-widget-container\">\n\t\t\t\t\t\t\t<div class=\"elementor-text-editor elementor-clearfix\"><p>Die Zustellung erfolgt von Montag bis Samstag durch DPD, und es muss jemand vor Ort sein, um die Lieferung zu quittieren.<\/p>\n<\/div>\n\t\t\t\t\t\t<\/div>\n\t\t\t\t<\/div>\n\t\t\t\t<div class=\"elementor-element elementor-element-572f6eb elementor-widget elementor-widget-text-editor\" data-id=\"572f6eb\" data-element_type=\"widget\" data-widget_type=\"text-editor.default\">\n\t\t\t\t<div class=\"elementor-widget-container\">\n\t\t\t\t\t\t\t<div class=\"elementor-text-editor elementor-clearfix\"><p>Sie k\u00f6nnen den Fortschritt Ihrer Lieferung \u00fcber den Link in Ihrer Bestellbest\u00e4tigungs-E-Mail verfolgen.<\/p>\n<\/div>\n\t\t\t\t\t\t<\/div>\n\t\t\t\t<\/div>\n\t\t\t\t<div class=\"elementor-element elementor-element-8a725b2 elementor-widget elementor-widget-text-editor\" data-id=\"8a725b2\" data-element_type=\"widget\" data-widget_type=\"text-editor.default\">\n\t\t\t\t<div class=\"elementor-widget-container\">\n\t\t\t\t\t\t\t<div class=\"elementor-text-editor elementor-clearfix\"><p>Bitte beachten Sie, dass es bis zu zwei Arbeitstage dauern kann, bis der erste Status im System zur Auftragsverfolgung verf\u00fcgbar ist.<\/p>\n<\/div>\n\t\t\t\t\t\t<\/div>\n\t\t\t\t<\/div>\n\t\t\t\t\t<\/div>\n\t\t<\/div>\n\t\t\t\t\t<\/div>\n\t\t<\/section>\n\t\t\t\t<section class=\"elementor-section elementor-inner-section elementor-element elementor-element-f906046 elementor-section-boxed elementor-section-height-default elementor-section-height-default\" data-id=\"f906046\" data-element_type=\"section\">\n\t\t\t\t\t\t<div class=\"elementor-container elementor-column-gap-no\">\n\t\t\t\t\t<div class=\"elementor-column elementor-col-100 elementor-inner-column elementor-element elementor-element-e051eaf\" data-id=\"e051eaf\" data-element_type=\"column\">\n\t\t\t<div class=\"elementor-widget-wrap\">\n\t\t\t\t\t\t\t<\/div>\n\t\t<\/div>\n\t\t\t\t\t<\/div>\n\t\t<\/section>\n\t\t\t\t\t<\/div>\n\t\t<\/div>\n\t\t\t\t\t<\/div>\n\t\t<\/section>\n\t\t\t\t<section class=\"elementor-section elementor-top-section elementor-element elementor-element-568fc03 elementor-section-stretched elementor-section-boxed elementor-section-height-default elementor-section-height-default\" data-id=\"568fc03\" data-element_type=\"section\" data-settings=\"{&quot;stretch_section&quot;:&quot;section-stretched&quot;}\">\n\t\t\t\t\t\t<div class=\"elementor-container elementor-column-gap-no\">\n\t\t\t\t\t<div class=\"elementor-column elementor-col-100 elementor-top-column elementor-element elementor-element-7dec5ea animated-fast elementor-invisible\" data-id=\"7dec5ea\" data-element_type=\"column\" data-settings=\"{&quot;animation&quot;:&quot;opal-move-up&quot;}\">\n\t\t\t<div class=\"elementor-widget-wrap elementor-element-populated\">\n\t\t\t\t\t\t<div class=\"elementor-element elementor-element-672e5e9 elementor-widget elementor-widget-heading\" data-id=\"672e5e9\" data-element_type=\"widget\" data-widget_type=\"heading.default\">\n\t\t\t\t<div class=\"elementor-widget-container\">\n\t\t\t\t\t<h2 class=\"elementor-heading-title elementor-size-default\">Brauchen Sie Unterst\u00fctzung?<\/h2>\t\t\t\t<\/div>\n\t\t\t\t<\/div>\n\t\t\t\t<section class=\"elementor-section elementor-inner-section elementor-element elementor-element-d4cb899 elementor-section-full_width animated-fast elementor-section-height-default elementor-section-height-default elementor-invisible\" data-id=\"d4cb899\" data-element_type=\"section\" data-settings=\"{&quot;animation&quot;:&quot;opal-move-up&quot;}\">\n\t\t\t\t\t\t<div class=\"elementor-container elementor-column-gap-no\">\n\t\t\t\t\t<div class=\"elementor-column elementor-col-33 elementor-inner-column elementor-element elementor-element-98741e5\" data-id=\"98741e5\" data-element_type=\"column\">\n\t\t\t<div class=\"elementor-widget-wrap elementor-element-populated\">\n\t\t\t\t\t\t<div class=\"elementor-element elementor-element-0c274a8 elementor-view-default elementor-position-top elementor-mobile-position-top elementor-widget elementor-widget-icon-box\" data-id=\"0c274a8\" data-element_type=\"widget\" data-widget_type=\"icon-box.default\">\n\t\t\t\t<div class=\"elementor-widget-container\">\n\t\t\t\t\t\t\t<div class=\"elementor-icon-box-wrapper\">\n\n\t\t\t\t\t\t<div class=\"elementor-icon-box-icon\">\n\t\t\t\t<a href=\"https:\/\/wa.me\/48453099877\" class=\"elementor-icon\" tabindex=\"-1\" aria-label=\"Chat-Unterst\u00fctzung\">\n\t\t\t\t<i aria-hidden=\"true\" class=\"opal-icon- opal-icon-chat-support\"><\/i>\t\t\t\t<\/a>\n\t\t\t<\/div>\n\t\t\t\n\t\t\t\t\t\t<div class=\"elementor-icon-box-content\">\n\n\t\t\t\t\t\t\t\t\t<h3 class=\"elementor-icon-box-title\">\n\t\t\t\t\t\t<a href=\"https:\/\/wa.me\/48453099877\" >\n\t\t\t\t\t\t\tChat-Unterst\u00fctzung\t\t\t\t\t\t<\/a>\n\t\t\t\t\t<\/h3>\n\t\t\t\t\n\t\t\t\t\n\t\t\t<\/div>\n\t\t\t\n\t\t<\/div>\n\t\t\t\t\t\t<\/div>\n\t\t\t\t<\/div>\n\t\t\t\t\t<\/div>\n\t\t<\/div>\n\t\t\t\t<div class=\"elementor-column elementor-col-33 elementor-inner-column elementor-element elementor-element-ca345f0\" data-id=\"ca345f0\" data-element_type=\"column\">\n\t\t\t<div class=\"elementor-widget-wrap elementor-element-populated\">\n\t\t\t\t\t\t<div class=\"elementor-element elementor-element-a7b1c24 elementor-view-default elementor-position-top elementor-mobile-position-top elementor-widget elementor-widget-icon-box\" data-id=\"a7b1c24\" data-element_type=\"widget\" data-widget_type=\"icon-box.default\">\n\t\t\t\t<div class=\"elementor-widget-container\">\n\t\t\t\t\t\t\t<div class=\"elementor-icon-box-wrapper\">\n\n\t\t\t\t\t\t<div class=\"elementor-icon-box-icon\">\n\t\t\t\t<a href=\"tel:+48-453-099-877\" class=\"elementor-icon\" tabindex=\"-1\" aria-label=\"Telefon Berater\">\n\t\t\t\t<i aria-hidden=\"true\" class=\"opal-icon- opal-icon-phone-support\"><\/i>\t\t\t\t<\/a>\n\t\t\t<\/div>\n\t\t\t\n\t\t\t\t\t\t<div class=\"elementor-icon-box-content\">\n\n\t\t\t\t\t\t\t\t\t<h3 class=\"elementor-icon-box-title\">\n\t\t\t\t\t\t<a href=\"tel:+48-453-099-877\" >\n\t\t\t\t\t\t\tTelefon Berater\t\t\t\t\t\t<\/a>\n\t\t\t\t\t<\/h3>\n\t\t\t\t\n\t\t\t\t\n\t\t\t<\/div>\n\t\t\t\n\t\t<\/div>\n\t\t\t\t\t\t<\/div>\n\t\t\t\t<\/div>\n\t\t\t\t\t<\/div>\n\t\t<\/div>\n\t\t\t\t<div class=\"elementor-column elementor-col-33 elementor-inner-column elementor-element elementor-element-3d867ea\" data-id=\"3d867ea\" data-element_type=\"column\">\n\t\t\t<div class=\"elementor-widget-wrap elementor-element-populated\">\n\t\t\t\t\t\t<div class=\"elementor-element elementor-element-8be26a2 elementor-view-default elementor-position-top elementor-mobile-position-top elementor-widget elementor-widget-icon-box\" data-id=\"8be26a2\" data-element_type=\"widget\" data-widget_type=\"icon-box.default\">\n\t\t\t\t<div class=\"elementor-widget-container\">\n\t\t\t\t\t\t\t<div class=\"elementor-icon-box-wrapper\">\n\n\t\t\t\t\t\t<div class=\"elementor-icon-box-icon\">\n\t\t\t\t<a href=\"https:\/\/peryhome.com\/de\/kontaktieren-sie-uns\/\" class=\"elementor-icon\" tabindex=\"-1\" aria-label=\"Besuchen Sie unser Forum\">\n\t\t\t\t<i aria-hidden=\"true\" class=\"opal-icon- opal-icon-forum\"><\/i>\t\t\t\t<\/a>\n\t\t\t<\/div>\n\t\t\t\n\t\t\t\t\t\t<div class=\"elementor-icon-box-content\">\n\n\t\t\t\t\t\t\t\t\t<h3 class=\"elementor-icon-box-title\">\n\t\t\t\t\t\t<a href=\"https:\/\/peryhome.com\/de\/kontaktieren-sie-uns\/\" >\n\t\t\t\t\t\t\tBesuchen Sie unser Forum\t\t\t\t\t\t<\/a>\n\t\t\t\t\t<\/h3>\n\t\t\t\t\n\t\t\t\t\n\t\t\t<\/div>\n\t\t\t\n\t\t<\/div>\n\t\t\t\t\t\t<\/div>\n\t\t\t\t<\/div>\n\t\t\t\t\t<\/div>\n\t\t<\/div>\n\t\t\t\t\t<\/div>\n\t\t<\/section>\n\t\t\t\t\t<\/div>\n\t\t<\/div>\n\t\t\t\t\t<\/div>\n\t\t<\/section>\n\t\t\t\t<\/div>\n\t\t","protected":false},"excerpt":{"rendered":"<p>Europa Lieferung Wir bieten einen Europa-Standard- und Europa-N\u00e4chster-Tag-Service an. Delivery Option Time Cost Europe Standard Delivery 3-5 working days FREE Bitte beachten Sie, dass alle Bestellungen von PeryHome verschickt werden. Europa Standardlieferung Standard-Europa-Bestellungen werden KOSTENLOS geliefert Die Zustellung erfolgt von Montag bis Samstag durch DPD, und es muss jemand vor Ort sein, um die Lieferung &hellip; <\/p>\n<p class=\"link-more\"><a href=\"https:\/\/peryhome.com\/de\/versandmethode\/\" class=\"more-link\">Read More <span class=\"screen-reader-text\"> &#8222;Versandmethode&#8220;<\/span><\/a><\/p>\n","protected":false},"author":1,"featured_media":0,"parent":0,"menu_order":0,"comment_status":"closed","ping_status":"closed","template":"","meta":{"_monsterinsights_skip_tracking":false,"_monsterinsights_sitenote_active":false,"_monsterinsights_sitenote_note":"","_monsterinsights_sitenote_category":0,"footnotes":""},"class_list":["post-7076","page","type-page","status-publish","hentry"],"yoast_head":"<!-- This site is optimized with the Yoast SEO plugin v24.1 - https:\/\/yoast.com\/wordpress\/plugins\/seo\/ -->\n<title>Versandmethode - PeryHome<\/title>\n<meta name=\"robots\" content=\"index, follow, max-snippet:-1, max-image-preview:large, max-video-preview:-1\" \/>\n<link rel=\"canonical\" href=\"https:\/\/peryhome.com\/de\/versandmethode\/\" \/>\n<meta property=\"og:locale\" content=\"de_DE\" \/>\n<meta property=\"og:type\" content=\"article\" \/>\n<meta property=\"og:title\" content=\"Versandmethode - PeryHome\" \/>\n<meta property=\"og:description\" content=\"Europa Lieferung Wir bieten einen Europa-Standard- und Europa-N\u00e4chster-Tag-Service an. Delivery Option Time Cost Europe Standard Delivery 3-5 working days FREE Bitte beachten Sie, dass alle Bestellungen von PeryHome verschickt werden. Europa Standardlieferung Standard-Europa-Bestellungen werden KOSTENLOS geliefert Die Zustellung erfolgt von Montag bis Samstag durch DPD, und es muss jemand vor Ort sein, um die Lieferung &hellip; Read More &quot;Versandmethode&quot;\" \/>\n<meta property=\"og:url\" content=\"https:\/\/peryhome.com\/de\/versandmethode\/\" \/>\n<meta property=\"og:site_name\" content=\"PeryHome\" \/>\n<meta property=\"article:publisher\" content=\"https:\/\/www.facebook.com\/profile.php?id=61566312622555\" \/>\n<meta property=\"article:modified_time\" content=\"2024-12-09T23:21:15+00:00\" \/>\n<meta name=\"twitter:card\" content=\"summary_large_image\" \/>\n<meta name=\"twitter:label1\" content=\"Gesch\u00e4tzte Lesezeit\" \/>\n\t<meta name=\"twitter:data1\" content=\"1\u00a0Minute\" \/>\n<script type=\"application\/ld+json\" class=\"yoast-schema-graph\">{\"@context\":\"https:\/\/schema.org\",\"@graph\":[{\"@type\":\"WebPage\",\"@id\":\"https:\/\/peryhome.com\/de\/versandmethode\/\",\"url\":\"https:\/\/peryhome.com\/de\/versandmethode\/\",\"name\":\"Versandmethode - PeryHome\",\"isPartOf\":{\"@id\":\"https:\/\/peryhome.com\/de\/#website\"},\"datePublished\":\"2018-10-17T04:10:47+00:00\",\"dateModified\":\"2024-12-09T23:21:15+00:00\",\"breadcrumb\":{\"@id\":\"https:\/\/peryhome.com\/de\/versandmethode\/#breadcrumb\"},\"inLanguage\":\"de\",\"potentialAction\":[{\"@type\":\"ReadAction\",\"target\":[\"https:\/\/peryhome.com\/de\/versandmethode\/\"]}]},{\"@type\":\"BreadcrumbList\",\"@id\":\"https:\/\/peryhome.com\/de\/versandmethode\/#breadcrumb\",\"itemListElement\":[{\"@type\":\"ListItem\",\"position\":1,\"name\":\"Anasayfa\",\"item\":\"https:\/\/peryhome.com\/de\/startseite\/\"},{\"@type\":\"ListItem\",\"position\":2,\"name\":\"Versandmethode\"}]},{\"@type\":\"WebSite\",\"@id\":\"https:\/\/peryhome.com\/de\/#website\",\"url\":\"https:\/\/peryhome.com\/de\/\",\"name\":\"PeryHome\",\"description\":\"Art of Furniture\",\"publisher\":{\"@id\":\"https:\/\/peryhome.com\/de\/#organization\"},\"potentialAction\":[{\"@type\":\"SearchAction\",\"target\":{\"@type\":\"EntryPoint\",\"urlTemplate\":\"https:\/\/peryhome.com\/de\/?s={search_term_string}\"},\"query-input\":{\"@type\":\"PropertyValueSpecification\",\"valueRequired\":true,\"valueName\":\"search_term_string\"}}],\"inLanguage\":\"de\"},{\"@type\":\"Organization\",\"@id\":\"https:\/\/peryhome.com\/de\/#organization\",\"name\":\"PeryHome\",\"url\":\"https:\/\/peryhome.com\/de\/\",\"logo\":{\"@type\":\"ImageObject\",\"inLanguage\":\"de\",\"@id\":\"https:\/\/peryhome.com\/de\/#\/schema\/logo\/image\/\",\"url\":\"https:\/\/peryhome.com\/wp-content\/uploads\/2024\/12\/Logo_horizontal_HQ.webp\",\"contentUrl\":\"https:\/\/peryhome.com\/wp-content\/uploads\/2024\/12\/Logo_horizontal_HQ.webp\",\"width\":1000,\"height\":269,\"caption\":\"PeryHome\"},\"image\":{\"@id\":\"https:\/\/peryhome.com\/de\/#\/schema\/logo\/image\/\"},\"sameAs\":[\"https:\/\/www.facebook.com\/profile.php?id=61566312622555\",\"https:\/\/www.instagram.com\/peryhome.eu\/\"]}]}<\/script>\n<!-- \/ Yoast SEO plugin. -->","yoast_head_json":{"title":"Versandmethode - PeryHome","robots":{"index":"index","follow":"follow","max-snippet":"max-snippet:-1","max-image-preview":"max-image-preview:large","max-video-preview":"max-video-preview:-1"},"canonical":"https:\/\/peryhome.com\/de\/versandmethode\/","og_locale":"de_DE","og_type":"article","og_title":"Versandmethode - PeryHome","og_description":"Europa Lieferung Wir bieten einen Europa-Standard- und Europa-N\u00e4chster-Tag-Service an. Delivery Option Time Cost Europe Standard Delivery 3-5 working days FREE Bitte beachten Sie, dass alle Bestellungen von PeryHome verschickt werden. Europa Standardlieferung Standard-Europa-Bestellungen werden KOSTENLOS geliefert Die Zustellung erfolgt von Montag bis Samstag durch DPD, und es muss jemand vor Ort sein, um die Lieferung &hellip; Read More \"Versandmethode\"","og_url":"https:\/\/peryhome.com\/de\/versandmethode\/","og_site_name":"PeryHome","article_publisher":"https:\/\/www.facebook.com\/profile.php?id=61566312622555","article_modified_time":"2024-12-09T23:21:15+00:00","twitter_card":"summary_large_image","twitter_misc":{"Gesch\u00e4tzte Lesezeit":"1\u00a0Minute"},"schema":{"@context":"https:\/\/schema.org","@graph":[{"@type":"WebPage","@id":"https:\/\/peryhome.com\/de\/versandmethode\/","url":"https:\/\/peryhome.com\/de\/versandmethode\/","name":"Versandmethode - PeryHome","isPartOf":{"@id":"https:\/\/peryhome.com\/de\/#website"},"datePublished":"2018-10-17T04:10:47+00:00","dateModified":"2024-12-09T23:21:15+00:00","breadcrumb":{"@id":"https:\/\/peryhome.com\/de\/versandmethode\/#breadcrumb"},"inLanguage":"de","potentialAction":[{"@type":"ReadAction","target":["https:\/\/peryhome.com\/de\/versandmethode\/"]}]},{"@type":"BreadcrumbList","@id":"https:\/\/peryhome.com\/de\/versandmethode\/#breadcrumb","itemListElement":[{"@type":"ListItem","position":1,"name":"Anasayfa","item":"https:\/\/peryhome.com\/de\/startseite\/"},{"@type":"ListItem","position":2,"name":"Versandmethode"}]},{"@type":"WebSite","@id":"https:\/\/peryhome.com\/de\/#website","url":"https:\/\/peryhome.com\/de\/","name":"PeryHome","description":"Art of Furniture","publisher":{"@id":"https:\/\/peryhome.com\/de\/#organization"},"potentialAction":[{"@type":"SearchAction","target":{"@type":"EntryPoint","urlTemplate":"https:\/\/peryhome.com\/de\/?s={search_term_string}"},"query-input":{"@type":"PropertyValueSpecification","valueRequired":true,"valueName":"search_term_string"}}],"inLanguage":"de"},{"@type":"Organization","@id":"https:\/\/peryhome.com\/de\/#organization","name":"PeryHome","url":"https:\/\/peryhome.com\/de\/","logo":{"@type":"ImageObject","inLanguage":"de","@id":"https:\/\/peryhome.com\/de\/#\/schema\/logo\/image\/","url":"https:\/\/peryhome.com\/wp-content\/uploads\/2024\/12\/Logo_horizontal_HQ.webp","contentUrl":"https:\/\/peryhome.com\/wp-content\/uploads\/2024\/12\/Logo_horizontal_HQ.webp","width":1000,"height":269,"caption":"PeryHome"},"image":{"@id":"https:\/\/peryhome.com\/de\/#\/schema\/logo\/image\/"},"sameAs":["https:\/\/www.facebook.com\/profile.php?id=61566312622555","https:\/\/www.instagram.com\/peryhome.eu\/"]}]}},"jetpack_sharing_enabled":true,"_links":{"self":[{"href":"https:\/\/peryhome.com\/de\/wp-json\/wp\/v2\/pages\/7076"}],"collection":[{"href":"https:\/\/peryhome.com\/de\/wp-json\/wp\/v2\/pages"}],"about":[{"href":"https:\/\/peryhome.com\/de\/wp-json\/wp\/v2\/types\/page"}],"author":[{"embeddable":true,"href":"https:\/\/peryhome.com\/de\/wp-json\/wp\/v2\/users\/1"}],"replies":[{"embeddable":true,"href":"https:\/\/peryhome.com\/de\/wp-json\/wp\/v2\/comments?post=7076"}],"version-history":[{"count":2,"href":"https:\/\/peryhome.com\/de\/wp-json\/wp\/v2\/pages\/7076\/revisions"}],"predecessor-version":[{"id":8697,"href":"https:\/\/peryhome.com\/de\/wp-json\/wp\/v2\/pages\/7076\/revisions\/8697"}],"wp:attachment":[{"href":"https:\/\/peryhome.com\/de\/wp-json\/wp\/v2\/media?parent=7076"}],"curies":[{"name":"wp","href":"https:\/\/api.w.org\/{rel}","templated":true}]}}