{"id":7378,"date":"2024-11-03T12:32:45","date_gmt":"2024-11-03T12:32:45","guid":{"rendered":"https:\/\/peryhome.com\/sofa\/"},"modified":"2024-11-19T17:15:02","modified_gmt":"2024-11-19T17:15:02","slug":"sofa","status":"publish","type":"page","link":"https:\/\/peryhome.com\/de\/sofa\/","title":{"rendered":"Sofa"},"content":{"rendered":"\t\t<div data-elementor-type=\"wp-page\" data-elementor-id=\"7378\" class=\"elementor elementor-7378\" data-elementor-post-type=\"page\">\n\t\t\t\t<div class=\"elementor-element elementor-element-6aa2338a e-flex e-con-boxed e-con e-parent\" data-id=\"6aa2338a\" data-element_type=\"container\">\n\t\t\t\t\t<div class=\"e-con-inner\">\n\t\t\t\t<div class=\"elementor-element elementor-element-2de94057 elementor-widget elementor-widget-text-editor\" data-id=\"2de94057\" data-element_type=\"widget\" data-widget_type=\"text-editor.default\">\n\t\t\t\t<div class=\"elementor-widget-container\">\n\t\t\t\t\t\t\t<div class=\"elementor-text-editor elementor-clearfix\"><p>Entdecken Sie unsere <strong>Sofa-Kollektion<\/strong> mit Optionen wie <strong>3-Sitzer-Sofas<\/strong> und <strong>1-Sitzer-Sessel<\/strong>. Jedes St\u00fcck kombiniert Stil und Komfort. Unsere aus hochwertigen Materialien gefertigten Sofas sind in verschiedenen Stoffen erh\u00e4ltlich. Ob Sie einen ger\u00e4umigen <strong>3-Sitzer<\/strong> oder einen gem\u00fctlichen <strong>1-Sitzer-Sessel<\/strong> ben\u00f6tigen, unsere Kollektion bietet Optionen f\u00fcr jede Einrichtung. Finden Sie das ideale Sofa, das das Ambiente Ihrer Wohnung aufwertet.<\/p>\n<\/div>\n\t\t\t\t\t\t<\/div>\n\t\t\t\t<\/div>\n\t\t\t\t\t<\/div>\n\t\t\t\t<\/div>\n\t\t<div class=\"elementor-element elementor-element-07e62a1 e-flex e-con-boxed e-con e-parent\" data-id=\"07e62a1\" data-element_type=\"container\">\n\t\t\t\t\t<div class=\"e-con-inner\">\n\t\t<div class=\"elementor-element elementor-element-8df9c43 e-con-full e-flex e-con e-child\" data-id=\"8df9c43\" data-element_type=\"container\">\n\t\t\t\t<div class=\"elementor-element elementor-element-578b619 elementor-vertical-align-center elementor-widget elementor-widget-opal-product-categories\" data-id=\"578b619\" data-element_type=\"widget\" data-widget_type=\"opal-product-categories.default\">\n\t\t\t\t<div class=\"elementor-widget-container\">\n\t\t\t\t\t\n            <div class=\"product-cats\">\n                <div class=\"cats-image\">\n                                            <img decoding=\"async\" src=\"https:\/\/peryhome.com\/wp-content\/uploads\/2024\/10\/Untitled-design-10-2.webp\"\n                             alt=\"1-Sitzer Sessel\">\n                                        <\/div>\n                <div class=\"product-cats-meta\">\n                    <div class=\"cats-title\">\n                        <a href=\"https:\/\/peryhome.com\/de\/product-category\/sofa-de\/1-sitzer-sessel\/\"\n                           title=\"1-Sitzer Sessel\">\n                            1-Sitzer Sessel                        <\/a>\n                    <\/div>\n                    <div class=\"cats-total\">\n                        24 items                    <\/div>\n                                    <\/div>\n            <\/div>\n\n            \t\t\t\t<\/div>\n\t\t\t\t<\/div>\n\t\t\t\t<\/div>\n\t\t\t\t\t<\/div>\n\t\t\t\t<\/div>\n\t\t<div class=\"elementor-element elementor-element-b76310a e-flex e-con-boxed e-con e-parent\" data-id=\"b76310a\" data-element_type=\"container\">\n\t\t\t\t\t<div class=\"e-con-inner\">\n\t\t<div class=\"elementor-element elementor-element-80a0c41 e-con-full e-flex e-con e-child\" data-id=\"80a0c41\" data-element_type=\"container\">\n\t\t\t\t<div class=\"elementor-element elementor-element-4b46b1e elementor-vertical-align-center elementor-widget elementor-widget-opal-product-categories\" data-id=\"4b46b1e\" data-element_type=\"widget\" data-widget_type=\"opal-product-categories.default\">\n\t\t\t\t<div class=\"elementor-widget-container\">\n\t\t\t\t\t\n            <div class=\"product-cats\">\n                <div class=\"cats-image\">\n                                            <img decoding=\"async\" src=\"https:\/\/peryhome.com\/wp-content\/uploads\/2024\/10\/Untitled-design-7-1.webp\"\n                             alt=\"3-Sitzer Sofa\">\n                                        <\/div>\n                <div class=\"product-cats-meta\">\n                    <div class=\"cats-title\">\n                        <a href=\"https:\/\/peryhome.com\/de\/product-category\/sofa-de\/3-sitzer-sofa\/\"\n                           title=\"3-Sitzer Sofa\">\n                            3-Sitzer Sofa                        <\/a>\n                    <\/div>\n                    <div class=\"cats-total\">\n                        13 items                    <\/div>\n                                    <\/div>\n            <\/div>\n\n            \t\t\t\t<\/div>\n\t\t\t\t<\/div>\n\t\t\t\t<\/div>\n\t\t\t\t\t<\/div>\n\t\t\t\t<\/div>\n\t\t\t\t<\/div>\n\t\t","protected":false},"excerpt":{"rendered":"<p>Entdecken Sie unsere Sofa-Kollektion mit Optionen wie 3-Sitzer-Sofas und 1-Sitzer-Sessel. Jedes St\u00fcck kombiniert Stil und Komfort. Unsere aus hochwertigen Materialien gefertigten Sofas sind in verschiedenen Stoffen erh\u00e4ltlich. Ob Sie einen ger\u00e4umigen 3-Sitzer oder einen gem\u00fctlichen 1-Sitzer-Sessel ben\u00f6tigen, unsere Kollektion bietet Optionen f\u00fcr jede Einrichtung. Finden Sie das ideale Sofa, das das Ambiente Ihrer Wohnung aufwertet. &hellip; <\/p>\n<p class=\"link-more\"><a href=\"https:\/\/peryhome.com\/de\/sofa\/\" class=\"more-link\">Read More <span class=\"screen-reader-text\"> &#8222;Sofa&#8220;<\/span><\/a><\/p>\n","protected":false},"author":2,"featured_media":6513,"parent":0,"menu_order":0,"comment_status":"closed","ping_status":"closed","template":"","meta":{"_monsterinsights_skip_tracking":false,"_monsterinsights_sitenote_active":false,"_monsterinsights_sitenote_note":"","_monsterinsights_sitenote_category":0,"footnotes":""},"class_list":["post-7378","page","type-page","status-publish","has-post-thumbnail","hentry"],"yoast_head":"<!-- This site is optimized with the Yoast SEO plugin v24.1 - https:\/\/yoast.com\/wordpress\/plugins\/seo\/ -->\n<title>Sofa - PeryHome<\/title>\n<meta name=\"description\" content=\"&quot;St\u00f6bern Sie in unserer Sofakollektion mit 3-sitzigen Sofas und 1-sitzigen Sesseln. Stilvoll, bequem und perfekt f\u00fcr jede Einrichtung.&quot;\" \/>\n<meta name=\"robots\" content=\"index, follow, max-snippet:-1, max-image-preview:large, max-video-preview:-1\" \/>\n<link rel=\"canonical\" href=\"https:\/\/peryhome.com\/de\/sofa\/\" \/>\n<meta property=\"og:locale\" content=\"de_DE\" \/>\n<meta property=\"og:type\" content=\"article\" \/>\n<meta property=\"og:title\" content=\"Sofa - PeryHome\" \/>\n<meta property=\"og:description\" content=\"&quot;St\u00f6bern Sie in unserer Sofakollektion mit 3-sitzigen Sofas und 1-sitzigen Sesseln. Stilvoll, bequem und perfekt f\u00fcr jede Einrichtung.&quot;\" \/>\n<meta property=\"og:url\" content=\"https:\/\/peryhome.com\/de\/sofa\/\" \/>\n<meta property=\"og:site_name\" content=\"PeryHome\" \/>\n<meta property=\"article:publisher\" content=\"https:\/\/www.facebook.com\/profile.php?id=61566312622555\" \/>\n<meta property=\"article:modified_time\" content=\"2024-11-19T17:15:02+00:00\" \/>\n<meta property=\"og:image\" content=\"https:\/\/peryhome.com\/wp-content\/uploads\/2024\/10\/WhatsApp-Image-2023-10-14-at-12.37.47.webp\" \/>\n\t<meta property=\"og:image:width\" content=\"1600\" \/>\n\t<meta property=\"og:image:height\" content=\"1061\" \/>\n\t<meta property=\"og:image:type\" content=\"image\/webp\" \/>\n<meta name=\"twitter:card\" content=\"summary_large_image\" \/>\n<script type=\"application\/ld+json\" class=\"yoast-schema-graph\">{\"@context\":\"https:\/\/schema.org\",\"@graph\":[{\"@type\":\"WebPage\",\"@id\":\"https:\/\/peryhome.com\/de\/sofa\/\",\"url\":\"https:\/\/peryhome.com\/de\/sofa\/\",\"name\":\"Sofa - PeryHome\",\"isPartOf\":{\"@id\":\"https:\/\/peryhome.com\/de\/#website\"},\"primaryImageOfPage\":{\"@id\":\"https:\/\/peryhome.com\/de\/sofa\/#primaryimage\"},\"image\":{\"@id\":\"https:\/\/peryhome.com\/de\/sofa\/#primaryimage\"},\"thumbnailUrl\":\"https:\/\/peryhome.com\/wp-content\/uploads\/2024\/10\/WhatsApp-Image-2023-10-14-at-12.37.47.webp\",\"datePublished\":\"2024-11-03T12:32:45+00:00\",\"dateModified\":\"2024-11-19T17:15:02+00:00\",\"description\":\"\\\"St\u00f6bern Sie in unserer Sofakollektion mit 3-sitzigen Sofas und 1-sitzigen Sesseln. Stilvoll, bequem und perfekt f\u00fcr jede Einrichtung.\\\"\",\"breadcrumb\":{\"@id\":\"https:\/\/peryhome.com\/de\/sofa\/#breadcrumb\"},\"inLanguage\":\"de\",\"potentialAction\":[{\"@type\":\"ReadAction\",\"target\":[\"https:\/\/peryhome.com\/de\/sofa\/\"]}]},{\"@type\":\"ImageObject\",\"inLanguage\":\"de\",\"@id\":\"https:\/\/peryhome.com\/de\/sofa\/#primaryimage\",\"url\":\"https:\/\/peryhome.com\/wp-content\/uploads\/2024\/10\/WhatsApp-Image-2023-10-14-at-12.37.47.webp\",\"contentUrl\":\"https:\/\/peryhome.com\/wp-content\/uploads\/2024\/10\/WhatsApp-Image-2023-10-14-at-12.37.47.webp\",\"width\":1600,\"height\":1061,\"caption\":\"Nirvana Sofa Set \u2013 Elegant Design and Customizable Comfort\"},{\"@type\":\"BreadcrumbList\",\"@id\":\"https:\/\/peryhome.com\/de\/sofa\/#breadcrumb\",\"itemListElement\":[{\"@type\":\"ListItem\",\"position\":1,\"name\":\"Anasayfa\",\"item\":\"https:\/\/peryhome.com\/de\/startseite\/\"},{\"@type\":\"ListItem\",\"position\":2,\"name\":\"Sofa\"}]},{\"@type\":\"WebSite\",\"@id\":\"https:\/\/peryhome.com\/de\/#website\",\"url\":\"https:\/\/peryhome.com\/de\/\",\"name\":\"PeryHome\",\"description\":\"Art of Furniture\",\"publisher\":{\"@id\":\"https:\/\/peryhome.com\/de\/#organization\"},\"potentialAction\":[{\"@type\":\"SearchAction\",\"target\":{\"@type\":\"EntryPoint\",\"urlTemplate\":\"https:\/\/peryhome.com\/de\/?s={search_term_string}\"},\"query-input\":{\"@type\":\"PropertyValueSpecification\",\"valueRequired\":true,\"valueName\":\"search_term_string\"}}],\"inLanguage\":\"de\"},{\"@type\":\"Organization\",\"@id\":\"https:\/\/peryhome.com\/de\/#organization\",\"name\":\"PeryHome\",\"url\":\"https:\/\/peryhome.com\/de\/\",\"logo\":{\"@type\":\"ImageObject\",\"inLanguage\":\"de\",\"@id\":\"https:\/\/peryhome.com\/de\/#\/schema\/logo\/image\/\",\"url\":\"https:\/\/peryhome.com\/wp-content\/uploads\/2024\/12\/Logo_horizontal_HQ.webp\",\"contentUrl\":\"https:\/\/peryhome.com\/wp-content\/uploads\/2024\/12\/Logo_horizontal_HQ.webp\",\"width\":1000,\"height\":269,\"caption\":\"PeryHome\"},\"image\":{\"@id\":\"https:\/\/peryhome.com\/de\/#\/schema\/logo\/image\/\"},\"sameAs\":[\"https:\/\/www.facebook.com\/profile.php?id=61566312622555\",\"https:\/\/www.instagram.com\/peryhome.eu\/\"]}]}<\/script>\n<!-- \/ Yoast SEO plugin. -->","yoast_head_json":{"title":"Sofa - PeryHome","description":"\"St\u00f6bern Sie in unserer Sofakollektion mit 3-sitzigen Sofas und 1-sitzigen Sesseln. Stilvoll, bequem und perfekt f\u00fcr jede Einrichtung.\"","robots":{"index":"index","follow":"follow","max-snippet":"max-snippet:-1","max-image-preview":"max-image-preview:large","max-video-preview":"max-video-preview:-1"},"canonical":"https:\/\/peryhome.com\/de\/sofa\/","og_locale":"de_DE","og_type":"article","og_title":"Sofa - PeryHome","og_description":"\"St\u00f6bern Sie in unserer Sofakollektion mit 3-sitzigen Sofas und 1-sitzigen Sesseln. Stilvoll, bequem und perfekt f\u00fcr jede Einrichtung.\"","og_url":"https:\/\/peryhome.com\/de\/sofa\/","og_site_name":"PeryHome","article_publisher":"https:\/\/www.facebook.com\/profile.php?id=61566312622555","article_modified_time":"2024-11-19T17:15:02+00:00","og_image":[{"width":1600,"height":1061,"url":"https:\/\/peryhome.com\/wp-content\/uploads\/2024\/10\/WhatsApp-Image-2023-10-14-at-12.37.47.webp","type":"image\/webp"}],"twitter_card":"summary_large_image","schema":{"@context":"https:\/\/schema.org","@graph":[{"@type":"WebPage","@id":"https:\/\/peryhome.com\/de\/sofa\/","url":"https:\/\/peryhome.com\/de\/sofa\/","name":"Sofa - PeryHome","isPartOf":{"@id":"https:\/\/peryhome.com\/de\/#website"},"primaryImageOfPage":{"@id":"https:\/\/peryhome.com\/de\/sofa\/#primaryimage"},"image":{"@id":"https:\/\/peryhome.com\/de\/sofa\/#primaryimage"},"thumbnailUrl":"https:\/\/peryhome.com\/wp-content\/uploads\/2024\/10\/WhatsApp-Image-2023-10-14-at-12.37.47.webp","datePublished":"2024-11-03T12:32:45+00:00","dateModified":"2024-11-19T17:15:02+00:00","description":"\"St\u00f6bern Sie in unserer Sofakollektion mit 3-sitzigen Sofas und 1-sitzigen Sesseln. Stilvoll, bequem und perfekt f\u00fcr jede Einrichtung.\"","breadcrumb":{"@id":"https:\/\/peryhome.com\/de\/sofa\/#breadcrumb"},"inLanguage":"de","potentialAction":[{"@type":"ReadAction","target":["https:\/\/peryhome.com\/de\/sofa\/"]}]},{"@type":"ImageObject","inLanguage":"de","@id":"https:\/\/peryhome.com\/de\/sofa\/#primaryimage","url":"https:\/\/peryhome.com\/wp-content\/uploads\/2024\/10\/WhatsApp-Image-2023-10-14-at-12.37.47.webp","contentUrl":"https:\/\/peryhome.com\/wp-content\/uploads\/2024\/10\/WhatsApp-Image-2023-10-14-at-12.37.47.webp","width":1600,"height":1061,"caption":"Nirvana Sofa Set \u2013 Elegant Design and Customizable Comfort"},{"@type":"BreadcrumbList","@id":"https:\/\/peryhome.com\/de\/sofa\/#breadcrumb","itemListElement":[{"@type":"ListItem","position":1,"name":"Anasayfa","item":"https:\/\/peryhome.com\/de\/startseite\/"},{"@type":"ListItem","position":2,"name":"Sofa"}]},{"@type":"WebSite","@id":"https:\/\/peryhome.com\/de\/#website","url":"https:\/\/peryhome.com\/de\/","name":"PeryHome","description":"Art of Furniture","publisher":{"@id":"https:\/\/peryhome.com\/de\/#organization"},"potentialAction":[{"@type":"SearchAction","target":{"@type":"EntryPoint","urlTemplate":"https:\/\/peryhome.com\/de\/?s={search_term_string}"},"query-input":{"@type":"PropertyValueSpecification","valueRequired":true,"valueName":"search_term_string"}}],"inLanguage":"de"},{"@type":"Organization","@id":"https:\/\/peryhome.com\/de\/#organization","name":"PeryHome","url":"https:\/\/peryhome.com\/de\/","logo":{"@type":"ImageObject","inLanguage":"de","@id":"https:\/\/peryhome.com\/de\/#\/schema\/logo\/image\/","url":"https:\/\/peryhome.com\/wp-content\/uploads\/2024\/12\/Logo_horizontal_HQ.webp","contentUrl":"https:\/\/peryhome.com\/wp-content\/uploads\/2024\/12\/Logo_horizontal_HQ.webp","width":1000,"height":269,"caption":"PeryHome"},"image":{"@id":"https:\/\/peryhome.com\/de\/#\/schema\/logo\/image\/"},"sameAs":["https:\/\/www.facebook.com\/profile.php?id=61566312622555","https:\/\/www.instagram.com\/peryhome.eu\/"]}]}},"jetpack_sharing_enabled":true,"_links":{"self":[{"href":"https:\/\/peryhome.com\/de\/wp-json\/wp\/v2\/pages\/7378"}],"collection":[{"href":"https:\/\/peryhome.com\/de\/wp-json\/wp\/v2\/pages"}],"about":[{"href":"https:\/\/peryhome.com\/de\/wp-json\/wp\/v2\/types\/page"}],"author":[{"embeddable":true,"href":"https:\/\/peryhome.com\/de\/wp-json\/wp\/v2\/users\/2"}],"replies":[{"embeddable":true,"href":"https:\/\/peryhome.com\/de\/wp-json\/wp\/v2\/comments?post=7378"}],"version-history":[{"count":1,"href":"https:\/\/peryhome.com\/de\/wp-json\/wp\/v2\/pages\/7378\/revisions"}],"predecessor-version":[{"id":7381,"href":"https:\/\/peryhome.com\/de\/wp-json\/wp\/v2\/pages\/7378\/revisions\/7381"}],"wp:featuredmedia":[{"embeddable":true,"href":"https:\/\/peryhome.com\/de\/wp-json\/wp\/v2\/media\/6513"}],"wp:attachment":[{"href":"https:\/\/peryhome.com\/de\/wp-json\/wp\/v2\/media?parent=7378"}],"curies":[{"name":"wp","href":"https:\/\/api.w.org\/{rel}","templated":true}]}}