{"id":7379,"date":"2024-10-23T15:36:07","date_gmt":"2024-10-23T15:36:07","guid":{"rendered":"https:\/\/peryhome.com\/sofa-sets\/"},"modified":"2024-11-19T10:33:26","modified_gmt":"2024-11-19T10:33:26","slug":"sofa-sets","status":"publish","type":"page","link":"https:\/\/peryhome.com\/de\/sofa-sets\/","title":{"rendered":"Sofa Sets"},"content":{"rendered":"\t\t<div data-elementor-type=\"wp-page\" data-elementor-id=\"7379\" class=\"elementor elementor-7379\" data-elementor-post-type=\"page\">\n\t\t\t\t<div class=\"elementor-element elementor-element-7f0db6fc e-flex e-con-boxed e-con e-parent\" data-id=\"7f0db6fc\" data-element_type=\"container\">\n\t\t\t\t\t<div class=\"e-con-inner\">\n\t\t\t\t<div class=\"elementor-element elementor-element-6368d4de elementor-widget elementor-widget-text-editor\" data-id=\"6368d4de\" data-element_type=\"widget\" data-widget_type=\"text-editor.default\">\n\t\t\t\t<div class=\"elementor-widget-container\">\n\t\t\t\t\t\t\t<div class=\"elementor-text-editor elementor-clearfix\"><p>Entdecken Sie unsere <strong>Sofagarnituren-Kollektion<\/strong> mit <strong>3+1 Sofagarnituren<\/strong> und <strong>Eckgarnituren<\/strong> f\u00fcr jedes Wohnzimmer. Unsere <strong>3+1 Sofagarnituren<\/strong> bieten ein klassisches Arrangement mit ger\u00e4umigen Sitzgelegenheiten. Sie eignen sich sowohl f\u00fcr gro\u00dfe als auch f\u00fcr gem\u00fctliche R\u00e4ume. Unsere <strong>Ecksets<\/strong> sorgen f\u00fcr einen modernen Touch, indem sie die Sitzfl\u00e4che maximieren und Platz sparen. Diese Sets sind perfekt f\u00fcr kompakte und offene Grundrisse. Jede Sofagarnitur vereint Stil, Komfort und Qualit\u00e4t. Dank der anpassbaren Stoff- und Farboptionen k\u00f6nnen Sie Ihren Raum individuell gestalten. Finden Sie eine Sofagarnitur, die Ihren Geschmack widerspiegelt und das Ambiente Ihrer Wohnung aufwertet.<\/p>\n<\/div>\n\t\t\t\t\t\t<\/div>\n\t\t\t\t<\/div>\n\t\t\t\t\t<\/div>\n\t\t\t\t<\/div>\n\t\t<div class=\"elementor-element elementor-element-4fa762f e-flex e-con-boxed e-con e-parent\" data-id=\"4fa762f\" data-element_type=\"container\">\n\t\t\t\t\t<div class=\"e-con-inner\">\n\t\t\t\t<div class=\"elementor-element elementor-element-482c935 elementor-vertical-align-center elementor-widget elementor-widget-opal-product-categories\" data-id=\"482c935\" data-element_type=\"widget\" data-widget_type=\"opal-product-categories.default\">\n\t\t\t\t<div class=\"elementor-widget-container\">\n\t\t\t\t\t\n            <div class=\"product-cats\">\n                <div class=\"cats-image\">\n                                            <img decoding=\"async\" src=\"https:\/\/peryhome.com\/wp-content\/uploads\/2024\/11\/WhatsApp-Image-2024-07-17-at-17.04.38-3.webp\"\n                             alt=\"3+1 Sofa Sets\">\n                                        <\/div>\n                <div class=\"product-cats-meta\">\n                    <div class=\"cats-title\">\n                        <a href=\"https:\/\/peryhome.com\/de\/product-category\/sofa-sets-de\/31-sofa-sets\/\"\n                           title=\"3+1 Sofa Sets\">\n                            3+1 Sofa Sets                        <\/a>\n                    <\/div>\n                    <div class=\"cats-total\">\n                        13 items                    <\/div>\n                                    <\/div>\n            <\/div>\n\n            \t\t\t\t<\/div>\n\t\t\t\t<\/div>\n\t\t\t\t\t<\/div>\n\t\t\t\t<\/div>\n\t\t<div class=\"elementor-element elementor-element-071763f e-flex e-con-boxed e-con e-parent\" data-id=\"071763f\" data-element_type=\"container\">\n\t\t\t\t\t<div class=\"e-con-inner\">\n\t\t\t\t<div class=\"elementor-element elementor-element-321bffa elementor-vertical-align-center elementor-widget elementor-widget-opal-product-categories\" data-id=\"321bffa\" data-element_type=\"widget\" data-widget_type=\"opal-product-categories.default\">\n\t\t\t\t<div class=\"elementor-widget-container\">\n\t\t\t\t\t\n            <div class=\"product-cats\">\n                <div class=\"cats-image\">\n                                            <img decoding=\"async\" src=\"https:\/\/peryhome.com\/wp-content\/uploads\/2024\/11\/MEGAZZI_96099-copy-scaled.webp\"\n                             alt=\"Ecke\">\n                                        <\/div>\n                <div class=\"product-cats-meta\">\n                    <div class=\"cats-title\">\n                        <a href=\"https:\/\/peryhome.com\/de\/product-category\/sofa-sets-de\/ecke\/\"\n                           title=\"Ecke\">\n                            Ecke                        <\/a>\n                    <\/div>\n                    <div class=\"cats-total\">\n                        0 items                    <\/div>\n                                    <\/div>\n            <\/div>\n\n            \t\t\t\t<\/div>\n\t\t\t\t<\/div>\n\t\t\t\t\t<\/div>\n\t\t\t\t<\/div>\n\t\t\t\t<\/div>\n\t\t","protected":false},"excerpt":{"rendered":"<p>Entdecken Sie unsere Sofagarnituren-Kollektion mit 3+1 Sofagarnituren und Eckgarnituren f\u00fcr jedes Wohnzimmer. Unsere 3+1 Sofagarnituren bieten ein klassisches Arrangement mit ger\u00e4umigen Sitzgelegenheiten. Sie eignen sich sowohl f\u00fcr gro\u00dfe als auch f\u00fcr gem\u00fctliche R\u00e4ume. Unsere Ecksets sorgen f\u00fcr einen modernen Touch, indem sie die Sitzfl\u00e4che maximieren und Platz sparen. Diese Sets sind perfekt f\u00fcr kompakte und &hellip; <\/p>\n<p class=\"link-more\"><a href=\"https:\/\/peryhome.com\/de\/sofa-sets\/\" class=\"more-link\">Read More <span class=\"screen-reader-text\"> &#8222;Sofa Sets&#8220;<\/span><\/a><\/p>\n","protected":false},"author":2,"featured_media":6615,"parent":0,"menu_order":0,"comment_status":"closed","ping_status":"closed","template":"","meta":{"_monsterinsights_skip_tracking":false,"_monsterinsights_sitenote_active":false,"_monsterinsights_sitenote_note":"","_monsterinsights_sitenote_category":0,"footnotes":""},"class_list":["post-7379","page","type-page","status-publish","has-post-thumbnail","hentry"],"yoast_head":"<!-- This site is optimized with the Yoast SEO plugin v24.1 - https:\/\/yoast.com\/wordpress\/plugins\/seo\/ -->\n<title>Sofa Sets - PeryHome<\/title>\n<meta name=\"description\" content=\"&quot;Entdecken Sie stilvolle Sofagarnituren, darunter 3+1 und Eckl\u00f6sungen. Passen Sie Stoffe und Farben an, damit sie perfekt in jedes Wohnzimmer passen.&quot;\" \/>\n<meta name=\"robots\" content=\"index, follow, max-snippet:-1, max-image-preview:large, max-video-preview:-1\" \/>\n<link rel=\"canonical\" href=\"https:\/\/peryhome.com\/de\/sofa-sets\/\" \/>\n<meta property=\"og:locale\" content=\"de_DE\" \/>\n<meta property=\"og:type\" content=\"article\" \/>\n<meta property=\"og:title\" content=\"Sofa Sets - PeryHome\" \/>\n<meta property=\"og:description\" content=\"&quot;Entdecken Sie stilvolle Sofagarnituren, darunter 3+1 und Eckl\u00f6sungen. Passen Sie Stoffe und Farben an, damit sie perfekt in jedes Wohnzimmer passen.&quot;\" \/>\n<meta property=\"og:url\" content=\"https:\/\/peryhome.com\/de\/sofa-sets\/\" \/>\n<meta property=\"og:site_name\" content=\"PeryHome\" \/>\n<meta property=\"article:publisher\" content=\"https:\/\/www.facebook.com\/profile.php?id=61566312622555\" \/>\n<meta property=\"article:modified_time\" content=\"2024-11-19T10:33:26+00:00\" \/>\n<meta property=\"og:image\" content=\"https:\/\/peryhome.com\/wp-content\/uploads\/2024\/10\/1H9A8648-copy-scaled.webp\" \/>\n\t<meta property=\"og:image:width\" content=\"2560\" \/>\n\t<meta property=\"og:image:height\" content=\"1707\" \/>\n\t<meta property=\"og:image:type\" content=\"image\/webp\" \/>\n<meta name=\"twitter:card\" content=\"summary_large_image\" \/>\n<meta name=\"twitter:label1\" content=\"Gesch\u00e4tzte Lesezeit\" \/>\n\t<meta name=\"twitter:data1\" content=\"1\u00a0Minute\" \/>\n<script type=\"application\/ld+json\" class=\"yoast-schema-graph\">{\"@context\":\"https:\/\/schema.org\",\"@graph\":[{\"@type\":\"WebPage\",\"@id\":\"https:\/\/peryhome.com\/de\/sofa-sets\/\",\"url\":\"https:\/\/peryhome.com\/de\/sofa-sets\/\",\"name\":\"Sofa Sets - PeryHome\",\"isPartOf\":{\"@id\":\"https:\/\/peryhome.com\/de\/#website\"},\"primaryImageOfPage\":{\"@id\":\"https:\/\/peryhome.com\/de\/sofa-sets\/#primaryimage\"},\"image\":{\"@id\":\"https:\/\/peryhome.com\/de\/sofa-sets\/#primaryimage\"},\"thumbnailUrl\":\"https:\/\/peryhome.com\/wp-content\/uploads\/2024\/10\/1H9A8648-copy-scaled.webp\",\"datePublished\":\"2024-10-23T15:36:07+00:00\",\"dateModified\":\"2024-11-19T10:33:26+00:00\",\"description\":\"\\\"Entdecken Sie stilvolle Sofagarnituren, darunter 3+1 und Eckl\u00f6sungen. Passen Sie Stoffe und Farben an, damit sie perfekt in jedes Wohnzimmer passen.\\\"\",\"breadcrumb\":{\"@id\":\"https:\/\/peryhome.com\/de\/sofa-sets\/#breadcrumb\"},\"inLanguage\":\"de\",\"potentialAction\":[{\"@type\":\"ReadAction\",\"target\":[\"https:\/\/peryhome.com\/de\/sofa-sets\/\"]}]},{\"@type\":\"ImageObject\",\"inLanguage\":\"de\",\"@id\":\"https:\/\/peryhome.com\/de\/sofa-sets\/#primaryimage\",\"url\":\"https:\/\/peryhome.com\/wp-content\/uploads\/2024\/10\/1H9A8648-copy-scaled.webp\",\"contentUrl\":\"https:\/\/peryhome.com\/wp-content\/uploads\/2024\/10\/1H9A8648-copy-scaled.webp\",\"width\":2560,\"height\":1707,\"caption\":\"Ribello Sofa Set \u2013 Elegant Style, Comfort & Customizable Options\"},{\"@type\":\"BreadcrumbList\",\"@id\":\"https:\/\/peryhome.com\/de\/sofa-sets\/#breadcrumb\",\"itemListElement\":[{\"@type\":\"ListItem\",\"position\":1,\"name\":\"Anasayfa\",\"item\":\"https:\/\/peryhome.com\/de\/startseite\/\"},{\"@type\":\"ListItem\",\"position\":2,\"name\":\"Sofa Sets\"}]},{\"@type\":\"WebSite\",\"@id\":\"https:\/\/peryhome.com\/de\/#website\",\"url\":\"https:\/\/peryhome.com\/de\/\",\"name\":\"PeryHome\",\"description\":\"Art of Furniture\",\"publisher\":{\"@id\":\"https:\/\/peryhome.com\/de\/#organization\"},\"potentialAction\":[{\"@type\":\"SearchAction\",\"target\":{\"@type\":\"EntryPoint\",\"urlTemplate\":\"https:\/\/peryhome.com\/de\/?s={search_term_string}\"},\"query-input\":{\"@type\":\"PropertyValueSpecification\",\"valueRequired\":true,\"valueName\":\"search_term_string\"}}],\"inLanguage\":\"de\"},{\"@type\":\"Organization\",\"@id\":\"https:\/\/peryhome.com\/de\/#organization\",\"name\":\"PeryHome\",\"url\":\"https:\/\/peryhome.com\/de\/\",\"logo\":{\"@type\":\"ImageObject\",\"inLanguage\":\"de\",\"@id\":\"https:\/\/peryhome.com\/de\/#\/schema\/logo\/image\/\",\"url\":\"https:\/\/peryhome.com\/wp-content\/uploads\/2024\/12\/Logo_horizontal_HQ.webp\",\"contentUrl\":\"https:\/\/peryhome.com\/wp-content\/uploads\/2024\/12\/Logo_horizontal_HQ.webp\",\"width\":1000,\"height\":269,\"caption\":\"PeryHome\"},\"image\":{\"@id\":\"https:\/\/peryhome.com\/de\/#\/schema\/logo\/image\/\"},\"sameAs\":[\"https:\/\/www.facebook.com\/profile.php?id=61566312622555\",\"https:\/\/www.instagram.com\/peryhome.eu\/\"]}]}<\/script>\n<!-- \/ Yoast SEO plugin. -->","yoast_head_json":{"title":"Sofa Sets - PeryHome","description":"\"Entdecken Sie stilvolle Sofagarnituren, darunter 3+1 und Eckl\u00f6sungen. Passen Sie Stoffe und Farben an, damit sie perfekt in jedes Wohnzimmer passen.\"","robots":{"index":"index","follow":"follow","max-snippet":"max-snippet:-1","max-image-preview":"max-image-preview:large","max-video-preview":"max-video-preview:-1"},"canonical":"https:\/\/peryhome.com\/de\/sofa-sets\/","og_locale":"de_DE","og_type":"article","og_title":"Sofa Sets - PeryHome","og_description":"\"Entdecken Sie stilvolle Sofagarnituren, darunter 3+1 und Eckl\u00f6sungen. Passen Sie Stoffe und Farben an, damit sie perfekt in jedes Wohnzimmer passen.\"","og_url":"https:\/\/peryhome.com\/de\/sofa-sets\/","og_site_name":"PeryHome","article_publisher":"https:\/\/www.facebook.com\/profile.php?id=61566312622555","article_modified_time":"2024-11-19T10:33:26+00:00","og_image":[{"width":2560,"height":1707,"url":"https:\/\/peryhome.com\/wp-content\/uploads\/2024\/10\/1H9A8648-copy-scaled.webp","type":"image\/webp"}],"twitter_card":"summary_large_image","twitter_misc":{"Gesch\u00e4tzte Lesezeit":"1\u00a0Minute"},"schema":{"@context":"https:\/\/schema.org","@graph":[{"@type":"WebPage","@id":"https:\/\/peryhome.com\/de\/sofa-sets\/","url":"https:\/\/peryhome.com\/de\/sofa-sets\/","name":"Sofa Sets - PeryHome","isPartOf":{"@id":"https:\/\/peryhome.com\/de\/#website"},"primaryImageOfPage":{"@id":"https:\/\/peryhome.com\/de\/sofa-sets\/#primaryimage"},"image":{"@id":"https:\/\/peryhome.com\/de\/sofa-sets\/#primaryimage"},"thumbnailUrl":"https:\/\/peryhome.com\/wp-content\/uploads\/2024\/10\/1H9A8648-copy-scaled.webp","datePublished":"2024-10-23T15:36:07+00:00","dateModified":"2024-11-19T10:33:26+00:00","description":"\"Entdecken Sie stilvolle Sofagarnituren, darunter 3+1 und Eckl\u00f6sungen. Passen Sie Stoffe und Farben an, damit sie perfekt in jedes Wohnzimmer passen.\"","breadcrumb":{"@id":"https:\/\/peryhome.com\/de\/sofa-sets\/#breadcrumb"},"inLanguage":"de","potentialAction":[{"@type":"ReadAction","target":["https:\/\/peryhome.com\/de\/sofa-sets\/"]}]},{"@type":"ImageObject","inLanguage":"de","@id":"https:\/\/peryhome.com\/de\/sofa-sets\/#primaryimage","url":"https:\/\/peryhome.com\/wp-content\/uploads\/2024\/10\/1H9A8648-copy-scaled.webp","contentUrl":"https:\/\/peryhome.com\/wp-content\/uploads\/2024\/10\/1H9A8648-copy-scaled.webp","width":2560,"height":1707,"caption":"Ribello Sofa Set \u2013 Elegant Style, Comfort & Customizable Options"},{"@type":"BreadcrumbList","@id":"https:\/\/peryhome.com\/de\/sofa-sets\/#breadcrumb","itemListElement":[{"@type":"ListItem","position":1,"name":"Anasayfa","item":"https:\/\/peryhome.com\/de\/startseite\/"},{"@type":"ListItem","position":2,"name":"Sofa Sets"}]},{"@type":"WebSite","@id":"https:\/\/peryhome.com\/de\/#website","url":"https:\/\/peryhome.com\/de\/","name":"PeryHome","description":"Art of Furniture","publisher":{"@id":"https:\/\/peryhome.com\/de\/#organization"},"potentialAction":[{"@type":"SearchAction","target":{"@type":"EntryPoint","urlTemplate":"https:\/\/peryhome.com\/de\/?s={search_term_string}"},"query-input":{"@type":"PropertyValueSpecification","valueRequired":true,"valueName":"search_term_string"}}],"inLanguage":"de"},{"@type":"Organization","@id":"https:\/\/peryhome.com\/de\/#organization","name":"PeryHome","url":"https:\/\/peryhome.com\/de\/","logo":{"@type":"ImageObject","inLanguage":"de","@id":"https:\/\/peryhome.com\/de\/#\/schema\/logo\/image\/","url":"https:\/\/peryhome.com\/wp-content\/uploads\/2024\/12\/Logo_horizontal_HQ.webp","contentUrl":"https:\/\/peryhome.com\/wp-content\/uploads\/2024\/12\/Logo_horizontal_HQ.webp","width":1000,"height":269,"caption":"PeryHome"},"image":{"@id":"https:\/\/peryhome.com\/de\/#\/schema\/logo\/image\/"},"sameAs":["https:\/\/www.facebook.com\/profile.php?id=61566312622555","https:\/\/www.instagram.com\/peryhome.eu\/"]}]}},"jetpack_sharing_enabled":true,"_links":{"self":[{"href":"https:\/\/peryhome.com\/de\/wp-json\/wp\/v2\/pages\/7379"}],"collection":[{"href":"https:\/\/peryhome.com\/de\/wp-json\/wp\/v2\/pages"}],"about":[{"href":"https:\/\/peryhome.com\/de\/wp-json\/wp\/v2\/types\/page"}],"author":[{"embeddable":true,"href":"https:\/\/peryhome.com\/de\/wp-json\/wp\/v2\/users\/2"}],"replies":[{"embeddable":true,"href":"https:\/\/peryhome.com\/de\/wp-json\/wp\/v2\/comments?post=7379"}],"version-history":[{"count":1,"href":"https:\/\/peryhome.com\/de\/wp-json\/wp\/v2\/pages\/7379\/revisions"}],"predecessor-version":[{"id":7383,"href":"https:\/\/peryhome.com\/de\/wp-json\/wp\/v2\/pages\/7379\/revisions\/7383"}],"wp:featuredmedia":[{"embeddable":true,"href":"https:\/\/peryhome.com\/de\/wp-json\/wp\/v2\/media\/6615"}],"wp:attachment":[{"href":"https:\/\/peryhome.com\/de\/wp-json\/wp\/v2\/media?parent=7379"}],"curies":[{"name":"wp","href":"https:\/\/api.w.org\/{rel}","templated":true}]}}