{"id":7401,"date":"2018-09-10T02:24:42","date_gmt":"2018-09-10T02:24:42","guid":{"rendered":"https:\/\/peryhome.com\/faq\/"},"modified":"2024-12-09T23:21:31","modified_gmt":"2024-12-09T23:21:31","slug":"faq","status":"publish","type":"page","link":"https:\/\/peryhome.com\/de\/faq\/","title":{"rendered":"FAQ"},"content":{"rendered":"\t\t<div data-elementor-type=\"wp-post\" data-elementor-id=\"7401\" class=\"elementor elementor-7401\" data-elementor-post-type=\"page\">\n\t\t\t\t\t\t<section class=\"elementor-section elementor-top-section elementor-element elementor-element-bba43ed elementor-section-boxed elementor-section-height-default elementor-section-height-default\" data-id=\"bba43ed\" data-element_type=\"section\">\n\t\t\t\t\t\t<div class=\"elementor-container elementor-column-gap-no\">\n\t\t\t\t\t<div class=\"elementor-column elementor-col-100 elementor-top-column elementor-element elementor-element-e1d0703 animated-fast elementor-invisible\" data-id=\"e1d0703\" data-element_type=\"column\" data-settings=\"{&quot;animation&quot;:&quot;opal-move-up&quot;}\">\n\t\t\t<div class=\"elementor-widget-wrap elementor-element-populated\">\n\t\t\t\t\t\t<div class=\"elementor-element elementor-element-b4dbf8e elementor-widget elementor-widget-accordion\" data-id=\"b4dbf8e\" data-element_type=\"widget\" data-widget_type=\"accordion.default\">\n\t\t\t\t<div class=\"elementor-widget-container\">\n\t\t\t\t\t        <div class=\"elementor-accordion\" role=\"tablist\">\n                    <div class=\"elementor-accordion-item\">\n            <div id=\"elementor-tab-title-1891\" class=\"elementor-tab-title\" tabindex=\"1891\" data-tab=\"1\" role=\"tab\" aria-controls=\"elementor-tab-content-1891\">\n                        <span class=\"elementor-accordion-icon elementor-accordion-icon-left\" aria-hidden=\"true\">\n\t\t\t\t\t\t\t<i class=\"elementor-accordion-icon-closed fa fa-plus\"><\/i>\n\t\t\t\t\t\t\t<i class=\"elementor-accordion-icon-opened fa fa-minus\"><\/i>\n\t\t\t\t\t\t<\/span>\n                    Wie kann ich meine Bestellung verfolgen?            <\/div>\n            <div id=\"elementor-tab-content-1891\" class=\"elementor-tab-content elementor-clearfix\" data-tab=\"1\" role=\"tabpanel\" aria-labelledby=\"elementor-tab-title-1891\"><p>Sobald Ihre Bestellung versandt wurde, wird eine Tracking-Nummer an Ihre E-Mail-Adresse gesendet. Mit dieser Nummer k\u00f6nnen Sie den Status Ihrer Bestellung auf der Website des Kurierdienstes \u00fcberpr\u00fcfen.<\/p>\n<\/div>\n            <\/div>\n                    <div class=\"elementor-accordion-item\">\n            <div id=\"elementor-tab-title-1892\" class=\"elementor-tab-title\" tabindex=\"1892\" data-tab=\"2\" role=\"tab\" aria-controls=\"elementor-tab-content-1892\">\n                        <span class=\"elementor-accordion-icon elementor-accordion-icon-left\" aria-hidden=\"true\">\n\t\t\t\t\t\t\t<i class=\"elementor-accordion-icon-closed fa fa-plus\"><\/i>\n\t\t\t\t\t\t\t<i class=\"elementor-accordion-icon-opened fa fa-minus\"><\/i>\n\t\t\t\t\t\t<\/span>\n                    Kann ich meine Bestellung stornieren?            <\/div>\n            <div id=\"elementor-tab-content-1892\" class=\"elementor-tab-content elementor-clearfix\" data-tab=\"2\" role=\"tabpanel\" aria-labelledby=\"elementor-tab-title-1892\"><p>Ja, Sie k\u00f6nnen Ihre Bestellung stornieren, bevor sie versandt wird. Bitte wenden Sie sich an unseren Kundenservice, der Ihnen bei der Stornierung behilflich sein wird.<\/p>\n<\/div>\n            <\/div>\n                    <div class=\"elementor-accordion-item\">\n            <div id=\"elementor-tab-title-1893\" class=\"elementor-tab-title\" tabindex=\"1893\" data-tab=\"3\" role=\"tab\" aria-controls=\"elementor-tab-content-1893\">\n                        <span class=\"elementor-accordion-icon elementor-accordion-icon-left\" aria-hidden=\"true\">\n\t\t\t\t\t\t\t<i class=\"elementor-accordion-icon-closed fa fa-plus\"><\/i>\n\t\t\t\t\t\t\t<i class=\"elementor-accordion-icon-opened fa fa-minus\"><\/i>\n\t\t\t\t\t\t<\/span>\n                    Gibt es eine Frist f\u00fcr die R\u00fcckgabe von Produkten?            <\/div>\n            <div id=\"elementor-tab-content-1893\" class=\"elementor-tab-content elementor-clearfix\" data-tab=\"3\" role=\"tabpanel\" aria-labelledby=\"elementor-tab-title-1893\"><p>Ja, Sie k\u00f6nnen Produkte innerhalb von 14 Tagen ab dem Lieferdatum zur\u00fcckgeben. Einzelheiten zum R\u00fcckgabeverfahren finden Sie auf unserer Seite mit den Erstattungs- und R\u00fcckgaberichtlinien.<\/p>\n<\/div>\n            <\/div>\n                    <div class=\"elementor-accordion-item\">\n            <div id=\"elementor-tab-title-1894\" class=\"elementor-tab-title\" tabindex=\"1894\" data-tab=\"4\" role=\"tab\" aria-controls=\"elementor-tab-content-1894\">\n                        <span class=\"elementor-accordion-icon elementor-accordion-icon-left\" aria-hidden=\"true\">\n\t\t\t\t\t\t\t<i class=\"elementor-accordion-icon-closed fa fa-plus\"><\/i>\n\t\t\t\t\t\t\t<i class=\"elementor-accordion-icon-opened fa fa-minus\"><\/i>\n\t\t\t\t\t\t<\/span>\n                    Welche Zahlungsm\u00f6glichkeiten gibt es?            <\/div>\n            <div id=\"elementor-tab-content-1894\" class=\"elementor-tab-content elementor-clearfix\" data-tab=\"4\" role=\"tabpanel\" aria-labelledby=\"elementor-tab-title-1894\"><p>Bei PeryHome akzeptieren wir Kreditkarten, Debitkarten und andere sichere Online-Zahlungsmethoden. Alle Zahlungen sind durch eine sichere Infrastruktur gesch\u00fctzt.<\/p>\n<\/div>\n            <\/div>\n                    <div class=\"elementor-accordion-item\">\n            <div id=\"elementor-tab-title-1895\" class=\"elementor-tab-title\" tabindex=\"1895\" data-tab=\"5\" role=\"tab\" aria-controls=\"elementor-tab-content-1895\">\n                        <span class=\"elementor-accordion-icon elementor-accordion-icon-left\" aria-hidden=\"true\">\n\t\t\t\t\t\t\t<i class=\"elementor-accordion-icon-closed fa fa-plus\"><\/i>\n\t\t\t\t\t\t\t<i class=\"elementor-accordion-icon-opened fa fa-minus\"><\/i>\n\t\t\t\t\t\t<\/span>\n                    Wie lange dauert die Lieferung?            <\/div>\n            <div id=\"elementor-tab-content-1895\" class=\"elementor-tab-content elementor-clearfix\" data-tab=\"5\" role=\"tabpanel\" aria-labelledby=\"elementor-tab-title-1895\"><p>Die Lieferzeit h\u00e4ngt von der Verf\u00fcgbarkeit des Produkts und Ihrer Lieferadresse ab. Die voraussichtliche Lieferzeit wird auf der Zahlungsseite w\u00e4hrend des Bestellvorgangs angezeigt.<\/p>\n<\/div>\n            <\/div>\n                    <div class=\"elementor-accordion-item\">\n            <div id=\"elementor-tab-title-1896\" class=\"elementor-tab-title\" tabindex=\"1896\" data-tab=\"6\" role=\"tab\" aria-controls=\"elementor-tab-content-1896\">\n                        <span class=\"elementor-accordion-icon elementor-accordion-icon-left\" aria-hidden=\"true\">\n\t\t\t\t\t\t\t<i class=\"elementor-accordion-icon-closed fa fa-plus\"><\/i>\n\t\t\t\t\t\t\t<i class=\"elementor-accordion-icon-opened fa fa-minus\"><\/i>\n\t\t\t\t\t\t<\/span>\n                    Was sollte ich tun, wenn es ein Problem mit meiner Bestellung gibt?            <\/div>\n            <div id=\"elementor-tab-content-1896\" class=\"elementor-tab-content elementor-clearfix\" data-tab=\"6\" role=\"tabpanel\" aria-labelledby=\"elementor-tab-title-1896\"><p>Sollten Sie Probleme mit Ihrer Bestellung haben, wenden Sie sich bitte umgehend an unseren Kundenservice. Unser Team wird Ihnen so schnell wie m\u00f6glich helfen.<\/p><\/p>\n<\/div>\n            <\/div>\n                    <div class=\"elementor-accordion-item\">\n            <div id=\"elementor-tab-title-1897\" class=\"elementor-tab-title\" tabindex=\"1897\" data-tab=\"7\" role=\"tab\" aria-controls=\"elementor-tab-content-1897\">\n                        <span class=\"elementor-accordion-icon elementor-accordion-icon-left\" aria-hidden=\"true\">\n\t\t\t\t\t\t\t<i class=\"elementor-accordion-icon-closed fa fa-plus\"><\/i>\n\t\t\t\t\t\t\t<i class=\"elementor-accordion-icon-opened fa fa-minus\"><\/i>\n\t\t\t\t\t\t<\/span>\n                    Kann ich nach Ablauf der Garantiezeit Unterst\u00fctzung erhalten?            <\/div>\n            <div id=\"elementor-tab-content-1897\" class=\"elementor-tab-content elementor-clearfix\" data-tab=\"7\" role=\"tabpanel\" aria-labelledby=\"elementor-tab-title-1897\"><p>Ja, auch wenn die Garantie f\u00fcr Ihr Produkt abgelaufen ist, k\u00f6nnen Sie sich bei Fragen oder Supportbedarf immer noch an uns wenden. Wir sind f\u00fcr Sie da, wenn es um Produktpflege und Support geht.<\/p>\n<\/div>\n            <\/div>\n                    <div class=\"elementor-accordion-item\">\n            <div id=\"elementor-tab-title-1898\" class=\"elementor-tab-title\" tabindex=\"1898\" data-tab=\"8\" role=\"tab\" aria-controls=\"elementor-tab-content-1898\">\n                        <span class=\"elementor-accordion-icon elementor-accordion-icon-left\" aria-hidden=\"true\">\n\t\t\t\t\t\t\t<i class=\"elementor-accordion-icon-closed fa fa-plus\"><\/i>\n\t\t\t\t\t\t\t<i class=\"elementor-accordion-icon-opened fa fa-minus\"><\/i>\n\t\t\t\t\t\t<\/span>\n                    Kann ich meine Bestellung in einer PeryHome Filiale abholen?            <\/div>\n            <div id=\"elementor-tab-content-1898\" class=\"elementor-tab-content elementor-clearfix\" data-tab=\"8\" role=\"tabpanel\" aria-labelledby=\"elementor-tab-title-1898\"><p>Derzeit bieten wir nur die Lieferung nach Hause an. Alle Bestellungen werden an die angegebene Adresse verschickt.<\/p>\n<\/div>\n            <\/div>\n                <\/div>\n        \t\t\t\t<\/div>\n\t\t\t\t<\/div>\n\t\t\t\t\t<\/div>\n\t\t<\/div>\n\t\t\t\t\t<\/div>\n\t\t<\/section>\n\t\t\t\t<\/div>\n\t\t","protected":false},"excerpt":{"rendered":"<p>Wie kann ich meine Bestellung verfolgen? Sobald Ihre Bestellung versandt wurde, wird eine Tracking-Nummer an Ihre E-Mail-Adresse gesendet. Mit dieser Nummer k\u00f6nnen Sie den Status Ihrer Bestellung auf der Website des Kurierdienstes \u00fcberpr\u00fcfen. Kann ich meine Bestellung stornieren? Ja, Sie k\u00f6nnen Ihre Bestellung stornieren, bevor sie versandt wird. Bitte wenden Sie sich an unseren Kundenservice, &hellip; <\/p>\n<p class=\"link-more\"><a href=\"https:\/\/peryhome.com\/de\/faq\/\" class=\"more-link\">Read More <span class=\"screen-reader-text\"> &#8222;FAQ&#8220;<\/span><\/a><\/p>\n","protected":false},"author":1,"featured_media":0,"parent":0,"menu_order":0,"comment_status":"closed","ping_status":"closed","template":"","meta":{"_monsterinsights_skip_tracking":false,"_monsterinsights_sitenote_active":false,"_monsterinsights_sitenote_note":"","_monsterinsights_sitenote_category":0,"footnotes":""},"class_list":["post-7401","page","type-page","status-publish","hentry"],"yoast_head":"<!-- This site is optimized with the Yoast SEO plugin v24.1 - https:\/\/yoast.com\/wordpress\/plugins\/seo\/ -->\n<title>FAQ - PeryHome<\/title>\n<meta name=\"robots\" content=\"index, follow, max-snippet:-1, max-image-preview:large, max-video-preview:-1\" \/>\n<link rel=\"canonical\" href=\"https:\/\/peryhome.com\/de\/faq\/\" \/>\n<meta property=\"og:locale\" content=\"de_DE\" \/>\n<meta property=\"og:type\" content=\"article\" \/>\n<meta property=\"og:title\" content=\"FAQ - PeryHome\" \/>\n<meta property=\"og:description\" content=\"Wie kann ich meine Bestellung verfolgen? Sobald Ihre Bestellung versandt wurde, wird eine Tracking-Nummer an Ihre E-Mail-Adresse gesendet. Mit dieser Nummer k\u00f6nnen Sie den Status Ihrer Bestellung auf der Website des Kurierdienstes \u00fcberpr\u00fcfen. Kann ich meine Bestellung stornieren? Ja, Sie k\u00f6nnen Ihre Bestellung stornieren, bevor sie versandt wird. Bitte wenden Sie sich an unseren Kundenservice, &hellip; Read More &quot;FAQ&quot;\" \/>\n<meta property=\"og:url\" content=\"https:\/\/peryhome.com\/de\/faq\/\" \/>\n<meta property=\"og:site_name\" content=\"PeryHome\" \/>\n<meta property=\"article:publisher\" content=\"https:\/\/www.facebook.com\/profile.php?id=61566312622555\" \/>\n<meta property=\"article:modified_time\" content=\"2024-12-09T23:21:31+00:00\" \/>\n<meta name=\"twitter:card\" content=\"summary_large_image\" \/>\n<meta name=\"twitter:label1\" content=\"Gesch\u00e4tzte Lesezeit\" \/>\n\t<meta name=\"twitter:data1\" content=\"1\u00a0Minute\" \/>\n<script type=\"application\/ld+json\" class=\"yoast-schema-graph\">{\"@context\":\"https:\/\/schema.org\",\"@graph\":[{\"@type\":\"WebPage\",\"@id\":\"https:\/\/peryhome.com\/de\/faq\/\",\"url\":\"https:\/\/peryhome.com\/de\/faq\/\",\"name\":\"FAQ - PeryHome\",\"isPartOf\":{\"@id\":\"https:\/\/peryhome.com\/de\/#website\"},\"datePublished\":\"2018-09-10T02:24:42+00:00\",\"dateModified\":\"2024-12-09T23:21:31+00:00\",\"breadcrumb\":{\"@id\":\"https:\/\/peryhome.com\/de\/faq\/#breadcrumb\"},\"inLanguage\":\"de\",\"potentialAction\":[{\"@type\":\"ReadAction\",\"target\":[\"https:\/\/peryhome.com\/de\/faq\/\"]}]},{\"@type\":\"BreadcrumbList\",\"@id\":\"https:\/\/peryhome.com\/de\/faq\/#breadcrumb\",\"itemListElement\":[{\"@type\":\"ListItem\",\"position\":1,\"name\":\"Anasayfa\",\"item\":\"https:\/\/peryhome.com\/de\/startseite\/\"},{\"@type\":\"ListItem\",\"position\":2,\"name\":\"FAQ\"}]},{\"@type\":\"WebSite\",\"@id\":\"https:\/\/peryhome.com\/de\/#website\",\"url\":\"https:\/\/peryhome.com\/de\/\",\"name\":\"PeryHome\",\"description\":\"Art of Furniture\",\"publisher\":{\"@id\":\"https:\/\/peryhome.com\/de\/#organization\"},\"potentialAction\":[{\"@type\":\"SearchAction\",\"target\":{\"@type\":\"EntryPoint\",\"urlTemplate\":\"https:\/\/peryhome.com\/de\/?s={search_term_string}\"},\"query-input\":{\"@type\":\"PropertyValueSpecification\",\"valueRequired\":true,\"valueName\":\"search_term_string\"}}],\"inLanguage\":\"de\"},{\"@type\":\"Organization\",\"@id\":\"https:\/\/peryhome.com\/de\/#organization\",\"name\":\"PeryHome\",\"url\":\"https:\/\/peryhome.com\/de\/\",\"logo\":{\"@type\":\"ImageObject\",\"inLanguage\":\"de\",\"@id\":\"https:\/\/peryhome.com\/de\/#\/schema\/logo\/image\/\",\"url\":\"https:\/\/peryhome.com\/wp-content\/uploads\/2024\/12\/Logo_horizontal_HQ.webp\",\"contentUrl\":\"https:\/\/peryhome.com\/wp-content\/uploads\/2024\/12\/Logo_horizontal_HQ.webp\",\"width\":1000,\"height\":269,\"caption\":\"PeryHome\"},\"image\":{\"@id\":\"https:\/\/peryhome.com\/de\/#\/schema\/logo\/image\/\"},\"sameAs\":[\"https:\/\/www.facebook.com\/profile.php?id=61566312622555\",\"https:\/\/www.instagram.com\/peryhome.eu\/\"]}]}<\/script>\n<!-- \/ Yoast SEO plugin. -->","yoast_head_json":{"title":"FAQ - PeryHome","robots":{"index":"index","follow":"follow","max-snippet":"max-snippet:-1","max-image-preview":"max-image-preview:large","max-video-preview":"max-video-preview:-1"},"canonical":"https:\/\/peryhome.com\/de\/faq\/","og_locale":"de_DE","og_type":"article","og_title":"FAQ - PeryHome","og_description":"Wie kann ich meine Bestellung verfolgen? Sobald Ihre Bestellung versandt wurde, wird eine Tracking-Nummer an Ihre E-Mail-Adresse gesendet. Mit dieser Nummer k\u00f6nnen Sie den Status Ihrer Bestellung auf der Website des Kurierdienstes \u00fcberpr\u00fcfen. Kann ich meine Bestellung stornieren? Ja, Sie k\u00f6nnen Ihre Bestellung stornieren, bevor sie versandt wird. Bitte wenden Sie sich an unseren Kundenservice, &hellip; Read More \"FAQ\"","og_url":"https:\/\/peryhome.com\/de\/faq\/","og_site_name":"PeryHome","article_publisher":"https:\/\/www.facebook.com\/profile.php?id=61566312622555","article_modified_time":"2024-12-09T23:21:31+00:00","twitter_card":"summary_large_image","twitter_misc":{"Gesch\u00e4tzte Lesezeit":"1\u00a0Minute"},"schema":{"@context":"https:\/\/schema.org","@graph":[{"@type":"WebPage","@id":"https:\/\/peryhome.com\/de\/faq\/","url":"https:\/\/peryhome.com\/de\/faq\/","name":"FAQ - PeryHome","isPartOf":{"@id":"https:\/\/peryhome.com\/de\/#website"},"datePublished":"2018-09-10T02:24:42+00:00","dateModified":"2024-12-09T23:21:31+00:00","breadcrumb":{"@id":"https:\/\/peryhome.com\/de\/faq\/#breadcrumb"},"inLanguage":"de","potentialAction":[{"@type":"ReadAction","target":["https:\/\/peryhome.com\/de\/faq\/"]}]},{"@type":"BreadcrumbList","@id":"https:\/\/peryhome.com\/de\/faq\/#breadcrumb","itemListElement":[{"@type":"ListItem","position":1,"name":"Anasayfa","item":"https:\/\/peryhome.com\/de\/startseite\/"},{"@type":"ListItem","position":2,"name":"FAQ"}]},{"@type":"WebSite","@id":"https:\/\/peryhome.com\/de\/#website","url":"https:\/\/peryhome.com\/de\/","name":"PeryHome","description":"Art of Furniture","publisher":{"@id":"https:\/\/peryhome.com\/de\/#organization"},"potentialAction":[{"@type":"SearchAction","target":{"@type":"EntryPoint","urlTemplate":"https:\/\/peryhome.com\/de\/?s={search_term_string}"},"query-input":{"@type":"PropertyValueSpecification","valueRequired":true,"valueName":"search_term_string"}}],"inLanguage":"de"},{"@type":"Organization","@id":"https:\/\/peryhome.com\/de\/#organization","name":"PeryHome","url":"https:\/\/peryhome.com\/de\/","logo":{"@type":"ImageObject","inLanguage":"de","@id":"https:\/\/peryhome.com\/de\/#\/schema\/logo\/image\/","url":"https:\/\/peryhome.com\/wp-content\/uploads\/2024\/12\/Logo_horizontal_HQ.webp","contentUrl":"https:\/\/peryhome.com\/wp-content\/uploads\/2024\/12\/Logo_horizontal_HQ.webp","width":1000,"height":269,"caption":"PeryHome"},"image":{"@id":"https:\/\/peryhome.com\/de\/#\/schema\/logo\/image\/"},"sameAs":["https:\/\/www.facebook.com\/profile.php?id=61566312622555","https:\/\/www.instagram.com\/peryhome.eu\/"]}]}},"jetpack_sharing_enabled":true,"_links":{"self":[{"href":"https:\/\/peryhome.com\/de\/wp-json\/wp\/v2\/pages\/7401"}],"collection":[{"href":"https:\/\/peryhome.com\/de\/wp-json\/wp\/v2\/pages"}],"about":[{"href":"https:\/\/peryhome.com\/de\/wp-json\/wp\/v2\/types\/page"}],"author":[{"embeddable":true,"href":"https:\/\/peryhome.com\/de\/wp-json\/wp\/v2\/users\/1"}],"replies":[{"embeddable":true,"href":"https:\/\/peryhome.com\/de\/wp-json\/wp\/v2\/comments?post=7401"}],"version-history":[{"count":1,"href":"https:\/\/peryhome.com\/de\/wp-json\/wp\/v2\/pages\/7401\/revisions"}],"predecessor-version":[{"id":7402,"href":"https:\/\/peryhome.com\/de\/wp-json\/wp\/v2\/pages\/7401\/revisions\/7402"}],"wp:attachment":[{"href":"https:\/\/peryhome.com\/de\/wp-json\/wp\/v2\/media?parent=7401"}],"curies":[{"name":"wp","href":"https:\/\/api.w.org\/{rel}","templated":true}]}}