{"id":9030,"date":"2024-12-16T21:27:10","date_gmt":"2024-12-16T21:27:10","guid":{"rendered":"https:\/\/peryhome.com\/impressum\/"},"modified":"2024-12-16T22:00:20","modified_gmt":"2024-12-16T22:00:20","slug":"impressum","status":"publish","type":"page","link":"https:\/\/peryhome.com\/de\/impressum\/","title":{"rendered":"Impressum"},"content":{"rendered":"\t\t<div data-elementor-type=\"wp-post\" data-elementor-id=\"9030\" class=\"elementor elementor-9030\" data-elementor-post-type=\"page\">\n\t\t\t\t\t\t<section class=\"elementor-section elementor-top-section elementor-element elementor-element-6629ce6 elementor-section-boxed elementor-section-height-default elementor-section-height-default\" data-id=\"6629ce6\" data-element_type=\"section\">\n\t\t\t\t\t\t<div class=\"elementor-container elementor-column-gap-no\">\n\t\t\t\t\t<div class=\"elementor-column elementor-col-100 elementor-top-column elementor-element elementor-element-beb4e9f\" data-id=\"beb4e9f\" data-element_type=\"column\">\n\t\t\t<div class=\"elementor-widget-wrap elementor-element-populated\">\n\t\t\t\t\t\t<div class=\"elementor-element elementor-element-4494539 elementor-widget elementor-widget-heading\" data-id=\"4494539\" data-element_type=\"widget\" data-widget_type=\"heading.default\">\n\t\t\t\t<div class=\"elementor-widget-container\">\n\t\t\t\t\t<h2 class=\"elementor-heading-title elementor-size-default\">Impressum<\/h2>\t\t\t\t<\/div>\n\t\t\t\t<\/div>\n\t\t\t\t<div class=\"elementor-element elementor-element-96ae52f elementor-widget elementor-widget-text-editor\" data-id=\"96ae52f\" data-element_type=\"widget\" data-widget_type=\"text-editor.default\">\n\t\t\t\t<div class=\"elementor-widget-container\">\n\t\t\t\t\t\t\t<div class=\"elementor-text-editor elementor-clearfix\"><p><strong>Unternehmensinformationen:<\/strong><br \/>Firmenname: MEKA BURGAZLI MOBILYA Sp. z o.o \/ PERYHOME<br \/>Rechtsform: Gesellschaft mit beschr\u00e4nkter Haftung (Sp. z o.o.)<br \/>Gesch\u00e4ftssitz: UL. JULIANA SMULIKOWSKIEGO 4A\/21, WARSZAWA\/POLEN<br \/>KRS (Nationales Gerichtsregister): 0001132270<br \/>NIP (Steuer-ID): 5214089690<br \/>REGON: 52992213500000 <\/p>\n<p><strong>Kontaktinformationen:<\/strong><br \/>Telefon: +48 453 099 877<br \/>E-Mail: info@peryhome.com<br \/>Website: www.peryhome.com<\/p>\n<p><strong>Vertretungsberechtigter:<\/strong><br \/>Halil Ibrahim Ozcan<br \/>Position: Eigent\u00fcmer<\/p>\n<p><strong>Urheberrechte und Marken:<\/strong><br \/>Alle auf dieser Website verf\u00fcgbaren Inhalte, einschlie\u00dflich, aber nicht beschr\u00e4nkt auf Texte, Bilder, Grafiken, Logos, Seitenlayout, Designs und sonstige Materialien (nachfolgend \u201eInhalte\u201c), sind durch Urheberrechte und andere Rechte an geistigem Eigentum gesch\u00fctzt und Eigentum von MEKA BURGAZLI MOBILYA Sp. z o.o. oder deren Lizenzgebern. Jegliches Kopieren, Reproduzieren, Bearbeiten oder jede andere Verwendung der Inhalte ohne vorherige schriftliche Genehmigung ist untersagt und kann rechtliche Konsequenzen nach sich ziehen. <\/p>\n<p><strong>Haftungsbeschr\u00e4nkung:<\/strong><br \/>Wir bem\u00fchen uns, die auf unserer Website pr\u00e4sentierten Informationen stets aktuell und korrekt zu halten. Dennoch \u00fcbernehmen wir keine Haftung f\u00fcr m\u00f6gliche Fehler, Ungenauigkeiten oder Auslassungen. Externe Links werden ausschlie\u00dflich zu Informationszwecken bereitgestellt. Da wir keinen Einfluss auf den Inhalt oder die Datenschutzrichtlinien externer Seiten haben, \u00fcbernehmen wir f\u00fcr diese keine Verantwortung.   <\/p>\n<p><strong>Datenschutzerkl\u00e4rung (RODO\/DSGVO):<\/strong><br \/>Der Schutz personenbezogener Daten hat f\u00fcr uns oberste Priorit\u00e4t. Informationen \u00fcber die Erhebung, Verarbeitung und den Schutz personenbezogener Daten finden Sie in unserer <a href=\"https:\/\/peryhome.com\/de\/datenschutzbestimmungen\/\">Datenschutzerkl\u00e4rung<\/a>. Alle Datenverarbeitungen erfolgen in \u00dcbereinstimmung mit den geltenden Gesetzen, einschlie\u00dflich der Verordnung (EU) 2016\/679 (DSGVO).  <\/p>\n<p><strong>Anwendbares Recht und Gerichtsstand:<\/strong><br \/>Alle Streitigkeiten, die sich aus der Nutzung dieser Website ergeben, unterliegen dem polnischen Recht und werden von den zust\u00e4ndigen polnischen Gerichten entschieden.<\/p>\n<\/div>\n\t\t\t\t\t\t<\/div>\n\t\t\t\t<\/div>\n\t\t\t\t\t<\/div>\n\t\t<\/div>\n\t\t\t\t\t<\/div>\n\t\t<\/section>\n\t\t\t\t<section class=\"elementor-section elementor-top-section elementor-element elementor-element-a00a8ee elementor-section-stretched elementor-section-boxed elementor-section-height-default elementor-section-height-default\" data-id=\"a00a8ee\" data-element_type=\"section\" data-settings=\"{&quot;stretch_section&quot;:&quot;section-stretched&quot;}\">\n\t\t\t\t\t\t<div class=\"elementor-container elementor-column-gap-no\">\n\t\t\t\t\t<div class=\"elementor-column elementor-col-100 elementor-top-column elementor-element elementor-element-10d235c animated-fast elementor-invisible\" data-id=\"10d235c\" data-element_type=\"column\" data-settings=\"{&quot;animation&quot;:&quot;opal-move-up&quot;}\">\n\t\t\t<div class=\"elementor-widget-wrap elementor-element-populated\">\n\t\t\t\t\t\t<div class=\"elementor-element elementor-element-9a1fe85 elementor-widget elementor-widget-heading\" data-id=\"9a1fe85\" data-element_type=\"widget\" data-widget_type=\"heading.default\">\n\t\t\t\t<div class=\"elementor-widget-container\">\n\t\t\t\t\t<h2 class=\"elementor-heading-title elementor-size-default\">Brauchen Sie Unterst\u00fctzung?<\/h2>\t\t\t\t<\/div>\n\t\t\t\t<\/div>\n\t\t\t\t<section class=\"elementor-section elementor-inner-section elementor-element elementor-element-561573b elementor-section-full_width animated-fast elementor-section-height-default elementor-section-height-default elementor-invisible\" data-id=\"561573b\" data-element_type=\"section\" data-settings=\"{&quot;animation&quot;:&quot;opal-move-up&quot;}\">\n\t\t\t\t\t\t<div class=\"elementor-container elementor-column-gap-no\">\n\t\t\t\t\t<div class=\"elementor-column elementor-col-33 elementor-inner-column elementor-element elementor-element-aaf14cc\" data-id=\"aaf14cc\" data-element_type=\"column\">\n\t\t\t<div class=\"elementor-widget-wrap elementor-element-populated\">\n\t\t\t\t\t\t<div class=\"elementor-element elementor-element-110979d elementor-view-default elementor-position-top elementor-mobile-position-top elementor-widget elementor-widget-icon-box\" data-id=\"110979d\" data-element_type=\"widget\" data-widget_type=\"icon-box.default\">\n\t\t\t\t<div class=\"elementor-widget-container\">\n\t\t\t\t\t\t\t<div class=\"elementor-icon-box-wrapper\">\n\n\t\t\t\t\t\t<div class=\"elementor-icon-box-icon\">\n\t\t\t\t<a href=\"https:\/\/wa.me\/48453099877\" class=\"elementor-icon\" tabindex=\"-1\" aria-label=\"Chat-Unterst\u00fctzung\">\n\t\t\t\t<i aria-hidden=\"true\" class=\"opal-icon- opal-icon-chat-support\"><\/i>\t\t\t\t<\/a>\n\t\t\t<\/div>\n\t\t\t\n\t\t\t\t\t\t<div class=\"elementor-icon-box-content\">\n\n\t\t\t\t\t\t\t\t\t<h3 class=\"elementor-icon-box-title\">\n\t\t\t\t\t\t<a href=\"https:\/\/wa.me\/48453099877\" >\n\t\t\t\t\t\t\tChat-Unterst\u00fctzung\t\t\t\t\t\t<\/a>\n\t\t\t\t\t<\/h3>\n\t\t\t\t\n\t\t\t\t\n\t\t\t<\/div>\n\t\t\t\n\t\t<\/div>\n\t\t\t\t\t\t<\/div>\n\t\t\t\t<\/div>\n\t\t\t\t\t<\/div>\n\t\t<\/div>\n\t\t\t\t<div class=\"elementor-column elementor-col-33 elementor-inner-column elementor-element elementor-element-0fc590b\" data-id=\"0fc590b\" data-element_type=\"column\">\n\t\t\t<div class=\"elementor-widget-wrap elementor-element-populated\">\n\t\t\t\t\t\t<div class=\"elementor-element elementor-element-c992a9d elementor-view-default elementor-position-top elementor-mobile-position-top elementor-widget elementor-widget-icon-box\" data-id=\"c992a9d\" data-element_type=\"widget\" data-widget_type=\"icon-box.default\">\n\t\t\t\t<div class=\"elementor-widget-container\">\n\t\t\t\t\t\t\t<div class=\"elementor-icon-box-wrapper\">\n\n\t\t\t\t\t\t<div class=\"elementor-icon-box-icon\">\n\t\t\t\t<a href=\"tel:+48-453-099-877\" class=\"elementor-icon\" tabindex=\"-1\" aria-label=\"Telefon Berater\">\n\t\t\t\t<i aria-hidden=\"true\" class=\"opal-icon- opal-icon-phone-support\"><\/i>\t\t\t\t<\/a>\n\t\t\t<\/div>\n\t\t\t\n\t\t\t\t\t\t<div class=\"elementor-icon-box-content\">\n\n\t\t\t\t\t\t\t\t\t<h3 class=\"elementor-icon-box-title\">\n\t\t\t\t\t\t<a href=\"tel:+48-453-099-877\" >\n\t\t\t\t\t\t\tTelefon Berater\t\t\t\t\t\t<\/a>\n\t\t\t\t\t<\/h3>\n\t\t\t\t\n\t\t\t\t\n\t\t\t<\/div>\n\t\t\t\n\t\t<\/div>\n\t\t\t\t\t\t<\/div>\n\t\t\t\t<\/div>\n\t\t\t\t\t<\/div>\n\t\t<\/div>\n\t\t\t\t<div class=\"elementor-column elementor-col-33 elementor-inner-column elementor-element elementor-element-e556f64\" data-id=\"e556f64\" data-element_type=\"column\">\n\t\t\t<div class=\"elementor-widget-wrap elementor-element-populated\">\n\t\t\t\t\t\t<div class=\"elementor-element elementor-element-8ca2794 elementor-view-default elementor-position-top elementor-mobile-position-top elementor-widget elementor-widget-icon-box\" data-id=\"8ca2794\" data-element_type=\"widget\" data-widget_type=\"icon-box.default\">\n\t\t\t\t<div class=\"elementor-widget-container\">\n\t\t\t\t\t\t\t<div class=\"elementor-icon-box-wrapper\">\n\n\t\t\t\t\t\t<div class=\"elementor-icon-box-icon\">\n\t\t\t\t<a href=\"https:\/\/peryhome.com\/de\/kontaktieren-sie-uns\/\" class=\"elementor-icon\" tabindex=\"-1\" aria-label=\"Besuchen Sie unser Forum\">\n\t\t\t\t<i aria-hidden=\"true\" class=\"opal-icon- opal-icon-forum\"><\/i>\t\t\t\t<\/a>\n\t\t\t<\/div>\n\t\t\t\n\t\t\t\t\t\t<div class=\"elementor-icon-box-content\">\n\n\t\t\t\t\t\t\t\t\t<h3 class=\"elementor-icon-box-title\">\n\t\t\t\t\t\t<a href=\"https:\/\/peryhome.com\/de\/kontaktieren-sie-uns\/\" >\n\t\t\t\t\t\t\tBesuchen Sie unser Forum\t\t\t\t\t\t<\/a>\n\t\t\t\t\t<\/h3>\n\t\t\t\t\n\t\t\t\t\n\t\t\t<\/div>\n\t\t\t\n\t\t<\/div>\n\t\t\t\t\t\t<\/div>\n\t\t\t\t<\/div>\n\t\t\t\t\t<\/div>\n\t\t<\/div>\n\t\t\t\t\t<\/div>\n\t\t<\/section>\n\t\t\t\t\t<\/div>\n\t\t<\/div>\n\t\t\t\t\t<\/div>\n\t\t<\/section>\n\t\t\t\t<\/div>\n\t\t","protected":false},"excerpt":{"rendered":"<p>Impressum Unternehmensinformationen:Firmenname: MEKA BURGAZLI MOBILYA Sp. z o.o \/ PERYHOMERechtsform: Gesellschaft mit beschr\u00e4nkter Haftung (Sp. z o.o.)Gesch\u00e4ftssitz: UL. JULIANA SMULIKOWSKIEGO 4A\/21, WARSZAWA\/POLENKRS (Nationales Gerichtsregister): 0001132270NIP (Steuer-ID): 5214089690REGON: 52992213500000 Kontaktinformationen:Telefon: +48 453 099 877E-Mail: info@peryhome.comWebsite: www.peryhome.com Vertretungsberechtigter:Halil Ibrahim OzcanPosition: Eigent\u00fcmer Urheberrechte und Marken:Alle auf dieser Website verf\u00fcgbaren Inhalte, einschlie\u00dflich, aber nicht beschr\u00e4nkt auf Texte, Bilder, Grafiken, &hellip; <\/p>\n<p class=\"link-more\"><a href=\"https:\/\/peryhome.com\/de\/impressum\/\" class=\"more-link\">Read More <span class=\"screen-reader-text\"> &#8222;Impressum&#8220;<\/span><\/a><\/p>\n","protected":false},"author":2,"featured_media":0,"parent":0,"menu_order":0,"comment_status":"closed","ping_status":"closed","template":"","meta":{"_monsterinsights_skip_tracking":false,"_monsterinsights_sitenote_active":false,"_monsterinsights_sitenote_note":"","_monsterinsights_sitenote_category":0,"footnotes":""},"class_list":["post-9030","page","type-page","status-publish","hentry"],"yoast_head":"<!-- This site is optimized with the Yoast SEO plugin v24.1 - https:\/\/yoast.com\/wordpress\/plugins\/seo\/ -->\n<title>Impressum - PeryHome<\/title>\n<meta name=\"robots\" content=\"index, follow, max-snippet:-1, max-image-preview:large, max-video-preview:-1\" \/>\n<link rel=\"canonical\" href=\"https:\/\/peryhome.com\/de\/impressum\/\" \/>\n<meta property=\"og:locale\" content=\"de_DE\" \/>\n<meta property=\"og:type\" content=\"article\" \/>\n<meta property=\"og:title\" content=\"Impressum - PeryHome\" \/>\n<meta property=\"og:description\" content=\"Impressum Unternehmensinformationen:Firmenname: MEKA BURGAZLI MOBILYA Sp. z o.o \/ PERYHOMERechtsform: Gesellschaft mit beschr\u00e4nkter Haftung (Sp. z o.o.)Gesch\u00e4ftssitz: UL. JULIANA SMULIKOWSKIEGO 4A\/21, WARSZAWA\/POLENKRS (Nationales Gerichtsregister): 0001132270NIP (Steuer-ID): 5214089690REGON: 52992213500000 Kontaktinformationen:Telefon: +48 453 099 877E-Mail: info@peryhome.comWebsite: www.peryhome.com Vertretungsberechtigter:Halil Ibrahim OzcanPosition: Eigent\u00fcmer Urheberrechte und Marken:Alle auf dieser Website verf\u00fcgbaren Inhalte, einschlie\u00dflich, aber nicht beschr\u00e4nkt auf Texte, Bilder, Grafiken, &hellip; Read More &quot;Impressum&quot;\" \/>\n<meta property=\"og:url\" content=\"https:\/\/peryhome.com\/de\/impressum\/\" \/>\n<meta property=\"og:site_name\" content=\"PeryHome\" \/>\n<meta property=\"article:publisher\" content=\"https:\/\/www.facebook.com\/profile.php?id=61566312622555\" \/>\n<meta property=\"article:modified_time\" content=\"2024-12-16T22:00:20+00:00\" \/>\n<meta name=\"twitter:card\" content=\"summary_large_image\" \/>\n<meta name=\"twitter:label1\" content=\"Gesch\u00e4tzte Lesezeit\" \/>\n\t<meta name=\"twitter:data1\" content=\"1\u00a0Minute\" \/>\n<script type=\"application\/ld+json\" class=\"yoast-schema-graph\">{\"@context\":\"https:\/\/schema.org\",\"@graph\":[{\"@type\":\"WebPage\",\"@id\":\"https:\/\/peryhome.com\/de\/impressum\/\",\"url\":\"https:\/\/peryhome.com\/de\/impressum\/\",\"name\":\"Impressum - PeryHome\",\"isPartOf\":{\"@id\":\"https:\/\/peryhome.com\/de\/#website\"},\"datePublished\":\"2024-12-16T21:27:10+00:00\",\"dateModified\":\"2024-12-16T22:00:20+00:00\",\"breadcrumb\":{\"@id\":\"https:\/\/peryhome.com\/de\/impressum\/#breadcrumb\"},\"inLanguage\":\"de\",\"potentialAction\":[{\"@type\":\"ReadAction\",\"target\":[\"https:\/\/peryhome.com\/de\/impressum\/\"]}]},{\"@type\":\"BreadcrumbList\",\"@id\":\"https:\/\/peryhome.com\/de\/impressum\/#breadcrumb\",\"itemListElement\":[{\"@type\":\"ListItem\",\"position\":1,\"name\":\"Anasayfa\",\"item\":\"https:\/\/peryhome.com\/de\/startseite\/\"},{\"@type\":\"ListItem\",\"position\":2,\"name\":\"Impressum\"}]},{\"@type\":\"WebSite\",\"@id\":\"https:\/\/peryhome.com\/de\/#website\",\"url\":\"https:\/\/peryhome.com\/de\/\",\"name\":\"PeryHome\",\"description\":\"Art of Furniture\",\"publisher\":{\"@id\":\"https:\/\/peryhome.com\/de\/#organization\"},\"potentialAction\":[{\"@type\":\"SearchAction\",\"target\":{\"@type\":\"EntryPoint\",\"urlTemplate\":\"https:\/\/peryhome.com\/de\/?s={search_term_string}\"},\"query-input\":{\"@type\":\"PropertyValueSpecification\",\"valueRequired\":true,\"valueName\":\"search_term_string\"}}],\"inLanguage\":\"de\"},{\"@type\":\"Organization\",\"@id\":\"https:\/\/peryhome.com\/de\/#organization\",\"name\":\"PeryHome\",\"url\":\"https:\/\/peryhome.com\/de\/\",\"logo\":{\"@type\":\"ImageObject\",\"inLanguage\":\"de\",\"@id\":\"https:\/\/peryhome.com\/de\/#\/schema\/logo\/image\/\",\"url\":\"https:\/\/peryhome.com\/wp-content\/uploads\/2024\/12\/Logo_horizontal_HQ.webp\",\"contentUrl\":\"https:\/\/peryhome.com\/wp-content\/uploads\/2024\/12\/Logo_horizontal_HQ.webp\",\"width\":1000,\"height\":269,\"caption\":\"PeryHome\"},\"image\":{\"@id\":\"https:\/\/peryhome.com\/de\/#\/schema\/logo\/image\/\"},\"sameAs\":[\"https:\/\/www.facebook.com\/profile.php?id=61566312622555\",\"https:\/\/www.instagram.com\/peryhome.eu\/\"]}]}<\/script>\n<!-- \/ Yoast SEO plugin. -->","yoast_head_json":{"title":"Impressum - PeryHome","robots":{"index":"index","follow":"follow","max-snippet":"max-snippet:-1","max-image-preview":"max-image-preview:large","max-video-preview":"max-video-preview:-1"},"canonical":"https:\/\/peryhome.com\/de\/impressum\/","og_locale":"de_DE","og_type":"article","og_title":"Impressum - PeryHome","og_description":"Impressum Unternehmensinformationen:Firmenname: MEKA BURGAZLI MOBILYA Sp. z o.o \/ PERYHOMERechtsform: Gesellschaft mit beschr\u00e4nkter Haftung (Sp. z o.o.)Gesch\u00e4ftssitz: UL. JULIANA SMULIKOWSKIEGO 4A\/21, WARSZAWA\/POLENKRS (Nationales Gerichtsregister): 0001132270NIP (Steuer-ID): 5214089690REGON: 52992213500000 Kontaktinformationen:Telefon: +48 453 099 877E-Mail: info@peryhome.comWebsite: www.peryhome.com Vertretungsberechtigter:Halil Ibrahim OzcanPosition: Eigent\u00fcmer Urheberrechte und Marken:Alle auf dieser Website verf\u00fcgbaren Inhalte, einschlie\u00dflich, aber nicht beschr\u00e4nkt auf Texte, Bilder, Grafiken, &hellip; Read More \"Impressum\"","og_url":"https:\/\/peryhome.com\/de\/impressum\/","og_site_name":"PeryHome","article_publisher":"https:\/\/www.facebook.com\/profile.php?id=61566312622555","article_modified_time":"2024-12-16T22:00:20+00:00","twitter_card":"summary_large_image","twitter_misc":{"Gesch\u00e4tzte Lesezeit":"1\u00a0Minute"},"schema":{"@context":"https:\/\/schema.org","@graph":[{"@type":"WebPage","@id":"https:\/\/peryhome.com\/de\/impressum\/","url":"https:\/\/peryhome.com\/de\/impressum\/","name":"Impressum - PeryHome","isPartOf":{"@id":"https:\/\/peryhome.com\/de\/#website"},"datePublished":"2024-12-16T21:27:10+00:00","dateModified":"2024-12-16T22:00:20+00:00","breadcrumb":{"@id":"https:\/\/peryhome.com\/de\/impressum\/#breadcrumb"},"inLanguage":"de","potentialAction":[{"@type":"ReadAction","target":["https:\/\/peryhome.com\/de\/impressum\/"]}]},{"@type":"BreadcrumbList","@id":"https:\/\/peryhome.com\/de\/impressum\/#breadcrumb","itemListElement":[{"@type":"ListItem","position":1,"name":"Anasayfa","item":"https:\/\/peryhome.com\/de\/startseite\/"},{"@type":"ListItem","position":2,"name":"Impressum"}]},{"@type":"WebSite","@id":"https:\/\/peryhome.com\/de\/#website","url":"https:\/\/peryhome.com\/de\/","name":"PeryHome","description":"Art of Furniture","publisher":{"@id":"https:\/\/peryhome.com\/de\/#organization"},"potentialAction":[{"@type":"SearchAction","target":{"@type":"EntryPoint","urlTemplate":"https:\/\/peryhome.com\/de\/?s={search_term_string}"},"query-input":{"@type":"PropertyValueSpecification","valueRequired":true,"valueName":"search_term_string"}}],"inLanguage":"de"},{"@type":"Organization","@id":"https:\/\/peryhome.com\/de\/#organization","name":"PeryHome","url":"https:\/\/peryhome.com\/de\/","logo":{"@type":"ImageObject","inLanguage":"de","@id":"https:\/\/peryhome.com\/de\/#\/schema\/logo\/image\/","url":"https:\/\/peryhome.com\/wp-content\/uploads\/2024\/12\/Logo_horizontal_HQ.webp","contentUrl":"https:\/\/peryhome.com\/wp-content\/uploads\/2024\/12\/Logo_horizontal_HQ.webp","width":1000,"height":269,"caption":"PeryHome"},"image":{"@id":"https:\/\/peryhome.com\/de\/#\/schema\/logo\/image\/"},"sameAs":["https:\/\/www.facebook.com\/profile.php?id=61566312622555","https:\/\/www.instagram.com\/peryhome.eu\/"]}]}},"jetpack_sharing_enabled":true,"_links":{"self":[{"href":"https:\/\/peryhome.com\/de\/wp-json\/wp\/v2\/pages\/9030"}],"collection":[{"href":"https:\/\/peryhome.com\/de\/wp-json\/wp\/v2\/pages"}],"about":[{"href":"https:\/\/peryhome.com\/de\/wp-json\/wp\/v2\/types\/page"}],"author":[{"embeddable":true,"href":"https:\/\/peryhome.com\/de\/wp-json\/wp\/v2\/users\/2"}],"replies":[{"embeddable":true,"href":"https:\/\/peryhome.com\/de\/wp-json\/wp\/v2\/comments?post=9030"}],"version-history":[{"count":1,"href":"https:\/\/peryhome.com\/de\/wp-json\/wp\/v2\/pages\/9030\/revisions"}],"predecessor-version":[{"id":9031,"href":"https:\/\/peryhome.com\/de\/wp-json\/wp\/v2\/pages\/9030\/revisions\/9031"}],"wp:attachment":[{"href":"https:\/\/peryhome.com\/de\/wp-json\/wp\/v2\/media?parent=9030"}],"curies":[{"name":"wp","href":"https:\/\/api.w.org\/{rel}","templated":true}]}}