{"id":7114,"date":"2024-10-30T18:53:51","date_gmt":"2024-10-30T18:53:51","guid":{"rendered":"https:\/\/peryhome.com\/product\/infinity-sofa-3-sitzer-modernes-design-luxurioeser-komfort-individuelle-stoffoptionen\/"},"modified":"2024-12-09T11:29:52","modified_gmt":"2024-12-09T11:29:52","slug":"infinity-sofa-3-sitzer-modernes-design-luxurioeser-komfort-individuelle-stoffoptionen","status":"publish","type":"product","link":"https:\/\/peryhome.com\/de\/product\/infinity-sofa-3-sitzer-modernes-design-luxurioeser-komfort-individuelle-stoffoptionen\/","title":{"rendered":"Infinity Sofa &#8211; 3-Sitzer, modernes Design, luxuri\u00f6ser Komfort, individuelle Stoffoptionen"},"content":{"rendered":"<div class=\"flex-shrink-0 flex flex-col relative items-end\">\n<div class=\"pt-0\">\n<div class=\"gizmo-bot-avatar flex h-8 w-8 items-center justify-center overflow-hidden rounded-full\">\n<div class=\"relative p-1 rounded-sm flex items-center justify-center bg-token-main-surface-primary text-token-text-primary h-8 w-8\">\n<h3><strong>Infinity Sofa &#8211; Moderner Luxuskomfort von PeryHome<\/strong><\/h3>\n<p>Das <strong>Infinity Sofa<\/strong> von <a href=\"https:\/\/www.instagram.com\/peryhome.eu\/\"><strong>PeryHome<\/strong><\/a> vereint <strong>modernen Luxus<\/strong> und au\u00dfergew\u00f6hnlichen Komfort. Es ist die perfekte Wahl f\u00fcr jedes Wohnzimmer. Dieses <strong>3-Sitzer-Sofa<\/strong> f\u00fcgt sich sowohl in moderne als auch in klassische Einrichtungen nahtlos ein. Durch die M\u00f6glichkeit, den Stoff und die Farbe individuell anzupassen, passt sich das <strong>Infinity <\/strong><strong>Sofa<\/strong> jedem Einrichtungsstil an und ist somit eine vielseitige und stilvolle Erg\u00e4nzung f\u00fcr Ihr Zuhause.   <\/p>\n<hr>\n<h3><strong>Anpassbare Stoffe und Oberfl\u00e4chen f\u00fcr eine pers\u00f6nliche Note<\/strong><\/h3>\n<p>Ein wesentliches Merkmal des <strong>Infinity <\/strong><strong>Sofas<\/strong> sind seine Anpassungsm\u00f6glichkeiten. Sie k\u00f6nnen aus einer Reihe von luxuri\u00f6sen Stoffen w\u00e4hlen, darunter <strong>Leinen<\/strong>, <strong>Samt<\/strong> und <strong>Kunstleder<\/strong>. Jeder Stoff bietet eine einzigartige Textur, die den Gesamteindruck des Sofas unterstreicht. Auch die Farbe und das Finish der Beine k\u00f6nnen Sie ganz nach Ihrem Geschmack w\u00e4hlen. Dank dieser Anpassungsm\u00f6glichkeiten k\u00f6nnen Sie das <strong>Infinity <\/strong><strong>Sofa<\/strong> so gestalten, dass es perfekt zur Einrichtung Ihres Zuhauses passt.    <\/p>\n<hr>\n<h3><strong>Unerreichter Komfort und langlebige Funktionalit\u00e4t<\/strong><\/h3>\n<p>Beim <strong>Infinity <\/strong><strong>Sofa<\/strong> geht es nicht nur um Stil, sondern auch um Komfort. Die pl\u00fcschigen Kissen bieten hervorragende Unterst\u00fctzung und sorgen f\u00fcr Entspannung. Das ergonomische Design f\u00f6rdert eine gute K\u00f6rperhaltung, die ideal f\u00fcr l\u00e4ngeres Sitzen ist. Das aus hochwertigen Materialien gefertigte <strong>Infinity <\/strong><strong>Sofa<\/strong> verspricht sowohl Haltbarkeit als auch Komfort. Dieses Sofa ist f\u00fcr die Ewigkeit gebaut und bietet Luxus, der Ihnen \u00fcber Jahre hinweg erhalten bleibt.    <\/p>\n<hr>\n<h3><strong>Perfekte Passform f\u00fcr jeden Raum<\/strong><\/h3>\n<p>Das <strong>Infinity <\/strong><strong>Sofa<\/strong> ist anpassungsf\u00e4hig und f\u00fcgt sich leicht in verschiedene Raumaufteilungen ein. Sein schlankes Design macht es sowohl f\u00fcr gro\u00dfe als auch f\u00fcr kleine R\u00e4ume geeignet. Sie k\u00f6nnen es in einer gem\u00fctlichen Ecke oder als Mittelpunkt in einem gro\u00dfen Raum aufstellen. Dank seiner anpassbaren Eigenschaften ist das <strong>Infinity<\/strong>   <strong> <\/strong>Das <strong>Sofa<\/strong> kann mit jedem Farbschema kombiniert werden. Das macht es zu einem vielseitigen M\u00f6belst\u00fcck, das sowohl in modernen als auch in traditionellen Interieurs passt. <\/p>\n<hr>\n<h3><strong>Fazit: Erh\u00f6hen Sie Ihren Lebensraum mit modernem Luxus<\/strong><\/h3>\n<p>Zusammenfassend l\u00e4sst sich sagen, dass die  <strong>Unendlichkeit<\/strong><strong> <\/strong><strong>Sofa<\/strong> von <strong>PeryHome<\/strong> vereint <strong>modernen Luxus<\/strong> und \u00fcberlegenen Komfort. Seine anpassbaren Funktionen, hochwertigen Materialien und sein vielseitiges Design machen es zu einer wertvollen Erg\u00e4nzung f\u00fcr jedes Wohnzimmer. Versch\u00f6nern Sie Ihren Raum mit der Eleganz und dem Komfort des <strong>Infinity <\/strong><strong>Sofas<\/strong> und genie\u00dfen Sie ein luxuri\u00f6ses, stilvolles Herzst\u00fcck. Mit seiner zeitlosen Anziehungskraft wertet dieses Sofa Ihr Zuhause in Stil und Komfort auf.   <\/p>\n<\/div>\n<\/div>\n<\/div>\n<\/div>\n","protected":false},"excerpt":{"rendered":"<p>Das <strong>Infinity Sofa von PeryHome<\/strong> kombiniert modernes Design mit luxuri\u00f6sem Komfort. Erh\u00e4ltlich in anpassbaren Stoffen und Ausf\u00fchrungen, verleiht dieses Sofa jedem Wohnraum Eleganz und Funktionalit\u00e4t. <\/p>\n","protected":false},"featured_media":6963,"template":"","meta":{"_monsterinsights_skip_tracking":false,"_monsterinsights_sitenote_active":false,"_monsterinsights_sitenote_note":"","_monsterinsights_sitenote_category":0},"product_cat":[194,183],"product_tag":[167,210,186,188,185,187],"class_list":{"0":"post-7114","1":"product","2":"type-product","3":"status-publish","4":"has-post-thumbnail","6":"product_cat-3-sitzer-sofa","7":"product_cat-sofa-de","8":"product_tag-anpassbares-sofa","9":"product_tag-infinity-sofa-de","10":"product_tag-luxussofa","11":"product_tag-mobel-fur-das-wohnzimmer","12":"product_tag-modernes-sofa","13":"product_tag-stoffsofa","15":"first","16":"onbackorder","17":"sale","18":"shipping-taxable","19":"purchasable","20":"product-type-simple"},"yoast_head":"<!-- This site is optimized with the Yoast SEO plugin v24.1 - https:\/\/yoast.com\/wordpress\/plugins\/seo\/ -->\n<title>Infinity Sofa - Moderner Luxuskomfort, anpassbares Design<\/title>\n<meta name=\"description\" content=\"&quot;Erleben Sie die perfekte Mischung aus modernem Design und luxuri\u00f6sem Komfort mit dem anpassbaren Infinity Sofa. Erh\u00f6hen Sie Ihren Lebensraum.&quot;\" \/>\n<meta name=\"robots\" content=\"index, follow, max-snippet:-1, max-image-preview:large, max-video-preview:-1\" \/>\n<link rel=\"canonical\" href=\"https:\/\/peryhome.com\/de\/product\/infinity-sofa-3-sitzer-modernes-design-luxurioeser-komfort-individuelle-stoffoptionen\/\" \/>\n<meta property=\"og:locale\" content=\"de_DE\" \/>\n<meta property=\"og:type\" content=\"article\" \/>\n<meta property=\"og:title\" content=\"Infinity Sofa - Moderner Luxuskomfort, anpassbares Design\" \/>\n<meta property=\"og:description\" content=\"&quot;Erleben Sie die perfekte Mischung aus modernem Design und luxuri\u00f6sem Komfort mit dem anpassbaren Infinity Sofa. Erh\u00f6hen Sie Ihren Lebensraum.&quot;\" \/>\n<meta property=\"og:url\" content=\"https:\/\/peryhome.com\/de\/product\/infinity-sofa-3-sitzer-modernes-design-luxurioeser-komfort-individuelle-stoffoptionen\/\" \/>\n<meta property=\"og:site_name\" content=\"PeryHome\" \/>\n<meta property=\"article:publisher\" content=\"https:\/\/www.facebook.com\/profile.php?id=61566312622555\" \/>\n<meta property=\"article:modified_time\" content=\"2024-12-09T11:29:52+00:00\" \/>\n<meta property=\"og:image\" content=\"https:\/\/peryhome.com\/wp-content\/uploads\/2024\/10\/Sude-Krem-1.webp\" \/>\n\t<meta property=\"og:image:width\" content=\"1600\" \/>\n\t<meta property=\"og:image:height\" content=\"1200\" \/>\n\t<meta property=\"og:image:type\" content=\"image\/webp\" \/>\n<meta name=\"twitter:card\" content=\"summary_large_image\" \/>\n<meta name=\"twitter:label1\" content=\"Gesch\u00e4tzte Lesezeit\" \/>\n\t<meta name=\"twitter:data1\" content=\"2\u00a0Minuten\" \/>\n<script type=\"application\/ld+json\" class=\"yoast-schema-graph\">{\"@context\":\"https:\/\/schema.org\",\"@graph\":[{\"@type\":\"WebPage\",\"@id\":\"https:\/\/peryhome.com\/de\/product\/infinity-sofa-3-sitzer-modernes-design-luxurioeser-komfort-individuelle-stoffoptionen\/\",\"url\":\"https:\/\/peryhome.com\/de\/product\/infinity-sofa-3-sitzer-modernes-design-luxurioeser-komfort-individuelle-stoffoptionen\/\",\"name\":\"Infinity Sofa - Moderner Luxuskomfort, anpassbares Design\",\"isPartOf\":{\"@id\":\"https:\/\/peryhome.com\/de\/#website\"},\"primaryImageOfPage\":{\"@id\":\"https:\/\/peryhome.com\/de\/product\/infinity-sofa-3-sitzer-modernes-design-luxurioeser-komfort-individuelle-stoffoptionen\/#primaryimage\"},\"image\":{\"@id\":\"https:\/\/peryhome.com\/de\/product\/infinity-sofa-3-sitzer-modernes-design-luxurioeser-komfort-individuelle-stoffoptionen\/#primaryimage\"},\"thumbnailUrl\":\"https:\/\/peryhome.com\/wp-content\/uploads\/2024\/10\/Sude-Krem-1.webp\",\"datePublished\":\"2024-10-30T18:53:51+00:00\",\"dateModified\":\"2024-12-09T11:29:52+00:00\",\"description\":\"\\\"Erleben Sie die perfekte Mischung aus modernem Design und luxuri\u00f6sem Komfort mit dem anpassbaren Infinity Sofa. Erh\u00f6hen Sie Ihren Lebensraum.\\\"\",\"breadcrumb\":{\"@id\":\"https:\/\/peryhome.com\/de\/product\/infinity-sofa-3-sitzer-modernes-design-luxurioeser-komfort-individuelle-stoffoptionen\/#breadcrumb\"},\"inLanguage\":\"de\",\"potentialAction\":[{\"@type\":\"ReadAction\",\"target\":[\"https:\/\/peryhome.com\/de\/product\/infinity-sofa-3-sitzer-modernes-design-luxurioeser-komfort-individuelle-stoffoptionen\/\"]}]},{\"@type\":\"ImageObject\",\"inLanguage\":\"de\",\"@id\":\"https:\/\/peryhome.com\/de\/product\/infinity-sofa-3-sitzer-modernes-design-luxurioeser-komfort-individuelle-stoffoptionen\/#primaryimage\",\"url\":\"https:\/\/peryhome.com\/wp-content\/uploads\/2024\/10\/Sude-Krem-1.webp\",\"contentUrl\":\"https:\/\/peryhome.com\/wp-content\/uploads\/2024\/10\/Sude-Krem-1.webp\",\"width\":1600,\"height\":1200,\"caption\":\"Infinity Sofa Set \u2013 Elegant Style, Comfort & Customizable Options\"},{\"@type\":\"BreadcrumbList\",\"@id\":\"https:\/\/peryhome.com\/de\/product\/infinity-sofa-3-sitzer-modernes-design-luxurioeser-komfort-individuelle-stoffoptionen\/#breadcrumb\",\"itemListElement\":[{\"@type\":\"ListItem\",\"position\":1,\"name\":\"Anasayfa\",\"item\":\"https:\/\/peryhome.com\/de\/startseite\/\"},{\"@type\":\"ListItem\",\"position\":2,\"name\":\"Shop\",\"item\":\"https:\/\/peryhome.com\/shop\/\"},{\"@type\":\"ListItem\",\"position\":3,\"name\":\"Infinity Sofa &#8211; 3-Sitzer, modernes Design, luxuri\u00f6ser Komfort, individuelle Stoffoptionen\"}]},{\"@type\":\"WebSite\",\"@id\":\"https:\/\/peryhome.com\/de\/#website\",\"url\":\"https:\/\/peryhome.com\/de\/\",\"name\":\"PeryHome\",\"description\":\"Art of Furniture\",\"publisher\":{\"@id\":\"https:\/\/peryhome.com\/de\/#organization\"},\"potentialAction\":[{\"@type\":\"SearchAction\",\"target\":{\"@type\":\"EntryPoint\",\"urlTemplate\":\"https:\/\/peryhome.com\/de\/?s={search_term_string}\"},\"query-input\":{\"@type\":\"PropertyValueSpecification\",\"valueRequired\":true,\"valueName\":\"search_term_string\"}}],\"inLanguage\":\"de\"},{\"@type\":\"Organization\",\"@id\":\"https:\/\/peryhome.com\/de\/#organization\",\"name\":\"PeryHome\",\"url\":\"https:\/\/peryhome.com\/de\/\",\"logo\":{\"@type\":\"ImageObject\",\"inLanguage\":\"de\",\"@id\":\"https:\/\/peryhome.com\/de\/#\/schema\/logo\/image\/\",\"url\":\"https:\/\/peryhome.com\/wp-content\/uploads\/2024\/12\/Logo_horizontal_HQ.webp\",\"contentUrl\":\"https:\/\/peryhome.com\/wp-content\/uploads\/2024\/12\/Logo_horizontal_HQ.webp\",\"width\":1000,\"height\":269,\"caption\":\"PeryHome\"},\"image\":{\"@id\":\"https:\/\/peryhome.com\/de\/#\/schema\/logo\/image\/\"},\"sameAs\":[\"https:\/\/www.facebook.com\/profile.php?id=61566312622555\",\"https:\/\/www.instagram.com\/peryhome.eu\/\"]}]}<\/script>\n<!-- \/ Yoast SEO plugin. -->","yoast_head_json":{"title":"Infinity Sofa - Moderner Luxuskomfort, anpassbares Design","description":"\"Erleben Sie die perfekte Mischung aus modernem Design und luxuri\u00f6sem Komfort mit dem anpassbaren Infinity Sofa. Erh\u00f6hen Sie Ihren Lebensraum.\"","robots":{"index":"index","follow":"follow","max-snippet":"max-snippet:-1","max-image-preview":"max-image-preview:large","max-video-preview":"max-video-preview:-1"},"canonical":"https:\/\/peryhome.com\/de\/product\/infinity-sofa-3-sitzer-modernes-design-luxurioeser-komfort-individuelle-stoffoptionen\/","og_locale":"de_DE","og_type":"article","og_title":"Infinity Sofa - Moderner Luxuskomfort, anpassbares Design","og_description":"\"Erleben Sie die perfekte Mischung aus modernem Design und luxuri\u00f6sem Komfort mit dem anpassbaren Infinity Sofa. Erh\u00f6hen Sie Ihren Lebensraum.\"","og_url":"https:\/\/peryhome.com\/de\/product\/infinity-sofa-3-sitzer-modernes-design-luxurioeser-komfort-individuelle-stoffoptionen\/","og_site_name":"PeryHome","article_publisher":"https:\/\/www.facebook.com\/profile.php?id=61566312622555","article_modified_time":"2024-12-09T11:29:52+00:00","og_image":[{"width":1600,"height":1200,"url":"https:\/\/peryhome.com\/wp-content\/uploads\/2024\/10\/Sude-Krem-1.webp","type":"image\/webp"}],"twitter_card":"summary_large_image","twitter_misc":{"Gesch\u00e4tzte Lesezeit":"2\u00a0Minuten"},"schema":{"@context":"https:\/\/schema.org","@graph":[{"@type":"WebPage","@id":"https:\/\/peryhome.com\/de\/product\/infinity-sofa-3-sitzer-modernes-design-luxurioeser-komfort-individuelle-stoffoptionen\/","url":"https:\/\/peryhome.com\/de\/product\/infinity-sofa-3-sitzer-modernes-design-luxurioeser-komfort-individuelle-stoffoptionen\/","name":"Infinity Sofa - Moderner Luxuskomfort, anpassbares Design","isPartOf":{"@id":"https:\/\/peryhome.com\/de\/#website"},"primaryImageOfPage":{"@id":"https:\/\/peryhome.com\/de\/product\/infinity-sofa-3-sitzer-modernes-design-luxurioeser-komfort-individuelle-stoffoptionen\/#primaryimage"},"image":{"@id":"https:\/\/peryhome.com\/de\/product\/infinity-sofa-3-sitzer-modernes-design-luxurioeser-komfort-individuelle-stoffoptionen\/#primaryimage"},"thumbnailUrl":"https:\/\/peryhome.com\/wp-content\/uploads\/2024\/10\/Sude-Krem-1.webp","datePublished":"2024-10-30T18:53:51+00:00","dateModified":"2024-12-09T11:29:52+00:00","description":"\"Erleben Sie die perfekte Mischung aus modernem Design und luxuri\u00f6sem Komfort mit dem anpassbaren Infinity Sofa. Erh\u00f6hen Sie Ihren Lebensraum.\"","breadcrumb":{"@id":"https:\/\/peryhome.com\/de\/product\/infinity-sofa-3-sitzer-modernes-design-luxurioeser-komfort-individuelle-stoffoptionen\/#breadcrumb"},"inLanguage":"de","potentialAction":[{"@type":"ReadAction","target":["https:\/\/peryhome.com\/de\/product\/infinity-sofa-3-sitzer-modernes-design-luxurioeser-komfort-individuelle-stoffoptionen\/"]}]},{"@type":"ImageObject","inLanguage":"de","@id":"https:\/\/peryhome.com\/de\/product\/infinity-sofa-3-sitzer-modernes-design-luxurioeser-komfort-individuelle-stoffoptionen\/#primaryimage","url":"https:\/\/peryhome.com\/wp-content\/uploads\/2024\/10\/Sude-Krem-1.webp","contentUrl":"https:\/\/peryhome.com\/wp-content\/uploads\/2024\/10\/Sude-Krem-1.webp","width":1600,"height":1200,"caption":"Infinity Sofa Set \u2013 Elegant Style, Comfort & Customizable Options"},{"@type":"BreadcrumbList","@id":"https:\/\/peryhome.com\/de\/product\/infinity-sofa-3-sitzer-modernes-design-luxurioeser-komfort-individuelle-stoffoptionen\/#breadcrumb","itemListElement":[{"@type":"ListItem","position":1,"name":"Anasayfa","item":"https:\/\/peryhome.com\/de\/startseite\/"},{"@type":"ListItem","position":2,"name":"Shop","item":"https:\/\/peryhome.com\/shop\/"},{"@type":"ListItem","position":3,"name":"Infinity Sofa &#8211; 3-Sitzer, modernes Design, luxuri\u00f6ser Komfort, individuelle Stoffoptionen"}]},{"@type":"WebSite","@id":"https:\/\/peryhome.com\/de\/#website","url":"https:\/\/peryhome.com\/de\/","name":"PeryHome","description":"Art of Furniture","publisher":{"@id":"https:\/\/peryhome.com\/de\/#organization"},"potentialAction":[{"@type":"SearchAction","target":{"@type":"EntryPoint","urlTemplate":"https:\/\/peryhome.com\/de\/?s={search_term_string}"},"query-input":{"@type":"PropertyValueSpecification","valueRequired":true,"valueName":"search_term_string"}}],"inLanguage":"de"},{"@type":"Organization","@id":"https:\/\/peryhome.com\/de\/#organization","name":"PeryHome","url":"https:\/\/peryhome.com\/de\/","logo":{"@type":"ImageObject","inLanguage":"de","@id":"https:\/\/peryhome.com\/de\/#\/schema\/logo\/image\/","url":"https:\/\/peryhome.com\/wp-content\/uploads\/2024\/12\/Logo_horizontal_HQ.webp","contentUrl":"https:\/\/peryhome.com\/wp-content\/uploads\/2024\/12\/Logo_horizontal_HQ.webp","width":1000,"height":269,"caption":"PeryHome"},"image":{"@id":"https:\/\/peryhome.com\/de\/#\/schema\/logo\/image\/"},"sameAs":["https:\/\/www.facebook.com\/profile.php?id=61566312622555","https:\/\/www.instagram.com\/peryhome.eu\/"]}]}},"jetpack_sharing_enabled":true,"_links":{"self":[{"href":"https:\/\/peryhome.com\/de\/wp-json\/wp\/v2\/product\/7114"}],"collection":[{"href":"https:\/\/peryhome.com\/de\/wp-json\/wp\/v2\/product"}],"about":[{"href":"https:\/\/peryhome.com\/de\/wp-json\/wp\/v2\/types\/product"}],"version-history":[{"count":1,"href":"https:\/\/peryhome.com\/de\/wp-json\/wp\/v2\/product\/7114\/revisions"}],"predecessor-version":[{"id":8328,"href":"https:\/\/peryhome.com\/de\/wp-json\/wp\/v2\/product\/7114\/revisions\/8328"}],"wp:featuredmedia":[{"embeddable":true,"href":"https:\/\/peryhome.com\/de\/wp-json\/wp\/v2\/media\/6963"}],"wp:attachment":[{"href":"https:\/\/peryhome.com\/de\/wp-json\/wp\/v2\/media?parent=7114"}],"wp:term":[{"taxonomy":"product_cat","embeddable":true,"href":"https:\/\/peryhome.com\/de\/wp-json\/wp\/v2\/product_cat?post=7114"},{"taxonomy":"product_tag","embeddable":true,"href":"https:\/\/peryhome.com\/de\/wp-json\/wp\/v2\/product_tag?post=7114"}],"curies":[{"name":"wp","href":"https:\/\/api.w.org\/{rel}","templated":true}]}}