{"id":7144,"date":"2024-10-28T21:34:31","date_gmt":"2024-10-28T21:34:31","guid":{"rendered":"https:\/\/peryhome.com\/product\/inci-sofa-3-sitzer-elegantes-design-ueberragender-komfort-anpassbare-optionen\/"},"modified":"2024-12-09T11:34:50","modified_gmt":"2024-12-09T11:34:50","slug":"inci-sofa-3-sitzer-elegantes-design-ueberragender-komfort-anpassbare-optionen","status":"publish","type":"product","link":"https:\/\/peryhome.com\/de\/product\/inci-sofa-3-sitzer-elegantes-design-ueberragender-komfort-anpassbare-optionen\/","title":{"rendered":"Inci Sofa &#8211; 3-Sitzer, Elegantes Design, \u00dcberragender Komfort, Anpassbare Optionen"},"content":{"rendered":"<div class=\"flex-shrink-0 flex flex-col relative items-end\">\n<div class=\"pt-0\">\n<div class=\"gizmo-bot-avatar flex h-8 w-8 items-center justify-center overflow-hidden rounded-full\">\n<div class=\"relative p-1 rounded-sm flex items-center justify-center bg-token-main-surface-primary text-token-text-primary h-8 w-8\">\n<div class=\"flex-shrink-0 flex flex-col relative items-end\">\n<div class=\"pt-0\">\n<div class=\"gizmo-bot-avatar flex h-8 w-8 items-center justify-center overflow-hidden rounded-full\">\n<div class=\"relative p-1 rounded-sm flex items-center justify-center bg-token-main-surface-primary text-token-text-primary h-8 w-8\">\n<h3><strong>Inci Sofa &#8211; Elegantes Design und anpassbarer Komfort<\/strong><\/h3>\n<p>Das <strong>Inci Sofa<\/strong> von <a href=\"https:\/\/www.instagram.com\/peryhome.eu\/\"><strong>PeryHome<\/strong><\/a> kombiniert <strong>elegantes Design<\/strong> mit <strong>anpassbarem Komfort<\/strong>. Es ist perfekt f\u00fcr jedes Wohnzimmer. Dieses Sofa f\u00fcgt sich nahtlos in moderne und klassische Interieurs ein. Erh\u00e4ltlich als <a href=\"https:\/\/peryhome.com\/sofa\/3-seater-sofas\/\"><strong>3-Sitzer<\/strong><\/a>erh\u00e4ltlich, passt sich das <strong>Inci Sofa<\/strong> an verschiedene Raumgr\u00f6\u00dfen und Grundrisse an. Es vereint Stil und Funktionalit\u00e4t und schafft eine einladende Atmosph\u00e4re f\u00fcr Familie und Freunde.    <\/p>\n<hr>\n<h3><strong>Anpassbare Stoffe und Oberfl\u00e4chen<\/strong><\/h3>\n<p>Sie k\u00f6nnen das <strong>Inci Sofa<\/strong> mit hochwertigen Stoffen wie <strong>Leinen<\/strong>, <strong>Samt<\/strong> oder <strong>Kunstleder<\/strong> individuell gestalten. Jeder Stoff bringt eine einzigartige Textur mit sich, die den Look Ihres Raumes aufwertet. Au\u00dferdem k\u00f6nnen Sie aus einer Reihe von Farben und Ausf\u00fchrungen w\u00e4hlen, die zu Ihrer Einrichtung passen. So k\u00f6nnen Sie sich ein Sofa zusammenstellen, das perfekt zu Ihrem Zuhause passt. Es bringt sowohl Komfort als auch Stil und spiegelt Ihren individuellen Geschmack wider. Mit so vielen Optionen wird das <strong>Inci Sofa<\/strong> zu einem echten Ausdruck Ihres pers\u00f6nlichen Stils.     <\/p>\n<hr>\n<h3><strong>Komfort trifft auf Funktionalit\u00e4t<\/strong><\/h3>\n<p>Das <strong>Inci Sofa<\/strong> bietet sowohl Komfort als auch Haltbarkeit. Die Pl\u00fcschkissen bieten festen Halt und sorgen f\u00fcr Entspannung. Das ergonomische Design macht es ideal f\u00fcr ausgedehntes Sitzen und den t\u00e4glichen Gebrauch. Das aus hochwertigen Materialien gefertigte <strong>Inci Sofa<\/strong> verspricht jahrelange Freude. Ob Sie G\u00e4ste empfangen oder sich allein entspannen, dieses Sofa verbindet Luxus mit Funktionalit\u00e4t. Sein Design ist perfekt f\u00fcr alle, die bei ihren Wohnm\u00f6beln sowohl Wert auf \u00c4sthetik als auch auf Komfort legen.     <\/p>\n<hr>\n<h3><strong>Vielseitige Konfigurationen f\u00fcr jeden Raum<\/strong><\/h3>\n<p>Das <strong>Inci Sofa<\/strong> wird in einer vielseitigen <strong>3-Sitzer-Konfiguration<\/strong> geliefert. Diese Konfiguration bietet Flexibilit\u00e4t sowohl f\u00fcr kleine als auch f\u00fcr gro\u00dfe R\u00e4ume. Es passt sich an verschiedene Grundrisse an und ist somit f\u00fcr jeden Raum geeignet. Ganz gleich, wie der Raum gestaltet ist, das <strong>Inci Sofa<\/strong> bietet ein Gleichgewicht aus Komfort und Stil. Seine klassische Ausstrahlung und sein elegantes Aussehen werten jedes Zuhause auf. Es ist eine wunderbare Erg\u00e4nzung sowohl f\u00fcr ger\u00e4umige als auch f\u00fcr gem\u00fctliche Innenr\u00e4ume.     <\/p>\n<hr>\n<h3><strong>Fazit: Eleganter Komfort f\u00fcr Ihr Zuhause<\/strong><\/h3>\n<p>Zusammenfassend l\u00e4sst sich sagen, dass das <strong>Inci Sofa<\/strong> von <strong>PeryHome<\/strong> sowohl Eleganz als auch anpassbaren Komfort bietet. Mit seinem <strong>3-Sitzer<\/strong>, den hochwertigen Materialien und der luxuri\u00f6sen Ausstrahlung ist es eine perfekte Erg\u00e4nzung. Verwandeln Sie Ihr Zuhause mit der zeitlosen Sch\u00f6nheit und dem Komfort des <strong>Inci Sofas<\/strong>. Dieses M\u00f6belst\u00fcck wurde mit Blick auf Langlebigkeit und Eleganz gefertigt und bringt dauerhafte Sch\u00f6nheit und W\u00e4rme in Ihren Wohnraum.   <\/p>\n<\/div>\n<\/div>\n<\/div>\n<\/div>\n<\/div>\n<\/div>\n<\/div>\n<\/div>\n","protected":false},"excerpt":{"rendered":"<p><strong>Inci Sofa von PeryHome<\/strong> kombiniert modernes Design mit luxuri\u00f6sem Komfort. Erh\u00e4ltlich in anpassbaren Stoffen und Ausf\u00fchrungen, verleiht dieses Sofa jedem Wohnraum Eleganz und Funktionalit\u00e4t. <\/p>\n","protected":false},"featured_media":6983,"template":"","meta":{"_monsterinsights_skip_tracking":false,"_monsterinsights_sitenote_active":false,"_monsterinsights_sitenote_note":"","_monsterinsights_sitenote_category":0},"product_cat":[194,183],"product_tag":[167,232,186,188,185,187],"class_list":{"0":"post-7144","1":"product","2":"type-product","3":"status-publish","4":"has-post-thumbnail","6":"product_cat-3-sitzer-sofa","7":"product_cat-sofa-de","8":"product_tag-anpassbares-sofa","9":"product_tag-inci-sofa-de","10":"product_tag-luxussofa","11":"product_tag-mobel-fur-das-wohnzimmer","12":"product_tag-modernes-sofa","13":"product_tag-stoffsofa","15":"first","16":"onbackorder","17":"sale","18":"shipping-taxable","19":"purchasable","20":"product-type-simple"},"yoast_head":"<!-- This site is optimized with the Yoast SEO plugin v24.1 - https:\/\/yoast.com\/wordpress\/plugins\/seo\/ -->\n<title>Inci Sofa Set - Elegantes Design und anpassbarer Komfort<\/title>\n<meta name=\"description\" content=\"Erleben Sie das elegante Design und den anpassbaren Komfort des Inci Sofas von PeryHome. W\u00e4hlen Sie aus einer Reihe von Stoffen und Ausf\u00fchrungen, die zu Ihrem Stil passen.\" \/>\n<meta name=\"robots\" content=\"index, follow, max-snippet:-1, max-image-preview:large, max-video-preview:-1\" \/>\n<link rel=\"canonical\" href=\"https:\/\/peryhome.com\/de\/product\/inci-sofa-3-sitzer-elegantes-design-ueberragender-komfort-anpassbare-optionen\/\" \/>\n<meta property=\"og:locale\" content=\"de_DE\" \/>\n<meta property=\"og:type\" content=\"article\" \/>\n<meta property=\"og:title\" content=\"Inci Sofa Set - Elegantes Design und anpassbarer Komfort\" \/>\n<meta property=\"og:description\" content=\"Erleben Sie das elegante Design und den anpassbaren Komfort des Inci Sofas von PeryHome. W\u00e4hlen Sie aus einer Reihe von Stoffen und Ausf\u00fchrungen, die zu Ihrem Stil passen.\" \/>\n<meta property=\"og:url\" content=\"https:\/\/peryhome.com\/de\/product\/inci-sofa-3-sitzer-elegantes-design-ueberragender-komfort-anpassbare-optionen\/\" \/>\n<meta property=\"og:site_name\" content=\"PeryHome\" \/>\n<meta property=\"article:publisher\" content=\"https:\/\/www.facebook.com\/profile.php?id=61566312622555\" \/>\n<meta property=\"article:modified_time\" content=\"2024-12-09T11:34:50+00:00\" \/>\n<meta property=\"og:image\" content=\"https:\/\/peryhome.com\/wp-content\/uploads\/2024\/10\/Untitled-3.webp\" \/>\n\t<meta property=\"og:image:width\" content=\"1600\" \/>\n\t<meta property=\"og:image:height\" content=\"1200\" \/>\n\t<meta property=\"og:image:type\" content=\"image\/webp\" \/>\n<meta name=\"twitter:card\" content=\"summary_large_image\" \/>\n<meta name=\"twitter:label1\" content=\"Gesch\u00e4tzte Lesezeit\" \/>\n\t<meta name=\"twitter:data1\" content=\"2\u00a0Minuten\" \/>\n<script type=\"application\/ld+json\" class=\"yoast-schema-graph\">{\"@context\":\"https:\/\/schema.org\",\"@graph\":[{\"@type\":\"WebPage\",\"@id\":\"https:\/\/peryhome.com\/de\/product\/inci-sofa-3-sitzer-elegantes-design-ueberragender-komfort-anpassbare-optionen\/\",\"url\":\"https:\/\/peryhome.com\/de\/product\/inci-sofa-3-sitzer-elegantes-design-ueberragender-komfort-anpassbare-optionen\/\",\"name\":\"Inci Sofa Set - Elegantes Design und anpassbarer Komfort\",\"isPartOf\":{\"@id\":\"https:\/\/peryhome.com\/de\/#website\"},\"primaryImageOfPage\":{\"@id\":\"https:\/\/peryhome.com\/de\/product\/inci-sofa-3-sitzer-elegantes-design-ueberragender-komfort-anpassbare-optionen\/#primaryimage\"},\"image\":{\"@id\":\"https:\/\/peryhome.com\/de\/product\/inci-sofa-3-sitzer-elegantes-design-ueberragender-komfort-anpassbare-optionen\/#primaryimage\"},\"thumbnailUrl\":\"https:\/\/peryhome.com\/wp-content\/uploads\/2024\/10\/Untitled-3.webp\",\"datePublished\":\"2024-10-28T21:34:31+00:00\",\"dateModified\":\"2024-12-09T11:34:50+00:00\",\"description\":\"Erleben Sie das elegante Design und den anpassbaren Komfort des Inci Sofas von PeryHome. W\u00e4hlen Sie aus einer Reihe von Stoffen und Ausf\u00fchrungen, die zu Ihrem Stil passen.\",\"breadcrumb\":{\"@id\":\"https:\/\/peryhome.com\/de\/product\/inci-sofa-3-sitzer-elegantes-design-ueberragender-komfort-anpassbare-optionen\/#breadcrumb\"},\"inLanguage\":\"de\",\"potentialAction\":[{\"@type\":\"ReadAction\",\"target\":[\"https:\/\/peryhome.com\/de\/product\/inci-sofa-3-sitzer-elegantes-design-ueberragender-komfort-anpassbare-optionen\/\"]}]},{\"@type\":\"ImageObject\",\"inLanguage\":\"de\",\"@id\":\"https:\/\/peryhome.com\/de\/product\/inci-sofa-3-sitzer-elegantes-design-ueberragender-komfort-anpassbare-optionen\/#primaryimage\",\"url\":\"https:\/\/peryhome.com\/wp-content\/uploads\/2024\/10\/Untitled-3.webp\",\"contentUrl\":\"https:\/\/peryhome.com\/wp-content\/uploads\/2024\/10\/Untitled-3.webp\",\"width\":1600,\"height\":1200,\"caption\":\"Inci Sofa Set \u2013 Elegant Design and Customizable Comfort\"},{\"@type\":\"BreadcrumbList\",\"@id\":\"https:\/\/peryhome.com\/de\/product\/inci-sofa-3-sitzer-elegantes-design-ueberragender-komfort-anpassbare-optionen\/#breadcrumb\",\"itemListElement\":[{\"@type\":\"ListItem\",\"position\":1,\"name\":\"Anasayfa\",\"item\":\"https:\/\/peryhome.com\/de\/startseite\/\"},{\"@type\":\"ListItem\",\"position\":2,\"name\":\"Shop\",\"item\":\"https:\/\/peryhome.com\/shop\/\"},{\"@type\":\"ListItem\",\"position\":3,\"name\":\"Inci Sofa &#8211; 3-Sitzer, Elegantes Design, \u00dcberragender Komfort, Anpassbare Optionen\"}]},{\"@type\":\"WebSite\",\"@id\":\"https:\/\/peryhome.com\/de\/#website\",\"url\":\"https:\/\/peryhome.com\/de\/\",\"name\":\"PeryHome\",\"description\":\"Art of Furniture\",\"publisher\":{\"@id\":\"https:\/\/peryhome.com\/de\/#organization\"},\"potentialAction\":[{\"@type\":\"SearchAction\",\"target\":{\"@type\":\"EntryPoint\",\"urlTemplate\":\"https:\/\/peryhome.com\/de\/?s={search_term_string}\"},\"query-input\":{\"@type\":\"PropertyValueSpecification\",\"valueRequired\":true,\"valueName\":\"search_term_string\"}}],\"inLanguage\":\"de\"},{\"@type\":\"Organization\",\"@id\":\"https:\/\/peryhome.com\/de\/#organization\",\"name\":\"PeryHome\",\"url\":\"https:\/\/peryhome.com\/de\/\",\"logo\":{\"@type\":\"ImageObject\",\"inLanguage\":\"de\",\"@id\":\"https:\/\/peryhome.com\/de\/#\/schema\/logo\/image\/\",\"url\":\"https:\/\/peryhome.com\/wp-content\/uploads\/2024\/12\/Logo_horizontal_HQ.webp\",\"contentUrl\":\"https:\/\/peryhome.com\/wp-content\/uploads\/2024\/12\/Logo_horizontal_HQ.webp\",\"width\":1000,\"height\":269,\"caption\":\"PeryHome\"},\"image\":{\"@id\":\"https:\/\/peryhome.com\/de\/#\/schema\/logo\/image\/\"},\"sameAs\":[\"https:\/\/www.facebook.com\/profile.php?id=61566312622555\",\"https:\/\/www.instagram.com\/peryhome.eu\/\"]}]}<\/script>\n<!-- \/ Yoast SEO plugin. -->","yoast_head_json":{"title":"Inci Sofa Set - Elegantes Design und anpassbarer Komfort","description":"Erleben Sie das elegante Design und den anpassbaren Komfort des Inci Sofas von PeryHome. W\u00e4hlen Sie aus einer Reihe von Stoffen und Ausf\u00fchrungen, die zu Ihrem Stil passen.","robots":{"index":"index","follow":"follow","max-snippet":"max-snippet:-1","max-image-preview":"max-image-preview:large","max-video-preview":"max-video-preview:-1"},"canonical":"https:\/\/peryhome.com\/de\/product\/inci-sofa-3-sitzer-elegantes-design-ueberragender-komfort-anpassbare-optionen\/","og_locale":"de_DE","og_type":"article","og_title":"Inci Sofa Set - Elegantes Design und anpassbarer Komfort","og_description":"Erleben Sie das elegante Design und den anpassbaren Komfort des Inci Sofas von PeryHome. W\u00e4hlen Sie aus einer Reihe von Stoffen und Ausf\u00fchrungen, die zu Ihrem Stil passen.","og_url":"https:\/\/peryhome.com\/de\/product\/inci-sofa-3-sitzer-elegantes-design-ueberragender-komfort-anpassbare-optionen\/","og_site_name":"PeryHome","article_publisher":"https:\/\/www.facebook.com\/profile.php?id=61566312622555","article_modified_time":"2024-12-09T11:34:50+00:00","og_image":[{"width":1600,"height":1200,"url":"https:\/\/peryhome.com\/wp-content\/uploads\/2024\/10\/Untitled-3.webp","type":"image\/webp"}],"twitter_card":"summary_large_image","twitter_misc":{"Gesch\u00e4tzte Lesezeit":"2\u00a0Minuten"},"schema":{"@context":"https:\/\/schema.org","@graph":[{"@type":"WebPage","@id":"https:\/\/peryhome.com\/de\/product\/inci-sofa-3-sitzer-elegantes-design-ueberragender-komfort-anpassbare-optionen\/","url":"https:\/\/peryhome.com\/de\/product\/inci-sofa-3-sitzer-elegantes-design-ueberragender-komfort-anpassbare-optionen\/","name":"Inci Sofa Set - Elegantes Design und anpassbarer Komfort","isPartOf":{"@id":"https:\/\/peryhome.com\/de\/#website"},"primaryImageOfPage":{"@id":"https:\/\/peryhome.com\/de\/product\/inci-sofa-3-sitzer-elegantes-design-ueberragender-komfort-anpassbare-optionen\/#primaryimage"},"image":{"@id":"https:\/\/peryhome.com\/de\/product\/inci-sofa-3-sitzer-elegantes-design-ueberragender-komfort-anpassbare-optionen\/#primaryimage"},"thumbnailUrl":"https:\/\/peryhome.com\/wp-content\/uploads\/2024\/10\/Untitled-3.webp","datePublished":"2024-10-28T21:34:31+00:00","dateModified":"2024-12-09T11:34:50+00:00","description":"Erleben Sie das elegante Design und den anpassbaren Komfort des Inci Sofas von PeryHome. W\u00e4hlen Sie aus einer Reihe von Stoffen und Ausf\u00fchrungen, die zu Ihrem Stil passen.","breadcrumb":{"@id":"https:\/\/peryhome.com\/de\/product\/inci-sofa-3-sitzer-elegantes-design-ueberragender-komfort-anpassbare-optionen\/#breadcrumb"},"inLanguage":"de","potentialAction":[{"@type":"ReadAction","target":["https:\/\/peryhome.com\/de\/product\/inci-sofa-3-sitzer-elegantes-design-ueberragender-komfort-anpassbare-optionen\/"]}]},{"@type":"ImageObject","inLanguage":"de","@id":"https:\/\/peryhome.com\/de\/product\/inci-sofa-3-sitzer-elegantes-design-ueberragender-komfort-anpassbare-optionen\/#primaryimage","url":"https:\/\/peryhome.com\/wp-content\/uploads\/2024\/10\/Untitled-3.webp","contentUrl":"https:\/\/peryhome.com\/wp-content\/uploads\/2024\/10\/Untitled-3.webp","width":1600,"height":1200,"caption":"Inci Sofa Set \u2013 Elegant Design and Customizable Comfort"},{"@type":"BreadcrumbList","@id":"https:\/\/peryhome.com\/de\/product\/inci-sofa-3-sitzer-elegantes-design-ueberragender-komfort-anpassbare-optionen\/#breadcrumb","itemListElement":[{"@type":"ListItem","position":1,"name":"Anasayfa","item":"https:\/\/peryhome.com\/de\/startseite\/"},{"@type":"ListItem","position":2,"name":"Shop","item":"https:\/\/peryhome.com\/shop\/"},{"@type":"ListItem","position":3,"name":"Inci Sofa &#8211; 3-Sitzer, Elegantes Design, \u00dcberragender Komfort, Anpassbare Optionen"}]},{"@type":"WebSite","@id":"https:\/\/peryhome.com\/de\/#website","url":"https:\/\/peryhome.com\/de\/","name":"PeryHome","description":"Art of Furniture","publisher":{"@id":"https:\/\/peryhome.com\/de\/#organization"},"potentialAction":[{"@type":"SearchAction","target":{"@type":"EntryPoint","urlTemplate":"https:\/\/peryhome.com\/de\/?s={search_term_string}"},"query-input":{"@type":"PropertyValueSpecification","valueRequired":true,"valueName":"search_term_string"}}],"inLanguage":"de"},{"@type":"Organization","@id":"https:\/\/peryhome.com\/de\/#organization","name":"PeryHome","url":"https:\/\/peryhome.com\/de\/","logo":{"@type":"ImageObject","inLanguage":"de","@id":"https:\/\/peryhome.com\/de\/#\/schema\/logo\/image\/","url":"https:\/\/peryhome.com\/wp-content\/uploads\/2024\/12\/Logo_horizontal_HQ.webp","contentUrl":"https:\/\/peryhome.com\/wp-content\/uploads\/2024\/12\/Logo_horizontal_HQ.webp","width":1000,"height":269,"caption":"PeryHome"},"image":{"@id":"https:\/\/peryhome.com\/de\/#\/schema\/logo\/image\/"},"sameAs":["https:\/\/www.facebook.com\/profile.php?id=61566312622555","https:\/\/www.instagram.com\/peryhome.eu\/"]}]}},"jetpack_sharing_enabled":true,"_links":{"self":[{"href":"https:\/\/peryhome.com\/de\/wp-json\/wp\/v2\/product\/7144"}],"collection":[{"href":"https:\/\/peryhome.com\/de\/wp-json\/wp\/v2\/product"}],"about":[{"href":"https:\/\/peryhome.com\/de\/wp-json\/wp\/v2\/types\/product"}],"version-history":[{"count":1,"href":"https:\/\/peryhome.com\/de\/wp-json\/wp\/v2\/product\/7144\/revisions"}],"predecessor-version":[{"id":8344,"href":"https:\/\/peryhome.com\/de\/wp-json\/wp\/v2\/product\/7144\/revisions\/8344"}],"wp:featuredmedia":[{"embeddable":true,"href":"https:\/\/peryhome.com\/de\/wp-json\/wp\/v2\/media\/6983"}],"wp:attachment":[{"href":"https:\/\/peryhome.com\/de\/wp-json\/wp\/v2\/media?parent=7144"}],"wp:term":[{"taxonomy":"product_cat","embeddable":true,"href":"https:\/\/peryhome.com\/de\/wp-json\/wp\/v2\/product_cat?post=7144"},{"taxonomy":"product_tag","embeddable":true,"href":"https:\/\/peryhome.com\/de\/wp-json\/wp\/v2\/product_tag?post=7144"}],"curies":[{"name":"wp","href":"https:\/\/api.w.org\/{rel}","templated":true}]}}