{"id":7155,"date":"2024-10-24T10:00:39","date_gmt":"2024-10-24T10:00:39","guid":{"rendered":"https:\/\/peryhome.com\/product\/gucci-sofa-set-3-sitzer-1-sitzer-modernes-design-luxurioeser-komfort-anpassbare-stoff-und-farboptionen\/"},"modified":"2024-12-09T11:40:14","modified_gmt":"2024-12-09T11:40:14","slug":"gucci-sofa-set-3-sitzer-1-sitzer-modernes-design-luxurioeser-komfort-anpassbare-stoff-und-farboptionen","status":"publish","type":"product","link":"https:\/\/peryhome.com\/de\/product\/gucci-sofa-set-3-sitzer-1-sitzer-modernes-design-luxurioeser-komfort-anpassbare-stoff-und-farboptionen\/","title":{"rendered":"Gucci Sofa Set &#8211; 3-Sitzer + 1-Sitzer, modernes Design, luxuri\u00f6ser Komfort, anpassbare Stoff- und Farboptionen"},"content":{"rendered":"<div class=\"flex-shrink-0 flex flex-col relative items-end\">\n<div class=\"pt-0\">\n<div class=\"gizmo-bot-avatar flex h-8 w-8 items-center justify-center overflow-hidden rounded-full\">\n<div class=\"relative p-1 rounded-sm flex items-center justify-center bg-token-main-surface-primary text-token-text-primary h-8 w-8\">\n<h3><strong>Modernes Luxus Gucci Sofa von PeryHome &#8211; Stilvolles Design und Komfort<\/strong><\/h3>\n<p>Wir von <strong>PeryHome<\/strong> haben uns auf hochwertige M\u00f6bel spezialisiert, die jeden Raum aufwerten. Das <strong>Gucci Sofa<\/strong> vereint <strong>modernes Design<\/strong> und <strong>luxuri\u00f6sen Komfort<\/strong> perfekt. Es ist in verschiedenen Stoffen und Farben erh\u00e4ltlich, wodurch es sich sowohl f\u00fcr moderne als auch f\u00fcr klassische Einrichtungen eignet. Sie k\u00f6nnen es ganz einfach auf Ihre Einrichtung abstimmen, so dass es perfekt in Ihr Zuhause passt.   <\/p>\n<hr>\n<h3><strong>Anpassbare Stoffe und Oberfl\u00e4chen<\/strong><\/h3>\n<p>Eine der besten Eigenschaften des <strong>Gucci-Sofas<\/strong> von <strong>PeryHome<\/strong> ist seine Anpassungsf\u00e4higkeit. W\u00e4hlen Sie aus Stoffen wie Leinen, Samt oder Kunstleder. Jeder Stoff bietet eine einzigartige Haptik, mit der Sie Ihr Sofa individuell gestalten k\u00f6nnen. Sie k\u00f6nnen auch die Farbe der Beine und die Ausf\u00fchrung w\u00e4hlen, die zu Ihrem Stil passt.   <\/p>\n<hr>\n<h3><strong>Komfort trifft auf Funktionalit\u00e4t<\/strong><\/h3>\n<p>Das <strong>Gucci Sofa<\/strong> ist nicht nur stilvoll, sondern bietet auch gro\u00dfen Komfort. Seine Polsterung ist f\u00fcr maximale Entspannung ausgelegt. Egal, ob Sie sich alleine entspannen oder G\u00e4ste empfangen, dieses Sofa bietet sowohl Stil als auch Komfort. Die robuste Bauweise sorgt au\u00dferdem daf\u00fcr, dass es jahrelang h\u00e4lt.   <\/p>\n<hr>\n<h3><strong>Vielseitige Konfigurationen f\u00fcr jeden Raum<\/strong><\/h3>\n<p>Das <strong>Gucci Sofa<\/strong> ist in verschiedenen Konfigurationen erh\u00e4ltlich. Sie k\u00f6nnen zwischen einem <strong>3-Sitzer<\/strong> und einem <strong>1-Sitzer<\/strong> w\u00e4hlen. So k\u00f6nnen Sie das perfekte Arrangement f\u00fcr Ihren Raum schaffen.  <\/p>\n<hr>\n<h3><strong>Passt perfekt in jedes Haus<\/strong><\/h3>\n<p>Ganz gleich, wie Ihr Einrichtungsstil aussieht, das <strong>Gucci Sofa<\/strong> von <a href=\"https:\/\/www.instagram.com\/peryhome.eu\/\"><strong>PeryHome<\/strong> <\/a>passt sich leicht an. Sein schlichtes Design passt sowohl in moderne als auch in traditionelle R\u00e4ume. Sie k\u00f6nnen aus verschiedenen Stoffen und Oberfl\u00e4chen w\u00e4hlen, um Ihren Geschmack zu treffen. So k\u00f6nnen Sie sicher sein, dass das Sofa Ihren Raum perfekt erg\u00e4nzt.   <\/p>\n<hr>\n<h3><strong>Fazit: Moderner Luxus f\u00fcr Ihr Zuhause<\/strong><\/h3>\n<p>Zusammenfassend l\u00e4sst sich sagen, dass das <strong>Gucci Sofa<\/strong> von <strong>PeryHome<\/strong> sowohl <strong>modernen Luxus<\/strong> als auch Komfort bietet. Dank der anpassbaren Funktionen, der vielseitigen Konfigurationen und des stilvollen Designs passt es in jede Wohnung. Ganz gleich, ob Sie Ihr Wohnzimmer auffrischen oder einen neuen Mittelpunkt suchen, das <strong>Gucci Sofa<\/strong> vereint Eleganz und Zweckm\u00e4\u00dfigkeit. Werten Sie Ihren Wohnraum mit dem <strong>Gucci Sofa<\/strong> auf, das wir Ihnen mit Stolz von <strong>PeryHome<\/strong> anbieten.   <\/p>\n<\/div>\n<\/div>\n<\/div>\n<\/div>\n","protected":false},"excerpt":{"rendered":"<p><strong>Gucci Sofa von PeryHome<\/strong> kombiniert modernes Design mit luxuri\u00f6sem Komfort. Erh\u00e4ltlich in anpassbaren Stoffen und Ausf\u00fchrungen, verleiht dieses Sofa jedem Wohnraum Eleganz und Funktionalit\u00e4t. <\/p>\n","protected":false},"featured_media":6431,"template":"","meta":{"_monsterinsights_skip_tracking":false,"_monsterinsights_sitenote_active":false,"_monsterinsights_sitenote_note":"","_monsterinsights_sitenote_category":0},"product_cat":[166,165],"product_tag":[167,237,186,188,185,187],"class_list":{"0":"post-7155","1":"product","2":"type-product","3":"status-publish","4":"has-post-thumbnail","6":"product_cat-31-sofa-sets","7":"product_cat-sofa-sets-de","8":"product_tag-anpassbares-sofa","9":"product_tag-gucci-sofa-de","10":"product_tag-luxussofa","11":"product_tag-mobel-fur-das-wohnzimmer","12":"product_tag-modernes-sofa","13":"product_tag-stoffsofa","15":"first","16":"onbackorder","17":"sale","18":"shipping-taxable","19":"purchasable","20":"product-type-simple"},"yoast_head":"<!-- This site is optimized with the Yoast SEO plugin v24.1 - https:\/\/yoast.com\/wordpress\/plugins\/seo\/ -->\n<title>Modernes Luxus-Gucci-Sofa - Stilvolles Design und Komfort<\/title>\n<meta name=\"description\" content=\"&quot;Erleben Sie die perfekte Mischung aus modernem Design und luxuri\u00f6sem Komfort mit dem anpassbaren Gucci Sofa. Erh\u00f6hen Sie Ihren Lebensraum.&quot;\" \/>\n<meta name=\"robots\" content=\"index, follow, max-snippet:-1, max-image-preview:large, max-video-preview:-1\" \/>\n<link rel=\"canonical\" href=\"https:\/\/peryhome.com\/de\/product\/gucci-sofa-set-3-sitzer-1-sitzer-modernes-design-luxurioeser-komfort-anpassbare-stoff-und-farboptionen\/\" \/>\n<meta property=\"og:locale\" content=\"de_DE\" \/>\n<meta property=\"og:type\" content=\"article\" \/>\n<meta property=\"og:title\" content=\"Modernes Luxus-Gucci-Sofa - Stilvolles Design und Komfort\" \/>\n<meta property=\"og:description\" content=\"&quot;Erleben Sie die perfekte Mischung aus modernem Design und luxuri\u00f6sem Komfort mit dem anpassbaren Gucci Sofa. Erh\u00f6hen Sie Ihren Lebensraum.&quot;\" \/>\n<meta property=\"og:url\" content=\"https:\/\/peryhome.com\/de\/product\/gucci-sofa-set-3-sitzer-1-sitzer-modernes-design-luxurioeser-komfort-anpassbare-stoff-und-farboptionen\/\" \/>\n<meta property=\"og:site_name\" content=\"PeryHome\" \/>\n<meta property=\"article:publisher\" content=\"https:\/\/www.facebook.com\/profile.php?id=61566312622555\" \/>\n<meta property=\"article:modified_time\" content=\"2024-12-09T11:40:14+00:00\" \/>\n<meta property=\"og:image\" content=\"https:\/\/peryhome.com\/wp-content\/uploads\/2024\/10\/IMG_5997-1-scaled.webp\" \/>\n\t<meta property=\"og:image:width\" content=\"2560\" \/>\n\t<meta property=\"og:image:height\" content=\"1788\" \/>\n\t<meta property=\"og:image:type\" content=\"image\/webp\" \/>\n<meta name=\"twitter:card\" content=\"summary_large_image\" \/>\n<meta name=\"twitter:label1\" content=\"Gesch\u00e4tzte Lesezeit\" \/>\n\t<meta name=\"twitter:data1\" content=\"2\u00a0Minuten\" \/>\n<script type=\"application\/ld+json\" class=\"yoast-schema-graph\">{\"@context\":\"https:\/\/schema.org\",\"@graph\":[{\"@type\":\"WebPage\",\"@id\":\"https:\/\/peryhome.com\/de\/product\/gucci-sofa-set-3-sitzer-1-sitzer-modernes-design-luxurioeser-komfort-anpassbare-stoff-und-farboptionen\/\",\"url\":\"https:\/\/peryhome.com\/de\/product\/gucci-sofa-set-3-sitzer-1-sitzer-modernes-design-luxurioeser-komfort-anpassbare-stoff-und-farboptionen\/\",\"name\":\"Modernes Luxus-Gucci-Sofa - Stilvolles Design und Komfort\",\"isPartOf\":{\"@id\":\"https:\/\/peryhome.com\/de\/#website\"},\"primaryImageOfPage\":{\"@id\":\"https:\/\/peryhome.com\/de\/product\/gucci-sofa-set-3-sitzer-1-sitzer-modernes-design-luxurioeser-komfort-anpassbare-stoff-und-farboptionen\/#primaryimage\"},\"image\":{\"@id\":\"https:\/\/peryhome.com\/de\/product\/gucci-sofa-set-3-sitzer-1-sitzer-modernes-design-luxurioeser-komfort-anpassbare-stoff-und-farboptionen\/#primaryimage\"},\"thumbnailUrl\":\"https:\/\/peryhome.com\/wp-content\/uploads\/2024\/10\/IMG_5997-1-scaled.webp\",\"datePublished\":\"2024-10-24T10:00:39+00:00\",\"dateModified\":\"2024-12-09T11:40:14+00:00\",\"description\":\"\\\"Erleben Sie die perfekte Mischung aus modernem Design und luxuri\u00f6sem Komfort mit dem anpassbaren Gucci Sofa. Erh\u00f6hen Sie Ihren Lebensraum.\\\"\",\"breadcrumb\":{\"@id\":\"https:\/\/peryhome.com\/de\/product\/gucci-sofa-set-3-sitzer-1-sitzer-modernes-design-luxurioeser-komfort-anpassbare-stoff-und-farboptionen\/#breadcrumb\"},\"inLanguage\":\"de\",\"potentialAction\":[{\"@type\":\"ReadAction\",\"target\":[\"https:\/\/peryhome.com\/de\/product\/gucci-sofa-set-3-sitzer-1-sitzer-modernes-design-luxurioeser-komfort-anpassbare-stoff-und-farboptionen\/\"]}]},{\"@type\":\"ImageObject\",\"inLanguage\":\"de\",\"@id\":\"https:\/\/peryhome.com\/de\/product\/gucci-sofa-set-3-sitzer-1-sitzer-modernes-design-luxurioeser-komfort-anpassbare-stoff-und-farboptionen\/#primaryimage\",\"url\":\"https:\/\/peryhome.com\/wp-content\/uploads\/2024\/10\/IMG_5997-1-scaled.webp\",\"contentUrl\":\"https:\/\/peryhome.com\/wp-content\/uploads\/2024\/10\/IMG_5997-1-scaled.webp\",\"width\":2560,\"height\":1788,\"caption\":\"Modern Luxury Gucci Sofa \u2013 Stylish Design and Comfort\"},{\"@type\":\"BreadcrumbList\",\"@id\":\"https:\/\/peryhome.com\/de\/product\/gucci-sofa-set-3-sitzer-1-sitzer-modernes-design-luxurioeser-komfort-anpassbare-stoff-und-farboptionen\/#breadcrumb\",\"itemListElement\":[{\"@type\":\"ListItem\",\"position\":1,\"name\":\"Anasayfa\",\"item\":\"https:\/\/peryhome.com\/de\/startseite\/\"},{\"@type\":\"ListItem\",\"position\":2,\"name\":\"Shop\",\"item\":\"https:\/\/peryhome.com\/shop\/\"},{\"@type\":\"ListItem\",\"position\":3,\"name\":\"Gucci Sofa Set &#8211; 3-Sitzer + 1-Sitzer, modernes Design, luxuri\u00f6ser Komfort, anpassbare Stoff- und Farboptionen\"}]},{\"@type\":\"WebSite\",\"@id\":\"https:\/\/peryhome.com\/de\/#website\",\"url\":\"https:\/\/peryhome.com\/de\/\",\"name\":\"PeryHome\",\"description\":\"Art of Furniture\",\"publisher\":{\"@id\":\"https:\/\/peryhome.com\/de\/#organization\"},\"potentialAction\":[{\"@type\":\"SearchAction\",\"target\":{\"@type\":\"EntryPoint\",\"urlTemplate\":\"https:\/\/peryhome.com\/de\/?s={search_term_string}\"},\"query-input\":{\"@type\":\"PropertyValueSpecification\",\"valueRequired\":true,\"valueName\":\"search_term_string\"}}],\"inLanguage\":\"de\"},{\"@type\":\"Organization\",\"@id\":\"https:\/\/peryhome.com\/de\/#organization\",\"name\":\"PeryHome\",\"url\":\"https:\/\/peryhome.com\/de\/\",\"logo\":{\"@type\":\"ImageObject\",\"inLanguage\":\"de\",\"@id\":\"https:\/\/peryhome.com\/de\/#\/schema\/logo\/image\/\",\"url\":\"https:\/\/peryhome.com\/wp-content\/uploads\/2024\/12\/Logo_horizontal_HQ.webp\",\"contentUrl\":\"https:\/\/peryhome.com\/wp-content\/uploads\/2024\/12\/Logo_horizontal_HQ.webp\",\"width\":1000,\"height\":269,\"caption\":\"PeryHome\"},\"image\":{\"@id\":\"https:\/\/peryhome.com\/de\/#\/schema\/logo\/image\/\"},\"sameAs\":[\"https:\/\/www.facebook.com\/profile.php?id=61566312622555\",\"https:\/\/www.instagram.com\/peryhome.eu\/\"]}]}<\/script>\n<!-- \/ Yoast SEO plugin. -->","yoast_head_json":{"title":"Modernes Luxus-Gucci-Sofa - Stilvolles Design und Komfort","description":"\"Erleben Sie die perfekte Mischung aus modernem Design und luxuri\u00f6sem Komfort mit dem anpassbaren Gucci Sofa. Erh\u00f6hen Sie Ihren Lebensraum.\"","robots":{"index":"index","follow":"follow","max-snippet":"max-snippet:-1","max-image-preview":"max-image-preview:large","max-video-preview":"max-video-preview:-1"},"canonical":"https:\/\/peryhome.com\/de\/product\/gucci-sofa-set-3-sitzer-1-sitzer-modernes-design-luxurioeser-komfort-anpassbare-stoff-und-farboptionen\/","og_locale":"de_DE","og_type":"article","og_title":"Modernes Luxus-Gucci-Sofa - Stilvolles Design und Komfort","og_description":"\"Erleben Sie die perfekte Mischung aus modernem Design und luxuri\u00f6sem Komfort mit dem anpassbaren Gucci Sofa. Erh\u00f6hen Sie Ihren Lebensraum.\"","og_url":"https:\/\/peryhome.com\/de\/product\/gucci-sofa-set-3-sitzer-1-sitzer-modernes-design-luxurioeser-komfort-anpassbare-stoff-und-farboptionen\/","og_site_name":"PeryHome","article_publisher":"https:\/\/www.facebook.com\/profile.php?id=61566312622555","article_modified_time":"2024-12-09T11:40:14+00:00","og_image":[{"width":2560,"height":1788,"url":"https:\/\/peryhome.com\/wp-content\/uploads\/2024\/10\/IMG_5997-1-scaled.webp","type":"image\/webp"}],"twitter_card":"summary_large_image","twitter_misc":{"Gesch\u00e4tzte Lesezeit":"2\u00a0Minuten"},"schema":{"@context":"https:\/\/schema.org","@graph":[{"@type":"WebPage","@id":"https:\/\/peryhome.com\/de\/product\/gucci-sofa-set-3-sitzer-1-sitzer-modernes-design-luxurioeser-komfort-anpassbare-stoff-und-farboptionen\/","url":"https:\/\/peryhome.com\/de\/product\/gucci-sofa-set-3-sitzer-1-sitzer-modernes-design-luxurioeser-komfort-anpassbare-stoff-und-farboptionen\/","name":"Modernes Luxus-Gucci-Sofa - Stilvolles Design und Komfort","isPartOf":{"@id":"https:\/\/peryhome.com\/de\/#website"},"primaryImageOfPage":{"@id":"https:\/\/peryhome.com\/de\/product\/gucci-sofa-set-3-sitzer-1-sitzer-modernes-design-luxurioeser-komfort-anpassbare-stoff-und-farboptionen\/#primaryimage"},"image":{"@id":"https:\/\/peryhome.com\/de\/product\/gucci-sofa-set-3-sitzer-1-sitzer-modernes-design-luxurioeser-komfort-anpassbare-stoff-und-farboptionen\/#primaryimage"},"thumbnailUrl":"https:\/\/peryhome.com\/wp-content\/uploads\/2024\/10\/IMG_5997-1-scaled.webp","datePublished":"2024-10-24T10:00:39+00:00","dateModified":"2024-12-09T11:40:14+00:00","description":"\"Erleben Sie die perfekte Mischung aus modernem Design und luxuri\u00f6sem Komfort mit dem anpassbaren Gucci Sofa. Erh\u00f6hen Sie Ihren Lebensraum.\"","breadcrumb":{"@id":"https:\/\/peryhome.com\/de\/product\/gucci-sofa-set-3-sitzer-1-sitzer-modernes-design-luxurioeser-komfort-anpassbare-stoff-und-farboptionen\/#breadcrumb"},"inLanguage":"de","potentialAction":[{"@type":"ReadAction","target":["https:\/\/peryhome.com\/de\/product\/gucci-sofa-set-3-sitzer-1-sitzer-modernes-design-luxurioeser-komfort-anpassbare-stoff-und-farboptionen\/"]}]},{"@type":"ImageObject","inLanguage":"de","@id":"https:\/\/peryhome.com\/de\/product\/gucci-sofa-set-3-sitzer-1-sitzer-modernes-design-luxurioeser-komfort-anpassbare-stoff-und-farboptionen\/#primaryimage","url":"https:\/\/peryhome.com\/wp-content\/uploads\/2024\/10\/IMG_5997-1-scaled.webp","contentUrl":"https:\/\/peryhome.com\/wp-content\/uploads\/2024\/10\/IMG_5997-1-scaled.webp","width":2560,"height":1788,"caption":"Modern Luxury Gucci Sofa \u2013 Stylish Design and Comfort"},{"@type":"BreadcrumbList","@id":"https:\/\/peryhome.com\/de\/product\/gucci-sofa-set-3-sitzer-1-sitzer-modernes-design-luxurioeser-komfort-anpassbare-stoff-und-farboptionen\/#breadcrumb","itemListElement":[{"@type":"ListItem","position":1,"name":"Anasayfa","item":"https:\/\/peryhome.com\/de\/startseite\/"},{"@type":"ListItem","position":2,"name":"Shop","item":"https:\/\/peryhome.com\/shop\/"},{"@type":"ListItem","position":3,"name":"Gucci Sofa Set &#8211; 3-Sitzer + 1-Sitzer, modernes Design, luxuri\u00f6ser Komfort, anpassbare Stoff- und Farboptionen"}]},{"@type":"WebSite","@id":"https:\/\/peryhome.com\/de\/#website","url":"https:\/\/peryhome.com\/de\/","name":"PeryHome","description":"Art of Furniture","publisher":{"@id":"https:\/\/peryhome.com\/de\/#organization"},"potentialAction":[{"@type":"SearchAction","target":{"@type":"EntryPoint","urlTemplate":"https:\/\/peryhome.com\/de\/?s={search_term_string}"},"query-input":{"@type":"PropertyValueSpecification","valueRequired":true,"valueName":"search_term_string"}}],"inLanguage":"de"},{"@type":"Organization","@id":"https:\/\/peryhome.com\/de\/#organization","name":"PeryHome","url":"https:\/\/peryhome.com\/de\/","logo":{"@type":"ImageObject","inLanguage":"de","@id":"https:\/\/peryhome.com\/de\/#\/schema\/logo\/image\/","url":"https:\/\/peryhome.com\/wp-content\/uploads\/2024\/12\/Logo_horizontal_HQ.webp","contentUrl":"https:\/\/peryhome.com\/wp-content\/uploads\/2024\/12\/Logo_horizontal_HQ.webp","width":1000,"height":269,"caption":"PeryHome"},"image":{"@id":"https:\/\/peryhome.com\/de\/#\/schema\/logo\/image\/"},"sameAs":["https:\/\/www.facebook.com\/profile.php?id=61566312622555","https:\/\/www.instagram.com\/peryhome.eu\/"]}]}},"jetpack_sharing_enabled":true,"_links":{"self":[{"href":"https:\/\/peryhome.com\/de\/wp-json\/wp\/v2\/product\/7155"}],"collection":[{"href":"https:\/\/peryhome.com\/de\/wp-json\/wp\/v2\/product"}],"about":[{"href":"https:\/\/peryhome.com\/de\/wp-json\/wp\/v2\/types\/product"}],"version-history":[{"count":1,"href":"https:\/\/peryhome.com\/de\/wp-json\/wp\/v2\/product\/7155\/revisions"}],"predecessor-version":[{"id":8349,"href":"https:\/\/peryhome.com\/de\/wp-json\/wp\/v2\/product\/7155\/revisions\/8349"}],"wp:featuredmedia":[{"embeddable":true,"href":"https:\/\/peryhome.com\/de\/wp-json\/wp\/v2\/media\/6431"}],"wp:attachment":[{"href":"https:\/\/peryhome.com\/de\/wp-json\/wp\/v2\/media?parent=7155"}],"wp:term":[{"taxonomy":"product_cat","embeddable":true,"href":"https:\/\/peryhome.com\/de\/wp-json\/wp\/v2\/product_cat?post=7155"},{"taxonomy":"product_tag","embeddable":true,"href":"https:\/\/peryhome.com\/de\/wp-json\/wp\/v2\/product_tag?post=7155"}],"curies":[{"name":"wp","href":"https:\/\/api.w.org\/{rel}","templated":true}]}}