{"id":7472,"date":"2024-11-02T22:18:33","date_gmt":"2024-11-02T22:18:33","guid":{"rendered":"https:\/\/peryhome.com\/product\/mira-sessel-eleganter-anpassbarer-komfort-fuer-jeden-raum\/"},"modified":"2024-12-09T11:19:56","modified_gmt":"2024-12-09T11:19:56","slug":"mira-sessel-eleganter-anpassbarer-komfort-fuer-jeden-raum","status":"publish","type":"product","link":"https:\/\/peryhome.com\/de\/product\/mira-sessel-eleganter-anpassbarer-komfort-fuer-jeden-raum\/","title":{"rendered":"Mira Sessel &#8211; eleganter, anpassbarer Komfort f\u00fcr jeden Raum"},"content":{"rendered":"<div class=\"flex-shrink-0 flex flex-col relative items-end\">\n<div class=\"pt-0\">\n<div class=\"gizmo-bot-avatar flex h-8 w-8 items-center justify-center overflow-hidden rounded-full\">\n<div class=\"relative p-1 rounded-sm flex items-center justify-center bg-token-main-surface-primary text-token-text-primary h-8 w-8\">\n<h3><strong>Mira Sessel &#8211; Eleganter und anpassbarer Komfort von PeryHome<\/strong><\/h3>\n<p>Die <strong>Mira <\/strong><a href=\"https:\/\/peryhome.com\/sofa\/1-seater-armchairs\/\">Armchair <\/a>von <a href=\"https:\/\/www.instagram.com\/peryhome.eu\/\">PeryHome<\/a> kombiniert <strong>elegantes Design<\/strong> und <strong>anpassbaren Komfort<\/strong>, um Ihren Wohnraum aufzuwerten. Der <strong>Mira<\/strong> <strong>Sessel<\/strong> passt sowohl zu modernen als auch zu klassischen Interieurs und verleiht ihnen Stil und Funktionalit\u00e4t. Der zeitlose Look und die hochwertige Verarbeitung machen diesen Sessel zu einer luxuri\u00f6sen Wahl f\u00fcr jeden Raum. Mit dem <strong>Mira <\/strong><strong>Armchair <\/strong>bringen Sie Raffinesse und Funktionalit\u00e4t in Ihr Zuhause.   <\/p>\n<hr>\n<h3><strong>Anpassbare Stoffe und Oberfl\u00e4chen f\u00fcr den Mira-Sessel<\/strong><\/h3>\n<p>Eine der besten Eigenschaften des <strong>Mira <\/strong><strong>Armlehnstuhls <\/strong>ist seine Anpassungsf\u00e4higkeit. Sie k\u00f6nnen aus Stoffen wie <strong>Leinen<\/strong>, <strong>Samt<\/strong> oder <strong>Kunstleder <\/strong>w\u00e4hlen. Jeder Stoff verleiht dem <strong>Mira<\/strong> <strong>Armchair<\/strong> eine einzigartige Textur, die seinen Gesamteindruck noch verst\u00e4rkt. Sie k\u00f6nnen auch die Farben und die Ausf\u00fchrung der Beine passend zu Ihrer Einrichtung ausw\u00e4hlen. Auf diese Weise l\u00e4sst sich der <strong>Mira <\/strong><strong>Armchair<\/strong> an Ihren pers\u00f6nlichen Stil anpassen und bietet gleichzeitig Komfort und Eleganz. Er passt sich jeder \u00c4sthetik an und ist damit eine perfekte Erg\u00e4nzung f\u00fcr Ihren Raum.     <\/p>\n<hr>\n<h3><strong>Mira Sessel &#8211; Komfort und praktisches Design<\/strong><\/h3>\n<p>Der <strong>Mira <\/strong><strong>Armlehnstuhl<\/strong> bietet Komfort und Stil zugleich. Seine weichen Kissen bieten festen Halt und sind somit ideal zum Entspannen. Das ergonomische Design des <strong>Mira <\/strong><strong>Sessels<\/strong> f\u00f6rdert eine gute K\u00f6rperhaltung und ist perfekt f\u00fcr den t\u00e4glichen Gebrauch. Der Sessel ist aus langlebigen Materialien gefertigt und verspricht eine lange Lebensdauer. Ob Sie nun lesen oder sich unterhalten, der <strong>Mira <\/strong><strong>Armchair<\/strong> verbindet Eleganz mit Funktionalit\u00e4t. So k\u00f6nnen Sie sich jahrelang an Luxus und Unterst\u00fctzung erfreuen.     <\/p>\n<hr>\n<h3><strong>Perfekte Passform f\u00fcr jede Raumaufteilung<\/strong><\/h3>\n<p>Der <strong>Mira<\/strong>&#8211;<strong>Sessel <\/strong>passt sich jeder Raumaufteilung an. Sein schlichtes Design passt sowohl in gro\u00dfe als auch in kleine R\u00e4ume. Sie k\u00f6nnen den <strong>Mira<\/strong> <strong>Armchair <\/strong>in einer gem\u00fctlichen Ecke oder als Akzent im Wohnzimmer platzieren. Mit seinen anpassbaren Optionen ist der <strong>Mira<\/strong>   <strong> <\/strong>Der <strong>Sessel<\/strong> passt zu jedem Farbschema und ist sowohl f\u00fcr moderne als auch f\u00fcr traditionelle R\u00e4ume geeignet. Er wird leicht zu einem Blickfang, der den Charakter Ihres Zimmers unterstreicht. <\/p>\n<hr>\n<h3><strong>Fazit: Mira Sessel &#8211; Eleganter Komfort f\u00fcr Ihr Zuhause<\/strong><\/h3>\n<p>Zusammenfassend l\u00e4sst sich sagen, dass der <strong>Mira <\/strong><strong>Armchair <\/strong>von <strong>PeryHome<\/strong> sowohl Eleganz als auch anpassbaren Komfort bietet. Mit hochwertigen Materialien und zeitlosem Design ist der <strong>Mira<\/strong> <strong>Sessel <\/strong>eine wertvolle Erg\u00e4nzung f\u00fcr jedes Zuhause. Versch\u00f6nern Sie Ihren Raum mit dem <strong>Mira <\/strong><strong>Armchair<\/strong> und genie\u00dfen Sie Stil und Komfort. Er ist nicht nur ein Sessel, sondern ein elegantes Statement, das Ihren Lebensraum bereichert.   <\/p>\n<\/div>\n<\/div>\n<\/div>\n<\/div>\n","protected":false},"excerpt":{"rendered":"<p><strong>Mira Sofa von PeryHome<\/strong> kombiniert modernes Design mit luxuri\u00f6sem Komfort. Erh\u00e4ltlich in anpassbaren Stoffen und Ausf\u00fchrungen, verleiht dieses Sofa jedem Wohnraum Eleganz und Funktionalit\u00e4t. <\/p>\n","protected":false},"featured_media":6989,"template":"","meta":{"_monsterinsights_skip_tracking":false,"_monsterinsights_sitenote_active":false,"_monsterinsights_sitenote_note":"","_monsterinsights_sitenote_category":0},"product_cat":[184,183],"product_tag":[167,186,317,188,185,187],"class_list":{"0":"post-7472","1":"product","2":"type-product","3":"status-publish","4":"has-post-thumbnail","6":"product_cat-1-sitzer-sessel","7":"product_cat-sofa-de","8":"product_tag-anpassbares-sofa","9":"product_tag-luxussofa","10":"product_tag-mira-sessel","11":"product_tag-mobel-fur-das-wohnzimmer","12":"product_tag-modernes-sofa","13":"product_tag-stoffsofa","15":"first","16":"onbackorder","17":"sale","18":"shipping-taxable","19":"purchasable","20":"product-type-simple"},"yoast_head":"<!-- This site is optimized with the Yoast SEO plugin v24.1 - https:\/\/yoast.com\/wordpress\/plugins\/seo\/ -->\n<title>Mira Armchair - Eleganter, anpassbarer Komfort f\u00fcr Ihr Zuhause<\/title>\n<meta name=\"description\" content=\"&quot;Mira Armchair - Elegant und anpassbar von PeryHome, entworfen, um Stil und Komfort in jeden Wohnraum zu bringen, mit individuellen Optionen.\u201c\" \/>\n<meta name=\"robots\" content=\"index, follow, max-snippet:-1, max-image-preview:large, max-video-preview:-1\" \/>\n<link rel=\"canonical\" href=\"https:\/\/peryhome.com\/de\/product\/mira-sessel-eleganter-anpassbarer-komfort-fuer-jeden-raum\/\" \/>\n<meta property=\"og:locale\" content=\"de_DE\" \/>\n<meta property=\"og:type\" content=\"article\" \/>\n<meta property=\"og:title\" content=\"Mira Armchair - Eleganter, anpassbarer Komfort f\u00fcr Ihr Zuhause\" \/>\n<meta property=\"og:description\" content=\"&quot;Mira Armchair - Elegant und anpassbar von PeryHome, entworfen, um Stil und Komfort in jeden Wohnraum zu bringen, mit individuellen Optionen.\u201c\" \/>\n<meta property=\"og:url\" content=\"https:\/\/peryhome.com\/de\/product\/mira-sessel-eleganter-anpassbarer-komfort-fuer-jeden-raum\/\" \/>\n<meta property=\"og:site_name\" content=\"PeryHome\" \/>\n<meta property=\"article:publisher\" content=\"https:\/\/www.facebook.com\/profile.php?id=61566312622555\" \/>\n<meta property=\"article:modified_time\" content=\"2024-12-09T11:19:56+00:00\" \/>\n<meta property=\"og:image\" content=\"https:\/\/peryhome.com\/wp-content\/uploads\/2024\/11\/Untitled-6.webp\" \/>\n\t<meta property=\"og:image:width\" content=\"1600\" \/>\n\t<meta property=\"og:image:height\" content=\"1200\" \/>\n\t<meta property=\"og:image:type\" content=\"image\/webp\" \/>\n<meta name=\"twitter:card\" content=\"summary_large_image\" \/>\n<meta name=\"twitter:label1\" content=\"Gesch\u00e4tzte Lesezeit\" \/>\n\t<meta name=\"twitter:data1\" content=\"2\u00a0Minuten\" \/>\n<script type=\"application\/ld+json\" class=\"yoast-schema-graph\">{\"@context\":\"https:\/\/schema.org\",\"@graph\":[{\"@type\":\"WebPage\",\"@id\":\"https:\/\/peryhome.com\/de\/product\/mira-sessel-eleganter-anpassbarer-komfort-fuer-jeden-raum\/\",\"url\":\"https:\/\/peryhome.com\/de\/product\/mira-sessel-eleganter-anpassbarer-komfort-fuer-jeden-raum\/\",\"name\":\"Mira Armchair - Eleganter, anpassbarer Komfort f\u00fcr Ihr Zuhause\",\"isPartOf\":{\"@id\":\"https:\/\/peryhome.com\/de\/#website\"},\"primaryImageOfPage\":{\"@id\":\"https:\/\/peryhome.com\/de\/product\/mira-sessel-eleganter-anpassbarer-komfort-fuer-jeden-raum\/#primaryimage\"},\"image\":{\"@id\":\"https:\/\/peryhome.com\/de\/product\/mira-sessel-eleganter-anpassbarer-komfort-fuer-jeden-raum\/#primaryimage\"},\"thumbnailUrl\":\"https:\/\/peryhome.com\/wp-content\/uploads\/2024\/11\/Untitled-6.webp\",\"datePublished\":\"2024-11-02T22:18:33+00:00\",\"dateModified\":\"2024-12-09T11:19:56+00:00\",\"description\":\"\\\"Mira Armchair - Elegant und anpassbar von PeryHome, entworfen, um Stil und Komfort in jeden Wohnraum zu bringen, mit individuellen Optionen.\u201c\",\"breadcrumb\":{\"@id\":\"https:\/\/peryhome.com\/de\/product\/mira-sessel-eleganter-anpassbarer-komfort-fuer-jeden-raum\/#breadcrumb\"},\"inLanguage\":\"de\",\"potentialAction\":[{\"@type\":\"ReadAction\",\"target\":[\"https:\/\/peryhome.com\/de\/product\/mira-sessel-eleganter-anpassbarer-komfort-fuer-jeden-raum\/\"]}]},{\"@type\":\"ImageObject\",\"inLanguage\":\"de\",\"@id\":\"https:\/\/peryhome.com\/de\/product\/mira-sessel-eleganter-anpassbarer-komfort-fuer-jeden-raum\/#primaryimage\",\"url\":\"https:\/\/peryhome.com\/wp-content\/uploads\/2024\/11\/Untitled-6.webp\",\"contentUrl\":\"https:\/\/peryhome.com\/wp-content\/uploads\/2024\/11\/Untitled-6.webp\",\"width\":1600,\"height\":1200,\"caption\":\"Mira Armchair \u2013 Elegant, Customizable Comfort for Home\"},{\"@type\":\"BreadcrumbList\",\"@id\":\"https:\/\/peryhome.com\/de\/product\/mira-sessel-eleganter-anpassbarer-komfort-fuer-jeden-raum\/#breadcrumb\",\"itemListElement\":[{\"@type\":\"ListItem\",\"position\":1,\"name\":\"Anasayfa\",\"item\":\"https:\/\/peryhome.com\/de\/startseite\/\"},{\"@type\":\"ListItem\",\"position\":2,\"name\":\"Shop\",\"item\":\"https:\/\/peryhome.com\/shop\/\"},{\"@type\":\"ListItem\",\"position\":3,\"name\":\"Mira Sessel &#8211; eleganter, anpassbarer Komfort f\u00fcr jeden Raum\"}]},{\"@type\":\"WebSite\",\"@id\":\"https:\/\/peryhome.com\/de\/#website\",\"url\":\"https:\/\/peryhome.com\/de\/\",\"name\":\"PeryHome\",\"description\":\"Art of Furniture\",\"publisher\":{\"@id\":\"https:\/\/peryhome.com\/de\/#organization\"},\"potentialAction\":[{\"@type\":\"SearchAction\",\"target\":{\"@type\":\"EntryPoint\",\"urlTemplate\":\"https:\/\/peryhome.com\/de\/?s={search_term_string}\"},\"query-input\":{\"@type\":\"PropertyValueSpecification\",\"valueRequired\":true,\"valueName\":\"search_term_string\"}}],\"inLanguage\":\"de\"},{\"@type\":\"Organization\",\"@id\":\"https:\/\/peryhome.com\/de\/#organization\",\"name\":\"PeryHome\",\"url\":\"https:\/\/peryhome.com\/de\/\",\"logo\":{\"@type\":\"ImageObject\",\"inLanguage\":\"de\",\"@id\":\"https:\/\/peryhome.com\/de\/#\/schema\/logo\/image\/\",\"url\":\"https:\/\/peryhome.com\/wp-content\/uploads\/2024\/12\/Logo_horizontal_HQ.webp\",\"contentUrl\":\"https:\/\/peryhome.com\/wp-content\/uploads\/2024\/12\/Logo_horizontal_HQ.webp\",\"width\":1000,\"height\":269,\"caption\":\"PeryHome\"},\"image\":{\"@id\":\"https:\/\/peryhome.com\/de\/#\/schema\/logo\/image\/\"},\"sameAs\":[\"https:\/\/www.facebook.com\/profile.php?id=61566312622555\",\"https:\/\/www.instagram.com\/peryhome.eu\/\"]}]}<\/script>\n<!-- \/ Yoast SEO plugin. -->","yoast_head_json":{"title":"Mira Armchair - Eleganter, anpassbarer Komfort f\u00fcr Ihr Zuhause","description":"\"Mira Armchair - Elegant und anpassbar von PeryHome, entworfen, um Stil und Komfort in jeden Wohnraum zu bringen, mit individuellen Optionen.\u201c","robots":{"index":"index","follow":"follow","max-snippet":"max-snippet:-1","max-image-preview":"max-image-preview:large","max-video-preview":"max-video-preview:-1"},"canonical":"https:\/\/peryhome.com\/de\/product\/mira-sessel-eleganter-anpassbarer-komfort-fuer-jeden-raum\/","og_locale":"de_DE","og_type":"article","og_title":"Mira Armchair - Eleganter, anpassbarer Komfort f\u00fcr Ihr Zuhause","og_description":"\"Mira Armchair - Elegant und anpassbar von PeryHome, entworfen, um Stil und Komfort in jeden Wohnraum zu bringen, mit individuellen Optionen.\u201c","og_url":"https:\/\/peryhome.com\/de\/product\/mira-sessel-eleganter-anpassbarer-komfort-fuer-jeden-raum\/","og_site_name":"PeryHome","article_publisher":"https:\/\/www.facebook.com\/profile.php?id=61566312622555","article_modified_time":"2024-12-09T11:19:56+00:00","og_image":[{"width":1600,"height":1200,"url":"https:\/\/peryhome.com\/wp-content\/uploads\/2024\/11\/Untitled-6.webp","type":"image\/webp"}],"twitter_card":"summary_large_image","twitter_misc":{"Gesch\u00e4tzte Lesezeit":"2\u00a0Minuten"},"schema":{"@context":"https:\/\/schema.org","@graph":[{"@type":"WebPage","@id":"https:\/\/peryhome.com\/de\/product\/mira-sessel-eleganter-anpassbarer-komfort-fuer-jeden-raum\/","url":"https:\/\/peryhome.com\/de\/product\/mira-sessel-eleganter-anpassbarer-komfort-fuer-jeden-raum\/","name":"Mira Armchair - Eleganter, anpassbarer Komfort f\u00fcr Ihr Zuhause","isPartOf":{"@id":"https:\/\/peryhome.com\/de\/#website"},"primaryImageOfPage":{"@id":"https:\/\/peryhome.com\/de\/product\/mira-sessel-eleganter-anpassbarer-komfort-fuer-jeden-raum\/#primaryimage"},"image":{"@id":"https:\/\/peryhome.com\/de\/product\/mira-sessel-eleganter-anpassbarer-komfort-fuer-jeden-raum\/#primaryimage"},"thumbnailUrl":"https:\/\/peryhome.com\/wp-content\/uploads\/2024\/11\/Untitled-6.webp","datePublished":"2024-11-02T22:18:33+00:00","dateModified":"2024-12-09T11:19:56+00:00","description":"\"Mira Armchair - Elegant und anpassbar von PeryHome, entworfen, um Stil und Komfort in jeden Wohnraum zu bringen, mit individuellen Optionen.\u201c","breadcrumb":{"@id":"https:\/\/peryhome.com\/de\/product\/mira-sessel-eleganter-anpassbarer-komfort-fuer-jeden-raum\/#breadcrumb"},"inLanguage":"de","potentialAction":[{"@type":"ReadAction","target":["https:\/\/peryhome.com\/de\/product\/mira-sessel-eleganter-anpassbarer-komfort-fuer-jeden-raum\/"]}]},{"@type":"ImageObject","inLanguage":"de","@id":"https:\/\/peryhome.com\/de\/product\/mira-sessel-eleganter-anpassbarer-komfort-fuer-jeden-raum\/#primaryimage","url":"https:\/\/peryhome.com\/wp-content\/uploads\/2024\/11\/Untitled-6.webp","contentUrl":"https:\/\/peryhome.com\/wp-content\/uploads\/2024\/11\/Untitled-6.webp","width":1600,"height":1200,"caption":"Mira Armchair \u2013 Elegant, Customizable Comfort for Home"},{"@type":"BreadcrumbList","@id":"https:\/\/peryhome.com\/de\/product\/mira-sessel-eleganter-anpassbarer-komfort-fuer-jeden-raum\/#breadcrumb","itemListElement":[{"@type":"ListItem","position":1,"name":"Anasayfa","item":"https:\/\/peryhome.com\/de\/startseite\/"},{"@type":"ListItem","position":2,"name":"Shop","item":"https:\/\/peryhome.com\/shop\/"},{"@type":"ListItem","position":3,"name":"Mira Sessel &#8211; eleganter, anpassbarer Komfort f\u00fcr jeden Raum"}]},{"@type":"WebSite","@id":"https:\/\/peryhome.com\/de\/#website","url":"https:\/\/peryhome.com\/de\/","name":"PeryHome","description":"Art of Furniture","publisher":{"@id":"https:\/\/peryhome.com\/de\/#organization"},"potentialAction":[{"@type":"SearchAction","target":{"@type":"EntryPoint","urlTemplate":"https:\/\/peryhome.com\/de\/?s={search_term_string}"},"query-input":{"@type":"PropertyValueSpecification","valueRequired":true,"valueName":"search_term_string"}}],"inLanguage":"de"},{"@type":"Organization","@id":"https:\/\/peryhome.com\/de\/#organization","name":"PeryHome","url":"https:\/\/peryhome.com\/de\/","logo":{"@type":"ImageObject","inLanguage":"de","@id":"https:\/\/peryhome.com\/de\/#\/schema\/logo\/image\/","url":"https:\/\/peryhome.com\/wp-content\/uploads\/2024\/12\/Logo_horizontal_HQ.webp","contentUrl":"https:\/\/peryhome.com\/wp-content\/uploads\/2024\/12\/Logo_horizontal_HQ.webp","width":1000,"height":269,"caption":"PeryHome"},"image":{"@id":"https:\/\/peryhome.com\/de\/#\/schema\/logo\/image\/"},"sameAs":["https:\/\/www.facebook.com\/profile.php?id=61566312622555","https:\/\/www.instagram.com\/peryhome.eu\/"]}]}},"jetpack_sharing_enabled":true,"_links":{"self":[{"href":"https:\/\/peryhome.com\/de\/wp-json\/wp\/v2\/product\/7472"}],"collection":[{"href":"https:\/\/peryhome.com\/de\/wp-json\/wp\/v2\/product"}],"about":[{"href":"https:\/\/peryhome.com\/de\/wp-json\/wp\/v2\/types\/product"}],"version-history":[{"count":1,"href":"https:\/\/peryhome.com\/de\/wp-json\/wp\/v2\/product\/7472\/revisions"}],"predecessor-version":[{"id":8305,"href":"https:\/\/peryhome.com\/de\/wp-json\/wp\/v2\/product\/7472\/revisions\/8305"}],"wp:featuredmedia":[{"embeddable":true,"href":"https:\/\/peryhome.com\/de\/wp-json\/wp\/v2\/media\/6989"}],"wp:attachment":[{"href":"https:\/\/peryhome.com\/de\/wp-json\/wp\/v2\/media?parent=7472"}],"wp:term":[{"taxonomy":"product_cat","embeddable":true,"href":"https:\/\/peryhome.com\/de\/wp-json\/wp\/v2\/product_cat?post=7472"},{"taxonomy":"product_tag","embeddable":true,"href":"https:\/\/peryhome.com\/de\/wp-json\/wp\/v2\/product_tag?post=7472"}],"curies":[{"name":"wp","href":"https:\/\/api.w.org\/{rel}","templated":true}]}}