{"id":7806,"date":"2024-12-02T22:01:59","date_gmt":"2024-12-02T22:01:59","guid":{"rendered":"https:\/\/peryhome.com\/?post_type=product&#038;p=7806"},"modified":"2025-01-01T13:32:19","modified_gmt":"2025-01-01T13:32:19","slug":"inci-esszimmerstuhl-stoff-grau-matis-holzbeine-copy-copy","status":"publish","type":"product","link":"https:\/\/peryhome.com\/de\/product\/inci-esszimmerstuhl-stoff-grau-matis-holzbeine-copy-copy\/","title":{"rendered":"Inci Esszimmerstuhl &#8211; (6 St\u00fchle Set) &#8211; Grau Matis Stoff &#8211; Holzbeine"},"content":{"rendered":"<h3>Inci Esszimmerstuhl: Esszimmerstuhl &#8211; Holz &#8211; Grau f\u00fcr eleganten Komfort<\/h3>\n<p>Der <strong>Inci<\/strong> <a href=\"https:\/\/peryhome.com\/chairs\/\">Esszimmerstuhl <\/a>von PeryHome bietet die ideale Kombination aus Komfort und Stil mit seinem Esszimmerstuhl &#8211; Holz &#8211; grau Design. Der Stuhl passt zu einer Vielzahl von Interieurs und ist mit seinem minimalistischen Design und den hochwertigen Materialien eine hervorragende Wahl f\u00fcr moderne Esszimmer. Mit seinem eleganten grauen Stoff und den robusten Holzbeinen bietet der Inci Esszimmerstuhl sowohl Eleganz als auch Langlebigkeit und verk\u00f6rpert das Engagement von <a href=\"https:\/\/www.instagram.com\/peryhome.eu\/\">PeryHome<\/a> f\u00fcr hochwertige Handwerkskunst.  <\/p>\n<h3>Luxuri\u00f6se graue Matis-Stoff-Polsterung<\/h3>\n<p>Der<strong> Inci Dining Chair<\/strong> ist mit luxuri\u00f6sem grauem Matis-Stoff bezogen und verleiht Ihrem Essbereich einen Hauch von Eleganz. Dieser hochwertige Stoff wertet den Stuhl nicht nur optisch auf, sondern bietet auch ein weiches, bequemes Sitzerlebnis. Der neutrale Grauton des Matis-Stoffes macht ihn zu einer zeitlosen Wahl, perfekt f\u00fcr moderne und minimalistische Einrichtungen.  <\/p>\n<h3>Stabile Holzf\u00fc\u00dfe f\u00fcr dauerhaften Halt<\/h3>\n<p>Der <strong>Inci Dining Chair<\/strong> ist auf Langlebigkeit ausgelegt und verf\u00fcgt \u00fcber robuste Holzbeine, die f\u00fcr zuverl\u00e4ssigen Halt und ein nat\u00fcrliches, warmes Aussehen sorgen. Die nat\u00fcrliche Maserung des Holzes erg\u00e4nzt die graue Polsterung und sorgt f\u00fcr ein ausgewogenes Verh\u00e4ltnis von W\u00e4rme und Raffinesse. Das Engagement von PeryHome, Stil und Funktion zu verbinden, zeigt sich in diesen starken Holzbeinen, die den Inci Dining Chair zu einer dauerhaften Investition f\u00fcr Ihr Zuhause machen.  <\/p>\n<h3>Ergonomischer Komfort mit modernem Stil<\/h3>\n<p>Der <strong>Inci Dining Chair<\/strong> ist nicht nur optisch ansprechend, sondern auch auf Komfort ausgelegt. Seine ergonomische Sitzfl\u00e4che erm\u00f6glicht ein l\u00e4ngeres Sitzen und ist somit ideal f\u00fcr Esszimmer, K\u00fcchen oder Arbeitsbereiche. Dieser Stuhl bietet eine perfekte Mischung aus Stil und Komfort und erf\u00fcllt die Bed\u00fcrfnisse sowohl designorientierter als auch komfortorientierter Kunden.  <\/p>\n<h3>Perfekt f\u00fcr verschiedene Einrichtungsstile<\/h3>\n<p>Mit seinem vielseitigen Design passt der<strong> Inci Dining Chair<\/strong> zu einer breiten Palette von Einrichtungsstilen. Egal, ob Sie ein modernes Esszimmer oder eine traditionellere Einrichtung haben, die Kombination aus grauem Stoff und Holzbeinen verleiht diesem Stuhl einen warmen und doch modernen Look, der zu jeder Umgebung passt. <\/p>\n<h3>Bei PeryHome z\u00e4hlt Qualit\u00e4t. Der Star Dining Chair h\u00e4lt diese Standards ein. Aus hochwertigen Materialien gefertigt, ist dieser Stuhl f\u00fcr eine lange Lebensdauer ausgelegt. Er ist eine ausgezeichnete Wahl f\u00fcr alle, die ihr Esszimmer oder ihren Wohnbereich mit einem zuverl\u00e4ssigen, stilvollen St\u00fcck aufwerten m\u00f6chten. Der Star Dining Chair ist mehr als nur eine Sitzgelegenheit, er ist ein Ausdruck von Eleganz und Qualit\u00e4t.Gefertigt nach den hohen Standards von PeryHome<\/h3>\n<p>Bei PeryHome steht Qualit\u00e4t an erster Stelle, und der<strong> Inci Dining Chair <\/strong>ist da keine Ausnahme. Aus den besten Materialien gefertigt und auf Langlebigkeit ausgelegt, ist dieser Stuhl eine gute Wahl f\u00fcr alle, die ihr Esszimmer oder ihren Wohnbereich mit einem zuverl\u00e4ssigen und stilvollen St\u00fcck aufwerten m\u00f6chten. Der Inci Dining Chair ist mehr als nur ein Sitzm\u00f6bel; er ist ein Statement f\u00fcr Eleganz und Qualit\u00e4t.<\/p>\n","protected":false},"excerpt":{"rendered":"<div class=\"flex max-w-full flex-col flex-grow\">\n<div class=\"min-h-8 text-message flex w-full flex-col items-end gap-2 whitespace-normal break-words [.text-message+&amp;]:mt-5\" dir=\"auto\" data-message-author-role=\"assistant\" data-message-id=\"7591a3cc-d815-4c8e-a4dd-17cd3569d0aa\" data-message-model-slug=\"gpt-4o\">\n<div class=\"flex w-full flex-col gap-1 empty:hidden first:pt-[3px]\">\n<div class=\"markdown prose w-full break-words dark:prose-invert light\">\n<p>\u2714\ufe0f <strong>Hochwertige Polsterung:<\/strong> Grau Matis-Stoff bietet eine stilvolle Optik und langlebige Haltbarkeit.<br \/>\n\u2714\ufe0f <strong>Robuste Holzbeine: <\/strong>Massivholzbeine sorgen f\u00fcr einen sicheren, stabilen Stand und verleihen Ihrem Raum eine warme, nat\u00fcrliche Note.<br \/>\n\u2714\ufe0f <strong>Ergonomischer Komfort:<\/strong> Ein unterst\u00fctzender Sitz und eine R\u00fcckenlehne garantieren langanhaltenden Komfort bei ausgedehnten Mahlzeiten oder in der Freizeit.<br \/>\n\u2714\ufe0f <strong>Vielseitige Platzierung: <\/strong>Perfekt f\u00fcr Esszimmer, K\u00fcchen oder Wohnbereiche und erg\u00e4nzt nahtlos verschiedene Einrichtungsstile.<br \/>\n\u2714\ufe0f <strong>Gr\u00f6\u00dfe: <\/strong>54 cm Tiefe x 50 cm Breite x 83 cm H\u00f6he<br \/>\n\u2714\ufe0f <strong>St\u00fcckpreis:<\/strong> 111,45 \u20ac pro Stuhl.<\/p>\n<\/div>\n<\/div>\n<\/div>\n<\/div>\n","protected":false},"featured_media":6881,"template":"","meta":{"_monsterinsights_skip_tracking":false,"_monsterinsights_sitenote_active":false,"_monsterinsights_sitenote_note":"","_monsterinsights_sitenote_category":0},"product_cat":[253],"product_tag":[271,272,288,286,307,270,287],"class_list":{"0":"post-7806","1":"product","2":"type-product","3":"status-publish","4":"has-post-thumbnail","6":"product_cat-stuhle","7":"product_tag-bequemer-esszimmerstuhl","8":"product_tag-eleganter-esszimmerstuhl","9":"product_tag-esstischstuhl-aus-holz","10":"product_tag-esszimmerstuhl-aus-holz-grau","11":"product_tag-inci-esszimmerstuhl","12":"product_tag-moderner-esszimmerstuhl","13":"product_tag-stuhl-aus-grauem-stoff","15":"first","16":"instock","17":"sale","18":"shipping-taxable","19":"purchasable","20":"product-type-simple"},"yoast_head":"<!-- This site is optimized with the Yoast SEO plugin v24.1 - https:\/\/yoast.com\/wordpress\/plugins\/seo\/ -->\n<title>Inci Esszimmerstuhl - Grau Matis Stoff - Holzbeine - PeryHome<\/title>\n<meta name=\"description\" content=\"&quot;Inci Esszimmerstuhl: Modernes Design mit grauem Matis-Stoff und Holzbeinen. Bringen Sie Eleganz in Ihren Essbereich mit dieser stilvollen und langlebigen Wahl.\u201c\" \/>\n<meta name=\"robots\" content=\"index, follow, max-snippet:-1, max-image-preview:large, max-video-preview:-1\" \/>\n<link rel=\"canonical\" href=\"https:\/\/peryhome.com\/de\/product\/inci-esszimmerstuhl-stoff-grau-matis-holzbeine-copy-copy\/\" \/>\n<meta property=\"og:locale\" content=\"de_DE\" \/>\n<meta property=\"og:type\" content=\"article\" \/>\n<meta property=\"og:title\" content=\"Inci Esszimmerstuhl - Grau Matis Stoff - Holzbeine - PeryHome\" \/>\n<meta property=\"og:description\" content=\"&quot;Inci Esszimmerstuhl: Modernes Design mit grauem Matis-Stoff und Holzbeinen. Bringen Sie Eleganz in Ihren Essbereich mit dieser stilvollen und langlebigen Wahl.\u201c\" \/>\n<meta property=\"og:url\" content=\"https:\/\/peryhome.com\/de\/product\/inci-esszimmerstuhl-stoff-grau-matis-holzbeine-copy-copy\/\" \/>\n<meta property=\"og:site_name\" content=\"PeryHome\" \/>\n<meta property=\"article:publisher\" content=\"https:\/\/www.facebook.com\/profile.php?id=61566312622555\" \/>\n<meta property=\"article:modified_time\" content=\"2025-01-01T13:32:19+00:00\" \/>\n<meta property=\"og:image\" content=\"https:\/\/peryhome.com\/wp-content\/uploads\/2024\/11\/Inci-Gri.webp\" \/>\n\t<meta property=\"og:image:width\" content=\"1600\" \/>\n\t<meta property=\"og:image:height\" content=\"1200\" \/>\n\t<meta property=\"og:image:type\" content=\"image\/webp\" \/>\n<meta name=\"twitter:card\" content=\"summary_large_image\" \/>\n<meta name=\"twitter:label1\" content=\"Gesch\u00e4tzte Lesezeit\" \/>\n\t<meta name=\"twitter:data1\" content=\"2\u00a0Minuten\" \/>\n<script type=\"application\/ld+json\" class=\"yoast-schema-graph\">{\"@context\":\"https:\/\/schema.org\",\"@graph\":[{\"@type\":\"WebPage\",\"@id\":\"https:\/\/peryhome.com\/de\/product\/inci-esszimmerstuhl-stoff-grau-matis-holzbeine-copy-copy\/\",\"url\":\"https:\/\/peryhome.com\/de\/product\/inci-esszimmerstuhl-stoff-grau-matis-holzbeine-copy-copy\/\",\"name\":\"Inci Esszimmerstuhl - Grau Matis Stoff - Holzbeine - PeryHome\",\"isPartOf\":{\"@id\":\"https:\/\/peryhome.com\/de\/#website\"},\"primaryImageOfPage\":{\"@id\":\"https:\/\/peryhome.com\/de\/product\/inci-esszimmerstuhl-stoff-grau-matis-holzbeine-copy-copy\/#primaryimage\"},\"image\":{\"@id\":\"https:\/\/peryhome.com\/de\/product\/inci-esszimmerstuhl-stoff-grau-matis-holzbeine-copy-copy\/#primaryimage\"},\"thumbnailUrl\":\"https:\/\/peryhome.com\/wp-content\/uploads\/2024\/11\/Inci-Gri.webp\",\"datePublished\":\"2024-12-02T22:01:59+00:00\",\"dateModified\":\"2025-01-01T13:32:19+00:00\",\"description\":\"\\\"Inci Esszimmerstuhl: Modernes Design mit grauem Matis-Stoff und Holzbeinen. Bringen Sie Eleganz in Ihren Essbereich mit dieser stilvollen und langlebigen Wahl.\u201c\",\"breadcrumb\":{\"@id\":\"https:\/\/peryhome.com\/de\/product\/inci-esszimmerstuhl-stoff-grau-matis-holzbeine-copy-copy\/#breadcrumb\"},\"inLanguage\":\"de\",\"potentialAction\":[{\"@type\":\"ReadAction\",\"target\":[\"https:\/\/peryhome.com\/de\/product\/inci-esszimmerstuhl-stoff-grau-matis-holzbeine-copy-copy\/\"]}]},{\"@type\":\"ImageObject\",\"inLanguage\":\"de\",\"@id\":\"https:\/\/peryhome.com\/de\/product\/inci-esszimmerstuhl-stoff-grau-matis-holzbeine-copy-copy\/#primaryimage\",\"url\":\"https:\/\/peryhome.com\/wp-content\/uploads\/2024\/11\/Inci-Gri.webp\",\"contentUrl\":\"https:\/\/peryhome.com\/wp-content\/uploads\/2024\/11\/Inci-Gri.webp\",\"width\":1600,\"height\":1200,\"caption\":\"\u0130nci Dining Chair \u2013 Grey Matis Fabric \u2013 Wooden Legs \u2013 PeryHome\"},{\"@type\":\"BreadcrumbList\",\"@id\":\"https:\/\/peryhome.com\/de\/product\/inci-esszimmerstuhl-stoff-grau-matis-holzbeine-copy-copy\/#breadcrumb\",\"itemListElement\":[{\"@type\":\"ListItem\",\"position\":1,\"name\":\"Anasayfa\",\"item\":\"https:\/\/peryhome.com\/de\/startseite\/\"},{\"@type\":\"ListItem\",\"position\":2,\"name\":\"Shop\",\"item\":\"https:\/\/peryhome.com\/shop\/\"},{\"@type\":\"ListItem\",\"position\":3,\"name\":\"Inci Esszimmerstuhl &#8211; (6 St\u00fchle Set) &#8211; Grau Matis Stoff &#8211; Holzbeine\"}]},{\"@type\":\"WebSite\",\"@id\":\"https:\/\/peryhome.com\/de\/#website\",\"url\":\"https:\/\/peryhome.com\/de\/\",\"name\":\"PeryHome\",\"description\":\"Art of Furniture\",\"publisher\":{\"@id\":\"https:\/\/peryhome.com\/de\/#organization\"},\"potentialAction\":[{\"@type\":\"SearchAction\",\"target\":{\"@type\":\"EntryPoint\",\"urlTemplate\":\"https:\/\/peryhome.com\/de\/?s={search_term_string}\"},\"query-input\":{\"@type\":\"PropertyValueSpecification\",\"valueRequired\":true,\"valueName\":\"search_term_string\"}}],\"inLanguage\":\"de\"},{\"@type\":\"Organization\",\"@id\":\"https:\/\/peryhome.com\/de\/#organization\",\"name\":\"PeryHome\",\"url\":\"https:\/\/peryhome.com\/de\/\",\"logo\":{\"@type\":\"ImageObject\",\"inLanguage\":\"de\",\"@id\":\"https:\/\/peryhome.com\/de\/#\/schema\/logo\/image\/\",\"url\":\"https:\/\/peryhome.com\/wp-content\/uploads\/2024\/12\/Logo_horizontal_HQ.webp\",\"contentUrl\":\"https:\/\/peryhome.com\/wp-content\/uploads\/2024\/12\/Logo_horizontal_HQ.webp\",\"width\":1000,\"height\":269,\"caption\":\"PeryHome\"},\"image\":{\"@id\":\"https:\/\/peryhome.com\/de\/#\/schema\/logo\/image\/\"},\"sameAs\":[\"https:\/\/www.facebook.com\/profile.php?id=61566312622555\",\"https:\/\/www.instagram.com\/peryhome.eu\/\"]}]}<\/script>\n<!-- \/ Yoast SEO plugin. -->","yoast_head_json":{"title":"Inci Esszimmerstuhl - Grau Matis Stoff - Holzbeine - PeryHome","description":"\"Inci Esszimmerstuhl: Modernes Design mit grauem Matis-Stoff und Holzbeinen. Bringen Sie Eleganz in Ihren Essbereich mit dieser stilvollen und langlebigen Wahl.\u201c","robots":{"index":"index","follow":"follow","max-snippet":"max-snippet:-1","max-image-preview":"max-image-preview:large","max-video-preview":"max-video-preview:-1"},"canonical":"https:\/\/peryhome.com\/de\/product\/inci-esszimmerstuhl-stoff-grau-matis-holzbeine-copy-copy\/","og_locale":"de_DE","og_type":"article","og_title":"Inci Esszimmerstuhl - Grau Matis Stoff - Holzbeine - PeryHome","og_description":"\"Inci Esszimmerstuhl: Modernes Design mit grauem Matis-Stoff und Holzbeinen. Bringen Sie Eleganz in Ihren Essbereich mit dieser stilvollen und langlebigen Wahl.\u201c","og_url":"https:\/\/peryhome.com\/de\/product\/inci-esszimmerstuhl-stoff-grau-matis-holzbeine-copy-copy\/","og_site_name":"PeryHome","article_publisher":"https:\/\/www.facebook.com\/profile.php?id=61566312622555","article_modified_time":"2025-01-01T13:32:19+00:00","og_image":[{"width":1600,"height":1200,"url":"https:\/\/peryhome.com\/wp-content\/uploads\/2024\/11\/Inci-Gri.webp","type":"image\/webp"}],"twitter_card":"summary_large_image","twitter_misc":{"Gesch\u00e4tzte Lesezeit":"2\u00a0Minuten"},"schema":{"@context":"https:\/\/schema.org","@graph":[{"@type":"WebPage","@id":"https:\/\/peryhome.com\/de\/product\/inci-esszimmerstuhl-stoff-grau-matis-holzbeine-copy-copy\/","url":"https:\/\/peryhome.com\/de\/product\/inci-esszimmerstuhl-stoff-grau-matis-holzbeine-copy-copy\/","name":"Inci Esszimmerstuhl - Grau Matis Stoff - Holzbeine - PeryHome","isPartOf":{"@id":"https:\/\/peryhome.com\/de\/#website"},"primaryImageOfPage":{"@id":"https:\/\/peryhome.com\/de\/product\/inci-esszimmerstuhl-stoff-grau-matis-holzbeine-copy-copy\/#primaryimage"},"image":{"@id":"https:\/\/peryhome.com\/de\/product\/inci-esszimmerstuhl-stoff-grau-matis-holzbeine-copy-copy\/#primaryimage"},"thumbnailUrl":"https:\/\/peryhome.com\/wp-content\/uploads\/2024\/11\/Inci-Gri.webp","datePublished":"2024-12-02T22:01:59+00:00","dateModified":"2025-01-01T13:32:19+00:00","description":"\"Inci Esszimmerstuhl: Modernes Design mit grauem Matis-Stoff und Holzbeinen. Bringen Sie Eleganz in Ihren Essbereich mit dieser stilvollen und langlebigen Wahl.\u201c","breadcrumb":{"@id":"https:\/\/peryhome.com\/de\/product\/inci-esszimmerstuhl-stoff-grau-matis-holzbeine-copy-copy\/#breadcrumb"},"inLanguage":"de","potentialAction":[{"@type":"ReadAction","target":["https:\/\/peryhome.com\/de\/product\/inci-esszimmerstuhl-stoff-grau-matis-holzbeine-copy-copy\/"]}]},{"@type":"ImageObject","inLanguage":"de","@id":"https:\/\/peryhome.com\/de\/product\/inci-esszimmerstuhl-stoff-grau-matis-holzbeine-copy-copy\/#primaryimage","url":"https:\/\/peryhome.com\/wp-content\/uploads\/2024\/11\/Inci-Gri.webp","contentUrl":"https:\/\/peryhome.com\/wp-content\/uploads\/2024\/11\/Inci-Gri.webp","width":1600,"height":1200,"caption":"\u0130nci Dining Chair \u2013 Grey Matis Fabric \u2013 Wooden Legs \u2013 PeryHome"},{"@type":"BreadcrumbList","@id":"https:\/\/peryhome.com\/de\/product\/inci-esszimmerstuhl-stoff-grau-matis-holzbeine-copy-copy\/#breadcrumb","itemListElement":[{"@type":"ListItem","position":1,"name":"Anasayfa","item":"https:\/\/peryhome.com\/de\/startseite\/"},{"@type":"ListItem","position":2,"name":"Shop","item":"https:\/\/peryhome.com\/shop\/"},{"@type":"ListItem","position":3,"name":"Inci Esszimmerstuhl &#8211; (6 St\u00fchle Set) &#8211; Grau Matis Stoff &#8211; Holzbeine"}]},{"@type":"WebSite","@id":"https:\/\/peryhome.com\/de\/#website","url":"https:\/\/peryhome.com\/de\/","name":"PeryHome","description":"Art of Furniture","publisher":{"@id":"https:\/\/peryhome.com\/de\/#organization"},"potentialAction":[{"@type":"SearchAction","target":{"@type":"EntryPoint","urlTemplate":"https:\/\/peryhome.com\/de\/?s={search_term_string}"},"query-input":{"@type":"PropertyValueSpecification","valueRequired":true,"valueName":"search_term_string"}}],"inLanguage":"de"},{"@type":"Organization","@id":"https:\/\/peryhome.com\/de\/#organization","name":"PeryHome","url":"https:\/\/peryhome.com\/de\/","logo":{"@type":"ImageObject","inLanguage":"de","@id":"https:\/\/peryhome.com\/de\/#\/schema\/logo\/image\/","url":"https:\/\/peryhome.com\/wp-content\/uploads\/2024\/12\/Logo_horizontal_HQ.webp","contentUrl":"https:\/\/peryhome.com\/wp-content\/uploads\/2024\/12\/Logo_horizontal_HQ.webp","width":1000,"height":269,"caption":"PeryHome"},"image":{"@id":"https:\/\/peryhome.com\/de\/#\/schema\/logo\/image\/"},"sameAs":["https:\/\/www.facebook.com\/profile.php?id=61566312622555","https:\/\/www.instagram.com\/peryhome.eu\/"]}]}},"jetpack_sharing_enabled":true,"_links":{"self":[{"href":"https:\/\/peryhome.com\/de\/wp-json\/wp\/v2\/product\/7806"}],"collection":[{"href":"https:\/\/peryhome.com\/de\/wp-json\/wp\/v2\/product"}],"about":[{"href":"https:\/\/peryhome.com\/de\/wp-json\/wp\/v2\/types\/product"}],"version-history":[{"count":3,"href":"https:\/\/peryhome.com\/de\/wp-json\/wp\/v2\/product\/7806\/revisions"}],"predecessor-version":[{"id":9181,"href":"https:\/\/peryhome.com\/de\/wp-json\/wp\/v2\/product\/7806\/revisions\/9181"}],"wp:featuredmedia":[{"embeddable":true,"href":"https:\/\/peryhome.com\/de\/wp-json\/wp\/v2\/media\/6881"}],"wp:attachment":[{"href":"https:\/\/peryhome.com\/de\/wp-json\/wp\/v2\/media?parent=7806"}],"wp:term":[{"taxonomy":"product_cat","embeddable":true,"href":"https:\/\/peryhome.com\/de\/wp-json\/wp\/v2\/product_cat?post=7806"},{"taxonomy":"product_tag","embeddable":true,"href":"https:\/\/peryhome.com\/de\/wp-json\/wp\/v2\/product_tag?post=7806"}],"curies":[{"name":"wp","href":"https:\/\/api.w.org\/{rel}","templated":true}]}}