{"id":7844,"date":"2024-12-02T22:41:27","date_gmt":"2024-12-02T22:41:27","guid":{"rendered":"https:\/\/peryhome.com\/?post_type=product&#038;p=7844"},"modified":"2025-01-10T16:14:07","modified_gmt":"2025-01-10T16:14:07","slug":"maya-esszimmerstuhl-grauer-samtstoff-schwarze-metallbeine-copy-copy","status":"publish","type":"product","link":"https:\/\/peryhome.com\/de\/product\/maya-esszimmerstuhl-grauer-samtstoff-schwarze-metallbeine-copy-copy\/","title":{"rendered":"Maya Esszimmerstuhl &#8211; (6 St\u00fchle Set) &#8211; Grauer Samtstoff &#8211; Schwarze Metallbeine"},"content":{"rendered":"<h3>Maya Esszimmerstuhl: Esszimmerstuhl &#8211; Schwarzes Metall &#8211; Grau f\u00fcr eleganten Komfort<\/h3>\n<p>Der <strong>Maya<\/strong> Dining <a href=\"https:\/\/peryhome.com\/chairs\/\">Chair<\/a> von PeryHome vereint Komfort und Stil in seinem Esszimmerstuhl &#8211; schwarzes Metall &#8211; graues Design. Dieser Stuhl passt zu verschiedenen Interieurs und besticht durch seinen minimalistischen Stil und seine hochwertigen Materialien. Er ist eine hervorragende Wahl f\u00fcr moderne Esszimmer. Der elegante graue Samtstoff und die robusten schwarzen Metallbeine verleihen dem Maya Dining Chair Eleganz und Langlebigkeit und verk\u00f6rpern das Engagement von <a href=\"https:\/\/www.instagram.com\/peryhome.eu\/\">PeryHome<\/a> f\u00fcr hochwertige Handwerkskunst.   <\/p>\n<h3>Luxuri\u00f6se Polsterung aus grauem Samtstoff<\/h3>\n<p>Der <strong>Maya Dining Chair<\/strong> ist mit luxuri\u00f6sem grauem Samtstoff bezogen. Diese Polsterung verleiht jedem Essbereich Eleganz und bietet gleichzeitig ein weiches, bequemes Sitzerlebnis. Der neutrale Grauton des Samtes macht ihn au\u00dferdem zu einer zeitlosen Wahl. Er ist perfekt f\u00fcr moderne und minimalistische Einrichtungen.   <\/p>\n<h3>Stabile schwarze Metallf\u00fc\u00dfe f\u00fcr dauerhaften Halt<\/h3>\n<p>For durability, the <strong>Maya Dining Chair<\/strong> includes strong black metal legs. These provide reliable support and add a sleek, modern look. The contrast between black metal and grey upholstery creates a balanced feel of warmth and sophistication. PeryHome\u2019s dedication to combining style with function is clear in these legs, making the Maya Dining Chair a lasting investment.   <\/p>\n<h3>Ergonomischer Komfort mit modernem Stil<\/h3>\n<p>Der<strong> Maya Dining Chair<\/strong> ist nicht nur optisch ansprechend, sondern auch sehr bequem. Sein ergonomischer Sitz sorgt f\u00fcr Komfort bei l\u00e4ngerem Sitzen. Diese Eigenschaft macht ihn ideal f\u00fcr Esszimmer, K\u00fcchen oder Arbeitsbereiche. Durch die Verbindung von Stil und Komfort erf\u00fcllt dieser Stuhl die Bed\u00fcrfnisse designorientierter und komfortorientierter Kunden gleicherma\u00dfen.   <\/p>\n<h3>Perfekt f\u00fcr verschiedene Einrichtungsstile<\/h3>\n<p>Dank seines vielseitigen Designs passt der <strong>Maya Dining Chair<\/strong> zu vielen Einrichtungsstilen. Egal, ob Ihr Esszimmer modern oder traditionell eingerichtet ist, der graue Samtstoff und die schwarzen Metallbeine dieses Stuhls bieten einen warmen und doch modernen Look. Er passt in jede Umgebung.  <\/p>\n<h3>Bei PeryHome z\u00e4hlt Qualit\u00e4t. Der Star Dining Chair h\u00e4lt diese Standards ein. Aus hochwertigen Materialien gefertigt, ist dieser Stuhl f\u00fcr eine lange Lebensdauer ausgelegt. Er ist eine ausgezeichnete Wahl f\u00fcr alle, die ihr Esszimmer oder ihren Wohnbereich mit einem zuverl\u00e4ssigen, stilvollen St\u00fcck aufwerten m\u00f6chten. Der Star Dining Chair ist mehr als nur eine Sitzgelegenheit, er ist ein Ausdruck von Eleganz und Qualit\u00e4t.Gefertigt nach den hohen Standards von PeryHome<\/h3>\n<p>Bei PeryHome z\u00e4hlt Qualit\u00e4t. Der <strong>Maya Dining Chair<\/strong> h\u00e4lt diese Standards ein. Aus hochwertigen Materialien gefertigt, ist dieser Stuhl f\u00fcr eine lange Lebensdauer ausgelegt. Er ist eine ausgezeichnete Wahl f\u00fcr alle, die ihr Esszimmer oder ihren Wohnbereich mit einem zuverl\u00e4ssigen, stilvollen St\u00fcck aufwerten m\u00f6chten. Der Maya Dining Chair ist mehr als nur ein Sitzm\u00f6bel, er ist ein Statement f\u00fcr Eleganz und Qualit\u00e4t.<\/p>\n","protected":false},"excerpt":{"rendered":"<p><span style=\"color: #000000;\">\u2714\ufe0f <\/span><strong>Luxuri\u00f6ser und Weicher Samtstoff:<\/strong> Graue Samtpolsterung verleiht Eleganz und Komfort.<br \/>\u2714\ufe0f <strong>Langlebige Schwarze Metallbeine: <\/strong>Garantiert eine lange Lebensdauer und ein modernes Design.<br \/>\u2714\ufe0f <strong>Ergonomisches Design: <\/strong>Mit gepolstertem Sitz und R\u00fcckenlehne f\u00fcr maximalen Komfort.<br \/>\u2714\ufe0f <strong>Vielseitige Nutzung:<\/strong> Ideal f\u00fcr Esszimmer, K\u00fcchen oder Wohnbereiche.<br \/>\u2714\ufe0f<strong> Gr\u00f6\u00dfe: <\/strong>47 cm Tiefe x 47 cm Breite x 90 cm H\u00f6he<br \/>\u2714\ufe0f<strong> St\u00fcckpreis:<\/strong> \u20ac68,32 pro Stuhl.<\/p>\n","protected":false},"featured_media":6939,"template":"","meta":{"_monsterinsights_skip_tracking":false,"_monsterinsights_sitenote_active":false,"_monsterinsights_sitenote_note":"","_monsterinsights_sitenote_category":0},"product_cat":[253],"product_tag":[271,272,285,273,270,275,274],"class_list":{"0":"post-7844","1":"product","2":"type-product","3":"status-publish","4":"has-post-thumbnail","6":"product_cat-stuhle","7":"product_tag-bequemer-esszimmerstuhl","8":"product_tag-eleganter-esszimmerstuhl","9":"product_tag-grauer-samtstuhl","10":"product_tag-maya-esszimmerstuhl","11":"product_tag-moderner-esszimmerstuhl","12":"product_tag-peryhome-mobel","13":"product_tag-schwarze-metallbeine","15":"first","16":"instock","17":"sale","18":"shipping-taxable","19":"purchasable","20":"product-type-simple"},"yoast_head":"<!-- This site is optimized with the Yoast SEO plugin v24.1 - https:\/\/yoast.com\/wordpress\/plugins\/seo\/ -->\n<title>Maya Esszimmerstuhl - Grauer Samtstoff - Schwarze Metallbeine<\/title>\n<meta name=\"description\" content=\"&quot;Der Maya Stuhl mit grauem Samtstoff und schwarzen Metallbeinen bietet Stil und Haltbarkeit und ist perfekt, um jedem Esszimmer einen modernen Touch zu verleihen.\u201c\" \/>\n<meta name=\"robots\" content=\"index, follow, max-snippet:-1, max-image-preview:large, max-video-preview:-1\" \/>\n<link rel=\"canonical\" href=\"https:\/\/peryhome.com\/de\/product\/maya-esszimmerstuhl-grauer-samtstoff-schwarze-metallbeine-copy-copy\/\" \/>\n<meta property=\"og:locale\" content=\"de_DE\" \/>\n<meta property=\"og:type\" content=\"article\" \/>\n<meta property=\"og:title\" content=\"Maya Esszimmerstuhl - Grauer Samtstoff - Schwarze Metallbeine\" \/>\n<meta property=\"og:description\" content=\"&quot;Der Maya Stuhl mit grauem Samtstoff und schwarzen Metallbeinen bietet Stil und Haltbarkeit und ist perfekt, um jedem Esszimmer einen modernen Touch zu verleihen.\u201c\" \/>\n<meta property=\"og:url\" content=\"https:\/\/peryhome.com\/de\/product\/maya-esszimmerstuhl-grauer-samtstoff-schwarze-metallbeine-copy-copy\/\" \/>\n<meta property=\"og:site_name\" content=\"PeryHome\" \/>\n<meta property=\"article:publisher\" content=\"https:\/\/www.facebook.com\/profile.php?id=61566312622555\" \/>\n<meta property=\"article:modified_time\" content=\"2025-01-10T16:14:07+00:00\" \/>\n<meta property=\"og:image\" content=\"https:\/\/peryhome.com\/wp-content\/uploads\/2024\/11\/Maya-Gri.webp\" \/>\n\t<meta property=\"og:image:width\" content=\"1600\" \/>\n\t<meta property=\"og:image:height\" content=\"1200\" \/>\n\t<meta property=\"og:image:type\" content=\"image\/webp\" \/>\n<meta name=\"twitter:card\" content=\"summary_large_image\" \/>\n<meta name=\"twitter:label1\" content=\"Gesch\u00e4tzte Lesezeit\" \/>\n\t<meta name=\"twitter:data1\" content=\"2\u00a0Minuten\" \/>\n<script type=\"application\/ld+json\" class=\"yoast-schema-graph\">{\"@context\":\"https:\/\/schema.org\",\"@graph\":[{\"@type\":\"WebPage\",\"@id\":\"https:\/\/peryhome.com\/de\/product\/maya-esszimmerstuhl-grauer-samtstoff-schwarze-metallbeine-copy-copy\/\",\"url\":\"https:\/\/peryhome.com\/de\/product\/maya-esszimmerstuhl-grauer-samtstoff-schwarze-metallbeine-copy-copy\/\",\"name\":\"Maya Esszimmerstuhl - Grauer Samtstoff - Schwarze Metallbeine\",\"isPartOf\":{\"@id\":\"https:\/\/peryhome.com\/de\/#website\"},\"primaryImageOfPage\":{\"@id\":\"https:\/\/peryhome.com\/de\/product\/maya-esszimmerstuhl-grauer-samtstoff-schwarze-metallbeine-copy-copy\/#primaryimage\"},\"image\":{\"@id\":\"https:\/\/peryhome.com\/de\/product\/maya-esszimmerstuhl-grauer-samtstoff-schwarze-metallbeine-copy-copy\/#primaryimage\"},\"thumbnailUrl\":\"https:\/\/peryhome.com\/wp-content\/uploads\/2024\/11\/Maya-Gri.webp\",\"datePublished\":\"2024-12-02T22:41:27+00:00\",\"dateModified\":\"2025-01-10T16:14:07+00:00\",\"description\":\"\\\"Der Maya Stuhl mit grauem Samtstoff und schwarzen Metallbeinen bietet Stil und Haltbarkeit und ist perfekt, um jedem Esszimmer einen modernen Touch zu verleihen.\u201c\",\"breadcrumb\":{\"@id\":\"https:\/\/peryhome.com\/de\/product\/maya-esszimmerstuhl-grauer-samtstoff-schwarze-metallbeine-copy-copy\/#breadcrumb\"},\"inLanguage\":\"de\",\"potentialAction\":[{\"@type\":\"ReadAction\",\"target\":[\"https:\/\/peryhome.com\/de\/product\/maya-esszimmerstuhl-grauer-samtstoff-schwarze-metallbeine-copy-copy\/\"]}]},{\"@type\":\"ImageObject\",\"inLanguage\":\"de\",\"@id\":\"https:\/\/peryhome.com\/de\/product\/maya-esszimmerstuhl-grauer-samtstoff-schwarze-metallbeine-copy-copy\/#primaryimage\",\"url\":\"https:\/\/peryhome.com\/wp-content\/uploads\/2024\/11\/Maya-Gri.webp\",\"contentUrl\":\"https:\/\/peryhome.com\/wp-content\/uploads\/2024\/11\/Maya-Gri.webp\",\"width\":1600,\"height\":1200,\"caption\":\"Maya Dining Chair \u2013 Grey Velvet Fabric \u2013 Black Metal Legs\"},{\"@type\":\"BreadcrumbList\",\"@id\":\"https:\/\/peryhome.com\/de\/product\/maya-esszimmerstuhl-grauer-samtstoff-schwarze-metallbeine-copy-copy\/#breadcrumb\",\"itemListElement\":[{\"@type\":\"ListItem\",\"position\":1,\"name\":\"Anasayfa\",\"item\":\"https:\/\/peryhome.com\/de\/startseite\/\"},{\"@type\":\"ListItem\",\"position\":2,\"name\":\"Shop\",\"item\":\"https:\/\/peryhome.com\/shop\/\"},{\"@type\":\"ListItem\",\"position\":3,\"name\":\"Maya Esszimmerstuhl &#8211; (6 St\u00fchle Set) &#8211; Grauer Samtstoff &#8211; Schwarze Metallbeine\"}]},{\"@type\":\"WebSite\",\"@id\":\"https:\/\/peryhome.com\/de\/#website\",\"url\":\"https:\/\/peryhome.com\/de\/\",\"name\":\"PeryHome\",\"description\":\"Art of Furniture\",\"publisher\":{\"@id\":\"https:\/\/peryhome.com\/de\/#organization\"},\"potentialAction\":[{\"@type\":\"SearchAction\",\"target\":{\"@type\":\"EntryPoint\",\"urlTemplate\":\"https:\/\/peryhome.com\/de\/?s={search_term_string}\"},\"query-input\":{\"@type\":\"PropertyValueSpecification\",\"valueRequired\":true,\"valueName\":\"search_term_string\"}}],\"inLanguage\":\"de\"},{\"@type\":\"Organization\",\"@id\":\"https:\/\/peryhome.com\/de\/#organization\",\"name\":\"PeryHome\",\"url\":\"https:\/\/peryhome.com\/de\/\",\"logo\":{\"@type\":\"ImageObject\",\"inLanguage\":\"de\",\"@id\":\"https:\/\/peryhome.com\/de\/#\/schema\/logo\/image\/\",\"url\":\"https:\/\/peryhome.com\/wp-content\/uploads\/2024\/12\/Logo_horizontal_HQ.webp\",\"contentUrl\":\"https:\/\/peryhome.com\/wp-content\/uploads\/2024\/12\/Logo_horizontal_HQ.webp\",\"width\":1000,\"height\":269,\"caption\":\"PeryHome\"},\"image\":{\"@id\":\"https:\/\/peryhome.com\/de\/#\/schema\/logo\/image\/\"},\"sameAs\":[\"https:\/\/www.facebook.com\/profile.php?id=61566312622555\",\"https:\/\/www.instagram.com\/peryhome.eu\/\"]}]}<\/script>\n<!-- \/ Yoast SEO plugin. -->","yoast_head_json":{"title":"Maya Esszimmerstuhl - Grauer Samtstoff - Schwarze Metallbeine","description":"\"Der Maya Stuhl mit grauem Samtstoff und schwarzen Metallbeinen bietet Stil und Haltbarkeit und ist perfekt, um jedem Esszimmer einen modernen Touch zu verleihen.\u201c","robots":{"index":"index","follow":"follow","max-snippet":"max-snippet:-1","max-image-preview":"max-image-preview:large","max-video-preview":"max-video-preview:-1"},"canonical":"https:\/\/peryhome.com\/de\/product\/maya-esszimmerstuhl-grauer-samtstoff-schwarze-metallbeine-copy-copy\/","og_locale":"de_DE","og_type":"article","og_title":"Maya Esszimmerstuhl - Grauer Samtstoff - Schwarze Metallbeine","og_description":"\"Der Maya Stuhl mit grauem Samtstoff und schwarzen Metallbeinen bietet Stil und Haltbarkeit und ist perfekt, um jedem Esszimmer einen modernen Touch zu verleihen.\u201c","og_url":"https:\/\/peryhome.com\/de\/product\/maya-esszimmerstuhl-grauer-samtstoff-schwarze-metallbeine-copy-copy\/","og_site_name":"PeryHome","article_publisher":"https:\/\/www.facebook.com\/profile.php?id=61566312622555","article_modified_time":"2025-01-10T16:14:07+00:00","og_image":[{"width":1600,"height":1200,"url":"https:\/\/peryhome.com\/wp-content\/uploads\/2024\/11\/Maya-Gri.webp","type":"image\/webp"}],"twitter_card":"summary_large_image","twitter_misc":{"Gesch\u00e4tzte Lesezeit":"2\u00a0Minuten"},"schema":{"@context":"https:\/\/schema.org","@graph":[{"@type":"WebPage","@id":"https:\/\/peryhome.com\/de\/product\/maya-esszimmerstuhl-grauer-samtstoff-schwarze-metallbeine-copy-copy\/","url":"https:\/\/peryhome.com\/de\/product\/maya-esszimmerstuhl-grauer-samtstoff-schwarze-metallbeine-copy-copy\/","name":"Maya Esszimmerstuhl - Grauer Samtstoff - Schwarze Metallbeine","isPartOf":{"@id":"https:\/\/peryhome.com\/de\/#website"},"primaryImageOfPage":{"@id":"https:\/\/peryhome.com\/de\/product\/maya-esszimmerstuhl-grauer-samtstoff-schwarze-metallbeine-copy-copy\/#primaryimage"},"image":{"@id":"https:\/\/peryhome.com\/de\/product\/maya-esszimmerstuhl-grauer-samtstoff-schwarze-metallbeine-copy-copy\/#primaryimage"},"thumbnailUrl":"https:\/\/peryhome.com\/wp-content\/uploads\/2024\/11\/Maya-Gri.webp","datePublished":"2024-12-02T22:41:27+00:00","dateModified":"2025-01-10T16:14:07+00:00","description":"\"Der Maya Stuhl mit grauem Samtstoff und schwarzen Metallbeinen bietet Stil und Haltbarkeit und ist perfekt, um jedem Esszimmer einen modernen Touch zu verleihen.\u201c","breadcrumb":{"@id":"https:\/\/peryhome.com\/de\/product\/maya-esszimmerstuhl-grauer-samtstoff-schwarze-metallbeine-copy-copy\/#breadcrumb"},"inLanguage":"de","potentialAction":[{"@type":"ReadAction","target":["https:\/\/peryhome.com\/de\/product\/maya-esszimmerstuhl-grauer-samtstoff-schwarze-metallbeine-copy-copy\/"]}]},{"@type":"ImageObject","inLanguage":"de","@id":"https:\/\/peryhome.com\/de\/product\/maya-esszimmerstuhl-grauer-samtstoff-schwarze-metallbeine-copy-copy\/#primaryimage","url":"https:\/\/peryhome.com\/wp-content\/uploads\/2024\/11\/Maya-Gri.webp","contentUrl":"https:\/\/peryhome.com\/wp-content\/uploads\/2024\/11\/Maya-Gri.webp","width":1600,"height":1200,"caption":"Maya Dining Chair \u2013 Grey Velvet Fabric \u2013 Black Metal Legs"},{"@type":"BreadcrumbList","@id":"https:\/\/peryhome.com\/de\/product\/maya-esszimmerstuhl-grauer-samtstoff-schwarze-metallbeine-copy-copy\/#breadcrumb","itemListElement":[{"@type":"ListItem","position":1,"name":"Anasayfa","item":"https:\/\/peryhome.com\/de\/startseite\/"},{"@type":"ListItem","position":2,"name":"Shop","item":"https:\/\/peryhome.com\/shop\/"},{"@type":"ListItem","position":3,"name":"Maya Esszimmerstuhl &#8211; (6 St\u00fchle Set) &#8211; Grauer Samtstoff &#8211; Schwarze Metallbeine"}]},{"@type":"WebSite","@id":"https:\/\/peryhome.com\/de\/#website","url":"https:\/\/peryhome.com\/de\/","name":"PeryHome","description":"Art of Furniture","publisher":{"@id":"https:\/\/peryhome.com\/de\/#organization"},"potentialAction":[{"@type":"SearchAction","target":{"@type":"EntryPoint","urlTemplate":"https:\/\/peryhome.com\/de\/?s={search_term_string}"},"query-input":{"@type":"PropertyValueSpecification","valueRequired":true,"valueName":"search_term_string"}}],"inLanguage":"de"},{"@type":"Organization","@id":"https:\/\/peryhome.com\/de\/#organization","name":"PeryHome","url":"https:\/\/peryhome.com\/de\/","logo":{"@type":"ImageObject","inLanguage":"de","@id":"https:\/\/peryhome.com\/de\/#\/schema\/logo\/image\/","url":"https:\/\/peryhome.com\/wp-content\/uploads\/2024\/12\/Logo_horizontal_HQ.webp","contentUrl":"https:\/\/peryhome.com\/wp-content\/uploads\/2024\/12\/Logo_horizontal_HQ.webp","width":1000,"height":269,"caption":"PeryHome"},"image":{"@id":"https:\/\/peryhome.com\/de\/#\/schema\/logo\/image\/"},"sameAs":["https:\/\/www.facebook.com\/profile.php?id=61566312622555","https:\/\/www.instagram.com\/peryhome.eu\/"]}]}},"jetpack_sharing_enabled":true,"_links":{"self":[{"href":"https:\/\/peryhome.com\/de\/wp-json\/wp\/v2\/product\/7844"}],"collection":[{"href":"https:\/\/peryhome.com\/de\/wp-json\/wp\/v2\/product"}],"about":[{"href":"https:\/\/peryhome.com\/de\/wp-json\/wp\/v2\/types\/product"}],"version-history":[{"count":4,"href":"https:\/\/peryhome.com\/de\/wp-json\/wp\/v2\/product\/7844\/revisions"}],"predecessor-version":[{"id":9271,"href":"https:\/\/peryhome.com\/de\/wp-json\/wp\/v2\/product\/7844\/revisions\/9271"}],"wp:featuredmedia":[{"embeddable":true,"href":"https:\/\/peryhome.com\/de\/wp-json\/wp\/v2\/media\/6939"}],"wp:attachment":[{"href":"https:\/\/peryhome.com\/de\/wp-json\/wp\/v2\/media?parent=7844"}],"wp:term":[{"taxonomy":"product_cat","embeddable":true,"href":"https:\/\/peryhome.com\/de\/wp-json\/wp\/v2\/product_cat?post=7844"},{"taxonomy":"product_tag","embeddable":true,"href":"https:\/\/peryhome.com\/de\/wp-json\/wp\/v2\/product_tag?post=7844"}],"curies":[{"name":"wp","href":"https:\/\/api.w.org\/{rel}","templated":true}]}}