{"id":7370,"date":"2024-11-03T12:32:45","date_gmt":"2024-11-03T12:32:45","guid":{"rendered":"https:\/\/peryhome.com\/sofa\/"},"modified":"2024-11-25T12:45:58","modified_gmt":"2024-11-25T12:45:58","slug":"sofa","status":"publish","type":"page","link":"https:\/\/peryhome.com\/pl\/sofa\/","title":{"rendered":"Sofa"},"content":{"rendered":"\t\t<div data-elementor-type=\"wp-page\" data-elementor-id=\"7370\" class=\"elementor elementor-7370\" data-elementor-post-type=\"page\">\n\t\t\t\t<div class=\"elementor-element elementor-element-6aa2338a e-flex e-con-boxed e-con e-parent\" data-id=\"6aa2338a\" data-element_type=\"container\" data-e-type=\"container\">\n\t\t\t\t\t<div class=\"e-con-inner\">\n\t\t\t\t<div class=\"elementor-element elementor-element-2de94057 elementor-widget elementor-widget-text-editor\" data-id=\"2de94057\" data-element_type=\"widget\" data-e-type=\"widget\" data-widget_type=\"text-editor.default\">\n\t\t\t\t<div class=\"elementor-widget-container\">\n\t\t\t\t\t\t\t<div class=\"elementor-text-editor elementor-clearfix\"><p>Odkryj nasz\u0105 kolekcj\u0119 <strong>sof<\/strong> z opcjami takimi jak <strong>sofy 3-osobowe<\/strong> i <strong>fotele 1-osobowe<\/strong>. Ka\u017cdy element \u0142\u0105czy w sobie styl i wygod\u0119. Wykonane z wysokiej jako\u015bci materia\u0142\u00f3w, nasze sofy s\u0105 dost\u0119pne w r\u00f3\u017cnych tkaninach. Niezale\u017cnie od tego, czy potrzebujesz przestronnego fotela<strong> 3-osobowego<\/strong>, czy przytulnego fotela <strong>1-osobowego<\/strong>, nasza kolekcja zawiera opcje dla ka\u017cdego wystroju. Znajd\u017a idealn\u0105 sof\u0119, kt\u00f3ra podkre\u015bli atmosfer\u0119 Twojego domu.<\/p>\n<\/div>\n\t\t\t\t\t\t<\/div>\n\t\t\t\t<\/div>\n\t\t\t\t\t<\/div>\n\t\t\t\t<\/div>\n\t\t<div class=\"elementor-element elementor-element-07e62a1 e-flex e-con-boxed e-con e-parent\" data-id=\"07e62a1\" data-element_type=\"container\" data-e-type=\"container\">\n\t\t\t\t\t<div class=\"e-con-inner\">\n\t\t<div class=\"elementor-element elementor-element-8df9c43 e-con-full e-flex e-con e-child\" data-id=\"8df9c43\" data-element_type=\"container\" data-e-type=\"container\">\n\t\t\t\t<div class=\"elementor-element elementor-element-578b619 elementor-vertical-align-center elementor-widget elementor-widget-opal-product-categories\" data-id=\"578b619\" data-element_type=\"widget\" data-e-type=\"widget\" data-widget_type=\"opal-product-categories.default\">\n\t\t\t\t<div class=\"elementor-widget-container\">\n\t\t\t\t\t\n            <div class=\"product-cats\">\n                <div class=\"cats-image\">\n                                            <img decoding=\"async\" src=\"https:\/\/peryhome.com\/wp-content\/uploads\/2024\/10\/Untitled-design-10-2.webp\"\n                             alt=\"Fotel 1-osobowy\">\n                                        <\/div>\n                <div class=\"product-cats-meta\">\n                    <div class=\"cats-title\">\n                        <a href=\"https:\/\/peryhome.com\/pl\/product-category\/sofa-pl\/fotel-1-osobowy\/\"\n                           title=\"Fotel 1-osobowy\">\n                            Fotel 1-osobowy                        <\/a>\n                    <\/div>\n                    <div class=\"cats-total\">\n                        24 items                    <\/div>\n                                    <\/div>\n            <\/div>\n\n            \t\t\t\t<\/div>\n\t\t\t\t<\/div>\n\t\t\t\t<\/div>\n\t\t\t\t\t<\/div>\n\t\t\t\t<\/div>\n\t\t<div class=\"elementor-element elementor-element-b76310a e-flex e-con-boxed e-con e-parent\" data-id=\"b76310a\" data-element_type=\"container\" data-e-type=\"container\">\n\t\t\t\t\t<div class=\"e-con-inner\">\n\t\t<div class=\"elementor-element elementor-element-80a0c41 e-con-full e-flex e-con e-child\" data-id=\"80a0c41\" data-element_type=\"container\" data-e-type=\"container\">\n\t\t\t\t<div class=\"elementor-element elementor-element-4b46b1e elementor-vertical-align-center elementor-widget elementor-widget-opal-product-categories\" data-id=\"4b46b1e\" data-element_type=\"widget\" data-e-type=\"widget\" data-widget_type=\"opal-product-categories.default\">\n\t\t\t\t<div class=\"elementor-widget-container\">\n\t\t\t\t\t\n            <div class=\"product-cats\">\n                <div class=\"cats-image\">\n                                            <img decoding=\"async\" src=\"https:\/\/peryhome.com\/wp-content\/uploads\/2024\/10\/Untitled-design-7-1.webp\"\n                             alt=\"Sofa 3-osobowa\">\n                                        <\/div>\n                <div class=\"product-cats-meta\">\n                    <div class=\"cats-title\">\n                        <a href=\"https:\/\/peryhome.com\/pl\/product-category\/sofa-pl\/sofa-3-osobowa\/\"\n                           title=\"Sofa 3-osobowa\">\n                            Sofa 3-osobowa                        <\/a>\n                    <\/div>\n                    <div class=\"cats-total\">\n                        13 items                    <\/div>\n                                    <\/div>\n            <\/div>\n\n            \t\t\t\t<\/div>\n\t\t\t\t<\/div>\n\t\t\t\t<\/div>\n\t\t\t\t\t<\/div>\n\t\t\t\t<\/div>\n\t\t\t\t<\/div>\n\t\t","protected":false},"excerpt":{"rendered":"<p>Odkryj nasz\u0105 kolekcj\u0119 sof z opcjami takimi jak sofy 3-osobowe i fotele 1-osobowe. Ka\u017cdy element \u0142\u0105czy w sobie styl i wygod\u0119. Wykonane z wysokiej jako\u015bci materia\u0142\u00f3w, nasze sofy s\u0105 dost\u0119pne w r\u00f3\u017cnych tkaninach. Niezale\u017cnie od tego, czy potrzebujesz przestronnego fotela 3-osobowego, czy przytulnego fotela 1-osobowego, nasza kolekcja zawiera opcje dla ka\u017cdego wystroju. Znajd\u017a idealn\u0105 sof\u0119, &hellip; <\/p>\n<p class=\"link-more\"><a href=\"https:\/\/peryhome.com\/pl\/sofa\/\" class=\"more-link\">Read More <span class=\"screen-reader-text\"> &#8222;Sofa&#8221;<\/span><\/a><\/p>\n","protected":false},"author":2,"featured_media":6514,"parent":0,"menu_order":0,"comment_status":"closed","ping_status":"closed","template":"","meta":{"_monsterinsights_skip_tracking":false,"_monsterinsights_sitenote_active":false,"_monsterinsights_sitenote_note":"","_monsterinsights_sitenote_category":0,"footnotes":""},"class_list":["post-7370","page","type-page","status-publish","has-post-thumbnail","hentry"],"yoast_head":"<!-- This site is optimized with the Yoast SEO plugin v24.1 - https:\/\/yoast.com\/wordpress\/plugins\/seo\/ -->\n<title>Sofa - PeryHome<\/title>\n<meta name=\"description\" content=\"&quot;Przejrzyj nasz\u0105 kolekcj\u0119 sof, obejmuj\u0105c\u0105 sofy 3-osobowe i fotele 1-osobowe. Stylowe, wygodne i idealne do ka\u017cdego wystroju&quot;.\" \/>\n<meta name=\"robots\" content=\"index, follow, max-snippet:-1, max-image-preview:large, max-video-preview:-1\" \/>\n<link rel=\"canonical\" href=\"https:\/\/peryhome.com\/pl\/sofa\/\" \/>\n<meta property=\"og:locale\" content=\"pl_PL\" \/>\n<meta property=\"og:type\" content=\"article\" \/>\n<meta property=\"og:title\" content=\"Sofa - PeryHome\" \/>\n<meta property=\"og:description\" content=\"&quot;Przejrzyj nasz\u0105 kolekcj\u0119 sof, obejmuj\u0105c\u0105 sofy 3-osobowe i fotele 1-osobowe. Stylowe, wygodne i idealne do ka\u017cdego wystroju&quot;.\" \/>\n<meta property=\"og:url\" content=\"https:\/\/peryhome.com\/pl\/sofa\/\" \/>\n<meta property=\"og:site_name\" content=\"PeryHome\" \/>\n<meta property=\"article:publisher\" content=\"https:\/\/www.facebook.com\/profile.php?id=61566312622555\" \/>\n<meta property=\"article:modified_time\" content=\"2024-11-25T12:45:58+00:00\" \/>\n<meta property=\"og:image\" content=\"https:\/\/peryhome.com\/wp-content\/uploads\/2024\/10\/WhatsApp-Image-2023-10-14-at-12.37.47.webp\" \/>\n\t<meta property=\"og:image:width\" content=\"1600\" \/>\n\t<meta property=\"og:image:height\" content=\"1061\" \/>\n\t<meta property=\"og:image:type\" content=\"image\/webp\" \/>\n<meta name=\"twitter:card\" content=\"summary_large_image\" \/>\n<script type=\"application\/ld+json\" class=\"yoast-schema-graph\">{\"@context\":\"https:\/\/schema.org\",\"@graph\":[{\"@type\":\"WebPage\",\"@id\":\"https:\/\/peryhome.com\/pl\/sofa\/\",\"url\":\"https:\/\/peryhome.com\/pl\/sofa\/\",\"name\":\"Sofa - PeryHome\",\"isPartOf\":{\"@id\":\"https:\/\/peryhome.com\/pl\/#website\"},\"primaryImageOfPage\":{\"@id\":\"https:\/\/peryhome.com\/pl\/sofa\/#primaryimage\"},\"image\":{\"@id\":\"https:\/\/peryhome.com\/pl\/sofa\/#primaryimage\"},\"thumbnailUrl\":\"https:\/\/peryhome.com\/wp-content\/uploads\/2024\/10\/WhatsApp-Image-2023-10-14-at-12.37.47.webp\",\"datePublished\":\"2024-11-03T12:32:45+00:00\",\"dateModified\":\"2024-11-25T12:45:58+00:00\",\"description\":\"\\\"Przejrzyj nasz\u0105 kolekcj\u0119 sof, obejmuj\u0105c\u0105 sofy 3-osobowe i fotele 1-osobowe. Stylowe, wygodne i idealne do ka\u017cdego wystroju\\\".\",\"breadcrumb\":{\"@id\":\"https:\/\/peryhome.com\/pl\/sofa\/#breadcrumb\"},\"inLanguage\":\"pl-PL\",\"potentialAction\":[{\"@type\":\"ReadAction\",\"target\":[\"https:\/\/peryhome.com\/pl\/sofa\/\"]}]},{\"@type\":\"ImageObject\",\"inLanguage\":\"pl-PL\",\"@id\":\"https:\/\/peryhome.com\/pl\/sofa\/#primaryimage\",\"url\":\"https:\/\/peryhome.com\/wp-content\/uploads\/2024\/10\/WhatsApp-Image-2023-10-14-at-12.37.47.webp\",\"contentUrl\":\"https:\/\/peryhome.com\/wp-content\/uploads\/2024\/10\/WhatsApp-Image-2023-10-14-at-12.37.47.webp\",\"width\":1600,\"height\":1061,\"caption\":\"Nirvana Sofa Set \u2013 Elegant Design and Customizable Comfort\"},{\"@type\":\"BreadcrumbList\",\"@id\":\"https:\/\/peryhome.com\/pl\/sofa\/#breadcrumb\",\"itemListElement\":[{\"@type\":\"ListItem\",\"position\":1,\"name\":\"Anasayfa\",\"item\":\"https:\/\/peryhome.com\/pl\/strona-glowna\/\"},{\"@type\":\"ListItem\",\"position\":2,\"name\":\"Sofa\"}]},{\"@type\":\"WebSite\",\"@id\":\"https:\/\/peryhome.com\/pl\/#website\",\"url\":\"https:\/\/peryhome.com\/pl\/\",\"name\":\"PeryHome\",\"description\":\"Art of Furniture\",\"publisher\":{\"@id\":\"https:\/\/peryhome.com\/pl\/#organization\"},\"potentialAction\":[{\"@type\":\"SearchAction\",\"target\":{\"@type\":\"EntryPoint\",\"urlTemplate\":\"https:\/\/peryhome.com\/pl\/?s={search_term_string}\"},\"query-input\":{\"@type\":\"PropertyValueSpecification\",\"valueRequired\":true,\"valueName\":\"search_term_string\"}}],\"inLanguage\":\"pl-PL\"},{\"@type\":\"Organization\",\"@id\":\"https:\/\/peryhome.com\/pl\/#organization\",\"name\":\"PeryHome\",\"url\":\"https:\/\/peryhome.com\/pl\/\",\"logo\":{\"@type\":\"ImageObject\",\"inLanguage\":\"pl-PL\",\"@id\":\"https:\/\/peryhome.com\/pl\/#\/schema\/logo\/image\/\",\"url\":\"https:\/\/peryhome.com\/wp-content\/uploads\/2024\/12\/Logo_horizontal_HQ.webp\",\"contentUrl\":\"https:\/\/peryhome.com\/wp-content\/uploads\/2024\/12\/Logo_horizontal_HQ.webp\",\"width\":1000,\"height\":269,\"caption\":\"PeryHome\"},\"image\":{\"@id\":\"https:\/\/peryhome.com\/pl\/#\/schema\/logo\/image\/\"},\"sameAs\":[\"https:\/\/www.facebook.com\/profile.php?id=61566312622555\",\"https:\/\/www.instagram.com\/peryhome.eu\/\"]}]}<\/script>\n<!-- \/ Yoast SEO plugin. -->","yoast_head_json":{"title":"Sofa - PeryHome","description":"\"Przejrzyj nasz\u0105 kolekcj\u0119 sof, obejmuj\u0105c\u0105 sofy 3-osobowe i fotele 1-osobowe. Stylowe, wygodne i idealne do ka\u017cdego wystroju\".","robots":{"index":"index","follow":"follow","max-snippet":"max-snippet:-1","max-image-preview":"max-image-preview:large","max-video-preview":"max-video-preview:-1"},"canonical":"https:\/\/peryhome.com\/pl\/sofa\/","og_locale":"pl_PL","og_type":"article","og_title":"Sofa - PeryHome","og_description":"\"Przejrzyj nasz\u0105 kolekcj\u0119 sof, obejmuj\u0105c\u0105 sofy 3-osobowe i fotele 1-osobowe. Stylowe, wygodne i idealne do ka\u017cdego wystroju\".","og_url":"https:\/\/peryhome.com\/pl\/sofa\/","og_site_name":"PeryHome","article_publisher":"https:\/\/www.facebook.com\/profile.php?id=61566312622555","article_modified_time":"2024-11-25T12:45:58+00:00","og_image":[{"width":1600,"height":1061,"url":"https:\/\/peryhome.com\/wp-content\/uploads\/2024\/10\/WhatsApp-Image-2023-10-14-at-12.37.47.webp","type":"image\/webp"}],"twitter_card":"summary_large_image","schema":{"@context":"https:\/\/schema.org","@graph":[{"@type":"WebPage","@id":"https:\/\/peryhome.com\/pl\/sofa\/","url":"https:\/\/peryhome.com\/pl\/sofa\/","name":"Sofa - PeryHome","isPartOf":{"@id":"https:\/\/peryhome.com\/pl\/#website"},"primaryImageOfPage":{"@id":"https:\/\/peryhome.com\/pl\/sofa\/#primaryimage"},"image":{"@id":"https:\/\/peryhome.com\/pl\/sofa\/#primaryimage"},"thumbnailUrl":"https:\/\/peryhome.com\/wp-content\/uploads\/2024\/10\/WhatsApp-Image-2023-10-14-at-12.37.47.webp","datePublished":"2024-11-03T12:32:45+00:00","dateModified":"2024-11-25T12:45:58+00:00","description":"\"Przejrzyj nasz\u0105 kolekcj\u0119 sof, obejmuj\u0105c\u0105 sofy 3-osobowe i fotele 1-osobowe. Stylowe, wygodne i idealne do ka\u017cdego wystroju\".","breadcrumb":{"@id":"https:\/\/peryhome.com\/pl\/sofa\/#breadcrumb"},"inLanguage":"pl-PL","potentialAction":[{"@type":"ReadAction","target":["https:\/\/peryhome.com\/pl\/sofa\/"]}]},{"@type":"ImageObject","inLanguage":"pl-PL","@id":"https:\/\/peryhome.com\/pl\/sofa\/#primaryimage","url":"https:\/\/peryhome.com\/wp-content\/uploads\/2024\/10\/WhatsApp-Image-2023-10-14-at-12.37.47.webp","contentUrl":"https:\/\/peryhome.com\/wp-content\/uploads\/2024\/10\/WhatsApp-Image-2023-10-14-at-12.37.47.webp","width":1600,"height":1061,"caption":"Nirvana Sofa Set \u2013 Elegant Design and Customizable Comfort"},{"@type":"BreadcrumbList","@id":"https:\/\/peryhome.com\/pl\/sofa\/#breadcrumb","itemListElement":[{"@type":"ListItem","position":1,"name":"Anasayfa","item":"https:\/\/peryhome.com\/pl\/strona-glowna\/"},{"@type":"ListItem","position":2,"name":"Sofa"}]},{"@type":"WebSite","@id":"https:\/\/peryhome.com\/pl\/#website","url":"https:\/\/peryhome.com\/pl\/","name":"PeryHome","description":"Art of Furniture","publisher":{"@id":"https:\/\/peryhome.com\/pl\/#organization"},"potentialAction":[{"@type":"SearchAction","target":{"@type":"EntryPoint","urlTemplate":"https:\/\/peryhome.com\/pl\/?s={search_term_string}"},"query-input":{"@type":"PropertyValueSpecification","valueRequired":true,"valueName":"search_term_string"}}],"inLanguage":"pl-PL"},{"@type":"Organization","@id":"https:\/\/peryhome.com\/pl\/#organization","name":"PeryHome","url":"https:\/\/peryhome.com\/pl\/","logo":{"@type":"ImageObject","inLanguage":"pl-PL","@id":"https:\/\/peryhome.com\/pl\/#\/schema\/logo\/image\/","url":"https:\/\/peryhome.com\/wp-content\/uploads\/2024\/12\/Logo_horizontal_HQ.webp","contentUrl":"https:\/\/peryhome.com\/wp-content\/uploads\/2024\/12\/Logo_horizontal_HQ.webp","width":1000,"height":269,"caption":"PeryHome"},"image":{"@id":"https:\/\/peryhome.com\/pl\/#\/schema\/logo\/image\/"},"sameAs":["https:\/\/www.facebook.com\/profile.php?id=61566312622555","https:\/\/www.instagram.com\/peryhome.eu\/"]}]}},"jetpack_sharing_enabled":true,"_links":{"self":[{"href":"https:\/\/peryhome.com\/pl\/wp-json\/wp\/v2\/pages\/7370"}],"collection":[{"href":"https:\/\/peryhome.com\/pl\/wp-json\/wp\/v2\/pages"}],"about":[{"href":"https:\/\/peryhome.com\/pl\/wp-json\/wp\/v2\/types\/page"}],"author":[{"embeddable":true,"href":"https:\/\/peryhome.com\/pl\/wp-json\/wp\/v2\/users\/2"}],"replies":[{"embeddable":true,"href":"https:\/\/peryhome.com\/pl\/wp-json\/wp\/v2\/comments?post=7370"}],"version-history":[{"count":2,"href":"https:\/\/peryhome.com\/pl\/wp-json\/wp\/v2\/pages\/7370\/revisions"}],"predecessor-version":[{"id":7509,"href":"https:\/\/peryhome.com\/pl\/wp-json\/wp\/v2\/pages\/7370\/revisions\/7509"}],"wp:featuredmedia":[{"embeddable":true,"href":"https:\/\/peryhome.com\/pl\/wp-json\/wp\/v2\/media\/6514"}],"wp:attachment":[{"href":"https:\/\/peryhome.com\/pl\/wp-json\/wp\/v2\/media?parent=7370"}],"curies":[{"name":"wp","href":"https:\/\/api.w.org\/{rel}","templated":true}]}}