{"id":7373,"date":"2024-10-23T15:36:07","date_gmt":"2024-10-23T15:36:07","guid":{"rendered":"https:\/\/peryhome.com\/zestawy-sof\/"},"modified":"2024-11-19T10:33:26","modified_gmt":"2024-11-19T10:33:26","slug":"zestawy-sof","status":"publish","type":"page","link":"https:\/\/peryhome.com\/pl\/zestawy-sof\/","title":{"rendered":"Zestawy sof"},"content":{"rendered":"\t\t<div data-elementor-type=\"wp-page\" data-elementor-id=\"7373\" class=\"elementor elementor-7373\" data-elementor-post-type=\"page\">\n\t\t\t\t<div class=\"elementor-element elementor-element-7f0db6fc e-flex e-con-boxed e-con e-parent\" data-id=\"7f0db6fc\" data-element_type=\"container\">\n\t\t\t\t\t<div class=\"e-con-inner\">\n\t\t\t\t<div class=\"elementor-element elementor-element-6368d4de elementor-widget elementor-widget-text-editor\" data-id=\"6368d4de\" data-element_type=\"widget\" data-widget_type=\"text-editor.default\">\n\t\t\t\t<div class=\"elementor-widget-container\">\n\t\t\t\t\t\t\t<div class=\"elementor-text-editor elementor-clearfix\"><p>Poznaj nasz\u0105 kolekcj\u0119 <strong>zestaw\u00f3w<\/strong> wypoczynkowych, obejmuj\u0105c\u0105 <strong>zestawy wypoczynkowe 3+1<\/strong> i <strong>naro\u017cniki<\/strong> do ka\u017cdego salonu. Nasze <strong>zestawy sof 3+1<\/strong> zapewniaj\u0105 klasyczny uk\u0142ad z przestronnymi miejscami do siedzenia. Sprawdzaj\u0105 si\u0119 zar\u00f3wno w du\u017cych, jak i przytulnych przestrzeniach. Nowoczesne <strong>zestawy naro\u017cne<\/strong> pozwalaj\u0105 zmaksymalizowa\u0107 liczb\u0119 miejsc siedz\u0105cych i zaoszcz\u0119dzi\u0107 miejsce na pod\u0142odze. Te zestawy s\u0105 idealne do kompaktowych i otwartych uk\u0142ad\u00f3w. Ka\u017cdy zestaw sof \u0142\u0105czy w sobie styl, komfort i jako\u015b\u0107. Konfigurowalne opcje tkanin i kolor\u00f3w pozwalaj\u0105 spersonalizowa\u0107 przestrze\u0144. Znajd\u017a zestaw sof, kt\u00f3ry odzwierciedla Tw\u00f3j gust i podkre\u015bla atmosfer\u0119 Twojego domu.<\/p>\n<\/div>\n\t\t\t\t\t\t<\/div>\n\t\t\t\t<\/div>\n\t\t\t\t\t<\/div>\n\t\t\t\t<\/div>\n\t\t<div class=\"elementor-element elementor-element-4fa762f e-flex e-con-boxed e-con e-parent\" data-id=\"4fa762f\" data-element_type=\"container\">\n\t\t\t\t\t<div class=\"e-con-inner\">\n\t\t\t\t<div class=\"elementor-element elementor-element-482c935 elementor-vertical-align-center elementor-widget elementor-widget-opal-product-categories\" data-id=\"482c935\" data-element_type=\"widget\" data-widget_type=\"opal-product-categories.default\">\n\t\t\t\t<div class=\"elementor-widget-container\">\n\t\t\t\t\t\n            <div class=\"product-cats\">\n                <div class=\"cats-image\">\n                                            <img decoding=\"async\" src=\"https:\/\/peryhome.com\/wp-content\/uploads\/2024\/11\/WhatsApp-Image-2024-07-17-at-17.04.38-3.webp\"\n                             alt=\"Zestawy sof 3+1\">\n                                        <\/div>\n                <div class=\"product-cats-meta\">\n                    <div class=\"cats-title\">\n                        <a href=\"https:\/\/peryhome.com\/pl\/product-category\/zestawy-sof\/zestawy-sof-31\/\"\n                           title=\"Zestawy sof 3+1\">\n                            Zestawy sof 3+1                        <\/a>\n                    <\/div>\n                    <div class=\"cats-total\">\n                        13 items                    <\/div>\n                                    <\/div>\n            <\/div>\n\n            \t\t\t\t<\/div>\n\t\t\t\t<\/div>\n\t\t\t\t\t<\/div>\n\t\t\t\t<\/div>\n\t\t<div class=\"elementor-element elementor-element-071763f e-flex e-con-boxed e-con e-parent\" data-id=\"071763f\" data-element_type=\"container\">\n\t\t\t\t\t<div class=\"e-con-inner\">\n\t\t\t\t<div class=\"elementor-element elementor-element-321bffa elementor-vertical-align-center elementor-widget elementor-widget-opal-product-categories\" data-id=\"321bffa\" data-element_type=\"widget\" data-widget_type=\"opal-product-categories.default\">\n\t\t\t\t<div class=\"elementor-widget-container\">\n\t\t\t\t\t\n            <div class=\"product-cats\">\n                <div class=\"cats-image\">\n                                            <img decoding=\"async\" src=\"https:\/\/peryhome.com\/wp-content\/uploads\/2024\/11\/MEGAZZI_96099-copy-scaled.webp\"\n                             alt=\"Naro\u017cniki\">\n                                        <\/div>\n                <div class=\"product-cats-meta\">\n                    <div class=\"cats-title\">\n                        <a href=\"https:\/\/peryhome.com\/pl\/product-category\/zestawy-sof\/narozniki\/\"\n                           title=\"Naro\u017cniki\">\n                            Naro\u017cniki                        <\/a>\n                    <\/div>\n                    <div class=\"cats-total\">\n                        0 items                    <\/div>\n                                    <\/div>\n            <\/div>\n\n            \t\t\t\t<\/div>\n\t\t\t\t<\/div>\n\t\t\t\t\t<\/div>\n\t\t\t\t<\/div>\n\t\t\t\t<\/div>\n\t\t","protected":false},"excerpt":{"rendered":"<p>Poznaj nasz\u0105 kolekcj\u0119 zestaw\u00f3w wypoczynkowych, obejmuj\u0105c\u0105 zestawy wypoczynkowe 3+1 i naro\u017cniki do ka\u017cdego salonu. Nasze zestawy sof 3+1 zapewniaj\u0105 klasyczny uk\u0142ad z przestronnymi miejscami do siedzenia. Sprawdzaj\u0105 si\u0119 zar\u00f3wno w du\u017cych, jak i przytulnych przestrzeniach. Nowoczesne zestawy naro\u017cne pozwalaj\u0105 zmaksymalizowa\u0107 liczb\u0119 miejsc siedz\u0105cych i zaoszcz\u0119dzi\u0107 miejsce na pod\u0142odze. Te zestawy s\u0105 idealne do kompaktowych i &hellip; <\/p>\n<p class=\"link-more\"><a href=\"https:\/\/peryhome.com\/pl\/zestawy-sof\/\" class=\"more-link\">Read More <span class=\"screen-reader-text\"> &#8222;Zestawy sof&#8221;<\/span><\/a><\/p>\n","protected":false},"author":2,"featured_media":6616,"parent":0,"menu_order":0,"comment_status":"closed","ping_status":"closed","template":"","meta":{"_monsterinsights_skip_tracking":false,"_monsterinsights_sitenote_active":false,"_monsterinsights_sitenote_note":"","_monsterinsights_sitenote_category":0,"footnotes":""},"class_list":["post-7373","page","type-page","status-publish","has-post-thumbnail","hentry"],"yoast_head":"<!-- This site is optimized with the Yoast SEO plugin v24.1 - https:\/\/yoast.com\/wordpress\/plugins\/seo\/ -->\n<title>Zestawy sof - PeryHome<\/title>\n<meta name=\"description\" content=\"&quot;Odkryj stylowe zestawy sof, w tym opcje 3+1 i naro\u017cniki. Dostosuj tkaniny i kolory, aby idealnie pasowa\u0142y do ka\u017cdego salonu&quot;.\" \/>\n<meta name=\"robots\" content=\"index, follow, max-snippet:-1, max-image-preview:large, max-video-preview:-1\" \/>\n<link rel=\"canonical\" href=\"https:\/\/peryhome.com\/pl\/zestawy-sof\/\" \/>\n<meta property=\"og:locale\" content=\"pl_PL\" \/>\n<meta property=\"og:type\" content=\"article\" \/>\n<meta property=\"og:title\" content=\"Zestawy sof - PeryHome\" \/>\n<meta property=\"og:description\" content=\"&quot;Odkryj stylowe zestawy sof, w tym opcje 3+1 i naro\u017cniki. Dostosuj tkaniny i kolory, aby idealnie pasowa\u0142y do ka\u017cdego salonu&quot;.\" \/>\n<meta property=\"og:url\" content=\"https:\/\/peryhome.com\/pl\/zestawy-sof\/\" \/>\n<meta property=\"og:site_name\" content=\"PeryHome\" \/>\n<meta property=\"article:publisher\" content=\"https:\/\/www.facebook.com\/profile.php?id=61566312622555\" \/>\n<meta property=\"article:modified_time\" content=\"2024-11-19T10:33:26+00:00\" \/>\n<meta property=\"og:image\" content=\"https:\/\/peryhome.com\/wp-content\/uploads\/2024\/10\/1H9A8648-copy-scaled.webp\" \/>\n\t<meta property=\"og:image:width\" content=\"2560\" \/>\n\t<meta property=\"og:image:height\" content=\"1707\" \/>\n\t<meta property=\"og:image:type\" content=\"image\/webp\" \/>\n<meta name=\"twitter:card\" content=\"summary_large_image\" \/>\n<meta name=\"twitter:label1\" content=\"Szacowany czas czytania\" \/>\n\t<meta name=\"twitter:data1\" content=\"1 minuta\" \/>\n<script type=\"application\/ld+json\" class=\"yoast-schema-graph\">{\"@context\":\"https:\/\/schema.org\",\"@graph\":[{\"@type\":\"WebPage\",\"@id\":\"https:\/\/peryhome.com\/pl\/zestawy-sof\/\",\"url\":\"https:\/\/peryhome.com\/pl\/zestawy-sof\/\",\"name\":\"Zestawy sof - PeryHome\",\"isPartOf\":{\"@id\":\"https:\/\/peryhome.com\/pl\/#website\"},\"primaryImageOfPage\":{\"@id\":\"https:\/\/peryhome.com\/pl\/zestawy-sof\/#primaryimage\"},\"image\":{\"@id\":\"https:\/\/peryhome.com\/pl\/zestawy-sof\/#primaryimage\"},\"thumbnailUrl\":\"https:\/\/peryhome.com\/wp-content\/uploads\/2024\/10\/1H9A8648-copy-scaled.webp\",\"datePublished\":\"2024-10-23T15:36:07+00:00\",\"dateModified\":\"2024-11-19T10:33:26+00:00\",\"description\":\"\\\"Odkryj stylowe zestawy sof, w tym opcje 3+1 i naro\u017cniki. Dostosuj tkaniny i kolory, aby idealnie pasowa\u0142y do ka\u017cdego salonu\\\".\",\"breadcrumb\":{\"@id\":\"https:\/\/peryhome.com\/pl\/zestawy-sof\/#breadcrumb\"},\"inLanguage\":\"pl-PL\",\"potentialAction\":[{\"@type\":\"ReadAction\",\"target\":[\"https:\/\/peryhome.com\/pl\/zestawy-sof\/\"]}]},{\"@type\":\"ImageObject\",\"inLanguage\":\"pl-PL\",\"@id\":\"https:\/\/peryhome.com\/pl\/zestawy-sof\/#primaryimage\",\"url\":\"https:\/\/peryhome.com\/wp-content\/uploads\/2024\/10\/1H9A8648-copy-scaled.webp\",\"contentUrl\":\"https:\/\/peryhome.com\/wp-content\/uploads\/2024\/10\/1H9A8648-copy-scaled.webp\",\"width\":2560,\"height\":1707,\"caption\":\"Ribello Sofa Set \u2013 Elegant Style, Comfort & Customizable Options\"},{\"@type\":\"BreadcrumbList\",\"@id\":\"https:\/\/peryhome.com\/pl\/zestawy-sof\/#breadcrumb\",\"itemListElement\":[{\"@type\":\"ListItem\",\"position\":1,\"name\":\"Anasayfa\",\"item\":\"https:\/\/peryhome.com\/pl\/strona-glowna\/\"},{\"@type\":\"ListItem\",\"position\":2,\"name\":\"Zestawy sof\"}]},{\"@type\":\"WebSite\",\"@id\":\"https:\/\/peryhome.com\/pl\/#website\",\"url\":\"https:\/\/peryhome.com\/pl\/\",\"name\":\"PeryHome\",\"description\":\"Art of Furniture\",\"publisher\":{\"@id\":\"https:\/\/peryhome.com\/pl\/#organization\"},\"potentialAction\":[{\"@type\":\"SearchAction\",\"target\":{\"@type\":\"EntryPoint\",\"urlTemplate\":\"https:\/\/peryhome.com\/pl\/?s={search_term_string}\"},\"query-input\":{\"@type\":\"PropertyValueSpecification\",\"valueRequired\":true,\"valueName\":\"search_term_string\"}}],\"inLanguage\":\"pl-PL\"},{\"@type\":\"Organization\",\"@id\":\"https:\/\/peryhome.com\/pl\/#organization\",\"name\":\"PeryHome\",\"url\":\"https:\/\/peryhome.com\/pl\/\",\"logo\":{\"@type\":\"ImageObject\",\"inLanguage\":\"pl-PL\",\"@id\":\"https:\/\/peryhome.com\/pl\/#\/schema\/logo\/image\/\",\"url\":\"https:\/\/peryhome.com\/wp-content\/uploads\/2024\/12\/Logo_horizontal_HQ.webp\",\"contentUrl\":\"https:\/\/peryhome.com\/wp-content\/uploads\/2024\/12\/Logo_horizontal_HQ.webp\",\"width\":1000,\"height\":269,\"caption\":\"PeryHome\"},\"image\":{\"@id\":\"https:\/\/peryhome.com\/pl\/#\/schema\/logo\/image\/\"},\"sameAs\":[\"https:\/\/www.facebook.com\/profile.php?id=61566312622555\",\"https:\/\/www.instagram.com\/peryhome.eu\/\"]}]}<\/script>\n<!-- \/ Yoast SEO plugin. -->","yoast_head_json":{"title":"Zestawy sof - PeryHome","description":"\"Odkryj stylowe zestawy sof, w tym opcje 3+1 i naro\u017cniki. Dostosuj tkaniny i kolory, aby idealnie pasowa\u0142y do ka\u017cdego salonu\".","robots":{"index":"index","follow":"follow","max-snippet":"max-snippet:-1","max-image-preview":"max-image-preview:large","max-video-preview":"max-video-preview:-1"},"canonical":"https:\/\/peryhome.com\/pl\/zestawy-sof\/","og_locale":"pl_PL","og_type":"article","og_title":"Zestawy sof - PeryHome","og_description":"\"Odkryj stylowe zestawy sof, w tym opcje 3+1 i naro\u017cniki. Dostosuj tkaniny i kolory, aby idealnie pasowa\u0142y do ka\u017cdego salonu\".","og_url":"https:\/\/peryhome.com\/pl\/zestawy-sof\/","og_site_name":"PeryHome","article_publisher":"https:\/\/www.facebook.com\/profile.php?id=61566312622555","article_modified_time":"2024-11-19T10:33:26+00:00","og_image":[{"width":2560,"height":1707,"url":"https:\/\/peryhome.com\/wp-content\/uploads\/2024\/10\/1H9A8648-copy-scaled.webp","type":"image\/webp"}],"twitter_card":"summary_large_image","twitter_misc":{"Szacowany czas czytania":"1 minuta"},"schema":{"@context":"https:\/\/schema.org","@graph":[{"@type":"WebPage","@id":"https:\/\/peryhome.com\/pl\/zestawy-sof\/","url":"https:\/\/peryhome.com\/pl\/zestawy-sof\/","name":"Zestawy sof - PeryHome","isPartOf":{"@id":"https:\/\/peryhome.com\/pl\/#website"},"primaryImageOfPage":{"@id":"https:\/\/peryhome.com\/pl\/zestawy-sof\/#primaryimage"},"image":{"@id":"https:\/\/peryhome.com\/pl\/zestawy-sof\/#primaryimage"},"thumbnailUrl":"https:\/\/peryhome.com\/wp-content\/uploads\/2024\/10\/1H9A8648-copy-scaled.webp","datePublished":"2024-10-23T15:36:07+00:00","dateModified":"2024-11-19T10:33:26+00:00","description":"\"Odkryj stylowe zestawy sof, w tym opcje 3+1 i naro\u017cniki. Dostosuj tkaniny i kolory, aby idealnie pasowa\u0142y do ka\u017cdego salonu\".","breadcrumb":{"@id":"https:\/\/peryhome.com\/pl\/zestawy-sof\/#breadcrumb"},"inLanguage":"pl-PL","potentialAction":[{"@type":"ReadAction","target":["https:\/\/peryhome.com\/pl\/zestawy-sof\/"]}]},{"@type":"ImageObject","inLanguage":"pl-PL","@id":"https:\/\/peryhome.com\/pl\/zestawy-sof\/#primaryimage","url":"https:\/\/peryhome.com\/wp-content\/uploads\/2024\/10\/1H9A8648-copy-scaled.webp","contentUrl":"https:\/\/peryhome.com\/wp-content\/uploads\/2024\/10\/1H9A8648-copy-scaled.webp","width":2560,"height":1707,"caption":"Ribello Sofa Set \u2013 Elegant Style, Comfort & Customizable Options"},{"@type":"BreadcrumbList","@id":"https:\/\/peryhome.com\/pl\/zestawy-sof\/#breadcrumb","itemListElement":[{"@type":"ListItem","position":1,"name":"Anasayfa","item":"https:\/\/peryhome.com\/pl\/strona-glowna\/"},{"@type":"ListItem","position":2,"name":"Zestawy sof"}]},{"@type":"WebSite","@id":"https:\/\/peryhome.com\/pl\/#website","url":"https:\/\/peryhome.com\/pl\/","name":"PeryHome","description":"Art of Furniture","publisher":{"@id":"https:\/\/peryhome.com\/pl\/#organization"},"potentialAction":[{"@type":"SearchAction","target":{"@type":"EntryPoint","urlTemplate":"https:\/\/peryhome.com\/pl\/?s={search_term_string}"},"query-input":{"@type":"PropertyValueSpecification","valueRequired":true,"valueName":"search_term_string"}}],"inLanguage":"pl-PL"},{"@type":"Organization","@id":"https:\/\/peryhome.com\/pl\/#organization","name":"PeryHome","url":"https:\/\/peryhome.com\/pl\/","logo":{"@type":"ImageObject","inLanguage":"pl-PL","@id":"https:\/\/peryhome.com\/pl\/#\/schema\/logo\/image\/","url":"https:\/\/peryhome.com\/wp-content\/uploads\/2024\/12\/Logo_horizontal_HQ.webp","contentUrl":"https:\/\/peryhome.com\/wp-content\/uploads\/2024\/12\/Logo_horizontal_HQ.webp","width":1000,"height":269,"caption":"PeryHome"},"image":{"@id":"https:\/\/peryhome.com\/pl\/#\/schema\/logo\/image\/"},"sameAs":["https:\/\/www.facebook.com\/profile.php?id=61566312622555","https:\/\/www.instagram.com\/peryhome.eu\/"]}]}},"jetpack_sharing_enabled":true,"_links":{"self":[{"href":"https:\/\/peryhome.com\/pl\/wp-json\/wp\/v2\/pages\/7373"}],"collection":[{"href":"https:\/\/peryhome.com\/pl\/wp-json\/wp\/v2\/pages"}],"about":[{"href":"https:\/\/peryhome.com\/pl\/wp-json\/wp\/v2\/types\/page"}],"author":[{"embeddable":true,"href":"https:\/\/peryhome.com\/pl\/wp-json\/wp\/v2\/users\/2"}],"replies":[{"embeddable":true,"href":"https:\/\/peryhome.com\/pl\/wp-json\/wp\/v2\/comments?post=7373"}],"version-history":[{"count":1,"href":"https:\/\/peryhome.com\/pl\/wp-json\/wp\/v2\/pages\/7373\/revisions"}],"predecessor-version":[{"id":7377,"href":"https:\/\/peryhome.com\/pl\/wp-json\/wp\/v2\/pages\/7373\/revisions\/7377"}],"wp:featuredmedia":[{"embeddable":true,"href":"https:\/\/peryhome.com\/pl\/wp-json\/wp\/v2\/media\/6616"}],"wp:attachment":[{"href":"https:\/\/peryhome.com\/pl\/wp-json\/wp\/v2\/media?parent=7373"}],"curies":[{"name":"wp","href":"https:\/\/api.w.org\/{rel}","templated":true}]}}