{"id":7384,"date":"2024-11-03T11:35:31","date_gmt":"2024-11-03T11:35:31","guid":{"rendered":"https:\/\/peryhome.com\/zestawy-sof\/zestawy-narozne\/"},"modified":"2024-11-25T12:46:40","modified_gmt":"2024-11-25T12:46:40","slug":"zestawy-narozne","status":"publish","type":"page","link":"https:\/\/peryhome.com\/pl\/zestawy-sof\/zestawy-narozne\/","title":{"rendered":"Zestawy naro\u017cne"},"content":{"rendered":"<p>Odkryj nasz\u0105 kolekcj\u0119 zestaw\u00f3w <strong>naro\u017cnych<\/strong>, aby uzyska\u0107 stylowe, oszcz\u0119dzaj\u0105ce miejsce rozwi\u0105zania do siedzenia. Idealne zar\u00f3wno do du\u017cych, jak i kompaktowych pomieszcze\u0144, te naro\u017cniki idealnie pasuj\u0105 do ka\u017cdego wystroju. Wykonany z wysokiej jako\u015bci materia\u0142\u00f3w, ka\u017cdy zestaw oferuje zar\u00f3wno komfort, jak i trwa\u0142o\u015b\u0107. Konfigurowalne opcje tkanin pozwalaj\u0105 idealnie dopasowa\u0107 sw\u00f3j styl. Dzi\u0119ki przytulnym siedziskom i funkcjonalnemu designowi, nasze zestawy naro\u017cne doskonale nadaj\u0105 si\u0119 do codziennego relaksu i spotka\u0144. Niezale\u017cnie od tego, czy s\u0105 nowoczesne, czy klasyczne, zestawy te wnosz\u0105 do domu wyrafinowanie i praktyczno\u015b\u0107.<\/p>\n","protected":false},"excerpt":{"rendered":"<p>Odkryj nasz\u0105 kolekcj\u0119 zestaw\u00f3w naro\u017cnych, aby uzyska\u0107 stylowe, oszcz\u0119dzaj\u0105ce miejsce rozwi\u0105zania do siedzenia. Idealne zar\u00f3wno do du\u017cych, jak i kompaktowych pomieszcze\u0144, te naro\u017cniki idealnie pasuj\u0105 do ka\u017cdego wystroju. Wykonany z wysokiej jako\u015bci materia\u0142\u00f3w, ka\u017cdy zestaw oferuje zar\u00f3wno komfort, jak i trwa\u0142o\u015b\u0107. Konfigurowalne opcje tkanin pozwalaj\u0105 idealnie dopasowa\u0107 sw\u00f3j styl. Dzi\u0119ki przytulnym siedziskom i funkcjonalnemu designowi, &hellip; <\/p>\n<p class=\"link-more\"><a href=\"https:\/\/peryhome.com\/pl\/zestawy-sof\/zestawy-narozne\/\" class=\"more-link\">Read More <span class=\"screen-reader-text\"> &#8222;Zestawy naro\u017cne&#8221;<\/span><\/a><\/p>\n","protected":false},"author":2,"featured_media":6842,"parent":7373,"menu_order":0,"comment_status":"closed","ping_status":"closed","template":"","meta":{"_monsterinsights_skip_tracking":false,"_monsterinsights_sitenote_active":false,"_monsterinsights_sitenote_note":"","_monsterinsights_sitenote_category":0,"footnotes":""},"class_list":["post-7384","page","type-page","status-publish","has-post-thumbnail","hentry"],"yoast_head":"<!-- This site is optimized with the Yoast SEO plugin v24.1 - https:\/\/yoast.com\/wordpress\/plugins\/seo\/ -->\n<title>Zestawy naro\u017cne - PeryHome<\/title>\n<meta name=\"description\" content=\"&quot;Poznaj eleganckie zestawy naro\u017cne, kt\u00f3re maksymalizuj\u0105 przestrze\u0144 i styl. Konfigurowalne, wygodne i idealne do ka\u017cdego uk\u0142adu salonu&quot;.\" \/>\n<meta name=\"robots\" content=\"index, follow, max-snippet:-1, max-image-preview:large, max-video-preview:-1\" \/>\n<link rel=\"canonical\" href=\"https:\/\/peryhome.com\/pl\/zestawy-sof\/zestawy-narozne\/\" \/>\n<meta property=\"og:locale\" content=\"pl_PL\" \/>\n<meta property=\"og:type\" content=\"article\" \/>\n<meta property=\"og:title\" content=\"Zestawy naro\u017cne - PeryHome\" \/>\n<meta property=\"og:description\" content=\"&quot;Poznaj eleganckie zestawy naro\u017cne, kt\u00f3re maksymalizuj\u0105 przestrze\u0144 i styl. Konfigurowalne, wygodne i idealne do ka\u017cdego uk\u0142adu salonu&quot;.\" \/>\n<meta property=\"og:url\" content=\"https:\/\/peryhome.com\/pl\/zestawy-sof\/zestawy-narozne\/\" \/>\n<meta property=\"og:site_name\" content=\"PeryHome\" \/>\n<meta property=\"article:publisher\" content=\"https:\/\/www.facebook.com\/profile.php?id=61566312622555\" \/>\n<meta property=\"article:modified_time\" content=\"2024-11-25T12:46:40+00:00\" \/>\n<meta property=\"og:image\" content=\"https:\/\/peryhome.com\/wp-content\/uploads\/2024\/11\/MEGAZZI_96099-copy-scaled.webp\" \/>\n\t<meta property=\"og:image:width\" content=\"2560\" \/>\n\t<meta property=\"og:image:height\" content=\"1798\" \/>\n\t<meta property=\"og:image:type\" content=\"image\/webp\" \/>\n<meta name=\"twitter:card\" content=\"summary_large_image\" \/>\n<meta name=\"twitter:label1\" content=\"Szacowany czas czytania\" \/>\n\t<meta name=\"twitter:data1\" content=\"1 minuta\" \/>\n<script type=\"application\/ld+json\" class=\"yoast-schema-graph\">{\"@context\":\"https:\/\/schema.org\",\"@graph\":[{\"@type\":\"WebPage\",\"@id\":\"https:\/\/peryhome.com\/pl\/zestawy-sof\/zestawy-narozne\/\",\"url\":\"https:\/\/peryhome.com\/pl\/zestawy-sof\/zestawy-narozne\/\",\"name\":\"Zestawy naro\u017cne - PeryHome\",\"isPartOf\":{\"@id\":\"https:\/\/peryhome.com\/pl\/#website\"},\"primaryImageOfPage\":{\"@id\":\"https:\/\/peryhome.com\/pl\/zestawy-sof\/zestawy-narozne\/#primaryimage\"},\"image\":{\"@id\":\"https:\/\/peryhome.com\/pl\/zestawy-sof\/zestawy-narozne\/#primaryimage\"},\"thumbnailUrl\":\"https:\/\/peryhome.com\/wp-content\/uploads\/2024\/11\/MEGAZZI_96099-copy-scaled.webp\",\"datePublished\":\"2024-11-03T11:35:31+00:00\",\"dateModified\":\"2024-11-25T12:46:40+00:00\",\"description\":\"\\\"Poznaj eleganckie zestawy naro\u017cne, kt\u00f3re maksymalizuj\u0105 przestrze\u0144 i styl. Konfigurowalne, wygodne i idealne do ka\u017cdego uk\u0142adu salonu\\\".\",\"breadcrumb\":{\"@id\":\"https:\/\/peryhome.com\/pl\/zestawy-sof\/zestawy-narozne\/#breadcrumb\"},\"inLanguage\":\"pl-PL\",\"potentialAction\":[{\"@type\":\"ReadAction\",\"target\":[\"https:\/\/peryhome.com\/pl\/zestawy-sof\/zestawy-narozne\/\"]}]},{\"@type\":\"ImageObject\",\"inLanguage\":\"pl-PL\",\"@id\":\"https:\/\/peryhome.com\/pl\/zestawy-sof\/zestawy-narozne\/#primaryimage\",\"url\":\"https:\/\/peryhome.com\/wp-content\/uploads\/2024\/11\/MEGAZZI_96099-copy-scaled.webp\",\"contentUrl\":\"https:\/\/peryhome.com\/wp-content\/uploads\/2024\/11\/MEGAZZI_96099-copy-scaled.webp\",\"width\":2560,\"height\":1798,\"caption\":\"Corner Set\"},{\"@type\":\"BreadcrumbList\",\"@id\":\"https:\/\/peryhome.com\/pl\/zestawy-sof\/zestawy-narozne\/#breadcrumb\",\"itemListElement\":[{\"@type\":\"ListItem\",\"position\":1,\"name\":\"Anasayfa\",\"item\":\"https:\/\/peryhome.com\/pl\/strona-glowna\/\"},{\"@type\":\"ListItem\",\"position\":2,\"name\":\"Zestawy sof\",\"item\":\"https:\/\/peryhome.com\/pl\/zestawy-sof\/\"},{\"@type\":\"ListItem\",\"position\":3,\"name\":\"Zestawy naro\u017cne\"}]},{\"@type\":\"WebSite\",\"@id\":\"https:\/\/peryhome.com\/pl\/#website\",\"url\":\"https:\/\/peryhome.com\/pl\/\",\"name\":\"PeryHome\",\"description\":\"Art of Furniture\",\"publisher\":{\"@id\":\"https:\/\/peryhome.com\/pl\/#organization\"},\"potentialAction\":[{\"@type\":\"SearchAction\",\"target\":{\"@type\":\"EntryPoint\",\"urlTemplate\":\"https:\/\/peryhome.com\/pl\/?s={search_term_string}\"},\"query-input\":{\"@type\":\"PropertyValueSpecification\",\"valueRequired\":true,\"valueName\":\"search_term_string\"}}],\"inLanguage\":\"pl-PL\"},{\"@type\":\"Organization\",\"@id\":\"https:\/\/peryhome.com\/pl\/#organization\",\"name\":\"PeryHome\",\"url\":\"https:\/\/peryhome.com\/pl\/\",\"logo\":{\"@type\":\"ImageObject\",\"inLanguage\":\"pl-PL\",\"@id\":\"https:\/\/peryhome.com\/pl\/#\/schema\/logo\/image\/\",\"url\":\"https:\/\/peryhome.com\/wp-content\/uploads\/2024\/12\/Logo_horizontal_HQ.webp\",\"contentUrl\":\"https:\/\/peryhome.com\/wp-content\/uploads\/2024\/12\/Logo_horizontal_HQ.webp\",\"width\":1000,\"height\":269,\"caption\":\"PeryHome\"},\"image\":{\"@id\":\"https:\/\/peryhome.com\/pl\/#\/schema\/logo\/image\/\"},\"sameAs\":[\"https:\/\/www.facebook.com\/profile.php?id=61566312622555\",\"https:\/\/www.instagram.com\/peryhome.eu\/\"]}]}<\/script>\n<!-- \/ Yoast SEO plugin. -->","yoast_head_json":{"title":"Zestawy naro\u017cne - PeryHome","description":"\"Poznaj eleganckie zestawy naro\u017cne, kt\u00f3re maksymalizuj\u0105 przestrze\u0144 i styl. Konfigurowalne, wygodne i idealne do ka\u017cdego uk\u0142adu salonu\".","robots":{"index":"index","follow":"follow","max-snippet":"max-snippet:-1","max-image-preview":"max-image-preview:large","max-video-preview":"max-video-preview:-1"},"canonical":"https:\/\/peryhome.com\/pl\/zestawy-sof\/zestawy-narozne\/","og_locale":"pl_PL","og_type":"article","og_title":"Zestawy naro\u017cne - PeryHome","og_description":"\"Poznaj eleganckie zestawy naro\u017cne, kt\u00f3re maksymalizuj\u0105 przestrze\u0144 i styl. Konfigurowalne, wygodne i idealne do ka\u017cdego uk\u0142adu salonu\".","og_url":"https:\/\/peryhome.com\/pl\/zestawy-sof\/zestawy-narozne\/","og_site_name":"PeryHome","article_publisher":"https:\/\/www.facebook.com\/profile.php?id=61566312622555","article_modified_time":"2024-11-25T12:46:40+00:00","og_image":[{"width":2560,"height":1798,"url":"https:\/\/peryhome.com\/wp-content\/uploads\/2024\/11\/MEGAZZI_96099-copy-scaled.webp","type":"image\/webp"}],"twitter_card":"summary_large_image","twitter_misc":{"Szacowany czas czytania":"1 minuta"},"schema":{"@context":"https:\/\/schema.org","@graph":[{"@type":"WebPage","@id":"https:\/\/peryhome.com\/pl\/zestawy-sof\/zestawy-narozne\/","url":"https:\/\/peryhome.com\/pl\/zestawy-sof\/zestawy-narozne\/","name":"Zestawy naro\u017cne - PeryHome","isPartOf":{"@id":"https:\/\/peryhome.com\/pl\/#website"},"primaryImageOfPage":{"@id":"https:\/\/peryhome.com\/pl\/zestawy-sof\/zestawy-narozne\/#primaryimage"},"image":{"@id":"https:\/\/peryhome.com\/pl\/zestawy-sof\/zestawy-narozne\/#primaryimage"},"thumbnailUrl":"https:\/\/peryhome.com\/wp-content\/uploads\/2024\/11\/MEGAZZI_96099-copy-scaled.webp","datePublished":"2024-11-03T11:35:31+00:00","dateModified":"2024-11-25T12:46:40+00:00","description":"\"Poznaj eleganckie zestawy naro\u017cne, kt\u00f3re maksymalizuj\u0105 przestrze\u0144 i styl. Konfigurowalne, wygodne i idealne do ka\u017cdego uk\u0142adu salonu\".","breadcrumb":{"@id":"https:\/\/peryhome.com\/pl\/zestawy-sof\/zestawy-narozne\/#breadcrumb"},"inLanguage":"pl-PL","potentialAction":[{"@type":"ReadAction","target":["https:\/\/peryhome.com\/pl\/zestawy-sof\/zestawy-narozne\/"]}]},{"@type":"ImageObject","inLanguage":"pl-PL","@id":"https:\/\/peryhome.com\/pl\/zestawy-sof\/zestawy-narozne\/#primaryimage","url":"https:\/\/peryhome.com\/wp-content\/uploads\/2024\/11\/MEGAZZI_96099-copy-scaled.webp","contentUrl":"https:\/\/peryhome.com\/wp-content\/uploads\/2024\/11\/MEGAZZI_96099-copy-scaled.webp","width":2560,"height":1798,"caption":"Corner Set"},{"@type":"BreadcrumbList","@id":"https:\/\/peryhome.com\/pl\/zestawy-sof\/zestawy-narozne\/#breadcrumb","itemListElement":[{"@type":"ListItem","position":1,"name":"Anasayfa","item":"https:\/\/peryhome.com\/pl\/strona-glowna\/"},{"@type":"ListItem","position":2,"name":"Zestawy sof","item":"https:\/\/peryhome.com\/pl\/zestawy-sof\/"},{"@type":"ListItem","position":3,"name":"Zestawy naro\u017cne"}]},{"@type":"WebSite","@id":"https:\/\/peryhome.com\/pl\/#website","url":"https:\/\/peryhome.com\/pl\/","name":"PeryHome","description":"Art of Furniture","publisher":{"@id":"https:\/\/peryhome.com\/pl\/#organization"},"potentialAction":[{"@type":"SearchAction","target":{"@type":"EntryPoint","urlTemplate":"https:\/\/peryhome.com\/pl\/?s={search_term_string}"},"query-input":{"@type":"PropertyValueSpecification","valueRequired":true,"valueName":"search_term_string"}}],"inLanguage":"pl-PL"},{"@type":"Organization","@id":"https:\/\/peryhome.com\/pl\/#organization","name":"PeryHome","url":"https:\/\/peryhome.com\/pl\/","logo":{"@type":"ImageObject","inLanguage":"pl-PL","@id":"https:\/\/peryhome.com\/pl\/#\/schema\/logo\/image\/","url":"https:\/\/peryhome.com\/wp-content\/uploads\/2024\/12\/Logo_horizontal_HQ.webp","contentUrl":"https:\/\/peryhome.com\/wp-content\/uploads\/2024\/12\/Logo_horizontal_HQ.webp","width":1000,"height":269,"caption":"PeryHome"},"image":{"@id":"https:\/\/peryhome.com\/pl\/#\/schema\/logo\/image\/"},"sameAs":["https:\/\/www.facebook.com\/profile.php?id=61566312622555","https:\/\/www.instagram.com\/peryhome.eu\/"]}]}},"jetpack_sharing_enabled":true,"_links":{"self":[{"href":"https:\/\/peryhome.com\/pl\/wp-json\/wp\/v2\/pages\/7384"}],"collection":[{"href":"https:\/\/peryhome.com\/pl\/wp-json\/wp\/v2\/pages"}],"about":[{"href":"https:\/\/peryhome.com\/pl\/wp-json\/wp\/v2\/types\/page"}],"author":[{"embeddable":true,"href":"https:\/\/peryhome.com\/pl\/wp-json\/wp\/v2\/users\/2"}],"replies":[{"embeddable":true,"href":"https:\/\/peryhome.com\/pl\/wp-json\/wp\/v2\/comments?post=7384"}],"version-history":[{"count":1,"href":"https:\/\/peryhome.com\/pl\/wp-json\/wp\/v2\/pages\/7384\/revisions"}],"predecessor-version":[{"id":7414,"href":"https:\/\/peryhome.com\/pl\/wp-json\/wp\/v2\/pages\/7384\/revisions\/7414"}],"up":[{"embeddable":true,"href":"https:\/\/peryhome.com\/pl\/wp-json\/wp\/v2\/pages\/7373"}],"wp:featuredmedia":[{"embeddable":true,"href":"https:\/\/peryhome.com\/pl\/wp-json\/wp\/v2\/media\/6842"}],"wp:attachment":[{"href":"https:\/\/peryhome.com\/pl\/wp-json\/wp\/v2\/media?parent=7384"}],"curies":[{"name":"wp","href":"https:\/\/api.w.org\/{rel}","templated":true}]}}