{"id":7399,"date":"2018-09-10T02:24:42","date_gmt":"2018-09-10T02:24:42","guid":{"rendered":"https:\/\/peryhome.com\/faq\/"},"modified":"2024-12-09T23:21:32","modified_gmt":"2024-12-09T23:21:32","slug":"faq","status":"publish","type":"page","link":"https:\/\/peryhome.com\/pl\/faq\/","title":{"rendered":"FAQ"},"content":{"rendered":"\t\t<div data-elementor-type=\"wp-post\" data-elementor-id=\"7399\" class=\"elementor elementor-7399\" data-elementor-post-type=\"page\">\n\t\t\t\t\t\t<section class=\"elementor-section elementor-top-section elementor-element elementor-element-bba43ed elementor-section-boxed elementor-section-height-default elementor-section-height-default\" data-id=\"bba43ed\" data-element_type=\"section\">\n\t\t\t\t\t\t<div class=\"elementor-container elementor-column-gap-no\">\n\t\t\t\t\t<div class=\"elementor-column elementor-col-100 elementor-top-column elementor-element elementor-element-e1d0703 animated-fast elementor-invisible\" data-id=\"e1d0703\" data-element_type=\"column\" data-settings=\"{&quot;animation&quot;:&quot;opal-move-up&quot;}\">\n\t\t\t<div class=\"elementor-widget-wrap elementor-element-populated\">\n\t\t\t\t\t\t<div class=\"elementor-element elementor-element-b4dbf8e elementor-widget elementor-widget-accordion\" data-id=\"b4dbf8e\" data-element_type=\"widget\" data-widget_type=\"accordion.default\">\n\t\t\t\t<div class=\"elementor-widget-container\">\n\t\t\t\t\t        <div class=\"elementor-accordion\" role=\"tablist\">\n                    <div class=\"elementor-accordion-item\">\n            <div id=\"elementor-tab-title-1891\" class=\"elementor-tab-title\" tabindex=\"1891\" data-tab=\"1\" role=\"tab\" aria-controls=\"elementor-tab-content-1891\">\n                        <span class=\"elementor-accordion-icon elementor-accordion-icon-left\" aria-hidden=\"true\">\n\t\t\t\t\t\t\t<i class=\"elementor-accordion-icon-closed fa fa-plus\"><\/i>\n\t\t\t\t\t\t\t<i class=\"elementor-accordion-icon-opened fa fa-minus\"><\/i>\n\t\t\t\t\t\t<\/span>\n                    Jak mog\u0119 \u015bledzi\u0107 moje zam\u00f3wienie?            <\/div>\n            <div id=\"elementor-tab-content-1891\" class=\"elementor-tab-content elementor-clearfix\" data-tab=\"1\" role=\"tabpanel\" aria-labelledby=\"elementor-tab-title-1891\"><p>Po wys\u0142aniu zam\u00f3wienia na adres e-mail zostanie wys\u0142any numer przesy\u0142ki. Mo\u017cesz u\u017cy\u0107 tego numeru, aby sprawdzi\u0107 status swojego zam\u00f3wienia na stronie internetowej kuriera.<\/p>\n<\/div>\n            <\/div>\n                    <div class=\"elementor-accordion-item\">\n            <div id=\"elementor-tab-title-1892\" class=\"elementor-tab-title\" tabindex=\"1892\" data-tab=\"2\" role=\"tab\" aria-controls=\"elementor-tab-content-1892\">\n                        <span class=\"elementor-accordion-icon elementor-accordion-icon-left\" aria-hidden=\"true\">\n\t\t\t\t\t\t\t<i class=\"elementor-accordion-icon-closed fa fa-plus\"><\/i>\n\t\t\t\t\t\t\t<i class=\"elementor-accordion-icon-opened fa fa-minus\"><\/i>\n\t\t\t\t\t\t<\/span>\n                    Czy mog\u0119 anulowa\u0107 zam\u00f3wienie?            <\/div>\n            <div id=\"elementor-tab-content-1892\" class=\"elementor-tab-content elementor-clearfix\" data-tab=\"2\" role=\"tabpanel\" aria-labelledby=\"elementor-tab-title-1892\"><p>Tak, mo\u017cna anulowa\u0107 zam\u00f3wienie przed jego wys\u0142aniem. Prosimy o kontakt z naszym dzia\u0142em obs\u0142ugi klienta w celu uzyskania pomocy w procesie anulowania.<\/p>\n<\/div>\n            <\/div>\n                    <div class=\"elementor-accordion-item\">\n            <div id=\"elementor-tab-title-1893\" class=\"elementor-tab-title\" tabindex=\"1893\" data-tab=\"3\" role=\"tab\" aria-controls=\"elementor-tab-content-1893\">\n                        <span class=\"elementor-accordion-icon elementor-accordion-icon-left\" aria-hidden=\"true\">\n\t\t\t\t\t\t\t<i class=\"elementor-accordion-icon-closed fa fa-plus\"><\/i>\n\t\t\t\t\t\t\t<i class=\"elementor-accordion-icon-opened fa fa-minus\"><\/i>\n\t\t\t\t\t\t<\/span>\n                    Czy istnieje limit czasowy na zwrot produkt\u00f3w?            <\/div>\n            <div id=\"elementor-tab-content-1893\" class=\"elementor-tab-content elementor-clearfix\" data-tab=\"3\" role=\"tabpanel\" aria-labelledby=\"elementor-tab-title-1893\"><p>Tak, produkty mo\u017cna zwr\u00f3ci\u0107 w ci\u0105gu 14 dni od daty dostawy. Aby uzyska\u0107 szczeg\u00f3\u0142owe informacje na temat procesu zwrotu, odwied\u017a nasz\u0105 stron\u0119 z polityk\u0105 zwrot\u00f3w.<\/p>\n<\/div>\n            <\/div>\n                    <div class=\"elementor-accordion-item\">\n            <div id=\"elementor-tab-title-1894\" class=\"elementor-tab-title\" tabindex=\"1894\" data-tab=\"4\" role=\"tab\" aria-controls=\"elementor-tab-content-1894\">\n                        <span class=\"elementor-accordion-icon elementor-accordion-icon-left\" aria-hidden=\"true\">\n\t\t\t\t\t\t\t<i class=\"elementor-accordion-icon-closed fa fa-plus\"><\/i>\n\t\t\t\t\t\t\t<i class=\"elementor-accordion-icon-opened fa fa-minus\"><\/i>\n\t\t\t\t\t\t<\/span>\n                    Jakie opcje p\u0142atno\u015bci s\u0105 dost\u0119pne?            <\/div>\n            <div id=\"elementor-tab-content-1894\" class=\"elementor-tab-content elementor-clearfix\" data-tab=\"4\" role=\"tabpanel\" aria-labelledby=\"elementor-tab-title-1894\"><p>W PeryHome akceptujemy karty kredytowe, debetowe i inne bezpieczne metody p\u0142atno\u015bci online. Wszystkie p\u0142atno\u015bci s\u0105 chronione za pomoc\u0105 bezpiecznej infrastruktury.<\/p>\n<\/div>\n            <\/div>\n                    <div class=\"elementor-accordion-item\">\n            <div id=\"elementor-tab-title-1895\" class=\"elementor-tab-title\" tabindex=\"1895\" data-tab=\"5\" role=\"tab\" aria-controls=\"elementor-tab-content-1895\">\n                        <span class=\"elementor-accordion-icon elementor-accordion-icon-left\" aria-hidden=\"true\">\n\t\t\t\t\t\t\t<i class=\"elementor-accordion-icon-closed fa fa-plus\"><\/i>\n\t\t\t\t\t\t\t<i class=\"elementor-accordion-icon-opened fa fa-minus\"><\/i>\n\t\t\t\t\t\t<\/span>\n                    Jak d\u0142ugo trwa dostawa?            <\/div>\n            <div id=\"elementor-tab-content-1895\" class=\"elementor-tab-content elementor-clearfix\" data-tab=\"5\" role=\"tabpanel\" aria-labelledby=\"elementor-tab-title-1895\"><p>Czas dostawy zale\u017cy od dost\u0119pno\u015bci produktu i adresu dostawy. Szacowany czas dostawy jest wy\u015bwietlany na stronie p\u0142atno\u015bci podczas realizacji transakcji.<\/p>\n<\/div>\n            <\/div>\n                    <div class=\"elementor-accordion-item\">\n            <div id=\"elementor-tab-title-1896\" class=\"elementor-tab-title\" tabindex=\"1896\" data-tab=\"6\" role=\"tab\" aria-controls=\"elementor-tab-content-1896\">\n                        <span class=\"elementor-accordion-icon elementor-accordion-icon-left\" aria-hidden=\"true\">\n\t\t\t\t\t\t\t<i class=\"elementor-accordion-icon-closed fa fa-plus\"><\/i>\n\t\t\t\t\t\t\t<i class=\"elementor-accordion-icon-opened fa fa-minus\"><\/i>\n\t\t\t\t\t\t<\/span>\n                    Co nale\u017cy zrobi\u0107 w przypadku problem\u00f3w z zam\u00f3wieniem?            <\/div>\n            <div id=\"elementor-tab-content-1896\" class=\"elementor-tab-content elementor-clearfix\" data-tab=\"6\" role=\"tabpanel\" aria-labelledby=\"elementor-tab-title-1896\"><p>W przypadku jakichkolwiek problem\u00f3w z zam\u00f3wieniem prosimy o natychmiastowy kontakt z naszym dzia\u0142em obs\u0142ugi klienta. Nasz zesp\u00f3\u0142 pomo\u017ce Ci tak szybko, jak to mo\u017cliwe.<\/p><\/p>\n<\/div>\n            <\/div>\n                    <div class=\"elementor-accordion-item\">\n            <div id=\"elementor-tab-title-1897\" class=\"elementor-tab-title\" tabindex=\"1897\" data-tab=\"7\" role=\"tab\" aria-controls=\"elementor-tab-content-1897\">\n                        <span class=\"elementor-accordion-icon elementor-accordion-icon-left\" aria-hidden=\"true\">\n\t\t\t\t\t\t\t<i class=\"elementor-accordion-icon-closed fa fa-plus\"><\/i>\n\t\t\t\t\t\t\t<i class=\"elementor-accordion-icon-opened fa fa-minus\"><\/i>\n\t\t\t\t\t\t<\/span>\n                    Czy mog\u0119 uzyska\u0107 wsparcie po okresie gwarancyjnym?            <\/div>\n            <div id=\"elementor-tab-content-1897\" class=\"elementor-tab-content elementor-clearfix\" data-tab=\"7\" role=\"tabpanel\" aria-labelledby=\"elementor-tab-title-1897\"><p>Tak, nawet je\u015bli Tw\u00f3j produkt nie jest ju\u017c obj\u0119ty gwarancj\u0105, nadal mo\u017cesz skontaktowa\u0107 si\u0119 z nami w przypadku jakichkolwiek pyta\u0144 lub potrzeb wsparcia. Jeste\u015bmy tutaj, aby pom\u00f3c w opiece nad produktem i wsparciu.<\/p>\n<\/div>\n            <\/div>\n                    <div class=\"elementor-accordion-item\">\n            <div id=\"elementor-tab-title-1898\" class=\"elementor-tab-title\" tabindex=\"1898\" data-tab=\"8\" role=\"tab\" aria-controls=\"elementor-tab-content-1898\">\n                        <span class=\"elementor-accordion-icon elementor-accordion-icon-left\" aria-hidden=\"true\">\n\t\t\t\t\t\t\t<i class=\"elementor-accordion-icon-closed fa fa-plus\"><\/i>\n\t\t\t\t\t\t\t<i class=\"elementor-accordion-icon-opened fa fa-minus\"><\/i>\n\t\t\t\t\t\t<\/span>\n                    Czy mog\u0119 odebra\u0107 zam\u00f3wienie w sklepie PeryHome?            <\/div>\n            <div id=\"elementor-tab-content-1898\" class=\"elementor-tab-content elementor-clearfix\" data-tab=\"8\" role=\"tabpanel\" aria-labelledby=\"elementor-tab-title-1898\"><p>Obecnie oferujemy tylko dostaw\u0119 do domu. Wszystkie zam\u00f3wienia s\u0105 wysy\u0142ane pod wskazany adres.<\/p>\n<\/div>\n            <\/div>\n                <\/div>\n        \t\t\t\t<\/div>\n\t\t\t\t<\/div>\n\t\t\t\t\t<\/div>\n\t\t<\/div>\n\t\t\t\t\t<\/div>\n\t\t<\/section>\n\t\t\t\t<\/div>\n\t\t","protected":false},"excerpt":{"rendered":"<p>Jak mog\u0119 \u015bledzi\u0107 moje zam\u00f3wienie? Po wys\u0142aniu zam\u00f3wienia na adres e-mail zostanie wys\u0142any numer przesy\u0142ki. Mo\u017cesz u\u017cy\u0107 tego numeru, aby sprawdzi\u0107 status swojego zam\u00f3wienia na stronie internetowej kuriera. Czy mog\u0119 anulowa\u0107 zam\u00f3wienie? Tak, mo\u017cna anulowa\u0107 zam\u00f3wienie przed jego wys\u0142aniem. Prosimy o kontakt z naszym dzia\u0142em obs\u0142ugi klienta w celu uzyskania pomocy w procesie anulowania. Czy &hellip; <\/p>\n<p class=\"link-more\"><a href=\"https:\/\/peryhome.com\/pl\/faq\/\" class=\"more-link\">Read More <span class=\"screen-reader-text\"> &#8222;FAQ&#8221;<\/span><\/a><\/p>\n","protected":false},"author":1,"featured_media":0,"parent":0,"menu_order":0,"comment_status":"closed","ping_status":"closed","template":"","meta":{"_monsterinsights_skip_tracking":false,"_monsterinsights_sitenote_active":false,"_monsterinsights_sitenote_note":"","_monsterinsights_sitenote_category":0,"footnotes":""},"class_list":["post-7399","page","type-page","status-publish","hentry"],"yoast_head":"<!-- This site is optimized with the Yoast SEO plugin v24.1 - https:\/\/yoast.com\/wordpress\/plugins\/seo\/ -->\n<title>FAQ - PeryHome<\/title>\n<meta name=\"robots\" content=\"index, follow, max-snippet:-1, max-image-preview:large, max-video-preview:-1\" \/>\n<link rel=\"canonical\" href=\"https:\/\/peryhome.com\/pl\/faq\/\" \/>\n<meta property=\"og:locale\" content=\"pl_PL\" \/>\n<meta property=\"og:type\" content=\"article\" \/>\n<meta property=\"og:title\" content=\"FAQ - PeryHome\" \/>\n<meta property=\"og:description\" content=\"Jak mog\u0119 \u015bledzi\u0107 moje zam\u00f3wienie? Po wys\u0142aniu zam\u00f3wienia na adres e-mail zostanie wys\u0142any numer przesy\u0142ki. Mo\u017cesz u\u017cy\u0107 tego numeru, aby sprawdzi\u0107 status swojego zam\u00f3wienia na stronie internetowej kuriera. Czy mog\u0119 anulowa\u0107 zam\u00f3wienie? Tak, mo\u017cna anulowa\u0107 zam\u00f3wienie przed jego wys\u0142aniem. Prosimy o kontakt z naszym dzia\u0142em obs\u0142ugi klienta w celu uzyskania pomocy w procesie anulowania. Czy &hellip; Read More &quot;FAQ&quot;\" \/>\n<meta property=\"og:url\" content=\"https:\/\/peryhome.com\/pl\/faq\/\" \/>\n<meta property=\"og:site_name\" content=\"PeryHome\" \/>\n<meta property=\"article:publisher\" content=\"https:\/\/www.facebook.com\/profile.php?id=61566312622555\" \/>\n<meta property=\"article:modified_time\" content=\"2024-12-09T23:21:32+00:00\" \/>\n<meta name=\"twitter:card\" content=\"summary_large_image\" \/>\n<meta name=\"twitter:label1\" content=\"Szacowany czas czytania\" \/>\n\t<meta name=\"twitter:data1\" content=\"1 minuta\" \/>\n<script type=\"application\/ld+json\" class=\"yoast-schema-graph\">{\"@context\":\"https:\/\/schema.org\",\"@graph\":[{\"@type\":\"WebPage\",\"@id\":\"https:\/\/peryhome.com\/pl\/faq\/\",\"url\":\"https:\/\/peryhome.com\/pl\/faq\/\",\"name\":\"FAQ - PeryHome\",\"isPartOf\":{\"@id\":\"https:\/\/peryhome.com\/pl\/#website\"},\"datePublished\":\"2018-09-10T02:24:42+00:00\",\"dateModified\":\"2024-12-09T23:21:32+00:00\",\"breadcrumb\":{\"@id\":\"https:\/\/peryhome.com\/pl\/faq\/#breadcrumb\"},\"inLanguage\":\"pl-PL\",\"potentialAction\":[{\"@type\":\"ReadAction\",\"target\":[\"https:\/\/peryhome.com\/pl\/faq\/\"]}]},{\"@type\":\"BreadcrumbList\",\"@id\":\"https:\/\/peryhome.com\/pl\/faq\/#breadcrumb\",\"itemListElement\":[{\"@type\":\"ListItem\",\"position\":1,\"name\":\"Anasayfa\",\"item\":\"https:\/\/peryhome.com\/pl\/strona-glowna\/\"},{\"@type\":\"ListItem\",\"position\":2,\"name\":\"FAQ\"}]},{\"@type\":\"WebSite\",\"@id\":\"https:\/\/peryhome.com\/pl\/#website\",\"url\":\"https:\/\/peryhome.com\/pl\/\",\"name\":\"PeryHome\",\"description\":\"Art of Furniture\",\"publisher\":{\"@id\":\"https:\/\/peryhome.com\/pl\/#organization\"},\"potentialAction\":[{\"@type\":\"SearchAction\",\"target\":{\"@type\":\"EntryPoint\",\"urlTemplate\":\"https:\/\/peryhome.com\/pl\/?s={search_term_string}\"},\"query-input\":{\"@type\":\"PropertyValueSpecification\",\"valueRequired\":true,\"valueName\":\"search_term_string\"}}],\"inLanguage\":\"pl-PL\"},{\"@type\":\"Organization\",\"@id\":\"https:\/\/peryhome.com\/pl\/#organization\",\"name\":\"PeryHome\",\"url\":\"https:\/\/peryhome.com\/pl\/\",\"logo\":{\"@type\":\"ImageObject\",\"inLanguage\":\"pl-PL\",\"@id\":\"https:\/\/peryhome.com\/pl\/#\/schema\/logo\/image\/\",\"url\":\"https:\/\/peryhome.com\/wp-content\/uploads\/2024\/12\/Logo_horizontal_HQ.webp\",\"contentUrl\":\"https:\/\/peryhome.com\/wp-content\/uploads\/2024\/12\/Logo_horizontal_HQ.webp\",\"width\":1000,\"height\":269,\"caption\":\"PeryHome\"},\"image\":{\"@id\":\"https:\/\/peryhome.com\/pl\/#\/schema\/logo\/image\/\"},\"sameAs\":[\"https:\/\/www.facebook.com\/profile.php?id=61566312622555\",\"https:\/\/www.instagram.com\/peryhome.eu\/\"]}]}<\/script>\n<!-- \/ Yoast SEO plugin. -->","yoast_head_json":{"title":"FAQ - PeryHome","robots":{"index":"index","follow":"follow","max-snippet":"max-snippet:-1","max-image-preview":"max-image-preview:large","max-video-preview":"max-video-preview:-1"},"canonical":"https:\/\/peryhome.com\/pl\/faq\/","og_locale":"pl_PL","og_type":"article","og_title":"FAQ - PeryHome","og_description":"Jak mog\u0119 \u015bledzi\u0107 moje zam\u00f3wienie? Po wys\u0142aniu zam\u00f3wienia na adres e-mail zostanie wys\u0142any numer przesy\u0142ki. Mo\u017cesz u\u017cy\u0107 tego numeru, aby sprawdzi\u0107 status swojego zam\u00f3wienia na stronie internetowej kuriera. Czy mog\u0119 anulowa\u0107 zam\u00f3wienie? Tak, mo\u017cna anulowa\u0107 zam\u00f3wienie przed jego wys\u0142aniem. Prosimy o kontakt z naszym dzia\u0142em obs\u0142ugi klienta w celu uzyskania pomocy w procesie anulowania. Czy &hellip; Read More \"FAQ\"","og_url":"https:\/\/peryhome.com\/pl\/faq\/","og_site_name":"PeryHome","article_publisher":"https:\/\/www.facebook.com\/profile.php?id=61566312622555","article_modified_time":"2024-12-09T23:21:32+00:00","twitter_card":"summary_large_image","twitter_misc":{"Szacowany czas czytania":"1 minuta"},"schema":{"@context":"https:\/\/schema.org","@graph":[{"@type":"WebPage","@id":"https:\/\/peryhome.com\/pl\/faq\/","url":"https:\/\/peryhome.com\/pl\/faq\/","name":"FAQ - PeryHome","isPartOf":{"@id":"https:\/\/peryhome.com\/pl\/#website"},"datePublished":"2018-09-10T02:24:42+00:00","dateModified":"2024-12-09T23:21:32+00:00","breadcrumb":{"@id":"https:\/\/peryhome.com\/pl\/faq\/#breadcrumb"},"inLanguage":"pl-PL","potentialAction":[{"@type":"ReadAction","target":["https:\/\/peryhome.com\/pl\/faq\/"]}]},{"@type":"BreadcrumbList","@id":"https:\/\/peryhome.com\/pl\/faq\/#breadcrumb","itemListElement":[{"@type":"ListItem","position":1,"name":"Anasayfa","item":"https:\/\/peryhome.com\/pl\/strona-glowna\/"},{"@type":"ListItem","position":2,"name":"FAQ"}]},{"@type":"WebSite","@id":"https:\/\/peryhome.com\/pl\/#website","url":"https:\/\/peryhome.com\/pl\/","name":"PeryHome","description":"Art of Furniture","publisher":{"@id":"https:\/\/peryhome.com\/pl\/#organization"},"potentialAction":[{"@type":"SearchAction","target":{"@type":"EntryPoint","urlTemplate":"https:\/\/peryhome.com\/pl\/?s={search_term_string}"},"query-input":{"@type":"PropertyValueSpecification","valueRequired":true,"valueName":"search_term_string"}}],"inLanguage":"pl-PL"},{"@type":"Organization","@id":"https:\/\/peryhome.com\/pl\/#organization","name":"PeryHome","url":"https:\/\/peryhome.com\/pl\/","logo":{"@type":"ImageObject","inLanguage":"pl-PL","@id":"https:\/\/peryhome.com\/pl\/#\/schema\/logo\/image\/","url":"https:\/\/peryhome.com\/wp-content\/uploads\/2024\/12\/Logo_horizontal_HQ.webp","contentUrl":"https:\/\/peryhome.com\/wp-content\/uploads\/2024\/12\/Logo_horizontal_HQ.webp","width":1000,"height":269,"caption":"PeryHome"},"image":{"@id":"https:\/\/peryhome.com\/pl\/#\/schema\/logo\/image\/"},"sameAs":["https:\/\/www.facebook.com\/profile.php?id=61566312622555","https:\/\/www.instagram.com\/peryhome.eu\/"]}]}},"jetpack_sharing_enabled":true,"_links":{"self":[{"href":"https:\/\/peryhome.com\/pl\/wp-json\/wp\/v2\/pages\/7399"}],"collection":[{"href":"https:\/\/peryhome.com\/pl\/wp-json\/wp\/v2\/pages"}],"about":[{"href":"https:\/\/peryhome.com\/pl\/wp-json\/wp\/v2\/types\/page"}],"author":[{"embeddable":true,"href":"https:\/\/peryhome.com\/pl\/wp-json\/wp\/v2\/users\/1"}],"replies":[{"embeddable":true,"href":"https:\/\/peryhome.com\/pl\/wp-json\/wp\/v2\/comments?post=7399"}],"version-history":[{"count":1,"href":"https:\/\/peryhome.com\/pl\/wp-json\/wp\/v2\/pages\/7399\/revisions"}],"predecessor-version":[{"id":7400,"href":"https:\/\/peryhome.com\/pl\/wp-json\/wp\/v2\/pages\/7399\/revisions\/7400"}],"wp:attachment":[{"href":"https:\/\/peryhome.com\/pl\/wp-json\/wp\/v2\/media?parent=7399"}],"curies":[{"name":"wp","href":"https:\/\/api.w.org\/{rel}","templated":true}]}}