{"id":9032,"date":"2024-12-16T21:27:10","date_gmt":"2024-12-16T21:27:10","guid":{"rendered":"https:\/\/peryhome.com\/impressum\/"},"modified":"2024-12-16T22:03:56","modified_gmt":"2024-12-16T22:03:56","slug":"impressum","status":"publish","type":"page","link":"https:\/\/peryhome.com\/pl\/impressum\/","title":{"rendered":"Impressum"},"content":{"rendered":"\t\t<div data-elementor-type=\"wp-post\" data-elementor-id=\"9032\" class=\"elementor elementor-9032\" data-elementor-post-type=\"page\">\n\t\t\t\t\t\t<section class=\"elementor-section elementor-top-section elementor-element elementor-element-6629ce6 elementor-section-boxed elementor-section-height-default elementor-section-height-default\" data-id=\"6629ce6\" data-element_type=\"section\">\n\t\t\t\t\t\t<div class=\"elementor-container elementor-column-gap-no\">\n\t\t\t\t\t<div class=\"elementor-column elementor-col-100 elementor-top-column elementor-element elementor-element-beb4e9f\" data-id=\"beb4e9f\" data-element_type=\"column\">\n\t\t\t<div class=\"elementor-widget-wrap elementor-element-populated\">\n\t\t\t\t\t\t<div class=\"elementor-element elementor-element-4494539 elementor-widget elementor-widget-heading\" data-id=\"4494539\" data-element_type=\"widget\" data-widget_type=\"heading.default\">\n\t\t\t\t<div class=\"elementor-widget-container\">\n\t\t\t\t\t<h2 class=\"elementor-heading-title elementor-size-default\">Impressum<\/h2>\t\t\t\t<\/div>\n\t\t\t\t<\/div>\n\t\t\t\t<div class=\"elementor-element elementor-element-96ae52f elementor-widget elementor-widget-text-editor\" data-id=\"96ae52f\" data-element_type=\"widget\" data-widget_type=\"text-editor.default\">\n\t\t\t\t<div class=\"elementor-widget-container\">\n\t\t\t\t\t\t\t<div class=\"elementor-text-editor elementor-clearfix\"><p><strong>Dane firmy:<\/strong><br \/>Nazwa: MEKA BURGAZLI MOBILYA Sp. z o.o. \/ PERYHOME<br \/>Forma prawna: Sp\u00f3\u0142ka z ograniczon\u0105 odpowiedzialno\u015bci\u0105 (Sp. z o.o.)<br \/>Adres siedziby: ul. Juliana Smulikowskiego 4A\/21, Warszawa, Polska<br \/>KRS: 0001132270<br \/>NIP: 5214089690<br \/>REGON: 52992213500000 <\/p>\n<p><strong>Dane kontaktowe:<\/strong><br \/>Telefon: +48 453 099 877<br \/>E-mail: info@peryhome.com<br \/>Strona internetowa: www.peryhome.com<\/p>\n<p><strong>Osoba reprezentuj\u0105ca:<\/strong><br \/>Halil Ibrahim Ozcan<br \/>Stanowisko: W\u0142a\u015bciciel<\/p>\n<p><strong>Prawa autorskie i znaki towarowe:<\/strong><br \/>Wszelkie tre\u015bci (teksty, grafiki, logo, uk\u0142ad strony, projekty i inne materia\u0142y) zamieszczone na tej stronie s\u0105 chronione prawem autorskim i stanowi\u0105 w\u0142asno\u015b\u0107 MEKA BURGAZLI MOBILYA Sp. z o.o. lub jej licencjodawc\u00f3w. Kopiowanie, powielanie, modyfikowanie lub inne wykorzystanie bez pisemnej zgody jest zabronione i mo\u017ce skutkowa\u0107 konsekwencjami prawnymi. <\/p>\n<p><strong>Ograniczenie odpowiedzialno\u015bci:<\/strong><br \/>Dok\u0142adamy stara\u0144, aby informacje na stronie by\u0142y aktualne i poprawne, jednak nie ponosimy odpowiedzialno\u015bci za b\u0142\u0119dy, pomini\u0119cia czy nie\u015bcis\u0142o\u015bci. Linki do stron zewn\u0119trznych podawane s\u0105 wy\u0142\u0105cznie w celach informacyjnych. Nie kontrolujemy ich tre\u015bci ani polityki prywatno\u015bci i nie ponosimy za nie odpowiedzialno\u015bci.   <\/p>\n<p><strong>Polityka prywatno\u015bci (RODO):<\/strong><br \/>Ochrona danych osobowych jest dla nas priorytetem. Szczeg\u00f3\u0142owe informacje o sposobach gromadzenia, przetwarzania i ochrony danych osobowych znajduj\u0105 si\u0119 w naszej <a href=\"https:\/\/peryhome.com\/pl\/polityka-prywatnosci\/\">Polityce Prywatno\u015bci<\/a>. Przetwarzanie danych odbywa si\u0119 zgodnie z Rozporz\u0105dzeniem (UE) 2016\/679 (RODO).  <\/p>\n<p><strong>Prawo w\u0142a\u015bciwe i rozstrzyganie spor\u00f3w:<\/strong><br \/>Wszelkie spory wynikaj\u0105ce z korzystania z tej strony podlegaj\u0105 prawu polskiemu i b\u0119d\u0105 rozstrzygane przez w\u0142a\u015bciwe s\u0105dy polskie.<\/p>\n<\/div>\n\t\t\t\t\t\t<\/div>\n\t\t\t\t<\/div>\n\t\t\t\t\t<\/div>\n\t\t<\/div>\n\t\t\t\t\t<\/div>\n\t\t<\/section>\n\t\t\t\t<section class=\"elementor-section elementor-top-section elementor-element elementor-element-a00a8ee elementor-section-stretched elementor-section-boxed elementor-section-height-default elementor-section-height-default\" data-id=\"a00a8ee\" data-element_type=\"section\" data-settings=\"{&quot;stretch_section&quot;:&quot;section-stretched&quot;}\">\n\t\t\t\t\t\t<div class=\"elementor-container elementor-column-gap-no\">\n\t\t\t\t\t<div class=\"elementor-column elementor-col-100 elementor-top-column elementor-element elementor-element-10d235c animated-fast elementor-invisible\" data-id=\"10d235c\" data-element_type=\"column\" data-settings=\"{&quot;animation&quot;:&quot;opal-move-up&quot;}\">\n\t\t\t<div class=\"elementor-widget-wrap elementor-element-populated\">\n\t\t\t\t\t\t<div class=\"elementor-element elementor-element-9a1fe85 elementor-widget elementor-widget-heading\" data-id=\"9a1fe85\" data-element_type=\"widget\" data-widget_type=\"heading.default\">\n\t\t\t\t<div class=\"elementor-widget-container\">\n\t\t\t\t\t<h2 class=\"elementor-heading-title elementor-size-default\">Potrzebujesz wsparcia?<\/h2>\t\t\t\t<\/div>\n\t\t\t\t<\/div>\n\t\t\t\t<section class=\"elementor-section elementor-inner-section elementor-element elementor-element-561573b elementor-section-full_width animated-fast elementor-section-height-default elementor-section-height-default elementor-invisible\" data-id=\"561573b\" data-element_type=\"section\" data-settings=\"{&quot;animation&quot;:&quot;opal-move-up&quot;}\">\n\t\t\t\t\t\t<div class=\"elementor-container elementor-column-gap-no\">\n\t\t\t\t\t<div class=\"elementor-column elementor-col-33 elementor-inner-column elementor-element elementor-element-aaf14cc\" data-id=\"aaf14cc\" data-element_type=\"column\">\n\t\t\t<div class=\"elementor-widget-wrap elementor-element-populated\">\n\t\t\t\t\t\t<div class=\"elementor-element elementor-element-110979d elementor-view-default elementor-position-top elementor-mobile-position-top elementor-widget elementor-widget-icon-box\" data-id=\"110979d\" data-element_type=\"widget\" data-widget_type=\"icon-box.default\">\n\t\t\t\t<div class=\"elementor-widget-container\">\n\t\t\t\t\t\t\t<div class=\"elementor-icon-box-wrapper\">\n\n\t\t\t\t\t\t<div class=\"elementor-icon-box-icon\">\n\t\t\t\t<a href=\"https:\/\/wa.me\/48453099877\" class=\"elementor-icon\" tabindex=\"-1\" aria-label=\"Wsparcie na czacie\">\n\t\t\t\t<i aria-hidden=\"true\" class=\"opal-icon- opal-icon-chat-support\"><\/i>\t\t\t\t<\/a>\n\t\t\t<\/div>\n\t\t\t\n\t\t\t\t\t\t<div class=\"elementor-icon-box-content\">\n\n\t\t\t\t\t\t\t\t\t<h3 class=\"elementor-icon-box-title\">\n\t\t\t\t\t\t<a href=\"https:\/\/wa.me\/48453099877\" >\n\t\t\t\t\t\t\tWsparcie na czacie\t\t\t\t\t\t<\/a>\n\t\t\t\t\t<\/h3>\n\t\t\t\t\n\t\t\t\t\n\t\t\t<\/div>\n\t\t\t\n\t\t<\/div>\n\t\t\t\t\t\t<\/div>\n\t\t\t\t<\/div>\n\t\t\t\t\t<\/div>\n\t\t<\/div>\n\t\t\t\t<div class=\"elementor-column elementor-col-33 elementor-inner-column elementor-element elementor-element-0fc590b\" data-id=\"0fc590b\" data-element_type=\"column\">\n\t\t\t<div class=\"elementor-widget-wrap elementor-element-populated\">\n\t\t\t\t\t\t<div class=\"elementor-element elementor-element-c992a9d elementor-view-default elementor-position-top elementor-mobile-position-top elementor-widget elementor-widget-icon-box\" data-id=\"c992a9d\" data-element_type=\"widget\" data-widget_type=\"icon-box.default\">\n\t\t\t\t<div class=\"elementor-widget-container\">\n\t\t\t\t\t\t\t<div class=\"elementor-icon-box-wrapper\">\n\n\t\t\t\t\t\t<div class=\"elementor-icon-box-icon\">\n\t\t\t\t<a href=\"tel:+48-453-099-877\" class=\"elementor-icon\" tabindex=\"-1\" aria-label=\"Konsultant telefoniczny\">\n\t\t\t\t<i aria-hidden=\"true\" class=\"opal-icon- opal-icon-phone-support\"><\/i>\t\t\t\t<\/a>\n\t\t\t<\/div>\n\t\t\t\n\t\t\t\t\t\t<div class=\"elementor-icon-box-content\">\n\n\t\t\t\t\t\t\t\t\t<h3 class=\"elementor-icon-box-title\">\n\t\t\t\t\t\t<a href=\"tel:+48-453-099-877\" >\n\t\t\t\t\t\t\tKonsultant telefoniczny\t\t\t\t\t\t<\/a>\n\t\t\t\t\t<\/h3>\n\t\t\t\t\n\t\t\t\t\n\t\t\t<\/div>\n\t\t\t\n\t\t<\/div>\n\t\t\t\t\t\t<\/div>\n\t\t\t\t<\/div>\n\t\t\t\t\t<\/div>\n\t\t<\/div>\n\t\t\t\t<div class=\"elementor-column elementor-col-33 elementor-inner-column elementor-element elementor-element-e556f64\" data-id=\"e556f64\" data-element_type=\"column\">\n\t\t\t<div class=\"elementor-widget-wrap elementor-element-populated\">\n\t\t\t\t\t\t<div class=\"elementor-element elementor-element-8ca2794 elementor-view-default elementor-position-top elementor-mobile-position-top elementor-widget elementor-widget-icon-box\" data-id=\"8ca2794\" data-element_type=\"widget\" data-widget_type=\"icon-box.default\">\n\t\t\t\t<div class=\"elementor-widget-container\">\n\t\t\t\t\t\t\t<div class=\"elementor-icon-box-wrapper\">\n\n\t\t\t\t\t\t<div class=\"elementor-icon-box-icon\">\n\t\t\t\t<a href=\"https:\/\/peryhome.com\/pl\/kontakt\/\" class=\"elementor-icon\" tabindex=\"-1\" aria-label=\"Odwied\u017a nasze forum\">\n\t\t\t\t<i aria-hidden=\"true\" class=\"opal-icon- opal-icon-forum\"><\/i>\t\t\t\t<\/a>\n\t\t\t<\/div>\n\t\t\t\n\t\t\t\t\t\t<div class=\"elementor-icon-box-content\">\n\n\t\t\t\t\t\t\t\t\t<h3 class=\"elementor-icon-box-title\">\n\t\t\t\t\t\t<a href=\"https:\/\/peryhome.com\/pl\/kontakt\/\" >\n\t\t\t\t\t\t\tOdwied\u017a nasze forum\t\t\t\t\t\t<\/a>\n\t\t\t\t\t<\/h3>\n\t\t\t\t\n\t\t\t\t\n\t\t\t<\/div>\n\t\t\t\n\t\t<\/div>\n\t\t\t\t\t\t<\/div>\n\t\t\t\t<\/div>\n\t\t\t\t\t<\/div>\n\t\t<\/div>\n\t\t\t\t\t<\/div>\n\t\t<\/section>\n\t\t\t\t\t<\/div>\n\t\t<\/div>\n\t\t\t\t\t<\/div>\n\t\t<\/section>\n\t\t\t\t<\/div>\n\t\t","protected":false},"excerpt":{"rendered":"<p>Impressum Dane firmy:Nazwa: MEKA BURGAZLI MOBILYA Sp. z o.o. \/ PERYHOMEForma prawna: Sp\u00f3\u0142ka z ograniczon\u0105 odpowiedzialno\u015bci\u0105 (Sp. z o.o.)Adres siedziby: ul. Juliana Smulikowskiego 4A\/21, Warszawa, PolskaKRS: 0001132270NIP: 5214089690REGON: 52992213500000 Dane kontaktowe:Telefon: +48 453 099 877E-mail: info@peryhome.comStrona internetowa: www.peryhome.com Osoba reprezentuj\u0105ca:Halil Ibrahim OzcanStanowisko: W\u0142a\u015bciciel Prawa autorskie i znaki towarowe:Wszelkie tre\u015bci (teksty, grafiki, logo, uk\u0142ad strony, projekty &hellip; <\/p>\n<p class=\"link-more\"><a href=\"https:\/\/peryhome.com\/pl\/impressum\/\" class=\"more-link\">Read More <span class=\"screen-reader-text\"> &#8222;Impressum&#8221;<\/span><\/a><\/p>\n","protected":false},"author":2,"featured_media":0,"parent":0,"menu_order":0,"comment_status":"closed","ping_status":"closed","template":"","meta":{"_monsterinsights_skip_tracking":false,"_monsterinsights_sitenote_active":false,"_monsterinsights_sitenote_note":"","_monsterinsights_sitenote_category":0,"footnotes":""},"class_list":["post-9032","page","type-page","status-publish","hentry"],"yoast_head":"<!-- This site is optimized with the Yoast SEO plugin v24.1 - https:\/\/yoast.com\/wordpress\/plugins\/seo\/ -->\n<title>Impressum - PeryHome<\/title>\n<meta name=\"robots\" content=\"index, follow, max-snippet:-1, max-image-preview:large, max-video-preview:-1\" \/>\n<link rel=\"canonical\" href=\"https:\/\/peryhome.com\/pl\/impressum\/\" \/>\n<meta property=\"og:locale\" content=\"pl_PL\" \/>\n<meta property=\"og:type\" content=\"article\" \/>\n<meta property=\"og:title\" content=\"Impressum - PeryHome\" \/>\n<meta property=\"og:description\" content=\"Impressum Dane firmy:Nazwa: MEKA BURGAZLI MOBILYA Sp. z o.o. \/ PERYHOMEForma prawna: Sp\u00f3\u0142ka z ograniczon\u0105 odpowiedzialno\u015bci\u0105 (Sp. z o.o.)Adres siedziby: ul. Juliana Smulikowskiego 4A\/21, Warszawa, PolskaKRS: 0001132270NIP: 5214089690REGON: 52992213500000 Dane kontaktowe:Telefon: +48 453 099 877E-mail: info@peryhome.comStrona internetowa: www.peryhome.com Osoba reprezentuj\u0105ca:Halil Ibrahim OzcanStanowisko: W\u0142a\u015bciciel Prawa autorskie i znaki towarowe:Wszelkie tre\u015bci (teksty, grafiki, logo, uk\u0142ad strony, projekty &hellip; Read More &quot;Impressum&quot;\" \/>\n<meta property=\"og:url\" content=\"https:\/\/peryhome.com\/pl\/impressum\/\" \/>\n<meta property=\"og:site_name\" content=\"PeryHome\" \/>\n<meta property=\"article:publisher\" content=\"https:\/\/www.facebook.com\/profile.php?id=61566312622555\" \/>\n<meta property=\"article:modified_time\" content=\"2024-12-16T22:03:56+00:00\" \/>\n<meta name=\"twitter:card\" content=\"summary_large_image\" \/>\n<meta name=\"twitter:label1\" content=\"Szacowany czas czytania\" \/>\n\t<meta name=\"twitter:data1\" content=\"1 minuta\" \/>\n<script type=\"application\/ld+json\" class=\"yoast-schema-graph\">{\"@context\":\"https:\/\/schema.org\",\"@graph\":[{\"@type\":\"WebPage\",\"@id\":\"https:\/\/peryhome.com\/pl\/impressum\/\",\"url\":\"https:\/\/peryhome.com\/pl\/impressum\/\",\"name\":\"Impressum - PeryHome\",\"isPartOf\":{\"@id\":\"https:\/\/peryhome.com\/pl\/#website\"},\"datePublished\":\"2024-12-16T21:27:10+00:00\",\"dateModified\":\"2024-12-16T22:03:56+00:00\",\"breadcrumb\":{\"@id\":\"https:\/\/peryhome.com\/pl\/impressum\/#breadcrumb\"},\"inLanguage\":\"pl-PL\",\"potentialAction\":[{\"@type\":\"ReadAction\",\"target\":[\"https:\/\/peryhome.com\/pl\/impressum\/\"]}]},{\"@type\":\"BreadcrumbList\",\"@id\":\"https:\/\/peryhome.com\/pl\/impressum\/#breadcrumb\",\"itemListElement\":[{\"@type\":\"ListItem\",\"position\":1,\"name\":\"Anasayfa\",\"item\":\"https:\/\/peryhome.com\/pl\/strona-glowna\/\"},{\"@type\":\"ListItem\",\"position\":2,\"name\":\"Impressum\"}]},{\"@type\":\"WebSite\",\"@id\":\"https:\/\/peryhome.com\/pl\/#website\",\"url\":\"https:\/\/peryhome.com\/pl\/\",\"name\":\"PeryHome\",\"description\":\"Art of Furniture\",\"publisher\":{\"@id\":\"https:\/\/peryhome.com\/pl\/#organization\"},\"potentialAction\":[{\"@type\":\"SearchAction\",\"target\":{\"@type\":\"EntryPoint\",\"urlTemplate\":\"https:\/\/peryhome.com\/pl\/?s={search_term_string}\"},\"query-input\":{\"@type\":\"PropertyValueSpecification\",\"valueRequired\":true,\"valueName\":\"search_term_string\"}}],\"inLanguage\":\"pl-PL\"},{\"@type\":\"Organization\",\"@id\":\"https:\/\/peryhome.com\/pl\/#organization\",\"name\":\"PeryHome\",\"url\":\"https:\/\/peryhome.com\/pl\/\",\"logo\":{\"@type\":\"ImageObject\",\"inLanguage\":\"pl-PL\",\"@id\":\"https:\/\/peryhome.com\/pl\/#\/schema\/logo\/image\/\",\"url\":\"https:\/\/peryhome.com\/wp-content\/uploads\/2024\/12\/Logo_horizontal_HQ.webp\",\"contentUrl\":\"https:\/\/peryhome.com\/wp-content\/uploads\/2024\/12\/Logo_horizontal_HQ.webp\",\"width\":1000,\"height\":269,\"caption\":\"PeryHome\"},\"image\":{\"@id\":\"https:\/\/peryhome.com\/pl\/#\/schema\/logo\/image\/\"},\"sameAs\":[\"https:\/\/www.facebook.com\/profile.php?id=61566312622555\",\"https:\/\/www.instagram.com\/peryhome.eu\/\"]}]}<\/script>\n<!-- \/ Yoast SEO plugin. -->","yoast_head_json":{"title":"Impressum - PeryHome","robots":{"index":"index","follow":"follow","max-snippet":"max-snippet:-1","max-image-preview":"max-image-preview:large","max-video-preview":"max-video-preview:-1"},"canonical":"https:\/\/peryhome.com\/pl\/impressum\/","og_locale":"pl_PL","og_type":"article","og_title":"Impressum - PeryHome","og_description":"Impressum Dane firmy:Nazwa: MEKA BURGAZLI MOBILYA Sp. z o.o. \/ PERYHOMEForma prawna: Sp\u00f3\u0142ka z ograniczon\u0105 odpowiedzialno\u015bci\u0105 (Sp. z o.o.)Adres siedziby: ul. Juliana Smulikowskiego 4A\/21, Warszawa, PolskaKRS: 0001132270NIP: 5214089690REGON: 52992213500000 Dane kontaktowe:Telefon: +48 453 099 877E-mail: info@peryhome.comStrona internetowa: www.peryhome.com Osoba reprezentuj\u0105ca:Halil Ibrahim OzcanStanowisko: W\u0142a\u015bciciel Prawa autorskie i znaki towarowe:Wszelkie tre\u015bci (teksty, grafiki, logo, uk\u0142ad strony, projekty &hellip; Read More \"Impressum\"","og_url":"https:\/\/peryhome.com\/pl\/impressum\/","og_site_name":"PeryHome","article_publisher":"https:\/\/www.facebook.com\/profile.php?id=61566312622555","article_modified_time":"2024-12-16T22:03:56+00:00","twitter_card":"summary_large_image","twitter_misc":{"Szacowany czas czytania":"1 minuta"},"schema":{"@context":"https:\/\/schema.org","@graph":[{"@type":"WebPage","@id":"https:\/\/peryhome.com\/pl\/impressum\/","url":"https:\/\/peryhome.com\/pl\/impressum\/","name":"Impressum - PeryHome","isPartOf":{"@id":"https:\/\/peryhome.com\/pl\/#website"},"datePublished":"2024-12-16T21:27:10+00:00","dateModified":"2024-12-16T22:03:56+00:00","breadcrumb":{"@id":"https:\/\/peryhome.com\/pl\/impressum\/#breadcrumb"},"inLanguage":"pl-PL","potentialAction":[{"@type":"ReadAction","target":["https:\/\/peryhome.com\/pl\/impressum\/"]}]},{"@type":"BreadcrumbList","@id":"https:\/\/peryhome.com\/pl\/impressum\/#breadcrumb","itemListElement":[{"@type":"ListItem","position":1,"name":"Anasayfa","item":"https:\/\/peryhome.com\/pl\/strona-glowna\/"},{"@type":"ListItem","position":2,"name":"Impressum"}]},{"@type":"WebSite","@id":"https:\/\/peryhome.com\/pl\/#website","url":"https:\/\/peryhome.com\/pl\/","name":"PeryHome","description":"Art of Furniture","publisher":{"@id":"https:\/\/peryhome.com\/pl\/#organization"},"potentialAction":[{"@type":"SearchAction","target":{"@type":"EntryPoint","urlTemplate":"https:\/\/peryhome.com\/pl\/?s={search_term_string}"},"query-input":{"@type":"PropertyValueSpecification","valueRequired":true,"valueName":"search_term_string"}}],"inLanguage":"pl-PL"},{"@type":"Organization","@id":"https:\/\/peryhome.com\/pl\/#organization","name":"PeryHome","url":"https:\/\/peryhome.com\/pl\/","logo":{"@type":"ImageObject","inLanguage":"pl-PL","@id":"https:\/\/peryhome.com\/pl\/#\/schema\/logo\/image\/","url":"https:\/\/peryhome.com\/wp-content\/uploads\/2024\/12\/Logo_horizontal_HQ.webp","contentUrl":"https:\/\/peryhome.com\/wp-content\/uploads\/2024\/12\/Logo_horizontal_HQ.webp","width":1000,"height":269,"caption":"PeryHome"},"image":{"@id":"https:\/\/peryhome.com\/pl\/#\/schema\/logo\/image\/"},"sameAs":["https:\/\/www.facebook.com\/profile.php?id=61566312622555","https:\/\/www.instagram.com\/peryhome.eu\/"]}]}},"jetpack_sharing_enabled":true,"_links":{"self":[{"href":"https:\/\/peryhome.com\/pl\/wp-json\/wp\/v2\/pages\/9032"}],"collection":[{"href":"https:\/\/peryhome.com\/pl\/wp-json\/wp\/v2\/pages"}],"about":[{"href":"https:\/\/peryhome.com\/pl\/wp-json\/wp\/v2\/types\/page"}],"author":[{"embeddable":true,"href":"https:\/\/peryhome.com\/pl\/wp-json\/wp\/v2\/users\/2"}],"replies":[{"embeddable":true,"href":"https:\/\/peryhome.com\/pl\/wp-json\/wp\/v2\/comments?post=9032"}],"version-history":[{"count":1,"href":"https:\/\/peryhome.com\/pl\/wp-json\/wp\/v2\/pages\/9032\/revisions"}],"predecessor-version":[{"id":9033,"href":"https:\/\/peryhome.com\/pl\/wp-json\/wp\/v2\/pages\/9032\/revisions\/9033"}],"wp:attachment":[{"href":"https:\/\/peryhome.com\/pl\/wp-json\/wp\/v2\/media?parent=9032"}],"curies":[{"name":"wp","href":"https:\/\/api.w.org\/{rel}","templated":true}]}}