{"id":7097,"date":"2024-11-01T09:38:17","date_gmt":"2024-11-01T09:38:17","guid":{"rendered":"https:\/\/peryhome.com\/product\/zestaw-sof-honey-3-osobowa-1-osobowa-elegancki-design-najwyzszy-komfort-konfigurowalne-opcje\/"},"modified":"2024-12-09T13:53:12","modified_gmt":"2024-12-09T13:53:12","slug":"zestaw-sof-honey-3-osobowa-1-osobowa-elegancki-design-najwyzszy-komfort-konfigurowalne-opcje","status":"publish","type":"product","link":"https:\/\/peryhome.com\/pl\/product\/zestaw-sof-honey-3-osobowa-1-osobowa-elegancki-design-najwyzszy-komfort-konfigurowalne-opcje\/","title":{"rendered":"Zestaw sof Honey &#8211; 3-osobowa + 1-osobowa, elegancki design, najwy\u017cszy komfort, konfigurowalne opcje"},"content":{"rendered":"<h3><strong>Zestaw sof Honey &#8211; elegancki design i komfort, kt\u00f3ry mo\u017cna dostosowa\u0107 do w\u0142asnych potrzeb<\/strong><\/h3>\n<p><strong>Zestaw sof Honey<\/strong> marki <a href=\"https:\/\/www.instagram.com\/peryhome.eu\/\"><strong>PeryHome<\/strong> <\/a>\u0142\u0105czy w sobie <strong>elegancki design<\/strong> i <strong>konfigurowalny komfort<\/strong> dla nowoczesnych przestrzeni mieszkalnych. Ten zestaw<strong>sof<\/strong> <strong>Honey <\/strong> wnosi luksus do ka\u017cdego pomieszczenia. Idealny zar\u00f3wno do du\u017cych, jak i ma\u0142ych przestrzeni, \u0142atwo si\u0119 dostosowuje. Niezale\u017cnie od tego, czy tw\u00f3j styl jest nowoczesny, czy klasyczny, zestaw <strong>Honey <\/strong><strong>Sofa<\/strong> Set dodaje wyrafinowania i funkcjonalno\u015bci. Wzbogaca wystr\u00f3j o ponadczasowe pi\u0119kno.    <\/p>\n<hr>\n<h3><strong>Najwy\u017cszej jako\u015bci tkaniny i konfigurowalne wyko\u0144czenia zestawu sof Sude<\/strong><\/h3>\n<p>Kluczow\u0105 cech\u0105 zestawu<strong>wypoczynkowego<\/strong> <strong>Honey <\/strong> s\u0105 wysokiej jako\u015bci tkaniny i opcje wyko\u0144czenia. Do wyboru s\u0105 wysokiej jako\u015bci materia\u0142y, takie jak <strong>len<\/strong>, <strong>aksamit<\/strong> i <strong>sztuczna sk\u00f3ra<\/strong>. Ka\u017cda z tkanin nadaje<strong>sofie<\/strong> <strong>Honey <\/strong> unikaln\u0105 tekstur\u0119. Szeroka gama kolor\u00f3w pozwala idealnie dopasowa\u0107 zestaw do wystroju wn\u0119trza. Dzi\u0119ki tym opcjom mo\u017cesz spersonalizowa\u0107 zestaw <strong>Honey <\/strong><strong>Sofa<\/strong> Set, aby odzwierciedla\u0142 Tw\u00f3j styl. To wspania\u0142y dodatek do ka\u017cdego domu.     <\/p>\n<hr>\n<h3><strong>Komfort i funkcjonalno\u015b\u0107 w ka\u017cdym detalu<\/strong><\/h3>\n<p><strong>Sofa<\/strong> <strong>Honey <\/strong> zosta\u0142a zaprojektowana z my\u015bl\u0105 o wygodzie i trwa\u0142o\u015bci. Pluszowe poduszki zapewniaj\u0105 solidne podparcie, dzi\u0119ki czemu d\u0142ugie okresy siedzenia s\u0105 relaksuj\u0105ce. Ergonomiczna konstrukcja zach\u0119ca do prawid\u0142owej postawy, idealnej do codziennego u\u017cytku. Wykonany z trwa\u0142ych materia\u0142\u00f3w zestaw <strong>Honey <\/strong><strong>Sofa<\/strong> Set pozostaje pi\u0119kny i wygodny przez d\u0142ugi czas. Konfigurowalne funkcje pozwalaj\u0105 dostosowa\u0107 zestaw do w\u0142asnych potrzeb, zapewniaj\u0105c idealne uzupe\u0142nienie przestrzeni.    <\/p>\n<hr>\n<h3><strong>Elastyczne konfiguracje dla Twojej przestrzeni<\/strong><\/h3>\n<p>Zestaw<strong>sof<\/strong> <strong>Honey <\/strong> jest dost\u0119pny w elastycznej konfiguracji <strong>3-osobowej + 1-osobowej<\/strong>. Ta konfiguracja dostosowuje si\u0119 do r\u00f3\u017cnych uk\u0142ad\u00f3w pomieszcze\u0144, tworz\u0105c idealn\u0105 aran\u017cacj\u0119 dla ka\u017cdego obszaru. W przypadku mniejszych przestrzeni, umie\u015b\u0107 <strong>1-osobow\u0105<\/strong> sof\u0119 osobno, aby zaoszcz\u0119dzi\u0107 miejsce. W wi\u0119kszych pomieszczeniach zestaw pasuje do siebie p\u0142ynnie, dodaj\u0105c stylu i komfortu.<strong>Sofa<\/strong> <strong>Honey <\/strong> \u0142\u0105czy w sobie wszechstronno\u015b\u0107, elegancj\u0119 i mo\u017cliwo\u015b\u0107 adaptacji.    <\/p>\n<hr>\n<h3><strong>Wnioski: Elegancki komfort dla nowoczesnego stylu \u017cycia z zestawem sof Honey<\/strong><\/h3>\n<p>Podsumowuj\u0105c  <strong>Sofa<\/strong> <strong>Honey <\/strong> marki <strong>PeryHome<\/strong> zapewnia zar\u00f3wno <strong>elegancki design<\/strong>, jak i <strong>komfort, kt\u00f3ry mo\u017cna dostosowa\u0107 do w\u0142asnych potrzeb<\/strong>. Wszechstronny uk\u0142ad, wysokiej jako\u015bci materia\u0142y i luksusowy wygl\u0105d sprawiaj\u0105, \u017ce jest to idealny wyb\u00f3r. Przekszta\u0142\u0107 swoj\u0105 przestrze\u0144 dzi\u0119ki zestawowi<strong>sof<\/strong> <strong>Honey <\/strong> i ciesz si\u0119 ponadczasowym komfortem i stylem.<\/p>\n","protected":false},"excerpt":{"rendered":"<p><strong>&#8222;Sofa Honey \u0142\u0105czy w sobie elegancki design i konfigurowalny komfort w konfiguracji 3+1, idealnej do nowoczesnych wn\u0119trz.&#8221;<\/strong><\/p>\n","protected":false},"featured_media":6728,"template":"","meta":{"_monsterinsights_skip_tracking":false,"_monsterinsights_sitenote_active":false,"_monsterinsights_sitenote_note":"","_monsterinsights_sitenote_category":0},"product_cat":[196,197],"product_tag":[198,200,192,201,178,199],"class_list":{"0":"post-7097","1":"product","2":"type-product","3":"status-publish","4":"has-post-thumbnail","6":"product_cat-zestawy-sof","7":"product_cat-zestawy-sof-31","8":"product_tag-elegancka-sofa","9":"product_tag-nowoczesna-sofa-do-salonu","10":"product_tag-sofa-honey","11":"product_tag-sofa-peryhome","12":"product_tag-sofa-z-mozliwoscia-dostosowania","13":"product_tag-zestaw-sof-31","15":"first","16":"onbackorder","17":"sale","18":"shipping-taxable","19":"purchasable","20":"product-type-simple"},"yoast_head":"<!-- This site is optimized with the Yoast SEO plugin v24.1 - https:\/\/yoast.com\/wordpress\/plugins\/seo\/ -->\n<title>Zestaw sof Honey - elegancki styl, wygoda i konfigurowalne opcje<\/title>\n<meta name=\"description\" content=\"&quot;Odkryj zestaw sof Honey - elegancki design i najwy\u017cszy komfort w konfigurowalnej konfiguracji 3+1 dla Twojego nowoczesnego domu&quot;.\" \/>\n<meta name=\"robots\" content=\"index, follow, max-snippet:-1, max-image-preview:large, max-video-preview:-1\" \/>\n<link rel=\"canonical\" href=\"https:\/\/peryhome.com\/pl\/product\/zestaw-sof-honey-3-osobowa-1-osobowa-elegancki-design-najwyzszy-komfort-konfigurowalne-opcje\/\" \/>\n<meta property=\"og:locale\" content=\"pl_PL\" \/>\n<meta property=\"og:type\" content=\"article\" \/>\n<meta property=\"og:title\" content=\"Zestaw sof Honey - elegancki styl, wygoda i konfigurowalne opcje\" \/>\n<meta property=\"og:description\" content=\"&quot;Odkryj zestaw sof Honey - elegancki design i najwy\u017cszy komfort w konfigurowalnej konfiguracji 3+1 dla Twojego nowoczesnego domu&quot;.\" \/>\n<meta property=\"og:url\" content=\"https:\/\/peryhome.com\/pl\/product\/zestaw-sof-honey-3-osobowa-1-osobowa-elegancki-design-najwyzszy-komfort-konfigurowalne-opcje\/\" \/>\n<meta property=\"og:site_name\" content=\"PeryHome\" \/>\n<meta property=\"article:publisher\" content=\"https:\/\/www.facebook.com\/profile.php?id=61566312622555\" \/>\n<meta property=\"article:modified_time\" content=\"2024-12-09T13:53:12+00:00\" \/>\n<meta property=\"og:image\" content=\"https:\/\/peryhome.com\/wp-content\/uploads\/2024\/11\/Untitled-design-14.webp\" \/>\n\t<meta property=\"og:image:width\" content=\"1920\" \/>\n\t<meta property=\"og:image:height\" content=\"1080\" \/>\n\t<meta property=\"og:image:type\" content=\"image\/webp\" \/>\n<meta name=\"twitter:card\" content=\"summary_large_image\" \/>\n<meta name=\"twitter:label1\" content=\"Szacowany czas czytania\" \/>\n\t<meta name=\"twitter:data1\" content=\"2 minuty\" \/>\n<script type=\"application\/ld+json\" class=\"yoast-schema-graph\">{\"@context\":\"https:\/\/schema.org\",\"@graph\":[{\"@type\":\"WebPage\",\"@id\":\"https:\/\/peryhome.com\/pl\/product\/zestaw-sof-honey-3-osobowa-1-osobowa-elegancki-design-najwyzszy-komfort-konfigurowalne-opcje\/\",\"url\":\"https:\/\/peryhome.com\/pl\/product\/zestaw-sof-honey-3-osobowa-1-osobowa-elegancki-design-najwyzszy-komfort-konfigurowalne-opcje\/\",\"name\":\"Zestaw sof Honey - elegancki styl, wygoda i konfigurowalne opcje\",\"isPartOf\":{\"@id\":\"https:\/\/peryhome.com\/pl\/#website\"},\"primaryImageOfPage\":{\"@id\":\"https:\/\/peryhome.com\/pl\/product\/zestaw-sof-honey-3-osobowa-1-osobowa-elegancki-design-najwyzszy-komfort-konfigurowalne-opcje\/#primaryimage\"},\"image\":{\"@id\":\"https:\/\/peryhome.com\/pl\/product\/zestaw-sof-honey-3-osobowa-1-osobowa-elegancki-design-najwyzszy-komfort-konfigurowalne-opcje\/#primaryimage\"},\"thumbnailUrl\":\"https:\/\/peryhome.com\/wp-content\/uploads\/2024\/11\/Untitled-design-14.webp\",\"datePublished\":\"2024-11-01T09:38:17+00:00\",\"dateModified\":\"2024-12-09T13:53:12+00:00\",\"description\":\"\\\"Odkryj zestaw sof Honey - elegancki design i najwy\u017cszy komfort w konfigurowalnej konfiguracji 3+1 dla Twojego nowoczesnego domu\\\".\",\"breadcrumb\":{\"@id\":\"https:\/\/peryhome.com\/pl\/product\/zestaw-sof-honey-3-osobowa-1-osobowa-elegancki-design-najwyzszy-komfort-konfigurowalne-opcje\/#breadcrumb\"},\"inLanguage\":\"pl-PL\",\"potentialAction\":[{\"@type\":\"ReadAction\",\"target\":[\"https:\/\/peryhome.com\/pl\/product\/zestaw-sof-honey-3-osobowa-1-osobowa-elegancki-design-najwyzszy-komfort-konfigurowalne-opcje\/\"]}]},{\"@type\":\"ImageObject\",\"inLanguage\":\"pl-PL\",\"@id\":\"https:\/\/peryhome.com\/pl\/product\/zestaw-sof-honey-3-osobowa-1-osobowa-elegancki-design-najwyzszy-komfort-konfigurowalne-opcje\/#primaryimage\",\"url\":\"https:\/\/peryhome.com\/wp-content\/uploads\/2024\/11\/Untitled-design-14.webp\",\"contentUrl\":\"https:\/\/peryhome.com\/wp-content\/uploads\/2024\/11\/Untitled-design-14.webp\",\"width\":1920,\"height\":1080,\"caption\":\"Honey Sofa Set \u2013 Elegant Style, Comfort & Customizable Options\"},{\"@type\":\"BreadcrumbList\",\"@id\":\"https:\/\/peryhome.com\/pl\/product\/zestaw-sof-honey-3-osobowa-1-osobowa-elegancki-design-najwyzszy-komfort-konfigurowalne-opcje\/#breadcrumb\",\"itemListElement\":[{\"@type\":\"ListItem\",\"position\":1,\"name\":\"Anasayfa\",\"item\":\"https:\/\/peryhome.com\/pl\/strona-glowna\/\"},{\"@type\":\"ListItem\",\"position\":2,\"name\":\"Shop\",\"item\":\"https:\/\/peryhome.com\/shop\/\"},{\"@type\":\"ListItem\",\"position\":3,\"name\":\"Zestaw sof Honey &#8211; 3-osobowa + 1-osobowa, elegancki design, najwy\u017cszy komfort, konfigurowalne opcje\"}]},{\"@type\":\"WebSite\",\"@id\":\"https:\/\/peryhome.com\/pl\/#website\",\"url\":\"https:\/\/peryhome.com\/pl\/\",\"name\":\"PeryHome\",\"description\":\"Art of Furniture\",\"publisher\":{\"@id\":\"https:\/\/peryhome.com\/pl\/#organization\"},\"potentialAction\":[{\"@type\":\"SearchAction\",\"target\":{\"@type\":\"EntryPoint\",\"urlTemplate\":\"https:\/\/peryhome.com\/pl\/?s={search_term_string}\"},\"query-input\":{\"@type\":\"PropertyValueSpecification\",\"valueRequired\":true,\"valueName\":\"search_term_string\"}}],\"inLanguage\":\"pl-PL\"},{\"@type\":\"Organization\",\"@id\":\"https:\/\/peryhome.com\/pl\/#organization\",\"name\":\"PeryHome\",\"url\":\"https:\/\/peryhome.com\/pl\/\",\"logo\":{\"@type\":\"ImageObject\",\"inLanguage\":\"pl-PL\",\"@id\":\"https:\/\/peryhome.com\/pl\/#\/schema\/logo\/image\/\",\"url\":\"https:\/\/peryhome.com\/wp-content\/uploads\/2024\/12\/Logo_horizontal_HQ.webp\",\"contentUrl\":\"https:\/\/peryhome.com\/wp-content\/uploads\/2024\/12\/Logo_horizontal_HQ.webp\",\"width\":1000,\"height\":269,\"caption\":\"PeryHome\"},\"image\":{\"@id\":\"https:\/\/peryhome.com\/pl\/#\/schema\/logo\/image\/\"},\"sameAs\":[\"https:\/\/www.facebook.com\/profile.php?id=61566312622555\",\"https:\/\/www.instagram.com\/peryhome.eu\/\"]}]}<\/script>\n<!-- \/ Yoast SEO plugin. -->","yoast_head_json":{"title":"Zestaw sof Honey - elegancki styl, wygoda i konfigurowalne opcje","description":"\"Odkryj zestaw sof Honey - elegancki design i najwy\u017cszy komfort w konfigurowalnej konfiguracji 3+1 dla Twojego nowoczesnego domu\".","robots":{"index":"index","follow":"follow","max-snippet":"max-snippet:-1","max-image-preview":"max-image-preview:large","max-video-preview":"max-video-preview:-1"},"canonical":"https:\/\/peryhome.com\/pl\/product\/zestaw-sof-honey-3-osobowa-1-osobowa-elegancki-design-najwyzszy-komfort-konfigurowalne-opcje\/","og_locale":"pl_PL","og_type":"article","og_title":"Zestaw sof Honey - elegancki styl, wygoda i konfigurowalne opcje","og_description":"\"Odkryj zestaw sof Honey - elegancki design i najwy\u017cszy komfort w konfigurowalnej konfiguracji 3+1 dla Twojego nowoczesnego domu\".","og_url":"https:\/\/peryhome.com\/pl\/product\/zestaw-sof-honey-3-osobowa-1-osobowa-elegancki-design-najwyzszy-komfort-konfigurowalne-opcje\/","og_site_name":"PeryHome","article_publisher":"https:\/\/www.facebook.com\/profile.php?id=61566312622555","article_modified_time":"2024-12-09T13:53:12+00:00","og_image":[{"width":1920,"height":1080,"url":"https:\/\/peryhome.com\/wp-content\/uploads\/2024\/11\/Untitled-design-14.webp","type":"image\/webp"}],"twitter_card":"summary_large_image","twitter_misc":{"Szacowany czas czytania":"2 minuty"},"schema":{"@context":"https:\/\/schema.org","@graph":[{"@type":"WebPage","@id":"https:\/\/peryhome.com\/pl\/product\/zestaw-sof-honey-3-osobowa-1-osobowa-elegancki-design-najwyzszy-komfort-konfigurowalne-opcje\/","url":"https:\/\/peryhome.com\/pl\/product\/zestaw-sof-honey-3-osobowa-1-osobowa-elegancki-design-najwyzszy-komfort-konfigurowalne-opcje\/","name":"Zestaw sof Honey - elegancki styl, wygoda i konfigurowalne opcje","isPartOf":{"@id":"https:\/\/peryhome.com\/pl\/#website"},"primaryImageOfPage":{"@id":"https:\/\/peryhome.com\/pl\/product\/zestaw-sof-honey-3-osobowa-1-osobowa-elegancki-design-najwyzszy-komfort-konfigurowalne-opcje\/#primaryimage"},"image":{"@id":"https:\/\/peryhome.com\/pl\/product\/zestaw-sof-honey-3-osobowa-1-osobowa-elegancki-design-najwyzszy-komfort-konfigurowalne-opcje\/#primaryimage"},"thumbnailUrl":"https:\/\/peryhome.com\/wp-content\/uploads\/2024\/11\/Untitled-design-14.webp","datePublished":"2024-11-01T09:38:17+00:00","dateModified":"2024-12-09T13:53:12+00:00","description":"\"Odkryj zestaw sof Honey - elegancki design i najwy\u017cszy komfort w konfigurowalnej konfiguracji 3+1 dla Twojego nowoczesnego domu\".","breadcrumb":{"@id":"https:\/\/peryhome.com\/pl\/product\/zestaw-sof-honey-3-osobowa-1-osobowa-elegancki-design-najwyzszy-komfort-konfigurowalne-opcje\/#breadcrumb"},"inLanguage":"pl-PL","potentialAction":[{"@type":"ReadAction","target":["https:\/\/peryhome.com\/pl\/product\/zestaw-sof-honey-3-osobowa-1-osobowa-elegancki-design-najwyzszy-komfort-konfigurowalne-opcje\/"]}]},{"@type":"ImageObject","inLanguage":"pl-PL","@id":"https:\/\/peryhome.com\/pl\/product\/zestaw-sof-honey-3-osobowa-1-osobowa-elegancki-design-najwyzszy-komfort-konfigurowalne-opcje\/#primaryimage","url":"https:\/\/peryhome.com\/wp-content\/uploads\/2024\/11\/Untitled-design-14.webp","contentUrl":"https:\/\/peryhome.com\/wp-content\/uploads\/2024\/11\/Untitled-design-14.webp","width":1920,"height":1080,"caption":"Honey Sofa Set \u2013 Elegant Style, Comfort & Customizable Options"},{"@type":"BreadcrumbList","@id":"https:\/\/peryhome.com\/pl\/product\/zestaw-sof-honey-3-osobowa-1-osobowa-elegancki-design-najwyzszy-komfort-konfigurowalne-opcje\/#breadcrumb","itemListElement":[{"@type":"ListItem","position":1,"name":"Anasayfa","item":"https:\/\/peryhome.com\/pl\/strona-glowna\/"},{"@type":"ListItem","position":2,"name":"Shop","item":"https:\/\/peryhome.com\/shop\/"},{"@type":"ListItem","position":3,"name":"Zestaw sof Honey &#8211; 3-osobowa + 1-osobowa, elegancki design, najwy\u017cszy komfort, konfigurowalne opcje"}]},{"@type":"WebSite","@id":"https:\/\/peryhome.com\/pl\/#website","url":"https:\/\/peryhome.com\/pl\/","name":"PeryHome","description":"Art of Furniture","publisher":{"@id":"https:\/\/peryhome.com\/pl\/#organization"},"potentialAction":[{"@type":"SearchAction","target":{"@type":"EntryPoint","urlTemplate":"https:\/\/peryhome.com\/pl\/?s={search_term_string}"},"query-input":{"@type":"PropertyValueSpecification","valueRequired":true,"valueName":"search_term_string"}}],"inLanguage":"pl-PL"},{"@type":"Organization","@id":"https:\/\/peryhome.com\/pl\/#organization","name":"PeryHome","url":"https:\/\/peryhome.com\/pl\/","logo":{"@type":"ImageObject","inLanguage":"pl-PL","@id":"https:\/\/peryhome.com\/pl\/#\/schema\/logo\/image\/","url":"https:\/\/peryhome.com\/wp-content\/uploads\/2024\/12\/Logo_horizontal_HQ.webp","contentUrl":"https:\/\/peryhome.com\/wp-content\/uploads\/2024\/12\/Logo_horizontal_HQ.webp","width":1000,"height":269,"caption":"PeryHome"},"image":{"@id":"https:\/\/peryhome.com\/pl\/#\/schema\/logo\/image\/"},"sameAs":["https:\/\/www.facebook.com\/profile.php?id=61566312622555","https:\/\/www.instagram.com\/peryhome.eu\/"]}]}},"jetpack_sharing_enabled":true,"_links":{"self":[{"href":"https:\/\/peryhome.com\/pl\/wp-json\/wp\/v2\/product\/7097"}],"collection":[{"href":"https:\/\/peryhome.com\/pl\/wp-json\/wp\/v2\/product"}],"about":[{"href":"https:\/\/peryhome.com\/pl\/wp-json\/wp\/v2\/types\/product"}],"version-history":[{"count":1,"href":"https:\/\/peryhome.com\/pl\/wp-json\/wp\/v2\/product\/7097\/revisions"}],"predecessor-version":[{"id":8395,"href":"https:\/\/peryhome.com\/pl\/wp-json\/wp\/v2\/product\/7097\/revisions\/8395"}],"wp:featuredmedia":[{"embeddable":true,"href":"https:\/\/peryhome.com\/pl\/wp-json\/wp\/v2\/media\/6728"}],"wp:attachment":[{"href":"https:\/\/peryhome.com\/pl\/wp-json\/wp\/v2\/media?parent=7097"}],"wp:term":[{"taxonomy":"product_cat","embeddable":true,"href":"https:\/\/peryhome.com\/pl\/wp-json\/wp\/v2\/product_cat?post=7097"},{"taxonomy":"product_tag","embeddable":true,"href":"https:\/\/peryhome.com\/pl\/wp-json\/wp\/v2\/product_tag?post=7097"}],"curies":[{"name":"wp","href":"https:\/\/api.w.org\/{rel}","templated":true}]}}