{"id":7112,"date":"2024-10-30T18:53:51","date_gmt":"2024-10-30T18:53:51","guid":{"rendered":"https:\/\/peryhome.com\/product\/sofa-infinity-3-osobowa-nowoczesny-design-luksusowy-komfort-niestandardowe-opcje-tkanin\/"},"modified":"2024-12-09T14:03:12","modified_gmt":"2024-12-09T14:03:12","slug":"sofa-infinity-3-osobowa-nowoczesny-design-luksusowy-komfort-niestandardowe-opcje-tkanin","status":"publish","type":"product","link":"https:\/\/peryhome.com\/pl\/product\/sofa-infinity-3-osobowa-nowoczesny-design-luksusowy-komfort-niestandardowe-opcje-tkanin\/","title":{"rendered":"Sofa Infinity &#8211; 3-osobowa, nowoczesny design, luksusowy komfort, niestandardowe opcje tkanin"},"content":{"rendered":"<div class=\"flex-shrink-0 flex flex-col relative items-end\">\n<div class=\"pt-0\">\n<div class=\"gizmo-bot-avatar flex h-8 w-8 items-center justify-center overflow-hidden rounded-full\">\n<div class=\"relative p-1 rounded-sm flex items-center justify-center bg-token-main-surface-primary text-token-text-primary h-8 w-8\">\n<h3><strong>Sofa Infinity &#8211; nowoczesny luksusowy komfort od PeryHome<\/strong><\/h3>\n<p><strong>Sofa Infinity<\/strong> marki <a href=\"https:\/\/www.instagram.com\/peryhome.eu\/\"><strong>PeryHome<\/strong><\/a> \u0142\u0105czy w sobie <strong>nowoczesny luksus<\/strong> i wyj\u0105tkowy komfort. To idealny wyb\u00f3r do ka\u017cdego salonu. Ta <strong>3-osobowa sofa<\/strong> doskonale pasuje zar\u00f3wno do wsp\u00f3\u0142czesnych, jak i klasycznych wn\u0119trz. Dzi\u0119ki mo\u017cliwo\u015bci dostosowania tkaniny i koloru,<strong>sofa<\/strong> <strong>Infinity <\/strong> dostosowuje si\u0119 do ka\u017cdego stylu wystroju, dzi\u0119ki czemu jest wszechstronnym i stylowym dodatkiem do domu.   <\/p>\n<hr>\n<h3><strong>Konfigurowalne tkaniny i wyko\u0144czenia dla osobistego charakteru<\/strong><\/h3>\n<p>Kluczow\u0105 cech\u0105<strong>sofy<\/strong> <strong>Infinity <\/strong> s\u0105 opcje personalizacji. Mo\u017cesz wybiera\u0107 spo\u015br\u00f3d wielu luksusowych tkanin, w tym <strong>lnu<\/strong>, <strong>aksamitu<\/strong> i <strong>sztucznej sk\u00f3ry<\/strong>. Ka\u017cda z tkanin zapewnia unikaln\u0105 tekstur\u0119, poprawiaj\u0105c og\u00f3lny wygl\u0105d sofy. Mo\u017cesz tak\u017ce wybra\u0107 kolor i wyko\u0144czenie n\u00f3g, aby dopasowa\u0107 je do swojego gustu. Ten poziom personalizacji pozwala zaprojektowa\u0107<strong>sof\u0119<\/strong> <strong>Infinity <\/strong> w spos\u00f3b, kt\u00f3ry idealnie pasuje do wn\u0119trza domu.    <\/p>\n<hr>\n<h3><strong>Niezr\u00f3wnany komfort i d\u0142ugotrwa\u0142a funkcjonalno\u015b\u0107<\/strong><\/h3>\n<p><strong>Sofa<\/strong> <strong>Infinity <\/strong> to nie tylko styl, ale tak\u017ce wygoda. Jej pluszowe poduszki oferuj\u0105 doskona\u0142e podparcie, zapewniaj\u0105c relaks. Ergonomiczna konstrukcja zach\u0119ca do prawid\u0142owej postawy, kt\u00f3ra jest idealna do d\u0142u\u017cszego siedzenia. Wykonana z wysokiej jako\u015bci materia\u0142\u00f3w<strong>sofa<\/strong> <strong>Infinity <\/strong> zapewnia zar\u00f3wno trwa\u0142o\u015b\u0107, jak i wygod\u0119. Ta sofa zosta\u0142a zbudowana z my\u015bl\u0105 o trwa\u0142o\u015bci, oferuj\u0105c luksus, kt\u00f3ry pozostanie z tob\u0105 przez lata.    <\/p>\n<hr>\n<h3><strong>Idealne dopasowanie do ka\u017cdej przestrzeni<\/strong><\/h3>\n<p><strong>Sofa<\/strong> <strong>Infinity <\/strong> jest elastyczna i \u0142atwo dopasowuje si\u0119 do r\u00f3\u017cnych uk\u0142ad\u00f3w pomieszcze\u0144. Jej elegancki design sprawia, \u017ce nadaje si\u0119 zar\u00f3wno do du\u017cych, jak i ma\u0142ych przestrzeni. Mo\u017cesz umie\u015bci\u0107 j\u0105 w przytulnym k\u0105cie lub jako centralny punkt w przestronnym pokoju. Dzi\u0119ki konfigurowalnym funkcjom, sofa <strong>Infinity<\/strong>   <strong> <\/strong><strong>Sofa<\/strong> pasuje do ka\u017cdej kolorystyki. Dzi\u0119ki temu jest to uniwersalny mebel, kt\u00f3ry sprawdzi si\u0119 zar\u00f3wno w nowoczesnych, jak i tradycyjnych wn\u0119trzach. <\/p>\n<hr>\n<h3><strong>Wnioski: Podnie\u015b swoj\u0105 przestrze\u0144 \u017cyciow\u0105 dzi\u0119ki nowoczesnemu luksusowi<\/strong><\/h3>\n<p>Podsumowuj\u0105c  <strong>Niesko\u0144czono\u015b\u0107<\/strong><strong> <\/strong><strong>Sofa<\/strong> <strong>PeryHome<\/strong> \u0142\u0105czy w sobie <strong>nowoczesny luksus<\/strong> i najwy\u017cszy komfort. Jej konfigurowalne funkcje, wysokiej jako\u015bci materia\u0142y i wszechstronny design sprawiaj\u0105, \u017ce jest cennym dodatkiem do ka\u017cdego salonu. Wzboga\u0107 swoj\u0105 przestrze\u0144 o elegancj\u0119 i wygod\u0119<strong>sofy<\/strong> <strong>Infinity <\/strong> i ciesz si\u0119 luksusowym, stylowym elementem centralnym. Dzi\u0119ki swojemu ponadczasowemu urokowi, sofa ta podniesie Tw\u00f3j dom zar\u00f3wno pod wzgl\u0119dem stylu, jak i komfortu.   <\/p>\n<\/div>\n<\/div>\n<\/div>\n<\/div>\n","protected":false},"excerpt":{"rendered":"<p><strong>Sofa Infinity marki PeryHome<\/strong> \u0142\u0105czy nowoczesny design z luksusowym komfortem. Dost\u0119pna w konfigurowalnych tkaninach i wyko\u0144czeniach, sofa ta dodaje elegancji i funkcjonalno\u015bci do ka\u017cdej przestrzeni \u017cyciowej. <\/p>\n","protected":false},"featured_media":6964,"template":"","meta":{"_monsterinsights_skip_tracking":false,"_monsterinsights_sitenote_active":false,"_monsterinsights_sitenote_note":"","_monsterinsights_sitenote_category":0},"product_cat":[174,191],"product_tag":[177,180,176,209,179,178],"class_list":{"0":"post-7112","1":"product","2":"type-product","3":"status-publish","4":"has-post-thumbnail","6":"product_cat-sofa-pl","7":"product_cat-sofa-3-osobowa","8":"product_tag-luksusowa-sofa","9":"product_tag-meble-do-salonu","10":"product_tag-nowoczesna-sofa","11":"product_tag-sofa-infinity","12":"product_tag-sofa-materialowa","13":"product_tag-sofa-z-mozliwoscia-dostosowania","15":"first","16":"onbackorder","17":"sale","18":"shipping-taxable","19":"purchasable","20":"product-type-simple"},"yoast_head":"<!-- This site is optimized with the Yoast SEO plugin v24.1 - https:\/\/yoast.com\/wordpress\/plugins\/seo\/ -->\n<title>Sofa Infinity - nowoczesny, luksusowy komfort, konfigurowalny design<\/title>\n<meta name=\"description\" content=\"&quot;Poznaj idealne po\u0142\u0105czenie nowoczesnego designu i luksusowego komfortu dzi\u0119ki konfigurowalnej sofie Infinity. Podnie\u015b swoj\u0105 przestrze\u0144 \u017cyciow\u0105.&quot;\" \/>\n<meta name=\"robots\" content=\"index, follow, max-snippet:-1, max-image-preview:large, max-video-preview:-1\" \/>\n<link rel=\"canonical\" href=\"https:\/\/peryhome.com\/pl\/product\/sofa-infinity-3-osobowa-nowoczesny-design-luksusowy-komfort-niestandardowe-opcje-tkanin\/\" \/>\n<meta property=\"og:locale\" content=\"pl_PL\" \/>\n<meta property=\"og:type\" content=\"article\" \/>\n<meta property=\"og:title\" content=\"Sofa Infinity - nowoczesny, luksusowy komfort, konfigurowalny design\" \/>\n<meta property=\"og:description\" content=\"&quot;Poznaj idealne po\u0142\u0105czenie nowoczesnego designu i luksusowego komfortu dzi\u0119ki konfigurowalnej sofie Infinity. Podnie\u015b swoj\u0105 przestrze\u0144 \u017cyciow\u0105.&quot;\" \/>\n<meta property=\"og:url\" content=\"https:\/\/peryhome.com\/pl\/product\/sofa-infinity-3-osobowa-nowoczesny-design-luksusowy-komfort-niestandardowe-opcje-tkanin\/\" \/>\n<meta property=\"og:site_name\" content=\"PeryHome\" \/>\n<meta property=\"article:publisher\" content=\"https:\/\/www.facebook.com\/profile.php?id=61566312622555\" \/>\n<meta property=\"article:modified_time\" content=\"2024-12-09T14:03:12+00:00\" \/>\n<meta property=\"og:image\" content=\"https:\/\/peryhome.com\/wp-content\/uploads\/2024\/10\/Sude-Krem-1.webp\" \/>\n\t<meta property=\"og:image:width\" content=\"1600\" \/>\n\t<meta property=\"og:image:height\" content=\"1200\" \/>\n\t<meta property=\"og:image:type\" content=\"image\/webp\" \/>\n<meta name=\"twitter:card\" content=\"summary_large_image\" \/>\n<meta name=\"twitter:label1\" content=\"Szacowany czas czytania\" \/>\n\t<meta name=\"twitter:data1\" content=\"2 minuty\" \/>\n<script type=\"application\/ld+json\" class=\"yoast-schema-graph\">{\"@context\":\"https:\/\/schema.org\",\"@graph\":[{\"@type\":\"WebPage\",\"@id\":\"https:\/\/peryhome.com\/pl\/product\/sofa-infinity-3-osobowa-nowoczesny-design-luksusowy-komfort-niestandardowe-opcje-tkanin\/\",\"url\":\"https:\/\/peryhome.com\/pl\/product\/sofa-infinity-3-osobowa-nowoczesny-design-luksusowy-komfort-niestandardowe-opcje-tkanin\/\",\"name\":\"Sofa Infinity - nowoczesny, luksusowy komfort, konfigurowalny design\",\"isPartOf\":{\"@id\":\"https:\/\/peryhome.com\/pl\/#website\"},\"primaryImageOfPage\":{\"@id\":\"https:\/\/peryhome.com\/pl\/product\/sofa-infinity-3-osobowa-nowoczesny-design-luksusowy-komfort-niestandardowe-opcje-tkanin\/#primaryimage\"},\"image\":{\"@id\":\"https:\/\/peryhome.com\/pl\/product\/sofa-infinity-3-osobowa-nowoczesny-design-luksusowy-komfort-niestandardowe-opcje-tkanin\/#primaryimage\"},\"thumbnailUrl\":\"https:\/\/peryhome.com\/wp-content\/uploads\/2024\/10\/Sude-Krem-1.webp\",\"datePublished\":\"2024-10-30T18:53:51+00:00\",\"dateModified\":\"2024-12-09T14:03:12+00:00\",\"description\":\"\\\"Poznaj idealne po\u0142\u0105czenie nowoczesnego designu i luksusowego komfortu dzi\u0119ki konfigurowalnej sofie Infinity. Podnie\u015b swoj\u0105 przestrze\u0144 \u017cyciow\u0105.\\\"\",\"breadcrumb\":{\"@id\":\"https:\/\/peryhome.com\/pl\/product\/sofa-infinity-3-osobowa-nowoczesny-design-luksusowy-komfort-niestandardowe-opcje-tkanin\/#breadcrumb\"},\"inLanguage\":\"pl-PL\",\"potentialAction\":[{\"@type\":\"ReadAction\",\"target\":[\"https:\/\/peryhome.com\/pl\/product\/sofa-infinity-3-osobowa-nowoczesny-design-luksusowy-komfort-niestandardowe-opcje-tkanin\/\"]}]},{\"@type\":\"ImageObject\",\"inLanguage\":\"pl-PL\",\"@id\":\"https:\/\/peryhome.com\/pl\/product\/sofa-infinity-3-osobowa-nowoczesny-design-luksusowy-komfort-niestandardowe-opcje-tkanin\/#primaryimage\",\"url\":\"https:\/\/peryhome.com\/wp-content\/uploads\/2024\/10\/Sude-Krem-1.webp\",\"contentUrl\":\"https:\/\/peryhome.com\/wp-content\/uploads\/2024\/10\/Sude-Krem-1.webp\",\"width\":1600,\"height\":1200,\"caption\":\"Infinity Sofa Set \u2013 Elegant Style, Comfort & Customizable Options\"},{\"@type\":\"BreadcrumbList\",\"@id\":\"https:\/\/peryhome.com\/pl\/product\/sofa-infinity-3-osobowa-nowoczesny-design-luksusowy-komfort-niestandardowe-opcje-tkanin\/#breadcrumb\",\"itemListElement\":[{\"@type\":\"ListItem\",\"position\":1,\"name\":\"Anasayfa\",\"item\":\"https:\/\/peryhome.com\/pl\/strona-glowna\/\"},{\"@type\":\"ListItem\",\"position\":2,\"name\":\"Shop\",\"item\":\"https:\/\/peryhome.com\/shop\/\"},{\"@type\":\"ListItem\",\"position\":3,\"name\":\"Sofa Infinity &#8211; 3-osobowa, nowoczesny design, luksusowy komfort, niestandardowe opcje tkanin\"}]},{\"@type\":\"WebSite\",\"@id\":\"https:\/\/peryhome.com\/pl\/#website\",\"url\":\"https:\/\/peryhome.com\/pl\/\",\"name\":\"PeryHome\",\"description\":\"Art of Furniture\",\"publisher\":{\"@id\":\"https:\/\/peryhome.com\/pl\/#organization\"},\"potentialAction\":[{\"@type\":\"SearchAction\",\"target\":{\"@type\":\"EntryPoint\",\"urlTemplate\":\"https:\/\/peryhome.com\/pl\/?s={search_term_string}\"},\"query-input\":{\"@type\":\"PropertyValueSpecification\",\"valueRequired\":true,\"valueName\":\"search_term_string\"}}],\"inLanguage\":\"pl-PL\"},{\"@type\":\"Organization\",\"@id\":\"https:\/\/peryhome.com\/pl\/#organization\",\"name\":\"PeryHome\",\"url\":\"https:\/\/peryhome.com\/pl\/\",\"logo\":{\"@type\":\"ImageObject\",\"inLanguage\":\"pl-PL\",\"@id\":\"https:\/\/peryhome.com\/pl\/#\/schema\/logo\/image\/\",\"url\":\"https:\/\/peryhome.com\/wp-content\/uploads\/2024\/12\/Logo_horizontal_HQ.webp\",\"contentUrl\":\"https:\/\/peryhome.com\/wp-content\/uploads\/2024\/12\/Logo_horizontal_HQ.webp\",\"width\":1000,\"height\":269,\"caption\":\"PeryHome\"},\"image\":{\"@id\":\"https:\/\/peryhome.com\/pl\/#\/schema\/logo\/image\/\"},\"sameAs\":[\"https:\/\/www.facebook.com\/profile.php?id=61566312622555\",\"https:\/\/www.instagram.com\/peryhome.eu\/\"]}]}<\/script>\n<!-- \/ Yoast SEO plugin. -->","yoast_head_json":{"title":"Sofa Infinity - nowoczesny, luksusowy komfort, konfigurowalny design","description":"\"Poznaj idealne po\u0142\u0105czenie nowoczesnego designu i luksusowego komfortu dzi\u0119ki konfigurowalnej sofie Infinity. Podnie\u015b swoj\u0105 przestrze\u0144 \u017cyciow\u0105.\"","robots":{"index":"index","follow":"follow","max-snippet":"max-snippet:-1","max-image-preview":"max-image-preview:large","max-video-preview":"max-video-preview:-1"},"canonical":"https:\/\/peryhome.com\/pl\/product\/sofa-infinity-3-osobowa-nowoczesny-design-luksusowy-komfort-niestandardowe-opcje-tkanin\/","og_locale":"pl_PL","og_type":"article","og_title":"Sofa Infinity - nowoczesny, luksusowy komfort, konfigurowalny design","og_description":"\"Poznaj idealne po\u0142\u0105czenie nowoczesnego designu i luksusowego komfortu dzi\u0119ki konfigurowalnej sofie Infinity. Podnie\u015b swoj\u0105 przestrze\u0144 \u017cyciow\u0105.\"","og_url":"https:\/\/peryhome.com\/pl\/product\/sofa-infinity-3-osobowa-nowoczesny-design-luksusowy-komfort-niestandardowe-opcje-tkanin\/","og_site_name":"PeryHome","article_publisher":"https:\/\/www.facebook.com\/profile.php?id=61566312622555","article_modified_time":"2024-12-09T14:03:12+00:00","og_image":[{"width":1600,"height":1200,"url":"https:\/\/peryhome.com\/wp-content\/uploads\/2024\/10\/Sude-Krem-1.webp","type":"image\/webp"}],"twitter_card":"summary_large_image","twitter_misc":{"Szacowany czas czytania":"2 minuty"},"schema":{"@context":"https:\/\/schema.org","@graph":[{"@type":"WebPage","@id":"https:\/\/peryhome.com\/pl\/product\/sofa-infinity-3-osobowa-nowoczesny-design-luksusowy-komfort-niestandardowe-opcje-tkanin\/","url":"https:\/\/peryhome.com\/pl\/product\/sofa-infinity-3-osobowa-nowoczesny-design-luksusowy-komfort-niestandardowe-opcje-tkanin\/","name":"Sofa Infinity - nowoczesny, luksusowy komfort, konfigurowalny design","isPartOf":{"@id":"https:\/\/peryhome.com\/pl\/#website"},"primaryImageOfPage":{"@id":"https:\/\/peryhome.com\/pl\/product\/sofa-infinity-3-osobowa-nowoczesny-design-luksusowy-komfort-niestandardowe-opcje-tkanin\/#primaryimage"},"image":{"@id":"https:\/\/peryhome.com\/pl\/product\/sofa-infinity-3-osobowa-nowoczesny-design-luksusowy-komfort-niestandardowe-opcje-tkanin\/#primaryimage"},"thumbnailUrl":"https:\/\/peryhome.com\/wp-content\/uploads\/2024\/10\/Sude-Krem-1.webp","datePublished":"2024-10-30T18:53:51+00:00","dateModified":"2024-12-09T14:03:12+00:00","description":"\"Poznaj idealne po\u0142\u0105czenie nowoczesnego designu i luksusowego komfortu dzi\u0119ki konfigurowalnej sofie Infinity. Podnie\u015b swoj\u0105 przestrze\u0144 \u017cyciow\u0105.\"","breadcrumb":{"@id":"https:\/\/peryhome.com\/pl\/product\/sofa-infinity-3-osobowa-nowoczesny-design-luksusowy-komfort-niestandardowe-opcje-tkanin\/#breadcrumb"},"inLanguage":"pl-PL","potentialAction":[{"@type":"ReadAction","target":["https:\/\/peryhome.com\/pl\/product\/sofa-infinity-3-osobowa-nowoczesny-design-luksusowy-komfort-niestandardowe-opcje-tkanin\/"]}]},{"@type":"ImageObject","inLanguage":"pl-PL","@id":"https:\/\/peryhome.com\/pl\/product\/sofa-infinity-3-osobowa-nowoczesny-design-luksusowy-komfort-niestandardowe-opcje-tkanin\/#primaryimage","url":"https:\/\/peryhome.com\/wp-content\/uploads\/2024\/10\/Sude-Krem-1.webp","contentUrl":"https:\/\/peryhome.com\/wp-content\/uploads\/2024\/10\/Sude-Krem-1.webp","width":1600,"height":1200,"caption":"Infinity Sofa Set \u2013 Elegant Style, Comfort & Customizable Options"},{"@type":"BreadcrumbList","@id":"https:\/\/peryhome.com\/pl\/product\/sofa-infinity-3-osobowa-nowoczesny-design-luksusowy-komfort-niestandardowe-opcje-tkanin\/#breadcrumb","itemListElement":[{"@type":"ListItem","position":1,"name":"Anasayfa","item":"https:\/\/peryhome.com\/pl\/strona-glowna\/"},{"@type":"ListItem","position":2,"name":"Shop","item":"https:\/\/peryhome.com\/shop\/"},{"@type":"ListItem","position":3,"name":"Sofa Infinity &#8211; 3-osobowa, nowoczesny design, luksusowy komfort, niestandardowe opcje tkanin"}]},{"@type":"WebSite","@id":"https:\/\/peryhome.com\/pl\/#website","url":"https:\/\/peryhome.com\/pl\/","name":"PeryHome","description":"Art of Furniture","publisher":{"@id":"https:\/\/peryhome.com\/pl\/#organization"},"potentialAction":[{"@type":"SearchAction","target":{"@type":"EntryPoint","urlTemplate":"https:\/\/peryhome.com\/pl\/?s={search_term_string}"},"query-input":{"@type":"PropertyValueSpecification","valueRequired":true,"valueName":"search_term_string"}}],"inLanguage":"pl-PL"},{"@type":"Organization","@id":"https:\/\/peryhome.com\/pl\/#organization","name":"PeryHome","url":"https:\/\/peryhome.com\/pl\/","logo":{"@type":"ImageObject","inLanguage":"pl-PL","@id":"https:\/\/peryhome.com\/pl\/#\/schema\/logo\/image\/","url":"https:\/\/peryhome.com\/wp-content\/uploads\/2024\/12\/Logo_horizontal_HQ.webp","contentUrl":"https:\/\/peryhome.com\/wp-content\/uploads\/2024\/12\/Logo_horizontal_HQ.webp","width":1000,"height":269,"caption":"PeryHome"},"image":{"@id":"https:\/\/peryhome.com\/pl\/#\/schema\/logo\/image\/"},"sameAs":["https:\/\/www.facebook.com\/profile.php?id=61566312622555","https:\/\/www.instagram.com\/peryhome.eu\/"]}]}},"jetpack_sharing_enabled":true,"_links":{"self":[{"href":"https:\/\/peryhome.com\/pl\/wp-json\/wp\/v2\/product\/7112"}],"collection":[{"href":"https:\/\/peryhome.com\/pl\/wp-json\/wp\/v2\/product"}],"about":[{"href":"https:\/\/peryhome.com\/pl\/wp-json\/wp\/v2\/types\/product"}],"version-history":[{"count":1,"href":"https:\/\/peryhome.com\/pl\/wp-json\/wp\/v2\/product\/7112\/revisions"}],"predecessor-version":[{"id":8405,"href":"https:\/\/peryhome.com\/pl\/wp-json\/wp\/v2\/product\/7112\/revisions\/8405"}],"wp:featuredmedia":[{"embeddable":true,"href":"https:\/\/peryhome.com\/pl\/wp-json\/wp\/v2\/media\/6964"}],"wp:attachment":[{"href":"https:\/\/peryhome.com\/pl\/wp-json\/wp\/v2\/media?parent=7112"}],"wp:term":[{"taxonomy":"product_cat","embeddable":true,"href":"https:\/\/peryhome.com\/pl\/wp-json\/wp\/v2\/product_cat?post=7112"},{"taxonomy":"product_tag","embeddable":true,"href":"https:\/\/peryhome.com\/pl\/wp-json\/wp\/v2\/product_tag?post=7112"}],"curies":[{"name":"wp","href":"https:\/\/api.w.org\/{rel}","templated":true}]}}