{"id":7143,"date":"2024-10-28T21:34:31","date_gmt":"2024-10-28T21:34:31","guid":{"rendered":"https:\/\/peryhome.com\/product\/sofa-inci-3-osobowa-elegancki-design-najwyzszy-komfort-konfigurowalne-opcje\/"},"modified":"2024-12-09T14:35:20","modified_gmt":"2024-12-09T14:35:20","slug":"sofa-inci-3-osobowa-elegancki-design-najwyzszy-komfort-konfigurowalne-opcje","status":"publish","type":"product","link":"https:\/\/peryhome.com\/pl\/product\/sofa-inci-3-osobowa-elegancki-design-najwyzszy-komfort-konfigurowalne-opcje\/","title":{"rendered":"Sofa Inci &#8211; 3-osobowa, elegancki design, najwy\u017cszy komfort, konfigurowalne opcje"},"content":{"rendered":"<div class=\"flex-shrink-0 flex flex-col relative items-end\">\n<div class=\"pt-0\">\n<div class=\"gizmo-bot-avatar flex h-8 w-8 items-center justify-center overflow-hidden rounded-full\">\n<div class=\"relative p-1 rounded-sm flex items-center justify-center bg-token-main-surface-primary text-token-text-primary h-8 w-8\">\n<div class=\"flex-shrink-0 flex flex-col relative items-end\">\n<div class=\"pt-0\">\n<div class=\"gizmo-bot-avatar flex h-8 w-8 items-center justify-center overflow-hidden rounded-full\">\n<div class=\"relative p-1 rounded-sm flex items-center justify-center bg-token-main-surface-primary text-token-text-primary h-8 w-8\">\n<h3><strong>Sofa Inci &#8211; elegancki design i komfort, kt\u00f3ry mo\u017cna dostosowa\u0107 do w\u0142asnych potrzeb<\/strong><\/h3>\n<p><strong>Sofa Inci<\/strong> marki <a href=\"https:\/\/www.instagram.com\/peryhome.eu\/\"><strong>PeryHome<\/strong><\/a> \u0142\u0105czy <strong>elegancki design<\/strong> z <strong>komfortem, kt\u00f3ry mo\u017cna dostosowa\u0107 do w\u0142asnych potrzeb<\/strong>. Jest idealna do ka\u017cdego salonu. Sofa pasuje zar\u00f3wno do nowoczesnych, jak i klasycznych wn\u0119trz. Dost\u0119pna jako <a href=\"https:\/\/peryhome.com\/sofa\/3-seater-sofas\/\"><strong>3-osobowa<\/strong><\/a><strong>Sofa Inci<\/strong> dostosowuje si\u0119 do r\u00f3\u017cnych rozmiar\u00f3w i uk\u0142ad\u00f3w pomieszcze\u0144. Wnosi zar\u00f3wno styl, jak i funkcjonalno\u015b\u0107, tworz\u0105c zach\u0119caj\u0105c\u0105 atmosfer\u0119 dla rodziny i przyjaci\u00f3\u0142.    <\/p>\n<hr>\n<h3><strong>Konfigurowalne tkaniny i wyko\u0144czenia<\/strong><\/h3>\n<p><strong>Sof\u0119 Inci<\/strong> mo\u017cna spersonalizowa\u0107 za pomoc\u0105 wysokiej jako\u015bci tkanin, takich jak <strong>len<\/strong>, <strong>aksamit<\/strong> lub <strong>sztuczna sk\u00f3ra<\/strong>. Ka\u017cda z tkanin ma unikaln\u0105 faktur\u0119, kt\u00f3ra wzbogaca wygl\u0105d wn\u0119trza. Mo\u017cesz tak\u017ce wybiera\u0107 spo\u015br\u00f3d szerokiej gamy kolor\u00f3w i wyko\u0144cze\u0144, aby dopasowa\u0107 je do swojego wystroju. Mo\u017cliwo\u015b\u0107 personalizacji pozwala zaprojektowa\u0107 sof\u0119, kt\u00f3ra doskonale uzupe\u0142ni Tw\u00f3j dom. Dodaje zar\u00f3wno komfortu, jak i stylu, odzwierciedlaj\u0105c indywidualny gust. Dzi\u0119ki tak wielu opcjom <strong>sofa Inci<\/strong> staje si\u0119 prawdziwym wyrazem osobistego stylu.     <\/p>\n<hr>\n<h3><strong>Komfort \u0142\u0105czy si\u0119 z funkcjonalno\u015bci\u0105<\/strong><\/h3>\n<p><strong>Sofa Inci<\/strong> oferuje zar\u00f3wno komfort, jak i trwa\u0142o\u015b\u0107. Jej pluszowe poduszki zapewniaj\u0105 solidne podparcie, gwarantuj\u0105c relaks. Ergonomiczna konstrukcja sprawia, \u017ce idealnie nadaje si\u0119 do d\u0142u\u017cszego siedzenia i codziennego u\u017cytku. Zbudowana z wysokiej jako\u015bci materia\u0142\u00f3w, <strong>sofa Inci<\/strong> obiecuje lata przyjemno\u015bci. Niezale\u017cnie od tego, czy przyjmujesz go\u015bci, czy odpoczywasz sam, ta sofa \u0142\u0105czy luksus z praktyczno\u015bci\u0105. Jej design jest idealny dla tych, kt\u00f3rzy ceni\u0105 sobie zar\u00f3wno estetyk\u0119, jak i wygod\u0119 w swoich meblach domowych.     <\/p>\n<hr>\n<h3><strong>Wszechstronne konfiguracje dla ka\u017cdej przestrzeni<\/strong><\/h3>\n<p><strong>Sofa Inci<\/strong> jest dost\u0119pna w uniwersalnej <strong>konfiguracji 3-osobowej<\/strong>. Ta konfiguracja zapewnia elastyczno\u015b\u0107 zar\u00f3wno w ma\u0142ych, jak i du\u017cych pomieszczeniach. Dostosowuje si\u0119 do r\u00f3\u017cnych uk\u0142ad\u00f3w, dzi\u0119ki czemu nadaje si\u0119 do ka\u017cdej przestrzeni. Niezale\u017cnie od wystroju pomieszczenia, <strong>sofa Inci<\/strong> zapewnia r\u00f3wnowag\u0119 mi\u0119dzy komfortem i stylem. Jej klasyczny urok i elegancki wygl\u0105d wzbogac\u0105 ka\u017cdy dom. To wspania\u0142y dodatek zar\u00f3wno do przestronnych, jak i przytulnych wn\u0119trz.     <\/p>\n<hr>\n<h3><strong>Podsumowanie: Elegancki komfort dla domu<\/strong><\/h3>\n<p>Podsumowuj\u0105c, <strong>sofa Inci<\/strong> marki <strong>PeryHome<\/strong> zapewnia zar\u00f3wno elegancj\u0119, jak i komfort, kt\u00f3ry mo\u017cna dostosowa\u0107 do w\u0142asnych potrzeb. Jej <strong>3-osobowa<\/strong> konfiguracja, wysokiej jako\u015bci materia\u0142y i luksusowy wygl\u0105d sprawiaj\u0105, \u017ce jest idealnym dodatkiem. Odmie\u0144 sw\u00f3j dom dzi\u0119ki ponadczasowemu pi\u0119knu i wygodzie sofy <strong>Inci<\/strong>. Zbudowany z my\u015bl\u0105 o trwa\u0142o\u015bci i elegancji, mebel ten wnosi trwa\u0142e pi\u0119kno i ciep\u0142o do przestrzeni \u017cyciowej.   <\/p>\n<\/div>\n<\/div>\n<\/div>\n<\/div>\n<\/div>\n<\/div>\n<\/div>\n<\/div>\n","protected":false},"excerpt":{"rendered":"<p><strong>Sofa Inci marki PeryHome<\/strong> \u0142\u0105czy nowoczesny design z luksusowym komfortem. Dost\u0119pna w konfigurowalnych tkaninach i wyko\u0144czeniach, sofa ta dodaje elegancji i funkcjonalno\u015bci do ka\u017cdej przestrzeni \u017cyciowej. <\/p>\n","protected":false},"featured_media":6984,"template":"","meta":{"_monsterinsights_skip_tracking":false,"_monsterinsights_sitenote_active":false,"_monsterinsights_sitenote_note":"","_monsterinsights_sitenote_category":0},"product_cat":[174,191],"product_tag":[177,180,176,231,179,178],"class_list":{"0":"post-7143","1":"product","2":"type-product","3":"status-publish","4":"has-post-thumbnail","6":"product_cat-sofa-pl","7":"product_cat-sofa-3-osobowa","8":"product_tag-luksusowa-sofa","9":"product_tag-meble-do-salonu","10":"product_tag-nowoczesna-sofa","11":"product_tag-sofa-inci","12":"product_tag-sofa-materialowa","13":"product_tag-sofa-z-mozliwoscia-dostosowania","15":"first","16":"onbackorder","17":"sale","18":"shipping-taxable","19":"purchasable","20":"product-type-simple"},"yoast_head":"<!-- This site is optimized with the Yoast SEO plugin v24.1 - https:\/\/yoast.com\/wordpress\/plugins\/seo\/ -->\n<title>Zestaw sof Inci - elegancki design i komfort, kt\u00f3ry mo\u017cna dostosowa\u0107 do w\u0142asnych potrzeb<\/title>\n<meta name=\"description\" content=\"Poznaj eleganckie wzornictwo i konfigurowalny komfort sofy Inci marki PeryHome. Wybierz spo\u015br\u00f3d szerokiej gamy tkanin i wyko\u0144cze\u0144, aby dopasowa\u0107 je do swojego stylu.\" \/>\n<meta name=\"robots\" content=\"index, follow, max-snippet:-1, max-image-preview:large, max-video-preview:-1\" \/>\n<link rel=\"canonical\" href=\"https:\/\/peryhome.com\/pl\/product\/sofa-inci-3-osobowa-elegancki-design-najwyzszy-komfort-konfigurowalne-opcje\/\" \/>\n<meta property=\"og:locale\" content=\"pl_PL\" \/>\n<meta property=\"og:type\" content=\"article\" \/>\n<meta property=\"og:title\" content=\"Zestaw sof Inci - elegancki design i komfort, kt\u00f3ry mo\u017cna dostosowa\u0107 do w\u0142asnych potrzeb\" \/>\n<meta property=\"og:description\" content=\"Poznaj eleganckie wzornictwo i konfigurowalny komfort sofy Inci marki PeryHome. Wybierz spo\u015br\u00f3d szerokiej gamy tkanin i wyko\u0144cze\u0144, aby dopasowa\u0107 je do swojego stylu.\" \/>\n<meta property=\"og:url\" content=\"https:\/\/peryhome.com\/pl\/product\/sofa-inci-3-osobowa-elegancki-design-najwyzszy-komfort-konfigurowalne-opcje\/\" \/>\n<meta property=\"og:site_name\" content=\"PeryHome\" \/>\n<meta property=\"article:publisher\" content=\"https:\/\/www.facebook.com\/profile.php?id=61566312622555\" \/>\n<meta property=\"article:modified_time\" content=\"2024-12-09T14:35:20+00:00\" \/>\n<meta property=\"og:image\" content=\"https:\/\/peryhome.com\/wp-content\/uploads\/2024\/10\/Untitled-3.webp\" \/>\n\t<meta property=\"og:image:width\" content=\"1600\" \/>\n\t<meta property=\"og:image:height\" content=\"1200\" \/>\n\t<meta property=\"og:image:type\" content=\"image\/webp\" \/>\n<meta name=\"twitter:card\" content=\"summary_large_image\" \/>\n<meta name=\"twitter:label1\" content=\"Szacowany czas czytania\" \/>\n\t<meta name=\"twitter:data1\" content=\"2 minuty\" \/>\n<script type=\"application\/ld+json\" class=\"yoast-schema-graph\">{\"@context\":\"https:\/\/schema.org\",\"@graph\":[{\"@type\":\"WebPage\",\"@id\":\"https:\/\/peryhome.com\/pl\/product\/sofa-inci-3-osobowa-elegancki-design-najwyzszy-komfort-konfigurowalne-opcje\/\",\"url\":\"https:\/\/peryhome.com\/pl\/product\/sofa-inci-3-osobowa-elegancki-design-najwyzszy-komfort-konfigurowalne-opcje\/\",\"name\":\"Zestaw sof Inci - elegancki design i komfort, kt\u00f3ry mo\u017cna dostosowa\u0107 do w\u0142asnych potrzeb\",\"isPartOf\":{\"@id\":\"https:\/\/peryhome.com\/pl\/#website\"},\"primaryImageOfPage\":{\"@id\":\"https:\/\/peryhome.com\/pl\/product\/sofa-inci-3-osobowa-elegancki-design-najwyzszy-komfort-konfigurowalne-opcje\/#primaryimage\"},\"image\":{\"@id\":\"https:\/\/peryhome.com\/pl\/product\/sofa-inci-3-osobowa-elegancki-design-najwyzszy-komfort-konfigurowalne-opcje\/#primaryimage\"},\"thumbnailUrl\":\"https:\/\/peryhome.com\/wp-content\/uploads\/2024\/10\/Untitled-3.webp\",\"datePublished\":\"2024-10-28T21:34:31+00:00\",\"dateModified\":\"2024-12-09T14:35:20+00:00\",\"description\":\"Poznaj eleganckie wzornictwo i konfigurowalny komfort sofy Inci marki PeryHome. Wybierz spo\u015br\u00f3d szerokiej gamy tkanin i wyko\u0144cze\u0144, aby dopasowa\u0107 je do swojego stylu.\",\"breadcrumb\":{\"@id\":\"https:\/\/peryhome.com\/pl\/product\/sofa-inci-3-osobowa-elegancki-design-najwyzszy-komfort-konfigurowalne-opcje\/#breadcrumb\"},\"inLanguage\":\"pl-PL\",\"potentialAction\":[{\"@type\":\"ReadAction\",\"target\":[\"https:\/\/peryhome.com\/pl\/product\/sofa-inci-3-osobowa-elegancki-design-najwyzszy-komfort-konfigurowalne-opcje\/\"]}]},{\"@type\":\"ImageObject\",\"inLanguage\":\"pl-PL\",\"@id\":\"https:\/\/peryhome.com\/pl\/product\/sofa-inci-3-osobowa-elegancki-design-najwyzszy-komfort-konfigurowalne-opcje\/#primaryimage\",\"url\":\"https:\/\/peryhome.com\/wp-content\/uploads\/2024\/10\/Untitled-3.webp\",\"contentUrl\":\"https:\/\/peryhome.com\/wp-content\/uploads\/2024\/10\/Untitled-3.webp\",\"width\":1600,\"height\":1200,\"caption\":\"Inci Sofa Set \u2013 Elegant Design and Customizable Comfort\"},{\"@type\":\"BreadcrumbList\",\"@id\":\"https:\/\/peryhome.com\/pl\/product\/sofa-inci-3-osobowa-elegancki-design-najwyzszy-komfort-konfigurowalne-opcje\/#breadcrumb\",\"itemListElement\":[{\"@type\":\"ListItem\",\"position\":1,\"name\":\"Anasayfa\",\"item\":\"https:\/\/peryhome.com\/pl\/strona-glowna\/\"},{\"@type\":\"ListItem\",\"position\":2,\"name\":\"Shop\",\"item\":\"https:\/\/peryhome.com\/shop\/\"},{\"@type\":\"ListItem\",\"position\":3,\"name\":\"Sofa Inci &#8211; 3-osobowa, elegancki design, najwy\u017cszy komfort, konfigurowalne opcje\"}]},{\"@type\":\"WebSite\",\"@id\":\"https:\/\/peryhome.com\/pl\/#website\",\"url\":\"https:\/\/peryhome.com\/pl\/\",\"name\":\"PeryHome\",\"description\":\"Art of Furniture\",\"publisher\":{\"@id\":\"https:\/\/peryhome.com\/pl\/#organization\"},\"potentialAction\":[{\"@type\":\"SearchAction\",\"target\":{\"@type\":\"EntryPoint\",\"urlTemplate\":\"https:\/\/peryhome.com\/pl\/?s={search_term_string}\"},\"query-input\":{\"@type\":\"PropertyValueSpecification\",\"valueRequired\":true,\"valueName\":\"search_term_string\"}}],\"inLanguage\":\"pl-PL\"},{\"@type\":\"Organization\",\"@id\":\"https:\/\/peryhome.com\/pl\/#organization\",\"name\":\"PeryHome\",\"url\":\"https:\/\/peryhome.com\/pl\/\",\"logo\":{\"@type\":\"ImageObject\",\"inLanguage\":\"pl-PL\",\"@id\":\"https:\/\/peryhome.com\/pl\/#\/schema\/logo\/image\/\",\"url\":\"https:\/\/peryhome.com\/wp-content\/uploads\/2024\/12\/Logo_horizontal_HQ.webp\",\"contentUrl\":\"https:\/\/peryhome.com\/wp-content\/uploads\/2024\/12\/Logo_horizontal_HQ.webp\",\"width\":1000,\"height\":269,\"caption\":\"PeryHome\"},\"image\":{\"@id\":\"https:\/\/peryhome.com\/pl\/#\/schema\/logo\/image\/\"},\"sameAs\":[\"https:\/\/www.facebook.com\/profile.php?id=61566312622555\",\"https:\/\/www.instagram.com\/peryhome.eu\/\"]}]}<\/script>\n<!-- \/ Yoast SEO plugin. -->","yoast_head_json":{"title":"Zestaw sof Inci - elegancki design i komfort, kt\u00f3ry mo\u017cna dostosowa\u0107 do w\u0142asnych potrzeb","description":"Poznaj eleganckie wzornictwo i konfigurowalny komfort sofy Inci marki PeryHome. Wybierz spo\u015br\u00f3d szerokiej gamy tkanin i wyko\u0144cze\u0144, aby dopasowa\u0107 je do swojego stylu.","robots":{"index":"index","follow":"follow","max-snippet":"max-snippet:-1","max-image-preview":"max-image-preview:large","max-video-preview":"max-video-preview:-1"},"canonical":"https:\/\/peryhome.com\/pl\/product\/sofa-inci-3-osobowa-elegancki-design-najwyzszy-komfort-konfigurowalne-opcje\/","og_locale":"pl_PL","og_type":"article","og_title":"Zestaw sof Inci - elegancki design i komfort, kt\u00f3ry mo\u017cna dostosowa\u0107 do w\u0142asnych potrzeb","og_description":"Poznaj eleganckie wzornictwo i konfigurowalny komfort sofy Inci marki PeryHome. Wybierz spo\u015br\u00f3d szerokiej gamy tkanin i wyko\u0144cze\u0144, aby dopasowa\u0107 je do swojego stylu.","og_url":"https:\/\/peryhome.com\/pl\/product\/sofa-inci-3-osobowa-elegancki-design-najwyzszy-komfort-konfigurowalne-opcje\/","og_site_name":"PeryHome","article_publisher":"https:\/\/www.facebook.com\/profile.php?id=61566312622555","article_modified_time":"2024-12-09T14:35:20+00:00","og_image":[{"width":1600,"height":1200,"url":"https:\/\/peryhome.com\/wp-content\/uploads\/2024\/10\/Untitled-3.webp","type":"image\/webp"}],"twitter_card":"summary_large_image","twitter_misc":{"Szacowany czas czytania":"2 minuty"},"schema":{"@context":"https:\/\/schema.org","@graph":[{"@type":"WebPage","@id":"https:\/\/peryhome.com\/pl\/product\/sofa-inci-3-osobowa-elegancki-design-najwyzszy-komfort-konfigurowalne-opcje\/","url":"https:\/\/peryhome.com\/pl\/product\/sofa-inci-3-osobowa-elegancki-design-najwyzszy-komfort-konfigurowalne-opcje\/","name":"Zestaw sof Inci - elegancki design i komfort, kt\u00f3ry mo\u017cna dostosowa\u0107 do w\u0142asnych potrzeb","isPartOf":{"@id":"https:\/\/peryhome.com\/pl\/#website"},"primaryImageOfPage":{"@id":"https:\/\/peryhome.com\/pl\/product\/sofa-inci-3-osobowa-elegancki-design-najwyzszy-komfort-konfigurowalne-opcje\/#primaryimage"},"image":{"@id":"https:\/\/peryhome.com\/pl\/product\/sofa-inci-3-osobowa-elegancki-design-najwyzszy-komfort-konfigurowalne-opcje\/#primaryimage"},"thumbnailUrl":"https:\/\/peryhome.com\/wp-content\/uploads\/2024\/10\/Untitled-3.webp","datePublished":"2024-10-28T21:34:31+00:00","dateModified":"2024-12-09T14:35:20+00:00","description":"Poznaj eleganckie wzornictwo i konfigurowalny komfort sofy Inci marki PeryHome. Wybierz spo\u015br\u00f3d szerokiej gamy tkanin i wyko\u0144cze\u0144, aby dopasowa\u0107 je do swojego stylu.","breadcrumb":{"@id":"https:\/\/peryhome.com\/pl\/product\/sofa-inci-3-osobowa-elegancki-design-najwyzszy-komfort-konfigurowalne-opcje\/#breadcrumb"},"inLanguage":"pl-PL","potentialAction":[{"@type":"ReadAction","target":["https:\/\/peryhome.com\/pl\/product\/sofa-inci-3-osobowa-elegancki-design-najwyzszy-komfort-konfigurowalne-opcje\/"]}]},{"@type":"ImageObject","inLanguage":"pl-PL","@id":"https:\/\/peryhome.com\/pl\/product\/sofa-inci-3-osobowa-elegancki-design-najwyzszy-komfort-konfigurowalne-opcje\/#primaryimage","url":"https:\/\/peryhome.com\/wp-content\/uploads\/2024\/10\/Untitled-3.webp","contentUrl":"https:\/\/peryhome.com\/wp-content\/uploads\/2024\/10\/Untitled-3.webp","width":1600,"height":1200,"caption":"Inci Sofa Set \u2013 Elegant Design and Customizable Comfort"},{"@type":"BreadcrumbList","@id":"https:\/\/peryhome.com\/pl\/product\/sofa-inci-3-osobowa-elegancki-design-najwyzszy-komfort-konfigurowalne-opcje\/#breadcrumb","itemListElement":[{"@type":"ListItem","position":1,"name":"Anasayfa","item":"https:\/\/peryhome.com\/pl\/strona-glowna\/"},{"@type":"ListItem","position":2,"name":"Shop","item":"https:\/\/peryhome.com\/shop\/"},{"@type":"ListItem","position":3,"name":"Sofa Inci &#8211; 3-osobowa, elegancki design, najwy\u017cszy komfort, konfigurowalne opcje"}]},{"@type":"WebSite","@id":"https:\/\/peryhome.com\/pl\/#website","url":"https:\/\/peryhome.com\/pl\/","name":"PeryHome","description":"Art of Furniture","publisher":{"@id":"https:\/\/peryhome.com\/pl\/#organization"},"potentialAction":[{"@type":"SearchAction","target":{"@type":"EntryPoint","urlTemplate":"https:\/\/peryhome.com\/pl\/?s={search_term_string}"},"query-input":{"@type":"PropertyValueSpecification","valueRequired":true,"valueName":"search_term_string"}}],"inLanguage":"pl-PL"},{"@type":"Organization","@id":"https:\/\/peryhome.com\/pl\/#organization","name":"PeryHome","url":"https:\/\/peryhome.com\/pl\/","logo":{"@type":"ImageObject","inLanguage":"pl-PL","@id":"https:\/\/peryhome.com\/pl\/#\/schema\/logo\/image\/","url":"https:\/\/peryhome.com\/wp-content\/uploads\/2024\/12\/Logo_horizontal_HQ.webp","contentUrl":"https:\/\/peryhome.com\/wp-content\/uploads\/2024\/12\/Logo_horizontal_HQ.webp","width":1000,"height":269,"caption":"PeryHome"},"image":{"@id":"https:\/\/peryhome.com\/pl\/#\/schema\/logo\/image\/"},"sameAs":["https:\/\/www.facebook.com\/profile.php?id=61566312622555","https:\/\/www.instagram.com\/peryhome.eu\/"]}]}},"jetpack_sharing_enabled":true,"_links":{"self":[{"href":"https:\/\/peryhome.com\/pl\/wp-json\/wp\/v2\/product\/7143"}],"collection":[{"href":"https:\/\/peryhome.com\/pl\/wp-json\/wp\/v2\/product"}],"about":[{"href":"https:\/\/peryhome.com\/pl\/wp-json\/wp\/v2\/types\/product"}],"version-history":[{"count":1,"href":"https:\/\/peryhome.com\/pl\/wp-json\/wp\/v2\/product\/7143\/revisions"}],"predecessor-version":[{"id":8420,"href":"https:\/\/peryhome.com\/pl\/wp-json\/wp\/v2\/product\/7143\/revisions\/8420"}],"wp:featuredmedia":[{"embeddable":true,"href":"https:\/\/peryhome.com\/pl\/wp-json\/wp\/v2\/media\/6984"}],"wp:attachment":[{"href":"https:\/\/peryhome.com\/pl\/wp-json\/wp\/v2\/media?parent=7143"}],"wp:term":[{"taxonomy":"product_cat","embeddable":true,"href":"https:\/\/peryhome.com\/pl\/wp-json\/wp\/v2\/product_cat?post=7143"},{"taxonomy":"product_tag","embeddable":true,"href":"https:\/\/peryhome.com\/pl\/wp-json\/wp\/v2\/product_tag?post=7143"}],"curies":[{"name":"wp","href":"https:\/\/api.w.org\/{rel}","templated":true}]}}