{"id":7459,"date":"2024-11-02T22:51:59","date_gmt":"2024-11-02T22:51:59","guid":{"rendered":"https:\/\/peryhome.com\/product\/fotel-yasemin-elegancki-konfigurowalny-komfort-dla-kazdej-przestrzeni\/"},"modified":"2024-12-09T11:51:57","modified_gmt":"2024-12-09T11:51:57","slug":"fotel-yasemin-elegancki-konfigurowalny-komfort-dla-kazdej-przestrzeni","status":"publish","type":"product","link":"https:\/\/peryhome.com\/pl\/product\/fotel-yasemin-elegancki-konfigurowalny-komfort-dla-kazdej-przestrzeni\/","title":{"rendered":"Fotel Yasemin &#8211; elegancki, konfigurowalny komfort dla ka\u017cdej przestrzeni"},"content":{"rendered":"<div class=\"flex-shrink-0 flex flex-col relative items-end\">\n<div class=\"pt-0\">\n<div class=\"gizmo-bot-avatar flex h-8 w-8 items-center justify-center overflow-hidden rounded-full\">\n<div class=\"relative p-1 rounded-sm flex items-center justify-center bg-token-main-surface-primary text-token-text-primary h-8 w-8\">\n<h3><strong>Fotel Yasemin &#8211; elegancki i konfigurowalny komfort od PeryHome<\/strong><\/h3>\n<p>The <a href=\"http:\/\/Honey%20Sofa%20Set%20%E2%80%93%20Elegant%20Style,%20Comfort%20&amp;%20Customizable%20Options\">Fotel<\/a> <strong>Yasemin<\/strong> marki <a href=\"https:\/\/www.instagram.com\/peryhome.eu\/\">PeryHome<\/a> \u0142\u0105czy w sobie <strong>elegancki design<\/strong> i <strong>konfigurowalny komfort<\/strong>, aby podnie\u015b\u0107 jako\u015b\u0107 przestrzeni \u017cyciowej. Idealny zar\u00f3wno do nowoczesnych, jak i klasycznych wn\u0119trz, <strong>fotel<\/strong> <strong>Yasemin <\/strong>dodaje stylu i funkcjonalno\u015bci. Ponadczasowy wygl\u0105d tego fotela i wysokiej jako\u015bci wykonanie sprawiaj\u0105, \u017ce jest to luksusowy wyb\u00f3r do ka\u017cdego pomieszczenia. Dzi\u0119ki <strong>fotelowi<\/strong> <strong>Yasemin<\/strong> wprowadzisz do swojego domu zar\u00f3wno wyrafinowanie, jak i praktyczno\u015b\u0107.   <\/p>\n<hr>\n<h3><strong>Konfigurowalne tkaniny i wyko\u0144czenia dla fotela Yasemin<\/strong><\/h3>\n<p>Jedn\u0105 z najlepszych cech <strong>fotela<\/strong> <strong>Yasemin<\/strong> jest mo\u017cliwo\u015b\u0107 personalizacji. Mo\u017cesz wybiera\u0107 spo\u015br\u00f3d tkanin takich jak <strong>len<\/strong>, <strong>aksamit<\/strong> lub <strong>sztuczna sk\u00f3ra<\/strong>. Ka\u017cda z tkanin nadaje <strong>fotelowi <\/strong><strong>Yasemin <\/strong>unikaln\u0105 tekstur\u0119, zwi\u0119kszaj\u0105c jego atrakcyjno\u015b\u0107. Mo\u017cesz tak\u017ce wybra\u0107 kolory i wyko\u0144czenia n\u00f3g, aby dopasowa\u0107 je do swojego wystroju. Dzi\u0119ki temu <strong>fotel <\/strong><strong>Yasemin <\/strong>mo\u017cna dopasowa\u0107 do w\u0142asnego stylu, dodaj\u0105c mu jednocze\u015bnie komfortu i elegancji. Zosta\u0142 zaprojektowany tak, aby dostosowa\u0107 si\u0119 do ka\u017cdej estetyki, dzi\u0119ki czemu jest idealnym dodatkiem do Twojej przestrzeni.     <\/p>\n<hr>\n<h3><strong>Fotel Yasemin &#8211; wygoda i praktyczny design<\/strong><\/h3>\n<p><strong>Fotel <\/strong><strong>Yasemin <\/strong>oferuje zar\u00f3wno komfort, jak i styl. Jego pluszowe poduszki zapewniaj\u0105 solidne podparcie, dzi\u0119ki czemu idealnie nadaje si\u0119 do relaksu. Ergonomiczna konstrukcja <strong>fotela <\/strong><strong>Yasemin<\/strong> promuje dobr\u0105 postaw\u0119, idealn\u0105 do codziennego u\u017cytku. Wykonany z trwa\u0142ych materia\u0142\u00f3w, fotel ten zapewnia d\u0142ugotrwa\u0142\u0105 warto\u015b\u0107. <strong>Fotel<\/strong> <strong>Yasemin <\/strong>\u0142\u0105czy w sobie elegancj\u0119 i funkcjonalno\u015b\u0107, niezale\u017cnie od tego, czy czytasz, czy sp\u0119dzasz czas na rozrywce. Zapewnia luksus i wsparcie przez wiele lat.     <\/p>\n<hr>\n<h3><strong>Idealne dopasowanie do ka\u017cdego uk\u0142adu pomieszczenia<\/strong><\/h3>\n<p><strong>Fotel<\/strong> <strong>Yasemin <\/strong>dobrze dopasowuje si\u0119 do ka\u017cdego uk\u0142adu pomieszczenia. Jego elegancki design pasuje zar\u00f3wno do du\u017cych, jak i ma\u0142ych przestrzeni. <strong>Fotel <\/strong><strong>Yasemin <\/strong>mo\u017cna umie\u015bci\u0107 w przytulnym k\u0105cie lub jako akcent w salonie. Dzi\u0119ki konfigurowalnym opcjom, <strong>fotel <\/strong><strong>Yasemin <\/strong>pasuje do ka\u017cdego schematu kolorystycznego, dzi\u0119ki czemu jest wszechstronny zar\u00f3wno w nowoczesnych, jak i tradycyjnych przestrzeniach. Z \u0142atwo\u015bci\u0105 staje si\u0119 centralnym punktem, podkre\u015blaj\u0105c charakter pomieszczenia.    <\/p>\n<hr>\n<h3><strong>Wnioski: Fotel Yasemin &#8211; Elegancki komfort dla Twojego domu<\/strong><\/h3>\n<p>Podsumowuj\u0105c, <strong>fotel <\/strong><strong>Yasemin<\/strong> marki <strong>PeryHome<\/strong> to zar\u00f3wno elegancja, jak i komfort, kt\u00f3ry mo\u017cna dostosowa\u0107 do w\u0142asnych potrzeb. Dzi\u0119ki wysokiej jako\u015bci materia\u0142om i ponadczasowemu wzornictwu, <strong>fotel<\/strong> <strong>Yasemin <\/strong>jest cennym dodatkiem do ka\u017cdego domu. Wzboga\u0107 sw\u00f3j pok\u00f3j o <strong>fotel <\/strong><strong>Yasemin <\/strong>i ciesz si\u0119 zar\u00f3wno stylem, jak i komfortem. To nie tylko krzes\u0142o; to elegancja, kt\u00f3ra wzbogaca przestrze\u0144 \u017cyciow\u0105.   <\/p>\n<\/div>\n<\/div>\n<\/div>\n<\/div>\n","protected":false},"excerpt":{"rendered":"<p><strong>Sofa Yasemin marki PeryHome<\/strong> \u0142\u0105czy nowoczesny design z luksusowym komfortem. Dost\u0119pna w konfigurowalnych tkaninach i wyko\u0144czeniach, sofa ta dodaje elegancji i funkcjonalno\u015bci do ka\u017cdej przestrzeni \u017cyciowej. <\/p>\n","protected":false},"featured_media":7004,"template":"","meta":{"_monsterinsights_skip_tracking":false,"_monsterinsights_sitenote_active":false,"_monsterinsights_sitenote_note":"","_monsterinsights_sitenote_category":0},"product_cat":[175,174],"product_tag":[309,177,180,176,179,178],"class_list":{"0":"post-7459","1":"product","2":"type-product","3":"status-publish","4":"has-post-thumbnail","6":"product_cat-fotel-1-osobowy","7":"product_cat-sofa-pl","8":"product_tag-fotel-yasemin","9":"product_tag-luksusowa-sofa","10":"product_tag-meble-do-salonu","11":"product_tag-nowoczesna-sofa","12":"product_tag-sofa-materialowa","13":"product_tag-sofa-z-mozliwoscia-dostosowania","15":"first","16":"onbackorder","17":"sale","18":"shipping-taxable","19":"purchasable","20":"product-type-simple"},"yoast_head":"<!-- This site is optimized with the Yoast SEO plugin v24.1 - https:\/\/yoast.com\/wordpress\/plugins\/seo\/ -->\n<title>Fotel Yasemin - elegancki, konfigurowalny komfort dla domu<\/title>\n<meta name=\"description\" content=\"&quot;Fotel Yasemin - elegancki i konfigurowalny przez PeryHome, zaprojektowany, aby wnie\u015b\u0107 styl i komfort do ka\u017cdej przestrzeni \u017cyciowej dzi\u0119ki spersonalizowanym opcjom\u201d.\" \/>\n<meta name=\"robots\" content=\"index, follow, max-snippet:-1, max-image-preview:large, max-video-preview:-1\" \/>\n<link rel=\"canonical\" href=\"https:\/\/peryhome.com\/pl\/product\/fotel-yasemin-elegancki-konfigurowalny-komfort-dla-kazdej-przestrzeni\/\" \/>\n<meta property=\"og:locale\" content=\"pl_PL\" \/>\n<meta property=\"og:type\" content=\"article\" \/>\n<meta property=\"og:title\" content=\"Fotel Yasemin - elegancki, konfigurowalny komfort dla domu\" \/>\n<meta property=\"og:description\" content=\"&quot;Fotel Yasemin - elegancki i konfigurowalny przez PeryHome, zaprojektowany, aby wnie\u015b\u0107 styl i komfort do ka\u017cdej przestrzeni \u017cyciowej dzi\u0119ki spersonalizowanym opcjom\u201d.\" \/>\n<meta property=\"og:url\" content=\"https:\/\/peryhome.com\/pl\/product\/fotel-yasemin-elegancki-konfigurowalny-komfort-dla-kazdej-przestrzeni\/\" \/>\n<meta property=\"og:site_name\" content=\"PeryHome\" \/>\n<meta property=\"article:publisher\" content=\"https:\/\/www.facebook.com\/profile.php?id=61566312622555\" \/>\n<meta property=\"article:modified_time\" content=\"2024-12-09T11:51:57+00:00\" \/>\n<meta property=\"og:image\" content=\"https:\/\/peryhome.com\/wp-content\/uploads\/2024\/11\/Untitled-13.webp\" \/>\n\t<meta property=\"og:image:width\" content=\"1600\" \/>\n\t<meta property=\"og:image:height\" content=\"1200\" \/>\n\t<meta property=\"og:image:type\" content=\"image\/webp\" \/>\n<meta name=\"twitter:card\" content=\"summary_large_image\" \/>\n<meta name=\"twitter:label1\" content=\"Szacowany czas czytania\" \/>\n\t<meta name=\"twitter:data1\" content=\"2 minuty\" \/>\n<script type=\"application\/ld+json\" class=\"yoast-schema-graph\">{\"@context\":\"https:\/\/schema.org\",\"@graph\":[{\"@type\":\"WebPage\",\"@id\":\"https:\/\/peryhome.com\/pl\/product\/fotel-yasemin-elegancki-konfigurowalny-komfort-dla-kazdej-przestrzeni\/\",\"url\":\"https:\/\/peryhome.com\/pl\/product\/fotel-yasemin-elegancki-konfigurowalny-komfort-dla-kazdej-przestrzeni\/\",\"name\":\"Fotel Yasemin - elegancki, konfigurowalny komfort dla domu\",\"isPartOf\":{\"@id\":\"https:\/\/peryhome.com\/pl\/#website\"},\"primaryImageOfPage\":{\"@id\":\"https:\/\/peryhome.com\/pl\/product\/fotel-yasemin-elegancki-konfigurowalny-komfort-dla-kazdej-przestrzeni\/#primaryimage\"},\"image\":{\"@id\":\"https:\/\/peryhome.com\/pl\/product\/fotel-yasemin-elegancki-konfigurowalny-komfort-dla-kazdej-przestrzeni\/#primaryimage\"},\"thumbnailUrl\":\"https:\/\/peryhome.com\/wp-content\/uploads\/2024\/11\/Untitled-13.webp\",\"datePublished\":\"2024-11-02T22:51:59+00:00\",\"dateModified\":\"2024-12-09T11:51:57+00:00\",\"description\":\"\\\"Fotel Yasemin - elegancki i konfigurowalny przez PeryHome, zaprojektowany, aby wnie\u015b\u0107 styl i komfort do ka\u017cdej przestrzeni \u017cyciowej dzi\u0119ki spersonalizowanym opcjom\u201d.\",\"breadcrumb\":{\"@id\":\"https:\/\/peryhome.com\/pl\/product\/fotel-yasemin-elegancki-konfigurowalny-komfort-dla-kazdej-przestrzeni\/#breadcrumb\"},\"inLanguage\":\"pl-PL\",\"potentialAction\":[{\"@type\":\"ReadAction\",\"target\":[\"https:\/\/peryhome.com\/pl\/product\/fotel-yasemin-elegancki-konfigurowalny-komfort-dla-kazdej-przestrzeni\/\"]}]},{\"@type\":\"ImageObject\",\"inLanguage\":\"pl-PL\",\"@id\":\"https:\/\/peryhome.com\/pl\/product\/fotel-yasemin-elegancki-konfigurowalny-komfort-dla-kazdej-przestrzeni\/#primaryimage\",\"url\":\"https:\/\/peryhome.com\/wp-content\/uploads\/2024\/11\/Untitled-13.webp\",\"contentUrl\":\"https:\/\/peryhome.com\/wp-content\/uploads\/2024\/11\/Untitled-13.webp\",\"width\":1600,\"height\":1200,\"caption\":\"Yasemin Armchair \u2013 Elegant, Customizable Comfort for Home\"},{\"@type\":\"BreadcrumbList\",\"@id\":\"https:\/\/peryhome.com\/pl\/product\/fotel-yasemin-elegancki-konfigurowalny-komfort-dla-kazdej-przestrzeni\/#breadcrumb\",\"itemListElement\":[{\"@type\":\"ListItem\",\"position\":1,\"name\":\"Anasayfa\",\"item\":\"https:\/\/peryhome.com\/pl\/strona-glowna\/\"},{\"@type\":\"ListItem\",\"position\":2,\"name\":\"Shop\",\"item\":\"https:\/\/peryhome.com\/shop\/\"},{\"@type\":\"ListItem\",\"position\":3,\"name\":\"Fotel Yasemin &#8211; elegancki, konfigurowalny komfort dla ka\u017cdej przestrzeni\"}]},{\"@type\":\"WebSite\",\"@id\":\"https:\/\/peryhome.com\/pl\/#website\",\"url\":\"https:\/\/peryhome.com\/pl\/\",\"name\":\"PeryHome\",\"description\":\"Art of Furniture\",\"publisher\":{\"@id\":\"https:\/\/peryhome.com\/pl\/#organization\"},\"potentialAction\":[{\"@type\":\"SearchAction\",\"target\":{\"@type\":\"EntryPoint\",\"urlTemplate\":\"https:\/\/peryhome.com\/pl\/?s={search_term_string}\"},\"query-input\":{\"@type\":\"PropertyValueSpecification\",\"valueRequired\":true,\"valueName\":\"search_term_string\"}}],\"inLanguage\":\"pl-PL\"},{\"@type\":\"Organization\",\"@id\":\"https:\/\/peryhome.com\/pl\/#organization\",\"name\":\"PeryHome\",\"url\":\"https:\/\/peryhome.com\/pl\/\",\"logo\":{\"@type\":\"ImageObject\",\"inLanguage\":\"pl-PL\",\"@id\":\"https:\/\/peryhome.com\/pl\/#\/schema\/logo\/image\/\",\"url\":\"https:\/\/peryhome.com\/wp-content\/uploads\/2024\/12\/Logo_horizontal_HQ.webp\",\"contentUrl\":\"https:\/\/peryhome.com\/wp-content\/uploads\/2024\/12\/Logo_horizontal_HQ.webp\",\"width\":1000,\"height\":269,\"caption\":\"PeryHome\"},\"image\":{\"@id\":\"https:\/\/peryhome.com\/pl\/#\/schema\/logo\/image\/\"},\"sameAs\":[\"https:\/\/www.facebook.com\/profile.php?id=61566312622555\",\"https:\/\/www.instagram.com\/peryhome.eu\/\"]}]}<\/script>\n<!-- \/ Yoast SEO plugin. -->","yoast_head_json":{"title":"Fotel Yasemin - elegancki, konfigurowalny komfort dla domu","description":"\"Fotel Yasemin - elegancki i konfigurowalny przez PeryHome, zaprojektowany, aby wnie\u015b\u0107 styl i komfort do ka\u017cdej przestrzeni \u017cyciowej dzi\u0119ki spersonalizowanym opcjom\u201d.","robots":{"index":"index","follow":"follow","max-snippet":"max-snippet:-1","max-image-preview":"max-image-preview:large","max-video-preview":"max-video-preview:-1"},"canonical":"https:\/\/peryhome.com\/pl\/product\/fotel-yasemin-elegancki-konfigurowalny-komfort-dla-kazdej-przestrzeni\/","og_locale":"pl_PL","og_type":"article","og_title":"Fotel Yasemin - elegancki, konfigurowalny komfort dla domu","og_description":"\"Fotel Yasemin - elegancki i konfigurowalny przez PeryHome, zaprojektowany, aby wnie\u015b\u0107 styl i komfort do ka\u017cdej przestrzeni \u017cyciowej dzi\u0119ki spersonalizowanym opcjom\u201d.","og_url":"https:\/\/peryhome.com\/pl\/product\/fotel-yasemin-elegancki-konfigurowalny-komfort-dla-kazdej-przestrzeni\/","og_site_name":"PeryHome","article_publisher":"https:\/\/www.facebook.com\/profile.php?id=61566312622555","article_modified_time":"2024-12-09T11:51:57+00:00","og_image":[{"width":1600,"height":1200,"url":"https:\/\/peryhome.com\/wp-content\/uploads\/2024\/11\/Untitled-13.webp","type":"image\/webp"}],"twitter_card":"summary_large_image","twitter_misc":{"Szacowany czas czytania":"2 minuty"},"schema":{"@context":"https:\/\/schema.org","@graph":[{"@type":"WebPage","@id":"https:\/\/peryhome.com\/pl\/product\/fotel-yasemin-elegancki-konfigurowalny-komfort-dla-kazdej-przestrzeni\/","url":"https:\/\/peryhome.com\/pl\/product\/fotel-yasemin-elegancki-konfigurowalny-komfort-dla-kazdej-przestrzeni\/","name":"Fotel Yasemin - elegancki, konfigurowalny komfort dla domu","isPartOf":{"@id":"https:\/\/peryhome.com\/pl\/#website"},"primaryImageOfPage":{"@id":"https:\/\/peryhome.com\/pl\/product\/fotel-yasemin-elegancki-konfigurowalny-komfort-dla-kazdej-przestrzeni\/#primaryimage"},"image":{"@id":"https:\/\/peryhome.com\/pl\/product\/fotel-yasemin-elegancki-konfigurowalny-komfort-dla-kazdej-przestrzeni\/#primaryimage"},"thumbnailUrl":"https:\/\/peryhome.com\/wp-content\/uploads\/2024\/11\/Untitled-13.webp","datePublished":"2024-11-02T22:51:59+00:00","dateModified":"2024-12-09T11:51:57+00:00","description":"\"Fotel Yasemin - elegancki i konfigurowalny przez PeryHome, zaprojektowany, aby wnie\u015b\u0107 styl i komfort do ka\u017cdej przestrzeni \u017cyciowej dzi\u0119ki spersonalizowanym opcjom\u201d.","breadcrumb":{"@id":"https:\/\/peryhome.com\/pl\/product\/fotel-yasemin-elegancki-konfigurowalny-komfort-dla-kazdej-przestrzeni\/#breadcrumb"},"inLanguage":"pl-PL","potentialAction":[{"@type":"ReadAction","target":["https:\/\/peryhome.com\/pl\/product\/fotel-yasemin-elegancki-konfigurowalny-komfort-dla-kazdej-przestrzeni\/"]}]},{"@type":"ImageObject","inLanguage":"pl-PL","@id":"https:\/\/peryhome.com\/pl\/product\/fotel-yasemin-elegancki-konfigurowalny-komfort-dla-kazdej-przestrzeni\/#primaryimage","url":"https:\/\/peryhome.com\/wp-content\/uploads\/2024\/11\/Untitled-13.webp","contentUrl":"https:\/\/peryhome.com\/wp-content\/uploads\/2024\/11\/Untitled-13.webp","width":1600,"height":1200,"caption":"Yasemin Armchair \u2013 Elegant, Customizable Comfort for Home"},{"@type":"BreadcrumbList","@id":"https:\/\/peryhome.com\/pl\/product\/fotel-yasemin-elegancki-konfigurowalny-komfort-dla-kazdej-przestrzeni\/#breadcrumb","itemListElement":[{"@type":"ListItem","position":1,"name":"Anasayfa","item":"https:\/\/peryhome.com\/pl\/strona-glowna\/"},{"@type":"ListItem","position":2,"name":"Shop","item":"https:\/\/peryhome.com\/shop\/"},{"@type":"ListItem","position":3,"name":"Fotel Yasemin &#8211; elegancki, konfigurowalny komfort dla ka\u017cdej przestrzeni"}]},{"@type":"WebSite","@id":"https:\/\/peryhome.com\/pl\/#website","url":"https:\/\/peryhome.com\/pl\/","name":"PeryHome","description":"Art of Furniture","publisher":{"@id":"https:\/\/peryhome.com\/pl\/#organization"},"potentialAction":[{"@type":"SearchAction","target":{"@type":"EntryPoint","urlTemplate":"https:\/\/peryhome.com\/pl\/?s={search_term_string}"},"query-input":{"@type":"PropertyValueSpecification","valueRequired":true,"valueName":"search_term_string"}}],"inLanguage":"pl-PL"},{"@type":"Organization","@id":"https:\/\/peryhome.com\/pl\/#organization","name":"PeryHome","url":"https:\/\/peryhome.com\/pl\/","logo":{"@type":"ImageObject","inLanguage":"pl-PL","@id":"https:\/\/peryhome.com\/pl\/#\/schema\/logo\/image\/","url":"https:\/\/peryhome.com\/wp-content\/uploads\/2024\/12\/Logo_horizontal_HQ.webp","contentUrl":"https:\/\/peryhome.com\/wp-content\/uploads\/2024\/12\/Logo_horizontal_HQ.webp","width":1000,"height":269,"caption":"PeryHome"},"image":{"@id":"https:\/\/peryhome.com\/pl\/#\/schema\/logo\/image\/"},"sameAs":["https:\/\/www.facebook.com\/profile.php?id=61566312622555","https:\/\/www.instagram.com\/peryhome.eu\/"]}]}},"jetpack_sharing_enabled":true,"_links":{"self":[{"href":"https:\/\/peryhome.com\/pl\/wp-json\/wp\/v2\/product\/7459"}],"collection":[{"href":"https:\/\/peryhome.com\/pl\/wp-json\/wp\/v2\/product"}],"about":[{"href":"https:\/\/peryhome.com\/pl\/wp-json\/wp\/v2\/types\/product"}],"version-history":[{"count":1,"href":"https:\/\/peryhome.com\/pl\/wp-json\/wp\/v2\/product\/7459\/revisions"}],"predecessor-version":[{"id":8364,"href":"https:\/\/peryhome.com\/pl\/wp-json\/wp\/v2\/product\/7459\/revisions\/8364"}],"wp:featuredmedia":[{"embeddable":true,"href":"https:\/\/peryhome.com\/pl\/wp-json\/wp\/v2\/media\/7004"}],"wp:attachment":[{"href":"https:\/\/peryhome.com\/pl\/wp-json\/wp\/v2\/media?parent=7459"}],"wp:term":[{"taxonomy":"product_cat","embeddable":true,"href":"https:\/\/peryhome.com\/pl\/wp-json\/wp\/v2\/product_cat?post=7459"},{"taxonomy":"product_tag","embeddable":true,"href":"https:\/\/peryhome.com\/pl\/wp-json\/wp\/v2\/product_tag?post=7459"}],"curies":[{"name":"wp","href":"https:\/\/api.w.org\/{rel}","templated":true}]}}