{"id":7507,"date":"2024-11-01T16:51:30","date_gmt":"2024-11-01T16:51:30","guid":{"rendered":"https:\/\/peryhome.com\/product\/zestaw-sof-bella-3-osobowa-1-osobowa-elegancki-design-najwyzszy-komfort-konfigurowalne-opcje\/"},"modified":"2024-11-01T16:51:30","modified_gmt":"2024-11-01T16:51:30","slug":"zestaw-sof-bella-3-osobowa-1-osobowa-elegancki-design-najwyzszy-komfort-konfigurowalne-opcje","status":"publish","type":"product","link":"https:\/\/peryhome.com\/pl\/product\/zestaw-sof-bella-3-osobowa-1-osobowa-elegancki-design-najwyzszy-komfort-konfigurowalne-opcje\/","title":{"rendered":"Zestaw sof Bella &#8211; 3-osobowa + 1-osobowa, elegancki design, najwy\u017cszy komfort, konfigurowalne opcje"},"content":{"rendered":"<h3><strong>Zestaw sof Bella &#8211; eleganckie wzornictwo i konfigurowalny komfort<\/strong><\/h3>\n<p>Zestaw sof <strong>Bella <\/strong>firmy <a href=\"https:\/\/www.instagram.com\/peryhome.eu\/\"><strong>PeryHome<\/strong> <\/a>\u0142\u0105czy w sobie <strong>elegancki desig<\/strong>n i <strong>konfigurowalny komfort<\/strong> dla nowoczesnych przestrzeni mieszkalnych. Zestaw wypoczynkowy Bella wnosi luksus do ka\u017cdego pomieszczenia. Idealny zar\u00f3wno do du\u017cych, jak i ma\u0142ych przestrzeni, \u0142atwo si\u0119 dostosowuje. Niezale\u017cnie od tego, czy tw\u00f3j styl jest nowoczesny, czy klasyczny, zestaw sof Bella dodaje wyrafinowania i funkcjonalno\u015bci. Wzbogaca wystr\u00f3j o ponadczasowe pi\u0119kno.    <\/p>\n<hr>\n<h3><strong>Wysokiej jako\u015bci tkaniny i konfigurowalne wyko\u0144czenia zestawu sof Bella<\/strong><\/h3>\n<p>Kluczow\u0105 cech\u0105 zestawu <strong>wypoczynkowego <\/strong><strong>Bella<\/strong> s\u0105 wysokiej jako\u015bci tkaniny i opcje wyko\u0144czenia. Do wyboru s\u0105 wysokiej jako\u015bci materia\u0142y, takie jak <strong>len<\/strong>, <strong>aksamit <\/strong>i <strong>sztuczna sk\u00f3ra<\/strong>. Ka\u017cda z tkanin nadaje sofie Bella unikaln\u0105 tekstur\u0119. Szeroka gama kolor\u00f3w pozwala idealnie dopasowa\u0107 zestaw do wystroju wn\u0119trza. Dzi\u0119ki tym opcjom mo\u017cesz spersonalizowa\u0107 zestaw wypoczynkowy Bella, aby odzwierciedla\u0142 Tw\u00f3j styl. To wspania\u0142y dodatek do ka\u017cdego domu.     <\/p>\n<hr>\n<h3><strong>Komfort i funkcjonalno\u015b\u0107 w ka\u017cdym detalu<\/strong><\/h3>\n<p>The <strong>Bella<\/strong><strong> <\/strong><strong>Zestaw sof<\/strong> zosta\u0142 zaprojektowany z my\u015bl\u0105 o wygodzie i trwa\u0142o\u015bci. Pluszowe poduszki zapewniaj\u0105 solidne podparcie, dzi\u0119ki czemu d\u0142ugie okresy siedzenia s\u0105 relaksuj\u0105ce. Ergonomiczna konstrukcja zach\u0119ca do prawid\u0142owej postawy, idealnej do codziennego u\u017cytku. Wykonany z trwa\u0142ych materia\u0142\u00f3w zestaw Bella Sofa Set pozostaje pi\u0119kny i wygodny przez d\u0142ugi czas. Konfigurowalne funkcje pozwalaj\u0105 dostosowa\u0107 zestaw do w\u0142asnych potrzeb, zapewniaj\u0105c idealne uzupe\u0142nienie przestrzeni.<br \/>Przet\u0142umaczono z www.DeepL.com\/Translator (wersja darmowa)    <\/p>\n<hr>\n<h3><strong>Elastyczne konfiguracje dla Twojej przestrzeni<\/strong><\/h3>\n<p>The <strong>Bella<\/strong><strong> <\/strong><strong>Zestaw sof<\/strong> jest dost\u0119pny w elastycznej konfiguracji <strong>3-osobowej + 1-osobowej<\/strong>. Ta konfiguracja dostosowuje si\u0119 do r\u00f3\u017cnych uk\u0142ad\u00f3w pomieszcze\u0144, tworz\u0105c idealn\u0105 aran\u017cacj\u0119 dla ka\u017cdego obszaru. W przypadku mniejszych przestrzeni, umie\u015b\u0107 <strong>1-osobow\u0105<\/strong> sof\u0119 osobno, aby zaoszcz\u0119dzi\u0107 miejsce. W wi\u0119kszych pomieszczeniach zestaw pasuje do siebie p\u0142ynnie, dodaj\u0105c stylu i komfortu. Zestaw sof Bella \u0142\u0105czy w sobie wszechstronno\u015b\u0107, elegancj\u0119 i mo\u017cliwo\u015b\u0107 dostosowania.<br \/>Przet\u0142umaczono z www.DeepL.com\/Translator (wersja darmowa)    <\/p>\n<hr>\n<h3><strong>Wnioski: Elegancki komfort dla nowoczesnego stylu \u017cycia dzi\u0119ki zestawowi sof Bella<\/strong><\/h3>\n<p>Podsumowuj\u0105c  <strong>Bella<\/strong><strong> <\/strong><strong>Zestaw sof<\/strong> <strong>PeryHome<\/strong> zapewnia zar\u00f3wno elegancki wygl\u0105d, jak i komfort, kt\u00f3ry mo\u017cna dostosowa\u0107 do w\u0142asnych potrzeb. Wszechstronny uk\u0142ad, wysokiej jako\u015bci materia\u0142y i luksusowy wygl\u0105d sprawiaj\u0105, \u017ce jest to idealny wyb\u00f3r. Przekszta\u0142\u0107 swoj\u0105 przestrze\u0144 dzi\u0119ki zestawowi sof Bella i ciesz si\u0119 ponadczasowym komfortem i stylem.<\/p>\n","protected":false},"excerpt":{"rendered":"<p><strong>&#8222;Zestaw sof Bella \u0142\u0105czy w sobie elegancki design i konfigurowalny komfort w konfiguracji 3+1, idealny do nowoczesnych wn\u0119trz\u201d.<\/strong><\/p>\n","protected":false},"featured_media":6764,"template":"","meta":{"_monsterinsights_skip_tracking":false,"_monsterinsights_sitenote_active":false,"_monsterinsights_sitenote_note":"","_monsterinsights_sitenote_category":0},"product_cat":[196,197],"product_tag":[198,200,334,201,178,199],"class_list":{"0":"post-7507","1":"product","2":"type-product","3":"status-publish","4":"has-post-thumbnail","6":"product_cat-zestawy-sof","7":"product_cat-zestawy-sof-31","8":"product_tag-elegancka-sofa","9":"product_tag-nowoczesna-sofa-do-salonu","10":"product_tag-sofa-bella","11":"product_tag-sofa-peryhome","12":"product_tag-sofa-z-mozliwoscia-dostosowania","13":"product_tag-zestaw-sof-31","15":"first","16":"onbackorder","17":"sale","18":"shipping-taxable","19":"purchasable","20":"product-type-simple"},"yoast_head":"<!-- This site is optimized with the Yoast SEO plugin v24.1 - https:\/\/yoast.com\/wordpress\/plugins\/seo\/ -->\n<title>Zestaw sof Bella - elegancki styl, wygoda i konfigurowalne opcje<\/title>\n<meta name=\"description\" content=\"\u201eOdkryj zestaw sof Bella - elegancki design i najwy\u017cszy komfort w konfigurowalnej konfiguracji 3+1 dla Twojego nowoczesnego domu\u201d.\" \/>\n<meta name=\"robots\" content=\"index, follow, max-snippet:-1, max-image-preview:large, max-video-preview:-1\" \/>\n<link rel=\"canonical\" href=\"https:\/\/peryhome.com\/pl\/product\/zestaw-sof-bella-3-osobowa-1-osobowa-elegancki-design-najwyzszy-komfort-konfigurowalne-opcje\/\" \/>\n<meta property=\"og:locale\" content=\"pl_PL\" \/>\n<meta property=\"og:type\" content=\"article\" \/>\n<meta property=\"og:title\" content=\"Zestaw sof Bella - elegancki styl, wygoda i konfigurowalne opcje\" \/>\n<meta property=\"og:description\" content=\"\u201eOdkryj zestaw sof Bella - elegancki design i najwy\u017cszy komfort w konfigurowalnej konfiguracji 3+1 dla Twojego nowoczesnego domu\u201d.\" \/>\n<meta property=\"og:url\" content=\"https:\/\/peryhome.com\/pl\/product\/zestaw-sof-bella-3-osobowa-1-osobowa-elegancki-design-najwyzszy-komfort-konfigurowalne-opcje\/\" \/>\n<meta property=\"og:site_name\" content=\"PeryHome\" \/>\n<meta property=\"article:publisher\" content=\"https:\/\/www.facebook.com\/profile.php?id=61566312622555\" \/>\n<meta property=\"og:image\" content=\"https:\/\/peryhome.com\/wp-content\/uploads\/2024\/11\/1H9A0518-copy-scaled.webp\" \/>\n\t<meta property=\"og:image:width\" content=\"2560\" \/>\n\t<meta property=\"og:image:height\" content=\"1707\" \/>\n\t<meta property=\"og:image:type\" content=\"image\/webp\" \/>\n<meta name=\"twitter:card\" content=\"summary_large_image\" \/>\n<meta name=\"twitter:label1\" content=\"Szacowany czas czytania\" \/>\n\t<meta name=\"twitter:data1\" content=\"2 minuty\" \/>\n<script type=\"application\/ld+json\" class=\"yoast-schema-graph\">{\"@context\":\"https:\/\/schema.org\",\"@graph\":[{\"@type\":\"WebPage\",\"@id\":\"https:\/\/peryhome.com\/pl\/product\/zestaw-sof-bella-3-osobowa-1-osobowa-elegancki-design-najwyzszy-komfort-konfigurowalne-opcje\/\",\"url\":\"https:\/\/peryhome.com\/pl\/product\/zestaw-sof-bella-3-osobowa-1-osobowa-elegancki-design-najwyzszy-komfort-konfigurowalne-opcje\/\",\"name\":\"Zestaw sof Bella - elegancki styl, wygoda i konfigurowalne opcje\",\"isPartOf\":{\"@id\":\"https:\/\/peryhome.com\/pl\/#website\"},\"primaryImageOfPage\":{\"@id\":\"https:\/\/peryhome.com\/pl\/product\/zestaw-sof-bella-3-osobowa-1-osobowa-elegancki-design-najwyzszy-komfort-konfigurowalne-opcje\/#primaryimage\"},\"image\":{\"@id\":\"https:\/\/peryhome.com\/pl\/product\/zestaw-sof-bella-3-osobowa-1-osobowa-elegancki-design-najwyzszy-komfort-konfigurowalne-opcje\/#primaryimage\"},\"thumbnailUrl\":\"https:\/\/peryhome.com\/wp-content\/uploads\/2024\/11\/1H9A0518-copy-scaled.webp\",\"datePublished\":\"2024-11-01T16:51:30+00:00\",\"dateModified\":\"2024-11-01T16:51:30+00:00\",\"description\":\"\u201eOdkryj zestaw sof Bella - elegancki design i najwy\u017cszy komfort w konfigurowalnej konfiguracji 3+1 dla Twojego nowoczesnego domu\u201d.\",\"breadcrumb\":{\"@id\":\"https:\/\/peryhome.com\/pl\/product\/zestaw-sof-bella-3-osobowa-1-osobowa-elegancki-design-najwyzszy-komfort-konfigurowalne-opcje\/#breadcrumb\"},\"inLanguage\":\"pl-PL\",\"potentialAction\":[{\"@type\":\"ReadAction\",\"target\":[\"https:\/\/peryhome.com\/pl\/product\/zestaw-sof-bella-3-osobowa-1-osobowa-elegancki-design-najwyzszy-komfort-konfigurowalne-opcje\/\"]}]},{\"@type\":\"ImageObject\",\"inLanguage\":\"pl-PL\",\"@id\":\"https:\/\/peryhome.com\/pl\/product\/zestaw-sof-bella-3-osobowa-1-osobowa-elegancki-design-najwyzszy-komfort-konfigurowalne-opcje\/#primaryimage\",\"url\":\"https:\/\/peryhome.com\/wp-content\/uploads\/2024\/11\/1H9A0518-copy-scaled.webp\",\"contentUrl\":\"https:\/\/peryhome.com\/wp-content\/uploads\/2024\/11\/1H9A0518-copy-scaled.webp\",\"width\":2560,\"height\":1707,\"caption\":\"Bella Sofa \u2013 Modern Luxury Comfort, Customizable Design\"},{\"@type\":\"BreadcrumbList\",\"@id\":\"https:\/\/peryhome.com\/pl\/product\/zestaw-sof-bella-3-osobowa-1-osobowa-elegancki-design-najwyzszy-komfort-konfigurowalne-opcje\/#breadcrumb\",\"itemListElement\":[{\"@type\":\"ListItem\",\"position\":1,\"name\":\"Anasayfa\",\"item\":\"https:\/\/peryhome.com\/pl\/strona-glowna\/\"},{\"@type\":\"ListItem\",\"position\":2,\"name\":\"Shop\",\"item\":\"https:\/\/peryhome.com\/shop\/\"},{\"@type\":\"ListItem\",\"position\":3,\"name\":\"Zestaw sof Bella &#8211; 3-osobowa + 1-osobowa, elegancki design, najwy\u017cszy komfort, konfigurowalne opcje\"}]},{\"@type\":\"WebSite\",\"@id\":\"https:\/\/peryhome.com\/pl\/#website\",\"url\":\"https:\/\/peryhome.com\/pl\/\",\"name\":\"PeryHome\",\"description\":\"Art of Furniture\",\"publisher\":{\"@id\":\"https:\/\/peryhome.com\/pl\/#organization\"},\"potentialAction\":[{\"@type\":\"SearchAction\",\"target\":{\"@type\":\"EntryPoint\",\"urlTemplate\":\"https:\/\/peryhome.com\/pl\/?s={search_term_string}\"},\"query-input\":{\"@type\":\"PropertyValueSpecification\",\"valueRequired\":true,\"valueName\":\"search_term_string\"}}],\"inLanguage\":\"pl-PL\"},{\"@type\":\"Organization\",\"@id\":\"https:\/\/peryhome.com\/pl\/#organization\",\"name\":\"PeryHome\",\"url\":\"https:\/\/peryhome.com\/pl\/\",\"logo\":{\"@type\":\"ImageObject\",\"inLanguage\":\"pl-PL\",\"@id\":\"https:\/\/peryhome.com\/pl\/#\/schema\/logo\/image\/\",\"url\":\"https:\/\/peryhome.com\/wp-content\/uploads\/2024\/12\/Logo_horizontal_HQ.webp\",\"contentUrl\":\"https:\/\/peryhome.com\/wp-content\/uploads\/2024\/12\/Logo_horizontal_HQ.webp\",\"width\":1000,\"height\":269,\"caption\":\"PeryHome\"},\"image\":{\"@id\":\"https:\/\/peryhome.com\/pl\/#\/schema\/logo\/image\/\"},\"sameAs\":[\"https:\/\/www.facebook.com\/profile.php?id=61566312622555\",\"https:\/\/www.instagram.com\/peryhome.eu\/\"]}]}<\/script>\n<!-- \/ Yoast SEO plugin. -->","yoast_head_json":{"title":"Zestaw sof Bella - elegancki styl, wygoda i konfigurowalne opcje","description":"\u201eOdkryj zestaw sof Bella - elegancki design i najwy\u017cszy komfort w konfigurowalnej konfiguracji 3+1 dla Twojego nowoczesnego domu\u201d.","robots":{"index":"index","follow":"follow","max-snippet":"max-snippet:-1","max-image-preview":"max-image-preview:large","max-video-preview":"max-video-preview:-1"},"canonical":"https:\/\/peryhome.com\/pl\/product\/zestaw-sof-bella-3-osobowa-1-osobowa-elegancki-design-najwyzszy-komfort-konfigurowalne-opcje\/","og_locale":"pl_PL","og_type":"article","og_title":"Zestaw sof Bella - elegancki styl, wygoda i konfigurowalne opcje","og_description":"\u201eOdkryj zestaw sof Bella - elegancki design i najwy\u017cszy komfort w konfigurowalnej konfiguracji 3+1 dla Twojego nowoczesnego domu\u201d.","og_url":"https:\/\/peryhome.com\/pl\/product\/zestaw-sof-bella-3-osobowa-1-osobowa-elegancki-design-najwyzszy-komfort-konfigurowalne-opcje\/","og_site_name":"PeryHome","article_publisher":"https:\/\/www.facebook.com\/profile.php?id=61566312622555","og_image":[{"width":2560,"height":1707,"url":"https:\/\/peryhome.com\/wp-content\/uploads\/2024\/11\/1H9A0518-copy-scaled.webp","type":"image\/webp"}],"twitter_card":"summary_large_image","twitter_misc":{"Szacowany czas czytania":"2 minuty"},"schema":{"@context":"https:\/\/schema.org","@graph":[{"@type":"WebPage","@id":"https:\/\/peryhome.com\/pl\/product\/zestaw-sof-bella-3-osobowa-1-osobowa-elegancki-design-najwyzszy-komfort-konfigurowalne-opcje\/","url":"https:\/\/peryhome.com\/pl\/product\/zestaw-sof-bella-3-osobowa-1-osobowa-elegancki-design-najwyzszy-komfort-konfigurowalne-opcje\/","name":"Zestaw sof Bella - elegancki styl, wygoda i konfigurowalne opcje","isPartOf":{"@id":"https:\/\/peryhome.com\/pl\/#website"},"primaryImageOfPage":{"@id":"https:\/\/peryhome.com\/pl\/product\/zestaw-sof-bella-3-osobowa-1-osobowa-elegancki-design-najwyzszy-komfort-konfigurowalne-opcje\/#primaryimage"},"image":{"@id":"https:\/\/peryhome.com\/pl\/product\/zestaw-sof-bella-3-osobowa-1-osobowa-elegancki-design-najwyzszy-komfort-konfigurowalne-opcje\/#primaryimage"},"thumbnailUrl":"https:\/\/peryhome.com\/wp-content\/uploads\/2024\/11\/1H9A0518-copy-scaled.webp","datePublished":"2024-11-01T16:51:30+00:00","dateModified":"2024-11-01T16:51:30+00:00","description":"\u201eOdkryj zestaw sof Bella - elegancki design i najwy\u017cszy komfort w konfigurowalnej konfiguracji 3+1 dla Twojego nowoczesnego domu\u201d.","breadcrumb":{"@id":"https:\/\/peryhome.com\/pl\/product\/zestaw-sof-bella-3-osobowa-1-osobowa-elegancki-design-najwyzszy-komfort-konfigurowalne-opcje\/#breadcrumb"},"inLanguage":"pl-PL","potentialAction":[{"@type":"ReadAction","target":["https:\/\/peryhome.com\/pl\/product\/zestaw-sof-bella-3-osobowa-1-osobowa-elegancki-design-najwyzszy-komfort-konfigurowalne-opcje\/"]}]},{"@type":"ImageObject","inLanguage":"pl-PL","@id":"https:\/\/peryhome.com\/pl\/product\/zestaw-sof-bella-3-osobowa-1-osobowa-elegancki-design-najwyzszy-komfort-konfigurowalne-opcje\/#primaryimage","url":"https:\/\/peryhome.com\/wp-content\/uploads\/2024\/11\/1H9A0518-copy-scaled.webp","contentUrl":"https:\/\/peryhome.com\/wp-content\/uploads\/2024\/11\/1H9A0518-copy-scaled.webp","width":2560,"height":1707,"caption":"Bella Sofa \u2013 Modern Luxury Comfort, Customizable Design"},{"@type":"BreadcrumbList","@id":"https:\/\/peryhome.com\/pl\/product\/zestaw-sof-bella-3-osobowa-1-osobowa-elegancki-design-najwyzszy-komfort-konfigurowalne-opcje\/#breadcrumb","itemListElement":[{"@type":"ListItem","position":1,"name":"Anasayfa","item":"https:\/\/peryhome.com\/pl\/strona-glowna\/"},{"@type":"ListItem","position":2,"name":"Shop","item":"https:\/\/peryhome.com\/shop\/"},{"@type":"ListItem","position":3,"name":"Zestaw sof Bella &#8211; 3-osobowa + 1-osobowa, elegancki design, najwy\u017cszy komfort, konfigurowalne opcje"}]},{"@type":"WebSite","@id":"https:\/\/peryhome.com\/pl\/#website","url":"https:\/\/peryhome.com\/pl\/","name":"PeryHome","description":"Art of Furniture","publisher":{"@id":"https:\/\/peryhome.com\/pl\/#organization"},"potentialAction":[{"@type":"SearchAction","target":{"@type":"EntryPoint","urlTemplate":"https:\/\/peryhome.com\/pl\/?s={search_term_string}"},"query-input":{"@type":"PropertyValueSpecification","valueRequired":true,"valueName":"search_term_string"}}],"inLanguage":"pl-PL"},{"@type":"Organization","@id":"https:\/\/peryhome.com\/pl\/#organization","name":"PeryHome","url":"https:\/\/peryhome.com\/pl\/","logo":{"@type":"ImageObject","inLanguage":"pl-PL","@id":"https:\/\/peryhome.com\/pl\/#\/schema\/logo\/image\/","url":"https:\/\/peryhome.com\/wp-content\/uploads\/2024\/12\/Logo_horizontal_HQ.webp","contentUrl":"https:\/\/peryhome.com\/wp-content\/uploads\/2024\/12\/Logo_horizontal_HQ.webp","width":1000,"height":269,"caption":"PeryHome"},"image":{"@id":"https:\/\/peryhome.com\/pl\/#\/schema\/logo\/image\/"},"sameAs":["https:\/\/www.facebook.com\/profile.php?id=61566312622555","https:\/\/www.instagram.com\/peryhome.eu\/"]}]}},"jetpack_sharing_enabled":true,"_links":{"self":[{"href":"https:\/\/peryhome.com\/pl\/wp-json\/wp\/v2\/product\/7507"}],"collection":[{"href":"https:\/\/peryhome.com\/pl\/wp-json\/wp\/v2\/product"}],"about":[{"href":"https:\/\/peryhome.com\/pl\/wp-json\/wp\/v2\/types\/product"}],"version-history":[{"count":0,"href":"https:\/\/peryhome.com\/pl\/wp-json\/wp\/v2\/product\/7507\/revisions"}],"wp:featuredmedia":[{"embeddable":true,"href":"https:\/\/peryhome.com\/pl\/wp-json\/wp\/v2\/media\/6764"}],"wp:attachment":[{"href":"https:\/\/peryhome.com\/pl\/wp-json\/wp\/v2\/media?parent=7507"}],"wp:term":[{"taxonomy":"product_cat","embeddable":true,"href":"https:\/\/peryhome.com\/pl\/wp-json\/wp\/v2\/product_cat?post=7507"},{"taxonomy":"product_tag","embeddable":true,"href":"https:\/\/peryhome.com\/pl\/wp-json\/wp\/v2\/product_tag?post=7507"}],"curies":[{"name":"wp","href":"https:\/\/api.w.org\/{rel}","templated":true}]}}