{"id":7696,"date":"2024-11-29T09:45:00","date_gmt":"2024-11-29T09:45:00","guid":{"rendered":"https:\/\/peryhome.com\/?post_type=product&#038;p=7696"},"modified":"2024-12-04T15:59:52","modified_gmt":"2024-12-04T15:59:52","slug":"krzesla-do-jadalni-royal-szary-aksamit-zlote-metalowe-nogi-copy-copy-copy-copy-copy-2","status":"publish","type":"product","link":"https:\/\/peryhome.com\/pl\/product\/krzesla-do-jadalni-royal-szary-aksamit-zlote-metalowe-nogi-copy-copy-copy-copy-copy-2\/","title":{"rendered":"Krzes\u0142a do jadalni Royal &#8211; (zestaw 2 szt.) &#8211; Niebieski aksamit &#8211; Srebrne metalowe nogi"},"content":{"rendered":"<h3>Krzes\u0142o Royal &#8211; idealne po\u0142\u0105czenie elegancji i wyrafinowania<\/h3>\n<p><strong>Krzes\u0142o Royal <\/strong>na nowo definiuje przestrze\u0144 \u017cyciow\u0105 dzi\u0119ki luksusowej niebieskiej aksamitnej tapicerce i efektownym srebrnym metalowym nogom. \u0141\u0105cz\u0105c nowoczesny styl z ponadczasowym urokiem, krzes\u0142o to zosta\u0142o zaprojektowane tak, aby uzupe\u0142nia\u0107 zar\u00f3wno wsp\u00f3\u0142czesne, jak i klasyczne wn\u0119trza, tworz\u0105c prawdziwie eleganck\u0105 atmosfer\u0119. <\/p>\n<h4>Niebieska aksamitna tapicerka zapewniaj\u0105ca luksusowy wygl\u0105d<\/h4>\n<p>Niebieska aksamitna tkanina krzes\u0142a Royal <a href=\"https:\/\/peryhome.com\/chairs\/\">Chair <\/a>oferuje mi\u0119kk\u0105, bogat\u0105 tekstur\u0119, kt\u00f3ra emanuje luksusem i komfortem. Wytrzyma\u0142o\u015b\u0107 aksamitu zapewnia, \u017ce krzes\u0142o pozostanie ozdob\u0105 przez wiele lat. Wyrafinowany niebieski odcie\u0144 dodaje ciep\u0142a i g\u0142\u0119bi, dzi\u0119ki czemu krzes\u0142o to b\u0119dzie wyr\u00f3\u017cniaj\u0105cym si\u0119 dodatkiem do jadalni, salonu lub dowolnego zak\u0105tka domu.  <\/p>\n<h4>Srebrne metalowe nogi dla nowoczesnego wygl\u0105du<\/h4>\n<p>Srebrne metalowe nogi dodaj\u0105 krzes\u0142u Royal elegancji i nowoczesno\u015bci, zwi\u0119kszaj\u0105c jego atrakcyjno\u015b\u0107 wizualn\u0105. Te solidne nogi nie tylko zapewniaj\u0105 niezawodne wsparcie, ale tak\u017ce wprowadzaj\u0105 odrobin\u0119 blasku do ka\u017cdej przestrzeni. P\u0142ynne po\u0142\u0105czenie srebrnych akcent\u00f3w z aksamitn\u0105 tkanin\u0105 tworzy osza\u0142amiaj\u0105c\u0105 r\u00f3wnowag\u0119 mi\u0119dzy klasycznym i wsp\u00f3\u0142czesnym wzornictwem.  <\/p>\n<h4>Ergonomiczna konstrukcja zapewniaj\u0105ca najwy\u017cszy komfort<\/h4>\n<p>Krzes\u0142o Royal zosta\u0142o zaprojektowane z my\u015bl\u0105 o wygodzie. Jego ergonomiczne oparcie i wy\u015bcie\u0142ane siedzisko zapewniaj\u0105 maksymalny komfort, nawet podczas d\u0142ugotrwa\u0142ego u\u017cytkowania. Niezale\u017cnie od tego, czy organizujesz uroczyst\u0105 kolacj\u0119, czy cieszysz si\u0119 swobodnym wieczorem, to krzes\u0142o oferuje niezr\u00f3wnane wsparcie i relaks dla Ciebie i Twoich go\u015bci.  <\/p>\n<h4>Stylowy i funkcjonalny<\/h4>\n<p>Krzes\u0142o Royal to wi\u0119cej ni\u017c zwyk\u0142e krzes\u0142o, to deklaracja stylu i funkcjonalno\u015bci. Jego wytrzyma\u0142e materia\u0142y i wyrafinowany design sprawiaj\u0105, \u017ce jest idealne zar\u00f3wno do codziennego u\u017cytku, jak i na specjalne okazje. Umie\u015b\u0107 je wok\u00f3\u0142 sto\u0142u w jadalni lub jako akcent w stylowym k\u0105cie &#8211; bez wysi\u0142ku poprawi ka\u017cde ustawienie.  <\/p>\n<h4>Wyb\u00f3r, kt\u00f3ry odzwierciedla Twoj\u0105 elegancj\u0119<\/h4>\n<p><strong>Krzes\u0142o Royal <\/strong>firmy <a href=\"https:\/\/www.instagram.com\/peryhome.eu\/\"><strong>PeryHome <\/strong><\/a>\u0142\u0105czy w sobie niebiesk\u0105 aksamitn\u0105 tapicerk\u0119 i srebrne metalowe nogi, aby zapewni\u0107 luksusowe wra\u017cenia. Idealne zar\u00f3wno do dom\u00f3w, jak i profesjonalnych przestrzeni, krzes\u0142o to dodaje odrobin\u0119 wyrafinowania do ka\u017cdego otoczenia. Dzi\u0119ki r\u00f3wnowadze stylu, komfortu i trwa\u0142o\u015bci, krzes\u0142o Royal jest najlepszym wyborem dla tych, kt\u00f3rzy ceni\u0105 sobie elegancj\u0119 i jako\u015b\u0107.<\/p>\n","protected":false},"excerpt":{"rendered":"<p><strong>Krzes\u0142o Royal<\/strong> firmy <strong>PeryHome <\/strong>posiada mi\u0119kk\u0105 <strong>aksamitn\u0105 tapicerk\u0119<\/strong> i solidne <strong>srebrne metalowe<\/strong> nogi, oferuj\u0105c stylow\u0105 i wygodn\u0105 opcj\u0119 siedzenia w ka\u017cdej przestrzeni.<\/p>\n","protected":false},"featured_media":7708,"template":"","meta":{"_monsterinsights_skip_tracking":false,"_monsterinsights_sitenote_active":false,"_monsterinsights_sitenote_note":"","_monsterinsights_sitenote_category":0},"product_cat":[240],"product_tag":[362,361,360,243,246,242,365,249,364,363],"class_list":{"0":"post-7696","1":"product","2":"type-product","3":"status-publish","4":"has-post-thumbnail","6":"product_cat-krzesla","7":"product_tag-aksamitne-krzeslo-do-jadalni","8":"product_tag-aksamitny-fotel-pl","9":"product_tag-aksamitny-fotel","10":"product_tag-fotel","11":"product_tag-fotel-do-jadalni","12":"product_tag-krzeslo-do-jadalni","13":"product_tag-krzeslo-do-jadalni-ze-zlotymi-metalowymi-nogami","14":"product_tag-krzeslo-tapicerowane","15":"product_tag-krzeslo-ze-zlotymi-metalowymi-nogami","16":"product_tag-zloty-fotel-na-metalowych-nogach","18":"first","19":"onbackorder","20":"sale","21":"shipping-taxable","22":"purchasable","23":"product-type-simple"},"yoast_head":"<!-- This site is optimized with the Yoast SEO plugin v24.1 - https:\/\/yoast.com\/wordpress\/plugins\/seo\/ -->\n<title>Krzes\u0142o - Aksamit - Metalowe nogi | Kr\u00f3lewski niebieski Fotele do jadalni<\/title>\n<meta name=\"description\" content=\"Krzes\u0142o - Aksamit - Srebrne Metalowe Nogi | Royal Dining Chairs by PeryHome. Dodaj luksusu i komfortu do swojej jadalni dzi\u0119ki niebieskim aksamitnym fotelom i metalowym nogom.\" \/>\n<meta name=\"robots\" content=\"index, follow, max-snippet:-1, max-image-preview:large, max-video-preview:-1\" \/>\n<link rel=\"canonical\" href=\"https:\/\/peryhome.com\/pl\/product\/krzesla-do-jadalni-royal-szary-aksamit-zlote-metalowe-nogi-copy-copy-copy-copy-copy-2\/\" \/>\n<meta property=\"og:locale\" content=\"pl_PL\" \/>\n<meta property=\"og:type\" content=\"article\" \/>\n<meta property=\"og:title\" content=\"Krzes\u0142o - Aksamit - Metalowe nogi | Kr\u00f3lewski niebieski Fotele do jadalni\" \/>\n<meta property=\"og:description\" content=\"Krzes\u0142o - Aksamit - Srebrne Metalowe Nogi | Royal Dining Chairs by PeryHome. Dodaj luksusu i komfortu do swojej jadalni dzi\u0119ki niebieskim aksamitnym fotelom i metalowym nogom.\" \/>\n<meta property=\"og:url\" content=\"https:\/\/peryhome.com\/pl\/product\/krzesla-do-jadalni-royal-szary-aksamit-zlote-metalowe-nogi-copy-copy-copy-copy-copy-2\/\" \/>\n<meta property=\"og:site_name\" content=\"PeryHome\" \/>\n<meta property=\"article:publisher\" content=\"https:\/\/www.facebook.com\/profile.php?id=61566312622555\" \/>\n<meta property=\"article:modified_time\" content=\"2024-12-04T15:59:52+00:00\" \/>\n<meta property=\"og:image\" content=\"https:\/\/peryhome.com\/wp-content\/uploads\/2024\/11\/Royal-Blue-Silver.webp\" \/>\n\t<meta property=\"og:image:width\" content=\"2048\" \/>\n\t<meta property=\"og:image:height\" content=\"1365\" \/>\n\t<meta property=\"og:image:type\" content=\"image\/webp\" \/>\n<meta name=\"twitter:card\" content=\"summary_large_image\" \/>\n<meta name=\"twitter:label1\" content=\"Szacowany czas czytania\" \/>\n\t<meta name=\"twitter:data1\" content=\"2 minuty\" \/>\n<script type=\"application\/ld+json\" class=\"yoast-schema-graph\">{\"@context\":\"https:\/\/schema.org\",\"@graph\":[{\"@type\":\"WebPage\",\"@id\":\"https:\/\/peryhome.com\/pl\/product\/krzesla-do-jadalni-royal-szary-aksamit-zlote-metalowe-nogi-copy-copy-copy-copy-copy-2\/\",\"url\":\"https:\/\/peryhome.com\/pl\/product\/krzesla-do-jadalni-royal-szary-aksamit-zlote-metalowe-nogi-copy-copy-copy-copy-copy-2\/\",\"name\":\"Krzes\u0142o - Aksamit - Metalowe nogi | Kr\u00f3lewski niebieski Fotele do jadalni\",\"isPartOf\":{\"@id\":\"https:\/\/peryhome.com\/pl\/#website\"},\"primaryImageOfPage\":{\"@id\":\"https:\/\/peryhome.com\/pl\/product\/krzesla-do-jadalni-royal-szary-aksamit-zlote-metalowe-nogi-copy-copy-copy-copy-copy-2\/#primaryimage\"},\"image\":{\"@id\":\"https:\/\/peryhome.com\/pl\/product\/krzesla-do-jadalni-royal-szary-aksamit-zlote-metalowe-nogi-copy-copy-copy-copy-copy-2\/#primaryimage\"},\"thumbnailUrl\":\"https:\/\/peryhome.com\/wp-content\/uploads\/2024\/11\/Royal-Blue-Silver.webp\",\"datePublished\":\"2024-11-29T09:45:00+00:00\",\"dateModified\":\"2024-12-04T15:59:52+00:00\",\"description\":\"Krzes\u0142o - Aksamit - Srebrne Metalowe Nogi | Royal Dining Chairs by PeryHome. Dodaj luksusu i komfortu do swojej jadalni dzi\u0119ki niebieskim aksamitnym fotelom i metalowym nogom.\",\"breadcrumb\":{\"@id\":\"https:\/\/peryhome.com\/pl\/product\/krzesla-do-jadalni-royal-szary-aksamit-zlote-metalowe-nogi-copy-copy-copy-copy-copy-2\/#breadcrumb\"},\"inLanguage\":\"pl-PL\",\"potentialAction\":[{\"@type\":\"ReadAction\",\"target\":[\"https:\/\/peryhome.com\/pl\/product\/krzesla-do-jadalni-royal-szary-aksamit-zlote-metalowe-nogi-copy-copy-copy-copy-copy-2\/\"]}]},{\"@type\":\"ImageObject\",\"inLanguage\":\"pl-PL\",\"@id\":\"https:\/\/peryhome.com\/pl\/product\/krzesla-do-jadalni-royal-szary-aksamit-zlote-metalowe-nogi-copy-copy-copy-copy-copy-2\/#primaryimage\",\"url\":\"https:\/\/peryhome.com\/wp-content\/uploads\/2024\/11\/Royal-Blue-Silver.webp\",\"contentUrl\":\"https:\/\/peryhome.com\/wp-content\/uploads\/2024\/11\/Royal-Blue-Silver.webp\",\"width\":2048,\"height\":1365,\"caption\":\"Chair - Velvet - Metal Legs | Royal Blue Armchairs for Dining\"},{\"@type\":\"BreadcrumbList\",\"@id\":\"https:\/\/peryhome.com\/pl\/product\/krzesla-do-jadalni-royal-szary-aksamit-zlote-metalowe-nogi-copy-copy-copy-copy-copy-2\/#breadcrumb\",\"itemListElement\":[{\"@type\":\"ListItem\",\"position\":1,\"name\":\"Anasayfa\",\"item\":\"https:\/\/peryhome.com\/pl\/strona-glowna\/\"},{\"@type\":\"ListItem\",\"position\":2,\"name\":\"Shop\",\"item\":\"https:\/\/peryhome.com\/shop\/\"},{\"@type\":\"ListItem\",\"position\":3,\"name\":\"Krzes\u0142a do jadalni Royal &#8211; (zestaw 2 szt.) &#8211; Niebieski aksamit &#8211; Srebrne metalowe nogi\"}]},{\"@type\":\"WebSite\",\"@id\":\"https:\/\/peryhome.com\/pl\/#website\",\"url\":\"https:\/\/peryhome.com\/pl\/\",\"name\":\"PeryHome\",\"description\":\"Art of Furniture\",\"publisher\":{\"@id\":\"https:\/\/peryhome.com\/pl\/#organization\"},\"potentialAction\":[{\"@type\":\"SearchAction\",\"target\":{\"@type\":\"EntryPoint\",\"urlTemplate\":\"https:\/\/peryhome.com\/pl\/?s={search_term_string}\"},\"query-input\":{\"@type\":\"PropertyValueSpecification\",\"valueRequired\":true,\"valueName\":\"search_term_string\"}}],\"inLanguage\":\"pl-PL\"},{\"@type\":\"Organization\",\"@id\":\"https:\/\/peryhome.com\/pl\/#organization\",\"name\":\"PeryHome\",\"url\":\"https:\/\/peryhome.com\/pl\/\",\"logo\":{\"@type\":\"ImageObject\",\"inLanguage\":\"pl-PL\",\"@id\":\"https:\/\/peryhome.com\/pl\/#\/schema\/logo\/image\/\",\"url\":\"https:\/\/peryhome.com\/wp-content\/uploads\/2024\/12\/Logo_horizontal_HQ.webp\",\"contentUrl\":\"https:\/\/peryhome.com\/wp-content\/uploads\/2024\/12\/Logo_horizontal_HQ.webp\",\"width\":1000,\"height\":269,\"caption\":\"PeryHome\"},\"image\":{\"@id\":\"https:\/\/peryhome.com\/pl\/#\/schema\/logo\/image\/\"},\"sameAs\":[\"https:\/\/www.facebook.com\/profile.php?id=61566312622555\",\"https:\/\/www.instagram.com\/peryhome.eu\/\"]}]}<\/script>\n<!-- \/ Yoast SEO plugin. -->","yoast_head_json":{"title":"Krzes\u0142o - Aksamit - Metalowe nogi | Kr\u00f3lewski niebieski Fotele do jadalni","description":"Krzes\u0142o - Aksamit - Srebrne Metalowe Nogi | Royal Dining Chairs by PeryHome. Dodaj luksusu i komfortu do swojej jadalni dzi\u0119ki niebieskim aksamitnym fotelom i metalowym nogom.","robots":{"index":"index","follow":"follow","max-snippet":"max-snippet:-1","max-image-preview":"max-image-preview:large","max-video-preview":"max-video-preview:-1"},"canonical":"https:\/\/peryhome.com\/pl\/product\/krzesla-do-jadalni-royal-szary-aksamit-zlote-metalowe-nogi-copy-copy-copy-copy-copy-2\/","og_locale":"pl_PL","og_type":"article","og_title":"Krzes\u0142o - Aksamit - Metalowe nogi | Kr\u00f3lewski niebieski Fotele do jadalni","og_description":"Krzes\u0142o - Aksamit - Srebrne Metalowe Nogi | Royal Dining Chairs by PeryHome. Dodaj luksusu i komfortu do swojej jadalni dzi\u0119ki niebieskim aksamitnym fotelom i metalowym nogom.","og_url":"https:\/\/peryhome.com\/pl\/product\/krzesla-do-jadalni-royal-szary-aksamit-zlote-metalowe-nogi-copy-copy-copy-copy-copy-2\/","og_site_name":"PeryHome","article_publisher":"https:\/\/www.facebook.com\/profile.php?id=61566312622555","article_modified_time":"2024-12-04T15:59:52+00:00","og_image":[{"width":2048,"height":1365,"url":"https:\/\/peryhome.com\/wp-content\/uploads\/2024\/11\/Royal-Blue-Silver.webp","type":"image\/webp"}],"twitter_card":"summary_large_image","twitter_misc":{"Szacowany czas czytania":"2 minuty"},"schema":{"@context":"https:\/\/schema.org","@graph":[{"@type":"WebPage","@id":"https:\/\/peryhome.com\/pl\/product\/krzesla-do-jadalni-royal-szary-aksamit-zlote-metalowe-nogi-copy-copy-copy-copy-copy-2\/","url":"https:\/\/peryhome.com\/pl\/product\/krzesla-do-jadalni-royal-szary-aksamit-zlote-metalowe-nogi-copy-copy-copy-copy-copy-2\/","name":"Krzes\u0142o - Aksamit - Metalowe nogi | Kr\u00f3lewski niebieski Fotele do jadalni","isPartOf":{"@id":"https:\/\/peryhome.com\/pl\/#website"},"primaryImageOfPage":{"@id":"https:\/\/peryhome.com\/pl\/product\/krzesla-do-jadalni-royal-szary-aksamit-zlote-metalowe-nogi-copy-copy-copy-copy-copy-2\/#primaryimage"},"image":{"@id":"https:\/\/peryhome.com\/pl\/product\/krzesla-do-jadalni-royal-szary-aksamit-zlote-metalowe-nogi-copy-copy-copy-copy-copy-2\/#primaryimage"},"thumbnailUrl":"https:\/\/peryhome.com\/wp-content\/uploads\/2024\/11\/Royal-Blue-Silver.webp","datePublished":"2024-11-29T09:45:00+00:00","dateModified":"2024-12-04T15:59:52+00:00","description":"Krzes\u0142o - Aksamit - Srebrne Metalowe Nogi | Royal Dining Chairs by PeryHome. Dodaj luksusu i komfortu do swojej jadalni dzi\u0119ki niebieskim aksamitnym fotelom i metalowym nogom.","breadcrumb":{"@id":"https:\/\/peryhome.com\/pl\/product\/krzesla-do-jadalni-royal-szary-aksamit-zlote-metalowe-nogi-copy-copy-copy-copy-copy-2\/#breadcrumb"},"inLanguage":"pl-PL","potentialAction":[{"@type":"ReadAction","target":["https:\/\/peryhome.com\/pl\/product\/krzesla-do-jadalni-royal-szary-aksamit-zlote-metalowe-nogi-copy-copy-copy-copy-copy-2\/"]}]},{"@type":"ImageObject","inLanguage":"pl-PL","@id":"https:\/\/peryhome.com\/pl\/product\/krzesla-do-jadalni-royal-szary-aksamit-zlote-metalowe-nogi-copy-copy-copy-copy-copy-2\/#primaryimage","url":"https:\/\/peryhome.com\/wp-content\/uploads\/2024\/11\/Royal-Blue-Silver.webp","contentUrl":"https:\/\/peryhome.com\/wp-content\/uploads\/2024\/11\/Royal-Blue-Silver.webp","width":2048,"height":1365,"caption":"Chair - Velvet - Metal Legs | Royal Blue Armchairs for Dining"},{"@type":"BreadcrumbList","@id":"https:\/\/peryhome.com\/pl\/product\/krzesla-do-jadalni-royal-szary-aksamit-zlote-metalowe-nogi-copy-copy-copy-copy-copy-2\/#breadcrumb","itemListElement":[{"@type":"ListItem","position":1,"name":"Anasayfa","item":"https:\/\/peryhome.com\/pl\/strona-glowna\/"},{"@type":"ListItem","position":2,"name":"Shop","item":"https:\/\/peryhome.com\/shop\/"},{"@type":"ListItem","position":3,"name":"Krzes\u0142a do jadalni Royal &#8211; (zestaw 2 szt.) &#8211; Niebieski aksamit &#8211; Srebrne metalowe nogi"}]},{"@type":"WebSite","@id":"https:\/\/peryhome.com\/pl\/#website","url":"https:\/\/peryhome.com\/pl\/","name":"PeryHome","description":"Art of Furniture","publisher":{"@id":"https:\/\/peryhome.com\/pl\/#organization"},"potentialAction":[{"@type":"SearchAction","target":{"@type":"EntryPoint","urlTemplate":"https:\/\/peryhome.com\/pl\/?s={search_term_string}"},"query-input":{"@type":"PropertyValueSpecification","valueRequired":true,"valueName":"search_term_string"}}],"inLanguage":"pl-PL"},{"@type":"Organization","@id":"https:\/\/peryhome.com\/pl\/#organization","name":"PeryHome","url":"https:\/\/peryhome.com\/pl\/","logo":{"@type":"ImageObject","inLanguage":"pl-PL","@id":"https:\/\/peryhome.com\/pl\/#\/schema\/logo\/image\/","url":"https:\/\/peryhome.com\/wp-content\/uploads\/2024\/12\/Logo_horizontal_HQ.webp","contentUrl":"https:\/\/peryhome.com\/wp-content\/uploads\/2024\/12\/Logo_horizontal_HQ.webp","width":1000,"height":269,"caption":"PeryHome"},"image":{"@id":"https:\/\/peryhome.com\/pl\/#\/schema\/logo\/image\/"},"sameAs":["https:\/\/www.facebook.com\/profile.php?id=61566312622555","https:\/\/www.instagram.com\/peryhome.eu\/"]}]}},"jetpack_sharing_enabled":true,"_links":{"self":[{"href":"https:\/\/peryhome.com\/pl\/wp-json\/wp\/v2\/product\/7696"}],"collection":[{"href":"https:\/\/peryhome.com\/pl\/wp-json\/wp\/v2\/product"}],"about":[{"href":"https:\/\/peryhome.com\/pl\/wp-json\/wp\/v2\/types\/product"}],"version-history":[{"count":3,"href":"https:\/\/peryhome.com\/pl\/wp-json\/wp\/v2\/product\/7696\/revisions"}],"predecessor-version":[{"id":8110,"href":"https:\/\/peryhome.com\/pl\/wp-json\/wp\/v2\/product\/7696\/revisions\/8110"}],"wp:featuredmedia":[{"embeddable":true,"href":"https:\/\/peryhome.com\/pl\/wp-json\/wp\/v2\/media\/7708"}],"wp:attachment":[{"href":"https:\/\/peryhome.com\/pl\/wp-json\/wp\/v2\/media?parent=7696"}],"wp:term":[{"taxonomy":"product_cat","embeddable":true,"href":"https:\/\/peryhome.com\/pl\/wp-json\/wp\/v2\/product_cat?post=7696"},{"taxonomy":"product_tag","embeddable":true,"href":"https:\/\/peryhome.com\/pl\/wp-json\/wp\/v2\/product_tag?post=7696"}],"curies":[{"name":"wp","href":"https:\/\/api.w.org\/{rel}","templated":true}]}}