{"id":7830,"date":"2024-12-02T22:37:46","date_gmt":"2024-12-02T22:37:46","guid":{"rendered":"https:\/\/peryhome.com\/?post_type=product&#038;p=7830"},"modified":"2025-01-10T16:36:33","modified_gmt":"2025-01-10T16:36:33","slug":"krzeslo-do-jadalni-maya-szary-aksamitne-czarne-metalowe-nogi-copy","status":"publish","type":"product","link":"https:\/\/peryhome.com\/pl\/product\/krzeslo-do-jadalni-maya-szary-aksamitne-czarne-metalowe-nogi-copy\/","title":{"rendered":"Krzes\u0142o do jadalni Maya &#8211; (zestaw 4 szt.) &#8211; Szara aksamitna tkanina &#8211; Czarne metalowe nogi"},"content":{"rendered":"<h3>Krzes\u0142o do jadalni Maya: Krzes\u0142o do jadalni &#8211; Czarny metal &#8211; Szary dla eleganckiego komfortu<\/h3>\n<p><a href=\"https:\/\/peryhome.com\/chairs\/\">Krzes\u0142o<\/a> do jadalni <strong>Maya<\/strong> od PeryHome \u0142\u0105czy w sobie wygod\u0119 i styl w czarnym metalowo-szarym designie. Wykonane tak, aby pasowa\u0142o do r\u00f3\u017cnych wn\u0119trz, krzes\u0142o to oferuje minimalistyczny wygl\u0105d z wysokiej jako\u015bci materia\u0142ami. To wyr\u00f3\u017cniaj\u0105cy si\u0119 wyb\u00f3r do nowoczesnych jadalni. Elegancka szara aksamitna tkanina i solidne czarne metalowe nogi nadaj\u0105 krzes\u0142u Maya zar\u00f3wno elegancji, jak i trwa\u0142o\u015bci, uosabiaj\u0105c zaanga\u017cowanie firmy <a href=\"https:\/\/www.instagram.com\/peryhome.eu\/\">PeryHome<\/a> w wysokiej jako\u015bci rzemios\u0142o.   <\/p>\n<h3>Luksusowa tapicerka z szarego aksamitu<\/h3>\n<p><strong>Krzes\u0142o do jadalni Maya<\/strong> zosta\u0142o wykonane z luksusowego szarego aksamitu. Tapicerka ta dodaje elegancji ka\u017cdej jadalni, zapewniaj\u0105c jednocze\u015bnie mi\u0119kkie i wygodne siedzenie. Dodatkowo, neutralny szary odcie\u0144 aksamitu sprawia, \u017ce jest to ponadczasowy wyb\u00f3r. Idealnie pasuje zar\u00f3wno do nowoczesnego, jak i minimalistycznego wystroju.   <\/p>\n<h3>Wytrzyma\u0142e czarne metalowe nogi zapewniaj\u0105ce trwa\u0142e wsparcie<\/h3>\n<p>Dla trwa\u0142o\u015bci <strong>krzes\u0142o Maya <\/strong>wyposa\u017cono w solidne czarne metalowe nogi. Zapewniaj\u0105 one niezawodne wsparcie oraz dodaj\u0105 eleganckiego, nowoczesnego wygl\u0105du. Kontrast mi\u0119dzy czarnym metalem a szarym obiciem tworzy harmonijne po\u0142\u0105czenie ciep\u0142a i wyrafinowania. Zaanga\u017cowanie PeryHome w \u0142\u0105czenie stylu z funkcjonalno\u015bci\u0105 jest widoczne w tych nogach, co czyni krzes\u0142o Maya trwa\u0142\u0105 inwestycj\u0105.   <\/p>\n<h3>Ergonomiczny komfort i nowoczesny styl<\/h3>\n<p><strong>Krzes\u0142o do jadalni Maya<\/strong> jest nie tylko atrakcyjne wizualnie, ale tak\u017ce wygodne. Jego ergonomiczne siedzisko zapewnia komfort podczas d\u0142ugiego siedzenia. Ta cecha sprawia, \u017ce idealnie nadaje si\u0119 do jadalni, kuchni lub miejsc pracy. \u0141\u0105cz\u0105c styl i wygod\u0119, krzes\u0142o to zaspokaja potrzeby zar\u00f3wno klient\u00f3w zorientowanych na design, jak i poszukuj\u0105cych komfortu.   <\/p>\n<h3>aIdealny do r\u00f3\u017cnych styl\u00f3w wn\u0119trz<\/h3>\n<p>Dzi\u0119ki uniwersalnemu designowi, <strong>krzes\u0142o do jadalni Maya<\/strong> dopasowuje si\u0119 do wielu styl\u00f3w wystroju. Niezale\u017cnie od tego, czy Twoja jadalnia jest nowoczesna, czy tradycyjna, szara aksamitna tkanina i czarne metalowe nogi tego krzes\u0142a zapewniaj\u0105 ciep\u0142y, ale nowoczesny wygl\u0105d. Pi\u0119knie pasuje do ka\u017cdego otoczenia.  <\/p>\n<h3>Wykonane zgodnie z wysokimi standardami PeryHome<\/h3>\n<p>W PeryHome jako\u015b\u0107 ma znaczenie. <strong>Krzes\u0142o do jadalni Maya<\/strong> spe\u0142nia te standardy. Wykonane z najwy\u017cszej jako\u015bci materia\u0142\u00f3w, krzes\u0142o to zosta\u0142o stworzone z my\u015bl\u0105 o trwa\u0142o\u015bci. To doskona\u0142y wyb\u00f3r dla ka\u017cdego, kto chce wzbogaci\u0107 swoj\u0105 jadalni\u0119 lub salon o niezawodny, stylowy element. Krzes\u0142o do jadalni Maya to co\u015b wi\u0119cej ni\u017c tylko miejsce do siedzenia, to wyraz elegancji i jako\u015bci.<\/p>\n","protected":false},"excerpt":{"rendered":"<div class=\"flex max-w-full flex-col flex-grow\">\n<div class=\"min-h-8 text-message flex w-full flex-col items-end gap-2 whitespace-normal break-words [.text-message+&amp;]:mt-5\" dir=\"auto\" data-message-author-role=\"assistant\" data-message-id=\"71eebbbd-d64c-4c6b-951e-2a1dad3ad739\" data-message-model-slug=\"gpt-4o\">\n<div class=\"flex w-full flex-col gap-1 empty:hidden first:pt-[3px]\">\n<div class=\"markdown prose w-full break-words dark:prose-invert light\">\n<div class=\"flex max-w-full flex-col flex-grow\">\n<div class=\"min-h-8 text-message flex w-full flex-col items-end gap-2 whitespace-normal break-words [.text-message+&amp;]:mt-5\" dir=\"auto\" data-message-author-role=\"assistant\" data-message-id=\"71eebbbd-d64c-4c6b-951e-2a1dad3ad739\" data-message-model-slug=\"gpt-4o\">\n<div class=\"flex w-full flex-col gap-1 empty:hidden first:pt-[3px]\">\n<div class=\"markdown prose w-full break-words dark:prose-invert light\">\n<p>\u2714\ufe0f <strong>Luksusowa i mi\u0119kka aksamitna tkanina:<\/strong> Szare aksamitne obicie dodaje elegancji i komfortu.<br \/>\u2714\ufe0f <strong>Trwa\u0142e czarne metalowe nogi: <\/strong>Gwarantuj\u0105 d\u0142ugotrwa\u0142e u\u017cytkowanie i nowoczesny design.<br \/>\u2714\ufe0f <strong>Ergonomiczny design:<\/strong> Wyposa\u017cone w wygodne, wy\u015bcie\u0142ane siedzisko i oparcie.<br \/>\u2714\ufe0f <strong>Uniwersalne zastosowanie:<\/strong> Idealne do jadalni, kuchni lub salonu.<br \/>\u2714\ufe0f <strong>Rozmiar:<\/strong> G\u0142\u0119boko\u015b\u0107 47 cm x Szeroko\u015b\u0107 47 cm x Wysoko\u015b\u0107 90 cm<br \/>\u2714\ufe0f <strong>Cena jednostkowa:<\/strong> z\u0142295,53 za krzes\u0142o.<\/p>\n<\/div>\n<\/div>\n<\/div>\n<\/div>\n<\/div>\n<\/div>\n<\/div>\n<\/div>\n","protected":false},"featured_media":6940,"template":"","meta":{"_monsterinsights_skip_tracking":false,"_monsterinsights_sitenote_active":false,"_monsterinsights_sitenote_note":"","_monsterinsights_sitenote_category":0},"product_cat":[240],"product_tag":[281,279,280,284,282,277,278],"class_list":{"0":"post-7830","1":"product","2":"type-product","3":"status-publish","4":"has-post-thumbnail","6":"product_cat-krzesla","7":"product_tag-czarne-metalowe-nozki","8":"product_tag-eleganckie-krzeslo-do-jadalni","9":"product_tag-krzeslo-do-jadalni-maya","10":"product_tag-krzeslo-z-szarego-aksamitu","11":"product_tag-meble-peryhome","12":"product_tag-nowoczesne-krzeslo-do-jadalni","13":"product_tag-wygodne-krzeslo-do-jadalni","15":"first","16":"instock","17":"sale","18":"shipping-taxable","19":"purchasable","20":"product-type-simple"},"yoast_head":"<!-- This site is optimized with the Yoast SEO plugin v24.1 - https:\/\/yoast.com\/wordpress\/plugins\/seo\/ -->\n<title>Krzes\u0142o do jadalni Maya \u2013 Szary Aksamitne- Czarne Metalowe Nogi<\/title>\n<meta name=\"description\" content=\"&quot;Krzes\u0142o Maya z szarym aksamitnym materia\u0142em i czarnymi metalowymi nogami oferuje styl i trwa\u0142o\u015b\u0107, idealne do dodania nowoczesnego akcentu do ka\u017cdej jadalni\u201d.\" \/>\n<meta name=\"robots\" content=\"index, follow, max-snippet:-1, max-image-preview:large, max-video-preview:-1\" \/>\n<link rel=\"canonical\" href=\"https:\/\/peryhome.com\/pl\/product\/krzeslo-do-jadalni-maya-szary-aksamitne-czarne-metalowe-nogi-copy\/\" \/>\n<meta property=\"og:locale\" content=\"pl_PL\" \/>\n<meta property=\"og:type\" content=\"article\" \/>\n<meta property=\"og:title\" content=\"Krzes\u0142o do jadalni Maya \u2013 Szary Aksamitne- Czarne Metalowe Nogi\" \/>\n<meta property=\"og:description\" content=\"&quot;Krzes\u0142o Maya z szarym aksamitnym materia\u0142em i czarnymi metalowymi nogami oferuje styl i trwa\u0142o\u015b\u0107, idealne do dodania nowoczesnego akcentu do ka\u017cdej jadalni\u201d.\" \/>\n<meta property=\"og:url\" content=\"https:\/\/peryhome.com\/pl\/product\/krzeslo-do-jadalni-maya-szary-aksamitne-czarne-metalowe-nogi-copy\/\" \/>\n<meta property=\"og:site_name\" content=\"PeryHome\" \/>\n<meta property=\"article:publisher\" content=\"https:\/\/www.facebook.com\/profile.php?id=61566312622555\" \/>\n<meta property=\"article:modified_time\" content=\"2025-01-10T16:36:33+00:00\" \/>\n<meta property=\"og:image\" content=\"https:\/\/peryhome.com\/wp-content\/uploads\/2024\/11\/Maya-Gri.webp\" \/>\n\t<meta property=\"og:image:width\" content=\"1600\" \/>\n\t<meta property=\"og:image:height\" content=\"1200\" \/>\n\t<meta property=\"og:image:type\" content=\"image\/webp\" \/>\n<meta name=\"twitter:card\" content=\"summary_large_image\" \/>\n<meta name=\"twitter:label1\" content=\"Szacowany czas czytania\" \/>\n\t<meta name=\"twitter:data1\" content=\"2 minuty\" \/>\n<script type=\"application\/ld+json\" class=\"yoast-schema-graph\">{\"@context\":\"https:\/\/schema.org\",\"@graph\":[{\"@type\":\"WebPage\",\"@id\":\"https:\/\/peryhome.com\/pl\/product\/krzeslo-do-jadalni-maya-szary-aksamitne-czarne-metalowe-nogi-copy\/\",\"url\":\"https:\/\/peryhome.com\/pl\/product\/krzeslo-do-jadalni-maya-szary-aksamitne-czarne-metalowe-nogi-copy\/\",\"name\":\"Krzes\u0142o do jadalni Maya \u2013 Szary Aksamitne- Czarne Metalowe Nogi\",\"isPartOf\":{\"@id\":\"https:\/\/peryhome.com\/pl\/#website\"},\"primaryImageOfPage\":{\"@id\":\"https:\/\/peryhome.com\/pl\/product\/krzeslo-do-jadalni-maya-szary-aksamitne-czarne-metalowe-nogi-copy\/#primaryimage\"},\"image\":{\"@id\":\"https:\/\/peryhome.com\/pl\/product\/krzeslo-do-jadalni-maya-szary-aksamitne-czarne-metalowe-nogi-copy\/#primaryimage\"},\"thumbnailUrl\":\"https:\/\/peryhome.com\/wp-content\/uploads\/2024\/11\/Maya-Gri.webp\",\"datePublished\":\"2024-12-02T22:37:46+00:00\",\"dateModified\":\"2025-01-10T16:36:33+00:00\",\"description\":\"\\\"Krzes\u0142o Maya z szarym aksamitnym materia\u0142em i czarnymi metalowymi nogami oferuje styl i trwa\u0142o\u015b\u0107, idealne do dodania nowoczesnego akcentu do ka\u017cdej jadalni\u201d.\",\"breadcrumb\":{\"@id\":\"https:\/\/peryhome.com\/pl\/product\/krzeslo-do-jadalni-maya-szary-aksamitne-czarne-metalowe-nogi-copy\/#breadcrumb\"},\"inLanguage\":\"pl-PL\",\"potentialAction\":[{\"@type\":\"ReadAction\",\"target\":[\"https:\/\/peryhome.com\/pl\/product\/krzeslo-do-jadalni-maya-szary-aksamitne-czarne-metalowe-nogi-copy\/\"]}]},{\"@type\":\"ImageObject\",\"inLanguage\":\"pl-PL\",\"@id\":\"https:\/\/peryhome.com\/pl\/product\/krzeslo-do-jadalni-maya-szary-aksamitne-czarne-metalowe-nogi-copy\/#primaryimage\",\"url\":\"https:\/\/peryhome.com\/wp-content\/uploads\/2024\/11\/Maya-Gri.webp\",\"contentUrl\":\"https:\/\/peryhome.com\/wp-content\/uploads\/2024\/11\/Maya-Gri.webp\",\"width\":1600,\"height\":1200,\"caption\":\"Maya Dining Chair \u2013 Grey Velvet Fabric \u2013 Black Metal Legs\"},{\"@type\":\"BreadcrumbList\",\"@id\":\"https:\/\/peryhome.com\/pl\/product\/krzeslo-do-jadalni-maya-szary-aksamitne-czarne-metalowe-nogi-copy\/#breadcrumb\",\"itemListElement\":[{\"@type\":\"ListItem\",\"position\":1,\"name\":\"Anasayfa\",\"item\":\"https:\/\/peryhome.com\/pl\/strona-glowna\/\"},{\"@type\":\"ListItem\",\"position\":2,\"name\":\"Shop\",\"item\":\"https:\/\/peryhome.com\/shop\/\"},{\"@type\":\"ListItem\",\"position\":3,\"name\":\"Krzes\u0142o do jadalni Maya &#8211; (zestaw 4 szt.) &#8211; Szara aksamitna tkanina &#8211; Czarne metalowe nogi\"}]},{\"@type\":\"WebSite\",\"@id\":\"https:\/\/peryhome.com\/pl\/#website\",\"url\":\"https:\/\/peryhome.com\/pl\/\",\"name\":\"PeryHome\",\"description\":\"Art of Furniture\",\"publisher\":{\"@id\":\"https:\/\/peryhome.com\/pl\/#organization\"},\"potentialAction\":[{\"@type\":\"SearchAction\",\"target\":{\"@type\":\"EntryPoint\",\"urlTemplate\":\"https:\/\/peryhome.com\/pl\/?s={search_term_string}\"},\"query-input\":{\"@type\":\"PropertyValueSpecification\",\"valueRequired\":true,\"valueName\":\"search_term_string\"}}],\"inLanguage\":\"pl-PL\"},{\"@type\":\"Organization\",\"@id\":\"https:\/\/peryhome.com\/pl\/#organization\",\"name\":\"PeryHome\",\"url\":\"https:\/\/peryhome.com\/pl\/\",\"logo\":{\"@type\":\"ImageObject\",\"inLanguage\":\"pl-PL\",\"@id\":\"https:\/\/peryhome.com\/pl\/#\/schema\/logo\/image\/\",\"url\":\"https:\/\/peryhome.com\/wp-content\/uploads\/2024\/12\/Logo_horizontal_HQ.webp\",\"contentUrl\":\"https:\/\/peryhome.com\/wp-content\/uploads\/2024\/12\/Logo_horizontal_HQ.webp\",\"width\":1000,\"height\":269,\"caption\":\"PeryHome\"},\"image\":{\"@id\":\"https:\/\/peryhome.com\/pl\/#\/schema\/logo\/image\/\"},\"sameAs\":[\"https:\/\/www.facebook.com\/profile.php?id=61566312622555\",\"https:\/\/www.instagram.com\/peryhome.eu\/\"]}]}<\/script>\n<!-- \/ Yoast SEO plugin. -->","yoast_head_json":{"title":"Krzes\u0142o do jadalni Maya \u2013 Szary Aksamitne- Czarne Metalowe Nogi","description":"\"Krzes\u0142o Maya z szarym aksamitnym materia\u0142em i czarnymi metalowymi nogami oferuje styl i trwa\u0142o\u015b\u0107, idealne do dodania nowoczesnego akcentu do ka\u017cdej jadalni\u201d.","robots":{"index":"index","follow":"follow","max-snippet":"max-snippet:-1","max-image-preview":"max-image-preview:large","max-video-preview":"max-video-preview:-1"},"canonical":"https:\/\/peryhome.com\/pl\/product\/krzeslo-do-jadalni-maya-szary-aksamitne-czarne-metalowe-nogi-copy\/","og_locale":"pl_PL","og_type":"article","og_title":"Krzes\u0142o do jadalni Maya \u2013 Szary Aksamitne- Czarne Metalowe Nogi","og_description":"\"Krzes\u0142o Maya z szarym aksamitnym materia\u0142em i czarnymi metalowymi nogami oferuje styl i trwa\u0142o\u015b\u0107, idealne do dodania nowoczesnego akcentu do ka\u017cdej jadalni\u201d.","og_url":"https:\/\/peryhome.com\/pl\/product\/krzeslo-do-jadalni-maya-szary-aksamitne-czarne-metalowe-nogi-copy\/","og_site_name":"PeryHome","article_publisher":"https:\/\/www.facebook.com\/profile.php?id=61566312622555","article_modified_time":"2025-01-10T16:36:33+00:00","og_image":[{"width":1600,"height":1200,"url":"https:\/\/peryhome.com\/wp-content\/uploads\/2024\/11\/Maya-Gri.webp","type":"image\/webp"}],"twitter_card":"summary_large_image","twitter_misc":{"Szacowany czas czytania":"2 minuty"},"schema":{"@context":"https:\/\/schema.org","@graph":[{"@type":"WebPage","@id":"https:\/\/peryhome.com\/pl\/product\/krzeslo-do-jadalni-maya-szary-aksamitne-czarne-metalowe-nogi-copy\/","url":"https:\/\/peryhome.com\/pl\/product\/krzeslo-do-jadalni-maya-szary-aksamitne-czarne-metalowe-nogi-copy\/","name":"Krzes\u0142o do jadalni Maya \u2013 Szary Aksamitne- Czarne Metalowe Nogi","isPartOf":{"@id":"https:\/\/peryhome.com\/pl\/#website"},"primaryImageOfPage":{"@id":"https:\/\/peryhome.com\/pl\/product\/krzeslo-do-jadalni-maya-szary-aksamitne-czarne-metalowe-nogi-copy\/#primaryimage"},"image":{"@id":"https:\/\/peryhome.com\/pl\/product\/krzeslo-do-jadalni-maya-szary-aksamitne-czarne-metalowe-nogi-copy\/#primaryimage"},"thumbnailUrl":"https:\/\/peryhome.com\/wp-content\/uploads\/2024\/11\/Maya-Gri.webp","datePublished":"2024-12-02T22:37:46+00:00","dateModified":"2025-01-10T16:36:33+00:00","description":"\"Krzes\u0142o Maya z szarym aksamitnym materia\u0142em i czarnymi metalowymi nogami oferuje styl i trwa\u0142o\u015b\u0107, idealne do dodania nowoczesnego akcentu do ka\u017cdej jadalni\u201d.","breadcrumb":{"@id":"https:\/\/peryhome.com\/pl\/product\/krzeslo-do-jadalni-maya-szary-aksamitne-czarne-metalowe-nogi-copy\/#breadcrumb"},"inLanguage":"pl-PL","potentialAction":[{"@type":"ReadAction","target":["https:\/\/peryhome.com\/pl\/product\/krzeslo-do-jadalni-maya-szary-aksamitne-czarne-metalowe-nogi-copy\/"]}]},{"@type":"ImageObject","inLanguage":"pl-PL","@id":"https:\/\/peryhome.com\/pl\/product\/krzeslo-do-jadalni-maya-szary-aksamitne-czarne-metalowe-nogi-copy\/#primaryimage","url":"https:\/\/peryhome.com\/wp-content\/uploads\/2024\/11\/Maya-Gri.webp","contentUrl":"https:\/\/peryhome.com\/wp-content\/uploads\/2024\/11\/Maya-Gri.webp","width":1600,"height":1200,"caption":"Maya Dining Chair \u2013 Grey Velvet Fabric \u2013 Black Metal Legs"},{"@type":"BreadcrumbList","@id":"https:\/\/peryhome.com\/pl\/product\/krzeslo-do-jadalni-maya-szary-aksamitne-czarne-metalowe-nogi-copy\/#breadcrumb","itemListElement":[{"@type":"ListItem","position":1,"name":"Anasayfa","item":"https:\/\/peryhome.com\/pl\/strona-glowna\/"},{"@type":"ListItem","position":2,"name":"Shop","item":"https:\/\/peryhome.com\/shop\/"},{"@type":"ListItem","position":3,"name":"Krzes\u0142o do jadalni Maya &#8211; (zestaw 4 szt.) &#8211; Szara aksamitna tkanina &#8211; Czarne metalowe nogi"}]},{"@type":"WebSite","@id":"https:\/\/peryhome.com\/pl\/#website","url":"https:\/\/peryhome.com\/pl\/","name":"PeryHome","description":"Art of Furniture","publisher":{"@id":"https:\/\/peryhome.com\/pl\/#organization"},"potentialAction":[{"@type":"SearchAction","target":{"@type":"EntryPoint","urlTemplate":"https:\/\/peryhome.com\/pl\/?s={search_term_string}"},"query-input":{"@type":"PropertyValueSpecification","valueRequired":true,"valueName":"search_term_string"}}],"inLanguage":"pl-PL"},{"@type":"Organization","@id":"https:\/\/peryhome.com\/pl\/#organization","name":"PeryHome","url":"https:\/\/peryhome.com\/pl\/","logo":{"@type":"ImageObject","inLanguage":"pl-PL","@id":"https:\/\/peryhome.com\/pl\/#\/schema\/logo\/image\/","url":"https:\/\/peryhome.com\/wp-content\/uploads\/2024\/12\/Logo_horizontal_HQ.webp","contentUrl":"https:\/\/peryhome.com\/wp-content\/uploads\/2024\/12\/Logo_horizontal_HQ.webp","width":1000,"height":269,"caption":"PeryHome"},"image":{"@id":"https:\/\/peryhome.com\/pl\/#\/schema\/logo\/image\/"},"sameAs":["https:\/\/www.facebook.com\/profile.php?id=61566312622555","https:\/\/www.instagram.com\/peryhome.eu\/"]}]}},"jetpack_sharing_enabled":true,"_links":{"self":[{"href":"https:\/\/peryhome.com\/pl\/wp-json\/wp\/v2\/product\/7830"}],"collection":[{"href":"https:\/\/peryhome.com\/pl\/wp-json\/wp\/v2\/product"}],"about":[{"href":"https:\/\/peryhome.com\/pl\/wp-json\/wp\/v2\/types\/product"}],"version-history":[{"count":5,"href":"https:\/\/peryhome.com\/pl\/wp-json\/wp\/v2\/product\/7830\/revisions"}],"predecessor-version":[{"id":9280,"href":"https:\/\/peryhome.com\/pl\/wp-json\/wp\/v2\/product\/7830\/revisions\/9280"}],"wp:featuredmedia":[{"embeddable":true,"href":"https:\/\/peryhome.com\/pl\/wp-json\/wp\/v2\/media\/6940"}],"wp:attachment":[{"href":"https:\/\/peryhome.com\/pl\/wp-json\/wp\/v2\/media?parent=7830"}],"wp:term":[{"taxonomy":"product_cat","embeddable":true,"href":"https:\/\/peryhome.com\/pl\/wp-json\/wp\/v2\/product_cat?post=7830"},{"taxonomy":"product_tag","embeddable":true,"href":"https:\/\/peryhome.com\/pl\/wp-json\/wp\/v2\/product_tag?post=7830"}],"curies":[{"name":"wp","href":"https:\/\/api.w.org\/{rel}","templated":true}]}}