{"id":7887,"date":"2024-12-02T23:01:14","date_gmt":"2024-12-02T23:01:14","guid":{"rendered":"https:\/\/peryhome.com\/?post_type=product&#038;p=7887"},"modified":"2025-01-01T15:10:53","modified_gmt":"2025-01-01T15:10:53","slug":"krzeslo-do-jadalni-milano-bezowy-tkanina-boucle-drewniane-nogi-copy-copy","status":"publish","type":"product","link":"https:\/\/peryhome.com\/pl\/product\/krzeslo-do-jadalni-milano-bezowy-tkanina-boucle-drewniane-nogi-copy-copy\/","title":{"rendered":"Krzes\u0142o do jadalni Milano &#8211; (zestaw 6 szt.) &#8211; Be\u017cowa tkanina Boucle &#8211; Drewniane nogi"},"content":{"rendered":"<h3>Krzes\u0142o do jadalni Milano: Krzes\u0142o do jadalni &#8211; drewniane &#8211; be\u017cowe dla eleganckiego komfortu<\/h3>\n<p><a href=\"https:\/\/peryhome.com\/chairs\/\">Krzes\u0142o<\/a> do jadalni <strong>Milano <\/strong>od PeryHome oferuje idealne po\u0142\u0105czenie komfortu i stylu dzi\u0119ki drewniano-be\u017cowemu designowi. Minimalistyczny wygl\u0105d i wysokiej jako\u015bci materia\u0142y sprawiaj\u0105, \u017ce krzes\u0142o to jest doskona\u0142ym wyborem do nowoczesnych jadalni. Dzi\u0119ki eleganckiej be\u017cowej tkaninie boucle i solidnym drewnianym nogom, krzes\u0142o do jadalni Milano zapewnia zar\u00f3wno elegancj\u0119, jak i trwa\u0142o\u015b\u0107, uosabiaj\u0105c zaanga\u017cowanie <a href=\"https:\/\/www.instagram.com\/peryhome.eu\/\">PeryHome <\/a>w wysokiej jako\u015bci rzemios\u0142o.  <\/p>\n<h3>Luksusowa be\u017cowa tapicerka z tkaniny Boucle<\/h3>\n<p><strong>Krzes\u0142o do jadalni Milano<\/strong> jest wykonane z luksusowej be\u017cowej tkaniny boucle, dodaj\u0105c odrobin\u0119 elegancji do jadalni. Ta wysokiej jako\u015bci tkanina nie tylko zwi\u0119ksza atrakcyjno\u015b\u0107 wizualn\u0105 krzes\u0142a, ale tak\u017ce zapewnia mi\u0119kkie i wygodne siedzenie. Neutralny be\u017cowy odcie\u0144 tkaniny boucle sprawia, \u017ce jest to ponadczasowy wyb\u00f3r, idealny do nowoczesnego i minimalistycznego wystroju.  <\/p>\n<h3>Solidne drewniane nogi zapewniaj\u0105ce trwa\u0142e wsparcie<\/h3>\n<p>Zaprojektowane z my\u015bl\u0105 o trwa\u0142o\u015bci, <strong>krzes\u0142o do jadalni Milano<\/strong> ma solidne drewniane nogi, kt\u00f3re zapewniaj\u0105 niezawodne wsparcie i naturalny, ciep\u0142y wygl\u0105d. Naturalna faktura drewna uzupe\u0142nia be\u017cow\u0105 tapicerk\u0119, dodaj\u0105c r\u00f3wnowagi ciep\u0142a i wyrafinowania. Zaanga\u017cowanie PeryHome w \u0142\u0105czenie stylu i funkcjonalno\u015bci jest widoczne w tych mocnych drewnianych nogach, dzi\u0119ki czemu krzes\u0142o do jadalni Milano jest trwa\u0142\u0105 inwestycj\u0105 dla Twojego domu.  <\/p>\n<h3>Ergonomiczny komfort i nowoczesny styl<\/h3>\n<p><strong>Krzes\u0142o do jadalni Milano<\/strong> jest nie tylko atrakcyjne wizualnie, ale tak\u017ce zaprojektowane z my\u015bl\u0105 o wygodzie. Jego ergonomiczne siedzisko pozwala na d\u0142u\u017csze siedzenie, dzi\u0119ki czemu idealnie nadaje si\u0119 do jadalni, kuchni lub miejsc pracy. Krzes\u0142o to oferuje idealne po\u0142\u0105czenie stylu i wygody, spe\u0142niaj\u0105c potrzeby zar\u00f3wno klient\u00f3w zorientowanych na design, jak i poszukuj\u0105cych komfortu.  <\/p>\n<h3>aIdealny do r\u00f3\u017cnych styl\u00f3w wn\u0119trz<\/h3>\n<p>Dzi\u0119ki swojemu wszechstronnemu designowi,<strong> krzes\u0142o do jadalni Milano<\/strong> dostosowuje si\u0119 do szerokiej gamy styl\u00f3w wystroju. Niezale\u017cnie od tego, czy masz nowoczesn\u0105 jadalni\u0119, czy bardziej tradycyjn\u0105 konfiguracj\u0119, po\u0142\u0105czenie be\u017cowej tkaniny i drewnianych n\u00f3g zapewnia ciep\u0142y, ale nowoczesny wygl\u0105d, kt\u00f3ry pasuje do ka\u017cdego \u015brodowiska. <\/p>\n<h3>Wykonane zgodnie z wysokimi standardami PeryHome<\/h3>\n<p>W PeryHome jako\u015b\u0107 jest priorytetem, a <strong>krzes\u0142o do jadalni Milano<\/strong> nie jest wyj\u0105tkiem. Wykonane z najlepszych materia\u0142\u00f3w i wykonane z my\u015bl\u0105 o d\u0142ugowieczno\u015bci, krzes\u0142o to jest doskona\u0142ym wyborem dla ka\u017cdego, kto chce wzbogaci\u0107 swoj\u0105 jadalni\u0119 lub salon o niezawodny i stylowy element. Krzes\u0142o do jadalni Milano to co\u015b wi\u0119cej ni\u017c tylko siedzisko; to wyraz elegancji i jako\u015bci.<\/p>\n","protected":false},"excerpt":{"rendered":"<div class=\"flex max-w-full flex-col flex-grow\">\n<div class=\"min-h-8 text-message flex w-full flex-col items-end gap-2 whitespace-normal break-words [.text-message+&amp;]:mt-5\" dir=\"auto\" data-message-author-role=\"assistant\" data-message-id=\"71eebbbd-d64c-4c6b-951e-2a1dad3ad739\" data-message-model-slug=\"gpt-4o\">\n<div class=\"flex w-full flex-col gap-1 empty:hidden first:pt-[3px]\">\n<div class=\"markdown prose w-full break-words dark:prose-invert light\">\n<p>\u2714\ufe0f <strong>Wysokiej jako\u015bci tapicerka: <\/strong>Be\u017cowa tkanina Boucle zapewnia stylowy wygl\u0105d oraz trwa\u0142o\u015b\u0107 na lata.<br \/>\n\u2714\ufe0f<strong> Solidne drewniane nogi: <\/strong>Stabilne, drewniane nogi gwarantuj\u0105 pewn\u0105 podstaw\u0119 i wprowadzaj\u0105 ciep\u0142y, naturalny akcent do wn\u0119trza.<br \/>\n\u2714\ufe0f <strong>Ergonomiczny komfort: <\/strong>Wygodne siedzisko i oparcie zapewniaj\u0105 komfort nawet podczas d\u0142ugiego u\u017cytkowania.<br \/>\n\u2714\ufe0f <strong>Uniwersalne zastosowanie: <\/strong>Idealne do jadalni, kuchni lub salonu, doskonale komponuj\u0105c si\u0119 z r\u00f3\u017cnymi stylami wn\u0119trzarskimi.<br \/>\n\u2714\ufe0f <strong>Rozmiar:<\/strong> G\u0142\u0119boko\u015b\u0107 47 cm x Szeroko\u015b\u0107 47 cm x Wysoko\u015b\u0107 86 cm<br \/>\n\u2714\ufe0f <strong>Cena jednostkowa:<\/strong> 534,95 z\u0142 za krzes\u0142o.<\/p>\n<\/div>\n<\/div>\n<\/div>\n<\/div>\n","protected":false},"featured_media":6916,"template":"","meta":{"_monsterinsights_skip_tracking":false,"_monsterinsights_sitenote_active":false,"_monsterinsights_sitenote_note":"","_monsterinsights_sitenote_category":0},"product_cat":[240],"product_tag":[292,279,294,293,295,277,278],"class_list":{"0":"post-7887","1":"product","2":"type-product","3":"status-publish","4":"has-post-thumbnail","6":"product_cat-krzesla","7":"product_tag-drewniane-krzeslo-do-jadalni","8":"product_tag-eleganckie-krzeslo-do-jadalni","9":"product_tag-krzeslo-do-jadalni-drewniane-bezowe","10":"product_tag-krzeslo-do-jadalni-milano","11":"product_tag-krzeslo-z-bezowej-tkaniny","12":"product_tag-nowoczesne-krzeslo-do-jadalni","13":"product_tag-wygodne-krzeslo-do-jadalni","15":"first","16":"instock","17":"sale","18":"shipping-taxable","19":"purchasable","20":"product-type-simple"},"yoast_head":"<!-- This site is optimized with the Yoast SEO plugin v24.1 - https:\/\/yoast.com\/wordpress\/plugins\/seo\/ -->\n<title>Krzes\u0142o do jadalni Milano - Be\u017cowy Tkanina Boucle - Drewniane nogi<\/title>\n<meta name=\"description\" content=\"&quot;Krzes\u0142o Milano z be\u017cow\u0105 tkanin\u0105 boucle i drewnianymi nogami oferuje styl i trwa\u0142o\u015b\u0107, idealne do dodania nowoczesnego akcentu do ka\u017cdej jadalni\u201d.\" \/>\n<meta name=\"robots\" content=\"index, follow, max-snippet:-1, max-image-preview:large, max-video-preview:-1\" \/>\n<link rel=\"canonical\" href=\"https:\/\/peryhome.com\/pl\/product\/krzeslo-do-jadalni-milano-bezowy-tkanina-boucle-drewniane-nogi-copy-copy\/\" \/>\n<meta property=\"og:locale\" content=\"pl_PL\" \/>\n<meta property=\"og:type\" content=\"article\" \/>\n<meta property=\"og:title\" content=\"Krzes\u0142o do jadalni Milano - Be\u017cowy Tkanina Boucle - Drewniane nogi\" \/>\n<meta property=\"og:description\" content=\"&quot;Krzes\u0142o Milano z be\u017cow\u0105 tkanin\u0105 boucle i drewnianymi nogami oferuje styl i trwa\u0142o\u015b\u0107, idealne do dodania nowoczesnego akcentu do ka\u017cdej jadalni\u201d.\" \/>\n<meta property=\"og:url\" content=\"https:\/\/peryhome.com\/pl\/product\/krzeslo-do-jadalni-milano-bezowy-tkanina-boucle-drewniane-nogi-copy-copy\/\" \/>\n<meta property=\"og:site_name\" content=\"PeryHome\" \/>\n<meta property=\"article:publisher\" content=\"https:\/\/www.facebook.com\/profile.php?id=61566312622555\" \/>\n<meta property=\"article:modified_time\" content=\"2025-01-01T15:10:53+00:00\" \/>\n<meta property=\"og:image\" content=\"https:\/\/peryhome.com\/wp-content\/uploads\/2024\/11\/Milano-Krem.webp\" \/>\n\t<meta property=\"og:image:width\" content=\"1600\" \/>\n\t<meta property=\"og:image:height\" content=\"1200\" \/>\n\t<meta property=\"og:image:type\" content=\"image\/webp\" \/>\n<meta name=\"twitter:card\" content=\"summary_large_image\" \/>\n<meta name=\"twitter:label1\" content=\"Szacowany czas czytania\" \/>\n\t<meta name=\"twitter:data1\" content=\"2 minuty\" \/>\n<script type=\"application\/ld+json\" class=\"yoast-schema-graph\">{\"@context\":\"https:\/\/schema.org\",\"@graph\":[{\"@type\":\"WebPage\",\"@id\":\"https:\/\/peryhome.com\/pl\/product\/krzeslo-do-jadalni-milano-bezowy-tkanina-boucle-drewniane-nogi-copy-copy\/\",\"url\":\"https:\/\/peryhome.com\/pl\/product\/krzeslo-do-jadalni-milano-bezowy-tkanina-boucle-drewniane-nogi-copy-copy\/\",\"name\":\"Krzes\u0142o do jadalni Milano - Be\u017cowy Tkanina Boucle - Drewniane nogi\",\"isPartOf\":{\"@id\":\"https:\/\/peryhome.com\/pl\/#website\"},\"primaryImageOfPage\":{\"@id\":\"https:\/\/peryhome.com\/pl\/product\/krzeslo-do-jadalni-milano-bezowy-tkanina-boucle-drewniane-nogi-copy-copy\/#primaryimage\"},\"image\":{\"@id\":\"https:\/\/peryhome.com\/pl\/product\/krzeslo-do-jadalni-milano-bezowy-tkanina-boucle-drewniane-nogi-copy-copy\/#primaryimage\"},\"thumbnailUrl\":\"https:\/\/peryhome.com\/wp-content\/uploads\/2024\/11\/Milano-Krem.webp\",\"datePublished\":\"2024-12-02T23:01:14+00:00\",\"dateModified\":\"2025-01-01T15:10:53+00:00\",\"description\":\"\\\"Krzes\u0142o Milano z be\u017cow\u0105 tkanin\u0105 boucle i drewnianymi nogami oferuje styl i trwa\u0142o\u015b\u0107, idealne do dodania nowoczesnego akcentu do ka\u017cdej jadalni\u201d.\",\"breadcrumb\":{\"@id\":\"https:\/\/peryhome.com\/pl\/product\/krzeslo-do-jadalni-milano-bezowy-tkanina-boucle-drewniane-nogi-copy-copy\/#breadcrumb\"},\"inLanguage\":\"pl-PL\",\"potentialAction\":[{\"@type\":\"ReadAction\",\"target\":[\"https:\/\/peryhome.com\/pl\/product\/krzeslo-do-jadalni-milano-bezowy-tkanina-boucle-drewniane-nogi-copy-copy\/\"]}]},{\"@type\":\"ImageObject\",\"inLanguage\":\"pl-PL\",\"@id\":\"https:\/\/peryhome.com\/pl\/product\/krzeslo-do-jadalni-milano-bezowy-tkanina-boucle-drewniane-nogi-copy-copy\/#primaryimage\",\"url\":\"https:\/\/peryhome.com\/wp-content\/uploads\/2024\/11\/Milano-Krem.webp\",\"contentUrl\":\"https:\/\/peryhome.com\/wp-content\/uploads\/2024\/11\/Milano-Krem.webp\",\"width\":1600,\"height\":1200,\"caption\":\"Milano Dining Chair \u2013 Beige Boucle Fabric \u2013 Wooden Legs\"},{\"@type\":\"BreadcrumbList\",\"@id\":\"https:\/\/peryhome.com\/pl\/product\/krzeslo-do-jadalni-milano-bezowy-tkanina-boucle-drewniane-nogi-copy-copy\/#breadcrumb\",\"itemListElement\":[{\"@type\":\"ListItem\",\"position\":1,\"name\":\"Anasayfa\",\"item\":\"https:\/\/peryhome.com\/pl\/strona-glowna\/\"},{\"@type\":\"ListItem\",\"position\":2,\"name\":\"Shop\",\"item\":\"https:\/\/peryhome.com\/shop\/\"},{\"@type\":\"ListItem\",\"position\":3,\"name\":\"Krzes\u0142o do jadalni Milano &#8211; (zestaw 6 szt.) &#8211; Be\u017cowa tkanina Boucle &#8211; Drewniane nogi\"}]},{\"@type\":\"WebSite\",\"@id\":\"https:\/\/peryhome.com\/pl\/#website\",\"url\":\"https:\/\/peryhome.com\/pl\/\",\"name\":\"PeryHome\",\"description\":\"Art of Furniture\",\"publisher\":{\"@id\":\"https:\/\/peryhome.com\/pl\/#organization\"},\"potentialAction\":[{\"@type\":\"SearchAction\",\"target\":{\"@type\":\"EntryPoint\",\"urlTemplate\":\"https:\/\/peryhome.com\/pl\/?s={search_term_string}\"},\"query-input\":{\"@type\":\"PropertyValueSpecification\",\"valueRequired\":true,\"valueName\":\"search_term_string\"}}],\"inLanguage\":\"pl-PL\"},{\"@type\":\"Organization\",\"@id\":\"https:\/\/peryhome.com\/pl\/#organization\",\"name\":\"PeryHome\",\"url\":\"https:\/\/peryhome.com\/pl\/\",\"logo\":{\"@type\":\"ImageObject\",\"inLanguage\":\"pl-PL\",\"@id\":\"https:\/\/peryhome.com\/pl\/#\/schema\/logo\/image\/\",\"url\":\"https:\/\/peryhome.com\/wp-content\/uploads\/2024\/12\/Logo_horizontal_HQ.webp\",\"contentUrl\":\"https:\/\/peryhome.com\/wp-content\/uploads\/2024\/12\/Logo_horizontal_HQ.webp\",\"width\":1000,\"height\":269,\"caption\":\"PeryHome\"},\"image\":{\"@id\":\"https:\/\/peryhome.com\/pl\/#\/schema\/logo\/image\/\"},\"sameAs\":[\"https:\/\/www.facebook.com\/profile.php?id=61566312622555\",\"https:\/\/www.instagram.com\/peryhome.eu\/\"]}]}<\/script>\n<!-- \/ Yoast SEO plugin. -->","yoast_head_json":{"title":"Krzes\u0142o do jadalni Milano - Be\u017cowy Tkanina Boucle - Drewniane nogi","description":"\"Krzes\u0142o Milano z be\u017cow\u0105 tkanin\u0105 boucle i drewnianymi nogami oferuje styl i trwa\u0142o\u015b\u0107, idealne do dodania nowoczesnego akcentu do ka\u017cdej jadalni\u201d.","robots":{"index":"index","follow":"follow","max-snippet":"max-snippet:-1","max-image-preview":"max-image-preview:large","max-video-preview":"max-video-preview:-1"},"canonical":"https:\/\/peryhome.com\/pl\/product\/krzeslo-do-jadalni-milano-bezowy-tkanina-boucle-drewniane-nogi-copy-copy\/","og_locale":"pl_PL","og_type":"article","og_title":"Krzes\u0142o do jadalni Milano - Be\u017cowy Tkanina Boucle - Drewniane nogi","og_description":"\"Krzes\u0142o Milano z be\u017cow\u0105 tkanin\u0105 boucle i drewnianymi nogami oferuje styl i trwa\u0142o\u015b\u0107, idealne do dodania nowoczesnego akcentu do ka\u017cdej jadalni\u201d.","og_url":"https:\/\/peryhome.com\/pl\/product\/krzeslo-do-jadalni-milano-bezowy-tkanina-boucle-drewniane-nogi-copy-copy\/","og_site_name":"PeryHome","article_publisher":"https:\/\/www.facebook.com\/profile.php?id=61566312622555","article_modified_time":"2025-01-01T15:10:53+00:00","og_image":[{"width":1600,"height":1200,"url":"https:\/\/peryhome.com\/wp-content\/uploads\/2024\/11\/Milano-Krem.webp","type":"image\/webp"}],"twitter_card":"summary_large_image","twitter_misc":{"Szacowany czas czytania":"2 minuty"},"schema":{"@context":"https:\/\/schema.org","@graph":[{"@type":"WebPage","@id":"https:\/\/peryhome.com\/pl\/product\/krzeslo-do-jadalni-milano-bezowy-tkanina-boucle-drewniane-nogi-copy-copy\/","url":"https:\/\/peryhome.com\/pl\/product\/krzeslo-do-jadalni-milano-bezowy-tkanina-boucle-drewniane-nogi-copy-copy\/","name":"Krzes\u0142o do jadalni Milano - Be\u017cowy Tkanina Boucle - Drewniane nogi","isPartOf":{"@id":"https:\/\/peryhome.com\/pl\/#website"},"primaryImageOfPage":{"@id":"https:\/\/peryhome.com\/pl\/product\/krzeslo-do-jadalni-milano-bezowy-tkanina-boucle-drewniane-nogi-copy-copy\/#primaryimage"},"image":{"@id":"https:\/\/peryhome.com\/pl\/product\/krzeslo-do-jadalni-milano-bezowy-tkanina-boucle-drewniane-nogi-copy-copy\/#primaryimage"},"thumbnailUrl":"https:\/\/peryhome.com\/wp-content\/uploads\/2024\/11\/Milano-Krem.webp","datePublished":"2024-12-02T23:01:14+00:00","dateModified":"2025-01-01T15:10:53+00:00","description":"\"Krzes\u0142o Milano z be\u017cow\u0105 tkanin\u0105 boucle i drewnianymi nogami oferuje styl i trwa\u0142o\u015b\u0107, idealne do dodania nowoczesnego akcentu do ka\u017cdej jadalni\u201d.","breadcrumb":{"@id":"https:\/\/peryhome.com\/pl\/product\/krzeslo-do-jadalni-milano-bezowy-tkanina-boucle-drewniane-nogi-copy-copy\/#breadcrumb"},"inLanguage":"pl-PL","potentialAction":[{"@type":"ReadAction","target":["https:\/\/peryhome.com\/pl\/product\/krzeslo-do-jadalni-milano-bezowy-tkanina-boucle-drewniane-nogi-copy-copy\/"]}]},{"@type":"ImageObject","inLanguage":"pl-PL","@id":"https:\/\/peryhome.com\/pl\/product\/krzeslo-do-jadalni-milano-bezowy-tkanina-boucle-drewniane-nogi-copy-copy\/#primaryimage","url":"https:\/\/peryhome.com\/wp-content\/uploads\/2024\/11\/Milano-Krem.webp","contentUrl":"https:\/\/peryhome.com\/wp-content\/uploads\/2024\/11\/Milano-Krem.webp","width":1600,"height":1200,"caption":"Milano Dining Chair \u2013 Beige Boucle Fabric \u2013 Wooden Legs"},{"@type":"BreadcrumbList","@id":"https:\/\/peryhome.com\/pl\/product\/krzeslo-do-jadalni-milano-bezowy-tkanina-boucle-drewniane-nogi-copy-copy\/#breadcrumb","itemListElement":[{"@type":"ListItem","position":1,"name":"Anasayfa","item":"https:\/\/peryhome.com\/pl\/strona-glowna\/"},{"@type":"ListItem","position":2,"name":"Shop","item":"https:\/\/peryhome.com\/shop\/"},{"@type":"ListItem","position":3,"name":"Krzes\u0142o do jadalni Milano &#8211; (zestaw 6 szt.) &#8211; Be\u017cowa tkanina Boucle &#8211; Drewniane nogi"}]},{"@type":"WebSite","@id":"https:\/\/peryhome.com\/pl\/#website","url":"https:\/\/peryhome.com\/pl\/","name":"PeryHome","description":"Art of Furniture","publisher":{"@id":"https:\/\/peryhome.com\/pl\/#organization"},"potentialAction":[{"@type":"SearchAction","target":{"@type":"EntryPoint","urlTemplate":"https:\/\/peryhome.com\/pl\/?s={search_term_string}"},"query-input":{"@type":"PropertyValueSpecification","valueRequired":true,"valueName":"search_term_string"}}],"inLanguage":"pl-PL"},{"@type":"Organization","@id":"https:\/\/peryhome.com\/pl\/#organization","name":"PeryHome","url":"https:\/\/peryhome.com\/pl\/","logo":{"@type":"ImageObject","inLanguage":"pl-PL","@id":"https:\/\/peryhome.com\/pl\/#\/schema\/logo\/image\/","url":"https:\/\/peryhome.com\/wp-content\/uploads\/2024\/12\/Logo_horizontal_HQ.webp","contentUrl":"https:\/\/peryhome.com\/wp-content\/uploads\/2024\/12\/Logo_horizontal_HQ.webp","width":1000,"height":269,"caption":"PeryHome"},"image":{"@id":"https:\/\/peryhome.com\/pl\/#\/schema\/logo\/image\/"},"sameAs":["https:\/\/www.facebook.com\/profile.php?id=61566312622555","https:\/\/www.instagram.com\/peryhome.eu\/"]}]}},"jetpack_sharing_enabled":true,"_links":{"self":[{"href":"https:\/\/peryhome.com\/pl\/wp-json\/wp\/v2\/product\/7887"}],"collection":[{"href":"https:\/\/peryhome.com\/pl\/wp-json\/wp\/v2\/product"}],"about":[{"href":"https:\/\/peryhome.com\/pl\/wp-json\/wp\/v2\/types\/product"}],"version-history":[{"count":3,"href":"https:\/\/peryhome.com\/pl\/wp-json\/wp\/v2\/product\/7887\/revisions"}],"predecessor-version":[{"id":9220,"href":"https:\/\/peryhome.com\/pl\/wp-json\/wp\/v2\/product\/7887\/revisions\/9220"}],"wp:featuredmedia":[{"embeddable":true,"href":"https:\/\/peryhome.com\/pl\/wp-json\/wp\/v2\/media\/6916"}],"wp:attachment":[{"href":"https:\/\/peryhome.com\/pl\/wp-json\/wp\/v2\/media?parent=7887"}],"wp:term":[{"taxonomy":"product_cat","embeddable":true,"href":"https:\/\/peryhome.com\/pl\/wp-json\/wp\/v2\/product_cat?post=7887"},{"taxonomy":"product_tag","embeddable":true,"href":"https:\/\/peryhome.com\/pl\/wp-json\/wp\/v2\/product_tag?post=7887"}],"curies":[{"name":"wp","href":"https:\/\/api.w.org\/{rel}","templated":true}]}}