{"id":8243,"date":"2018-09-10T10:28:27","date_gmt":"2018-09-10T10:28:27","guid":{"rendered":"https:\/\/peryhome.com\/404-sayfa\/"},"modified":"2024-12-09T23:21:10","modified_gmt":"2024-12-09T23:21:10","slug":"404-sayfa","status":"publish","type":"page","link":"https:\/\/peryhome.com\/tr\/404-sayfa\/","title":{"rendered":"404 sayfa"},"content":{"rendered":"\t\t<div data-elementor-type=\"wp-post\" data-elementor-id=\"8243\" class=\"elementor elementor-8243 elementor-bc-flex-widget\" data-elementor-post-type=\"page\">\n\t\t\t\t\t\t<section class=\"elementor-section elementor-top-section elementor-element elementor-element-ded2ec7 elementor-section-boxed elementor-section-height-default elementor-section-height-default\" data-id=\"ded2ec7\" data-element_type=\"section\">\n\t\t\t\t\t\t<div class=\"elementor-container elementor-column-gap-no\">\n\t\t\t\t\t<div class=\"elementor-column elementor-col-100 elementor-top-column elementor-element elementor-element-6417725\" data-id=\"6417725\" data-element_type=\"column\">\n\t\t\t<div class=\"elementor-widget-wrap elementor-element-populated\">\n\t\t\t\t\t\t<div class=\"elementor-element elementor-element-01d486f elementor-widget elementor-widget-heading\" data-id=\"01d486f\" data-element_type=\"widget\" data-widget_type=\"heading.default\">\n\t\t\t\t<div class=\"elementor-widget-container\">\n\t\t\t\t\t<h2 class=\"elementor-heading-title elementor-size-default\">404<\/h2>\t\t\t\t<\/div>\n\t\t\t\t<\/div>\n\t\t\t\t<div class=\"elementor-element elementor-element-197a575 elementor-widget elementor-widget-heading\" data-id=\"197a575\" data-element_type=\"widget\" data-widget_type=\"heading.default\">\n\t\t\t\t<div class=\"elementor-widget-container\">\n\t\t\t\t\t<div class=\"elementor-heading-title elementor-size-default\">Bulunamad\u0131<\/div>\t\t\t\t<\/div>\n\t\t\t\t<\/div>\n\t\t\t\t<div class=\"elementor-element elementor-element-4e8530e elementor-widget-divider--view-line elementor-widget elementor-widget-divider\" data-id=\"4e8530e\" data-element_type=\"widget\" data-widget_type=\"divider.default\">\n\t\t\t\t<div class=\"elementor-widget-container\">\n\t\t\t\t\t\t\t<div class=\"elementor-divider\">\n\t\t\t<span class=\"elementor-divider-separator\">\n\t\t\t\t\t\t<\/span>\n\t\t<\/div>\n\t\t\t\t\t\t<\/div>\n\t\t\t\t<\/div>\n\t\t\t\t<div class=\"elementor-element elementor-element-eb195c8 elementor-widget elementor-widget-text-editor\" data-id=\"eb195c8\" data-element_type=\"widget\" data-widget_type=\"text-editor.default\">\n\t\t\t\t<div class=\"elementor-widget-container\">\n\t\t\t\t\t\t\t<div class=\"elementor-text-editor elementor-clearfix\"><p>Bu konumda hi\u00e7bir \u015fey bulunamam\u0131\u015f gibi g\u00f6r\u00fcn\u00fcyor. Belki bir arama yapmay\u0131 denersiniz? <\/p>\n<\/div>\n\t\t\t\t\t\t<\/div>\n\t\t\t\t<\/div>\n\t\t\t\t\t<\/div>\n\t\t<\/div>\n\t\t\t\t\t<\/div>\n\t\t<\/section>\n\t\t\t\t<section class=\"elementor-section elementor-top-section elementor-element elementor-element-21a8e2b elementor-section-boxed elementor-section-height-default elementor-section-height-default\" data-id=\"21a8e2b\" data-element_type=\"section\">\n\t\t\t\t\t\t<div class=\"elementor-container elementor-column-gap-default\">\n\t\t\t\t\t<div class=\"elementor-column elementor-col-50 elementor-top-column elementor-element elementor-element-3c6246b\" data-id=\"3c6246b\" data-element_type=\"column\">\n\t\t\t<div class=\"elementor-widget-wrap elementor-element-populated\">\n\t\t\t\t\t\t<div class=\"elementor-element elementor-element-352b0a7 elementor-align-right elementor-tablet-align-center elementor-widget elementor-widget-button\" data-id=\"352b0a7\" data-element_type=\"widget\" data-widget_type=\"button.default\">\n\t\t\t\t<div class=\"elementor-widget-container\">\n\t\t\t\t\t\t\t\t\t<div class=\"elementor-button-wrapper\">\n\t\t\t\t\t<a class=\"elementor-button elementor-button-link elementor-size-md\" href=\"\">\n\t\t\t\t\t\t<span class=\"elementor-button-content-wrapper\">\n\t\t\t\t\t\t\t\t\t<span class=\"elementor-button-text\">\u00d6nceki sayfaya geri d\u00f6n<\/span>\n\t\t\t\t\t<\/span>\n\t\t\t\t\t<\/a>\n\t\t\t\t<\/div>\n\t\t\t\t\t\t\t\t<\/div>\n\t\t\t\t<\/div>\n\t\t\t\t\t<\/div>\n\t\t<\/div>\n\t\t\t\t<div class=\"elementor-column elementor-col-50 elementor-top-column elementor-element elementor-element-c575c46\" data-id=\"c575c46\" data-element_type=\"column\">\n\t\t\t<div class=\"elementor-widget-wrap elementor-element-populated\">\n\t\t\t\t\t\t<div class=\"elementor-element elementor-element-ad6acad elementor-align-left elementor-tablet-align-center elementor-widget elementor-widget-button\" data-id=\"ad6acad\" data-element_type=\"widget\" data-widget_type=\"button.default\">\n\t\t\t\t<div class=\"elementor-widget-container\">\n\t\t\t\t\t\t\t\t\t<div class=\"elementor-button-wrapper\">\n\t\t\t\t\t<a class=\"elementor-button elementor-button-link elementor-size-md\" href=\"https:\/\/demo1.wpopal.com\/strollik\/\">\n\t\t\t\t\t\t<span class=\"elementor-button-content-wrapper\">\n\t\t\t\t\t\t\t\t\t<span class=\"elementor-button-text\">Ana sayfaya d\u00f6n<\/span>\n\t\t\t\t\t<\/span>\n\t\t\t\t\t<\/a>\n\t\t\t\t<\/div>\n\t\t\t\t\t\t\t\t<\/div>\n\t\t\t\t<\/div>\n\t\t\t\t\t<\/div>\n\t\t<\/div>\n\t\t\t\t\t<\/div>\n\t\t<\/section>\n\t\t\t\t<\/div>\n\t\t","protected":false},"excerpt":{"rendered":"<p>404 Bulunamad\u0131 Bu konumda hi\u00e7bir \u015fey bulunamam\u0131\u015f gibi g\u00f6r\u00fcn\u00fcyor. Belki bir arama yapmay\u0131 denersiniz? \u00d6nceki sayfaya geri d\u00f6n Ana sayfaya d\u00f6n<\/p>\n","protected":false},"author":1,"featured_media":0,"parent":0,"menu_order":0,"comment_status":"closed","ping_status":"closed","template":"","meta":{"_monsterinsights_skip_tracking":false,"_monsterinsights_sitenote_active":false,"_monsterinsights_sitenote_note":"","_monsterinsights_sitenote_category":0,"footnotes":""},"class_list":["post-8243","page","type-page","status-publish","hentry"],"yoast_head":"<!-- This site is optimized with the Yoast SEO plugin v24.1 - https:\/\/yoast.com\/wordpress\/plugins\/seo\/ -->\n<title>404 sayfa - PeryHome<\/title>\n<meta name=\"robots\" content=\"index, follow, max-snippet:-1, max-image-preview:large, max-video-preview:-1\" \/>\n<link rel=\"canonical\" href=\"https:\/\/peryhome.com\/tr\/404-sayfa\/\" \/>\n<meta property=\"og:locale\" content=\"tr_TR\" \/>\n<meta property=\"og:type\" content=\"article\" \/>\n<meta property=\"og:title\" content=\"404 sayfa - PeryHome\" \/>\n<meta property=\"og:description\" content=\"404 Bulunamad\u0131 Bu konumda hi\u00e7bir \u015fey bulunamam\u0131\u015f gibi g\u00f6r\u00fcn\u00fcyor. Belki bir arama yapmay\u0131 denersiniz? \u00d6nceki sayfaya geri d\u00f6n Ana sayfaya d\u00f6n\" \/>\n<meta property=\"og:url\" content=\"https:\/\/peryhome.com\/tr\/404-sayfa\/\" \/>\n<meta property=\"og:site_name\" content=\"PeryHome\" \/>\n<meta property=\"article:publisher\" content=\"https:\/\/www.facebook.com\/profile.php?id=61566312622555\" \/>\n<meta property=\"article:modified_time\" content=\"2024-12-09T23:21:10+00:00\" \/>\n<meta name=\"twitter:card\" content=\"summary_large_image\" \/>\n<script type=\"application\/ld+json\" class=\"yoast-schema-graph\">{\"@context\":\"https:\/\/schema.org\",\"@graph\":[{\"@type\":\"WebPage\",\"@id\":\"https:\/\/peryhome.com\/tr\/404-sayfa\/\",\"url\":\"https:\/\/peryhome.com\/tr\/404-sayfa\/\",\"name\":\"404 sayfa - PeryHome\",\"isPartOf\":{\"@id\":\"https:\/\/peryhome.com\/tr\/#website\"},\"datePublished\":\"2018-09-10T10:28:27+00:00\",\"dateModified\":\"2024-12-09T23:21:10+00:00\",\"breadcrumb\":{\"@id\":\"https:\/\/peryhome.com\/tr\/404-sayfa\/#breadcrumb\"},\"inLanguage\":\"tr\",\"potentialAction\":[{\"@type\":\"ReadAction\",\"target\":[\"https:\/\/peryhome.com\/tr\/404-sayfa\/\"]}]},{\"@type\":\"BreadcrumbList\",\"@id\":\"https:\/\/peryhome.com\/tr\/404-sayfa\/#breadcrumb\",\"itemListElement\":[{\"@type\":\"ListItem\",\"position\":1,\"name\":\"Anasayfa\",\"item\":\"https:\/\/peryhome.com\/tr\/anasayfa\/\"},{\"@type\":\"ListItem\",\"position\":2,\"name\":\"404 sayfa\"}]},{\"@type\":\"WebSite\",\"@id\":\"https:\/\/peryhome.com\/tr\/#website\",\"url\":\"https:\/\/peryhome.com\/tr\/\",\"name\":\"PeryHome\",\"description\":\"Art of Furniture\",\"publisher\":{\"@id\":\"https:\/\/peryhome.com\/tr\/#organization\"},\"potentialAction\":[{\"@type\":\"SearchAction\",\"target\":{\"@type\":\"EntryPoint\",\"urlTemplate\":\"https:\/\/peryhome.com\/tr\/?s={search_term_string}\"},\"query-input\":{\"@type\":\"PropertyValueSpecification\",\"valueRequired\":true,\"valueName\":\"search_term_string\"}}],\"inLanguage\":\"tr\"},{\"@type\":\"Organization\",\"@id\":\"https:\/\/peryhome.com\/tr\/#organization\",\"name\":\"PeryHome\",\"url\":\"https:\/\/peryhome.com\/tr\/\",\"logo\":{\"@type\":\"ImageObject\",\"inLanguage\":\"tr\",\"@id\":\"https:\/\/peryhome.com\/tr\/#\/schema\/logo\/image\/\",\"url\":\"https:\/\/peryhome.com\/wp-content\/uploads\/2024\/12\/Logo_horizontal_HQ.webp\",\"contentUrl\":\"https:\/\/peryhome.com\/wp-content\/uploads\/2024\/12\/Logo_horizontal_HQ.webp\",\"width\":1000,\"height\":269,\"caption\":\"PeryHome\"},\"image\":{\"@id\":\"https:\/\/peryhome.com\/tr\/#\/schema\/logo\/image\/\"},\"sameAs\":[\"https:\/\/www.facebook.com\/profile.php?id=61566312622555\",\"https:\/\/www.instagram.com\/peryhome.eu\/\"]}]}<\/script>\n<!-- \/ Yoast SEO plugin. -->","yoast_head_json":{"title":"404 sayfa - PeryHome","robots":{"index":"index","follow":"follow","max-snippet":"max-snippet:-1","max-image-preview":"max-image-preview:large","max-video-preview":"max-video-preview:-1"},"canonical":"https:\/\/peryhome.com\/tr\/404-sayfa\/","og_locale":"tr_TR","og_type":"article","og_title":"404 sayfa - PeryHome","og_description":"404 Bulunamad\u0131 Bu konumda hi\u00e7bir \u015fey bulunamam\u0131\u015f gibi g\u00f6r\u00fcn\u00fcyor. Belki bir arama yapmay\u0131 denersiniz? \u00d6nceki sayfaya geri d\u00f6n Ana sayfaya d\u00f6n","og_url":"https:\/\/peryhome.com\/tr\/404-sayfa\/","og_site_name":"PeryHome","article_publisher":"https:\/\/www.facebook.com\/profile.php?id=61566312622555","article_modified_time":"2024-12-09T23:21:10+00:00","twitter_card":"summary_large_image","schema":{"@context":"https:\/\/schema.org","@graph":[{"@type":"WebPage","@id":"https:\/\/peryhome.com\/tr\/404-sayfa\/","url":"https:\/\/peryhome.com\/tr\/404-sayfa\/","name":"404 sayfa - PeryHome","isPartOf":{"@id":"https:\/\/peryhome.com\/tr\/#website"},"datePublished":"2018-09-10T10:28:27+00:00","dateModified":"2024-12-09T23:21:10+00:00","breadcrumb":{"@id":"https:\/\/peryhome.com\/tr\/404-sayfa\/#breadcrumb"},"inLanguage":"tr","potentialAction":[{"@type":"ReadAction","target":["https:\/\/peryhome.com\/tr\/404-sayfa\/"]}]},{"@type":"BreadcrumbList","@id":"https:\/\/peryhome.com\/tr\/404-sayfa\/#breadcrumb","itemListElement":[{"@type":"ListItem","position":1,"name":"Anasayfa","item":"https:\/\/peryhome.com\/tr\/anasayfa\/"},{"@type":"ListItem","position":2,"name":"404 sayfa"}]},{"@type":"WebSite","@id":"https:\/\/peryhome.com\/tr\/#website","url":"https:\/\/peryhome.com\/tr\/","name":"PeryHome","description":"Art of Furniture","publisher":{"@id":"https:\/\/peryhome.com\/tr\/#organization"},"potentialAction":[{"@type":"SearchAction","target":{"@type":"EntryPoint","urlTemplate":"https:\/\/peryhome.com\/tr\/?s={search_term_string}"},"query-input":{"@type":"PropertyValueSpecification","valueRequired":true,"valueName":"search_term_string"}}],"inLanguage":"tr"},{"@type":"Organization","@id":"https:\/\/peryhome.com\/tr\/#organization","name":"PeryHome","url":"https:\/\/peryhome.com\/tr\/","logo":{"@type":"ImageObject","inLanguage":"tr","@id":"https:\/\/peryhome.com\/tr\/#\/schema\/logo\/image\/","url":"https:\/\/peryhome.com\/wp-content\/uploads\/2024\/12\/Logo_horizontal_HQ.webp","contentUrl":"https:\/\/peryhome.com\/wp-content\/uploads\/2024\/12\/Logo_horizontal_HQ.webp","width":1000,"height":269,"caption":"PeryHome"},"image":{"@id":"https:\/\/peryhome.com\/tr\/#\/schema\/logo\/image\/"},"sameAs":["https:\/\/www.facebook.com\/profile.php?id=61566312622555","https:\/\/www.instagram.com\/peryhome.eu\/"]}]}},"jetpack_sharing_enabled":true,"_links":{"self":[{"href":"https:\/\/peryhome.com\/tr\/wp-json\/wp\/v2\/pages\/8243"}],"collection":[{"href":"https:\/\/peryhome.com\/tr\/wp-json\/wp\/v2\/pages"}],"about":[{"href":"https:\/\/peryhome.com\/tr\/wp-json\/wp\/v2\/types\/page"}],"author":[{"embeddable":true,"href":"https:\/\/peryhome.com\/tr\/wp-json\/wp\/v2\/users\/1"}],"replies":[{"embeddable":true,"href":"https:\/\/peryhome.com\/tr\/wp-json\/wp\/v2\/comments?post=8243"}],"version-history":[{"count":1,"href":"https:\/\/peryhome.com\/tr\/wp-json\/wp\/v2\/pages\/8243\/revisions"}],"predecessor-version":[{"id":8244,"href":"https:\/\/peryhome.com\/tr\/wp-json\/wp\/v2\/pages\/8243\/revisions\/8244"}],"wp:attachment":[{"href":"https:\/\/peryhome.com\/tr\/wp-json\/wp\/v2\/media?parent=8243"}],"curies":[{"name":"wp","href":"https:\/\/api.w.org\/{rel}","templated":true}]}}