{"id":8271,"date":"2018-09-10T02:24:42","date_gmt":"2018-09-10T02:24:42","guid":{"rendered":"https:\/\/peryhome.com\/sss\/"},"modified":"2024-12-09T23:21:32","modified_gmt":"2024-12-09T23:21:32","slug":"sss","status":"publish","type":"page","link":"https:\/\/peryhome.com\/tr\/sss\/","title":{"rendered":"SSS"},"content":{"rendered":"\t\t<div data-elementor-type=\"wp-post\" data-elementor-id=\"8271\" class=\"elementor elementor-8271\" data-elementor-post-type=\"page\">\n\t\t\t\t\t\t<section class=\"elementor-section elementor-top-section elementor-element elementor-element-bba43ed elementor-section-boxed elementor-section-height-default elementor-section-height-default\" data-id=\"bba43ed\" data-element_type=\"section\">\n\t\t\t\t\t\t<div class=\"elementor-container elementor-column-gap-no\">\n\t\t\t\t\t<div class=\"elementor-column elementor-col-100 elementor-top-column elementor-element elementor-element-e1d0703 animated-fast elementor-invisible\" data-id=\"e1d0703\" data-element_type=\"column\" data-settings=\"{&quot;animation&quot;:&quot;opal-move-up&quot;}\">\n\t\t\t<div class=\"elementor-widget-wrap elementor-element-populated\">\n\t\t\t\t\t\t<div class=\"elementor-element elementor-element-b4dbf8e elementor-widget elementor-widget-accordion\" data-id=\"b4dbf8e\" data-element_type=\"widget\" data-widget_type=\"accordion.default\">\n\t\t\t\t<div class=\"elementor-widget-container\">\n\t\t\t\t\t        <div class=\"elementor-accordion\" role=\"tablist\">\n                    <div class=\"elementor-accordion-item\">\n            <div id=\"elementor-tab-title-1891\" class=\"elementor-tab-title\" tabindex=\"1891\" data-tab=\"1\" role=\"tab\" aria-controls=\"elementor-tab-content-1891\">\n                        <span class=\"elementor-accordion-icon elementor-accordion-icon-left\" aria-hidden=\"true\">\n\t\t\t\t\t\t\t<i class=\"elementor-accordion-icon-closed fa fa-plus\"><\/i>\n\t\t\t\t\t\t\t<i class=\"elementor-accordion-icon-opened fa fa-minus\"><\/i>\n\t\t\t\t\t\t<\/span>\n                    Sipari\u015fimi nas\u0131l takip edebilirim?            <\/div>\n            <div id=\"elementor-tab-content-1891\" class=\"elementor-tab-content elementor-clearfix\" data-tab=\"1\" role=\"tabpanel\" aria-labelledby=\"elementor-tab-title-1891\"><p>Sipari\u015finiz g\u00f6nderildikten sonra e-posta adresinize bir takip numaras\u0131 g\u00f6nderilecektir. Sipari\u015finizin durumunu kuryenin web sitesinden kontrol etmek i\u00e7in bu numaray\u0131 kullanabilirsiniz. <\/p>\n<\/div>\n            <\/div>\n                    <div class=\"elementor-accordion-item\">\n            <div id=\"elementor-tab-title-1892\" class=\"elementor-tab-title\" tabindex=\"1892\" data-tab=\"2\" role=\"tab\" aria-controls=\"elementor-tab-content-1892\">\n                        <span class=\"elementor-accordion-icon elementor-accordion-icon-left\" aria-hidden=\"true\">\n\t\t\t\t\t\t\t<i class=\"elementor-accordion-icon-closed fa fa-plus\"><\/i>\n\t\t\t\t\t\t\t<i class=\"elementor-accordion-icon-opened fa fa-minus\"><\/i>\n\t\t\t\t\t\t<\/span>\n                    Sipari\u015fimi iptal edebilir miyim?            <\/div>\n            <div id=\"elementor-tab-content-1892\" class=\"elementor-tab-content elementor-clearfix\" data-tab=\"2\" role=\"tabpanel\" aria-labelledby=\"elementor-tab-title-1892\"><p>Evet, sipari\u015finizi g\u00f6nderilmeden \u00f6nce iptal edebilirsiniz. \u0130ptal s\u00fcrecine yard\u0131mc\u0131 olmak i\u00e7in l\u00fctfen m\u00fc\u015fteri hizmetleri ekibimizle ileti\u015fime ge\u00e7in. <\/p>\n<\/div>\n            <\/div>\n                    <div class=\"elementor-accordion-item\">\n            <div id=\"elementor-tab-title-1893\" class=\"elementor-tab-title\" tabindex=\"1893\" data-tab=\"3\" role=\"tab\" aria-controls=\"elementor-tab-content-1893\">\n                        <span class=\"elementor-accordion-icon elementor-accordion-icon-left\" aria-hidden=\"true\">\n\t\t\t\t\t\t\t<i class=\"elementor-accordion-icon-closed fa fa-plus\"><\/i>\n\t\t\t\t\t\t\t<i class=\"elementor-accordion-icon-opened fa fa-minus\"><\/i>\n\t\t\t\t\t\t<\/span>\n                    \u00dcr\u00fcnleri iade etmek i\u00e7in bir zaman s\u0131n\u0131r\u0131 var m\u0131?            <\/div>\n            <div id=\"elementor-tab-content-1893\" class=\"elementor-tab-content elementor-clearfix\" data-tab=\"3\" role=\"tabpanel\" aria-labelledby=\"elementor-tab-title-1893\"><p>Evet, \u00fcr\u00fcnleri teslimat tarihinden itibaren 14 g\u00fcn i\u00e7inde iade edebilirsiniz. \u0130ade s\u00fcreciyle ilgili ayr\u0131nt\u0131lar i\u00e7in l\u00fctfen iade ve geri \u00f6deme politikas\u0131 sayfam\u0131z\u0131 ziyaret edin. <\/p>\n<\/div>\n            <\/div>\n                    <div class=\"elementor-accordion-item\">\n            <div id=\"elementor-tab-title-1894\" class=\"elementor-tab-title\" tabindex=\"1894\" data-tab=\"4\" role=\"tab\" aria-controls=\"elementor-tab-content-1894\">\n                        <span class=\"elementor-accordion-icon elementor-accordion-icon-left\" aria-hidden=\"true\">\n\t\t\t\t\t\t\t<i class=\"elementor-accordion-icon-closed fa fa-plus\"><\/i>\n\t\t\t\t\t\t\t<i class=\"elementor-accordion-icon-opened fa fa-minus\"><\/i>\n\t\t\t\t\t\t<\/span>\n                    Hangi \u00f6deme se\u00e7enekleri mevcut?            <\/div>\n            <div id=\"elementor-tab-content-1894\" class=\"elementor-tab-content elementor-clearfix\" data-tab=\"4\" role=\"tabpanel\" aria-labelledby=\"elementor-tab-title-1894\"><p>PeryHome&#8217;da kredi kart\u0131, banka kart\u0131 ve di\u011fer g\u00fcvenli online \u00f6deme y\u00f6ntemlerini kabul ediyoruz. T\u00fcm \u00f6demeler g\u00fcvenli altyap\u0131 ile korunmaktad\u0131r. <\/p>\n<\/div>\n            <\/div>\n                    <div class=\"elementor-accordion-item\">\n            <div id=\"elementor-tab-title-1895\" class=\"elementor-tab-title\" tabindex=\"1895\" data-tab=\"5\" role=\"tab\" aria-controls=\"elementor-tab-content-1895\">\n                        <span class=\"elementor-accordion-icon elementor-accordion-icon-left\" aria-hidden=\"true\">\n\t\t\t\t\t\t\t<i class=\"elementor-accordion-icon-closed fa fa-plus\"><\/i>\n\t\t\t\t\t\t\t<i class=\"elementor-accordion-icon-opened fa fa-minus\"><\/i>\n\t\t\t\t\t\t<\/span>\n                    Teslimat ne kadar s\u00fcrer?            <\/div>\n            <div id=\"elementor-tab-content-1895\" class=\"elementor-tab-content elementor-clearfix\" data-tab=\"5\" role=\"tabpanel\" aria-labelledby=\"elementor-tab-title-1895\"><p>Teslimat s\u00fcresi, \u00fcr\u00fcn mevcudiyetine ve teslimat adresinize ba\u011fl\u0131d\u0131r. Tahmini teslimat s\u00fcresi, \u00f6deme s\u0131ras\u0131nda \u00f6deme sayfas\u0131nda g\u00f6sterilir. <\/p>\n<\/div>\n            <\/div>\n                    <div class=\"elementor-accordion-item\">\n            <div id=\"elementor-tab-title-1896\" class=\"elementor-tab-title\" tabindex=\"1896\" data-tab=\"6\" role=\"tab\" aria-controls=\"elementor-tab-content-1896\">\n                        <span class=\"elementor-accordion-icon elementor-accordion-icon-left\" aria-hidden=\"true\">\n\t\t\t\t\t\t\t<i class=\"elementor-accordion-icon-closed fa fa-plus\"><\/i>\n\t\t\t\t\t\t\t<i class=\"elementor-accordion-icon-opened fa fa-minus\"><\/i>\n\t\t\t\t\t\t<\/span>\n                    Sipari\u015fimle ilgili bir sorun varsa ne yapmal\u0131y\u0131m?            <\/div>\n            <div id=\"elementor-tab-content-1896\" class=\"elementor-tab-content elementor-clearfix\" data-tab=\"6\" role=\"tabpanel\" aria-labelledby=\"elementor-tab-title-1896\"><p>Sipari\u015finizle ilgili herhangi bir sorunla kar\u015f\u0131la\u015f\u0131rsan\u0131z, l\u00fctfen hemen m\u00fc\u015fteri hizmetleri ekibimizle ileti\u015fime ge\u00e7in. Ekibimiz size m\u00fcmk\u00fcn olan en k\u0131sa s\u00fcrede yard\u0131mc\u0131 olacakt\u0131r. <\/p><\/p>\n<\/div>\n            <\/div>\n                    <div class=\"elementor-accordion-item\">\n            <div id=\"elementor-tab-title-1897\" class=\"elementor-tab-title\" tabindex=\"1897\" data-tab=\"7\" role=\"tab\" aria-controls=\"elementor-tab-content-1897\">\n                        <span class=\"elementor-accordion-icon elementor-accordion-icon-left\" aria-hidden=\"true\">\n\t\t\t\t\t\t\t<i class=\"elementor-accordion-icon-closed fa fa-plus\"><\/i>\n\t\t\t\t\t\t\t<i class=\"elementor-accordion-icon-opened fa fa-minus\"><\/i>\n\t\t\t\t\t\t<\/span>\n                    Garanti s\u00fcresinden sonra destek alabilir miyim?            <\/div>\n            <div id=\"elementor-tab-content-1897\" class=\"elementor-tab-content elementor-clearfix\" data-tab=\"7\" role=\"tabpanel\" aria-labelledby=\"elementor-tab-title-1897\"><p>Evet, \u00fcr\u00fcn\u00fcn\u00fcz garanti kapsam\u0131 d\u0131\u015f\u0131nda olsa bile, sorular\u0131n\u0131z veya destek ihtiya\u00e7lar\u0131n\u0131z i\u00e7in bize ula\u015fabilirsiniz. \u00dcr\u00fcn bak\u0131m\u0131 ve deste\u011fi konusunda size yard\u0131mc\u0131 olmak i\u00e7in buraday\u0131z. <\/p>\n<\/div>\n            <\/div>\n                    <div class=\"elementor-accordion-item\">\n            <div id=\"elementor-tab-title-1898\" class=\"elementor-tab-title\" tabindex=\"1898\" data-tab=\"8\" role=\"tab\" aria-controls=\"elementor-tab-content-1898\">\n                        <span class=\"elementor-accordion-icon elementor-accordion-icon-left\" aria-hidden=\"true\">\n\t\t\t\t\t\t\t<i class=\"elementor-accordion-icon-closed fa fa-plus\"><\/i>\n\t\t\t\t\t\t\t<i class=\"elementor-accordion-icon-opened fa fa-minus\"><\/i>\n\t\t\t\t\t\t<\/span>\n                    Sipari\u015fimi bir PeryHome ma\u011fazas\u0131ndan teslim alabilir miyim?            <\/div>\n            <div id=\"elementor-tab-content-1898\" class=\"elementor-tab-content elementor-clearfix\" data-tab=\"8\" role=\"tabpanel\" aria-labelledby=\"elementor-tab-title-1898\"><p>\u015eu anda yaln\u0131zca eve teslimat sunuyoruz. T\u00fcm sipari\u015fler belirtilen adrese g\u00f6nderilir. <\/p>\n<\/div>\n            <\/div>\n                <\/div>\n        \t\t\t\t<\/div>\n\t\t\t\t<\/div>\n\t\t\t\t\t<\/div>\n\t\t<\/div>\n\t\t\t\t\t<\/div>\n\t\t<\/section>\n\t\t\t\t<\/div>\n\t\t","protected":false},"excerpt":{"rendered":"<p>Sipari\u015fimi nas\u0131l takip edebilirim? Sipari\u015finiz g\u00f6nderildikten sonra e-posta adresinize bir takip numaras\u0131 g\u00f6nderilecektir. Sipari\u015finizin durumunu kuryenin web sitesinden kontrol etmek i\u00e7in bu numaray\u0131 kullanabilirsiniz. Sipari\u015fimi iptal edebilir miyim? Evet, sipari\u015finizi g\u00f6nderilmeden \u00f6nce iptal edebilirsiniz. \u0130ptal s\u00fcrecine yard\u0131mc\u0131 olmak i\u00e7in l\u00fctfen m\u00fc\u015fteri hizmetleri ekibimizle ileti\u015fime ge\u00e7in. \u00dcr\u00fcnleri iade etmek i\u00e7in bir zaman s\u0131n\u0131r\u0131 var m\u0131? Evet, &hellip; <\/p>\n<p class=\"link-more\"><a href=\"https:\/\/peryhome.com\/tr\/sss\/\" class=\"more-link\">Read More <span class=\"screen-reader-text\"> &#8220;SSS&#8221;<\/span><\/a><\/p>\n","protected":false},"author":1,"featured_media":0,"parent":0,"menu_order":0,"comment_status":"closed","ping_status":"closed","template":"","meta":{"_monsterinsights_skip_tracking":false,"_monsterinsights_sitenote_active":false,"_monsterinsights_sitenote_note":"","_monsterinsights_sitenote_category":0,"footnotes":""},"class_list":["post-8271","page","type-page","status-publish","hentry"],"yoast_head":"<!-- This site is optimized with the Yoast SEO plugin v24.1 - https:\/\/yoast.com\/wordpress\/plugins\/seo\/ -->\n<title>SSS - PeryHome<\/title>\n<meta name=\"robots\" content=\"index, follow, max-snippet:-1, max-image-preview:large, max-video-preview:-1\" \/>\n<link rel=\"canonical\" href=\"https:\/\/peryhome.com\/tr\/sss\/\" \/>\n<meta property=\"og:locale\" content=\"tr_TR\" \/>\n<meta property=\"og:type\" content=\"article\" \/>\n<meta property=\"og:title\" content=\"SSS - PeryHome\" \/>\n<meta property=\"og:description\" content=\"Sipari\u015fimi nas\u0131l takip edebilirim? Sipari\u015finiz g\u00f6nderildikten sonra e-posta adresinize bir takip numaras\u0131 g\u00f6nderilecektir. Sipari\u015finizin durumunu kuryenin web sitesinden kontrol etmek i\u00e7in bu numaray\u0131 kullanabilirsiniz. Sipari\u015fimi iptal edebilir miyim? Evet, sipari\u015finizi g\u00f6nderilmeden \u00f6nce iptal edebilirsiniz. \u0130ptal s\u00fcrecine yard\u0131mc\u0131 olmak i\u00e7in l\u00fctfen m\u00fc\u015fteri hizmetleri ekibimizle ileti\u015fime ge\u00e7in. \u00dcr\u00fcnleri iade etmek i\u00e7in bir zaman s\u0131n\u0131r\u0131 var m\u0131? Evet, &hellip; Read More &quot;SSS&quot;\" \/>\n<meta property=\"og:url\" content=\"https:\/\/peryhome.com\/tr\/sss\/\" \/>\n<meta property=\"og:site_name\" content=\"PeryHome\" \/>\n<meta property=\"article:publisher\" content=\"https:\/\/www.facebook.com\/profile.php?id=61566312622555\" \/>\n<meta property=\"article:modified_time\" content=\"2024-12-09T23:21:32+00:00\" \/>\n<meta name=\"twitter:card\" content=\"summary_large_image\" \/>\n<meta name=\"twitter:label1\" content=\"Tahmini okuma s\u00fcresi\" \/>\n\t<meta name=\"twitter:data1\" content=\"1 dakika\" \/>\n<script type=\"application\/ld+json\" class=\"yoast-schema-graph\">{\"@context\":\"https:\/\/schema.org\",\"@graph\":[{\"@type\":\"WebPage\",\"@id\":\"https:\/\/peryhome.com\/tr\/sss\/\",\"url\":\"https:\/\/peryhome.com\/tr\/sss\/\",\"name\":\"SSS - PeryHome\",\"isPartOf\":{\"@id\":\"https:\/\/peryhome.com\/tr\/#website\"},\"datePublished\":\"2018-09-10T02:24:42+00:00\",\"dateModified\":\"2024-12-09T23:21:32+00:00\",\"breadcrumb\":{\"@id\":\"https:\/\/peryhome.com\/tr\/sss\/#breadcrumb\"},\"inLanguage\":\"tr\",\"potentialAction\":[{\"@type\":\"ReadAction\",\"target\":[\"https:\/\/peryhome.com\/tr\/sss\/\"]}]},{\"@type\":\"BreadcrumbList\",\"@id\":\"https:\/\/peryhome.com\/tr\/sss\/#breadcrumb\",\"itemListElement\":[{\"@type\":\"ListItem\",\"position\":1,\"name\":\"Anasayfa\",\"item\":\"https:\/\/peryhome.com\/tr\/anasayfa\/\"},{\"@type\":\"ListItem\",\"position\":2,\"name\":\"SSS\"}]},{\"@type\":\"WebSite\",\"@id\":\"https:\/\/peryhome.com\/tr\/#website\",\"url\":\"https:\/\/peryhome.com\/tr\/\",\"name\":\"PeryHome\",\"description\":\"Art of Furniture\",\"publisher\":{\"@id\":\"https:\/\/peryhome.com\/tr\/#organization\"},\"potentialAction\":[{\"@type\":\"SearchAction\",\"target\":{\"@type\":\"EntryPoint\",\"urlTemplate\":\"https:\/\/peryhome.com\/tr\/?s={search_term_string}\"},\"query-input\":{\"@type\":\"PropertyValueSpecification\",\"valueRequired\":true,\"valueName\":\"search_term_string\"}}],\"inLanguage\":\"tr\"},{\"@type\":\"Organization\",\"@id\":\"https:\/\/peryhome.com\/tr\/#organization\",\"name\":\"PeryHome\",\"url\":\"https:\/\/peryhome.com\/tr\/\",\"logo\":{\"@type\":\"ImageObject\",\"inLanguage\":\"tr\",\"@id\":\"https:\/\/peryhome.com\/tr\/#\/schema\/logo\/image\/\",\"url\":\"https:\/\/peryhome.com\/wp-content\/uploads\/2024\/12\/Logo_horizontal_HQ.webp\",\"contentUrl\":\"https:\/\/peryhome.com\/wp-content\/uploads\/2024\/12\/Logo_horizontal_HQ.webp\",\"width\":1000,\"height\":269,\"caption\":\"PeryHome\"},\"image\":{\"@id\":\"https:\/\/peryhome.com\/tr\/#\/schema\/logo\/image\/\"},\"sameAs\":[\"https:\/\/www.facebook.com\/profile.php?id=61566312622555\",\"https:\/\/www.instagram.com\/peryhome.eu\/\"]}]}<\/script>\n<!-- \/ Yoast SEO plugin. -->","yoast_head_json":{"title":"SSS - PeryHome","robots":{"index":"index","follow":"follow","max-snippet":"max-snippet:-1","max-image-preview":"max-image-preview:large","max-video-preview":"max-video-preview:-1"},"canonical":"https:\/\/peryhome.com\/tr\/sss\/","og_locale":"tr_TR","og_type":"article","og_title":"SSS - PeryHome","og_description":"Sipari\u015fimi nas\u0131l takip edebilirim? Sipari\u015finiz g\u00f6nderildikten sonra e-posta adresinize bir takip numaras\u0131 g\u00f6nderilecektir. Sipari\u015finizin durumunu kuryenin web sitesinden kontrol etmek i\u00e7in bu numaray\u0131 kullanabilirsiniz. Sipari\u015fimi iptal edebilir miyim? Evet, sipari\u015finizi g\u00f6nderilmeden \u00f6nce iptal edebilirsiniz. \u0130ptal s\u00fcrecine yard\u0131mc\u0131 olmak i\u00e7in l\u00fctfen m\u00fc\u015fteri hizmetleri ekibimizle ileti\u015fime ge\u00e7in. \u00dcr\u00fcnleri iade etmek i\u00e7in bir zaman s\u0131n\u0131r\u0131 var m\u0131? Evet, &hellip; Read More \"SSS\"","og_url":"https:\/\/peryhome.com\/tr\/sss\/","og_site_name":"PeryHome","article_publisher":"https:\/\/www.facebook.com\/profile.php?id=61566312622555","article_modified_time":"2024-12-09T23:21:32+00:00","twitter_card":"summary_large_image","twitter_misc":{"Tahmini okuma s\u00fcresi":"1 dakika"},"schema":{"@context":"https:\/\/schema.org","@graph":[{"@type":"WebPage","@id":"https:\/\/peryhome.com\/tr\/sss\/","url":"https:\/\/peryhome.com\/tr\/sss\/","name":"SSS - PeryHome","isPartOf":{"@id":"https:\/\/peryhome.com\/tr\/#website"},"datePublished":"2018-09-10T02:24:42+00:00","dateModified":"2024-12-09T23:21:32+00:00","breadcrumb":{"@id":"https:\/\/peryhome.com\/tr\/sss\/#breadcrumb"},"inLanguage":"tr","potentialAction":[{"@type":"ReadAction","target":["https:\/\/peryhome.com\/tr\/sss\/"]}]},{"@type":"BreadcrumbList","@id":"https:\/\/peryhome.com\/tr\/sss\/#breadcrumb","itemListElement":[{"@type":"ListItem","position":1,"name":"Anasayfa","item":"https:\/\/peryhome.com\/tr\/anasayfa\/"},{"@type":"ListItem","position":2,"name":"SSS"}]},{"@type":"WebSite","@id":"https:\/\/peryhome.com\/tr\/#website","url":"https:\/\/peryhome.com\/tr\/","name":"PeryHome","description":"Art of Furniture","publisher":{"@id":"https:\/\/peryhome.com\/tr\/#organization"},"potentialAction":[{"@type":"SearchAction","target":{"@type":"EntryPoint","urlTemplate":"https:\/\/peryhome.com\/tr\/?s={search_term_string}"},"query-input":{"@type":"PropertyValueSpecification","valueRequired":true,"valueName":"search_term_string"}}],"inLanguage":"tr"},{"@type":"Organization","@id":"https:\/\/peryhome.com\/tr\/#organization","name":"PeryHome","url":"https:\/\/peryhome.com\/tr\/","logo":{"@type":"ImageObject","inLanguage":"tr","@id":"https:\/\/peryhome.com\/tr\/#\/schema\/logo\/image\/","url":"https:\/\/peryhome.com\/wp-content\/uploads\/2024\/12\/Logo_horizontal_HQ.webp","contentUrl":"https:\/\/peryhome.com\/wp-content\/uploads\/2024\/12\/Logo_horizontal_HQ.webp","width":1000,"height":269,"caption":"PeryHome"},"image":{"@id":"https:\/\/peryhome.com\/tr\/#\/schema\/logo\/image\/"},"sameAs":["https:\/\/www.facebook.com\/profile.php?id=61566312622555","https:\/\/www.instagram.com\/peryhome.eu\/"]}]}},"jetpack_sharing_enabled":true,"_links":{"self":[{"href":"https:\/\/peryhome.com\/tr\/wp-json\/wp\/v2\/pages\/8271"}],"collection":[{"href":"https:\/\/peryhome.com\/tr\/wp-json\/wp\/v2\/pages"}],"about":[{"href":"https:\/\/peryhome.com\/tr\/wp-json\/wp\/v2\/types\/page"}],"author":[{"embeddable":true,"href":"https:\/\/peryhome.com\/tr\/wp-json\/wp\/v2\/users\/1"}],"replies":[{"embeddable":true,"href":"https:\/\/peryhome.com\/tr\/wp-json\/wp\/v2\/comments?post=8271"}],"version-history":[{"count":1,"href":"https:\/\/peryhome.com\/tr\/wp-json\/wp\/v2\/pages\/8271\/revisions"}],"predecessor-version":[{"id":8272,"href":"https:\/\/peryhome.com\/tr\/wp-json\/wp\/v2\/pages\/8271\/revisions\/8272"}],"wp:attachment":[{"href":"https:\/\/peryhome.com\/tr\/wp-json\/wp\/v2\/media?parent=8271"}],"curies":[{"name":"wp","href":"https:\/\/api.w.org\/{rel}","templated":true}]}}