{"id":8360,"date":"2024-11-03T12:32:45","date_gmt":"2024-11-03T12:32:45","guid":{"rendered":"https:\/\/peryhome.com\/koltuk\/"},"modified":"2024-12-09T11:49:30","modified_gmt":"2024-12-09T11:49:30","slug":"koltuk","status":"publish","type":"page","link":"https:\/\/peryhome.com\/tr\/koltuk\/","title":{"rendered":"Koltuk"},"content":{"rendered":"\t\t<div data-elementor-type=\"wp-page\" data-elementor-id=\"8360\" class=\"elementor elementor-8360\" data-elementor-post-type=\"page\">\n\t\t\t\t<div class=\"elementor-element elementor-element-6aa2338a e-flex e-con-boxed e-con e-parent\" data-id=\"6aa2338a\" data-element_type=\"container\">\n\t\t\t\t\t<div class=\"e-con-inner\">\n\t\t\t\t<div class=\"elementor-element elementor-element-2de94057 elementor-widget elementor-widget-text-editor\" data-id=\"2de94057\" data-element_type=\"widget\" data-widget_type=\"text-editor.default\">\n\t\t\t\t<div class=\"elementor-widget-container\">\n\t\t\t\t\t\t\t<div class=\"elementor-text-editor elementor-clearfix\"><p><strong>3&#8217;l\u00fc Koltuklar<\/strong> ve <strong>1&#8217;li Koltuklar<\/strong> gibi se\u00e7eneklere <strong>sahip<\/strong> Koltuk koleksiyonumuzu ke\u015ffedin. Her bir par\u00e7a stil ve konforu bir araya getiriyor. Y\u00fcksek kaliteli malzemelerden \u00fcretilen koltuklar\u0131m\u0131z \u00e7e\u015fitli kuma\u015flara sahiptir. \u0130ster geni\u015f bir <strong>3&#8217;l\u00fc koltu\u011fa<\/strong> ister rahat bir <strong>1&#8217;li koltu\u011fa<\/strong> ihtiyac\u0131n\u0131z olsun, koleksiyonumuzda her dekora uygun se\u00e7enekler mevcuttur. Evinizin ambiyans\u0131n\u0131 zenginle\u015ftiren ideal koltu\u011fu bulun.    <\/p>\n<\/div>\n\t\t\t\t\t\t<\/div>\n\t\t\t\t<\/div>\n\t\t\t\t\t<\/div>\n\t\t\t\t<\/div>\n\t\t<div class=\"elementor-element elementor-element-07e62a1 e-flex e-con-boxed e-con e-parent\" data-id=\"07e62a1\" data-element_type=\"container\">\n\t\t\t\t\t<div class=\"e-con-inner\">\n\t\t<div class=\"elementor-element elementor-element-8df9c43 e-con-full e-flex e-con e-child\" data-id=\"8df9c43\" data-element_type=\"container\">\n\t\t\t\t<div class=\"elementor-element elementor-element-578b619 elementor-vertical-align-center elementor-widget elementor-widget-opal-product-categories\" data-id=\"578b619\" data-element_type=\"widget\" data-widget_type=\"opal-product-categories.default\">\n\t\t\t\t<div class=\"elementor-widget-container\">\n\t\t\t\t\t\n            <div class=\"product-cats\">\n                <div class=\"cats-image\">\n                                            <img decoding=\"async\" src=\"https:\/\/peryhome.com\/wp-content\/uploads\/2024\/10\/Untitled-design-10-2.webp\"\n                             alt=\"Berjer Koltuk\">\n                                        <\/div>\n                <div class=\"product-cats-meta\">\n                    <div class=\"cats-title\">\n                        <a href=\"https:\/\/peryhome.com\/tr\/product-category\/koltuk\/berjer-koltuk\/\"\n                           title=\"Berjer Koltuk\">\n                            Berjer Koltuk                        <\/a>\n                    <\/div>\n                    <div class=\"cats-total\">\n                        18 items                    <\/div>\n                                    <\/div>\n            <\/div>\n\n            \t\t\t\t<\/div>\n\t\t\t\t<\/div>\n\t\t\t\t<\/div>\n\t\t\t\t\t<\/div>\n\t\t\t\t<\/div>\n\t\t<div class=\"elementor-element elementor-element-b76310a e-flex e-con-boxed e-con e-parent\" data-id=\"b76310a\" data-element_type=\"container\">\n\t\t\t\t\t<div class=\"e-con-inner\">\n\t\t<div class=\"elementor-element elementor-element-80a0c41 e-con-full e-flex e-con e-child\" data-id=\"80a0c41\" data-element_type=\"container\">\n\t\t\t\t<div class=\"elementor-element elementor-element-4b46b1e elementor-vertical-align-center elementor-widget elementor-widget-opal-product-categories\" data-id=\"4b46b1e\" data-element_type=\"widget\" data-widget_type=\"opal-product-categories.default\">\n\t\t\t\t<div class=\"elementor-widget-container\">\n\t\t\t\t\t\n            <div class=\"product-cats\">\n                <div class=\"cats-image\">\n                                            <img decoding=\"async\" src=\"https:\/\/peryhome.com\/wp-content\/uploads\/2024\/10\/Untitled-design-7-1.webp\"\n                             alt=\"3 Ki\u015filik Koltuk\">\n                                        <\/div>\n                <div class=\"product-cats-meta\">\n                    <div class=\"cats-title\">\n                        <a href=\"https:\/\/peryhome.com\/tr\/product-category\/koltuk\/3-kisilik-koltuk\/\"\n                           title=\"3 Ki\u015filik Koltuk\">\n                            3 Ki\u015filik Koltuk                        <\/a>\n                    <\/div>\n                    <div class=\"cats-total\">\n                        6 items                    <\/div>\n                                    <\/div>\n            <\/div>\n\n            \t\t\t\t<\/div>\n\t\t\t\t<\/div>\n\t\t\t\t<\/div>\n\t\t\t\t\t<\/div>\n\t\t\t\t<\/div>\n\t\t\t\t<\/div>\n\t\t","protected":false},"excerpt":{"rendered":"<p>3&#8217;l\u00fc Koltuklar ve 1&#8217;li Koltuklar gibi se\u00e7eneklere sahip Koltuk koleksiyonumuzu ke\u015ffedin. Her bir par\u00e7a stil ve konforu bir araya getiriyor. Y\u00fcksek kaliteli malzemelerden \u00fcretilen koltuklar\u0131m\u0131z \u00e7e\u015fitli kuma\u015flara sahiptir. \u0130ster geni\u015f bir 3&#8217;l\u00fc koltu\u011fa ister rahat bir 1&#8217;li koltu\u011fa ihtiyac\u0131n\u0131z olsun, koleksiyonumuzda her dekora uygun se\u00e7enekler mevcuttur. Evinizin ambiyans\u0131n\u0131 zenginle\u015ftiren ideal koltu\u011fu bulun. 1-Seater Armchair 24 &hellip; <\/p>\n<p class=\"link-more\"><a href=\"https:\/\/peryhome.com\/tr\/koltuk\/\" class=\"more-link\">Read More <span class=\"screen-reader-text\"> &#8220;Koltuk&#8221;<\/span><\/a><\/p>\n","protected":false},"author":2,"featured_media":8361,"parent":0,"menu_order":0,"comment_status":"closed","ping_status":"closed","template":"","meta":{"_monsterinsights_skip_tracking":false,"_monsterinsights_sitenote_active":false,"_monsterinsights_sitenote_note":"","_monsterinsights_sitenote_category":0,"footnotes":""},"class_list":["post-8360","page","type-page","status-publish","has-post-thumbnail","hentry"],"yoast_head":"<!-- This site is optimized with the Yoast SEO plugin v24.1 - https:\/\/yoast.com\/wordpress\/plugins\/seo\/ -->\n<title>Koltuk - PeryHome<\/title>\n<meta name=\"description\" content=\"\u201c3 ki\u015filik kanepeler ve 1 ki\u015filik koltuklar i\u00e7eren kanepe koleksiyonumuza g\u00f6z at\u0131n. \u015e\u0131k, rahat ve her dekor i\u00e7in m\u00fckemmel.\u201d\" \/>\n<meta name=\"robots\" content=\"index, follow, max-snippet:-1, max-image-preview:large, max-video-preview:-1\" \/>\n<link rel=\"canonical\" href=\"https:\/\/peryhome.com\/tr\/koltuk\/\" \/>\n<meta property=\"og:locale\" content=\"tr_TR\" \/>\n<meta property=\"og:type\" content=\"article\" \/>\n<meta property=\"og:title\" content=\"Koltuk - PeryHome\" \/>\n<meta property=\"og:description\" content=\"\u201c3 ki\u015filik kanepeler ve 1 ki\u015filik koltuklar i\u00e7eren kanepe koleksiyonumuza g\u00f6z at\u0131n. \u015e\u0131k, rahat ve her dekor i\u00e7in m\u00fckemmel.\u201d\" \/>\n<meta property=\"og:url\" content=\"https:\/\/peryhome.com\/tr\/koltuk\/\" \/>\n<meta property=\"og:site_name\" content=\"PeryHome\" \/>\n<meta property=\"article:publisher\" content=\"https:\/\/www.facebook.com\/profile.php?id=61566312622555\" \/>\n<meta property=\"article:modified_time\" content=\"2024-12-09T11:49:30+00:00\" \/>\n<meta property=\"og:image\" content=\"https:\/\/peryhome.com\/wp-content\/uploads\/2024\/10\/WhatsApp-Image-2023-10-14-at-12.37.47.webp\" \/>\n\t<meta property=\"og:image:width\" content=\"1600\" \/>\n\t<meta property=\"og:image:height\" content=\"1061\" \/>\n\t<meta property=\"og:image:type\" content=\"image\/webp\" \/>\n<meta name=\"twitter:card\" content=\"summary_large_image\" \/>\n<script type=\"application\/ld+json\" class=\"yoast-schema-graph\">{\"@context\":\"https:\/\/schema.org\",\"@graph\":[{\"@type\":\"WebPage\",\"@id\":\"https:\/\/peryhome.com\/tr\/koltuk\/\",\"url\":\"https:\/\/peryhome.com\/tr\/koltuk\/\",\"name\":\"Koltuk - PeryHome\",\"isPartOf\":{\"@id\":\"https:\/\/peryhome.com\/tr\/#website\"},\"primaryImageOfPage\":{\"@id\":\"https:\/\/peryhome.com\/tr\/koltuk\/#primaryimage\"},\"image\":{\"@id\":\"https:\/\/peryhome.com\/tr\/koltuk\/#primaryimage\"},\"thumbnailUrl\":\"https:\/\/peryhome.com\/wp-content\/uploads\/2024\/10\/WhatsApp-Image-2023-10-14-at-12.37.47.webp\",\"datePublished\":\"2024-11-03T12:32:45+00:00\",\"dateModified\":\"2024-12-09T11:49:30+00:00\",\"description\":\"\u201c3 ki\u015filik kanepeler ve 1 ki\u015filik koltuklar i\u00e7eren kanepe koleksiyonumuza g\u00f6z at\u0131n. \u015e\u0131k, rahat ve her dekor i\u00e7in m\u00fckemmel.\u201d\",\"breadcrumb\":{\"@id\":\"https:\/\/peryhome.com\/tr\/koltuk\/#breadcrumb\"},\"inLanguage\":\"tr\",\"potentialAction\":[{\"@type\":\"ReadAction\",\"target\":[\"https:\/\/peryhome.com\/tr\/koltuk\/\"]}]},{\"@type\":\"ImageObject\",\"inLanguage\":\"tr\",\"@id\":\"https:\/\/peryhome.com\/tr\/koltuk\/#primaryimage\",\"url\":\"https:\/\/peryhome.com\/wp-content\/uploads\/2024\/10\/WhatsApp-Image-2023-10-14-at-12.37.47.webp\",\"contentUrl\":\"https:\/\/peryhome.com\/wp-content\/uploads\/2024\/10\/WhatsApp-Image-2023-10-14-at-12.37.47.webp\",\"width\":1600,\"height\":1061,\"caption\":\"Nirvana Sofa Set \u2013 Elegant Design and Customizable Comfort\"},{\"@type\":\"BreadcrumbList\",\"@id\":\"https:\/\/peryhome.com\/tr\/koltuk\/#breadcrumb\",\"itemListElement\":[{\"@type\":\"ListItem\",\"position\":1,\"name\":\"Anasayfa\",\"item\":\"https:\/\/peryhome.com\/tr\/anasayfa\/\"},{\"@type\":\"ListItem\",\"position\":2,\"name\":\"Koltuk\"}]},{\"@type\":\"WebSite\",\"@id\":\"https:\/\/peryhome.com\/tr\/#website\",\"url\":\"https:\/\/peryhome.com\/tr\/\",\"name\":\"PeryHome\",\"description\":\"Art of Furniture\",\"publisher\":{\"@id\":\"https:\/\/peryhome.com\/tr\/#organization\"},\"potentialAction\":[{\"@type\":\"SearchAction\",\"target\":{\"@type\":\"EntryPoint\",\"urlTemplate\":\"https:\/\/peryhome.com\/tr\/?s={search_term_string}\"},\"query-input\":{\"@type\":\"PropertyValueSpecification\",\"valueRequired\":true,\"valueName\":\"search_term_string\"}}],\"inLanguage\":\"tr\"},{\"@type\":\"Organization\",\"@id\":\"https:\/\/peryhome.com\/tr\/#organization\",\"name\":\"PeryHome\",\"url\":\"https:\/\/peryhome.com\/tr\/\",\"logo\":{\"@type\":\"ImageObject\",\"inLanguage\":\"tr\",\"@id\":\"https:\/\/peryhome.com\/tr\/#\/schema\/logo\/image\/\",\"url\":\"https:\/\/peryhome.com\/wp-content\/uploads\/2024\/12\/Logo_horizontal_HQ.webp\",\"contentUrl\":\"https:\/\/peryhome.com\/wp-content\/uploads\/2024\/12\/Logo_horizontal_HQ.webp\",\"width\":1000,\"height\":269,\"caption\":\"PeryHome\"},\"image\":{\"@id\":\"https:\/\/peryhome.com\/tr\/#\/schema\/logo\/image\/\"},\"sameAs\":[\"https:\/\/www.facebook.com\/profile.php?id=61566312622555\",\"https:\/\/www.instagram.com\/peryhome.eu\/\"]}]}<\/script>\n<!-- \/ Yoast SEO plugin. -->","yoast_head_json":{"title":"Koltuk - PeryHome","description":"\u201c3 ki\u015filik kanepeler ve 1 ki\u015filik koltuklar i\u00e7eren kanepe koleksiyonumuza g\u00f6z at\u0131n. \u015e\u0131k, rahat ve her dekor i\u00e7in m\u00fckemmel.\u201d","robots":{"index":"index","follow":"follow","max-snippet":"max-snippet:-1","max-image-preview":"max-image-preview:large","max-video-preview":"max-video-preview:-1"},"canonical":"https:\/\/peryhome.com\/tr\/koltuk\/","og_locale":"tr_TR","og_type":"article","og_title":"Koltuk - PeryHome","og_description":"\u201c3 ki\u015filik kanepeler ve 1 ki\u015filik koltuklar i\u00e7eren kanepe koleksiyonumuza g\u00f6z at\u0131n. \u015e\u0131k, rahat ve her dekor i\u00e7in m\u00fckemmel.\u201d","og_url":"https:\/\/peryhome.com\/tr\/koltuk\/","og_site_name":"PeryHome","article_publisher":"https:\/\/www.facebook.com\/profile.php?id=61566312622555","article_modified_time":"2024-12-09T11:49:30+00:00","og_image":[{"width":1600,"height":1061,"url":"https:\/\/peryhome.com\/wp-content\/uploads\/2024\/10\/WhatsApp-Image-2023-10-14-at-12.37.47.webp","type":"image\/webp"}],"twitter_card":"summary_large_image","schema":{"@context":"https:\/\/schema.org","@graph":[{"@type":"WebPage","@id":"https:\/\/peryhome.com\/tr\/koltuk\/","url":"https:\/\/peryhome.com\/tr\/koltuk\/","name":"Koltuk - PeryHome","isPartOf":{"@id":"https:\/\/peryhome.com\/tr\/#website"},"primaryImageOfPage":{"@id":"https:\/\/peryhome.com\/tr\/koltuk\/#primaryimage"},"image":{"@id":"https:\/\/peryhome.com\/tr\/koltuk\/#primaryimage"},"thumbnailUrl":"https:\/\/peryhome.com\/wp-content\/uploads\/2024\/10\/WhatsApp-Image-2023-10-14-at-12.37.47.webp","datePublished":"2024-11-03T12:32:45+00:00","dateModified":"2024-12-09T11:49:30+00:00","description":"\u201c3 ki\u015filik kanepeler ve 1 ki\u015filik koltuklar i\u00e7eren kanepe koleksiyonumuza g\u00f6z at\u0131n. \u015e\u0131k, rahat ve her dekor i\u00e7in m\u00fckemmel.\u201d","breadcrumb":{"@id":"https:\/\/peryhome.com\/tr\/koltuk\/#breadcrumb"},"inLanguage":"tr","potentialAction":[{"@type":"ReadAction","target":["https:\/\/peryhome.com\/tr\/koltuk\/"]}]},{"@type":"ImageObject","inLanguage":"tr","@id":"https:\/\/peryhome.com\/tr\/koltuk\/#primaryimage","url":"https:\/\/peryhome.com\/wp-content\/uploads\/2024\/10\/WhatsApp-Image-2023-10-14-at-12.37.47.webp","contentUrl":"https:\/\/peryhome.com\/wp-content\/uploads\/2024\/10\/WhatsApp-Image-2023-10-14-at-12.37.47.webp","width":1600,"height":1061,"caption":"Nirvana Sofa Set \u2013 Elegant Design and Customizable Comfort"},{"@type":"BreadcrumbList","@id":"https:\/\/peryhome.com\/tr\/koltuk\/#breadcrumb","itemListElement":[{"@type":"ListItem","position":1,"name":"Anasayfa","item":"https:\/\/peryhome.com\/tr\/anasayfa\/"},{"@type":"ListItem","position":2,"name":"Koltuk"}]},{"@type":"WebSite","@id":"https:\/\/peryhome.com\/tr\/#website","url":"https:\/\/peryhome.com\/tr\/","name":"PeryHome","description":"Art of Furniture","publisher":{"@id":"https:\/\/peryhome.com\/tr\/#organization"},"potentialAction":[{"@type":"SearchAction","target":{"@type":"EntryPoint","urlTemplate":"https:\/\/peryhome.com\/tr\/?s={search_term_string}"},"query-input":{"@type":"PropertyValueSpecification","valueRequired":true,"valueName":"search_term_string"}}],"inLanguage":"tr"},{"@type":"Organization","@id":"https:\/\/peryhome.com\/tr\/#organization","name":"PeryHome","url":"https:\/\/peryhome.com\/tr\/","logo":{"@type":"ImageObject","inLanguage":"tr","@id":"https:\/\/peryhome.com\/tr\/#\/schema\/logo\/image\/","url":"https:\/\/peryhome.com\/wp-content\/uploads\/2024\/12\/Logo_horizontal_HQ.webp","contentUrl":"https:\/\/peryhome.com\/wp-content\/uploads\/2024\/12\/Logo_horizontal_HQ.webp","width":1000,"height":269,"caption":"PeryHome"},"image":{"@id":"https:\/\/peryhome.com\/tr\/#\/schema\/logo\/image\/"},"sameAs":["https:\/\/www.facebook.com\/profile.php?id=61566312622555","https:\/\/www.instagram.com\/peryhome.eu\/"]}]}},"jetpack_sharing_enabled":true,"_links":{"self":[{"href":"https:\/\/peryhome.com\/tr\/wp-json\/wp\/v2\/pages\/8360"}],"collection":[{"href":"https:\/\/peryhome.com\/tr\/wp-json\/wp\/v2\/pages"}],"about":[{"href":"https:\/\/peryhome.com\/tr\/wp-json\/wp\/v2\/types\/page"}],"author":[{"embeddable":true,"href":"https:\/\/peryhome.com\/tr\/wp-json\/wp\/v2\/users\/2"}],"replies":[{"embeddable":true,"href":"https:\/\/peryhome.com\/tr\/wp-json\/wp\/v2\/comments?post=8360"}],"version-history":[{"count":1,"href":"https:\/\/peryhome.com\/tr\/wp-json\/wp\/v2\/pages\/8360\/revisions"}],"predecessor-version":[{"id":8362,"href":"https:\/\/peryhome.com\/tr\/wp-json\/wp\/v2\/pages\/8360\/revisions\/8362"}],"wp:featuredmedia":[{"embeddable":true,"href":"https:\/\/peryhome.com\/tr\/wp-json\/wp\/v2\/media\/8361"}],"wp:attachment":[{"href":"https:\/\/peryhome.com\/tr\/wp-json\/wp\/v2\/media?parent=8360"}],"curies":[{"name":"wp","href":"https:\/\/api.w.org\/{rel}","templated":true}]}}