{"id":8377,"date":"2024-10-23T15:36:07","date_gmt":"2024-10-23T15:36:07","guid":{"rendered":"https:\/\/peryhome.com\/koltuk-takimlari\/"},"modified":"2024-12-09T12:52:24","modified_gmt":"2024-12-09T12:52:24","slug":"koltuk-takimlari","status":"publish","type":"page","link":"https:\/\/peryhome.com\/tr\/koltuk-takimlari\/","title":{"rendered":"Koltuk Tak\u0131mlar\u0131"},"content":{"rendered":"\t\t<div data-elementor-type=\"wp-page\" data-elementor-id=\"8377\" class=\"elementor elementor-8377\" data-elementor-post-type=\"page\">\n\t\t\t\t<div class=\"elementor-element elementor-element-7f0db6fc e-flex e-con-boxed e-con e-parent\" data-id=\"7f0db6fc\" data-element_type=\"container\">\n\t\t\t\t\t<div class=\"e-con-inner\">\n\t\t\t\t<div class=\"elementor-element elementor-element-6368d4de elementor-widget elementor-widget-text-editor\" data-id=\"6368d4de\" data-element_type=\"widget\" data-widget_type=\"text-editor.default\">\n\t\t\t\t<div class=\"elementor-widget-container\">\n\t\t\t\t\t\t\t<div class=\"elementor-text-editor elementor-clearfix\"><p>Her oturma odas\u0131 i\u00e7in <strong>3+1 Koltuk Tak\u0131mlar\u0131<\/strong> ve <strong>K\u00f6\u015fe Tak\u0131mlar\u0131<\/strong> i\u00e7eren <strong>Koltuk Tak\u0131mlar\u0131<\/strong> koleksiyonumuzu ke\u015ffedin. <strong>3+1 Koltuk Tak\u0131mlar\u0131m\u0131z<\/strong> geni\u015f oturma alanlar\u0131yla klasik bir d\u00fczenleme sa\u011flar. Hem geni\u015f hem de rahat alanlarda iyi \u00e7al\u0131\u015f\u0131rlar. Modern bir dokunu\u015f i\u00e7in <strong>K\u00f6\u015fe Tak\u0131mlar\u0131m\u0131z<\/strong> oturma alan\u0131n\u0131 en \u00fcst d\u00fczeye \u00e7\u0131kar\u0131r ve yerden tasarruf sa\u011flar. Bu tak\u0131mlar kompakt ve a\u00e7\u0131k plan d\u00fczenler i\u00e7in m\u00fckemmeldir. Her bir koltuk tak\u0131m\u0131 stil, konfor ve kaliteyi bir araya getirir. \u00d6zelle\u015ftirilebilir kuma\u015f ve renk se\u00e7enekleri, alan\u0131n\u0131z\u0131 ki\u015fiselle\u015ftirmenizi sa\u011flar. Zevkinizi yans\u0131tan ve evinizin ambiyans\u0131n\u0131 zenginle\u015ftiren bir koltuk tak\u0131m\u0131 bulun.       <\/p>\n<\/div>\n\t\t\t\t\t\t<\/div>\n\t\t\t\t<\/div>\n\t\t\t\t\t<\/div>\n\t\t\t\t<\/div>\n\t\t<div class=\"elementor-element elementor-element-4fa762f e-flex e-con-boxed e-con e-parent\" data-id=\"4fa762f\" data-element_type=\"container\">\n\t\t\t\t\t<div class=\"e-con-inner\">\n\t\t\t\t<div class=\"elementor-element elementor-element-482c935 elementor-vertical-align-center elementor-widget elementor-widget-opal-product-categories\" data-id=\"482c935\" data-element_type=\"widget\" data-widget_type=\"opal-product-categories.default\">\n\t\t\t\t<div class=\"elementor-widget-container\">\n\t\t\t\t\t\n            <div class=\"product-cats\">\n                <div class=\"cats-image\">\n                                            <img decoding=\"async\" src=\"https:\/\/peryhome.com\/wp-content\/uploads\/2024\/11\/WhatsApp-Image-2024-07-17-at-17.04.38-3.webp\"\n                             alt=\"3+1 Koltuk Tak\u0131m\u0131\">\n                                        <\/div>\n                <div class=\"product-cats-meta\">\n                    <div class=\"cats-title\">\n                        <a href=\"https:\/\/peryhome.com\/tr\/product-category\/koltuk-takimi\/31-koltuk-takimi\/\"\n                           title=\"3+1 Koltuk Tak\u0131m\u0131\">\n                            3+1 Koltuk Tak\u0131m\u0131                        <\/a>\n                    <\/div>\n                    <div class=\"cats-total\">\n                        6 items                    <\/div>\n                                    <\/div>\n            <\/div>\n\n            \t\t\t\t<\/div>\n\t\t\t\t<\/div>\n\t\t\t\t\t<\/div>\n\t\t\t\t<\/div>\n\t\t<div class=\"elementor-element elementor-element-071763f e-flex e-con-boxed e-con e-parent\" data-id=\"071763f\" data-element_type=\"container\">\n\t\t\t\t\t<div class=\"e-con-inner\">\n\t\t\t\t<div class=\"elementor-element elementor-element-321bffa elementor-vertical-align-center elementor-widget elementor-widget-opal-product-categories\" data-id=\"321bffa\" data-element_type=\"widget\" data-widget_type=\"opal-product-categories.default\">\n\t\t\t\t<div class=\"elementor-widget-container\">\n\t\t\t\t\t\n            <div class=\"product-cats\">\n                <div class=\"cats-image\">\n                                            <img decoding=\"async\" src=\"https:\/\/peryhome.com\/wp-content\/uploads\/2024\/11\/MEGAZZI_96099-copy-scaled.webp\"\n                             alt=\"K\u00f6\u015fe Tak\u0131mlar\u0131\">\n                                        <\/div>\n                <div class=\"product-cats-meta\">\n                    <div class=\"cats-title\">\n                        <a href=\"https:\/\/peryhome.com\/tr\/product-category\/koltuk-takimi\/kose-takimlari\/\"\n                           title=\"K\u00f6\u015fe Tak\u0131mlar\u0131\">\n                            K\u00f6\u015fe Tak\u0131mlar\u0131                        <\/a>\n                    <\/div>\n                    <div class=\"cats-total\">\n                        0 items                    <\/div>\n                                    <\/div>\n            <\/div>\n\n            \t\t\t\t<\/div>\n\t\t\t\t<\/div>\n\t\t\t\t\t<\/div>\n\t\t\t\t<\/div>\n\t\t\t\t<\/div>\n\t\t","protected":false},"excerpt":{"rendered":"<p>Her oturma odas\u0131 i\u00e7in 3+1 Koltuk Tak\u0131mlar\u0131 ve K\u00f6\u015fe Tak\u0131mlar\u0131 i\u00e7eren Koltuk Tak\u0131mlar\u0131 koleksiyonumuzu ke\u015ffedin. 3+1 Koltuk Tak\u0131mlar\u0131m\u0131z geni\u015f oturma alanlar\u0131yla klasik bir d\u00fczenleme sa\u011flar. Hem geni\u015f hem de rahat alanlarda iyi \u00e7al\u0131\u015f\u0131rlar. Modern bir dokunu\u015f i\u00e7in K\u00f6\u015fe Tak\u0131mlar\u0131m\u0131z oturma alan\u0131n\u0131 en \u00fcst d\u00fczeye \u00e7\u0131kar\u0131r ve yerden tasarruf sa\u011flar. Bu tak\u0131mlar kompakt ve a\u00e7\u0131k plan &hellip; <\/p>\n<p class=\"link-more\"><a href=\"https:\/\/peryhome.com\/tr\/koltuk-takimlari\/\" class=\"more-link\">Read More <span class=\"screen-reader-text\"> &#8220;Koltuk Tak\u0131mlar\u0131&#8221;<\/span><\/a><\/p>\n","protected":false},"author":2,"featured_media":8378,"parent":0,"menu_order":0,"comment_status":"closed","ping_status":"closed","template":"","meta":{"_monsterinsights_skip_tracking":false,"_monsterinsights_sitenote_active":false,"_monsterinsights_sitenote_note":"","_monsterinsights_sitenote_category":0,"footnotes":""},"class_list":["post-8377","page","type-page","status-publish","has-post-thumbnail","hentry"],"yoast_head":"<!-- This site is optimized with the Yoast SEO plugin v24.1 - https:\/\/yoast.com\/wordpress\/plugins\/seo\/ -->\n<title>Koltuk Tak\u0131mlar\u0131 - PeryHome<\/title>\n<meta name=\"description\" content=\"\u201c3+1 ve k\u00f6\u015fe se\u00e7enekleri de dahil olmak \u00fczere \u015f\u0131k koltuk tak\u0131mlar\u0131n\u0131 ke\u015ffedin. Her oturma odas\u0131na m\u00fckemmel uyum i\u00e7in kuma\u015flar\u0131 ve renkleri \u00f6zelle\u015ftirin.\u201d\" \/>\n<meta name=\"robots\" content=\"index, follow, max-snippet:-1, max-image-preview:large, max-video-preview:-1\" \/>\n<link rel=\"canonical\" href=\"https:\/\/peryhome.com\/tr\/koltuk-takimlari\/\" \/>\n<meta property=\"og:locale\" content=\"tr_TR\" \/>\n<meta property=\"og:type\" content=\"article\" \/>\n<meta property=\"og:title\" content=\"Koltuk Tak\u0131mlar\u0131 - PeryHome\" \/>\n<meta property=\"og:description\" content=\"\u201c3+1 ve k\u00f6\u015fe se\u00e7enekleri de dahil olmak \u00fczere \u015f\u0131k koltuk tak\u0131mlar\u0131n\u0131 ke\u015ffedin. Her oturma odas\u0131na m\u00fckemmel uyum i\u00e7in kuma\u015flar\u0131 ve renkleri \u00f6zelle\u015ftirin.\u201d\" \/>\n<meta property=\"og:url\" content=\"https:\/\/peryhome.com\/tr\/koltuk-takimlari\/\" \/>\n<meta property=\"og:site_name\" content=\"PeryHome\" \/>\n<meta property=\"article:publisher\" content=\"https:\/\/www.facebook.com\/profile.php?id=61566312622555\" \/>\n<meta property=\"article:modified_time\" content=\"2024-12-09T12:52:24+00:00\" \/>\n<meta property=\"og:image\" content=\"https:\/\/peryhome.com\/wp-content\/uploads\/2024\/10\/1H9A8648-copy-scaled.webp\" \/>\n\t<meta property=\"og:image:width\" content=\"2560\" \/>\n\t<meta property=\"og:image:height\" content=\"1707\" \/>\n\t<meta property=\"og:image:type\" content=\"image\/webp\" \/>\n<meta name=\"twitter:card\" content=\"summary_large_image\" \/>\n<meta name=\"twitter:label1\" content=\"Tahmini okuma s\u00fcresi\" \/>\n\t<meta name=\"twitter:data1\" content=\"1 dakika\" \/>\n<script type=\"application\/ld+json\" class=\"yoast-schema-graph\">{\"@context\":\"https:\/\/schema.org\",\"@graph\":[{\"@type\":\"WebPage\",\"@id\":\"https:\/\/peryhome.com\/tr\/koltuk-takimlari\/\",\"url\":\"https:\/\/peryhome.com\/tr\/koltuk-takimlari\/\",\"name\":\"Koltuk Tak\u0131mlar\u0131 - PeryHome\",\"isPartOf\":{\"@id\":\"https:\/\/peryhome.com\/tr\/#website\"},\"primaryImageOfPage\":{\"@id\":\"https:\/\/peryhome.com\/tr\/koltuk-takimlari\/#primaryimage\"},\"image\":{\"@id\":\"https:\/\/peryhome.com\/tr\/koltuk-takimlari\/#primaryimage\"},\"thumbnailUrl\":\"https:\/\/peryhome.com\/wp-content\/uploads\/2024\/10\/1H9A8648-copy-scaled.webp\",\"datePublished\":\"2024-10-23T15:36:07+00:00\",\"dateModified\":\"2024-12-09T12:52:24+00:00\",\"description\":\"\u201c3+1 ve k\u00f6\u015fe se\u00e7enekleri de dahil olmak \u00fczere \u015f\u0131k koltuk tak\u0131mlar\u0131n\u0131 ke\u015ffedin. Her oturma odas\u0131na m\u00fckemmel uyum i\u00e7in kuma\u015flar\u0131 ve renkleri \u00f6zelle\u015ftirin.\u201d\",\"breadcrumb\":{\"@id\":\"https:\/\/peryhome.com\/tr\/koltuk-takimlari\/#breadcrumb\"},\"inLanguage\":\"tr\",\"potentialAction\":[{\"@type\":\"ReadAction\",\"target\":[\"https:\/\/peryhome.com\/tr\/koltuk-takimlari\/\"]}]},{\"@type\":\"ImageObject\",\"inLanguage\":\"tr\",\"@id\":\"https:\/\/peryhome.com\/tr\/koltuk-takimlari\/#primaryimage\",\"url\":\"https:\/\/peryhome.com\/wp-content\/uploads\/2024\/10\/1H9A8648-copy-scaled.webp\",\"contentUrl\":\"https:\/\/peryhome.com\/wp-content\/uploads\/2024\/10\/1H9A8648-copy-scaled.webp\",\"width\":2560,\"height\":1707,\"caption\":\"Ribello Sofa Set \u2013 Elegant Style, Comfort & Customizable Options\"},{\"@type\":\"BreadcrumbList\",\"@id\":\"https:\/\/peryhome.com\/tr\/koltuk-takimlari\/#breadcrumb\",\"itemListElement\":[{\"@type\":\"ListItem\",\"position\":1,\"name\":\"Anasayfa\",\"item\":\"https:\/\/peryhome.com\/tr\/anasayfa\/\"},{\"@type\":\"ListItem\",\"position\":2,\"name\":\"Koltuk Tak\u0131mlar\u0131\"}]},{\"@type\":\"WebSite\",\"@id\":\"https:\/\/peryhome.com\/tr\/#website\",\"url\":\"https:\/\/peryhome.com\/tr\/\",\"name\":\"PeryHome\",\"description\":\"Art of Furniture\",\"publisher\":{\"@id\":\"https:\/\/peryhome.com\/tr\/#organization\"},\"potentialAction\":[{\"@type\":\"SearchAction\",\"target\":{\"@type\":\"EntryPoint\",\"urlTemplate\":\"https:\/\/peryhome.com\/tr\/?s={search_term_string}\"},\"query-input\":{\"@type\":\"PropertyValueSpecification\",\"valueRequired\":true,\"valueName\":\"search_term_string\"}}],\"inLanguage\":\"tr\"},{\"@type\":\"Organization\",\"@id\":\"https:\/\/peryhome.com\/tr\/#organization\",\"name\":\"PeryHome\",\"url\":\"https:\/\/peryhome.com\/tr\/\",\"logo\":{\"@type\":\"ImageObject\",\"inLanguage\":\"tr\",\"@id\":\"https:\/\/peryhome.com\/tr\/#\/schema\/logo\/image\/\",\"url\":\"https:\/\/peryhome.com\/wp-content\/uploads\/2024\/12\/Logo_horizontal_HQ.webp\",\"contentUrl\":\"https:\/\/peryhome.com\/wp-content\/uploads\/2024\/12\/Logo_horizontal_HQ.webp\",\"width\":1000,\"height\":269,\"caption\":\"PeryHome\"},\"image\":{\"@id\":\"https:\/\/peryhome.com\/tr\/#\/schema\/logo\/image\/\"},\"sameAs\":[\"https:\/\/www.facebook.com\/profile.php?id=61566312622555\",\"https:\/\/www.instagram.com\/peryhome.eu\/\"]}]}<\/script>\n<!-- \/ Yoast SEO plugin. -->","yoast_head_json":{"title":"Koltuk Tak\u0131mlar\u0131 - PeryHome","description":"\u201c3+1 ve k\u00f6\u015fe se\u00e7enekleri de dahil olmak \u00fczere \u015f\u0131k koltuk tak\u0131mlar\u0131n\u0131 ke\u015ffedin. Her oturma odas\u0131na m\u00fckemmel uyum i\u00e7in kuma\u015flar\u0131 ve renkleri \u00f6zelle\u015ftirin.\u201d","robots":{"index":"index","follow":"follow","max-snippet":"max-snippet:-1","max-image-preview":"max-image-preview:large","max-video-preview":"max-video-preview:-1"},"canonical":"https:\/\/peryhome.com\/tr\/koltuk-takimlari\/","og_locale":"tr_TR","og_type":"article","og_title":"Koltuk Tak\u0131mlar\u0131 - PeryHome","og_description":"\u201c3+1 ve k\u00f6\u015fe se\u00e7enekleri de dahil olmak \u00fczere \u015f\u0131k koltuk tak\u0131mlar\u0131n\u0131 ke\u015ffedin. Her oturma odas\u0131na m\u00fckemmel uyum i\u00e7in kuma\u015flar\u0131 ve renkleri \u00f6zelle\u015ftirin.\u201d","og_url":"https:\/\/peryhome.com\/tr\/koltuk-takimlari\/","og_site_name":"PeryHome","article_publisher":"https:\/\/www.facebook.com\/profile.php?id=61566312622555","article_modified_time":"2024-12-09T12:52:24+00:00","og_image":[{"width":2560,"height":1707,"url":"https:\/\/peryhome.com\/wp-content\/uploads\/2024\/10\/1H9A8648-copy-scaled.webp","type":"image\/webp"}],"twitter_card":"summary_large_image","twitter_misc":{"Tahmini okuma s\u00fcresi":"1 dakika"},"schema":{"@context":"https:\/\/schema.org","@graph":[{"@type":"WebPage","@id":"https:\/\/peryhome.com\/tr\/koltuk-takimlari\/","url":"https:\/\/peryhome.com\/tr\/koltuk-takimlari\/","name":"Koltuk Tak\u0131mlar\u0131 - PeryHome","isPartOf":{"@id":"https:\/\/peryhome.com\/tr\/#website"},"primaryImageOfPage":{"@id":"https:\/\/peryhome.com\/tr\/koltuk-takimlari\/#primaryimage"},"image":{"@id":"https:\/\/peryhome.com\/tr\/koltuk-takimlari\/#primaryimage"},"thumbnailUrl":"https:\/\/peryhome.com\/wp-content\/uploads\/2024\/10\/1H9A8648-copy-scaled.webp","datePublished":"2024-10-23T15:36:07+00:00","dateModified":"2024-12-09T12:52:24+00:00","description":"\u201c3+1 ve k\u00f6\u015fe se\u00e7enekleri de dahil olmak \u00fczere \u015f\u0131k koltuk tak\u0131mlar\u0131n\u0131 ke\u015ffedin. Her oturma odas\u0131na m\u00fckemmel uyum i\u00e7in kuma\u015flar\u0131 ve renkleri \u00f6zelle\u015ftirin.\u201d","breadcrumb":{"@id":"https:\/\/peryhome.com\/tr\/koltuk-takimlari\/#breadcrumb"},"inLanguage":"tr","potentialAction":[{"@type":"ReadAction","target":["https:\/\/peryhome.com\/tr\/koltuk-takimlari\/"]}]},{"@type":"ImageObject","inLanguage":"tr","@id":"https:\/\/peryhome.com\/tr\/koltuk-takimlari\/#primaryimage","url":"https:\/\/peryhome.com\/wp-content\/uploads\/2024\/10\/1H9A8648-copy-scaled.webp","contentUrl":"https:\/\/peryhome.com\/wp-content\/uploads\/2024\/10\/1H9A8648-copy-scaled.webp","width":2560,"height":1707,"caption":"Ribello Sofa Set \u2013 Elegant Style, Comfort & Customizable Options"},{"@type":"BreadcrumbList","@id":"https:\/\/peryhome.com\/tr\/koltuk-takimlari\/#breadcrumb","itemListElement":[{"@type":"ListItem","position":1,"name":"Anasayfa","item":"https:\/\/peryhome.com\/tr\/anasayfa\/"},{"@type":"ListItem","position":2,"name":"Koltuk Tak\u0131mlar\u0131"}]},{"@type":"WebSite","@id":"https:\/\/peryhome.com\/tr\/#website","url":"https:\/\/peryhome.com\/tr\/","name":"PeryHome","description":"Art of Furniture","publisher":{"@id":"https:\/\/peryhome.com\/tr\/#organization"},"potentialAction":[{"@type":"SearchAction","target":{"@type":"EntryPoint","urlTemplate":"https:\/\/peryhome.com\/tr\/?s={search_term_string}"},"query-input":{"@type":"PropertyValueSpecification","valueRequired":true,"valueName":"search_term_string"}}],"inLanguage":"tr"},{"@type":"Organization","@id":"https:\/\/peryhome.com\/tr\/#organization","name":"PeryHome","url":"https:\/\/peryhome.com\/tr\/","logo":{"@type":"ImageObject","inLanguage":"tr","@id":"https:\/\/peryhome.com\/tr\/#\/schema\/logo\/image\/","url":"https:\/\/peryhome.com\/wp-content\/uploads\/2024\/12\/Logo_horizontal_HQ.webp","contentUrl":"https:\/\/peryhome.com\/wp-content\/uploads\/2024\/12\/Logo_horizontal_HQ.webp","width":1000,"height":269,"caption":"PeryHome"},"image":{"@id":"https:\/\/peryhome.com\/tr\/#\/schema\/logo\/image\/"},"sameAs":["https:\/\/www.facebook.com\/profile.php?id=61566312622555","https:\/\/www.instagram.com\/peryhome.eu\/"]}]}},"jetpack_sharing_enabled":true,"_links":{"self":[{"href":"https:\/\/peryhome.com\/tr\/wp-json\/wp\/v2\/pages\/8377"}],"collection":[{"href":"https:\/\/peryhome.com\/tr\/wp-json\/wp\/v2\/pages"}],"about":[{"href":"https:\/\/peryhome.com\/tr\/wp-json\/wp\/v2\/types\/page"}],"author":[{"embeddable":true,"href":"https:\/\/peryhome.com\/tr\/wp-json\/wp\/v2\/users\/2"}],"replies":[{"embeddable":true,"href":"https:\/\/peryhome.com\/tr\/wp-json\/wp\/v2\/comments?post=8377"}],"version-history":[{"count":1,"href":"https:\/\/peryhome.com\/tr\/wp-json\/wp\/v2\/pages\/8377\/revisions"}],"predecessor-version":[{"id":8379,"href":"https:\/\/peryhome.com\/tr\/wp-json\/wp\/v2\/pages\/8377\/revisions\/8379"}],"wp:featuredmedia":[{"embeddable":true,"href":"https:\/\/peryhome.com\/tr\/wp-json\/wp\/v2\/media\/8378"}],"wp:attachment":[{"href":"https:\/\/peryhome.com\/tr\/wp-json\/wp\/v2\/media?parent=8377"}],"curies":[{"name":"wp","href":"https:\/\/api.w.org\/{rel}","templated":true}]}}