{"id":8383,"date":"2024-11-03T11:35:31","date_gmt":"2024-11-03T11:35:31","guid":{"rendered":"https:\/\/peryhome.com\/koltuk-takimlari\/kose-takimlari\/"},"modified":"2024-11-03T11:35:31","modified_gmt":"2024-11-03T11:35:31","slug":"kose-takimlari","status":"publish","type":"page","link":"https:\/\/peryhome.com\/tr\/koltuk-takimlari\/kose-takimlari\/","title":{"rendered":"K\u00f6\u015fe Tak\u0131mlar\u0131"},"content":{"rendered":"<p>\u015e\u0131k ve yerden tasarruf sa\u011flayan oturma \u00e7\u00f6z\u00fcmleri i\u00e7in <strong>K\u00f6\u015fe Tak\u0131mlar\u0131<\/strong> koleksiyonumuzu ke\u015ffedin. Hem geni\u015f hem de kompakt odalar i\u00e7in ideal olan bu k\u00f6\u015fe tak\u0131mlar\u0131, her dekora kusursuz bir \u015fekilde uyum sa\u011flar. Y\u00fcksek kaliteli malzemelerden \u00fcretilen her bir set, hem konfor hem de dayan\u0131kl\u0131l\u0131k sunar. \u00d6zelle\u015ftirilebilir kuma\u015f se\u00e7enekleri, tarz\u0131n\u0131z\u0131 m\u00fckemmel bir \u015fekilde e\u015fle\u015ftirmenizi sa\u011flar. Rahat oturma alan\u0131 ve i\u015flevsel tasar\u0131m\u0131yla k\u00f6\u015fe tak\u0131mlar\u0131m\u0131z g\u00fcnl\u00fck dinlenme ve toplant\u0131lar i\u00e7in idealdir. \u0130ster modern ister klasik olsun, bu tak\u0131mlar evinize sofistike ve pratiklik getirir.<\/p>\n","protected":false},"excerpt":{"rendered":"<p>\u015e\u0131k ve yerden tasarruf sa\u011flayan oturma \u00e7\u00f6z\u00fcmleri i\u00e7in K\u00f6\u015fe Tak\u0131mlar\u0131 koleksiyonumuzu ke\u015ffedin. Hem geni\u015f hem de kompakt odalar i\u00e7in ideal olan bu k\u00f6\u015fe tak\u0131mlar\u0131, her dekora kusursuz bir \u015fekilde uyum sa\u011flar. Y\u00fcksek kaliteli malzemelerden \u00fcretilen her bir set, hem konfor hem de dayan\u0131kl\u0131l\u0131k sunar. \u00d6zelle\u015ftirilebilir kuma\u015f se\u00e7enekleri, tarz\u0131n\u0131z\u0131 m\u00fckemmel bir \u015fekilde e\u015fle\u015ftirmenizi sa\u011flar. Rahat oturma &hellip; <\/p>\n<p class=\"link-more\"><a href=\"https:\/\/peryhome.com\/tr\/koltuk-takimlari\/kose-takimlari\/\" class=\"more-link\">Read More <span class=\"screen-reader-text\"> &#8220;K\u00f6\u015fe Tak\u0131mlar\u0131&#8221;<\/span><\/a><\/p>\n","protected":false},"author":2,"featured_media":8384,"parent":8377,"menu_order":0,"comment_status":"closed","ping_status":"closed","template":"","meta":{"_monsterinsights_skip_tracking":false,"_monsterinsights_sitenote_active":false,"_monsterinsights_sitenote_note":"","_monsterinsights_sitenote_category":0,"footnotes":""},"class_list":["post-8383","page","type-page","status-publish","has-post-thumbnail","hentry"],"yoast_head":"<!-- This site is optimized with the Yoast SEO plugin v24.1 - https:\/\/yoast.com\/wordpress\/plugins\/seo\/ -->\n<title>K\u00f6\u015fe Tak\u0131mlar\u0131 - PeryHome<\/title>\n<meta name=\"description\" content=\"\u201cAlan\u0131 ve stili en \u00fcst d\u00fczeye \u00e7\u0131karan zarif k\u00f6\u015fe tak\u0131mlar\u0131n\u0131 ke\u015ffedin. \u00d6zelle\u015ftirilebilir, konforlu ve her t\u00fcrl\u00fc oturma odas\u0131 d\u00fczeni i\u00e7in m\u00fckemmel.\u201d\" \/>\n<meta name=\"robots\" content=\"index, follow, max-snippet:-1, max-image-preview:large, max-video-preview:-1\" \/>\n<link rel=\"canonical\" href=\"https:\/\/peryhome.com\/tr\/koltuk-takimlari\/kose-takimlari\/\" \/>\n<meta property=\"og:locale\" content=\"tr_TR\" \/>\n<meta property=\"og:type\" content=\"article\" \/>\n<meta property=\"og:title\" content=\"K\u00f6\u015fe Tak\u0131mlar\u0131 - PeryHome\" \/>\n<meta property=\"og:description\" content=\"\u201cAlan\u0131 ve stili en \u00fcst d\u00fczeye \u00e7\u0131karan zarif k\u00f6\u015fe tak\u0131mlar\u0131n\u0131 ke\u015ffedin. \u00d6zelle\u015ftirilebilir, konforlu ve her t\u00fcrl\u00fc oturma odas\u0131 d\u00fczeni i\u00e7in m\u00fckemmel.\u201d\" \/>\n<meta property=\"og:url\" content=\"https:\/\/peryhome.com\/tr\/koltuk-takimlari\/kose-takimlari\/\" \/>\n<meta property=\"og:site_name\" content=\"PeryHome\" \/>\n<meta property=\"article:publisher\" content=\"https:\/\/www.facebook.com\/profile.php?id=61566312622555\" \/>\n<meta property=\"og:image\" content=\"https:\/\/peryhome.com\/wp-content\/uploads\/2024\/11\/MEGAZZI_96099-copy-scaled.webp\" \/>\n\t<meta property=\"og:image:width\" content=\"2560\" \/>\n\t<meta property=\"og:image:height\" content=\"1798\" \/>\n\t<meta property=\"og:image:type\" content=\"image\/webp\" \/>\n<meta name=\"twitter:card\" content=\"summary_large_image\" \/>\n<meta name=\"twitter:label1\" content=\"Tahmini okuma s\u00fcresi\" \/>\n\t<meta name=\"twitter:data1\" content=\"1 dakika\" \/>\n<script type=\"application\/ld+json\" class=\"yoast-schema-graph\">{\"@context\":\"https:\/\/schema.org\",\"@graph\":[{\"@type\":\"WebPage\",\"@id\":\"https:\/\/peryhome.com\/tr\/koltuk-takimlari\/kose-takimlari\/\",\"url\":\"https:\/\/peryhome.com\/tr\/koltuk-takimlari\/kose-takimlari\/\",\"name\":\"K\u00f6\u015fe Tak\u0131mlar\u0131 - PeryHome\",\"isPartOf\":{\"@id\":\"https:\/\/peryhome.com\/tr\/#website\"},\"primaryImageOfPage\":{\"@id\":\"https:\/\/peryhome.com\/tr\/koltuk-takimlari\/kose-takimlari\/#primaryimage\"},\"image\":{\"@id\":\"https:\/\/peryhome.com\/tr\/koltuk-takimlari\/kose-takimlari\/#primaryimage\"},\"thumbnailUrl\":\"https:\/\/peryhome.com\/wp-content\/uploads\/2024\/11\/MEGAZZI_96099-copy-scaled.webp\",\"datePublished\":\"2024-11-03T11:35:31+00:00\",\"dateModified\":\"2024-11-03T11:35:31+00:00\",\"description\":\"\u201cAlan\u0131 ve stili en \u00fcst d\u00fczeye \u00e7\u0131karan zarif k\u00f6\u015fe tak\u0131mlar\u0131n\u0131 ke\u015ffedin. \u00d6zelle\u015ftirilebilir, konforlu ve her t\u00fcrl\u00fc oturma odas\u0131 d\u00fczeni i\u00e7in m\u00fckemmel.\u201d\",\"breadcrumb\":{\"@id\":\"https:\/\/peryhome.com\/tr\/koltuk-takimlari\/kose-takimlari\/#breadcrumb\"},\"inLanguage\":\"tr\",\"potentialAction\":[{\"@type\":\"ReadAction\",\"target\":[\"https:\/\/peryhome.com\/tr\/koltuk-takimlari\/kose-takimlari\/\"]}]},{\"@type\":\"ImageObject\",\"inLanguage\":\"tr\",\"@id\":\"https:\/\/peryhome.com\/tr\/koltuk-takimlari\/kose-takimlari\/#primaryimage\",\"url\":\"https:\/\/peryhome.com\/wp-content\/uploads\/2024\/11\/MEGAZZI_96099-copy-scaled.webp\",\"contentUrl\":\"https:\/\/peryhome.com\/wp-content\/uploads\/2024\/11\/MEGAZZI_96099-copy-scaled.webp\",\"width\":2560,\"height\":1798,\"caption\":\"Corner Set\"},{\"@type\":\"BreadcrumbList\",\"@id\":\"https:\/\/peryhome.com\/tr\/koltuk-takimlari\/kose-takimlari\/#breadcrumb\",\"itemListElement\":[{\"@type\":\"ListItem\",\"position\":1,\"name\":\"Anasayfa\",\"item\":\"https:\/\/peryhome.com\/tr\/anasayfa\/\"},{\"@type\":\"ListItem\",\"position\":2,\"name\":\"Koltuk Tak\u0131mlar\u0131\",\"item\":\"https:\/\/peryhome.com\/tr\/koltuk-takimlari\/\"},{\"@type\":\"ListItem\",\"position\":3,\"name\":\"K\u00f6\u015fe Tak\u0131mlar\u0131\"}]},{\"@type\":\"WebSite\",\"@id\":\"https:\/\/peryhome.com\/tr\/#website\",\"url\":\"https:\/\/peryhome.com\/tr\/\",\"name\":\"PeryHome\",\"description\":\"Art of Furniture\",\"publisher\":{\"@id\":\"https:\/\/peryhome.com\/tr\/#organization\"},\"potentialAction\":[{\"@type\":\"SearchAction\",\"target\":{\"@type\":\"EntryPoint\",\"urlTemplate\":\"https:\/\/peryhome.com\/tr\/?s={search_term_string}\"},\"query-input\":{\"@type\":\"PropertyValueSpecification\",\"valueRequired\":true,\"valueName\":\"search_term_string\"}}],\"inLanguage\":\"tr\"},{\"@type\":\"Organization\",\"@id\":\"https:\/\/peryhome.com\/tr\/#organization\",\"name\":\"PeryHome\",\"url\":\"https:\/\/peryhome.com\/tr\/\",\"logo\":{\"@type\":\"ImageObject\",\"inLanguage\":\"tr\",\"@id\":\"https:\/\/peryhome.com\/tr\/#\/schema\/logo\/image\/\",\"url\":\"https:\/\/peryhome.com\/wp-content\/uploads\/2024\/12\/Logo_horizontal_HQ.webp\",\"contentUrl\":\"https:\/\/peryhome.com\/wp-content\/uploads\/2024\/12\/Logo_horizontal_HQ.webp\",\"width\":1000,\"height\":269,\"caption\":\"PeryHome\"},\"image\":{\"@id\":\"https:\/\/peryhome.com\/tr\/#\/schema\/logo\/image\/\"},\"sameAs\":[\"https:\/\/www.facebook.com\/profile.php?id=61566312622555\",\"https:\/\/www.instagram.com\/peryhome.eu\/\"]}]}<\/script>\n<!-- \/ Yoast SEO plugin. -->","yoast_head_json":{"title":"K\u00f6\u015fe Tak\u0131mlar\u0131 - PeryHome","description":"\u201cAlan\u0131 ve stili en \u00fcst d\u00fczeye \u00e7\u0131karan zarif k\u00f6\u015fe tak\u0131mlar\u0131n\u0131 ke\u015ffedin. \u00d6zelle\u015ftirilebilir, konforlu ve her t\u00fcrl\u00fc oturma odas\u0131 d\u00fczeni i\u00e7in m\u00fckemmel.\u201d","robots":{"index":"index","follow":"follow","max-snippet":"max-snippet:-1","max-image-preview":"max-image-preview:large","max-video-preview":"max-video-preview:-1"},"canonical":"https:\/\/peryhome.com\/tr\/koltuk-takimlari\/kose-takimlari\/","og_locale":"tr_TR","og_type":"article","og_title":"K\u00f6\u015fe Tak\u0131mlar\u0131 - PeryHome","og_description":"\u201cAlan\u0131 ve stili en \u00fcst d\u00fczeye \u00e7\u0131karan zarif k\u00f6\u015fe tak\u0131mlar\u0131n\u0131 ke\u015ffedin. \u00d6zelle\u015ftirilebilir, konforlu ve her t\u00fcrl\u00fc oturma odas\u0131 d\u00fczeni i\u00e7in m\u00fckemmel.\u201d","og_url":"https:\/\/peryhome.com\/tr\/koltuk-takimlari\/kose-takimlari\/","og_site_name":"PeryHome","article_publisher":"https:\/\/www.facebook.com\/profile.php?id=61566312622555","og_image":[{"width":2560,"height":1798,"url":"https:\/\/peryhome.com\/wp-content\/uploads\/2024\/11\/MEGAZZI_96099-copy-scaled.webp","type":"image\/webp"}],"twitter_card":"summary_large_image","twitter_misc":{"Tahmini okuma s\u00fcresi":"1 dakika"},"schema":{"@context":"https:\/\/schema.org","@graph":[{"@type":"WebPage","@id":"https:\/\/peryhome.com\/tr\/koltuk-takimlari\/kose-takimlari\/","url":"https:\/\/peryhome.com\/tr\/koltuk-takimlari\/kose-takimlari\/","name":"K\u00f6\u015fe Tak\u0131mlar\u0131 - PeryHome","isPartOf":{"@id":"https:\/\/peryhome.com\/tr\/#website"},"primaryImageOfPage":{"@id":"https:\/\/peryhome.com\/tr\/koltuk-takimlari\/kose-takimlari\/#primaryimage"},"image":{"@id":"https:\/\/peryhome.com\/tr\/koltuk-takimlari\/kose-takimlari\/#primaryimage"},"thumbnailUrl":"https:\/\/peryhome.com\/wp-content\/uploads\/2024\/11\/MEGAZZI_96099-copy-scaled.webp","datePublished":"2024-11-03T11:35:31+00:00","dateModified":"2024-11-03T11:35:31+00:00","description":"\u201cAlan\u0131 ve stili en \u00fcst d\u00fczeye \u00e7\u0131karan zarif k\u00f6\u015fe tak\u0131mlar\u0131n\u0131 ke\u015ffedin. \u00d6zelle\u015ftirilebilir, konforlu ve her t\u00fcrl\u00fc oturma odas\u0131 d\u00fczeni i\u00e7in m\u00fckemmel.\u201d","breadcrumb":{"@id":"https:\/\/peryhome.com\/tr\/koltuk-takimlari\/kose-takimlari\/#breadcrumb"},"inLanguage":"tr","potentialAction":[{"@type":"ReadAction","target":["https:\/\/peryhome.com\/tr\/koltuk-takimlari\/kose-takimlari\/"]}]},{"@type":"ImageObject","inLanguage":"tr","@id":"https:\/\/peryhome.com\/tr\/koltuk-takimlari\/kose-takimlari\/#primaryimage","url":"https:\/\/peryhome.com\/wp-content\/uploads\/2024\/11\/MEGAZZI_96099-copy-scaled.webp","contentUrl":"https:\/\/peryhome.com\/wp-content\/uploads\/2024\/11\/MEGAZZI_96099-copy-scaled.webp","width":2560,"height":1798,"caption":"Corner Set"},{"@type":"BreadcrumbList","@id":"https:\/\/peryhome.com\/tr\/koltuk-takimlari\/kose-takimlari\/#breadcrumb","itemListElement":[{"@type":"ListItem","position":1,"name":"Anasayfa","item":"https:\/\/peryhome.com\/tr\/anasayfa\/"},{"@type":"ListItem","position":2,"name":"Koltuk Tak\u0131mlar\u0131","item":"https:\/\/peryhome.com\/tr\/koltuk-takimlari\/"},{"@type":"ListItem","position":3,"name":"K\u00f6\u015fe Tak\u0131mlar\u0131"}]},{"@type":"WebSite","@id":"https:\/\/peryhome.com\/tr\/#website","url":"https:\/\/peryhome.com\/tr\/","name":"PeryHome","description":"Art of Furniture","publisher":{"@id":"https:\/\/peryhome.com\/tr\/#organization"},"potentialAction":[{"@type":"SearchAction","target":{"@type":"EntryPoint","urlTemplate":"https:\/\/peryhome.com\/tr\/?s={search_term_string}"},"query-input":{"@type":"PropertyValueSpecification","valueRequired":true,"valueName":"search_term_string"}}],"inLanguage":"tr"},{"@type":"Organization","@id":"https:\/\/peryhome.com\/tr\/#organization","name":"PeryHome","url":"https:\/\/peryhome.com\/tr\/","logo":{"@type":"ImageObject","inLanguage":"tr","@id":"https:\/\/peryhome.com\/tr\/#\/schema\/logo\/image\/","url":"https:\/\/peryhome.com\/wp-content\/uploads\/2024\/12\/Logo_horizontal_HQ.webp","contentUrl":"https:\/\/peryhome.com\/wp-content\/uploads\/2024\/12\/Logo_horizontal_HQ.webp","width":1000,"height":269,"caption":"PeryHome"},"image":{"@id":"https:\/\/peryhome.com\/tr\/#\/schema\/logo\/image\/"},"sameAs":["https:\/\/www.facebook.com\/profile.php?id=61566312622555","https:\/\/www.instagram.com\/peryhome.eu\/"]}]}},"jetpack_sharing_enabled":true,"_links":{"self":[{"href":"https:\/\/peryhome.com\/tr\/wp-json\/wp\/v2\/pages\/8383"}],"collection":[{"href":"https:\/\/peryhome.com\/tr\/wp-json\/wp\/v2\/pages"}],"about":[{"href":"https:\/\/peryhome.com\/tr\/wp-json\/wp\/v2\/types\/page"}],"author":[{"embeddable":true,"href":"https:\/\/peryhome.com\/tr\/wp-json\/wp\/v2\/users\/2"}],"replies":[{"embeddable":true,"href":"https:\/\/peryhome.com\/tr\/wp-json\/wp\/v2\/comments?post=8383"}],"version-history":[{"count":0,"href":"https:\/\/peryhome.com\/tr\/wp-json\/wp\/v2\/pages\/8383\/revisions"}],"up":[{"embeddable":true,"href":"https:\/\/peryhome.com\/tr\/wp-json\/wp\/v2\/pages\/8377"}],"wp:featuredmedia":[{"embeddable":true,"href":"https:\/\/peryhome.com\/tr\/wp-json\/wp\/v2\/media\/8384"}],"wp:attachment":[{"href":"https:\/\/peryhome.com\/tr\/wp-json\/wp\/v2\/media?parent=8383"}],"curies":[{"name":"wp","href":"https:\/\/api.w.org\/{rel}","templated":true}]}}