{"id":9034,"date":"2024-12-16T21:27:10","date_gmt":"2024-12-16T21:27:10","guid":{"rendered":"https:\/\/peryhome.com\/impressum\/"},"modified":"2024-12-16T22:06:28","modified_gmt":"2024-12-16T22:06:28","slug":"impressum","status":"publish","type":"page","link":"https:\/\/peryhome.com\/tr\/impressum\/","title":{"rendered":"Impressum"},"content":{"rendered":"\t\t<div data-elementor-type=\"wp-post\" data-elementor-id=\"9034\" class=\"elementor elementor-9034\" data-elementor-post-type=\"page\">\n\t\t\t\t\t\t<section class=\"elementor-section elementor-top-section elementor-element elementor-element-6629ce6 elementor-section-boxed elementor-section-height-default elementor-section-height-default\" data-id=\"6629ce6\" data-element_type=\"section\">\n\t\t\t\t\t\t<div class=\"elementor-container elementor-column-gap-no\">\n\t\t\t\t\t<div class=\"elementor-column elementor-col-100 elementor-top-column elementor-element elementor-element-beb4e9f\" data-id=\"beb4e9f\" data-element_type=\"column\">\n\t\t\t<div class=\"elementor-widget-wrap elementor-element-populated\">\n\t\t\t\t\t\t<div class=\"elementor-element elementor-element-4494539 elementor-widget elementor-widget-heading\" data-id=\"4494539\" data-element_type=\"widget\" data-widget_type=\"heading.default\">\n\t\t\t\t<div class=\"elementor-widget-container\">\n\t\t\t\t\t<h2 class=\"elementor-heading-title elementor-size-default\">Impressum<\/h2>\t\t\t\t<\/div>\n\t\t\t\t<\/div>\n\t\t\t\t<div class=\"elementor-element elementor-element-96ae52f elementor-widget elementor-widget-text-editor\" data-id=\"96ae52f\" data-element_type=\"widget\" data-widget_type=\"text-editor.default\">\n\t\t\t\t<div class=\"elementor-widget-container\">\n\t\t\t\t\t\t\t<div class=\"elementor-text-editor elementor-clearfix\"><p><strong>Firma Bilgileri:<\/strong><br \/>\u015eirket Ad\u0131: MEKA BURGAZLI MOBILYA Sp. z o.o. \/ PERYHOME<br \/>Hukuki Yap\u0131: Limited \u015eirket (Sp. z o.o.)<br \/>Merkez Adresi: UL. JULIANA SMULIKOWSKIEGO 4A\/21, VAR\u015eOVA \/ POLONYA<br \/>KRS: 0001132270<br \/>NIP (Vergi Kimlik No): 5214089690<br \/>REGON: 52992213500000 <\/p>\n<p><strong>\u0130leti\u015fim Bilgileri:<\/strong><br \/>Telefon: +48 453 099 877<br \/>E-posta: info@peryhome.com<br \/>Web Sitesi: www.peryhome.com<\/p>\n<p><strong>Yetkili Ki\u015fi:<\/strong><br \/>Halil Ibrahim Ozcan<br \/>G\u00f6rev: Sahip<\/p>\n<p><strong>Telif Haklar\u0131 ve Marka Haklar\u0131:<\/strong><br \/>Bu sitede yer alan t\u00fcm i\u00e7erik (metinler, g\u00f6rseller, logolar, sayfa d\u00fczeni, tasar\u0131mlar ve di\u011fer materyaller) MEKA BURGAZLI MOBILYA Sp. z o.o. veya lisans verenlerine aittir. Yaz\u0131l\u0131 izin olmadan i\u00e7eri\u011fin kopyalanmas\u0131, \u00e7o\u011falt\u0131lmas\u0131, de\u011fi\u015ftirilmesi veya ba\u015fka bir \u015fekilde kullan\u0131lmas\u0131 yasakt\u0131r ve hukuki sonu\u00e7lar do\u011furabilir. <\/p>\n<p><strong>Sorumluluk Reddi:<\/strong><br \/>Web sitemizdeki bilgilerin g\u00fcncel ve do\u011fru olmas\u0131 i\u00e7in \u00e7aba g\u00f6sterilse de hatalar veya eksiklikler nedeniyle olu\u015fabilecek zararlardan sorumluluk kabul edilmez. D\u0131\u015f sitelere verilen ba\u011flant\u0131lar yaln\u0131zca bilgi ama\u00e7l\u0131d\u0131r; bu sitelerin i\u00e7erik ve gizlilik politikalar\u0131 \u00fczerinde kontrol\u00fcm\u00fcz bulunmad\u0131\u011f\u0131ndan sorumluluk kabul etmeyiz.   <\/p>\n<p><strong>Gizlilik Politikas\u0131 (RODO\/GPDR)<\/strong>:<br \/>Ki\u015fisel verilerin korunmas\u0131 \u00f6nceli\u011fimizdir. Verilerin nas\u0131l topland\u0131\u011f\u0131, i\u015flendi\u011fi ve korundu\u011fu hakk\u0131nda ayr\u0131nt\u0131l\u0131 bilgi i\u00e7in <a href=\"https:\/\/peryhome.com\/tr\/gizlilik-politikasi\/\">[Gizlilik Politikas\u0131] <\/a>sayfam\u0131z\u0131 inceleyebilirsiniz. T\u00fcm veri i\u015flemleri, ge\u00e7erli yasal d\u00fczenlemelere, \u00f6zellikle de (AB) 2016\/679 say\u0131l\u0131 GDPR Y\u00f6netmeli\u011fi\u2019ne uygun olarak ger\u00e7ekle\u015ftirilir.  <\/p>\n<p><strong>Ge\u00e7erli Hukuk ve Uyu\u015fmazl\u0131klar\u0131n \u00c7\u00f6z\u00fcm\u00fc:<\/strong><br \/>Bu siteyi kullanmaktan do\u011fabilecek uyu\u015fmazl\u0131klar Polonya hukukuna tabi olup, yetkili Polonya mahkemeleri taraf\u0131ndan \u00e7\u00f6z\u00fclecekti<\/p>\n<\/div>\n\t\t\t\t\t\t<\/div>\n\t\t\t\t<\/div>\n\t\t\t\t\t<\/div>\n\t\t<\/div>\n\t\t\t\t\t<\/div>\n\t\t<\/section>\n\t\t\t\t<section class=\"elementor-section elementor-top-section elementor-element elementor-element-a00a8ee elementor-section-stretched elementor-section-boxed elementor-section-height-default elementor-section-height-default\" data-id=\"a00a8ee\" data-element_type=\"section\" data-settings=\"{&quot;stretch_section&quot;:&quot;section-stretched&quot;}\">\n\t\t\t\t\t\t<div class=\"elementor-container elementor-column-gap-no\">\n\t\t\t\t\t<div class=\"elementor-column elementor-col-100 elementor-top-column elementor-element elementor-element-10d235c animated-fast elementor-invisible\" data-id=\"10d235c\" data-element_type=\"column\" data-settings=\"{&quot;animation&quot;:&quot;opal-move-up&quot;}\">\n\t\t\t<div class=\"elementor-widget-wrap elementor-element-populated\">\n\t\t\t\t\t\t<div class=\"elementor-element elementor-element-9a1fe85 elementor-widget elementor-widget-heading\" data-id=\"9a1fe85\" data-element_type=\"widget\" data-widget_type=\"heading.default\">\n\t\t\t\t<div class=\"elementor-widget-container\">\n\t\t\t\t\t<h2 class=\"elementor-heading-title elementor-size-default\">Deste\u011fe mi ihtiyac\u0131n\u0131z var?<\/h2>\t\t\t\t<\/div>\n\t\t\t\t<\/div>\n\t\t\t\t<section class=\"elementor-section elementor-inner-section elementor-element elementor-element-561573b elementor-section-full_width animated-fast elementor-section-height-default elementor-section-height-default elementor-invisible\" data-id=\"561573b\" data-element_type=\"section\" data-settings=\"{&quot;animation&quot;:&quot;opal-move-up&quot;}\">\n\t\t\t\t\t\t<div class=\"elementor-container elementor-column-gap-no\">\n\t\t\t\t\t<div class=\"elementor-column elementor-col-33 elementor-inner-column elementor-element elementor-element-aaf14cc\" data-id=\"aaf14cc\" data-element_type=\"column\">\n\t\t\t<div class=\"elementor-widget-wrap elementor-element-populated\">\n\t\t\t\t\t\t<div class=\"elementor-element elementor-element-110979d elementor-view-default elementor-position-top elementor-mobile-position-top elementor-widget elementor-widget-icon-box\" data-id=\"110979d\" data-element_type=\"widget\" data-widget_type=\"icon-box.default\">\n\t\t\t\t<div class=\"elementor-widget-container\">\n\t\t\t\t\t\t\t<div class=\"elementor-icon-box-wrapper\">\n\n\t\t\t\t\t\t<div class=\"elementor-icon-box-icon\">\n\t\t\t\t<a href=\"https:\/\/wa.me\/48453099877\" class=\"elementor-icon\" tabindex=\"-1\" aria-label=\"Sohbet Deste\u011fi\">\n\t\t\t\t<i aria-hidden=\"true\" class=\"opal-icon- opal-icon-chat-support\"><\/i>\t\t\t\t<\/a>\n\t\t\t<\/div>\n\t\t\t\n\t\t\t\t\t\t<div class=\"elementor-icon-box-content\">\n\n\t\t\t\t\t\t\t\t\t<h3 class=\"elementor-icon-box-title\">\n\t\t\t\t\t\t<a href=\"https:\/\/wa.me\/48453099877\" >\n\t\t\t\t\t\t\tSohbet Deste\u011fi\t\t\t\t\t\t<\/a>\n\t\t\t\t\t<\/h3>\n\t\t\t\t\n\t\t\t\t\n\t\t\t<\/div>\n\t\t\t\n\t\t<\/div>\n\t\t\t\t\t\t<\/div>\n\t\t\t\t<\/div>\n\t\t\t\t\t<\/div>\n\t\t<\/div>\n\t\t\t\t<div class=\"elementor-column elementor-col-33 elementor-inner-column elementor-element elementor-element-0fc590b\" data-id=\"0fc590b\" data-element_type=\"column\">\n\t\t\t<div class=\"elementor-widget-wrap elementor-element-populated\">\n\t\t\t\t\t\t<div class=\"elementor-element elementor-element-c992a9d elementor-view-default elementor-position-top elementor-mobile-position-top elementor-widget elementor-widget-icon-box\" data-id=\"c992a9d\" data-element_type=\"widget\" data-widget_type=\"icon-box.default\">\n\t\t\t\t<div class=\"elementor-widget-container\">\n\t\t\t\t\t\t\t<div class=\"elementor-icon-box-wrapper\">\n\n\t\t\t\t\t\t<div class=\"elementor-icon-box-icon\">\n\t\t\t\t<a href=\"tel:+48-453-099-877\" class=\"elementor-icon\" tabindex=\"-1\" aria-label=\"Telefon Dan\u0131\u015fman\u0131\">\n\t\t\t\t<i aria-hidden=\"true\" class=\"opal-icon- opal-icon-phone-support\"><\/i>\t\t\t\t<\/a>\n\t\t\t<\/div>\n\t\t\t\n\t\t\t\t\t\t<div class=\"elementor-icon-box-content\">\n\n\t\t\t\t\t\t\t\t\t<h3 class=\"elementor-icon-box-title\">\n\t\t\t\t\t\t<a href=\"tel:+48-453-099-877\" >\n\t\t\t\t\t\t\tTelefon Dan\u0131\u015fman\u0131\t\t\t\t\t\t<\/a>\n\t\t\t\t\t<\/h3>\n\t\t\t\t\n\t\t\t\t\n\t\t\t<\/div>\n\t\t\t\n\t\t<\/div>\n\t\t\t\t\t\t<\/div>\n\t\t\t\t<\/div>\n\t\t\t\t\t<\/div>\n\t\t<\/div>\n\t\t\t\t<div class=\"elementor-column elementor-col-33 elementor-inner-column elementor-element elementor-element-e556f64\" data-id=\"e556f64\" data-element_type=\"column\">\n\t\t\t<div class=\"elementor-widget-wrap elementor-element-populated\">\n\t\t\t\t\t\t<div class=\"elementor-element elementor-element-8ca2794 elementor-view-default elementor-position-top elementor-mobile-position-top elementor-widget elementor-widget-icon-box\" data-id=\"8ca2794\" data-element_type=\"widget\" data-widget_type=\"icon-box.default\">\n\t\t\t\t<div class=\"elementor-widget-container\">\n\t\t\t\t\t\t\t<div class=\"elementor-icon-box-wrapper\">\n\n\t\t\t\t\t\t<div class=\"elementor-icon-box-icon\">\n\t\t\t\t<a href=\"https:\/\/peryhome.com\/tr\/bizimle-iletisime-gecin\/\" class=\"elementor-icon\" tabindex=\"-1\" aria-label=\"Forumumuzu Ziyaret Edin\">\n\t\t\t\t<i aria-hidden=\"true\" class=\"opal-icon- opal-icon-forum\"><\/i>\t\t\t\t<\/a>\n\t\t\t<\/div>\n\t\t\t\n\t\t\t\t\t\t<div class=\"elementor-icon-box-content\">\n\n\t\t\t\t\t\t\t\t\t<h3 class=\"elementor-icon-box-title\">\n\t\t\t\t\t\t<a href=\"https:\/\/peryhome.com\/tr\/bizimle-iletisime-gecin\/\" >\n\t\t\t\t\t\t\tForumumuzu Ziyaret Edin\t\t\t\t\t\t<\/a>\n\t\t\t\t\t<\/h3>\n\t\t\t\t\n\t\t\t\t\n\t\t\t<\/div>\n\t\t\t\n\t\t<\/div>\n\t\t\t\t\t\t<\/div>\n\t\t\t\t<\/div>\n\t\t\t\t\t<\/div>\n\t\t<\/div>\n\t\t\t\t\t<\/div>\n\t\t<\/section>\n\t\t\t\t\t<\/div>\n\t\t<\/div>\n\t\t\t\t\t<\/div>\n\t\t<\/section>\n\t\t\t\t<\/div>\n\t\t","protected":false},"excerpt":{"rendered":"<p>Impressum Firma Bilgileri:\u015eirket Ad\u0131: MEKA BURGAZLI MOBILYA Sp. z o.o. \/ PERYHOMEHukuki Yap\u0131: Limited \u015eirket (Sp. z o.o.)Merkez Adresi: UL. JULIANA SMULIKOWSKIEGO 4A\/21, VAR\u015eOVA \/ POLONYAKRS: 0001132270NIP (Vergi Kimlik No): 5214089690REGON: 52992213500000 \u0130leti\u015fim Bilgileri:Telefon: +48 453 099 877E-posta: info@peryhome.comWeb Sitesi: www.peryhome.com Yetkili Ki\u015fi:Halil Ibrahim OzcanG\u00f6rev: Sahip Telif Haklar\u0131 ve Marka Haklar\u0131:Bu sitede yer alan t\u00fcm &hellip; <\/p>\n<p class=\"link-more\"><a href=\"https:\/\/peryhome.com\/tr\/impressum\/\" class=\"more-link\">Read More <span class=\"screen-reader-text\"> &#8220;Impressum&#8221;<\/span><\/a><\/p>\n","protected":false},"author":2,"featured_media":0,"parent":0,"menu_order":0,"comment_status":"closed","ping_status":"closed","template":"","meta":{"_monsterinsights_skip_tracking":false,"_monsterinsights_sitenote_active":false,"_monsterinsights_sitenote_note":"","_monsterinsights_sitenote_category":0,"footnotes":""},"class_list":["post-9034","page","type-page","status-publish","hentry"],"yoast_head":"<!-- This site is optimized with the Yoast SEO plugin v24.1 - https:\/\/yoast.com\/wordpress\/plugins\/seo\/ -->\n<title>Impressum - PeryHome<\/title>\n<meta name=\"robots\" content=\"index, follow, max-snippet:-1, max-image-preview:large, max-video-preview:-1\" \/>\n<link rel=\"canonical\" href=\"https:\/\/peryhome.com\/tr\/impressum\/\" \/>\n<meta property=\"og:locale\" content=\"tr_TR\" \/>\n<meta property=\"og:type\" content=\"article\" \/>\n<meta property=\"og:title\" content=\"Impressum - PeryHome\" \/>\n<meta property=\"og:description\" content=\"Impressum Firma Bilgileri:\u015eirket Ad\u0131: MEKA BURGAZLI MOBILYA Sp. z o.o. \/ PERYHOMEHukuki Yap\u0131: Limited \u015eirket (Sp. z o.o.)Merkez Adresi: UL. JULIANA SMULIKOWSKIEGO 4A\/21, VAR\u015eOVA \/ POLONYAKRS: 0001132270NIP (Vergi Kimlik No): 5214089690REGON: 52992213500000 \u0130leti\u015fim Bilgileri:Telefon: +48 453 099 877E-posta: info@peryhome.comWeb Sitesi: www.peryhome.com Yetkili Ki\u015fi:Halil Ibrahim OzcanG\u00f6rev: Sahip Telif Haklar\u0131 ve Marka Haklar\u0131:Bu sitede yer alan t\u00fcm &hellip; Read More &quot;Impressum&quot;\" \/>\n<meta property=\"og:url\" content=\"https:\/\/peryhome.com\/tr\/impressum\/\" \/>\n<meta property=\"og:site_name\" content=\"PeryHome\" \/>\n<meta property=\"article:publisher\" content=\"https:\/\/www.facebook.com\/profile.php?id=61566312622555\" \/>\n<meta property=\"article:modified_time\" content=\"2024-12-16T22:06:28+00:00\" \/>\n<meta name=\"twitter:card\" content=\"summary_large_image\" \/>\n<meta name=\"twitter:label1\" content=\"Tahmini okuma s\u00fcresi\" \/>\n\t<meta name=\"twitter:data1\" content=\"1 dakika\" \/>\n<script type=\"application\/ld+json\" class=\"yoast-schema-graph\">{\"@context\":\"https:\/\/schema.org\",\"@graph\":[{\"@type\":\"WebPage\",\"@id\":\"https:\/\/peryhome.com\/tr\/impressum\/\",\"url\":\"https:\/\/peryhome.com\/tr\/impressum\/\",\"name\":\"Impressum - PeryHome\",\"isPartOf\":{\"@id\":\"https:\/\/peryhome.com\/tr\/#website\"},\"datePublished\":\"2024-12-16T21:27:10+00:00\",\"dateModified\":\"2024-12-16T22:06:28+00:00\",\"breadcrumb\":{\"@id\":\"https:\/\/peryhome.com\/tr\/impressum\/#breadcrumb\"},\"inLanguage\":\"tr\",\"potentialAction\":[{\"@type\":\"ReadAction\",\"target\":[\"https:\/\/peryhome.com\/tr\/impressum\/\"]}]},{\"@type\":\"BreadcrumbList\",\"@id\":\"https:\/\/peryhome.com\/tr\/impressum\/#breadcrumb\",\"itemListElement\":[{\"@type\":\"ListItem\",\"position\":1,\"name\":\"Anasayfa\",\"item\":\"https:\/\/peryhome.com\/tr\/anasayfa\/\"},{\"@type\":\"ListItem\",\"position\":2,\"name\":\"Impressum\"}]},{\"@type\":\"WebSite\",\"@id\":\"https:\/\/peryhome.com\/tr\/#website\",\"url\":\"https:\/\/peryhome.com\/tr\/\",\"name\":\"PeryHome\",\"description\":\"Art of Furniture\",\"publisher\":{\"@id\":\"https:\/\/peryhome.com\/tr\/#organization\"},\"potentialAction\":[{\"@type\":\"SearchAction\",\"target\":{\"@type\":\"EntryPoint\",\"urlTemplate\":\"https:\/\/peryhome.com\/tr\/?s={search_term_string}\"},\"query-input\":{\"@type\":\"PropertyValueSpecification\",\"valueRequired\":true,\"valueName\":\"search_term_string\"}}],\"inLanguage\":\"tr\"},{\"@type\":\"Organization\",\"@id\":\"https:\/\/peryhome.com\/tr\/#organization\",\"name\":\"PeryHome\",\"url\":\"https:\/\/peryhome.com\/tr\/\",\"logo\":{\"@type\":\"ImageObject\",\"inLanguage\":\"tr\",\"@id\":\"https:\/\/peryhome.com\/tr\/#\/schema\/logo\/image\/\",\"url\":\"https:\/\/peryhome.com\/wp-content\/uploads\/2024\/12\/Logo_horizontal_HQ.webp\",\"contentUrl\":\"https:\/\/peryhome.com\/wp-content\/uploads\/2024\/12\/Logo_horizontal_HQ.webp\",\"width\":1000,\"height\":269,\"caption\":\"PeryHome\"},\"image\":{\"@id\":\"https:\/\/peryhome.com\/tr\/#\/schema\/logo\/image\/\"},\"sameAs\":[\"https:\/\/www.facebook.com\/profile.php?id=61566312622555\",\"https:\/\/www.instagram.com\/peryhome.eu\/\"]}]}<\/script>\n<!-- \/ Yoast SEO plugin. -->","yoast_head_json":{"title":"Impressum - PeryHome","robots":{"index":"index","follow":"follow","max-snippet":"max-snippet:-1","max-image-preview":"max-image-preview:large","max-video-preview":"max-video-preview:-1"},"canonical":"https:\/\/peryhome.com\/tr\/impressum\/","og_locale":"tr_TR","og_type":"article","og_title":"Impressum - PeryHome","og_description":"Impressum Firma Bilgileri:\u015eirket Ad\u0131: MEKA BURGAZLI MOBILYA Sp. z o.o. \/ PERYHOMEHukuki Yap\u0131: Limited \u015eirket (Sp. z o.o.)Merkez Adresi: UL. JULIANA SMULIKOWSKIEGO 4A\/21, VAR\u015eOVA \/ POLONYAKRS: 0001132270NIP (Vergi Kimlik No): 5214089690REGON: 52992213500000 \u0130leti\u015fim Bilgileri:Telefon: +48 453 099 877E-posta: info@peryhome.comWeb Sitesi: www.peryhome.com Yetkili Ki\u015fi:Halil Ibrahim OzcanG\u00f6rev: Sahip Telif Haklar\u0131 ve Marka Haklar\u0131:Bu sitede yer alan t\u00fcm &hellip; Read More \"Impressum\"","og_url":"https:\/\/peryhome.com\/tr\/impressum\/","og_site_name":"PeryHome","article_publisher":"https:\/\/www.facebook.com\/profile.php?id=61566312622555","article_modified_time":"2024-12-16T22:06:28+00:00","twitter_card":"summary_large_image","twitter_misc":{"Tahmini okuma s\u00fcresi":"1 dakika"},"schema":{"@context":"https:\/\/schema.org","@graph":[{"@type":"WebPage","@id":"https:\/\/peryhome.com\/tr\/impressum\/","url":"https:\/\/peryhome.com\/tr\/impressum\/","name":"Impressum - PeryHome","isPartOf":{"@id":"https:\/\/peryhome.com\/tr\/#website"},"datePublished":"2024-12-16T21:27:10+00:00","dateModified":"2024-12-16T22:06:28+00:00","breadcrumb":{"@id":"https:\/\/peryhome.com\/tr\/impressum\/#breadcrumb"},"inLanguage":"tr","potentialAction":[{"@type":"ReadAction","target":["https:\/\/peryhome.com\/tr\/impressum\/"]}]},{"@type":"BreadcrumbList","@id":"https:\/\/peryhome.com\/tr\/impressum\/#breadcrumb","itemListElement":[{"@type":"ListItem","position":1,"name":"Anasayfa","item":"https:\/\/peryhome.com\/tr\/anasayfa\/"},{"@type":"ListItem","position":2,"name":"Impressum"}]},{"@type":"WebSite","@id":"https:\/\/peryhome.com\/tr\/#website","url":"https:\/\/peryhome.com\/tr\/","name":"PeryHome","description":"Art of Furniture","publisher":{"@id":"https:\/\/peryhome.com\/tr\/#organization"},"potentialAction":[{"@type":"SearchAction","target":{"@type":"EntryPoint","urlTemplate":"https:\/\/peryhome.com\/tr\/?s={search_term_string}"},"query-input":{"@type":"PropertyValueSpecification","valueRequired":true,"valueName":"search_term_string"}}],"inLanguage":"tr"},{"@type":"Organization","@id":"https:\/\/peryhome.com\/tr\/#organization","name":"PeryHome","url":"https:\/\/peryhome.com\/tr\/","logo":{"@type":"ImageObject","inLanguage":"tr","@id":"https:\/\/peryhome.com\/tr\/#\/schema\/logo\/image\/","url":"https:\/\/peryhome.com\/wp-content\/uploads\/2024\/12\/Logo_horizontal_HQ.webp","contentUrl":"https:\/\/peryhome.com\/wp-content\/uploads\/2024\/12\/Logo_horizontal_HQ.webp","width":1000,"height":269,"caption":"PeryHome"},"image":{"@id":"https:\/\/peryhome.com\/tr\/#\/schema\/logo\/image\/"},"sameAs":["https:\/\/www.facebook.com\/profile.php?id=61566312622555","https:\/\/www.instagram.com\/peryhome.eu\/"]}]}},"jetpack_sharing_enabled":true,"_links":{"self":[{"href":"https:\/\/peryhome.com\/tr\/wp-json\/wp\/v2\/pages\/9034"}],"collection":[{"href":"https:\/\/peryhome.com\/tr\/wp-json\/wp\/v2\/pages"}],"about":[{"href":"https:\/\/peryhome.com\/tr\/wp-json\/wp\/v2\/types\/page"}],"author":[{"embeddable":true,"href":"https:\/\/peryhome.com\/tr\/wp-json\/wp\/v2\/users\/2"}],"replies":[{"embeddable":true,"href":"https:\/\/peryhome.com\/tr\/wp-json\/wp\/v2\/comments?post=9034"}],"version-history":[{"count":1,"href":"https:\/\/peryhome.com\/tr\/wp-json\/wp\/v2\/pages\/9034\/revisions"}],"predecessor-version":[{"id":9035,"href":"https:\/\/peryhome.com\/tr\/wp-json\/wp\/v2\/pages\/9034\/revisions\/9035"}],"wp:attachment":[{"href":"https:\/\/peryhome.com\/tr\/wp-json\/wp\/v2\/media?parent=9034"}],"curies":[{"name":"wp","href":"https:\/\/api.w.org\/{rel}","templated":true}]}}