{"id":8503,"date":"2024-10-24T10:00:39","date_gmt":"2024-10-24T10:00:39","guid":{"rendered":"https:\/\/peryhome.com\/product\/gucci-koltuk-takimi-3lu-1li-modern-tasarim-luks-konfor-ozellestirilebilir-kumas-ve-renk-secenekleri\/"},"modified":"2024-10-24T10:00:39","modified_gmt":"2024-10-24T10:00:39","slug":"gucci-koltuk-takimi-3lu-1li-modern-tasarim-luks-konfor-ozellestirilebilir-kumas-ve-renk-secenekleri","status":"publish","type":"product","link":"https:\/\/peryhome.com\/tr\/product\/gucci-koltuk-takimi-3lu-1li-modern-tasarim-luks-konfor-ozellestirilebilir-kumas-ve-renk-secenekleri\/","title":{"rendered":"Gucci Koltuk Tak\u0131m\u0131 &#8211; 3&#8217;l\u00fc + 1&#8217;li, Modern Tasar\u0131m, L\u00fcks Konfor, \u00d6zelle\u015ftirilebilir Kuma\u015f ve Renk Se\u00e7enekleri"},"content":{"rendered":"<div class=\"flex-shrink-0 flex flex-col relative items-end\">\n<div class=\"pt-0\">\n<div class=\"gizmo-bot-avatar flex h-8 w-8 items-center justify-center overflow-hidden rounded-full\">\n<div class=\"relative p-1 rounded-sm flex items-center justify-center bg-token-main-surface-primary text-token-text-primary h-8 w-8\">\n<h3><strong>PeryHome&#8217;dan Modern L\u00fcks Gucci Kanepe &#8211; \u015e\u0131k Tasar\u0131m ve Konfor<\/strong><\/h3>\n<p><strong>PeryHome<\/strong> olarak, her alan\u0131 zenginle\u015ftiren y\u00fcksek kaliteli mobilyalar konusunda uzman\u0131z. <strong>Gucci Koltuk<\/strong>, <strong>modern tasar\u0131m <\/strong>ve <strong>l\u00fcks konforu<\/strong> m\u00fckemmel bir \u015fekilde harmanl\u0131yor. \u00c7e\u015fitli kuma\u015f ve renk se\u00e7enekleriyle hem \u00e7a\u011fda\u015f hem de klasik i\u00e7 mekanlar i\u00e7in idealdir. Dekorunuzla kolayca e\u015fle\u015ftirebilir, eviniz i\u00e7in m\u00fckemmel bir uyum sa\u011flayabilirsiniz.   <\/p>\n<hr>\n<h3><strong>\u00d6zelle\u015ftirilebilir Kuma\u015flar ve Kaplamalar<\/strong><\/h3>\n<p><strong>PeryHome&#8217;un <\/strong><strong>Gucci Koltu\u011funun<\/strong> en iyi \u00f6zelliklerinden biri ki\u015fiselle\u015ftirilebilmesidir. Keten, kadife veya suni deri gibi kuma\u015flar aras\u0131ndan se\u00e7im yapabilirsiniz. Her kuma\u015f, kanepenizi ki\u015fiselle\u015ftirmenize olanak tan\u0131yan benzersiz bir his sunar. Ayr\u0131ca tarz\u0131n\u0131za uygun ayak rengini ve kaplamay\u0131 da se\u00e7ebilirsiniz.   <\/p>\n<hr>\n<h3><strong>Konfor \u0130\u015flevsellikle Bulu\u015fuyor<\/strong><\/h3>\n<p><strong>Gucci Koltuk<\/strong> sadece \u015f\u0131k olmakla kalmaz, ayn\u0131 zamanda b\u00fcy\u00fck bir konfor sunar. Yast\u0131klar\u0131 maksimum rahatlama i\u00e7in tasarlanm\u0131\u015ft\u0131r. \u0130ster tek ba\u015f\u0131n\u0131za dinlenin ister misafirlerinizi a\u011f\u0131rlay\u0131n, bu kanepe hem stil hem de konfor sa\u011flar. Ayr\u0131ca, sa\u011flam yap\u0131s\u0131 y\u0131llarca dayanmas\u0131n\u0131 sa\u011flar.   <\/p>\n<hr>\n<h3><strong>Her Alan \u0130\u00e7in \u00c7ok Y\u00f6nl\u00fc Konfig\u00fcrasyonlar<\/strong><\/h3>\n<p><strong>Gucci Koltuk<\/strong> birden fazla konfig\u00fcrasyonda mevcuttur. <strong>3 ki\u015filik<\/strong>, <strong>1 ki\u015filik<\/strong> se\u00e7ebilirsiniz. Bu, alan\u0131n\u0131z i\u00e7in m\u00fckemmel d\u00fczenlemeyi olu\u015fturman\u0131za olanak tan\u0131r.  <\/p>\n<hr>\n<h3><strong>Her Ev \u0130\u00e7in M\u00fckemmel Uyum<\/strong><\/h3>\n<p>\u0130\u00e7 mekan stiliniz ne olursa olsun, <strong>PeryHome&#8217;un <\/strong><a href=\"https:\/\/www.instagram.com\/peryhome.eu\/\"><strong>Gucci Koltu\u011fu<\/strong><\/a> kolayca uyum sa\u011flar. \u015e\u0131k tasar\u0131m\u0131 hem modern hem de geleneksel alanlara uyar. Zevkinize uygun \u00e7e\u015fitli kuma\u015flar ve y\u00fczeyler aras\u0131ndan se\u00e7im yapabilirsiniz. Bu, kanepenin odan\u0131z\u0131 m\u00fckemmel bir \u015fekilde tamamlamas\u0131n\u0131 sa\u011flar.   <\/p>\n<hr>\n<h3><strong>Sonu\u00e7: Eviniz i\u00e7in Modern L\u00fcks<\/strong><\/h3>\n<p>Sonu\u00e7 olarak, <strong>PeryHome&#8217;un <\/strong><strong>Gucci Koltu\u011fu<\/strong> hem <strong>modern l\u00fcks<\/strong> hem de konfor sunuyor. \u00d6zelle\u015ftirilebilir \u00f6zellikleri, \u00e7ok y\u00f6nl\u00fc konfig\u00fcrasyonlar\u0131 ve \u015f\u0131k tasar\u0131m\u0131, onu her ev i\u00e7in m\u00fckemmel bir uyum haline getirir. \u0130ster oturma odan\u0131z\u0131 g\u00fcncelleyin ister bir merkez par\u00e7as\u0131 aray\u0131n, <strong>Gucci Koltuk<\/strong> \u015f\u0131kl\u0131\u011f\u0131 ve pratikli\u011fi bir araya getiriyor. Siz de ya\u015fam alan\u0131n\u0131z\u0131 <strong>PeryHome <\/strong>taraf\u0131ndan gururla sunulan <strong>Gucci Koltuk<\/strong> ile yenileyin.   <\/p>\n<\/div>\n<\/div>\n<\/div>\n<\/div>\n","protected":false},"excerpt":{"rendered":"<p><strong>PeryHome&#8217;un Gucci Koltu\u011fu<\/strong> modern tasar\u0131m\u0131 l\u00fcks konforla birle\u015ftiriyor. \u00d6zelle\u015ftirilebilir kuma\u015flar ve y\u00fczeylerle sunulan bu kanepe, her ya\u015fam alan\u0131na \u015f\u0131kl\u0131k ve i\u015flevsellik katar. <\/p>\n","protected":false},"featured_media":8504,"template":"","meta":{"_monsterinsights_skip_tracking":false,"_monsterinsights_sitenote_active":false,"_monsterinsights_sitenote_note":"","_monsterinsights_sitenote_category":0},"product_cat":[432,431],"product_tag":[458,455,469,478,467,449],"class_list":{"0":"post-8503","1":"product","2":"type-product","3":"status-publish","4":"has-post-thumbnail","6":"product_cat-31-koltuk-takimi","7":"product_cat-koltuk-takimi","8":"product_tag-gucci-koltuk","9":"product_tag-kumas-kanepe","10":"product_tag-luxury-sofa-tr","11":"product_tag-modern-koltuk","12":"product_tag-oturma-odasi-mobilyalari","13":"product_tag-ozellestirilebilir-kanepe","15":"first","16":"onbackorder","17":"sale","18":"shipping-taxable","19":"purchasable","20":"product-type-simple"},"yoast_head":"<!-- This site is optimized with the Yoast SEO plugin v24.1 - https:\/\/yoast.com\/wordpress\/plugins\/seo\/ -->\n<title>Modern L\u00fcks Gucci Kanepe - \u015e\u0131k Tasar\u0131m ve Konfor<\/title>\n<meta name=\"description\" content=\"\u201cKi\u015fiselle\u015ftirilebilir Gucci Kanepe ile modern tasar\u0131m ve l\u00fcks konforun m\u00fckemmel kar\u0131\u015f\u0131m\u0131n\u0131 deneyimleyin. Ya\u015fam alan\u0131n\u0131z\u0131 y\u00fckseltin.\u201d\" \/>\n<meta name=\"robots\" content=\"index, follow, max-snippet:-1, max-image-preview:large, max-video-preview:-1\" \/>\n<link rel=\"canonical\" href=\"https:\/\/peryhome.com\/tr\/product\/gucci-koltuk-takimi-3lu-1li-modern-tasarim-luks-konfor-ozellestirilebilir-kumas-ve-renk-secenekleri\/\" \/>\n<meta property=\"og:locale\" content=\"tr_TR\" \/>\n<meta property=\"og:type\" content=\"article\" \/>\n<meta property=\"og:title\" content=\"Modern L\u00fcks Gucci Kanepe - \u015e\u0131k Tasar\u0131m ve Konfor\" \/>\n<meta property=\"og:description\" content=\"\u201cKi\u015fiselle\u015ftirilebilir Gucci Kanepe ile modern tasar\u0131m ve l\u00fcks konforun m\u00fckemmel kar\u0131\u015f\u0131m\u0131n\u0131 deneyimleyin. Ya\u015fam alan\u0131n\u0131z\u0131 y\u00fckseltin.\u201d\" \/>\n<meta property=\"og:url\" content=\"https:\/\/peryhome.com\/tr\/product\/gucci-koltuk-takimi-3lu-1li-modern-tasarim-luks-konfor-ozellestirilebilir-kumas-ve-renk-secenekleri\/\" \/>\n<meta property=\"og:site_name\" content=\"PeryHome\" \/>\n<meta property=\"article:publisher\" content=\"https:\/\/www.facebook.com\/profile.php?id=61566312622555\" \/>\n<meta property=\"og:image\" content=\"https:\/\/peryhome.com\/wp-content\/uploads\/2024\/10\/IMG_5997-1-scaled.webp\" \/>\n\t<meta property=\"og:image:width\" content=\"2560\" \/>\n\t<meta property=\"og:image:height\" content=\"1788\" \/>\n\t<meta property=\"og:image:type\" content=\"image\/webp\" \/>\n<meta name=\"twitter:card\" content=\"summary_large_image\" \/>\n<meta name=\"twitter:label1\" content=\"Tahmini okuma s\u00fcresi\" \/>\n\t<meta name=\"twitter:data1\" content=\"2 dakika\" \/>\n<script type=\"application\/ld+json\" class=\"yoast-schema-graph\">{\"@context\":\"https:\/\/schema.org\",\"@graph\":[{\"@type\":\"WebPage\",\"@id\":\"https:\/\/peryhome.com\/tr\/product\/gucci-koltuk-takimi-3lu-1li-modern-tasarim-luks-konfor-ozellestirilebilir-kumas-ve-renk-secenekleri\/\",\"url\":\"https:\/\/peryhome.com\/tr\/product\/gucci-koltuk-takimi-3lu-1li-modern-tasarim-luks-konfor-ozellestirilebilir-kumas-ve-renk-secenekleri\/\",\"name\":\"Modern L\u00fcks Gucci Kanepe - \u015e\u0131k Tasar\u0131m ve Konfor\",\"isPartOf\":{\"@id\":\"https:\/\/peryhome.com\/tr\/#website\"},\"primaryImageOfPage\":{\"@id\":\"https:\/\/peryhome.com\/tr\/product\/gucci-koltuk-takimi-3lu-1li-modern-tasarim-luks-konfor-ozellestirilebilir-kumas-ve-renk-secenekleri\/#primaryimage\"},\"image\":{\"@id\":\"https:\/\/peryhome.com\/tr\/product\/gucci-koltuk-takimi-3lu-1li-modern-tasarim-luks-konfor-ozellestirilebilir-kumas-ve-renk-secenekleri\/#primaryimage\"},\"thumbnailUrl\":\"https:\/\/peryhome.com\/wp-content\/uploads\/2024\/10\/IMG_5997-1-scaled.webp\",\"datePublished\":\"2024-10-24T10:00:39+00:00\",\"dateModified\":\"2024-10-24T10:00:39+00:00\",\"description\":\"\u201cKi\u015fiselle\u015ftirilebilir Gucci Kanepe ile modern tasar\u0131m ve l\u00fcks konforun m\u00fckemmel kar\u0131\u015f\u0131m\u0131n\u0131 deneyimleyin. Ya\u015fam alan\u0131n\u0131z\u0131 y\u00fckseltin.\u201d\",\"breadcrumb\":{\"@id\":\"https:\/\/peryhome.com\/tr\/product\/gucci-koltuk-takimi-3lu-1li-modern-tasarim-luks-konfor-ozellestirilebilir-kumas-ve-renk-secenekleri\/#breadcrumb\"},\"inLanguage\":\"tr\",\"potentialAction\":[{\"@type\":\"ReadAction\",\"target\":[\"https:\/\/peryhome.com\/tr\/product\/gucci-koltuk-takimi-3lu-1li-modern-tasarim-luks-konfor-ozellestirilebilir-kumas-ve-renk-secenekleri\/\"]}]},{\"@type\":\"ImageObject\",\"inLanguage\":\"tr\",\"@id\":\"https:\/\/peryhome.com\/tr\/product\/gucci-koltuk-takimi-3lu-1li-modern-tasarim-luks-konfor-ozellestirilebilir-kumas-ve-renk-secenekleri\/#primaryimage\",\"url\":\"https:\/\/peryhome.com\/wp-content\/uploads\/2024\/10\/IMG_5997-1-scaled.webp\",\"contentUrl\":\"https:\/\/peryhome.com\/wp-content\/uploads\/2024\/10\/IMG_5997-1-scaled.webp\",\"width\":2560,\"height\":1788,\"caption\":\"Modern Luxury Gucci Sofa \u2013 Stylish Design and Comfort\"},{\"@type\":\"BreadcrumbList\",\"@id\":\"https:\/\/peryhome.com\/tr\/product\/gucci-koltuk-takimi-3lu-1li-modern-tasarim-luks-konfor-ozellestirilebilir-kumas-ve-renk-secenekleri\/#breadcrumb\",\"itemListElement\":[{\"@type\":\"ListItem\",\"position\":1,\"name\":\"Anasayfa\",\"item\":\"https:\/\/peryhome.com\/tr\/anasayfa\/\"},{\"@type\":\"ListItem\",\"position\":2,\"name\":\"Shop\",\"item\":\"https:\/\/peryhome.com\/shop\/\"},{\"@type\":\"ListItem\",\"position\":3,\"name\":\"Gucci Koltuk Tak\u0131m\u0131 &#8211; 3&#8217;l\u00fc + 1&#8217;li, Modern Tasar\u0131m, L\u00fcks Konfor, \u00d6zelle\u015ftirilebilir Kuma\u015f ve Renk Se\u00e7enekleri\"}]},{\"@type\":\"WebSite\",\"@id\":\"https:\/\/peryhome.com\/tr\/#website\",\"url\":\"https:\/\/peryhome.com\/tr\/\",\"name\":\"PeryHome\",\"description\":\"Art of Furniture\",\"publisher\":{\"@id\":\"https:\/\/peryhome.com\/tr\/#organization\"},\"potentialAction\":[{\"@type\":\"SearchAction\",\"target\":{\"@type\":\"EntryPoint\",\"urlTemplate\":\"https:\/\/peryhome.com\/tr\/?s={search_term_string}\"},\"query-input\":{\"@type\":\"PropertyValueSpecification\",\"valueRequired\":true,\"valueName\":\"search_term_string\"}}],\"inLanguage\":\"tr\"},{\"@type\":\"Organization\",\"@id\":\"https:\/\/peryhome.com\/tr\/#organization\",\"name\":\"PeryHome\",\"url\":\"https:\/\/peryhome.com\/tr\/\",\"logo\":{\"@type\":\"ImageObject\",\"inLanguage\":\"tr\",\"@id\":\"https:\/\/peryhome.com\/tr\/#\/schema\/logo\/image\/\",\"url\":\"https:\/\/peryhome.com\/wp-content\/uploads\/2024\/12\/Logo_horizontal_HQ.webp\",\"contentUrl\":\"https:\/\/peryhome.com\/wp-content\/uploads\/2024\/12\/Logo_horizontal_HQ.webp\",\"width\":1000,\"height\":269,\"caption\":\"PeryHome\"},\"image\":{\"@id\":\"https:\/\/peryhome.com\/tr\/#\/schema\/logo\/image\/\"},\"sameAs\":[\"https:\/\/www.facebook.com\/profile.php?id=61566312622555\",\"https:\/\/www.instagram.com\/peryhome.eu\/\"]}]}<\/script>\n<!-- \/ Yoast SEO plugin. -->","yoast_head_json":{"title":"Modern L\u00fcks Gucci Kanepe - \u015e\u0131k Tasar\u0131m ve Konfor","description":"\u201cKi\u015fiselle\u015ftirilebilir Gucci Kanepe ile modern tasar\u0131m ve l\u00fcks konforun m\u00fckemmel kar\u0131\u015f\u0131m\u0131n\u0131 deneyimleyin. Ya\u015fam alan\u0131n\u0131z\u0131 y\u00fckseltin.\u201d","robots":{"index":"index","follow":"follow","max-snippet":"max-snippet:-1","max-image-preview":"max-image-preview:large","max-video-preview":"max-video-preview:-1"},"canonical":"https:\/\/peryhome.com\/tr\/product\/gucci-koltuk-takimi-3lu-1li-modern-tasarim-luks-konfor-ozellestirilebilir-kumas-ve-renk-secenekleri\/","og_locale":"tr_TR","og_type":"article","og_title":"Modern L\u00fcks Gucci Kanepe - \u015e\u0131k Tasar\u0131m ve Konfor","og_description":"\u201cKi\u015fiselle\u015ftirilebilir Gucci Kanepe ile modern tasar\u0131m ve l\u00fcks konforun m\u00fckemmel kar\u0131\u015f\u0131m\u0131n\u0131 deneyimleyin. Ya\u015fam alan\u0131n\u0131z\u0131 y\u00fckseltin.\u201d","og_url":"https:\/\/peryhome.com\/tr\/product\/gucci-koltuk-takimi-3lu-1li-modern-tasarim-luks-konfor-ozellestirilebilir-kumas-ve-renk-secenekleri\/","og_site_name":"PeryHome","article_publisher":"https:\/\/www.facebook.com\/profile.php?id=61566312622555","og_image":[{"width":2560,"height":1788,"url":"https:\/\/peryhome.com\/wp-content\/uploads\/2024\/10\/IMG_5997-1-scaled.webp","type":"image\/webp"}],"twitter_card":"summary_large_image","twitter_misc":{"Tahmini okuma s\u00fcresi":"2 dakika"},"schema":{"@context":"https:\/\/schema.org","@graph":[{"@type":"WebPage","@id":"https:\/\/peryhome.com\/tr\/product\/gucci-koltuk-takimi-3lu-1li-modern-tasarim-luks-konfor-ozellestirilebilir-kumas-ve-renk-secenekleri\/","url":"https:\/\/peryhome.com\/tr\/product\/gucci-koltuk-takimi-3lu-1li-modern-tasarim-luks-konfor-ozellestirilebilir-kumas-ve-renk-secenekleri\/","name":"Modern L\u00fcks Gucci Kanepe - \u015e\u0131k Tasar\u0131m ve Konfor","isPartOf":{"@id":"https:\/\/peryhome.com\/tr\/#website"},"primaryImageOfPage":{"@id":"https:\/\/peryhome.com\/tr\/product\/gucci-koltuk-takimi-3lu-1li-modern-tasarim-luks-konfor-ozellestirilebilir-kumas-ve-renk-secenekleri\/#primaryimage"},"image":{"@id":"https:\/\/peryhome.com\/tr\/product\/gucci-koltuk-takimi-3lu-1li-modern-tasarim-luks-konfor-ozellestirilebilir-kumas-ve-renk-secenekleri\/#primaryimage"},"thumbnailUrl":"https:\/\/peryhome.com\/wp-content\/uploads\/2024\/10\/IMG_5997-1-scaled.webp","datePublished":"2024-10-24T10:00:39+00:00","dateModified":"2024-10-24T10:00:39+00:00","description":"\u201cKi\u015fiselle\u015ftirilebilir Gucci Kanepe ile modern tasar\u0131m ve l\u00fcks konforun m\u00fckemmel kar\u0131\u015f\u0131m\u0131n\u0131 deneyimleyin. Ya\u015fam alan\u0131n\u0131z\u0131 y\u00fckseltin.\u201d","breadcrumb":{"@id":"https:\/\/peryhome.com\/tr\/product\/gucci-koltuk-takimi-3lu-1li-modern-tasarim-luks-konfor-ozellestirilebilir-kumas-ve-renk-secenekleri\/#breadcrumb"},"inLanguage":"tr","potentialAction":[{"@type":"ReadAction","target":["https:\/\/peryhome.com\/tr\/product\/gucci-koltuk-takimi-3lu-1li-modern-tasarim-luks-konfor-ozellestirilebilir-kumas-ve-renk-secenekleri\/"]}]},{"@type":"ImageObject","inLanguage":"tr","@id":"https:\/\/peryhome.com\/tr\/product\/gucci-koltuk-takimi-3lu-1li-modern-tasarim-luks-konfor-ozellestirilebilir-kumas-ve-renk-secenekleri\/#primaryimage","url":"https:\/\/peryhome.com\/wp-content\/uploads\/2024\/10\/IMG_5997-1-scaled.webp","contentUrl":"https:\/\/peryhome.com\/wp-content\/uploads\/2024\/10\/IMG_5997-1-scaled.webp","width":2560,"height":1788,"caption":"Modern Luxury Gucci Sofa \u2013 Stylish Design and Comfort"},{"@type":"BreadcrumbList","@id":"https:\/\/peryhome.com\/tr\/product\/gucci-koltuk-takimi-3lu-1li-modern-tasarim-luks-konfor-ozellestirilebilir-kumas-ve-renk-secenekleri\/#breadcrumb","itemListElement":[{"@type":"ListItem","position":1,"name":"Anasayfa","item":"https:\/\/peryhome.com\/tr\/anasayfa\/"},{"@type":"ListItem","position":2,"name":"Shop","item":"https:\/\/peryhome.com\/shop\/"},{"@type":"ListItem","position":3,"name":"Gucci Koltuk Tak\u0131m\u0131 &#8211; 3&#8217;l\u00fc + 1&#8217;li, Modern Tasar\u0131m, L\u00fcks Konfor, \u00d6zelle\u015ftirilebilir Kuma\u015f ve Renk Se\u00e7enekleri"}]},{"@type":"WebSite","@id":"https:\/\/peryhome.com\/tr\/#website","url":"https:\/\/peryhome.com\/tr\/","name":"PeryHome","description":"Art of Furniture","publisher":{"@id":"https:\/\/peryhome.com\/tr\/#organization"},"potentialAction":[{"@type":"SearchAction","target":{"@type":"EntryPoint","urlTemplate":"https:\/\/peryhome.com\/tr\/?s={search_term_string}"},"query-input":{"@type":"PropertyValueSpecification","valueRequired":true,"valueName":"search_term_string"}}],"inLanguage":"tr"},{"@type":"Organization","@id":"https:\/\/peryhome.com\/tr\/#organization","name":"PeryHome","url":"https:\/\/peryhome.com\/tr\/","logo":{"@type":"ImageObject","inLanguage":"tr","@id":"https:\/\/peryhome.com\/tr\/#\/schema\/logo\/image\/","url":"https:\/\/peryhome.com\/wp-content\/uploads\/2024\/12\/Logo_horizontal_HQ.webp","contentUrl":"https:\/\/peryhome.com\/wp-content\/uploads\/2024\/12\/Logo_horizontal_HQ.webp","width":1000,"height":269,"caption":"PeryHome"},"image":{"@id":"https:\/\/peryhome.com\/tr\/#\/schema\/logo\/image\/"},"sameAs":["https:\/\/www.facebook.com\/profile.php?id=61566312622555","https:\/\/www.instagram.com\/peryhome.eu\/"]}]}},"jetpack_sharing_enabled":true,"_links":{"self":[{"href":"https:\/\/peryhome.com\/tr\/wp-json\/wp\/v2\/product\/8503"}],"collection":[{"href":"https:\/\/peryhome.com\/tr\/wp-json\/wp\/v2\/product"}],"about":[{"href":"https:\/\/peryhome.com\/tr\/wp-json\/wp\/v2\/types\/product"}],"version-history":[{"count":0,"href":"https:\/\/peryhome.com\/tr\/wp-json\/wp\/v2\/product\/8503\/revisions"}],"wp:featuredmedia":[{"embeddable":true,"href":"https:\/\/peryhome.com\/tr\/wp-json\/wp\/v2\/media\/8504"}],"wp:attachment":[{"href":"https:\/\/peryhome.com\/tr\/wp-json\/wp\/v2\/media?parent=8503"}],"wp:term":[{"taxonomy":"product_cat","embeddable":true,"href":"https:\/\/peryhome.com\/tr\/wp-json\/wp\/v2\/product_cat?post=8503"},{"taxonomy":"product_tag","embeddable":true,"href":"https:\/\/peryhome.com\/tr\/wp-json\/wp\/v2\/product_tag?post=8503"}],"curies":[{"name":"wp","href":"https:\/\/api.w.org\/{rel}","templated":true}]}}