{"id":8867,"date":"2024-12-02T22:48:10","date_gmt":"2024-12-02T22:48:10","guid":{"rendered":"https:\/\/peryhome.com\/product\/neris-yemek-sandalyesi-4-sandalye-takimi-bej-coco-kumas-ahsap-ayakli\/"},"modified":"2024-12-02T22:48:10","modified_gmt":"2024-12-02T22:48:10","slug":"neris-yemek-sandalyesi-4-sandalye-takimi-bej-coco-kumas-ahsap-ayakli","status":"publish","type":"product","link":"https:\/\/peryhome.com\/tr\/product\/neris-yemek-sandalyesi-4-sandalye-takimi-bej-coco-kumas-ahsap-ayakli\/","title":{"rendered":"Neris Yemek Sandalyesi \u2013 (4 Sandalye Tak\u0131m\u0131) \u2013 Bej Coco Kuma\u015f \u2013 Ah\u015fap Ayakl\u0131"},"content":{"rendered":"<h3>Neris Yemek Sandalyesi: Yemek Sandalyesi &#8211; Ah\u015fap &#8211; Zarif Konfor i\u00e7in Bej<\/h3>\n<p>PeryHome&#8217;un <strong>Neris<\/strong> Yemek <a href=\"https:\/\/peryhome.com\/chairs\/\">Sandalyesi,<\/a> ah\u015fap &#8211; Bej tasar\u0131m\u0131yla konfor ve tarz\u0131n ideal birle\u015fimini sunuyor. \u00c7e\u015fitli i\u00e7 mekanlara uyacak \u015fekilde tasarlanan bu sandalyenin minimalist \u00e7ekicili\u011fi ve kaliteli malzemeleri, onu modern yemek odalar\u0131 i\u00e7in g\u00f6ze \u00e7arpan bir se\u00e7im haline getiriyor. \u015e\u0131k bej kuma\u015f\u0131 ve sa\u011flam ah\u015fap ayaklar\u0131 ile Neris Yemek Sandalyesi, <a href=\"https:\/\/www.instagram.com\/peryhome.eu\/\">PeryHome&#8217;un <\/a>y\u00fcksek kaliteli i\u015f\u00e7ili\u011fe olan ba\u011fl\u0131l\u0131\u011f\u0131n\u0131 somutla\u015ft\u0131rarak hem \u015f\u0131kl\u0131k hem de dayan\u0131kl\u0131l\u0131k sa\u011flar.  <\/p>\n<h3>L\u00fcks Bej Coco Kuma\u015f D\u00f6\u015feme<\/h3>\n<p><strong>Neris Yemek Sandalyesi<\/strong>, l\u00fcks bej Coco kuma\u015ftan \u00fcretilerek yemek alan\u0131n\u0131za \u015f\u0131kl\u0131k kat\u0131yor. Bu y\u00fcksek kaliteli kuma\u015f yaln\u0131zca sandalyenin g\u00f6rsel \u00e7ekicili\u011fini artt\u0131rmakla kalm\u0131yor, ayn\u0131 zamanda yumu\u015fak, rahat bir oturma deneyimi de sunuyor. Coco kuma\u015f\u0131n n\u00f6tr bej tonu, onu modern ve minimalist dekor i\u00e7in m\u00fckemmel, zamans\u0131z bir se\u00e7im haline getiriyor.  <\/p>\n<h3>Kal\u0131c\u0131 Destek i\u00e7in Sa\u011flam Ah\u015fap Ayaklar<\/h3>\n<p>Dayan\u0131kl\u0131l\u0131k i\u00e7in tasarlanan <strong>Neris Yemek Sandalyesi,<\/strong> g\u00fcvenilir destek ve do\u011fal, s\u0131cak bir g\u00f6r\u00fcn\u00fcm sa\u011flayan sa\u011flam ah\u015fap ayaklara sahiptir. Ah\u015fab\u0131n do\u011fal dokusu bej d\u00f6\u015femeyi tamamlayarak s\u0131cakl\u0131k ve incelik aras\u0131nda bir denge sa\u011fl\u0131yor. PeryHome&#8217;un stil ve i\u015flevi birle\u015ftirme konusundaki kararl\u0131l\u0131\u011f\u0131 bu g\u00fc\u00e7l\u00fc ah\u015fap ayaklarda a\u00e7\u0131k\u00e7a g\u00f6r\u00fcl\u00fcyor ve Neris Yemek Sandalyesini eviniz i\u00e7in kal\u0131c\u0131 bir yat\u0131r\u0131m haline getiriyor.  <\/p>\n<h3>Modern Stil ile Ergonomik Konfor<\/h3>\n<p><strong>Neris Yemek Sandalyesi <\/strong>sadece g\u00f6rsel olarak \u00e7ekici de\u011fil, ayn\u0131 zamanda konfor i\u00e7in de tasarland\u0131. Ergonomik koltu\u011fu daha uzun oturma olana\u011f\u0131 sa\u011flayarak yemek odalar\u0131, mutfaklar veya \u00e7al\u0131\u015fma alanlar\u0131 i\u00e7in idealdir. Bu sandalye, hem tasar\u0131m odakl\u0131 hem de konfor arayan m\u00fc\u015fterilerin ihtiya\u00e7lar\u0131n\u0131 kar\u015f\u0131layan, stil ve konforun m\u00fckemmel bir kar\u0131\u015f\u0131m\u0131n\u0131 sunuyor.  <\/p>\n<h3>\u00c7e\u015fitli \u0130\u00e7 Mekan Tarzlar\u0131 i\u00e7in M\u00fckemmel<\/h3>\n<p><strong>Neris Yemek Sandalyesi<\/strong>, \u00e7ok y\u00f6nl\u00fc tasar\u0131m\u0131yla \u00e7ok \u00e7e\u015fitli dekor tarzlar\u0131na uyum sa\u011fl\u0131yor. \u0130ster \u00e7a\u011fda\u015f bir yemek odas\u0131na ister daha geleneksel bir d\u00fczene sahip olun, bu sandalyenin bej kuma\u015f ve ah\u015fap ayaklardan olu\u015fan kombinasyonu, her ortama uygun, s\u0131cak ama modern bir g\u00f6r\u00fcn\u00fcm sa\u011flar. <\/p>\n<h3>PeryHome&#8217;un Y\u00fcksek Standartlar\u0131na G\u00f6re Haz\u0131rland\u0131<\/h3>\n<p>PeryHome&#8217;da kalite bir \u00f6nceliktir ve <strong>Neris Yemek Sandalyesi <\/strong>de bir istisna de\u011fildir. En iyi malzemelerden yap\u0131lm\u0131\u015f ve uzun \u00f6m\u00fcrl\u00fc olacak \u015fekilde \u00fcretilen bu sandalye, yemek odas\u0131n\u0131 veya oturma alan\u0131n\u0131 g\u00fcvenilir ve \u015f\u0131k bir par\u00e7ayla geli\u015ftirmek isteyen herkes i\u00e7in m\u00fckemmel bir se\u00e7imdir. Neris Yemek Sandalyesi bir koltuktan daha fazlas\u0131d\u0131r; bu bir zarafet ve kalite ifadesidir.<\/p>\n","protected":false},"excerpt":{"rendered":"<div class=\"flex max-w-full flex-col flex-grow\">\n<div class=\"min-h-8 text-message flex w-full flex-col items-end gap-2 whitespace-normal break-words [.text-message+&amp;]:mt-5\" dir=\"auto\" data-message-author-role=\"assistant\" data-message-id=\"7591a3cc-d815-4c8e-a4dd-17cd3569d0aa\" data-message-model-slug=\"gpt-4o\">\n<div class=\"flex w-full flex-col gap-1 empty:hidden first:pt-[3px]\">\n<div class=\"markdown prose w-full break-words dark:prose-invert light\">\n<p>Neris Yemek Sandalyesi, bej Coco kuma\u015f\u0131 sa\u011flam ah\u015fap ayaklarla birle\u015ftirerek her t\u00fcrl\u00fc yemek alan\u0131 i\u00e7in modern, \u015f\u0131k ve konforlu bir oturma se\u00e7ene\u011fi sunuyor.<\/p>\n<\/div>\n<\/div>\n<\/div>\n<\/div>\n","protected":false},"featured_media":8566,"template":"","meta":{"_monsterinsights_skip_tracking":false,"_monsterinsights_sitenote_active":false,"_monsterinsights_sitenote_note":"","_monsterinsights_sitenote_category":0},"product_cat":[427],"product_tag":[499,436,448,476,480,450,452],"class_list":{"0":"post-8867","1":"product","2":"type-product","3":"status-publish","4":"has-post-thumbnail","6":"product_cat-sandalye","7":"product_tag-ahsap-yemek-sandalyesi","8":"product_tag-bej-kumas-sandalye","9":"product_tag-konforlu-yemek-sandalyesi","10":"product_tag-modern-yemek-sandalyesi","11":"product_tag-neris-yemek-sandalyesi","12":"product_tag-yemek-sandalyesi-ahsap-bej","13":"product_tag-zarif-yemek-sandalyesi","15":"first","16":"instock","17":"sale","18":"shipping-taxable","19":"purchasable","20":"product-type-simple"},"yoast_head":"<!-- This site is optimized with the Yoast SEO plugin v24.1 - https:\/\/yoast.com\/wordpress\/plugins\/seo\/ -->\n<title>Neris Yemek Sandalyesi \u2013 Bej Coco Kuma\u015f \u2013 Ah\u015fap Ayakl\u0131<\/title>\n<meta name=\"description\" content=\"&quot;Neris Yemek Sandalyesi: Bej Coco kuma\u015f ve ah\u015fap ayaklar\u0131yla modern tasar\u0131m. Bu \u015f\u0131k ve dayan\u0131kl\u0131 se\u00e7imle yemek alan\u0131n\u0131za \u015f\u0131kl\u0131k kat\u0131n.&quot;\" \/>\n<meta name=\"robots\" content=\"index, follow, max-snippet:-1, max-image-preview:large, max-video-preview:-1\" \/>\n<link rel=\"canonical\" href=\"https:\/\/peryhome.com\/tr\/product\/neris-yemek-sandalyesi-4-sandalye-takimi-bej-coco-kumas-ahsap-ayakli\/\" \/>\n<meta property=\"og:locale\" content=\"tr_TR\" \/>\n<meta property=\"og:type\" content=\"article\" \/>\n<meta property=\"og:title\" content=\"Neris Yemek Sandalyesi \u2013 Bej Coco Kuma\u015f \u2013 Ah\u015fap Ayakl\u0131\" \/>\n<meta property=\"og:description\" content=\"&quot;Neris Yemek Sandalyesi: Bej Coco kuma\u015f ve ah\u015fap ayaklar\u0131yla modern tasar\u0131m. Bu \u015f\u0131k ve dayan\u0131kl\u0131 se\u00e7imle yemek alan\u0131n\u0131za \u015f\u0131kl\u0131k kat\u0131n.&quot;\" \/>\n<meta property=\"og:url\" content=\"https:\/\/peryhome.com\/tr\/product\/neris-yemek-sandalyesi-4-sandalye-takimi-bej-coco-kumas-ahsap-ayakli\/\" \/>\n<meta property=\"og:site_name\" content=\"PeryHome\" \/>\n<meta property=\"article:publisher\" content=\"https:\/\/www.facebook.com\/profile.php?id=61566312622555\" \/>\n<meta property=\"og:image\" content=\"https:\/\/peryhome.com\/wp-content\/uploads\/2024\/11\/Sude-Krem.webp\" \/>\n\t<meta property=\"og:image:width\" content=\"1600\" \/>\n\t<meta property=\"og:image:height\" content=\"1200\" \/>\n\t<meta property=\"og:image:type\" content=\"image\/webp\" \/>\n<meta name=\"twitter:card\" content=\"summary_large_image\" \/>\n<meta name=\"twitter:label1\" content=\"Tahmini okuma s\u00fcresi\" \/>\n\t<meta name=\"twitter:data1\" content=\"2 dakika\" \/>\n<script type=\"application\/ld+json\" class=\"yoast-schema-graph\">{\"@context\":\"https:\/\/schema.org\",\"@graph\":[{\"@type\":\"WebPage\",\"@id\":\"https:\/\/peryhome.com\/tr\/product\/neris-yemek-sandalyesi-4-sandalye-takimi-bej-coco-kumas-ahsap-ayakli\/\",\"url\":\"https:\/\/peryhome.com\/tr\/product\/neris-yemek-sandalyesi-4-sandalye-takimi-bej-coco-kumas-ahsap-ayakli\/\",\"name\":\"Neris Yemek Sandalyesi \u2013 Bej Coco Kuma\u015f \u2013 Ah\u015fap Ayakl\u0131\",\"isPartOf\":{\"@id\":\"https:\/\/peryhome.com\/tr\/#website\"},\"primaryImageOfPage\":{\"@id\":\"https:\/\/peryhome.com\/tr\/product\/neris-yemek-sandalyesi-4-sandalye-takimi-bej-coco-kumas-ahsap-ayakli\/#primaryimage\"},\"image\":{\"@id\":\"https:\/\/peryhome.com\/tr\/product\/neris-yemek-sandalyesi-4-sandalye-takimi-bej-coco-kumas-ahsap-ayakli\/#primaryimage\"},\"thumbnailUrl\":\"https:\/\/peryhome.com\/wp-content\/uploads\/2024\/11\/Sude-Krem.webp\",\"datePublished\":\"2024-12-02T22:48:10+00:00\",\"dateModified\":\"2024-12-02T22:48:10+00:00\",\"description\":\"\\\"Neris Yemek Sandalyesi: Bej Coco kuma\u015f ve ah\u015fap ayaklar\u0131yla modern tasar\u0131m. Bu \u015f\u0131k ve dayan\u0131kl\u0131 se\u00e7imle yemek alan\u0131n\u0131za \u015f\u0131kl\u0131k kat\u0131n.\\\"\",\"breadcrumb\":{\"@id\":\"https:\/\/peryhome.com\/tr\/product\/neris-yemek-sandalyesi-4-sandalye-takimi-bej-coco-kumas-ahsap-ayakli\/#breadcrumb\"},\"inLanguage\":\"tr\",\"potentialAction\":[{\"@type\":\"ReadAction\",\"target\":[\"https:\/\/peryhome.com\/tr\/product\/neris-yemek-sandalyesi-4-sandalye-takimi-bej-coco-kumas-ahsap-ayakli\/\"]}]},{\"@type\":\"ImageObject\",\"inLanguage\":\"tr\",\"@id\":\"https:\/\/peryhome.com\/tr\/product\/neris-yemek-sandalyesi-4-sandalye-takimi-bej-coco-kumas-ahsap-ayakli\/#primaryimage\",\"url\":\"https:\/\/peryhome.com\/wp-content\/uploads\/2024\/11\/Sude-Krem.webp\",\"contentUrl\":\"https:\/\/peryhome.com\/wp-content\/uploads\/2024\/11\/Sude-Krem.webp\",\"width\":1600,\"height\":1200,\"caption\":\"Neris Yemek Sandalyesi - Bej Coco Kuma\u015f - Ah\u015fap Ayaklar\"},{\"@type\":\"BreadcrumbList\",\"@id\":\"https:\/\/peryhome.com\/tr\/product\/neris-yemek-sandalyesi-4-sandalye-takimi-bej-coco-kumas-ahsap-ayakli\/#breadcrumb\",\"itemListElement\":[{\"@type\":\"ListItem\",\"position\":1,\"name\":\"Anasayfa\",\"item\":\"https:\/\/peryhome.com\/tr\/anasayfa\/\"},{\"@type\":\"ListItem\",\"position\":2,\"name\":\"Shop\",\"item\":\"https:\/\/peryhome.com\/shop\/\"},{\"@type\":\"ListItem\",\"position\":3,\"name\":\"Neris Yemek Sandalyesi \u2013 (4 Sandalye Tak\u0131m\u0131) \u2013 Bej Coco Kuma\u015f \u2013 Ah\u015fap Ayakl\u0131\"}]},{\"@type\":\"WebSite\",\"@id\":\"https:\/\/peryhome.com\/tr\/#website\",\"url\":\"https:\/\/peryhome.com\/tr\/\",\"name\":\"PeryHome\",\"description\":\"Art of Furniture\",\"publisher\":{\"@id\":\"https:\/\/peryhome.com\/tr\/#organization\"},\"potentialAction\":[{\"@type\":\"SearchAction\",\"target\":{\"@type\":\"EntryPoint\",\"urlTemplate\":\"https:\/\/peryhome.com\/tr\/?s={search_term_string}\"},\"query-input\":{\"@type\":\"PropertyValueSpecification\",\"valueRequired\":true,\"valueName\":\"search_term_string\"}}],\"inLanguage\":\"tr\"},{\"@type\":\"Organization\",\"@id\":\"https:\/\/peryhome.com\/tr\/#organization\",\"name\":\"PeryHome\",\"url\":\"https:\/\/peryhome.com\/tr\/\",\"logo\":{\"@type\":\"ImageObject\",\"inLanguage\":\"tr\",\"@id\":\"https:\/\/peryhome.com\/tr\/#\/schema\/logo\/image\/\",\"url\":\"https:\/\/peryhome.com\/wp-content\/uploads\/2024\/12\/Logo_horizontal_HQ.webp\",\"contentUrl\":\"https:\/\/peryhome.com\/wp-content\/uploads\/2024\/12\/Logo_horizontal_HQ.webp\",\"width\":1000,\"height\":269,\"caption\":\"PeryHome\"},\"image\":{\"@id\":\"https:\/\/peryhome.com\/tr\/#\/schema\/logo\/image\/\"},\"sameAs\":[\"https:\/\/www.facebook.com\/profile.php?id=61566312622555\",\"https:\/\/www.instagram.com\/peryhome.eu\/\"]}]}<\/script>\n<!-- \/ Yoast SEO plugin. -->","yoast_head_json":{"title":"Neris Yemek Sandalyesi \u2013 Bej Coco Kuma\u015f \u2013 Ah\u015fap Ayakl\u0131","description":"\"Neris Yemek Sandalyesi: Bej Coco kuma\u015f ve ah\u015fap ayaklar\u0131yla modern tasar\u0131m. Bu \u015f\u0131k ve dayan\u0131kl\u0131 se\u00e7imle yemek alan\u0131n\u0131za \u015f\u0131kl\u0131k kat\u0131n.\"","robots":{"index":"index","follow":"follow","max-snippet":"max-snippet:-1","max-image-preview":"max-image-preview:large","max-video-preview":"max-video-preview:-1"},"canonical":"https:\/\/peryhome.com\/tr\/product\/neris-yemek-sandalyesi-4-sandalye-takimi-bej-coco-kumas-ahsap-ayakli\/","og_locale":"tr_TR","og_type":"article","og_title":"Neris Yemek Sandalyesi \u2013 Bej Coco Kuma\u015f \u2013 Ah\u015fap Ayakl\u0131","og_description":"\"Neris Yemek Sandalyesi: Bej Coco kuma\u015f ve ah\u015fap ayaklar\u0131yla modern tasar\u0131m. Bu \u015f\u0131k ve dayan\u0131kl\u0131 se\u00e7imle yemek alan\u0131n\u0131za \u015f\u0131kl\u0131k kat\u0131n.\"","og_url":"https:\/\/peryhome.com\/tr\/product\/neris-yemek-sandalyesi-4-sandalye-takimi-bej-coco-kumas-ahsap-ayakli\/","og_site_name":"PeryHome","article_publisher":"https:\/\/www.facebook.com\/profile.php?id=61566312622555","og_image":[{"width":1600,"height":1200,"url":"https:\/\/peryhome.com\/wp-content\/uploads\/2024\/11\/Sude-Krem.webp","type":"image\/webp"}],"twitter_card":"summary_large_image","twitter_misc":{"Tahmini okuma s\u00fcresi":"2 dakika"},"schema":{"@context":"https:\/\/schema.org","@graph":[{"@type":"WebPage","@id":"https:\/\/peryhome.com\/tr\/product\/neris-yemek-sandalyesi-4-sandalye-takimi-bej-coco-kumas-ahsap-ayakli\/","url":"https:\/\/peryhome.com\/tr\/product\/neris-yemek-sandalyesi-4-sandalye-takimi-bej-coco-kumas-ahsap-ayakli\/","name":"Neris Yemek Sandalyesi \u2013 Bej Coco Kuma\u015f \u2013 Ah\u015fap Ayakl\u0131","isPartOf":{"@id":"https:\/\/peryhome.com\/tr\/#website"},"primaryImageOfPage":{"@id":"https:\/\/peryhome.com\/tr\/product\/neris-yemek-sandalyesi-4-sandalye-takimi-bej-coco-kumas-ahsap-ayakli\/#primaryimage"},"image":{"@id":"https:\/\/peryhome.com\/tr\/product\/neris-yemek-sandalyesi-4-sandalye-takimi-bej-coco-kumas-ahsap-ayakli\/#primaryimage"},"thumbnailUrl":"https:\/\/peryhome.com\/wp-content\/uploads\/2024\/11\/Sude-Krem.webp","datePublished":"2024-12-02T22:48:10+00:00","dateModified":"2024-12-02T22:48:10+00:00","description":"\"Neris Yemek Sandalyesi: Bej Coco kuma\u015f ve ah\u015fap ayaklar\u0131yla modern tasar\u0131m. Bu \u015f\u0131k ve dayan\u0131kl\u0131 se\u00e7imle yemek alan\u0131n\u0131za \u015f\u0131kl\u0131k kat\u0131n.\"","breadcrumb":{"@id":"https:\/\/peryhome.com\/tr\/product\/neris-yemek-sandalyesi-4-sandalye-takimi-bej-coco-kumas-ahsap-ayakli\/#breadcrumb"},"inLanguage":"tr","potentialAction":[{"@type":"ReadAction","target":["https:\/\/peryhome.com\/tr\/product\/neris-yemek-sandalyesi-4-sandalye-takimi-bej-coco-kumas-ahsap-ayakli\/"]}]},{"@type":"ImageObject","inLanguage":"tr","@id":"https:\/\/peryhome.com\/tr\/product\/neris-yemek-sandalyesi-4-sandalye-takimi-bej-coco-kumas-ahsap-ayakli\/#primaryimage","url":"https:\/\/peryhome.com\/wp-content\/uploads\/2024\/11\/Sude-Krem.webp","contentUrl":"https:\/\/peryhome.com\/wp-content\/uploads\/2024\/11\/Sude-Krem.webp","width":1600,"height":1200,"caption":"Neris Yemek Sandalyesi - Bej Coco Kuma\u015f - Ah\u015fap Ayaklar"},{"@type":"BreadcrumbList","@id":"https:\/\/peryhome.com\/tr\/product\/neris-yemek-sandalyesi-4-sandalye-takimi-bej-coco-kumas-ahsap-ayakli\/#breadcrumb","itemListElement":[{"@type":"ListItem","position":1,"name":"Anasayfa","item":"https:\/\/peryhome.com\/tr\/anasayfa\/"},{"@type":"ListItem","position":2,"name":"Shop","item":"https:\/\/peryhome.com\/shop\/"},{"@type":"ListItem","position":3,"name":"Neris Yemek Sandalyesi \u2013 (4 Sandalye Tak\u0131m\u0131) \u2013 Bej Coco Kuma\u015f \u2013 Ah\u015fap Ayakl\u0131"}]},{"@type":"WebSite","@id":"https:\/\/peryhome.com\/tr\/#website","url":"https:\/\/peryhome.com\/tr\/","name":"PeryHome","description":"Art of Furniture","publisher":{"@id":"https:\/\/peryhome.com\/tr\/#organization"},"potentialAction":[{"@type":"SearchAction","target":{"@type":"EntryPoint","urlTemplate":"https:\/\/peryhome.com\/tr\/?s={search_term_string}"},"query-input":{"@type":"PropertyValueSpecification","valueRequired":true,"valueName":"search_term_string"}}],"inLanguage":"tr"},{"@type":"Organization","@id":"https:\/\/peryhome.com\/tr\/#organization","name":"PeryHome","url":"https:\/\/peryhome.com\/tr\/","logo":{"@type":"ImageObject","inLanguage":"tr","@id":"https:\/\/peryhome.com\/tr\/#\/schema\/logo\/image\/","url":"https:\/\/peryhome.com\/wp-content\/uploads\/2024\/12\/Logo_horizontal_HQ.webp","contentUrl":"https:\/\/peryhome.com\/wp-content\/uploads\/2024\/12\/Logo_horizontal_HQ.webp","width":1000,"height":269,"caption":"PeryHome"},"image":{"@id":"https:\/\/peryhome.com\/tr\/#\/schema\/logo\/image\/"},"sameAs":["https:\/\/www.facebook.com\/profile.php?id=61566312622555","https:\/\/www.instagram.com\/peryhome.eu\/"]}]}},"jetpack_sharing_enabled":true,"_links":{"self":[{"href":"https:\/\/peryhome.com\/tr\/wp-json\/wp\/v2\/product\/8867"}],"collection":[{"href":"https:\/\/peryhome.com\/tr\/wp-json\/wp\/v2\/product"}],"about":[{"href":"https:\/\/peryhome.com\/tr\/wp-json\/wp\/v2\/types\/product"}],"version-history":[{"count":0,"href":"https:\/\/peryhome.com\/tr\/wp-json\/wp\/v2\/product\/8867\/revisions"}],"wp:featuredmedia":[{"embeddable":true,"href":"https:\/\/peryhome.com\/tr\/wp-json\/wp\/v2\/media\/8566"}],"wp:attachment":[{"href":"https:\/\/peryhome.com\/tr\/wp-json\/wp\/v2\/media?parent=8867"}],"wp:term":[{"taxonomy":"product_cat","embeddable":true,"href":"https:\/\/peryhome.com\/tr\/wp-json\/wp\/v2\/product_cat?post=8867"},{"taxonomy":"product_tag","embeddable":true,"href":"https:\/\/peryhome.com\/tr\/wp-json\/wp\/v2\/product_tag?post=8867"}],"curies":[{"name":"wp","href":"https:\/\/api.w.org\/{rel}","templated":true}]}}