{"id":8870,"date":"2024-12-02T22:38:05","date_gmt":"2024-12-02T22:38:05","guid":{"rendered":"https:\/\/peryhome.com\/product\/maya-yemek-sandalyesi-4-sandalye-takim-bej-kadife-kumas-siyah-metal-ayak\/"},"modified":"2025-01-01T11:38:28","modified_gmt":"2025-01-01T11:38:28","slug":"maya-yemek-sandalyesi-4-sandalye-takim-bej-kadife-kumas-siyah-metal-ayak","status":"publish","type":"product","link":"https:\/\/peryhome.com\/tr\/product\/maya-yemek-sandalyesi-4-sandalye-takim-bej-kadife-kumas-siyah-metal-ayak\/","title":{"rendered":"Maya Yemek Sandalyesi \u2013 (4 Sandalye Tak\u0131m) \u2013 Bej Kadife Kuma\u015f \u2013 Siyah Metal Ayak"},"content":{"rendered":"<h3>Maya Yemek Sandalyesi: Yemek Sandalyesi &#8211; Siyah Metal &#8211; Zarif Konfor i\u00e7in Bej<\/h3>\n<p>PeryHome&#8217;un <strong>Maya<\/strong> Yemek<a href=\"https:\/\/peryhome.com\/chairs\/\"> Sandalyesi,<\/a> siyah metal &#8211; bej tasar\u0131m\u0131yla konforu ve stili birle\u015ftiriyor. \u00c7e\u015fitli i\u00e7 mekanlara uyum sa\u011flayacak \u015fekilde tasarlanan bu sandalye, kaliteli malzemeleriyle minimalist bir \u00e7ekicilik sunuyor. Modern yemek odalar\u0131 i\u00e7in g\u00f6ze \u00e7arpan bir se\u00e7imdir. \u015e\u0131k bej kadife kuma\u015f ve sa\u011flam siyah metal ayaklar, Maya Yemek Sandalyesine hem \u015f\u0131kl\u0131k hem de dayan\u0131kl\u0131l\u0131k kazand\u0131rarak<a href=\"https:\/\/www.instagram.com\/peryhome.eu\/\"> PeryHome&#8217;un <\/a>y\u00fcksek kaliteli i\u015f\u00e7ili\u011fe olan ba\u011fl\u0131l\u0131\u011f\u0131n\u0131 somutla\u015ft\u0131r\u0131r.   <\/p>\n<h3>L\u00fcks Bej Kadife Kuma\u015f D\u00f6\u015feme<\/h3>\n<p><strong>Maya Yemek Sandalyesi<\/strong> l\u00fcks bej kadife kuma\u015fa sahiptir. Bu d\u00f6\u015feme, yumu\u015fak ve rahat bir oturma deneyimi sa\u011flarken her yemek alan\u0131na \u015f\u0131kl\u0131k katar. Ayr\u0131ca kadifenin n\u00f6tr bej tonu onu zamans\u0131z bir se\u00e7im haline getiriyor. Hem modern hem de minimalist dekor i\u00e7in m\u00fckemmeldir.   <\/p>\n<h3>Kal\u0131c\u0131 Destek i\u00e7in Sa\u011flam Siyah Metal Ayaklar<\/h3>\n<p>Dayan\u0131kl\u0131l\u0131k i\u00e7in <strong>Maya Yemek Sandalyesi <\/strong>g\u00fc\u00e7l\u00fc siyah metal ayaklara sahiptir. Bunlar g\u00fcvenilir destek sa\u011flar ve \u015f\u0131k, modern bir g\u00f6r\u00fcn\u00fcm katar. Siyah metal ve bej d\u00f6\u015feme aras\u0131ndaki kontrast, dengeli bir s\u0131cakl\u0131k ve incelik hissi yarat\u0131yor. PeryHome&#8217;un stil ile i\u015flevi birle\u015ftirme konusundaki kararl\u0131l\u0131\u011f\u0131 bu ayaklarda a\u00e7\u0131k\u00e7a g\u00f6r\u00fcl\u00fcyor ve Maya Yemek Sandalyesini kal\u0131c\u0131 bir yat\u0131r\u0131m haline getiriyor.   <\/p>\n<h3>Modern Stil ile Ergonomik Konfor<\/h3>\n<p><strong>Maya Yemek Sandalyesi<\/strong> yaln\u0131zca g\u00f6rsel a\u00e7\u0131dan \u00e7ekici olmakla kalm\u0131yor, ayn\u0131 zamanda konfor i\u00e7in de tasarland\u0131. Ergonomik koltu\u011fu uzun s\u00fcreli oturma s\u0131ras\u0131nda konfor sa\u011flar. Bu \u00f6zellik onu yemek odalar\u0131, mutfaklar veya \u00e7al\u0131\u015fma alanlar\u0131 i\u00e7in ideal k\u0131lar. Stil ve konforu harmanlayan bu sandalye, hem tasar\u0131m odakl\u0131 hem de konfor arayan m\u00fc\u015fterilerin ihtiya\u00e7lar\u0131n\u0131 kar\u015f\u0131l\u0131yor.   <\/p>\n<h3>\u00c7e\u015fitli \u0130\u00e7 Mekan Tarzlar\u0131 i\u00e7in M\u00fckemmel<\/h3>\n<p><strong>Maya Yemek Sandalyesi, <\/strong>\u00e7ok y\u00f6nl\u00fc tasar\u0131m\u0131 sayesinde bir\u00e7ok dekor stiline uyum sa\u011fl\u0131yor. Yemek odan\u0131z ister \u00e7a\u011fda\u015f ister geleneksel olsun, bu sandalyenin bej kadife kuma\u015f\u0131 ve siyah metal ayaklar\u0131 s\u0131cak ama modern bir g\u00f6r\u00fcn\u00fcm sunuyor. Her ortama \u00e7ok g\u00fczel uyum sa\u011fl\u0131yor.  <\/p>\n<h3>PeryHome&#8217;un Y\u00fcksek Standartlar\u0131na G\u00f6re Haz\u0131rland\u0131<\/h3>\n<p>PeryHome&#8217;da kalite \u00f6nemlidir. <strong>Maya Yemek Sandalyesi <\/strong>bu standartlar\u0131 desteklemektedir. Birinci s\u0131n\u0131f malzemelerden \u00fcretilen bu sandalye uzun s\u00fcre dayanacak \u015fekilde tasarlanm\u0131\u015ft\u0131r. Yemek odas\u0131n\u0131 veya oturma alan\u0131n\u0131 g\u00fcvenilir, \u015f\u0131k bir par\u00e7ayla geli\u015ftirmek isteyen herkes i\u00e7in m\u00fckemmel bir se\u00e7imdir. Bir koltuktan \u00e7ok daha fazlas\u0131 olan Maya Yemek Sandalyesi, zarafet ve kalitenin bir ifadesidir.<\/p>\n","protected":false},"excerpt":{"rendered":"<div class=\"flex max-w-full flex-col flex-grow\">\n<div class=\"min-h-8 text-message flex w-full flex-col items-end gap-2 whitespace-normal break-words [.text-message+&amp;]:mt-5\" dir=\"auto\" data-message-author-role=\"assistant\" data-message-id=\"71eebbbd-d64c-4c6b-951e-2a1dad3ad739\" data-message-model-slug=\"gpt-4o\">\n<div class=\"flex w-full flex-col gap-1 empty:hidden first:pt-[3px]\">\n<div class=\"markdown prose w-full break-words dark:prose-invert light\">\n<p>\u2714\ufe0f <strong>L\u00fcks ve Yumu\u015fak Kadife Kuma\u015f:<\/strong> Krem kadife d\u00f6\u015feme, zarafet ve konfor katar.<br \/>\u2714\ufe0f <strong>Dayan\u0131kl\u0131 Siyah Metal Ayaklar: <\/strong>Uzun \u00f6m\u00fcrl\u00fc kullan\u0131m ve modern bir tasar\u0131m sa\u011flar.<br \/>\u2714\ufe0f <strong>Ergonomik Tasar\u0131m:<\/strong> Rahat, dolgulu bir oturma yeri ve s\u0131rtl\u0131\u011fa sahiptir.<br \/>\u2714\ufe0f <strong>\u00c7ok Y\u00f6nl\u00fc Kullan\u0131m:<\/strong> Yemek odalar\u0131, mutfaklar veya oturma odalar\u0131 i\u00e7in m\u00fckemmeldir.<br \/>\u2714\ufe0f<strong> Boyut: <\/strong>47 cm Derinlik x 47 cm Geni\u015flik x 90 cm Y\u00fckseklik<br \/>\u2714\ufe0f <strong>Birim Fiyat\u0131:<\/strong> Sandalye ba\u015f\u0131na 77,45 \u20ac<\/p>\n<\/div>\n<\/div>\n<\/div>\n<\/div>\n","protected":false},"featured_media":8554,"template":"","meta":{"_monsterinsights_skip_tracking":false,"_monsterinsights_sitenote_active":false,"_monsterinsights_sitenote_note":"","_monsterinsights_sitenote_category":0},"product_cat":[427],"product_tag":[437,448,472,476,485,440,452],"class_list":{"0":"post-8870","1":"product","2":"type-product","3":"status-publish","4":"has-post-thumbnail","6":"product_cat-sandalye","7":"product_tag-bej-kadife-sandalye","8":"product_tag-konforlu-yemek-sandalyesi","9":"product_tag-maya-yemek-sandalyesi","10":"product_tag-modern-yemek-sandalyesi","11":"product_tag-peryhome-mobilya","12":"product_tag-siyah-metal-ayaklar","13":"product_tag-zarif-yemek-sandalyesi","15":"first","16":"instock","17":"sale","18":"shipping-taxable","19":"purchasable","20":"product-type-simple"},"yoast_head":"<!-- This site is optimized with the Yoast SEO plugin v24.1 - https:\/\/yoast.com\/wordpress\/plugins\/seo\/ -->\n<title>Maya Yemek Sandalyesi \u2013 Bej Kadife Kuma\u015f \u2013 Siyah Metal Ayak<\/title>\n<meta name=\"description\" content=\"&quot;Bej kadife kuma\u015fl\u0131 ve siyah metal ayakl\u0131 Maya Sandalye, her t\u00fcrl\u00fc yemek alan\u0131na modern bir dokunu\u015f katmak i\u00e7in m\u00fckemmel, stil ve dayan\u0131kl\u0131l\u0131k sunuyor.&quot;\" \/>\n<meta name=\"robots\" content=\"index, follow, max-snippet:-1, max-image-preview:large, max-video-preview:-1\" \/>\n<link rel=\"canonical\" href=\"https:\/\/peryhome.com\/tr\/product\/maya-yemek-sandalyesi-4-sandalye-takim-bej-kadife-kumas-siyah-metal-ayak\/\" \/>\n<meta property=\"og:locale\" content=\"tr_TR\" \/>\n<meta property=\"og:type\" content=\"article\" \/>\n<meta property=\"og:title\" content=\"Maya Yemek Sandalyesi \u2013 Bej Kadife Kuma\u015f \u2013 Siyah Metal Ayak\" \/>\n<meta property=\"og:description\" content=\"&quot;Bej kadife kuma\u015fl\u0131 ve siyah metal ayakl\u0131 Maya Sandalye, her t\u00fcrl\u00fc yemek alan\u0131na modern bir dokunu\u015f katmak i\u00e7in m\u00fckemmel, stil ve dayan\u0131kl\u0131l\u0131k sunuyor.&quot;\" \/>\n<meta property=\"og:url\" content=\"https:\/\/peryhome.com\/tr\/product\/maya-yemek-sandalyesi-4-sandalye-takim-bej-kadife-kumas-siyah-metal-ayak\/\" \/>\n<meta property=\"og:site_name\" content=\"PeryHome\" \/>\n<meta property=\"article:publisher\" content=\"https:\/\/www.facebook.com\/profile.php?id=61566312622555\" \/>\n<meta property=\"article:modified_time\" content=\"2025-01-01T11:38:28+00:00\" \/>\n<meta property=\"og:image\" content=\"https:\/\/peryhome.com\/wp-content\/uploads\/2024\/11\/Maya-Krem.webp\" \/>\n\t<meta property=\"og:image:width\" content=\"1600\" \/>\n\t<meta property=\"og:image:height\" content=\"1200\" \/>\n\t<meta property=\"og:image:type\" content=\"image\/webp\" \/>\n<meta name=\"twitter:card\" content=\"summary_large_image\" \/>\n<meta name=\"twitter:label1\" content=\"Tahmini okuma s\u00fcresi\" \/>\n\t<meta name=\"twitter:data1\" content=\"2 dakika\" \/>\n<script type=\"application\/ld+json\" class=\"yoast-schema-graph\">{\"@context\":\"https:\/\/schema.org\",\"@graph\":[{\"@type\":\"WebPage\",\"@id\":\"https:\/\/peryhome.com\/tr\/product\/maya-yemek-sandalyesi-4-sandalye-takim-bej-kadife-kumas-siyah-metal-ayak\/\",\"url\":\"https:\/\/peryhome.com\/tr\/product\/maya-yemek-sandalyesi-4-sandalye-takim-bej-kadife-kumas-siyah-metal-ayak\/\",\"name\":\"Maya Yemek Sandalyesi \u2013 Bej Kadife Kuma\u015f \u2013 Siyah Metal Ayak\",\"isPartOf\":{\"@id\":\"https:\/\/peryhome.com\/tr\/#website\"},\"primaryImageOfPage\":{\"@id\":\"https:\/\/peryhome.com\/tr\/product\/maya-yemek-sandalyesi-4-sandalye-takim-bej-kadife-kumas-siyah-metal-ayak\/#primaryimage\"},\"image\":{\"@id\":\"https:\/\/peryhome.com\/tr\/product\/maya-yemek-sandalyesi-4-sandalye-takim-bej-kadife-kumas-siyah-metal-ayak\/#primaryimage\"},\"thumbnailUrl\":\"https:\/\/peryhome.com\/wp-content\/uploads\/2024\/11\/Maya-Krem.webp\",\"datePublished\":\"2024-12-02T22:38:05+00:00\",\"dateModified\":\"2025-01-01T11:38:28+00:00\",\"description\":\"\\\"Bej kadife kuma\u015fl\u0131 ve siyah metal ayakl\u0131 Maya Sandalye, her t\u00fcrl\u00fc yemek alan\u0131na modern bir dokunu\u015f katmak i\u00e7in m\u00fckemmel, stil ve dayan\u0131kl\u0131l\u0131k sunuyor.\\\"\",\"breadcrumb\":{\"@id\":\"https:\/\/peryhome.com\/tr\/product\/maya-yemek-sandalyesi-4-sandalye-takim-bej-kadife-kumas-siyah-metal-ayak\/#breadcrumb\"},\"inLanguage\":\"tr\",\"potentialAction\":[{\"@type\":\"ReadAction\",\"target\":[\"https:\/\/peryhome.com\/tr\/product\/maya-yemek-sandalyesi-4-sandalye-takim-bej-kadife-kumas-siyah-metal-ayak\/\"]}]},{\"@type\":\"ImageObject\",\"inLanguage\":\"tr\",\"@id\":\"https:\/\/peryhome.com\/tr\/product\/maya-yemek-sandalyesi-4-sandalye-takim-bej-kadife-kumas-siyah-metal-ayak\/#primaryimage\",\"url\":\"https:\/\/peryhome.com\/wp-content\/uploads\/2024\/11\/Maya-Krem.webp\",\"contentUrl\":\"https:\/\/peryhome.com\/wp-content\/uploads\/2024\/11\/Maya-Krem.webp\",\"width\":1600,\"height\":1200,\"caption\":\"Maya Yemek Sandalyesi - Bej Kadife Kuma\u015f - Siyah Metal Ayaklar\"},{\"@type\":\"BreadcrumbList\",\"@id\":\"https:\/\/peryhome.com\/tr\/product\/maya-yemek-sandalyesi-4-sandalye-takim-bej-kadife-kumas-siyah-metal-ayak\/#breadcrumb\",\"itemListElement\":[{\"@type\":\"ListItem\",\"position\":1,\"name\":\"Anasayfa\",\"item\":\"https:\/\/peryhome.com\/tr\/anasayfa\/\"},{\"@type\":\"ListItem\",\"position\":2,\"name\":\"Shop\",\"item\":\"https:\/\/peryhome.com\/shop\/\"},{\"@type\":\"ListItem\",\"position\":3,\"name\":\"Maya Yemek Sandalyesi \u2013 (4 Sandalye Tak\u0131m) \u2013 Bej Kadife Kuma\u015f \u2013 Siyah Metal Ayak\"}]},{\"@type\":\"WebSite\",\"@id\":\"https:\/\/peryhome.com\/tr\/#website\",\"url\":\"https:\/\/peryhome.com\/tr\/\",\"name\":\"PeryHome\",\"description\":\"Art of Furniture\",\"publisher\":{\"@id\":\"https:\/\/peryhome.com\/tr\/#organization\"},\"potentialAction\":[{\"@type\":\"SearchAction\",\"target\":{\"@type\":\"EntryPoint\",\"urlTemplate\":\"https:\/\/peryhome.com\/tr\/?s={search_term_string}\"},\"query-input\":{\"@type\":\"PropertyValueSpecification\",\"valueRequired\":true,\"valueName\":\"search_term_string\"}}],\"inLanguage\":\"tr\"},{\"@type\":\"Organization\",\"@id\":\"https:\/\/peryhome.com\/tr\/#organization\",\"name\":\"PeryHome\",\"url\":\"https:\/\/peryhome.com\/tr\/\",\"logo\":{\"@type\":\"ImageObject\",\"inLanguage\":\"tr\",\"@id\":\"https:\/\/peryhome.com\/tr\/#\/schema\/logo\/image\/\",\"url\":\"https:\/\/peryhome.com\/wp-content\/uploads\/2024\/12\/Logo_horizontal_HQ.webp\",\"contentUrl\":\"https:\/\/peryhome.com\/wp-content\/uploads\/2024\/12\/Logo_horizontal_HQ.webp\",\"width\":1000,\"height\":269,\"caption\":\"PeryHome\"},\"image\":{\"@id\":\"https:\/\/peryhome.com\/tr\/#\/schema\/logo\/image\/\"},\"sameAs\":[\"https:\/\/www.facebook.com\/profile.php?id=61566312622555\",\"https:\/\/www.instagram.com\/peryhome.eu\/\"]}]}<\/script>\n<!-- \/ Yoast SEO plugin. -->","yoast_head_json":{"title":"Maya Yemek Sandalyesi \u2013 Bej Kadife Kuma\u015f \u2013 Siyah Metal Ayak","description":"\"Bej kadife kuma\u015fl\u0131 ve siyah metal ayakl\u0131 Maya Sandalye, her t\u00fcrl\u00fc yemek alan\u0131na modern bir dokunu\u015f katmak i\u00e7in m\u00fckemmel, stil ve dayan\u0131kl\u0131l\u0131k sunuyor.\"","robots":{"index":"index","follow":"follow","max-snippet":"max-snippet:-1","max-image-preview":"max-image-preview:large","max-video-preview":"max-video-preview:-1"},"canonical":"https:\/\/peryhome.com\/tr\/product\/maya-yemek-sandalyesi-4-sandalye-takim-bej-kadife-kumas-siyah-metal-ayak\/","og_locale":"tr_TR","og_type":"article","og_title":"Maya Yemek Sandalyesi \u2013 Bej Kadife Kuma\u015f \u2013 Siyah Metal Ayak","og_description":"\"Bej kadife kuma\u015fl\u0131 ve siyah metal ayakl\u0131 Maya Sandalye, her t\u00fcrl\u00fc yemek alan\u0131na modern bir dokunu\u015f katmak i\u00e7in m\u00fckemmel, stil ve dayan\u0131kl\u0131l\u0131k sunuyor.\"","og_url":"https:\/\/peryhome.com\/tr\/product\/maya-yemek-sandalyesi-4-sandalye-takim-bej-kadife-kumas-siyah-metal-ayak\/","og_site_name":"PeryHome","article_publisher":"https:\/\/www.facebook.com\/profile.php?id=61566312622555","article_modified_time":"2025-01-01T11:38:28+00:00","og_image":[{"width":1600,"height":1200,"url":"https:\/\/peryhome.com\/wp-content\/uploads\/2024\/11\/Maya-Krem.webp","type":"image\/webp"}],"twitter_card":"summary_large_image","twitter_misc":{"Tahmini okuma s\u00fcresi":"2 dakika"},"schema":{"@context":"https:\/\/schema.org","@graph":[{"@type":"WebPage","@id":"https:\/\/peryhome.com\/tr\/product\/maya-yemek-sandalyesi-4-sandalye-takim-bej-kadife-kumas-siyah-metal-ayak\/","url":"https:\/\/peryhome.com\/tr\/product\/maya-yemek-sandalyesi-4-sandalye-takim-bej-kadife-kumas-siyah-metal-ayak\/","name":"Maya Yemek Sandalyesi \u2013 Bej Kadife Kuma\u015f \u2013 Siyah Metal Ayak","isPartOf":{"@id":"https:\/\/peryhome.com\/tr\/#website"},"primaryImageOfPage":{"@id":"https:\/\/peryhome.com\/tr\/product\/maya-yemek-sandalyesi-4-sandalye-takim-bej-kadife-kumas-siyah-metal-ayak\/#primaryimage"},"image":{"@id":"https:\/\/peryhome.com\/tr\/product\/maya-yemek-sandalyesi-4-sandalye-takim-bej-kadife-kumas-siyah-metal-ayak\/#primaryimage"},"thumbnailUrl":"https:\/\/peryhome.com\/wp-content\/uploads\/2024\/11\/Maya-Krem.webp","datePublished":"2024-12-02T22:38:05+00:00","dateModified":"2025-01-01T11:38:28+00:00","description":"\"Bej kadife kuma\u015fl\u0131 ve siyah metal ayakl\u0131 Maya Sandalye, her t\u00fcrl\u00fc yemek alan\u0131na modern bir dokunu\u015f katmak i\u00e7in m\u00fckemmel, stil ve dayan\u0131kl\u0131l\u0131k sunuyor.\"","breadcrumb":{"@id":"https:\/\/peryhome.com\/tr\/product\/maya-yemek-sandalyesi-4-sandalye-takim-bej-kadife-kumas-siyah-metal-ayak\/#breadcrumb"},"inLanguage":"tr","potentialAction":[{"@type":"ReadAction","target":["https:\/\/peryhome.com\/tr\/product\/maya-yemek-sandalyesi-4-sandalye-takim-bej-kadife-kumas-siyah-metal-ayak\/"]}]},{"@type":"ImageObject","inLanguage":"tr","@id":"https:\/\/peryhome.com\/tr\/product\/maya-yemek-sandalyesi-4-sandalye-takim-bej-kadife-kumas-siyah-metal-ayak\/#primaryimage","url":"https:\/\/peryhome.com\/wp-content\/uploads\/2024\/11\/Maya-Krem.webp","contentUrl":"https:\/\/peryhome.com\/wp-content\/uploads\/2024\/11\/Maya-Krem.webp","width":1600,"height":1200,"caption":"Maya Yemek Sandalyesi - Bej Kadife Kuma\u015f - Siyah Metal Ayaklar"},{"@type":"BreadcrumbList","@id":"https:\/\/peryhome.com\/tr\/product\/maya-yemek-sandalyesi-4-sandalye-takim-bej-kadife-kumas-siyah-metal-ayak\/#breadcrumb","itemListElement":[{"@type":"ListItem","position":1,"name":"Anasayfa","item":"https:\/\/peryhome.com\/tr\/anasayfa\/"},{"@type":"ListItem","position":2,"name":"Shop","item":"https:\/\/peryhome.com\/shop\/"},{"@type":"ListItem","position":3,"name":"Maya Yemek Sandalyesi \u2013 (4 Sandalye Tak\u0131m) \u2013 Bej Kadife Kuma\u015f \u2013 Siyah Metal Ayak"}]},{"@type":"WebSite","@id":"https:\/\/peryhome.com\/tr\/#website","url":"https:\/\/peryhome.com\/tr\/","name":"PeryHome","description":"Art of Furniture","publisher":{"@id":"https:\/\/peryhome.com\/tr\/#organization"},"potentialAction":[{"@type":"SearchAction","target":{"@type":"EntryPoint","urlTemplate":"https:\/\/peryhome.com\/tr\/?s={search_term_string}"},"query-input":{"@type":"PropertyValueSpecification","valueRequired":true,"valueName":"search_term_string"}}],"inLanguage":"tr"},{"@type":"Organization","@id":"https:\/\/peryhome.com\/tr\/#organization","name":"PeryHome","url":"https:\/\/peryhome.com\/tr\/","logo":{"@type":"ImageObject","inLanguage":"tr","@id":"https:\/\/peryhome.com\/tr\/#\/schema\/logo\/image\/","url":"https:\/\/peryhome.com\/wp-content\/uploads\/2024\/12\/Logo_horizontal_HQ.webp","contentUrl":"https:\/\/peryhome.com\/wp-content\/uploads\/2024\/12\/Logo_horizontal_HQ.webp","width":1000,"height":269,"caption":"PeryHome"},"image":{"@id":"https:\/\/peryhome.com\/tr\/#\/schema\/logo\/image\/"},"sameAs":["https:\/\/www.facebook.com\/profile.php?id=61566312622555","https:\/\/www.instagram.com\/peryhome.eu\/"]}]}},"jetpack_sharing_enabled":true,"_links":{"self":[{"href":"https:\/\/peryhome.com\/tr\/wp-json\/wp\/v2\/product\/8870"}],"collection":[{"href":"https:\/\/peryhome.com\/tr\/wp-json\/wp\/v2\/product"}],"about":[{"href":"https:\/\/peryhome.com\/tr\/wp-json\/wp\/v2\/types\/product"}],"version-history":[{"count":1,"href":"https:\/\/peryhome.com\/tr\/wp-json\/wp\/v2\/product\/8870\/revisions"}],"predecessor-version":[{"id":9159,"href":"https:\/\/peryhome.com\/tr\/wp-json\/wp\/v2\/product\/8870\/revisions\/9159"}],"wp:featuredmedia":[{"embeddable":true,"href":"https:\/\/peryhome.com\/tr\/wp-json\/wp\/v2\/media\/8554"}],"wp:attachment":[{"href":"https:\/\/peryhome.com\/tr\/wp-json\/wp\/v2\/media?parent=8870"}],"wp:term":[{"taxonomy":"product_cat","embeddable":true,"href":"https:\/\/peryhome.com\/tr\/wp-json\/wp\/v2\/product_cat?post=8870"},{"taxonomy":"product_tag","embeddable":true,"href":"https:\/\/peryhome.com\/tr\/wp-json\/wp\/v2\/product_tag?post=8870"}],"curies":[{"name":"wp","href":"https:\/\/api.w.org\/{rel}","templated":true}]}}