{"id":8880,"date":"2024-11-29T09:45:00","date_gmt":"2024-11-29T09:45:00","guid":{"rendered":"https:\/\/peryhome.com\/product\/royal-yemek-sandalyeleri-2-sandalye-takimi-mavi-kadife-gumus-metal-ayak\/"},"modified":"2024-11-29T09:45:00","modified_gmt":"2024-11-29T09:45:00","slug":"royal-yemek-sandalyeleri-2-sandalye-takimi-mavi-kadife-gumus-metal-ayak","status":"publish","type":"product","link":"https:\/\/peryhome.com\/tr\/product\/royal-yemek-sandalyeleri-2-sandalye-takimi-mavi-kadife-gumus-metal-ayak\/","title":{"rendered":"Royal Yemek Sandalyeleri \u2013 (2 Sandalye Tak\u0131m\u0131) \u2013 Mavi Kadife \u2013 G\u00fcm\u00fc\u015f Metal Ayak"},"content":{"rendered":"<h3>Royal Chair &#8211; Zarafet ve Sofistikenin M\u00fckemmel Kar\u0131\u015f\u0131m\u0131<\/h3>\n<p><strong>Royal Sandalye,<\/strong> l\u00fcks mavi kadife d\u00f6\u015femesi ve \u00e7arp\u0131c\u0131 g\u00fcm\u00fc\u015f metal ayaklar\u0131yla ya\u015fam alan\u0131n\u0131z\u0131 yeniden tan\u0131ml\u0131yor. Modern tarz\u0131 zamans\u0131z \u00e7ekicilikle birle\u015ftiren bu sandalye, hem \u00e7a\u011fda\u015f hem de klasik i\u00e7 mekanlar\u0131 tamamlayacak ve ger\u00e7ekten zarif bir atmosfer yaratacak \u015fekilde tasarlanm\u0131\u015ft\u0131r. <\/p>\n<h4>L\u00fcks Bir His i\u00e7in Mavi Kadife D\u00f6\u015feme<\/h4>\n<p>Royal <a href=\"https:\/\/peryhome.com\/chairs\/\">Sandalyenin <\/a>mavi kadife kuma\u015f\u0131, l\u00fcks ve konforu yans\u0131tan yumu\u015fak, zengin bir doku sunuyor. Kadife&#8217;nin dayan\u0131kl\u0131 yap\u0131s\u0131, sandalyenin y\u0131llar boyunca iddial\u0131 bir par\u00e7a olarak kalmas\u0131n\u0131 sa\u011flar. Sofistike mavi tonu s\u0131cakl\u0131k ve derinlik katarak yemek odalar\u0131na, oturma alanlar\u0131na veya evinizin herhangi bir k\u00f6\u015fesine dikkat \u00e7ekici bir katk\u0131 sa\u011fl\u0131yor.  <\/p>\n<h4>\u00c7a\u011fda\u015f Bir Dokunu\u015f i\u00e7in G\u00fcm\u00fc\u015f Metal Ayaklar<\/h4>\n<p>G\u00fcm\u00fc\u015f rengi metal ayaklar Royal Sandalyeye \u015f\u0131k ve modern bir hava katarak g\u00f6rsel \u00e7ekicili\u011fini art\u0131r\u0131yor. Bu sa\u011flam bacaklar yaln\u0131zca g\u00fcvenilir destek sa\u011flamakla kalmaz, ayn\u0131 zamanda her alana \u00e7ekici bir dokunu\u015f katar. G\u00fcm\u00fc\u015f vurgular\u0131n kadife kuma\u015fla kusursuz kar\u0131\u015f\u0131m\u0131, klasik ve \u00e7a\u011fda\u015f tasar\u0131m aras\u0131nda \u00e7arp\u0131c\u0131 bir denge yarat\u0131yor.  <\/p>\n<h4>\u00dcst\u00fcn Konfor i\u00e7in Ergonomik Tasar\u0131m<\/h4>\n<p>Royal Sandalye konfor d\u00fc\u015f\u00fcn\u00fclerek tasarlanm\u0131\u015ft\u0131r. Ergonomik s\u0131rtl\u0131\u011f\u0131 ve minderli koltu\u011fu, uzun s\u00fcreli kullan\u0131mlarda bile maksimum konfor sa\u011flar. \u0130ster resmi bir ak\u015fam yeme\u011fine ev sahipli\u011fi yap\u0131yor ister g\u00fcndelik bir ak\u015fam\u0131n tad\u0131n\u0131 \u00e7\u0131kar\u0131yor olun, bu sandalye siz ve misafirleriniz i\u00e7in benzersiz bir destek ve rahatlama sunar.  <\/p>\n<h4>\u015e\u0131k ve \u0130\u015flevsel<\/h4>\n<p>Bir sandalyeden \u00e7ok daha fazlas\u0131 olan Royal Sandalye, stil ve i\u015flevselli\u011fin bir ifadesidir. Dayan\u0131kl\u0131 malzemeleri ve sofistike tasar\u0131m\u0131, onu hem g\u00fcnl\u00fck kullan\u0131m hem de \u00f6zel g\u00fcnler i\u00e7in m\u00fckemmel k\u0131lar. Yemek masan\u0131z\u0131n etraf\u0131na veya \u015f\u0131k bir k\u00f6\u015feye vurgulu bir par\u00e7a olarak yerle\u015ftirin; her ortam\u0131 zahmetsizce g\u00fczelle\u015ftirir.  <\/p>\n<h4>\u015e\u0131kl\u0131\u011f\u0131n\u0131z\u0131 Yans\u0131tan Bir Se\u00e7im<\/h4>\n<p><strong>PeryHome&#8217;un<\/strong> <strong><a href=\"https:\/\/www.instagram.com\/peryhome.eu\/\">Royal Sandalyesi,<\/a><\/strong> l\u00fcks bir deneyim sunmak i\u00e7in mavi kadife d\u00f6\u015femeyi ve g\u00fcm\u00fc\u015f metal ayaklar\u0131 birle\u015ftiriyor. Hem evler hem de profesyonel alanlar i\u00e7in m\u00fckemmel olan bu sandalye, her ortama sofistike bir dokunu\u015f kat\u0131yor. Stil, konfor ve dayan\u0131kl\u0131l\u0131k aras\u0131ndaki dengeyle Royal Sandalye, \u015f\u0131kl\u0131\u011fa ve kaliteye \u00f6nem verenlerin en iyi se\u00e7imidir.<\/p>\n","protected":false},"excerpt":{"rendered":"<p><strong>PeryHome<\/strong>&#8216;un<strong> Royal Sandalyesi<\/strong>, yumu\u015fak <strong>kadife d\u00f6\u015femeye<\/strong> ve sa\u011flam <strong>g\u00fcm\u00fc\u015f metal ayaklara <\/strong>sahiptir ve her alan i\u00e7in \u015f\u0131k ve konforlu bir oturma se\u00e7ene\u011fi sunar.<\/p>\n","protected":false},"featured_media":8212,"template":"","meta":{"_monsterinsights_skip_tracking":false,"_monsterinsights_sitenote_active":false,"_monsterinsights_sitenote_note":"","_monsterinsights_sitenote_category":0},"product_cat":[427],"product_tag":[504,505,506,501,512,513,514,515,502,503],"class_list":{"0":"post-8880","1":"product","2":"type-product","3":"status-publish","4":"has-post-thumbnail","6":"product_cat-sandalye","7":"product_tag-altin-metal-ayakli-koltuk","8":"product_tag-altin-metal-ayakli-sandalye","9":"product_tag-altin-metal-ayakli-yemek-sandalyesi","10":"product_tag-berjer-koltuk","11":"product_tag-dosemeli-sandalye","12":"product_tag-kadife-berjer-koltuk","13":"product_tag-kadife-sandalye","14":"product_tag-kadife-yemek-sandalyesi","15":"product_tag-yemek-sandalyesi","16":"product_tag-yemek-sandalyesi-tr","18":"first","19":"onbackorder","20":"sale","21":"shipping-taxable","22":"purchasable","23":"product-type-simple"},"yoast_head":"<!-- This site is optimized with the Yoast SEO plugin v24.1 - https:\/\/yoast.com\/wordpress\/plugins\/seo\/ -->\n<title>Sandalye - Kadife - Metal Ayaklar | Yemek i\u00e7in Kraliyet Mavisi Koltuklar<\/title>\n<meta name=\"description\" content=\"Sandalye - Kadife - G\u00fcm\u00fc\u015f Metal Ayaklar | PeryHome&#039;dan Kraliyet Yemek Sandalyeleri. Mavi kadife koltuklar ve metal ayaklar ile yemek odan\u0131za l\u00fcks ve konfor kat\u0131n.\" \/>\n<meta name=\"robots\" content=\"index, follow, max-snippet:-1, max-image-preview:large, max-video-preview:-1\" \/>\n<link rel=\"canonical\" href=\"https:\/\/peryhome.com\/tr\/product\/royal-yemek-sandalyeleri-2-sandalye-takimi-mavi-kadife-gumus-metal-ayak\/\" \/>\n<meta property=\"og:locale\" content=\"tr_TR\" \/>\n<meta property=\"og:type\" content=\"article\" \/>\n<meta property=\"og:title\" content=\"Sandalye - Kadife - Metal Ayaklar | Yemek i\u00e7in Kraliyet Mavisi Koltuklar\" \/>\n<meta property=\"og:description\" content=\"Sandalye - Kadife - G\u00fcm\u00fc\u015f Metal Ayaklar | PeryHome&#039;dan Kraliyet Yemek Sandalyeleri. Mavi kadife koltuklar ve metal ayaklar ile yemek odan\u0131za l\u00fcks ve konfor kat\u0131n.\" \/>\n<meta property=\"og:url\" content=\"https:\/\/peryhome.com\/tr\/product\/royal-yemek-sandalyeleri-2-sandalye-takimi-mavi-kadife-gumus-metal-ayak\/\" \/>\n<meta property=\"og:site_name\" content=\"PeryHome\" \/>\n<meta property=\"article:publisher\" content=\"https:\/\/www.facebook.com\/profile.php?id=61566312622555\" \/>\n<meta property=\"og:image\" content=\"https:\/\/peryhome.com\/wp-content\/uploads\/2024\/11\/Royal-Blue-Silver.webp\" \/>\n\t<meta property=\"og:image:width\" content=\"2048\" \/>\n\t<meta property=\"og:image:height\" content=\"1365\" \/>\n\t<meta property=\"og:image:type\" content=\"image\/webp\" \/>\n<meta name=\"twitter:card\" content=\"summary_large_image\" \/>\n<meta name=\"twitter:label1\" content=\"Tahmini okuma s\u00fcresi\" \/>\n\t<meta name=\"twitter:data1\" content=\"2 dakika\" \/>\n<script type=\"application\/ld+json\" class=\"yoast-schema-graph\">{\"@context\":\"https:\/\/schema.org\",\"@graph\":[{\"@type\":\"WebPage\",\"@id\":\"https:\/\/peryhome.com\/tr\/product\/royal-yemek-sandalyeleri-2-sandalye-takimi-mavi-kadife-gumus-metal-ayak\/\",\"url\":\"https:\/\/peryhome.com\/tr\/product\/royal-yemek-sandalyeleri-2-sandalye-takimi-mavi-kadife-gumus-metal-ayak\/\",\"name\":\"Sandalye - Kadife - Metal Ayaklar | Yemek i\u00e7in Kraliyet Mavisi Koltuklar\",\"isPartOf\":{\"@id\":\"https:\/\/peryhome.com\/tr\/#website\"},\"primaryImageOfPage\":{\"@id\":\"https:\/\/peryhome.com\/tr\/product\/royal-yemek-sandalyeleri-2-sandalye-takimi-mavi-kadife-gumus-metal-ayak\/#primaryimage\"},\"image\":{\"@id\":\"https:\/\/peryhome.com\/tr\/product\/royal-yemek-sandalyeleri-2-sandalye-takimi-mavi-kadife-gumus-metal-ayak\/#primaryimage\"},\"thumbnailUrl\":\"https:\/\/peryhome.com\/wp-content\/uploads\/2024\/11\/Royal-Blue-Silver.webp\",\"datePublished\":\"2024-11-29T09:45:00+00:00\",\"dateModified\":\"2024-11-29T09:45:00+00:00\",\"description\":\"Sandalye - Kadife - G\u00fcm\u00fc\u015f Metal Ayaklar | PeryHome'dan Kraliyet Yemek Sandalyeleri. Mavi kadife koltuklar ve metal ayaklar ile yemek odan\u0131za l\u00fcks ve konfor kat\u0131n.\",\"breadcrumb\":{\"@id\":\"https:\/\/peryhome.com\/tr\/product\/royal-yemek-sandalyeleri-2-sandalye-takimi-mavi-kadife-gumus-metal-ayak\/#breadcrumb\"},\"inLanguage\":\"tr\",\"potentialAction\":[{\"@type\":\"ReadAction\",\"target\":[\"https:\/\/peryhome.com\/tr\/product\/royal-yemek-sandalyeleri-2-sandalye-takimi-mavi-kadife-gumus-metal-ayak\/\"]}]},{\"@type\":\"ImageObject\",\"inLanguage\":\"tr\",\"@id\":\"https:\/\/peryhome.com\/tr\/product\/royal-yemek-sandalyeleri-2-sandalye-takimi-mavi-kadife-gumus-metal-ayak\/#primaryimage\",\"url\":\"https:\/\/peryhome.com\/wp-content\/uploads\/2024\/11\/Royal-Blue-Silver.webp\",\"contentUrl\":\"https:\/\/peryhome.com\/wp-content\/uploads\/2024\/11\/Royal-Blue-Silver.webp\",\"width\":2048,\"height\":1365,\"caption\":\"Sandalye - Kadife - Metal Ayaklar | Kraliyet Mavisi Yemek Sandalyeleri\"},{\"@type\":\"BreadcrumbList\",\"@id\":\"https:\/\/peryhome.com\/tr\/product\/royal-yemek-sandalyeleri-2-sandalye-takimi-mavi-kadife-gumus-metal-ayak\/#breadcrumb\",\"itemListElement\":[{\"@type\":\"ListItem\",\"position\":1,\"name\":\"Anasayfa\",\"item\":\"https:\/\/peryhome.com\/tr\/anasayfa\/\"},{\"@type\":\"ListItem\",\"position\":2,\"name\":\"Shop\",\"item\":\"https:\/\/peryhome.com\/shop\/\"},{\"@type\":\"ListItem\",\"position\":3,\"name\":\"Royal Yemek Sandalyeleri \u2013 (2 Sandalye Tak\u0131m\u0131) \u2013 Mavi Kadife \u2013 G\u00fcm\u00fc\u015f Metal Ayak\"}]},{\"@type\":\"WebSite\",\"@id\":\"https:\/\/peryhome.com\/tr\/#website\",\"url\":\"https:\/\/peryhome.com\/tr\/\",\"name\":\"PeryHome\",\"description\":\"Art of Furniture\",\"publisher\":{\"@id\":\"https:\/\/peryhome.com\/tr\/#organization\"},\"potentialAction\":[{\"@type\":\"SearchAction\",\"target\":{\"@type\":\"EntryPoint\",\"urlTemplate\":\"https:\/\/peryhome.com\/tr\/?s={search_term_string}\"},\"query-input\":{\"@type\":\"PropertyValueSpecification\",\"valueRequired\":true,\"valueName\":\"search_term_string\"}}],\"inLanguage\":\"tr\"},{\"@type\":\"Organization\",\"@id\":\"https:\/\/peryhome.com\/tr\/#organization\",\"name\":\"PeryHome\",\"url\":\"https:\/\/peryhome.com\/tr\/\",\"logo\":{\"@type\":\"ImageObject\",\"inLanguage\":\"tr\",\"@id\":\"https:\/\/peryhome.com\/tr\/#\/schema\/logo\/image\/\",\"url\":\"https:\/\/peryhome.com\/wp-content\/uploads\/2024\/12\/Logo_horizontal_HQ.webp\",\"contentUrl\":\"https:\/\/peryhome.com\/wp-content\/uploads\/2024\/12\/Logo_horizontal_HQ.webp\",\"width\":1000,\"height\":269,\"caption\":\"PeryHome\"},\"image\":{\"@id\":\"https:\/\/peryhome.com\/tr\/#\/schema\/logo\/image\/\"},\"sameAs\":[\"https:\/\/www.facebook.com\/profile.php?id=61566312622555\",\"https:\/\/www.instagram.com\/peryhome.eu\/\"]}]}<\/script>\n<!-- \/ Yoast SEO plugin. -->","yoast_head_json":{"title":"Sandalye - Kadife - Metal Ayaklar | Yemek i\u00e7in Kraliyet Mavisi Koltuklar","description":"Sandalye - Kadife - G\u00fcm\u00fc\u015f Metal Ayaklar | PeryHome'dan Kraliyet Yemek Sandalyeleri. Mavi kadife koltuklar ve metal ayaklar ile yemek odan\u0131za l\u00fcks ve konfor kat\u0131n.","robots":{"index":"index","follow":"follow","max-snippet":"max-snippet:-1","max-image-preview":"max-image-preview:large","max-video-preview":"max-video-preview:-1"},"canonical":"https:\/\/peryhome.com\/tr\/product\/royal-yemek-sandalyeleri-2-sandalye-takimi-mavi-kadife-gumus-metal-ayak\/","og_locale":"tr_TR","og_type":"article","og_title":"Sandalye - Kadife - Metal Ayaklar | Yemek i\u00e7in Kraliyet Mavisi Koltuklar","og_description":"Sandalye - Kadife - G\u00fcm\u00fc\u015f Metal Ayaklar | PeryHome'dan Kraliyet Yemek Sandalyeleri. Mavi kadife koltuklar ve metal ayaklar ile yemek odan\u0131za l\u00fcks ve konfor kat\u0131n.","og_url":"https:\/\/peryhome.com\/tr\/product\/royal-yemek-sandalyeleri-2-sandalye-takimi-mavi-kadife-gumus-metal-ayak\/","og_site_name":"PeryHome","article_publisher":"https:\/\/www.facebook.com\/profile.php?id=61566312622555","og_image":[{"width":2048,"height":1365,"url":"https:\/\/peryhome.com\/wp-content\/uploads\/2024\/11\/Royal-Blue-Silver.webp","type":"image\/webp"}],"twitter_card":"summary_large_image","twitter_misc":{"Tahmini okuma s\u00fcresi":"2 dakika"},"schema":{"@context":"https:\/\/schema.org","@graph":[{"@type":"WebPage","@id":"https:\/\/peryhome.com\/tr\/product\/royal-yemek-sandalyeleri-2-sandalye-takimi-mavi-kadife-gumus-metal-ayak\/","url":"https:\/\/peryhome.com\/tr\/product\/royal-yemek-sandalyeleri-2-sandalye-takimi-mavi-kadife-gumus-metal-ayak\/","name":"Sandalye - Kadife - Metal Ayaklar | Yemek i\u00e7in Kraliyet Mavisi Koltuklar","isPartOf":{"@id":"https:\/\/peryhome.com\/tr\/#website"},"primaryImageOfPage":{"@id":"https:\/\/peryhome.com\/tr\/product\/royal-yemek-sandalyeleri-2-sandalye-takimi-mavi-kadife-gumus-metal-ayak\/#primaryimage"},"image":{"@id":"https:\/\/peryhome.com\/tr\/product\/royal-yemek-sandalyeleri-2-sandalye-takimi-mavi-kadife-gumus-metal-ayak\/#primaryimage"},"thumbnailUrl":"https:\/\/peryhome.com\/wp-content\/uploads\/2024\/11\/Royal-Blue-Silver.webp","datePublished":"2024-11-29T09:45:00+00:00","dateModified":"2024-11-29T09:45:00+00:00","description":"Sandalye - Kadife - G\u00fcm\u00fc\u015f Metal Ayaklar | PeryHome'dan Kraliyet Yemek Sandalyeleri. Mavi kadife koltuklar ve metal ayaklar ile yemek odan\u0131za l\u00fcks ve konfor kat\u0131n.","breadcrumb":{"@id":"https:\/\/peryhome.com\/tr\/product\/royal-yemek-sandalyeleri-2-sandalye-takimi-mavi-kadife-gumus-metal-ayak\/#breadcrumb"},"inLanguage":"tr","potentialAction":[{"@type":"ReadAction","target":["https:\/\/peryhome.com\/tr\/product\/royal-yemek-sandalyeleri-2-sandalye-takimi-mavi-kadife-gumus-metal-ayak\/"]}]},{"@type":"ImageObject","inLanguage":"tr","@id":"https:\/\/peryhome.com\/tr\/product\/royal-yemek-sandalyeleri-2-sandalye-takimi-mavi-kadife-gumus-metal-ayak\/#primaryimage","url":"https:\/\/peryhome.com\/wp-content\/uploads\/2024\/11\/Royal-Blue-Silver.webp","contentUrl":"https:\/\/peryhome.com\/wp-content\/uploads\/2024\/11\/Royal-Blue-Silver.webp","width":2048,"height":1365,"caption":"Sandalye - Kadife - Metal Ayaklar | Kraliyet Mavisi Yemek Sandalyeleri"},{"@type":"BreadcrumbList","@id":"https:\/\/peryhome.com\/tr\/product\/royal-yemek-sandalyeleri-2-sandalye-takimi-mavi-kadife-gumus-metal-ayak\/#breadcrumb","itemListElement":[{"@type":"ListItem","position":1,"name":"Anasayfa","item":"https:\/\/peryhome.com\/tr\/anasayfa\/"},{"@type":"ListItem","position":2,"name":"Shop","item":"https:\/\/peryhome.com\/shop\/"},{"@type":"ListItem","position":3,"name":"Royal Yemek Sandalyeleri \u2013 (2 Sandalye Tak\u0131m\u0131) \u2013 Mavi Kadife \u2013 G\u00fcm\u00fc\u015f Metal Ayak"}]},{"@type":"WebSite","@id":"https:\/\/peryhome.com\/tr\/#website","url":"https:\/\/peryhome.com\/tr\/","name":"PeryHome","description":"Art of Furniture","publisher":{"@id":"https:\/\/peryhome.com\/tr\/#organization"},"potentialAction":[{"@type":"SearchAction","target":{"@type":"EntryPoint","urlTemplate":"https:\/\/peryhome.com\/tr\/?s={search_term_string}"},"query-input":{"@type":"PropertyValueSpecification","valueRequired":true,"valueName":"search_term_string"}}],"inLanguage":"tr"},{"@type":"Organization","@id":"https:\/\/peryhome.com\/tr\/#organization","name":"PeryHome","url":"https:\/\/peryhome.com\/tr\/","logo":{"@type":"ImageObject","inLanguage":"tr","@id":"https:\/\/peryhome.com\/tr\/#\/schema\/logo\/image\/","url":"https:\/\/peryhome.com\/wp-content\/uploads\/2024\/12\/Logo_horizontal_HQ.webp","contentUrl":"https:\/\/peryhome.com\/wp-content\/uploads\/2024\/12\/Logo_horizontal_HQ.webp","width":1000,"height":269,"caption":"PeryHome"},"image":{"@id":"https:\/\/peryhome.com\/tr\/#\/schema\/logo\/image\/"},"sameAs":["https:\/\/www.facebook.com\/profile.php?id=61566312622555","https:\/\/www.instagram.com\/peryhome.eu\/"]}]}},"jetpack_sharing_enabled":true,"_links":{"self":[{"href":"https:\/\/peryhome.com\/tr\/wp-json\/wp\/v2\/product\/8880"}],"collection":[{"href":"https:\/\/peryhome.com\/tr\/wp-json\/wp\/v2\/product"}],"about":[{"href":"https:\/\/peryhome.com\/tr\/wp-json\/wp\/v2\/types\/product"}],"version-history":[{"count":0,"href":"https:\/\/peryhome.com\/tr\/wp-json\/wp\/v2\/product\/8880\/revisions"}],"wp:featuredmedia":[{"embeddable":true,"href":"https:\/\/peryhome.com\/tr\/wp-json\/wp\/v2\/media\/8212"}],"wp:attachment":[{"href":"https:\/\/peryhome.com\/tr\/wp-json\/wp\/v2\/media?parent=8880"}],"wp:term":[{"taxonomy":"product_cat","embeddable":true,"href":"https:\/\/peryhome.com\/tr\/wp-json\/wp\/v2\/product_cat?post=8880"},{"taxonomy":"product_tag","embeddable":true,"href":"https:\/\/peryhome.com\/tr\/wp-json\/wp\/v2\/product_tag?post=8880"}],"curies":[{"name":"wp","href":"https:\/\/api.w.org\/{rel}","templated":true}]}}