{"id":8885,"date":"2024-11-27T17:35:02","date_gmt":"2024-11-27T17:35:02","guid":{"rendered":"https:\/\/peryhome.com\/product\/star-yemek-sandalyesi-2-sandalye-takimi-bej-kadife-kumas-gold-metal-ayak\/"},"modified":"2024-11-27T17:35:02","modified_gmt":"2024-11-27T17:35:02","slug":"star-yemek-sandalyesi-2-sandalye-takimi-bej-kadife-kumas-gold-metal-ayak","status":"publish","type":"product","link":"https:\/\/peryhome.com\/tr\/product\/star-yemek-sandalyesi-2-sandalye-takimi-bej-kadife-kumas-gold-metal-ayak\/","title":{"rendered":"Star Yemek Sandalyesi \u2013 (2 Sandalye Tak\u0131m\u0131) \u2013 Bej Kadife Kuma\u015f \u2013 Gold Metal Ayak"},"content":{"rendered":"<h3>Star Yemek Sandalyesi: Yemek Sandalyesi &#8211; Alt\u0131n Metal &#8211; Zarif Konfor i\u00e7in Bej<\/h3>\n<p>PeryHome&#8217;un <strong>Star <\/strong>Yemek <a href=\"https:\/\/peryhome.com\/chairs\/\">Sandalyesi<\/a>, alt\u0131n metal &#8211; bej tasar\u0131m\u0131yla konforu ve stili birle\u015ftiriyor. \u00c7e\u015fitli i\u00e7 mekanlara uyum sa\u011flayacak \u015fekilde tasarlanan bu sandalye, kaliteli malzemeleriyle minimalist bir \u00e7ekicilik sunuyor. Modern yemek odalar\u0131 i\u00e7in g\u00f6ze \u00e7arpan bir se\u00e7imdir. \u015e\u0131k bej kadife kuma\u015f ve sa\u011flam siyah alt\u0131n bacaklar, <a href=\"https:\/\/www.instagram.com\/peryhome.eu\/\">PeryHome&#8217;un<\/a> y\u00fcksek kaliteli i\u015f\u00e7ili\u011fe olan ba\u011fl\u0131l\u0131\u011f\u0131n\u0131 somutla\u015ft\u0131rarak Star Yemek Sandalyesine hem zarafet hem de dayan\u0131kl\u0131l\u0131k kazand\u0131r\u0131r.   <\/p>\n<h3>L\u00fcks Bej Kadife Kuma\u015f D\u00f6\u015feme<\/h3>\n<p><strong>Star Yemek Sandalyesi<\/strong> l\u00fcks bej kadife kuma\u015fa sahiptir. Bu d\u00f6\u015feme, yumu\u015fak ve rahat bir oturma deneyimi sa\u011flarken her yemek alan\u0131na \u015f\u0131kl\u0131k katar. Ayr\u0131ca kadifenin n\u00f6tr bej tonu onu zamans\u0131z bir se\u00e7im haline getiriyor. Hem modern hem de minimalist dekor i\u00e7in m\u00fckemmeldir.   <\/p>\n<h3>Kal\u0131c\u0131 Destek i\u00e7in Sa\u011flam Alt\u0131n Metal Ayaklar<\/h3>\n<p>Dayan\u0131kl\u0131l\u0131k i\u00e7in <strong>Star Yemek Sandalyesi <\/strong>g\u00fc\u00e7l\u00fc alt\u0131n metal ayaklar i\u00e7erir. Bunlar g\u00fcvenilir destek sa\u011flar ve \u015f\u0131k, modern bir g\u00f6r\u00fcn\u00fcm katar. Alt\u0131n metal ve bej d\u00f6\u015feme aras\u0131ndaki kontrast, dengeli bir s\u0131cakl\u0131k ve incelik hissi yarat\u0131yor. PeryHome&#8217;un stil ile i\u015flevi birle\u015ftirme konusundaki kararl\u0131l\u0131\u011f\u0131 bu ayaklarda a\u00e7\u0131k\u00e7a g\u00f6r\u00fcl\u00fcyor ve bu da Star Yemek Sandalyesini kal\u0131c\u0131 bir yat\u0131r\u0131m haline getiriyor.   <\/p>\n<h3>Modern Stil ile Ergonomik Konfor<\/h3>\n<p><strong>Star Yemek Sandalyesi<\/strong> yaln\u0131zca g\u00f6rsel a\u00e7\u0131dan \u00e7ekici olmakla kalm\u0131yor, ayn\u0131 zamanda konfor i\u00e7in de tasarland\u0131. Ergonomik koltu\u011fu uzun s\u00fcreli oturma s\u0131ras\u0131nda konfor sa\u011flar. Bu \u00f6zellik onu yemek odalar\u0131, mutfaklar veya \u00e7al\u0131\u015fma alanlar\u0131 i\u00e7in ideal k\u0131lar. Stil ve konforu harmanlayan bu sandalye, hem tasar\u0131m odakl\u0131 hem de konfor arayan m\u00fc\u015fterilerin ihtiya\u00e7lar\u0131n\u0131 kar\u015f\u0131l\u0131yor.   <\/p>\n<h3>\u00c7e\u015fitli \u0130\u00e7 Mekan Tarzlar\u0131 i\u00e7in M\u00fckemmel<\/h3>\n<p><strong>Star Yemek Sandalyesi<\/strong>, \u00e7ok y\u00f6nl\u00fc tasar\u0131m\u0131 sayesinde bir\u00e7ok dekor stiline uyum sa\u011fl\u0131yor. Yemek odan\u0131z ister \u00e7a\u011fda\u015f ister geleneksel olsun, bu sandalyenin bej kadife kuma\u015f\u0131 ve alt\u0131n rengi metal ayaklar\u0131 s\u0131cak ama modern bir g\u00f6r\u00fcn\u00fcm sunuyor. Her ortama \u00e7ok g\u00fczel uyum sa\u011fl\u0131yor.  <\/p>\n<h3>PeryHome&#8217;un Y\u00fcksek Standartlar\u0131na G\u00f6re Haz\u0131rland\u0131<\/h3>\n<p>PeryHome&#8217;da kalite \u00f6nemlidir. <strong>Star Yemek Sandalyesi <\/strong>bu standartlar\u0131 desteklemektedir. Birinci s\u0131n\u0131f malzemelerden \u00fcretilen bu sandalye uzun s\u00fcre dayanacak \u015fekilde tasarlanm\u0131\u015ft\u0131r. Yemek odas\u0131n\u0131 veya oturma alan\u0131n\u0131 g\u00fcvenilir, \u015f\u0131k bir par\u00e7ayla geli\u015ftirmek isteyen herkes i\u00e7in m\u00fckemmel bir se\u00e7imdir. Bir koltuktan \u00e7ok daha fazlas\u0131 olan Star Yemek Sandalyesi, zarafet ve kalitenin bir ifadesidir.<\/p>\n","protected":false},"excerpt":{"rendered":"<div class=\"flex max-w-full flex-col flex-grow\">\n<div class=\"min-h-8 text-message flex w-full flex-col items-end gap-2 whitespace-normal break-words [.text-message+&amp;]:mt-5\" dir=\"auto\" data-message-author-role=\"assistant\" data-message-id=\"71eebbbd-d64c-4c6b-951e-2a1dad3ad739\" data-message-model-slug=\"gpt-4o\">\n<div class=\"flex w-full flex-col gap-1 empty:hidden first:pt-[3px]\">\n<div class=\"markdown prose w-full break-words dark:prose-invert light\">\n<p>Bej kadife kuma\u015f\u0131 sa\u011flam alt\u0131n rengi metal ayaklarla birle\u015ftiren Star Yemek Sandalyesi, her yemek alan\u0131na hem stil hem de konforla modern ve zarif bir dokunu\u015f sunuyor.<\/p>\n<\/div>\n<\/div>\n<\/div>\n<\/div>\n","protected":false},"featured_media":8232,"template":"","meta":{"_monsterinsights_skip_tracking":false,"_monsterinsights_sitenote_active":false,"_monsterinsights_sitenote_note":"","_monsterinsights_sitenote_category":0},"product_cat":[427],"product_tag":[437,448,472,476,485,440,452],"class_list":{"0":"post-8885","1":"product","2":"type-product","3":"status-publish","4":"has-post-thumbnail","6":"product_cat-sandalye","7":"product_tag-bej-kadife-sandalye","8":"product_tag-konforlu-yemek-sandalyesi","9":"product_tag-maya-yemek-sandalyesi","10":"product_tag-modern-yemek-sandalyesi","11":"product_tag-peryhome-mobilya","12":"product_tag-siyah-metal-ayaklar","13":"product_tag-zarif-yemek-sandalyesi","15":"first","16":"onbackorder","17":"sale","18":"shipping-taxable","19":"purchasable","20":"product-type-simple"},"yoast_head":"<!-- This site is optimized with the Yoast SEO plugin v24.1 - https:\/\/yoast.com\/wordpress\/plugins\/seo\/ -->\n<title>Star Yemek Sandalyesi \u2013 Bej Kadife Kuma\u015f \u2013 Gold Metal Ayak<\/title>\n<meta name=\"description\" content=\"&quot;Bej kadife kuma\u015fl\u0131 ve alt\u0131n rengi metal ayakl\u0131 Star Sandalye, her t\u00fcrl\u00fc yemek alan\u0131na modern bir dokunu\u015f katmak i\u00e7in m\u00fckemmel olan stil ve dayan\u0131kl\u0131l\u0131k sunuyor.&quot;\" \/>\n<meta name=\"robots\" content=\"index, follow, max-snippet:-1, max-image-preview:large, max-video-preview:-1\" \/>\n<link rel=\"canonical\" href=\"https:\/\/peryhome.com\/tr\/product\/star-yemek-sandalyesi-2-sandalye-takimi-bej-kadife-kumas-gold-metal-ayak\/\" \/>\n<meta property=\"og:locale\" content=\"tr_TR\" \/>\n<meta property=\"og:type\" content=\"article\" \/>\n<meta property=\"og:title\" content=\"Star Yemek Sandalyesi \u2013 Bej Kadife Kuma\u015f \u2013 Gold Metal Ayak\" \/>\n<meta property=\"og:description\" content=\"&quot;Bej kadife kuma\u015fl\u0131 ve alt\u0131n rengi metal ayakl\u0131 Star Sandalye, her t\u00fcrl\u00fc yemek alan\u0131na modern bir dokunu\u015f katmak i\u00e7in m\u00fckemmel olan stil ve dayan\u0131kl\u0131l\u0131k sunuyor.&quot;\" \/>\n<meta property=\"og:url\" content=\"https:\/\/peryhome.com\/tr\/product\/star-yemek-sandalyesi-2-sandalye-takimi-bej-kadife-kumas-gold-metal-ayak\/\" \/>\n<meta property=\"og:site_name\" content=\"PeryHome\" \/>\n<meta property=\"article:publisher\" content=\"https:\/\/www.facebook.com\/profile.php?id=61566312622555\" \/>\n<meta property=\"og:image\" content=\"https:\/\/peryhome.com\/wp-content\/uploads\/2024\/11\/Star-Beige-Gold.webp\" \/>\n\t<meta property=\"og:image:width\" content=\"2048\" \/>\n\t<meta property=\"og:image:height\" content=\"1365\" \/>\n\t<meta property=\"og:image:type\" content=\"image\/webp\" \/>\n<meta name=\"twitter:card\" content=\"summary_large_image\" \/>\n<meta name=\"twitter:label1\" content=\"Tahmini okuma s\u00fcresi\" \/>\n\t<meta name=\"twitter:data1\" content=\"2 dakika\" \/>\n<script type=\"application\/ld+json\" class=\"yoast-schema-graph\">{\"@context\":\"https:\/\/schema.org\",\"@graph\":[{\"@type\":\"WebPage\",\"@id\":\"https:\/\/peryhome.com\/tr\/product\/star-yemek-sandalyesi-2-sandalye-takimi-bej-kadife-kumas-gold-metal-ayak\/\",\"url\":\"https:\/\/peryhome.com\/tr\/product\/star-yemek-sandalyesi-2-sandalye-takimi-bej-kadife-kumas-gold-metal-ayak\/\",\"name\":\"Star Yemek Sandalyesi \u2013 Bej Kadife Kuma\u015f \u2013 Gold Metal Ayak\",\"isPartOf\":{\"@id\":\"https:\/\/peryhome.com\/tr\/#website\"},\"primaryImageOfPage\":{\"@id\":\"https:\/\/peryhome.com\/tr\/product\/star-yemek-sandalyesi-2-sandalye-takimi-bej-kadife-kumas-gold-metal-ayak\/#primaryimage\"},\"image\":{\"@id\":\"https:\/\/peryhome.com\/tr\/product\/star-yemek-sandalyesi-2-sandalye-takimi-bej-kadife-kumas-gold-metal-ayak\/#primaryimage\"},\"thumbnailUrl\":\"https:\/\/peryhome.com\/wp-content\/uploads\/2024\/11\/Star-Beige-Gold.webp\",\"datePublished\":\"2024-11-27T17:35:02+00:00\",\"dateModified\":\"2024-11-27T17:35:02+00:00\",\"description\":\"\\\"Bej kadife kuma\u015fl\u0131 ve alt\u0131n rengi metal ayakl\u0131 Star Sandalye, her t\u00fcrl\u00fc yemek alan\u0131na modern bir dokunu\u015f katmak i\u00e7in m\u00fckemmel olan stil ve dayan\u0131kl\u0131l\u0131k sunuyor.\\\"\",\"breadcrumb\":{\"@id\":\"https:\/\/peryhome.com\/tr\/product\/star-yemek-sandalyesi-2-sandalye-takimi-bej-kadife-kumas-gold-metal-ayak\/#breadcrumb\"},\"inLanguage\":\"tr\",\"potentialAction\":[{\"@type\":\"ReadAction\",\"target\":[\"https:\/\/peryhome.com\/tr\/product\/star-yemek-sandalyesi-2-sandalye-takimi-bej-kadife-kumas-gold-metal-ayak\/\"]}]},{\"@type\":\"ImageObject\",\"inLanguage\":\"tr\",\"@id\":\"https:\/\/peryhome.com\/tr\/product\/star-yemek-sandalyesi-2-sandalye-takimi-bej-kadife-kumas-gold-metal-ayak\/#primaryimage\",\"url\":\"https:\/\/peryhome.com\/wp-content\/uploads\/2024\/11\/Star-Beige-Gold.webp\",\"contentUrl\":\"https:\/\/peryhome.com\/wp-content\/uploads\/2024\/11\/Star-Beige-Gold.webp\",\"width\":2048,\"height\":1365,\"caption\":\"Star Yemek Sandalyesi - Bej Kadife Kuma\u015f - Alt\u0131n Metal Ayaklar\"},{\"@type\":\"BreadcrumbList\",\"@id\":\"https:\/\/peryhome.com\/tr\/product\/star-yemek-sandalyesi-2-sandalye-takimi-bej-kadife-kumas-gold-metal-ayak\/#breadcrumb\",\"itemListElement\":[{\"@type\":\"ListItem\",\"position\":1,\"name\":\"Anasayfa\",\"item\":\"https:\/\/peryhome.com\/tr\/anasayfa\/\"},{\"@type\":\"ListItem\",\"position\":2,\"name\":\"Shop\",\"item\":\"https:\/\/peryhome.com\/shop\/\"},{\"@type\":\"ListItem\",\"position\":3,\"name\":\"Star Yemek Sandalyesi \u2013 (2 Sandalye Tak\u0131m\u0131) \u2013 Bej Kadife Kuma\u015f \u2013 Gold Metal Ayak\"}]},{\"@type\":\"WebSite\",\"@id\":\"https:\/\/peryhome.com\/tr\/#website\",\"url\":\"https:\/\/peryhome.com\/tr\/\",\"name\":\"PeryHome\",\"description\":\"Art of Furniture\",\"publisher\":{\"@id\":\"https:\/\/peryhome.com\/tr\/#organization\"},\"potentialAction\":[{\"@type\":\"SearchAction\",\"target\":{\"@type\":\"EntryPoint\",\"urlTemplate\":\"https:\/\/peryhome.com\/tr\/?s={search_term_string}\"},\"query-input\":{\"@type\":\"PropertyValueSpecification\",\"valueRequired\":true,\"valueName\":\"search_term_string\"}}],\"inLanguage\":\"tr\"},{\"@type\":\"Organization\",\"@id\":\"https:\/\/peryhome.com\/tr\/#organization\",\"name\":\"PeryHome\",\"url\":\"https:\/\/peryhome.com\/tr\/\",\"logo\":{\"@type\":\"ImageObject\",\"inLanguage\":\"tr\",\"@id\":\"https:\/\/peryhome.com\/tr\/#\/schema\/logo\/image\/\",\"url\":\"https:\/\/peryhome.com\/wp-content\/uploads\/2024\/12\/Logo_horizontal_HQ.webp\",\"contentUrl\":\"https:\/\/peryhome.com\/wp-content\/uploads\/2024\/12\/Logo_horizontal_HQ.webp\",\"width\":1000,\"height\":269,\"caption\":\"PeryHome\"},\"image\":{\"@id\":\"https:\/\/peryhome.com\/tr\/#\/schema\/logo\/image\/\"},\"sameAs\":[\"https:\/\/www.facebook.com\/profile.php?id=61566312622555\",\"https:\/\/www.instagram.com\/peryhome.eu\/\"]}]}<\/script>\n<!-- \/ Yoast SEO plugin. -->","yoast_head_json":{"title":"Star Yemek Sandalyesi \u2013 Bej Kadife Kuma\u015f \u2013 Gold Metal Ayak","description":"\"Bej kadife kuma\u015fl\u0131 ve alt\u0131n rengi metal ayakl\u0131 Star Sandalye, her t\u00fcrl\u00fc yemek alan\u0131na modern bir dokunu\u015f katmak i\u00e7in m\u00fckemmel olan stil ve dayan\u0131kl\u0131l\u0131k sunuyor.\"","robots":{"index":"index","follow":"follow","max-snippet":"max-snippet:-1","max-image-preview":"max-image-preview:large","max-video-preview":"max-video-preview:-1"},"canonical":"https:\/\/peryhome.com\/tr\/product\/star-yemek-sandalyesi-2-sandalye-takimi-bej-kadife-kumas-gold-metal-ayak\/","og_locale":"tr_TR","og_type":"article","og_title":"Star Yemek Sandalyesi \u2013 Bej Kadife Kuma\u015f \u2013 Gold Metal Ayak","og_description":"\"Bej kadife kuma\u015fl\u0131 ve alt\u0131n rengi metal ayakl\u0131 Star Sandalye, her t\u00fcrl\u00fc yemek alan\u0131na modern bir dokunu\u015f katmak i\u00e7in m\u00fckemmel olan stil ve dayan\u0131kl\u0131l\u0131k sunuyor.\"","og_url":"https:\/\/peryhome.com\/tr\/product\/star-yemek-sandalyesi-2-sandalye-takimi-bej-kadife-kumas-gold-metal-ayak\/","og_site_name":"PeryHome","article_publisher":"https:\/\/www.facebook.com\/profile.php?id=61566312622555","og_image":[{"width":2048,"height":1365,"url":"https:\/\/peryhome.com\/wp-content\/uploads\/2024\/11\/Star-Beige-Gold.webp","type":"image\/webp"}],"twitter_card":"summary_large_image","twitter_misc":{"Tahmini okuma s\u00fcresi":"2 dakika"},"schema":{"@context":"https:\/\/schema.org","@graph":[{"@type":"WebPage","@id":"https:\/\/peryhome.com\/tr\/product\/star-yemek-sandalyesi-2-sandalye-takimi-bej-kadife-kumas-gold-metal-ayak\/","url":"https:\/\/peryhome.com\/tr\/product\/star-yemek-sandalyesi-2-sandalye-takimi-bej-kadife-kumas-gold-metal-ayak\/","name":"Star Yemek Sandalyesi \u2013 Bej Kadife Kuma\u015f \u2013 Gold Metal Ayak","isPartOf":{"@id":"https:\/\/peryhome.com\/tr\/#website"},"primaryImageOfPage":{"@id":"https:\/\/peryhome.com\/tr\/product\/star-yemek-sandalyesi-2-sandalye-takimi-bej-kadife-kumas-gold-metal-ayak\/#primaryimage"},"image":{"@id":"https:\/\/peryhome.com\/tr\/product\/star-yemek-sandalyesi-2-sandalye-takimi-bej-kadife-kumas-gold-metal-ayak\/#primaryimage"},"thumbnailUrl":"https:\/\/peryhome.com\/wp-content\/uploads\/2024\/11\/Star-Beige-Gold.webp","datePublished":"2024-11-27T17:35:02+00:00","dateModified":"2024-11-27T17:35:02+00:00","description":"\"Bej kadife kuma\u015fl\u0131 ve alt\u0131n rengi metal ayakl\u0131 Star Sandalye, her t\u00fcrl\u00fc yemek alan\u0131na modern bir dokunu\u015f katmak i\u00e7in m\u00fckemmel olan stil ve dayan\u0131kl\u0131l\u0131k sunuyor.\"","breadcrumb":{"@id":"https:\/\/peryhome.com\/tr\/product\/star-yemek-sandalyesi-2-sandalye-takimi-bej-kadife-kumas-gold-metal-ayak\/#breadcrumb"},"inLanguage":"tr","potentialAction":[{"@type":"ReadAction","target":["https:\/\/peryhome.com\/tr\/product\/star-yemek-sandalyesi-2-sandalye-takimi-bej-kadife-kumas-gold-metal-ayak\/"]}]},{"@type":"ImageObject","inLanguage":"tr","@id":"https:\/\/peryhome.com\/tr\/product\/star-yemek-sandalyesi-2-sandalye-takimi-bej-kadife-kumas-gold-metal-ayak\/#primaryimage","url":"https:\/\/peryhome.com\/wp-content\/uploads\/2024\/11\/Star-Beige-Gold.webp","contentUrl":"https:\/\/peryhome.com\/wp-content\/uploads\/2024\/11\/Star-Beige-Gold.webp","width":2048,"height":1365,"caption":"Star Yemek Sandalyesi - Bej Kadife Kuma\u015f - Alt\u0131n Metal Ayaklar"},{"@type":"BreadcrumbList","@id":"https:\/\/peryhome.com\/tr\/product\/star-yemek-sandalyesi-2-sandalye-takimi-bej-kadife-kumas-gold-metal-ayak\/#breadcrumb","itemListElement":[{"@type":"ListItem","position":1,"name":"Anasayfa","item":"https:\/\/peryhome.com\/tr\/anasayfa\/"},{"@type":"ListItem","position":2,"name":"Shop","item":"https:\/\/peryhome.com\/shop\/"},{"@type":"ListItem","position":3,"name":"Star Yemek Sandalyesi \u2013 (2 Sandalye Tak\u0131m\u0131) \u2013 Bej Kadife Kuma\u015f \u2013 Gold Metal Ayak"}]},{"@type":"WebSite","@id":"https:\/\/peryhome.com\/tr\/#website","url":"https:\/\/peryhome.com\/tr\/","name":"PeryHome","description":"Art of Furniture","publisher":{"@id":"https:\/\/peryhome.com\/tr\/#organization"},"potentialAction":[{"@type":"SearchAction","target":{"@type":"EntryPoint","urlTemplate":"https:\/\/peryhome.com\/tr\/?s={search_term_string}"},"query-input":{"@type":"PropertyValueSpecification","valueRequired":true,"valueName":"search_term_string"}}],"inLanguage":"tr"},{"@type":"Organization","@id":"https:\/\/peryhome.com\/tr\/#organization","name":"PeryHome","url":"https:\/\/peryhome.com\/tr\/","logo":{"@type":"ImageObject","inLanguage":"tr","@id":"https:\/\/peryhome.com\/tr\/#\/schema\/logo\/image\/","url":"https:\/\/peryhome.com\/wp-content\/uploads\/2024\/12\/Logo_horizontal_HQ.webp","contentUrl":"https:\/\/peryhome.com\/wp-content\/uploads\/2024\/12\/Logo_horizontal_HQ.webp","width":1000,"height":269,"caption":"PeryHome"},"image":{"@id":"https:\/\/peryhome.com\/tr\/#\/schema\/logo\/image\/"},"sameAs":["https:\/\/www.facebook.com\/profile.php?id=61566312622555","https:\/\/www.instagram.com\/peryhome.eu\/"]}]}},"jetpack_sharing_enabled":true,"_links":{"self":[{"href":"https:\/\/peryhome.com\/tr\/wp-json\/wp\/v2\/product\/8885"}],"collection":[{"href":"https:\/\/peryhome.com\/tr\/wp-json\/wp\/v2\/product"}],"about":[{"href":"https:\/\/peryhome.com\/tr\/wp-json\/wp\/v2\/types\/product"}],"version-history":[{"count":0,"href":"https:\/\/peryhome.com\/tr\/wp-json\/wp\/v2\/product\/8885\/revisions"}],"wp:featuredmedia":[{"embeddable":true,"href":"https:\/\/peryhome.com\/tr\/wp-json\/wp\/v2\/media\/8232"}],"wp:attachment":[{"href":"https:\/\/peryhome.com\/tr\/wp-json\/wp\/v2\/media?parent=8885"}],"wp:term":[{"taxonomy":"product_cat","embeddable":true,"href":"https:\/\/peryhome.com\/tr\/wp-json\/wp\/v2\/product_cat?post=8885"},{"taxonomy":"product_tag","embeddable":true,"href":"https:\/\/peryhome.com\/tr\/wp-json\/wp\/v2\/product_tag?post=8885"}],"curies":[{"name":"wp","href":"https:\/\/api.w.org\/{rel}","templated":true}]}}