{"id":8934,"date":"2024-11-02T21:35:28","date_gmt":"2024-11-02T21:35:28","guid":{"rendered":"https:\/\/peryhome.com\/product\/elite-koltuk-her-alan-icin-zarif-kisisellestirilebilir-konfor\/"},"modified":"2024-11-02T21:35:28","modified_gmt":"2024-11-02T21:35:28","slug":"elite-koltuk-her-alan-icin-zarif-kisisellestirilebilir-konfor","status":"publish","type":"product","link":"https:\/\/peryhome.com\/tr\/product\/elite-koltuk-her-alan-icin-zarif-kisisellestirilebilir-konfor\/","title":{"rendered":"Elite Koltuk \u2013 Her Alan i\u00e7in Zarif, Ki\u015fiselle\u015ftirilebilir Konfor"},"content":{"rendered":"<div class=\"flex-shrink-0 flex flex-col relative items-end\">\n<div class=\"pt-0\">\n<div class=\"gizmo-bot-avatar flex h-8 w-8 items-center justify-center overflow-hidden rounded-full\">\n<div class=\"relative p-1 rounded-sm flex items-center justify-center bg-token-main-surface-primary text-token-text-primary h-8 w-8\">\n<h3><strong>Elite Koltuk \u2013 PeryHome&#8217;dan Zarif ve Ki\u015fiselle\u015ftirilebilir Konfor<\/strong><\/h3>\n<p><a href=\"https:\/\/www.instagram.com\/peryhome.eu\/\">PeryHome&#8217;<\/a>un <strong>Elite <\/strong><a href=\"https:\/\/peryhome.com\/sofa\/1-seater-armchairs\/\">Koltuk, <\/a>ya\u015fam alan\u0131n\u0131z\u0131 y\u00fckseltmek i\u00e7in <strong>zarif tasar\u0131m<\/strong>\u0131 ve <strong>ki\u015fiselle\u015ftirilebilir konforu<\/strong> birle\u015ftiriyor. Hem modern hem de klasik i\u00e7 mekanlar i\u00e7in m\u00fckemmel olan Elite Koltuk, stil ve i\u015flevsellik kat\u0131yor. Bu koltu\u011fun zamana meydan okuyan g\u00f6r\u00fcn\u00fcm\u00fc ve kaliteli i\u015f\u00e7ili\u011fi, onu her oda i\u00e7in l\u00fcks bir se\u00e7im haline getiriyor. Elite Koltuk ile hem \u015f\u0131kl\u0131\u011f\u0131 hem de pratikli\u011fi evinize ta\u015f\u0131yacaks\u0131n\u0131z.    <\/p>\n<hr>\n<h3><strong>Elite Koltuk i\u00e7in Ki\u015fiselle\u015ftirilebilir Kuma\u015flar ve Kaplamalar<\/strong><\/h3>\n<p><strong>Elite <\/strong><strong>Koltu\u011fun<\/strong> en iyi \u00f6zelliklerinden biri de ki\u015fiselle\u015ftirilebilir olmas\u0131d\u0131r. <strong>Keten, <\/strong><strong>kadife <\/strong>veya <strong>suni deri <\/strong>gibi kuma\u015flardan se\u00e7im yapabilirsiniz. Her kuma\u015f Elite Koltu\u011fa benzersiz bir doku katarak genel \u00e7ekicili\u011fini art\u0131r\u0131r. Ayr\u0131ca dekorunuza uyacak renkleri ve bacak kaplamalar\u0131n\u0131 da se\u00e7ebilirsiniz. Bu ki\u015fiselle\u015ftirme, Elite Koltu\u011fun konfor ve zarafet katarken ki\u015fisel tarz\u0131n\u0131za uyum sa\u011flamas\u0131na olanak tan\u0131r. Her t\u00fcrl\u00fc esteti\u011fe uyum sa\u011flayacak \u015fekilde tasarlanm\u0131\u015ft\u0131r ve alan\u0131n\u0131za m\u00fckemmel bir katk\u0131 sa\u011flar.     <\/p>\n<hr>\n<h3><strong>Elite Koltuk \u2013 Konfor ve Pratik Tasar\u0131m<\/strong><\/h3>\n<p><strong>Elite <\/strong><strong>Koltuk<\/strong> hem konfor hem de \u015f\u0131kl\u0131k sunuyor. Pelu\u015f yast\u0131klar\u0131 sa\u011flam destek sa\u011flayarak rahatlamak i\u00e7in idealdir. Elite Koltu\u011fun ergonomik tasar\u0131m\u0131, g\u00fcnl\u00fck kullan\u0131m i\u00e7in m\u00fckemmel olan iyi bir duru\u015f sa\u011flar. Dayan\u0131kl\u0131 malzemelerden \u00fcretilen bu sandalye, uzun \u00f6m\u00fcrl\u00fc bir de\u011fer vaat ediyor. \u0130ster kitap okuyor ister e\u011fleniyor olun, Elite Koltuk \u015f\u0131kl\u0131\u011f\u0131 i\u015flevsellikle birle\u015ftiriyor. Gelecek y\u0131llar boyunca hem l\u00fcks\u00fcn hem de deste\u011fin keyfini \u00e7\u0131karman\u0131z\u0131 sa\u011flar.     <\/p>\n<hr>\n<h3><strong>Her Oda D\u00fczenine M\u00fckemmel Uyum<\/strong><\/h3>\n<p><strong>Elite <\/strong><strong>Koltuk <\/strong>her oda d\u00fczenine iyi uyum sa\u011flar. \u015e\u0131k tasar\u0131m\u0131 hem b\u00fcy\u00fck hem de k\u00fc\u00e7\u00fck alanlara s\u0131\u011far. Elite Koltu\u011fu ister rahat bir k\u00f6\u015feye, ister oturma odas\u0131nda vurgu olarak yerle\u015ftirebilirsiniz. \u00d6zelle\u015ftirilebilir se\u00e7enekleriyle Elite Koltuk, her t\u00fcrl\u00fc renk \u015femas\u0131n\u0131 tamamlayarak hem modern hem de geleneksel mekanlar i\u00e7in \u00e7ok y\u00f6nl\u00fc hale geliyor. Odan\u0131z\u0131n karakterini geli\u015ftirerek kolayca bir odak noktas\u0131 haline gelir.    <\/p>\n<hr>\n<h3><strong>Sonu\u00e7: Elit Koltuk \u2013 Eviniz i\u00e7in Zarif Konfor<\/strong><\/h3>\n<p>Sonu\u00e7 olarak <strong>PeryHome&#8217;<\/strong>un <strong>Elite<\/strong> <strong>Koltuk<\/strong> hem zarafeti hem de ki\u015fiselle\u015ftirilebilir konforu bir araya getiriyor. Y\u00fcksek kaliteli malzemeleri ve zamana meydan okuyan tasar\u0131m\u0131yla Elite Koltuk her eve de\u011ferli bir katk\u0131d\u0131r. Elite Koltuk ile odan\u0131z\u0131 g\u00fczelle\u015ftirin, hem stilin hem de konforun tad\u0131n\u0131 \u00e7\u0131kar\u0131n. Bu sadece bir sandalye de\u011fil; ya\u015fam alan\u0131n\u0131z\u0131 zenginle\u015ftiren bir zarafet ifadesidir.   <\/p>\n<\/div>\n<\/div>\n<\/div>\n<\/div>\n","protected":false},"excerpt":{"rendered":"<p><strong>PeryHome&#8217;dan Elite Sofa,<\/strong> modern tasar\u0131m\u0131 l\u00fcks konforla birle\u015ftiriyor. Ki\u015fiselle\u015ftirilebilir kuma\u015f ve kaplama se\u00e7enekleriyle sunulan bu kanepe, her ya\u015fam alan\u0131na zarafet ve i\u015flevsellik katar. <\/p>\n","protected":false},"featured_media":8537,"template":"","meta":{"_monsterinsights_skip_tracking":false,"_monsterinsights_sitenote_active":false,"_monsterinsights_sitenote_note":"","_monsterinsights_sitenote_category":0},"product_cat":[429,428],"product_tag":[454,455,469,478,467,449],"class_list":{"0":"post-8934","1":"product","2":"type-product","3":"status-publish","4":"has-post-thumbnail","6":"product_cat-berjer-koltuk","7":"product_cat-koltuk","8":"product_tag-elite-koltuk","9":"product_tag-kumas-kanepe","10":"product_tag-luxury-sofa-tr","11":"product_tag-modern-koltuk","12":"product_tag-oturma-odasi-mobilyalari","13":"product_tag-ozellestirilebilir-kanepe","15":"first","16":"onbackorder","17":"sale","18":"shipping-taxable","19":"purchasable","20":"product-type-simple"},"yoast_head":"<!-- This site is optimized with the Yoast SEO plugin v24.1 - https:\/\/yoast.com\/wordpress\/plugins\/seo\/ -->\n<title>Elite Koltuk \u2013 Ev \u0130\u00e7in Zarif, Ki\u015fiselle\u015ftirilebilir Konfor<\/title>\n<meta name=\"description\" content=\"&quot;Elite Koltuk \u2013 PeryHome&#039;dan Zarif ve Ki\u015fiselle\u015ftirilebilir, ki\u015fiselle\u015ftirilmi\u015f se\u00e7eneklerle her ya\u015fam alan\u0131na stil ve konfor getirmek i\u00e7in tasarland\u0131.&quot;\" \/>\n<meta name=\"robots\" content=\"index, follow, max-snippet:-1, max-image-preview:large, max-video-preview:-1\" \/>\n<link rel=\"canonical\" href=\"https:\/\/peryhome.com\/tr\/product\/elite-koltuk-her-alan-icin-zarif-kisisellestirilebilir-konfor\/\" \/>\n<meta property=\"og:locale\" content=\"tr_TR\" \/>\n<meta property=\"og:type\" content=\"article\" \/>\n<meta property=\"og:title\" content=\"Elite Koltuk \u2013 Ev \u0130\u00e7in Zarif, Ki\u015fiselle\u015ftirilebilir Konfor\" \/>\n<meta property=\"og:description\" content=\"&quot;Elite Koltuk \u2013 PeryHome&#039;dan Zarif ve Ki\u015fiselle\u015ftirilebilir, ki\u015fiselle\u015ftirilmi\u015f se\u00e7eneklerle her ya\u015fam alan\u0131na stil ve konfor getirmek i\u00e7in tasarland\u0131.&quot;\" \/>\n<meta property=\"og:url\" content=\"https:\/\/peryhome.com\/tr\/product\/elite-koltuk-her-alan-icin-zarif-kisisellestirilebilir-konfor\/\" \/>\n<meta property=\"og:site_name\" content=\"PeryHome\" \/>\n<meta property=\"article:publisher\" content=\"https:\/\/www.facebook.com\/profile.php?id=61566312622555\" \/>\n<meta property=\"og:image\" content=\"https:\/\/peryhome.com\/wp-content\/uploads\/2024\/11\/Untitled-9.webp\" \/>\n\t<meta property=\"og:image:width\" content=\"1600\" \/>\n\t<meta property=\"og:image:height\" content=\"1200\" \/>\n\t<meta property=\"og:image:type\" content=\"image\/webp\" \/>\n<meta name=\"twitter:card\" content=\"summary_large_image\" \/>\n<meta name=\"twitter:label1\" content=\"Tahmini okuma s\u00fcresi\" \/>\n\t<meta name=\"twitter:data1\" content=\"2 dakika\" \/>\n<script type=\"application\/ld+json\" class=\"yoast-schema-graph\">{\"@context\":\"https:\/\/schema.org\",\"@graph\":[{\"@type\":\"WebPage\",\"@id\":\"https:\/\/peryhome.com\/tr\/product\/elite-koltuk-her-alan-icin-zarif-kisisellestirilebilir-konfor\/\",\"url\":\"https:\/\/peryhome.com\/tr\/product\/elite-koltuk-her-alan-icin-zarif-kisisellestirilebilir-konfor\/\",\"name\":\"Elite Koltuk \u2013 Ev \u0130\u00e7in Zarif, Ki\u015fiselle\u015ftirilebilir Konfor\",\"isPartOf\":{\"@id\":\"https:\/\/peryhome.com\/tr\/#website\"},\"primaryImageOfPage\":{\"@id\":\"https:\/\/peryhome.com\/tr\/product\/elite-koltuk-her-alan-icin-zarif-kisisellestirilebilir-konfor\/#primaryimage\"},\"image\":{\"@id\":\"https:\/\/peryhome.com\/tr\/product\/elite-koltuk-her-alan-icin-zarif-kisisellestirilebilir-konfor\/#primaryimage\"},\"thumbnailUrl\":\"https:\/\/peryhome.com\/wp-content\/uploads\/2024\/11\/Untitled-9.webp\",\"datePublished\":\"2024-11-02T21:35:28+00:00\",\"dateModified\":\"2024-11-02T21:35:28+00:00\",\"description\":\"\\\"Elite Koltuk \u2013 PeryHome'dan Zarif ve Ki\u015fiselle\u015ftirilebilir, ki\u015fiselle\u015ftirilmi\u015f se\u00e7eneklerle her ya\u015fam alan\u0131na stil ve konfor getirmek i\u00e7in tasarland\u0131.\\\"\",\"breadcrumb\":{\"@id\":\"https:\/\/peryhome.com\/tr\/product\/elite-koltuk-her-alan-icin-zarif-kisisellestirilebilir-konfor\/#breadcrumb\"},\"inLanguage\":\"tr\",\"potentialAction\":[{\"@type\":\"ReadAction\",\"target\":[\"https:\/\/peryhome.com\/tr\/product\/elite-koltuk-her-alan-icin-zarif-kisisellestirilebilir-konfor\/\"]}]},{\"@type\":\"ImageObject\",\"inLanguage\":\"tr\",\"@id\":\"https:\/\/peryhome.com\/tr\/product\/elite-koltuk-her-alan-icin-zarif-kisisellestirilebilir-konfor\/#primaryimage\",\"url\":\"https:\/\/peryhome.com\/wp-content\/uploads\/2024\/11\/Untitled-9.webp\",\"contentUrl\":\"https:\/\/peryhome.com\/wp-content\/uploads\/2024\/11\/Untitled-9.webp\",\"width\":1600,\"height\":1200,\"caption\":\"Elite Koltuk - Ev i\u00e7in Zarif, \u00d6zelle\u015ftirilebilir Konfor\"},{\"@type\":\"BreadcrumbList\",\"@id\":\"https:\/\/peryhome.com\/tr\/product\/elite-koltuk-her-alan-icin-zarif-kisisellestirilebilir-konfor\/#breadcrumb\",\"itemListElement\":[{\"@type\":\"ListItem\",\"position\":1,\"name\":\"Anasayfa\",\"item\":\"https:\/\/peryhome.com\/tr\/anasayfa\/\"},{\"@type\":\"ListItem\",\"position\":2,\"name\":\"Shop\",\"item\":\"https:\/\/peryhome.com\/shop\/\"},{\"@type\":\"ListItem\",\"position\":3,\"name\":\"Elite Koltuk \u2013 Her Alan i\u00e7in Zarif, Ki\u015fiselle\u015ftirilebilir Konfor\"}]},{\"@type\":\"WebSite\",\"@id\":\"https:\/\/peryhome.com\/tr\/#website\",\"url\":\"https:\/\/peryhome.com\/tr\/\",\"name\":\"PeryHome\",\"description\":\"Art of Furniture\",\"publisher\":{\"@id\":\"https:\/\/peryhome.com\/tr\/#organization\"},\"potentialAction\":[{\"@type\":\"SearchAction\",\"target\":{\"@type\":\"EntryPoint\",\"urlTemplate\":\"https:\/\/peryhome.com\/tr\/?s={search_term_string}\"},\"query-input\":{\"@type\":\"PropertyValueSpecification\",\"valueRequired\":true,\"valueName\":\"search_term_string\"}}],\"inLanguage\":\"tr\"},{\"@type\":\"Organization\",\"@id\":\"https:\/\/peryhome.com\/tr\/#organization\",\"name\":\"PeryHome\",\"url\":\"https:\/\/peryhome.com\/tr\/\",\"logo\":{\"@type\":\"ImageObject\",\"inLanguage\":\"tr\",\"@id\":\"https:\/\/peryhome.com\/tr\/#\/schema\/logo\/image\/\",\"url\":\"https:\/\/peryhome.com\/wp-content\/uploads\/2024\/12\/Logo_horizontal_HQ.webp\",\"contentUrl\":\"https:\/\/peryhome.com\/wp-content\/uploads\/2024\/12\/Logo_horizontal_HQ.webp\",\"width\":1000,\"height\":269,\"caption\":\"PeryHome\"},\"image\":{\"@id\":\"https:\/\/peryhome.com\/tr\/#\/schema\/logo\/image\/\"},\"sameAs\":[\"https:\/\/www.facebook.com\/profile.php?id=61566312622555\",\"https:\/\/www.instagram.com\/peryhome.eu\/\"]}]}<\/script>\n<!-- \/ Yoast SEO plugin. -->","yoast_head_json":{"title":"Elite Koltuk \u2013 Ev \u0130\u00e7in Zarif, Ki\u015fiselle\u015ftirilebilir Konfor","description":"\"Elite Koltuk \u2013 PeryHome'dan Zarif ve Ki\u015fiselle\u015ftirilebilir, ki\u015fiselle\u015ftirilmi\u015f se\u00e7eneklerle her ya\u015fam alan\u0131na stil ve konfor getirmek i\u00e7in tasarland\u0131.\"","robots":{"index":"index","follow":"follow","max-snippet":"max-snippet:-1","max-image-preview":"max-image-preview:large","max-video-preview":"max-video-preview:-1"},"canonical":"https:\/\/peryhome.com\/tr\/product\/elite-koltuk-her-alan-icin-zarif-kisisellestirilebilir-konfor\/","og_locale":"tr_TR","og_type":"article","og_title":"Elite Koltuk \u2013 Ev \u0130\u00e7in Zarif, Ki\u015fiselle\u015ftirilebilir Konfor","og_description":"\"Elite Koltuk \u2013 PeryHome'dan Zarif ve Ki\u015fiselle\u015ftirilebilir, ki\u015fiselle\u015ftirilmi\u015f se\u00e7eneklerle her ya\u015fam alan\u0131na stil ve konfor getirmek i\u00e7in tasarland\u0131.\"","og_url":"https:\/\/peryhome.com\/tr\/product\/elite-koltuk-her-alan-icin-zarif-kisisellestirilebilir-konfor\/","og_site_name":"PeryHome","article_publisher":"https:\/\/www.facebook.com\/profile.php?id=61566312622555","og_image":[{"width":1600,"height":1200,"url":"https:\/\/peryhome.com\/wp-content\/uploads\/2024\/11\/Untitled-9.webp","type":"image\/webp"}],"twitter_card":"summary_large_image","twitter_misc":{"Tahmini okuma s\u00fcresi":"2 dakika"},"schema":{"@context":"https:\/\/schema.org","@graph":[{"@type":"WebPage","@id":"https:\/\/peryhome.com\/tr\/product\/elite-koltuk-her-alan-icin-zarif-kisisellestirilebilir-konfor\/","url":"https:\/\/peryhome.com\/tr\/product\/elite-koltuk-her-alan-icin-zarif-kisisellestirilebilir-konfor\/","name":"Elite Koltuk \u2013 Ev \u0130\u00e7in Zarif, Ki\u015fiselle\u015ftirilebilir Konfor","isPartOf":{"@id":"https:\/\/peryhome.com\/tr\/#website"},"primaryImageOfPage":{"@id":"https:\/\/peryhome.com\/tr\/product\/elite-koltuk-her-alan-icin-zarif-kisisellestirilebilir-konfor\/#primaryimage"},"image":{"@id":"https:\/\/peryhome.com\/tr\/product\/elite-koltuk-her-alan-icin-zarif-kisisellestirilebilir-konfor\/#primaryimage"},"thumbnailUrl":"https:\/\/peryhome.com\/wp-content\/uploads\/2024\/11\/Untitled-9.webp","datePublished":"2024-11-02T21:35:28+00:00","dateModified":"2024-11-02T21:35:28+00:00","description":"\"Elite Koltuk \u2013 PeryHome'dan Zarif ve Ki\u015fiselle\u015ftirilebilir, ki\u015fiselle\u015ftirilmi\u015f se\u00e7eneklerle her ya\u015fam alan\u0131na stil ve konfor getirmek i\u00e7in tasarland\u0131.\"","breadcrumb":{"@id":"https:\/\/peryhome.com\/tr\/product\/elite-koltuk-her-alan-icin-zarif-kisisellestirilebilir-konfor\/#breadcrumb"},"inLanguage":"tr","potentialAction":[{"@type":"ReadAction","target":["https:\/\/peryhome.com\/tr\/product\/elite-koltuk-her-alan-icin-zarif-kisisellestirilebilir-konfor\/"]}]},{"@type":"ImageObject","inLanguage":"tr","@id":"https:\/\/peryhome.com\/tr\/product\/elite-koltuk-her-alan-icin-zarif-kisisellestirilebilir-konfor\/#primaryimage","url":"https:\/\/peryhome.com\/wp-content\/uploads\/2024\/11\/Untitled-9.webp","contentUrl":"https:\/\/peryhome.com\/wp-content\/uploads\/2024\/11\/Untitled-9.webp","width":1600,"height":1200,"caption":"Elite Koltuk - Ev i\u00e7in Zarif, \u00d6zelle\u015ftirilebilir Konfor"},{"@type":"BreadcrumbList","@id":"https:\/\/peryhome.com\/tr\/product\/elite-koltuk-her-alan-icin-zarif-kisisellestirilebilir-konfor\/#breadcrumb","itemListElement":[{"@type":"ListItem","position":1,"name":"Anasayfa","item":"https:\/\/peryhome.com\/tr\/anasayfa\/"},{"@type":"ListItem","position":2,"name":"Shop","item":"https:\/\/peryhome.com\/shop\/"},{"@type":"ListItem","position":3,"name":"Elite Koltuk \u2013 Her Alan i\u00e7in Zarif, Ki\u015fiselle\u015ftirilebilir Konfor"}]},{"@type":"WebSite","@id":"https:\/\/peryhome.com\/tr\/#website","url":"https:\/\/peryhome.com\/tr\/","name":"PeryHome","description":"Art of Furniture","publisher":{"@id":"https:\/\/peryhome.com\/tr\/#organization"},"potentialAction":[{"@type":"SearchAction","target":{"@type":"EntryPoint","urlTemplate":"https:\/\/peryhome.com\/tr\/?s={search_term_string}"},"query-input":{"@type":"PropertyValueSpecification","valueRequired":true,"valueName":"search_term_string"}}],"inLanguage":"tr"},{"@type":"Organization","@id":"https:\/\/peryhome.com\/tr\/#organization","name":"PeryHome","url":"https:\/\/peryhome.com\/tr\/","logo":{"@type":"ImageObject","inLanguage":"tr","@id":"https:\/\/peryhome.com\/tr\/#\/schema\/logo\/image\/","url":"https:\/\/peryhome.com\/wp-content\/uploads\/2024\/12\/Logo_horizontal_HQ.webp","contentUrl":"https:\/\/peryhome.com\/wp-content\/uploads\/2024\/12\/Logo_horizontal_HQ.webp","width":1000,"height":269,"caption":"PeryHome"},"image":{"@id":"https:\/\/peryhome.com\/tr\/#\/schema\/logo\/image\/"},"sameAs":["https:\/\/www.facebook.com\/profile.php?id=61566312622555","https:\/\/www.instagram.com\/peryhome.eu\/"]}]}},"jetpack_sharing_enabled":true,"_links":{"self":[{"href":"https:\/\/peryhome.com\/tr\/wp-json\/wp\/v2\/product\/8934"}],"collection":[{"href":"https:\/\/peryhome.com\/tr\/wp-json\/wp\/v2\/product"}],"about":[{"href":"https:\/\/peryhome.com\/tr\/wp-json\/wp\/v2\/types\/product"}],"version-history":[{"count":0,"href":"https:\/\/peryhome.com\/tr\/wp-json\/wp\/v2\/product\/8934\/revisions"}],"wp:featuredmedia":[{"embeddable":true,"href":"https:\/\/peryhome.com\/tr\/wp-json\/wp\/v2\/media\/8537"}],"wp:attachment":[{"href":"https:\/\/peryhome.com\/tr\/wp-json\/wp\/v2\/media?parent=8934"}],"wp:term":[{"taxonomy":"product_cat","embeddable":true,"href":"https:\/\/peryhome.com\/tr\/wp-json\/wp\/v2\/product_cat?post=8934"},{"taxonomy":"product_tag","embeddable":true,"href":"https:\/\/peryhome.com\/tr\/wp-json\/wp\/v2\/product_tag?post=8934"}],"curies":[{"name":"wp","href":"https:\/\/api.w.org\/{rel}","templated":true}]}}