{"id":8951,"date":"2024-11-01T09:17:28","date_gmt":"2024-11-01T09:17:28","guid":{"rendered":"https:\/\/peryhome.com\/product\/sude-koltuk-3lu-modern-tasarim-luks-konfor-ozel-kumas-secenekleri\/"},"modified":"2024-11-01T09:17:28","modified_gmt":"2024-11-01T09:17:28","slug":"sude-koltuk-3lu-modern-tasarim-luks-konfor-ozel-kumas-secenekleri","status":"publish","type":"product","link":"https:\/\/peryhome.com\/tr\/product\/sude-koltuk-3lu-modern-tasarim-luks-konfor-ozel-kumas-secenekleri\/","title":{"rendered":"Sude Koltuk \u2013 3\u2019l\u00fc, Modern Tasar\u0131m, L\u00fcks Konfor, \u00d6zel Kuma\u015f Se\u00e7enekleri"},"content":{"rendered":"<div class=\"flex-shrink-0 flex flex-col relative items-end\">\n<div class=\"pt-0\">\n<div class=\"gizmo-bot-avatar flex h-8 w-8 items-center justify-center overflow-hidden rounded-full\">\n<div class=\"relative p-1 rounded-sm flex items-center justify-center bg-token-main-surface-primary text-token-text-primary h-8 w-8\">\n<h3><strong>Sude Kanepe \u2013 PeryHome&#8217;dan Modern L\u00fcks Konfor<\/strong><\/h3>\n<p><strong>PeryHome&#8217;un<\/strong> <strong><a href=\"https:\/\/www.instagram.com\/peryhome.eu\/\">Sude Kanepe<\/a><\/strong>, <strong>modern l\u00fcks\u00fc<\/strong> ve ola\u011fan\u00fcst\u00fc konforu birle\u015ftiriyor. Her oturma odas\u0131 i\u00e7in m\u00fckemmel bir se\u00e7imdir. Bu <strong>3 ki\u015filik kanepe<\/strong>, hem \u00e7a\u011fda\u015f hem de klasik i\u00e7 mekanlara kusursuz bir \u015fekilde uyum sa\u011flar. Kuma\u015f ve renk se\u00e7enekleriyle her dekorasyon tarz\u0131na uyum sa\u011flayan <strong>Sude<\/strong> <strong>Koltuk<\/strong>, evinizin \u00e7ok y\u00f6nl\u00fc ve \u015f\u0131k bir tamamlay\u0131c\u0131s\u0131 oluyor.   <\/p>\n<hr>\n<h3><strong>Ki\u015fisel Bir Dokunu\u015f i\u00e7in Ki\u015fiselle\u015ftirilebilir Kuma\u015flar ve Kaplamalar<\/strong><\/h3>\n<p><strong>Sude<\/strong> <strong>Koltuk&#8217;un<\/strong> en \u00f6nemli \u00f6zelli\u011fi ki\u015fiselle\u015ftirme se\u00e7enekleridir. <strong>Keten<\/strong>, <strong>kadife<\/strong> ve <strong>suni deri <\/strong>gibi \u00e7e\u015fitli l\u00fcks kuma\u015flar aras\u0131ndan se\u00e7im yapabilirsiniz. Her kuma\u015f, kanepenin genel g\u00f6r\u00fcn\u00fcm\u00fcn\u00fc geli\u015ftiren benzersiz bir doku sa\u011flar. Ayr\u0131ca bacaklar\u0131n rengini ve kaplamas\u0131n\u0131 zevkinize g\u00f6re se\u00e7ebilirsiniz. Bu d\u00fczeydeki ki\u015fiselle\u015ftirme, <strong>Sude<\/strong> <strong>Kanepeyi<\/strong> evinizin i\u00e7 mekan\u0131na m\u00fckemmel \u015fekilde uyum sa\u011flayacak \u015fekilde tasarlaman\u0131za olanak tan\u0131r.    <\/p>\n<hr>\n<h3><strong>E\u015fsiz Konfor ve Uzun \u00d6m\u00fcrl\u00fc \u0130\u015flevsellik<\/strong><\/h3>\n<p><strong>Sude<\/strong> <strong>Koltuk<\/strong> sadece stilden ibaret de\u011fil; ayn\u0131 zamanda konfor i\u00e7in de tasarlanm\u0131\u015ft\u0131r. Pelu\u015f yast\u0131klar\u0131 m\u00fckemmel destek sunarak rahatlama sa\u011flar. Ergonomik tasar\u0131m, uzun s\u00fcreli oturma i\u00e7in ideal olan iyi duru\u015fu te\u015fvik eder. Kaliteli malzemelerle \u00fcretilen <strong>Sude<\/strong> <strong>Koltuk<\/strong>, hem dayan\u0131kl\u0131l\u0131k hem de konfor vaat ediyor. Bu kanepe uzun s\u00fcre dayanacak \u015fekilde tasarland\u0131 ve y\u0131llar boyu sizinle kalacak l\u00fcks\u00fc sunuyor.    <\/p>\n<hr>\n<h3><strong>Her Alana M\u00fckemmel Uyum<\/strong><\/h3>\n<p>The <strong>Sude<\/strong><strong> <\/strong><strong>Kanepe<\/strong> uyarlanabilir ve farkl\u0131 oda d\u00fczenlerine kolayl\u0131kla uyum sa\u011flar. \u015e\u0131k tasar\u0131m\u0131, hem b\u00fcy\u00fck hem de k\u00fc\u00e7\u00fck alanlar i\u00e7in uygun olmas\u0131n\u0131 sa\u011flar. Rahat bir k\u00f6\u015feye ya da geni\u015f bir odan\u0131n odak noktas\u0131 olarak yerle\u015ftirebilirsiniz. Ki\u015fiselle\u015ftirilebilir \u00f6zellikleri sayesinde <strong>Sude<\/strong>   <strong> <\/strong><strong>Kanepe<\/strong> herhangi bir renk \u015femas\u0131yla e\u015fle\u015febilir. Bu, onu hem modern hem de geleneksel i\u00e7 mekanlarda \u00e7al\u0131\u015fan \u00e7ok y\u00f6nl\u00fc bir par\u00e7a haline getirir. <\/p>\n<hr>\n<h3><strong>Sonu\u00e7: Ya\u015fam Alan\u0131n\u0131z\u0131 Modern L\u00fcksle Y\u00fckseltin<\/strong><\/h3>\n<p>Sonu\u00e7 olarak <strong>PeryHome&#8217;un<\/strong> <strong>Sude<\/strong> <strong>Kanepe<\/strong>, <strong>modern l\u00fcks\u00fc<\/strong> \u00fcst\u00fcn konforla bir araya getiriyor. Ki\u015fiselle\u015ftirilebilir \u00f6zellikleri, y\u00fcksek kaliteli malzemeleri ve \u00e7ok y\u00f6nl\u00fc tasar\u0131m\u0131, onu her oturma odas\u0131na de\u011ferli bir katk\u0131 haline getiriyor. <strong>Sude<\/strong> <strong>Kanepenin<\/strong> zarafeti ve konforuyla mekan\u0131n\u0131z\u0131 g\u00fczelle\u015ftirin ve l\u00fcks, stil sahibi bir s\u00fcs\u00fcn keyfini \u00e7\u0131kar\u0131n. Zaman\u0131n \u00f6tesine ge\u00e7en \u00e7ekicili\u011fiyle bu kanepe, evinize hem stil hem de konfor a\u00e7\u0131s\u0131ndan de\u011fer kat\u0131yor.   <\/p>\n<\/div>\n<\/div>\n<\/div>\n<\/div>\n","protected":false},"excerpt":{"rendered":"<p><strong>Sude Koltuk by PeryHome<\/strong>, modern tasar\u0131m\u0131 l\u00fcks konforla birle\u015ftiriyor. Ki\u015fiselle\u015ftirilebilir kuma\u015f ve kaplama se\u00e7enekleriyle sunulan bu kanepe, her ya\u015fam alan\u0131na zarafet ve i\u015flevsellik katar. <\/p>\n","protected":false},"featured_media":8547,"template":"","meta":{"_monsterinsights_skip_tracking":false,"_monsterinsights_sitenote_active":false,"_monsterinsights_sitenote_note":"","_monsterinsights_sitenote_category":0},"product_cat":[430,428],"product_tag":[455,469,478,467,449,496],"class_list":{"0":"post-8951","1":"product","2":"type-product","3":"status-publish","4":"has-post-thumbnail","6":"product_cat-3-kisilik-koltuk","7":"product_cat-koltuk","8":"product_tag-kumas-kanepe","9":"product_tag-luxury-sofa-tr","10":"product_tag-modern-koltuk","11":"product_tag-oturma-odasi-mobilyalari","12":"product_tag-ozellestirilebilir-kanepe","13":"product_tag-sude-koltuk","15":"first","16":"onbackorder","17":"sale","18":"shipping-taxable","19":"purchasable","20":"product-type-simple"},"yoast_head":"<!-- This site is optimized with the Yoast SEO plugin v24.1 - https:\/\/yoast.com\/wordpress\/plugins\/seo\/ -->\n<title>Sude Koltuk \u2013 Modern L\u00fcks Konfor, Ki\u015fiselle\u015ftirilebilir Tasar\u0131m<\/title>\n<meta name=\"description\" content=\"&quot;Ki\u015fiselle\u015ftirilebilir Sude Koltuk ile modern tasar\u0131m ve l\u00fcks konforun m\u00fckemmel kar\u0131\u015f\u0131m\u0131n\u0131 deneyimleyin. Ya\u015fam alan\u0131n\u0131z\u0131 y\u00fckseltin.&quot;\" \/>\n<meta name=\"robots\" content=\"index, follow, max-snippet:-1, max-image-preview:large, max-video-preview:-1\" \/>\n<link rel=\"canonical\" href=\"https:\/\/peryhome.com\/tr\/product\/sude-koltuk-3lu-modern-tasarim-luks-konfor-ozel-kumas-secenekleri\/\" \/>\n<meta property=\"og:locale\" content=\"tr_TR\" \/>\n<meta property=\"og:type\" content=\"article\" \/>\n<meta property=\"og:title\" content=\"Sude Koltuk \u2013 Modern L\u00fcks Konfor, Ki\u015fiselle\u015ftirilebilir Tasar\u0131m\" \/>\n<meta property=\"og:description\" content=\"&quot;Ki\u015fiselle\u015ftirilebilir Sude Koltuk ile modern tasar\u0131m ve l\u00fcks konforun m\u00fckemmel kar\u0131\u015f\u0131m\u0131n\u0131 deneyimleyin. Ya\u015fam alan\u0131n\u0131z\u0131 y\u00fckseltin.&quot;\" \/>\n<meta property=\"og:url\" content=\"https:\/\/peryhome.com\/tr\/product\/sude-koltuk-3lu-modern-tasarim-luks-konfor-ozel-kumas-secenekleri\/\" \/>\n<meta property=\"og:site_name\" content=\"PeryHome\" \/>\n<meta property=\"article:publisher\" content=\"https:\/\/www.facebook.com\/profile.php?id=61566312622555\" \/>\n<meta property=\"og:image\" content=\"https:\/\/peryhome.com\/wp-content\/uploads\/2024\/11\/Sude-Krem-8.webp\" \/>\n\t<meta property=\"og:image:width\" content=\"1600\" \/>\n\t<meta property=\"og:image:height\" content=\"1200\" \/>\n\t<meta property=\"og:image:type\" content=\"image\/webp\" \/>\n<meta name=\"twitter:card\" content=\"summary_large_image\" \/>\n<meta name=\"twitter:label1\" content=\"Tahmini okuma s\u00fcresi\" \/>\n\t<meta name=\"twitter:data1\" content=\"2 dakika\" \/>\n<script type=\"application\/ld+json\" class=\"yoast-schema-graph\">{\"@context\":\"https:\/\/schema.org\",\"@graph\":[{\"@type\":\"WebPage\",\"@id\":\"https:\/\/peryhome.com\/tr\/product\/sude-koltuk-3lu-modern-tasarim-luks-konfor-ozel-kumas-secenekleri\/\",\"url\":\"https:\/\/peryhome.com\/tr\/product\/sude-koltuk-3lu-modern-tasarim-luks-konfor-ozel-kumas-secenekleri\/\",\"name\":\"Sude Koltuk \u2013 Modern L\u00fcks Konfor, Ki\u015fiselle\u015ftirilebilir Tasar\u0131m\",\"isPartOf\":{\"@id\":\"https:\/\/peryhome.com\/tr\/#website\"},\"primaryImageOfPage\":{\"@id\":\"https:\/\/peryhome.com\/tr\/product\/sude-koltuk-3lu-modern-tasarim-luks-konfor-ozel-kumas-secenekleri\/#primaryimage\"},\"image\":{\"@id\":\"https:\/\/peryhome.com\/tr\/product\/sude-koltuk-3lu-modern-tasarim-luks-konfor-ozel-kumas-secenekleri\/#primaryimage\"},\"thumbnailUrl\":\"https:\/\/peryhome.com\/wp-content\/uploads\/2024\/11\/Sude-Krem-8.webp\",\"datePublished\":\"2024-11-01T09:17:28+00:00\",\"dateModified\":\"2024-11-01T09:17:28+00:00\",\"description\":\"\\\"Ki\u015fiselle\u015ftirilebilir Sude Koltuk ile modern tasar\u0131m ve l\u00fcks konforun m\u00fckemmel kar\u0131\u015f\u0131m\u0131n\u0131 deneyimleyin. Ya\u015fam alan\u0131n\u0131z\u0131 y\u00fckseltin.\\\"\",\"breadcrumb\":{\"@id\":\"https:\/\/peryhome.com\/tr\/product\/sude-koltuk-3lu-modern-tasarim-luks-konfor-ozel-kumas-secenekleri\/#breadcrumb\"},\"inLanguage\":\"tr\",\"potentialAction\":[{\"@type\":\"ReadAction\",\"target\":[\"https:\/\/peryhome.com\/tr\/product\/sude-koltuk-3lu-modern-tasarim-luks-konfor-ozel-kumas-secenekleri\/\"]}]},{\"@type\":\"ImageObject\",\"inLanguage\":\"tr\",\"@id\":\"https:\/\/peryhome.com\/tr\/product\/sude-koltuk-3lu-modern-tasarim-luks-konfor-ozel-kumas-secenekleri\/#primaryimage\",\"url\":\"https:\/\/peryhome.com\/wp-content\/uploads\/2024\/11\/Sude-Krem-8.webp\",\"contentUrl\":\"https:\/\/peryhome.com\/wp-content\/uploads\/2024\/11\/Sude-Krem-8.webp\",\"width\":1600,\"height\":1200,\"caption\":\"Sude Koltuk Tak\u0131m\u0131 - Zarif Stil, Konfor ve \u00d6zelle\u015ftirilebilir Se\u00e7enekler\"},{\"@type\":\"BreadcrumbList\",\"@id\":\"https:\/\/peryhome.com\/tr\/product\/sude-koltuk-3lu-modern-tasarim-luks-konfor-ozel-kumas-secenekleri\/#breadcrumb\",\"itemListElement\":[{\"@type\":\"ListItem\",\"position\":1,\"name\":\"Anasayfa\",\"item\":\"https:\/\/peryhome.com\/tr\/anasayfa\/\"},{\"@type\":\"ListItem\",\"position\":2,\"name\":\"Shop\",\"item\":\"https:\/\/peryhome.com\/shop\/\"},{\"@type\":\"ListItem\",\"position\":3,\"name\":\"Sude Koltuk \u2013 3\u2019l\u00fc, Modern Tasar\u0131m, L\u00fcks Konfor, \u00d6zel Kuma\u015f Se\u00e7enekleri\"}]},{\"@type\":\"WebSite\",\"@id\":\"https:\/\/peryhome.com\/tr\/#website\",\"url\":\"https:\/\/peryhome.com\/tr\/\",\"name\":\"PeryHome\",\"description\":\"Art of Furniture\",\"publisher\":{\"@id\":\"https:\/\/peryhome.com\/tr\/#organization\"},\"potentialAction\":[{\"@type\":\"SearchAction\",\"target\":{\"@type\":\"EntryPoint\",\"urlTemplate\":\"https:\/\/peryhome.com\/tr\/?s={search_term_string}\"},\"query-input\":{\"@type\":\"PropertyValueSpecification\",\"valueRequired\":true,\"valueName\":\"search_term_string\"}}],\"inLanguage\":\"tr\"},{\"@type\":\"Organization\",\"@id\":\"https:\/\/peryhome.com\/tr\/#organization\",\"name\":\"PeryHome\",\"url\":\"https:\/\/peryhome.com\/tr\/\",\"logo\":{\"@type\":\"ImageObject\",\"inLanguage\":\"tr\",\"@id\":\"https:\/\/peryhome.com\/tr\/#\/schema\/logo\/image\/\",\"url\":\"https:\/\/peryhome.com\/wp-content\/uploads\/2024\/12\/Logo_horizontal_HQ.webp\",\"contentUrl\":\"https:\/\/peryhome.com\/wp-content\/uploads\/2024\/12\/Logo_horizontal_HQ.webp\",\"width\":1000,\"height\":269,\"caption\":\"PeryHome\"},\"image\":{\"@id\":\"https:\/\/peryhome.com\/tr\/#\/schema\/logo\/image\/\"},\"sameAs\":[\"https:\/\/www.facebook.com\/profile.php?id=61566312622555\",\"https:\/\/www.instagram.com\/peryhome.eu\/\"]}]}<\/script>\n<!-- \/ Yoast SEO plugin. -->","yoast_head_json":{"title":"Sude Koltuk \u2013 Modern L\u00fcks Konfor, Ki\u015fiselle\u015ftirilebilir Tasar\u0131m","description":"\"Ki\u015fiselle\u015ftirilebilir Sude Koltuk ile modern tasar\u0131m ve l\u00fcks konforun m\u00fckemmel kar\u0131\u015f\u0131m\u0131n\u0131 deneyimleyin. Ya\u015fam alan\u0131n\u0131z\u0131 y\u00fckseltin.\"","robots":{"index":"index","follow":"follow","max-snippet":"max-snippet:-1","max-image-preview":"max-image-preview:large","max-video-preview":"max-video-preview:-1"},"canonical":"https:\/\/peryhome.com\/tr\/product\/sude-koltuk-3lu-modern-tasarim-luks-konfor-ozel-kumas-secenekleri\/","og_locale":"tr_TR","og_type":"article","og_title":"Sude Koltuk \u2013 Modern L\u00fcks Konfor, Ki\u015fiselle\u015ftirilebilir Tasar\u0131m","og_description":"\"Ki\u015fiselle\u015ftirilebilir Sude Koltuk ile modern tasar\u0131m ve l\u00fcks konforun m\u00fckemmel kar\u0131\u015f\u0131m\u0131n\u0131 deneyimleyin. Ya\u015fam alan\u0131n\u0131z\u0131 y\u00fckseltin.\"","og_url":"https:\/\/peryhome.com\/tr\/product\/sude-koltuk-3lu-modern-tasarim-luks-konfor-ozel-kumas-secenekleri\/","og_site_name":"PeryHome","article_publisher":"https:\/\/www.facebook.com\/profile.php?id=61566312622555","og_image":[{"width":1600,"height":1200,"url":"https:\/\/peryhome.com\/wp-content\/uploads\/2024\/11\/Sude-Krem-8.webp","type":"image\/webp"}],"twitter_card":"summary_large_image","twitter_misc":{"Tahmini okuma s\u00fcresi":"2 dakika"},"schema":{"@context":"https:\/\/schema.org","@graph":[{"@type":"WebPage","@id":"https:\/\/peryhome.com\/tr\/product\/sude-koltuk-3lu-modern-tasarim-luks-konfor-ozel-kumas-secenekleri\/","url":"https:\/\/peryhome.com\/tr\/product\/sude-koltuk-3lu-modern-tasarim-luks-konfor-ozel-kumas-secenekleri\/","name":"Sude Koltuk \u2013 Modern L\u00fcks Konfor, Ki\u015fiselle\u015ftirilebilir Tasar\u0131m","isPartOf":{"@id":"https:\/\/peryhome.com\/tr\/#website"},"primaryImageOfPage":{"@id":"https:\/\/peryhome.com\/tr\/product\/sude-koltuk-3lu-modern-tasarim-luks-konfor-ozel-kumas-secenekleri\/#primaryimage"},"image":{"@id":"https:\/\/peryhome.com\/tr\/product\/sude-koltuk-3lu-modern-tasarim-luks-konfor-ozel-kumas-secenekleri\/#primaryimage"},"thumbnailUrl":"https:\/\/peryhome.com\/wp-content\/uploads\/2024\/11\/Sude-Krem-8.webp","datePublished":"2024-11-01T09:17:28+00:00","dateModified":"2024-11-01T09:17:28+00:00","description":"\"Ki\u015fiselle\u015ftirilebilir Sude Koltuk ile modern tasar\u0131m ve l\u00fcks konforun m\u00fckemmel kar\u0131\u015f\u0131m\u0131n\u0131 deneyimleyin. Ya\u015fam alan\u0131n\u0131z\u0131 y\u00fckseltin.\"","breadcrumb":{"@id":"https:\/\/peryhome.com\/tr\/product\/sude-koltuk-3lu-modern-tasarim-luks-konfor-ozel-kumas-secenekleri\/#breadcrumb"},"inLanguage":"tr","potentialAction":[{"@type":"ReadAction","target":["https:\/\/peryhome.com\/tr\/product\/sude-koltuk-3lu-modern-tasarim-luks-konfor-ozel-kumas-secenekleri\/"]}]},{"@type":"ImageObject","inLanguage":"tr","@id":"https:\/\/peryhome.com\/tr\/product\/sude-koltuk-3lu-modern-tasarim-luks-konfor-ozel-kumas-secenekleri\/#primaryimage","url":"https:\/\/peryhome.com\/wp-content\/uploads\/2024\/11\/Sude-Krem-8.webp","contentUrl":"https:\/\/peryhome.com\/wp-content\/uploads\/2024\/11\/Sude-Krem-8.webp","width":1600,"height":1200,"caption":"Sude Koltuk Tak\u0131m\u0131 - Zarif Stil, Konfor ve \u00d6zelle\u015ftirilebilir Se\u00e7enekler"},{"@type":"BreadcrumbList","@id":"https:\/\/peryhome.com\/tr\/product\/sude-koltuk-3lu-modern-tasarim-luks-konfor-ozel-kumas-secenekleri\/#breadcrumb","itemListElement":[{"@type":"ListItem","position":1,"name":"Anasayfa","item":"https:\/\/peryhome.com\/tr\/anasayfa\/"},{"@type":"ListItem","position":2,"name":"Shop","item":"https:\/\/peryhome.com\/shop\/"},{"@type":"ListItem","position":3,"name":"Sude Koltuk \u2013 3\u2019l\u00fc, Modern Tasar\u0131m, L\u00fcks Konfor, \u00d6zel Kuma\u015f Se\u00e7enekleri"}]},{"@type":"WebSite","@id":"https:\/\/peryhome.com\/tr\/#website","url":"https:\/\/peryhome.com\/tr\/","name":"PeryHome","description":"Art of Furniture","publisher":{"@id":"https:\/\/peryhome.com\/tr\/#organization"},"potentialAction":[{"@type":"SearchAction","target":{"@type":"EntryPoint","urlTemplate":"https:\/\/peryhome.com\/tr\/?s={search_term_string}"},"query-input":{"@type":"PropertyValueSpecification","valueRequired":true,"valueName":"search_term_string"}}],"inLanguage":"tr"},{"@type":"Organization","@id":"https:\/\/peryhome.com\/tr\/#organization","name":"PeryHome","url":"https:\/\/peryhome.com\/tr\/","logo":{"@type":"ImageObject","inLanguage":"tr","@id":"https:\/\/peryhome.com\/tr\/#\/schema\/logo\/image\/","url":"https:\/\/peryhome.com\/wp-content\/uploads\/2024\/12\/Logo_horizontal_HQ.webp","contentUrl":"https:\/\/peryhome.com\/wp-content\/uploads\/2024\/12\/Logo_horizontal_HQ.webp","width":1000,"height":269,"caption":"PeryHome"},"image":{"@id":"https:\/\/peryhome.com\/tr\/#\/schema\/logo\/image\/"},"sameAs":["https:\/\/www.facebook.com\/profile.php?id=61566312622555","https:\/\/www.instagram.com\/peryhome.eu\/"]}]}},"jetpack_sharing_enabled":true,"_links":{"self":[{"href":"https:\/\/peryhome.com\/tr\/wp-json\/wp\/v2\/product\/8951"}],"collection":[{"href":"https:\/\/peryhome.com\/tr\/wp-json\/wp\/v2\/product"}],"about":[{"href":"https:\/\/peryhome.com\/tr\/wp-json\/wp\/v2\/types\/product"}],"version-history":[{"count":0,"href":"https:\/\/peryhome.com\/tr\/wp-json\/wp\/v2\/product\/8951\/revisions"}],"wp:featuredmedia":[{"embeddable":true,"href":"https:\/\/peryhome.com\/tr\/wp-json\/wp\/v2\/media\/8547"}],"wp:attachment":[{"href":"https:\/\/peryhome.com\/tr\/wp-json\/wp\/v2\/media?parent=8951"}],"wp:term":[{"taxonomy":"product_cat","embeddable":true,"href":"https:\/\/peryhome.com\/tr\/wp-json\/wp\/v2\/product_cat?post=8951"},{"taxonomy":"product_tag","embeddable":true,"href":"https:\/\/peryhome.com\/tr\/wp-json\/wp\/v2\/product_tag?post=8951"}],"curies":[{"name":"wp","href":"https:\/\/api.w.org\/{rel}","templated":true}]}}