{"id":8952,"date":"2024-11-01T09:08:12","date_gmt":"2024-11-01T09:08:12","guid":{"rendered":"https:\/\/peryhome.com\/product\/sude-koltuk-takimi-3lu-1li-zarif-tasarim-ustun-konfor-kisiye-ozel-secenekler\/"},"modified":"2024-11-01T09:08:12","modified_gmt":"2024-11-01T09:08:12","slug":"sude-koltuk-takimi-3lu-1li-zarif-tasarim-ustun-konfor-kisiye-ozel-secenekler","status":"publish","type":"product","link":"https:\/\/peryhome.com\/tr\/product\/sude-koltuk-takimi-3lu-1li-zarif-tasarim-ustun-konfor-kisiye-ozel-secenekler\/","title":{"rendered":"Sude Koltuk Tak\u0131m\u0131 \u2013 3\u2019l\u00fc + 1\u2019li, Zarif Tasar\u0131m, \u00dcst\u00fcn Konfor, Ki\u015fiye \u00d6zel Se\u00e7enekler"},"content":{"rendered":"<h3><strong>Sude Koltuk Tak\u0131m\u0131 \u2013 Zarif Tasar\u0131m ve Ki\u015fiselle\u015ftirilebilir Konfor<\/strong><\/h3>\n<p><strong>PeryHome&#8217;dan<\/strong> <strong><a href=\"https:\/\/www.instagram.com\/peryhome.eu\/\">Sude Koltuk Tak\u0131m\u0131<\/a><\/strong>, modern ya\u015fam alanlar\u0131 i\u00e7in <strong>\u015f\u0131k tasar\u0131m\u0131<\/strong> ve ki\u015fiye <strong>\u00f6zel konforu <\/strong>bir araya getiriyor. Bu <strong>S\u00fcde<\/strong> <strong>Koltuk<\/strong> Tak\u0131m\u0131 l\u00fcks\u00fc her odaya ta\u015f\u0131yor. Hem b\u00fcy\u00fck hem de k\u00fc\u00e7\u00fck alanlar i\u00e7in m\u00fckemmel oldu\u011fundan kolayca uyum sa\u011flar. \u0130ster modern, ister klasik tarz\u0131n\u0131za <strong>Sude<\/strong> <strong>Koltuk Tak\u0131m\u0131<\/strong> \u015f\u0131kl\u0131k ve i\u015flevsellik kat\u0131yor. Dekorunuzu zamans\u0131z bir g\u00fczellikle zenginle\u015ftirir.    <\/p>\n<hr>\n<h3><strong>S\u00fcde Koltuk Tak\u0131m\u0131 i\u00e7in Birinci S\u0131n\u0131f Kuma\u015flar ve Ki\u015fiselle\u015ftirilebilir Kaplamalar<\/strong><\/h3>\n<p><strong>Sude<\/strong><strong> Koltuk Tak\u0131m\u0131&#8217;<\/strong>n\u0131n en \u00f6nemli \u00f6zelli\u011fi birinci s\u0131n\u0131f kuma\u015f ve kaplama se\u00e7enekleridir. <strong>Keten<\/strong>, <strong>kadife<\/strong> ve<strong> suni deri<\/strong> gibi kaliteli malzemeler aras\u0131ndan se\u00e7im yap\u0131n. Her kuma\u015f <strong>Sude<\/strong> <strong>Koltuk Tak\u0131m\u0131na<\/strong> \u00f6zg\u00fcn bir doku kazand\u0131r\u0131yor. Bir dizi renk, dekorunuzu m\u00fckemmel \u015fekilde e\u015fle\u015ftirmenizi sa\u011flar. Bu se\u00e7enekler sayesinde <strong>Sude<\/strong><strong> Koltuk Tak\u0131m\u0131n\u0131<\/strong> tarz\u0131n\u0131z\u0131 yans\u0131tacak \u015fekilde ki\u015fiselle\u015ftirebilirsiniz. Her eve harika bir eklentidir.     <\/p>\n<hr>\n<h3><strong>Her Detayda Konfor ve \u0130\u015flevsellik<\/strong><\/h3>\n<p><strong>Sude<\/strong> <strong>Koltuk Tak\u0131m\u0131<\/strong> hem konfor hem de dayan\u0131kl\u0131l\u0131k i\u00e7in tasarland\u0131. Pelu\u015f yast\u0131klar s\u0131k\u0131 destek sa\u011flayarak uzun oturma s\u00fcrelerini rahatlat\u0131r. Ergonomik tasar\u0131m, g\u00fcnl\u00fck kullan\u0131m i\u00e7in ideal olan iyi duru\u015fu te\u015fvik eder. Dayan\u0131kl\u0131 malzemelerden \u00fcretilen <strong>S\u00fcde<\/strong> <strong>Koltuk Tak\u0131m\u0131<\/strong>, zamanla g\u00fczelli\u011fini ve rahatl\u0131\u011f\u0131n\u0131 korur. \u00d6zelle\u015ftirilebilir \u00f6zellikler, seti ihtiya\u00e7lar\u0131n\u0131z\u0131 kar\u015f\u0131layacak \u015fekilde ayarlaman\u0131za olanak tan\u0131yarak, alan\u0131n\u0131z\u0131 m\u00fckemmel bir \u015fekilde tamamlamas\u0131n\u0131 sa\u011flar.    <\/p>\n<hr>\n<h3><strong>Alan\u0131n\u0131z i\u00e7in Esnek Konfig\u00fcrasyonlar<\/strong><\/h3>\n<p><strong>Sude<\/strong> <strong>Koltuk Tak\u0131m\u0131<\/strong> esnek <strong>3 ki\u015filik + 1 ki\u015filik<\/strong> konfig\u00fcrasyona sahiptir. Bu kurulum \u00e7e\u015fitli oda d\u00fczenlerine uyum sa\u011flayarak her alan i\u00e7in ideal d\u00fczenlemeyi olu\u015fturur. Daha k\u00fc\u00e7\u00fck alanlar i\u00e7in, yerden tasarruf etmek amac\u0131yla <strong>1 ki\u015filik<\/strong> koltu\u011fu ayr\u0131 olarak yerle\u015ftirin. Daha b\u00fcy\u00fck odalarda set kusursuz bir \u015fekilde bir araya gelerek stil ve konfor kat\u0131yor. <strong>Sude<\/strong> <strong>Koltuk Tak\u0131m\u0131<\/strong> \u00e7ok y\u00f6nl\u00fcl\u00fc\u011f\u00fc, \u015f\u0131kl\u0131\u011f\u0131 ve uyarlanabilirli\u011fi bir araya getiriyor.    <\/p>\n<hr>\n<h3><strong>Sonu\u00e7: S\u00fcde Koltuk Tak\u0131m\u0131 ile Modern Ya\u015fam\u0131n Zarif Konforu<\/strong><\/h3>\n<p>Sonu\u00e7 olarak, <strong>PeryHome&#8217;dan<\/strong> <strong>Sude<\/strong> <strong>Koltuk Tak\u0131m\u0131 <\/strong>hem <strong>\u015f\u0131k tasar\u0131m<\/strong>\u0131 hem de <strong>ki\u015fiselle\u015ftirilebilir konforu <\/strong>bir arada sunuyor. \u00c7ok y\u00f6nl\u00fc d\u00fczeni, kaliteli malzemeleri ve l\u00fcks hissi onu ideal bir se\u00e7im haline getiriyor. <strong>Sude<\/strong> <strong>Koltuk Tak\u0131m\u0131<\/strong> ile mekanlar\u0131n\u0131z\u0131 d\u00f6n\u00fc\u015ft\u00fcr\u00fcn, zamans\u0131z rahatl\u0131\u011f\u0131n ve \u015f\u0131kl\u0131\u011f\u0131n keyfini \u00e7\u0131kar\u0131n.<\/p>\n","protected":false},"excerpt":{"rendered":"<p><strong>&#8220;Sude Koltuk Tak\u0131m\u0131, zarif tasar\u0131m\u0131 ve ki\u015fiselle\u015ftirilebilir konforu 3+1 konfig\u00fcrasyonunda birle\u015ftirerek modern i\u00e7 mekanlara m\u00fckemmel uyum sa\u011fl\u0131yor.&#8221;<\/strong><\/p>\n","protected":false},"featured_media":8671,"template":"","meta":{"_monsterinsights_skip_tracking":false,"_monsterinsights_sitenote_active":false,"_monsterinsights_sitenote_note":"","_monsterinsights_sitenote_category":0},"product_cat":[432,431],"product_tag":[434,477,449,486,496,453],"class_list":{"0":"post-8952","1":"product","2":"type-product","3":"status-publish","4":"has-post-thumbnail","6":"product_cat-31-koltuk-takimi","7":"product_cat-koltuk-takimi","8":"product_tag-31-koltuk-takimi","9":"product_tag-modern-oturma-odasi-koltuklari","10":"product_tag-ozellestirilebilir-kanepe","11":"product_tag-peryhome-koltuk","12":"product_tag-sude-koltuk","13":"product_tag-zarif-kanepe","15":"first","16":"onbackorder","17":"sale","18":"shipping-taxable","19":"purchasable","20":"product-type-simple"},"yoast_head":"<!-- This site is optimized with the Yoast SEO plugin v24.1 - https:\/\/yoast.com\/wordpress\/plugins\/seo\/ -->\n<title>Sude Koltuk Tak\u0131m\u0131 \u2013 Zarif Stil, Konfor &amp; \u00d6zelle\u015ftirilebilir Se\u00e7enekler<\/title>\n<meta name=\"description\" content=\"&quot;Modern eviniz i\u00e7in ki\u015fiselle\u015ftirilebilir 3+1 konfig\u00fcrasyonunda zarif tasar\u0131m ve \u00fcst\u00fcn konfor sunan Sude Koltuk Tak\u0131m\u0131n\u0131 ke\u015ffedin.&quot;\" \/>\n<meta name=\"robots\" content=\"index, follow, max-snippet:-1, max-image-preview:large, max-video-preview:-1\" \/>\n<link rel=\"canonical\" href=\"https:\/\/peryhome.com\/tr\/product\/sude-koltuk-takimi-3lu-1li-zarif-tasarim-ustun-konfor-kisiye-ozel-secenekler\/\" \/>\n<meta property=\"og:locale\" content=\"tr_TR\" \/>\n<meta property=\"og:type\" content=\"article\" \/>\n<meta property=\"og:title\" content=\"Sude Koltuk Tak\u0131m\u0131 \u2013 Zarif Stil, Konfor &amp; \u00d6zelle\u015ftirilebilir Se\u00e7enekler\" \/>\n<meta property=\"og:description\" content=\"&quot;Modern eviniz i\u00e7in ki\u015fiselle\u015ftirilebilir 3+1 konfig\u00fcrasyonunda zarif tasar\u0131m ve \u00fcst\u00fcn konfor sunan Sude Koltuk Tak\u0131m\u0131n\u0131 ke\u015ffedin.&quot;\" \/>\n<meta property=\"og:url\" content=\"https:\/\/peryhome.com\/tr\/product\/sude-koltuk-takimi-3lu-1li-zarif-tasarim-ustun-konfor-kisiye-ozel-secenekler\/\" \/>\n<meta property=\"og:site_name\" content=\"PeryHome\" \/>\n<meta property=\"article:publisher\" content=\"https:\/\/www.facebook.com\/profile.php?id=61566312622555\" \/>\n<meta property=\"og:image\" content=\"https:\/\/peryhome.com\/wp-content\/uploads\/2024\/11\/WhatsApp-Image-2024-07-17-at-17.04.38-3.webp\" \/>\n\t<meta property=\"og:image:width\" content=\"1600\" \/>\n\t<meta property=\"og:image:height\" content=\"1066\" \/>\n\t<meta property=\"og:image:type\" content=\"image\/webp\" \/>\n<meta name=\"twitter:card\" content=\"summary_large_image\" \/>\n<meta name=\"twitter:label1\" content=\"Tahmini okuma s\u00fcresi\" \/>\n\t<meta name=\"twitter:data1\" content=\"2 dakika\" \/>\n<script type=\"application\/ld+json\" class=\"yoast-schema-graph\">{\"@context\":\"https:\/\/schema.org\",\"@graph\":[{\"@type\":\"WebPage\",\"@id\":\"https:\/\/peryhome.com\/tr\/product\/sude-koltuk-takimi-3lu-1li-zarif-tasarim-ustun-konfor-kisiye-ozel-secenekler\/\",\"url\":\"https:\/\/peryhome.com\/tr\/product\/sude-koltuk-takimi-3lu-1li-zarif-tasarim-ustun-konfor-kisiye-ozel-secenekler\/\",\"name\":\"Sude Koltuk Tak\u0131m\u0131 \u2013 Zarif Stil, Konfor & \u00d6zelle\u015ftirilebilir Se\u00e7enekler\",\"isPartOf\":{\"@id\":\"https:\/\/peryhome.com\/tr\/#website\"},\"primaryImageOfPage\":{\"@id\":\"https:\/\/peryhome.com\/tr\/product\/sude-koltuk-takimi-3lu-1li-zarif-tasarim-ustun-konfor-kisiye-ozel-secenekler\/#primaryimage\"},\"image\":{\"@id\":\"https:\/\/peryhome.com\/tr\/product\/sude-koltuk-takimi-3lu-1li-zarif-tasarim-ustun-konfor-kisiye-ozel-secenekler\/#primaryimage\"},\"thumbnailUrl\":\"https:\/\/peryhome.com\/wp-content\/uploads\/2024\/11\/WhatsApp-Image-2024-07-17-at-17.04.38-3.webp\",\"datePublished\":\"2024-11-01T09:08:12+00:00\",\"dateModified\":\"2024-11-01T09:08:12+00:00\",\"description\":\"\\\"Modern eviniz i\u00e7in ki\u015fiselle\u015ftirilebilir 3+1 konfig\u00fcrasyonunda zarif tasar\u0131m ve \u00fcst\u00fcn konfor sunan Sude Koltuk Tak\u0131m\u0131n\u0131 ke\u015ffedin.\\\"\",\"breadcrumb\":{\"@id\":\"https:\/\/peryhome.com\/tr\/product\/sude-koltuk-takimi-3lu-1li-zarif-tasarim-ustun-konfor-kisiye-ozel-secenekler\/#breadcrumb\"},\"inLanguage\":\"tr\",\"potentialAction\":[{\"@type\":\"ReadAction\",\"target\":[\"https:\/\/peryhome.com\/tr\/product\/sude-koltuk-takimi-3lu-1li-zarif-tasarim-ustun-konfor-kisiye-ozel-secenekler\/\"]}]},{\"@type\":\"ImageObject\",\"inLanguage\":\"tr\",\"@id\":\"https:\/\/peryhome.com\/tr\/product\/sude-koltuk-takimi-3lu-1li-zarif-tasarim-ustun-konfor-kisiye-ozel-secenekler\/#primaryimage\",\"url\":\"https:\/\/peryhome.com\/wp-content\/uploads\/2024\/11\/WhatsApp-Image-2024-07-17-at-17.04.38-3.webp\",\"contentUrl\":\"https:\/\/peryhome.com\/wp-content\/uploads\/2024\/11\/WhatsApp-Image-2024-07-17-at-17.04.38-3.webp\",\"width\":1600,\"height\":1066,\"caption\":\"Sude Koltuk Tak\u0131m\u0131 - Zarif Stil, Konfor ve \u00d6zelle\u015ftirilebilir Se\u00e7enekler\"},{\"@type\":\"BreadcrumbList\",\"@id\":\"https:\/\/peryhome.com\/tr\/product\/sude-koltuk-takimi-3lu-1li-zarif-tasarim-ustun-konfor-kisiye-ozel-secenekler\/#breadcrumb\",\"itemListElement\":[{\"@type\":\"ListItem\",\"position\":1,\"name\":\"Anasayfa\",\"item\":\"https:\/\/peryhome.com\/tr\/anasayfa\/\"},{\"@type\":\"ListItem\",\"position\":2,\"name\":\"Shop\",\"item\":\"https:\/\/peryhome.com\/shop\/\"},{\"@type\":\"ListItem\",\"position\":3,\"name\":\"Sude Koltuk Tak\u0131m\u0131 \u2013 3\u2019l\u00fc + 1\u2019li, Zarif Tasar\u0131m, \u00dcst\u00fcn Konfor, Ki\u015fiye \u00d6zel Se\u00e7enekler\"}]},{\"@type\":\"WebSite\",\"@id\":\"https:\/\/peryhome.com\/tr\/#website\",\"url\":\"https:\/\/peryhome.com\/tr\/\",\"name\":\"PeryHome\",\"description\":\"Art of Furniture\",\"publisher\":{\"@id\":\"https:\/\/peryhome.com\/tr\/#organization\"},\"potentialAction\":[{\"@type\":\"SearchAction\",\"target\":{\"@type\":\"EntryPoint\",\"urlTemplate\":\"https:\/\/peryhome.com\/tr\/?s={search_term_string}\"},\"query-input\":{\"@type\":\"PropertyValueSpecification\",\"valueRequired\":true,\"valueName\":\"search_term_string\"}}],\"inLanguage\":\"tr\"},{\"@type\":\"Organization\",\"@id\":\"https:\/\/peryhome.com\/tr\/#organization\",\"name\":\"PeryHome\",\"url\":\"https:\/\/peryhome.com\/tr\/\",\"logo\":{\"@type\":\"ImageObject\",\"inLanguage\":\"tr\",\"@id\":\"https:\/\/peryhome.com\/tr\/#\/schema\/logo\/image\/\",\"url\":\"https:\/\/peryhome.com\/wp-content\/uploads\/2024\/12\/Logo_horizontal_HQ.webp\",\"contentUrl\":\"https:\/\/peryhome.com\/wp-content\/uploads\/2024\/12\/Logo_horizontal_HQ.webp\",\"width\":1000,\"height\":269,\"caption\":\"PeryHome\"},\"image\":{\"@id\":\"https:\/\/peryhome.com\/tr\/#\/schema\/logo\/image\/\"},\"sameAs\":[\"https:\/\/www.facebook.com\/profile.php?id=61566312622555\",\"https:\/\/www.instagram.com\/peryhome.eu\/\"]}]}<\/script>\n<!-- \/ Yoast SEO plugin. -->","yoast_head_json":{"title":"Sude Koltuk Tak\u0131m\u0131 \u2013 Zarif Stil, Konfor & \u00d6zelle\u015ftirilebilir Se\u00e7enekler","description":"\"Modern eviniz i\u00e7in ki\u015fiselle\u015ftirilebilir 3+1 konfig\u00fcrasyonunda zarif tasar\u0131m ve \u00fcst\u00fcn konfor sunan Sude Koltuk Tak\u0131m\u0131n\u0131 ke\u015ffedin.\"","robots":{"index":"index","follow":"follow","max-snippet":"max-snippet:-1","max-image-preview":"max-image-preview:large","max-video-preview":"max-video-preview:-1"},"canonical":"https:\/\/peryhome.com\/tr\/product\/sude-koltuk-takimi-3lu-1li-zarif-tasarim-ustun-konfor-kisiye-ozel-secenekler\/","og_locale":"tr_TR","og_type":"article","og_title":"Sude Koltuk Tak\u0131m\u0131 \u2013 Zarif Stil, Konfor & \u00d6zelle\u015ftirilebilir Se\u00e7enekler","og_description":"\"Modern eviniz i\u00e7in ki\u015fiselle\u015ftirilebilir 3+1 konfig\u00fcrasyonunda zarif tasar\u0131m ve \u00fcst\u00fcn konfor sunan Sude Koltuk Tak\u0131m\u0131n\u0131 ke\u015ffedin.\"","og_url":"https:\/\/peryhome.com\/tr\/product\/sude-koltuk-takimi-3lu-1li-zarif-tasarim-ustun-konfor-kisiye-ozel-secenekler\/","og_site_name":"PeryHome","article_publisher":"https:\/\/www.facebook.com\/profile.php?id=61566312622555","og_image":[{"width":1600,"height":1066,"url":"https:\/\/peryhome.com\/wp-content\/uploads\/2024\/11\/WhatsApp-Image-2024-07-17-at-17.04.38-3.webp","type":"image\/webp"}],"twitter_card":"summary_large_image","twitter_misc":{"Tahmini okuma s\u00fcresi":"2 dakika"},"schema":{"@context":"https:\/\/schema.org","@graph":[{"@type":"WebPage","@id":"https:\/\/peryhome.com\/tr\/product\/sude-koltuk-takimi-3lu-1li-zarif-tasarim-ustun-konfor-kisiye-ozel-secenekler\/","url":"https:\/\/peryhome.com\/tr\/product\/sude-koltuk-takimi-3lu-1li-zarif-tasarim-ustun-konfor-kisiye-ozel-secenekler\/","name":"Sude Koltuk Tak\u0131m\u0131 \u2013 Zarif Stil, Konfor & \u00d6zelle\u015ftirilebilir Se\u00e7enekler","isPartOf":{"@id":"https:\/\/peryhome.com\/tr\/#website"},"primaryImageOfPage":{"@id":"https:\/\/peryhome.com\/tr\/product\/sude-koltuk-takimi-3lu-1li-zarif-tasarim-ustun-konfor-kisiye-ozel-secenekler\/#primaryimage"},"image":{"@id":"https:\/\/peryhome.com\/tr\/product\/sude-koltuk-takimi-3lu-1li-zarif-tasarim-ustun-konfor-kisiye-ozel-secenekler\/#primaryimage"},"thumbnailUrl":"https:\/\/peryhome.com\/wp-content\/uploads\/2024\/11\/WhatsApp-Image-2024-07-17-at-17.04.38-3.webp","datePublished":"2024-11-01T09:08:12+00:00","dateModified":"2024-11-01T09:08:12+00:00","description":"\"Modern eviniz i\u00e7in ki\u015fiselle\u015ftirilebilir 3+1 konfig\u00fcrasyonunda zarif tasar\u0131m ve \u00fcst\u00fcn konfor sunan Sude Koltuk Tak\u0131m\u0131n\u0131 ke\u015ffedin.\"","breadcrumb":{"@id":"https:\/\/peryhome.com\/tr\/product\/sude-koltuk-takimi-3lu-1li-zarif-tasarim-ustun-konfor-kisiye-ozel-secenekler\/#breadcrumb"},"inLanguage":"tr","potentialAction":[{"@type":"ReadAction","target":["https:\/\/peryhome.com\/tr\/product\/sude-koltuk-takimi-3lu-1li-zarif-tasarim-ustun-konfor-kisiye-ozel-secenekler\/"]}]},{"@type":"ImageObject","inLanguage":"tr","@id":"https:\/\/peryhome.com\/tr\/product\/sude-koltuk-takimi-3lu-1li-zarif-tasarim-ustun-konfor-kisiye-ozel-secenekler\/#primaryimage","url":"https:\/\/peryhome.com\/wp-content\/uploads\/2024\/11\/WhatsApp-Image-2024-07-17-at-17.04.38-3.webp","contentUrl":"https:\/\/peryhome.com\/wp-content\/uploads\/2024\/11\/WhatsApp-Image-2024-07-17-at-17.04.38-3.webp","width":1600,"height":1066,"caption":"Sude Koltuk Tak\u0131m\u0131 - Zarif Stil, Konfor ve \u00d6zelle\u015ftirilebilir Se\u00e7enekler"},{"@type":"BreadcrumbList","@id":"https:\/\/peryhome.com\/tr\/product\/sude-koltuk-takimi-3lu-1li-zarif-tasarim-ustun-konfor-kisiye-ozel-secenekler\/#breadcrumb","itemListElement":[{"@type":"ListItem","position":1,"name":"Anasayfa","item":"https:\/\/peryhome.com\/tr\/anasayfa\/"},{"@type":"ListItem","position":2,"name":"Shop","item":"https:\/\/peryhome.com\/shop\/"},{"@type":"ListItem","position":3,"name":"Sude Koltuk Tak\u0131m\u0131 \u2013 3\u2019l\u00fc + 1\u2019li, Zarif Tasar\u0131m, \u00dcst\u00fcn Konfor, Ki\u015fiye \u00d6zel Se\u00e7enekler"}]},{"@type":"WebSite","@id":"https:\/\/peryhome.com\/tr\/#website","url":"https:\/\/peryhome.com\/tr\/","name":"PeryHome","description":"Art of Furniture","publisher":{"@id":"https:\/\/peryhome.com\/tr\/#organization"},"potentialAction":[{"@type":"SearchAction","target":{"@type":"EntryPoint","urlTemplate":"https:\/\/peryhome.com\/tr\/?s={search_term_string}"},"query-input":{"@type":"PropertyValueSpecification","valueRequired":true,"valueName":"search_term_string"}}],"inLanguage":"tr"},{"@type":"Organization","@id":"https:\/\/peryhome.com\/tr\/#organization","name":"PeryHome","url":"https:\/\/peryhome.com\/tr\/","logo":{"@type":"ImageObject","inLanguage":"tr","@id":"https:\/\/peryhome.com\/tr\/#\/schema\/logo\/image\/","url":"https:\/\/peryhome.com\/wp-content\/uploads\/2024\/12\/Logo_horizontal_HQ.webp","contentUrl":"https:\/\/peryhome.com\/wp-content\/uploads\/2024\/12\/Logo_horizontal_HQ.webp","width":1000,"height":269,"caption":"PeryHome"},"image":{"@id":"https:\/\/peryhome.com\/tr\/#\/schema\/logo\/image\/"},"sameAs":["https:\/\/www.facebook.com\/profile.php?id=61566312622555","https:\/\/www.instagram.com\/peryhome.eu\/"]}]}},"jetpack_sharing_enabled":true,"_links":{"self":[{"href":"https:\/\/peryhome.com\/tr\/wp-json\/wp\/v2\/product\/8952"}],"collection":[{"href":"https:\/\/peryhome.com\/tr\/wp-json\/wp\/v2\/product"}],"about":[{"href":"https:\/\/peryhome.com\/tr\/wp-json\/wp\/v2\/types\/product"}],"version-history":[{"count":0,"href":"https:\/\/peryhome.com\/tr\/wp-json\/wp\/v2\/product\/8952\/revisions"}],"wp:featuredmedia":[{"embeddable":true,"href":"https:\/\/peryhome.com\/tr\/wp-json\/wp\/v2\/media\/8671"}],"wp:attachment":[{"href":"https:\/\/peryhome.com\/tr\/wp-json\/wp\/v2\/media?parent=8952"}],"wp:term":[{"taxonomy":"product_cat","embeddable":true,"href":"https:\/\/peryhome.com\/tr\/wp-json\/wp\/v2\/product_cat?post=8952"},{"taxonomy":"product_tag","embeddable":true,"href":"https:\/\/peryhome.com\/tr\/wp-json\/wp\/v2\/product_tag?post=8952"}],"curies":[{"name":"wp","href":"https:\/\/api.w.org\/{rel}","templated":true}]}}